{"id":63305,"date":"2023-01-01T20:30:21","date_gmt":"2023-01-01T18:30:21","guid":{"rendered":"https:\/\/bien-etreiris.ch\/produktpraesentation\/hygiene\/haushaltsreinigung\/droguerie-ecologique\/cire-liquide\/"},"modified":"2023-01-01T20:43:00","modified_gmt":"2023-01-01T18:43:00","slug":"cire-liquide","status":"publish","type":"page","link":"https:\/\/bien-etreiris.ch\/de\/produktpraesentation\/hygiene\/haushaltsreinigung\/droguerie-ecologique\/cire-liquide\/","title":{"rendered":"CIRE LIQUIDE"},"content":{"rendered":"\n<h3>Cire liquide \u00e0 la cire d'abeille<\/h3>\n<h4><a href=\"https:\/\/bien-etreiris.ch\/wp-content\/uploads\/2023\/01\/Cire-liquide-a-la-cire-dabeille.jpg\"><img loading=\"lazy\" decoding=\"async\" class=\"wp-image-63295 alignleft\" src=\"https:\/\/bien-etreiris.ch\/wp-content\/uploads\/2023\/01\/Cire-liquide-a-la-cire-dabeille.jpg\" alt=\"\" width=\"224\" height=\"450\" srcset=\"https:\/\/bien-etreiris.ch\/wp-content\/uploads\/2023\/01\/Cire-liquide-a-la-cire-dabeille.jpg 398w, https:\/\/bien-etreiris.ch\/wp-content\/uploads\/2023\/01\/Cire-liquide-a-la-cire-dabeille-149x300.jpg 149w\" sizes=\"auto, (max-width: 224px) 100vw, 224px\" \/><\/a><\/h4>\n<h4>&nbsp;<\/h4>\n<h4>&nbsp;<\/h4>\n<h4>&nbsp;<\/h4>\n<h4>&nbsp;<\/h4>\n<h4>&nbsp;<\/h4>\n<h4>&nbsp;<\/h4>\n<h4>&nbsp;<\/h4>\n<h4>&nbsp;<\/h4>\n<h4>&nbsp;<\/h4>\n<p>bio 500 ml <strong>CHF 14.90<\/strong><\/p>\n<p>&nbsp;<\/p>\n<p>&nbsp;<\/p>\n<p>&nbsp;<\/p>\n<p>&nbsp;<\/p>\n<p class=\"title\">Cette cire liquide \u00e0 la cire d\u2019abeille biologique nourrit, nettoie, prot\u00e8ge et embellit vos meubles, bibelots, portes, lambris... Gr\u00e2ce \u00e0 sa composition en ingr\u00e9dients naturels et biologiques (cire d\u2019abeille, de carnauba, huile de lin), elle prot\u00e8ge le bois de l\u2019humi\u00addit\u00e9, des salissures, des d\u00e9p\u00f4ts de poussi\u00e8re et lui redonne de la brillance tout en le laissant respirer.<\/p>\n<p>&nbsp;<\/p>\n<p class=\"title\"><strong>Utilisation:<\/strong><\/p>\n<p>Agitez avant emploi puis versez le produit sur un chiffon non pelucheux et appliquez sur la surface. Laissez s\u00e9cher 15 minutes environ avant de lustrer avec un chiffon ou une brosse \u00e0 crin de cheval. Pour les meubles en bois pr\u00e9cieux, nous vous recommandons de faire un essai au pr\u00e9alable sur une partie non visi\u00adble (les cires et huiles contenues dans ce produit accentuent l\u00e9g\u00e8rement la teinte naturelle du bois).<\/p>\n<p>Cette cire liquide peut se teinter avec des pigments et \u00eatre utilis\u00e9e en glacis d\u00e9coratif sur un mur (pl\u00e2tre, chaux...). Elle peut aussi s\u2019appliquer en fine couche sur le cuir pour le prot\u00e9ger et le nourrir.<\/p>\n<p class=\"title\">&nbsp;<\/p>\n<p><strong>Int\u00e9r\u00eat \u00e9cologique:<\/strong><\/p>\n<div>100 % des ingr\u00e9dients sont d\u2019o\u00adrigine naturelle ; (*) 15 % du total des ingr\u00e9\u00addients sont issus de l\u2019agricul\u00adture biolo\u00adgique. Ecod\u00e9tergent \u00e0 base d\u2019ingr\u00e9dients biologiques certifi\u00e9 par ecocert Greenlife selon le r\u00e9f\u00e9\u00adrentiel ecocert disponible sur :&nbsp;<\/div>\n<div>http:\/\/detergents.ecocert.com<\/div>\n<div>&nbsp;<\/div>\n<div>&nbsp;<\/div>\n<p><strong>A savoir:<\/strong><\/p>\n<p><strong>Pr\u00e9cautions<\/strong><br>\u2022 Agitez avant usage.&nbsp;Tenir hors de port\u00e9e des enfants<\/p>\n<p>&nbsp;<\/p>\n<p><strong>Conservation<\/strong><br>\u2022 Se conserve bien ferm\u00e9 \u00e0 l\u2019abri des chaleurs excessives (moins de 30\u00b0C).<\/p>\n","protected":false},"excerpt":{"rendered":"<p>Cire liquide \u00e0 la cire d'abeille &nbsp; &nbsp; &nbsp; &nbsp; &nbsp; &nbsp; &nbsp; &nbsp; &nbsp; bio 500 ml CHF 14.90 &nbsp; &nbsp; &nbsp; &nbsp; Cette cire liquide \u00e0 la cire d\u2019abeille biologique nourrit, nettoie, prot\u00e8ge et embellit vos meubles, bibelots, portes, lambris... Gr\u00e2ce \u00e0 sa composition en ingr\u00e9dients naturels et biologiques (cire d\u2019abeille, de carnauba, huile de lin), elle prot\u00e8ge&nbsp;<a href=\"https:\/\/bien-etreiris.ch\/de\/produktpraesentation\/hygiene\/haushaltsreinigung\/droguerie-ecologique\/cire-liquide\/\" class=\"read-more\">Weiter lesen<\/a><\/p>\n","protected":false},"author":1,"featured_media":63300,"parent":34910,"menu_order":4224,"comment_status":"closed","ping_status":"closed","template":"page-with-child.php","meta":{"_acf_changed":false,"ngg_post_thumbnail":0,"footnotes":""},"class_list":["post-63305","page","type-page","status-publish","has-post-thumbnail","hentry"],"acf":[],"yoast_head":"<!-- This site is optimized with the Yoast SEO plugin v27.5 - https:\/\/yoast.com\/product\/yoast-seo-wordpress\/ -->\n<title>CIRE LIQUIDE - WOHLBEFINDEN<\/title>\n<meta name=\"robots\" content=\"index, follow, max-snippet:-1, max-image-preview:large, max-video-preview:-1\" \/>\n<link rel=\"canonical\" href=\"https:\/\/bien-etreiris.ch\/de\/produktpraesentation\/hygiene\/haushaltsreinigung\/droguerie-ecologique\/cire-liquide\/\" \/>\n<meta property=\"og:locale\" content=\"de_DE\" \/>\n<meta property=\"og:type\" content=\"article\" \/>\n<meta property=\"og:title\" content=\"CIRE LIQUIDE - WOHLBEFINDEN\" \/>\n<meta property=\"og:description\" content=\"Cire liquide \u00e0 la cire d&#039;abeille &nbsp; &nbsp; &nbsp; &nbsp; &nbsp; &nbsp; &nbsp; &nbsp; &nbsp; bio 500 ml CHF 14.90 &nbsp; &nbsp; &nbsp; &nbsp; Cette cire liquide \u00e0 la cire d\u2019abeille biologique nourrit, nettoie, prot\u00e8ge et embellit vos meubles, bibelots, portes, lambris... Gr\u00e2ce \u00e0 sa composition en ingr\u00e9dients naturels et biologiques (cire d\u2019abeille, de carnauba, huile de lin), elle prot\u00e8ge&nbsp;Weiter lesen\" \/>\n<meta property=\"og:url\" content=\"https:\/\/bien-etreiris.ch\/de\/produktpraesentation\/hygiene\/haushaltsreinigung\/droguerie-ecologique\/cire-liquide\/\" \/>\n<meta property=\"og:site_name\" content=\"WOHLBEFINDEN\" \/>\n<meta property=\"article:publisher\" content=\"https:\/\/www.facebook.com\/bienetreiris\/\" \/>\n<meta property=\"article:modified_time\" content=\"2023-01-01T18:43:00+00:00\" \/>\n<meta property=\"og:image\" content=\"https:\/\/bien-etreiris.ch\/wp-content\/uploads\/2023\/01\/acceuil-Cire-liquide-a-la-cire-dabeille.jpg\" \/>\n\t<meta property=\"og:image:width\" content=\"500\" \/>\n\t<meta property=\"og:image:height\" content=\"333\" \/>\n\t<meta property=\"og:image:type\" content=\"image\/jpeg\" \/>\n<meta name=\"twitter:label1\" content=\"Gesch\u00e4tzte Lesezeit\" \/>\n\t<meta name=\"twitter:data1\" content=\"2\u00a0Minuten\" \/>\n<script type=\"application\/ld+json\" class=\"yoast-schema-graph\">{\"@context\":\"https:\\\/\\\/schema.org\",\"@graph\":[{\"@type\":\"WebPage\",\"@id\":\"https:\\\/\\\/bien-etreiris.ch\\\/de\\\/produktpraesentation\\\/hygiene\\\/haushaltsreinigung\\\/droguerie-ecologique\\\/cire-liquide\\\/\",\"url\":\"https:\\\/\\\/bien-etreiris.ch\\\/de\\\/produktpraesentation\\\/hygiene\\\/haushaltsreinigung\\\/droguerie-ecologique\\\/cire-liquide\\\/\",\"name\":\"CIRE LIQUIDE - WOHLBEFINDEN\",\"isPartOf\":{\"@id\":\"https:\\\/\\\/bien-etreiris.ch\\\/de\\\/#website\"},\"primaryImageOfPage\":{\"@id\":\"https:\\\/\\\/bien-etreiris.ch\\\/de\\\/produktpraesentation\\\/hygiene\\\/haushaltsreinigung\\\/droguerie-ecologique\\\/cire-liquide\\\/#primaryimage\"},\"image\":{\"@id\":\"https:\\\/\\\/bien-etreiris.ch\\\/de\\\/produktpraesentation\\\/hygiene\\\/haushaltsreinigung\\\/droguerie-ecologique\\\/cire-liquide\\\/#primaryimage\"},\"thumbnailUrl\":\"https:\\\/\\\/bien-etreiris.ch\\\/wp-content\\\/uploads\\\/2023\\\/01\\\/acceuil-Cire-liquide-a-la-cire-dabeille.jpg\",\"datePublished\":\"2023-01-01T18:30:21+00:00\",\"dateModified\":\"2023-01-01T18:43:00+00:00\",\"breadcrumb\":{\"@id\":\"https:\\\/\\\/bien-etreiris.ch\\\/de\\\/produktpraesentation\\\/hygiene\\\/haushaltsreinigung\\\/droguerie-ecologique\\\/cire-liquide\\\/#breadcrumb\"},\"inLanguage\":\"de\",\"potentialAction\":[{\"@type\":\"ReadAction\",\"target\":[\"https:\\\/\\\/bien-etreiris.ch\\\/de\\\/produktpraesentation\\\/hygiene\\\/haushaltsreinigung\\\/droguerie-ecologique\\\/cire-liquide\\\/\"]}]},{\"@type\":\"ImageObject\",\"inLanguage\":\"de\",\"@id\":\"https:\\\/\\\/bien-etreiris.ch\\\/de\\\/produktpraesentation\\\/hygiene\\\/haushaltsreinigung\\\/droguerie-ecologique\\\/cire-liquide\\\/#primaryimage\",\"url\":\"https:\\\/\\\/bien-etreiris.ch\\\/wp-content\\\/uploads\\\/2023\\\/01\\\/acceuil-Cire-liquide-a-la-cire-dabeille.jpg\",\"contentUrl\":\"https:\\\/\\\/bien-etreiris.ch\\\/wp-content\\\/uploads\\\/2023\\\/01\\\/acceuil-Cire-liquide-a-la-cire-dabeille.jpg\",\"width\":500,\"height\":333},{\"@type\":\"BreadcrumbList\",\"@id\":\"https:\\\/\\\/bien-etreiris.ch\\\/de\\\/produktpraesentation\\\/hygiene\\\/haushaltsreinigung\\\/droguerie-ecologique\\\/cire-liquide\\\/#breadcrumb\",\"itemListElement\":[{\"@type\":\"ListItem\",\"position\":1,\"name\":\"Home\",\"item\":\"https:\\\/\\\/bien-etreiris.ch\\\/de\\\/\"},{\"@type\":\"ListItem\",\"position\":2,\"name\":\"PRODUKTPR\u00c4SENTATION\",\"item\":\"https:\\\/\\\/bien-etreiris.ch\\\/de\\\/produktpraesentation\\\/\"},{\"@type\":\"ListItem\",\"position\":3,\"name\":\"HYGIENE\",\"item\":\"https:\\\/\\\/bien-etreiris.ch\\\/de\\\/produktpraesentation\\\/hygiene\\\/\"},{\"@type\":\"ListItem\",\"position\":4,\"name\":\"HAUSHALTSREINIGUNG\",\"item\":\"https:\\\/\\\/bien-etreiris.ch\\\/de\\\/produktpraesentation\\\/hygiene\\\/haushaltsreinigung\\\/\"},{\"@type\":\"ListItem\",\"position\":5,\"name\":\"DROGUERIE ECOLOGIQUE\",\"item\":\"https:\\\/\\\/bien-etreiris.ch\\\/de\\\/produktpraesentation\\\/hygiene\\\/haushaltsreinigung\\\/droguerie-ecologique\\\/\"},{\"@type\":\"ListItem\",\"position\":6,\"name\":\"CIRE LIQUIDE\"}]},{\"@type\":\"WebSite\",\"@id\":\"https:\\\/\\\/bien-etreiris.ch\\\/de\\\/#website\",\"url\":\"https:\\\/\\\/bien-etreiris.ch\\\/de\\\/\",\"name\":\"Bien-\u00eatre Iris\",\"description\":\"IHRE Gesundheit ist uns wichtig\",\"potentialAction\":[{\"@type\":\"SearchAction\",\"target\":{\"@type\":\"EntryPoint\",\"urlTemplate\":\"https:\\\/\\\/bien-etreiris.ch\\\/de\\\/?s={search_term_string}\"},\"query-input\":{\"@type\":\"PropertyValueSpecification\",\"valueRequired\":true,\"valueName\":\"search_term_string\"}}],\"inLanguage\":\"de\"}]}<\/script>\n<!-- \/ Yoast SEO plugin. -->","yoast_head_json":{"title":"CIRE LIQUIDE - WOHLBEFINDEN","robots":{"index":"index","follow":"follow","max-snippet":"max-snippet:-1","max-image-preview":"max-image-preview:large","max-video-preview":"max-video-preview:-1"},"canonical":"https:\/\/bien-etreiris.ch\/de\/produktpraesentation\/hygiene\/haushaltsreinigung\/droguerie-ecologique\/cire-liquide\/","og_locale":"de_DE","og_type":"article","og_title":"CIRE LIQUIDE - WOHLBEFINDEN","og_description":"Cire liquide \u00e0 la cire d'abeille &nbsp; &nbsp; &nbsp; &nbsp; &nbsp; &nbsp; &nbsp; &nbsp; &nbsp; bio 500 ml CHF 14.90 &nbsp; &nbsp; &nbsp; &nbsp; Cette cire liquide \u00e0 la cire d\u2019abeille biologique nourrit, nettoie, prot\u00e8ge et embellit vos meubles, bibelots, portes, lambris... Gr\u00e2ce \u00e0 sa composition en ingr\u00e9dients naturels et biologiques (cire d\u2019abeille, de carnauba, huile de lin), elle prot\u00e8ge&nbsp;Weiter lesen","og_url":"https:\/\/bien-etreiris.ch\/de\/produktpraesentation\/hygiene\/haushaltsreinigung\/droguerie-ecologique\/cire-liquide\/","og_site_name":"WOHLBEFINDEN","article_publisher":"https:\/\/www.facebook.com\/bienetreiris\/","article_modified_time":"2023-01-01T18:43:00+00:00","og_image":[{"width":500,"height":333,"url":"https:\/\/bien-etreiris.ch\/wp-content\/uploads\/2023\/01\/acceuil-Cire-liquide-a-la-cire-dabeille.jpg","type":"image\/jpeg"}],"twitter_misc":{"Gesch\u00e4tzte Lesezeit":"2\u00a0Minuten"},"schema":{"@context":"https:\/\/schema.org","@graph":[{"@type":"WebPage","@id":"https:\/\/bien-etreiris.ch\/de\/produktpraesentation\/hygiene\/haushaltsreinigung\/droguerie-ecologique\/cire-liquide\/","url":"https:\/\/bien-etreiris.ch\/de\/produktpraesentation\/hygiene\/haushaltsreinigung\/droguerie-ecologique\/cire-liquide\/","name":"CIRE LIQUIDE - WOHLBEFINDEN","isPartOf":{"@id":"https:\/\/bien-etreiris.ch\/de\/#website"},"primaryImageOfPage":{"@id":"https:\/\/bien-etreiris.ch\/de\/produktpraesentation\/hygiene\/haushaltsreinigung\/droguerie-ecologique\/cire-liquide\/#primaryimage"},"image":{"@id":"https:\/\/bien-etreiris.ch\/de\/produktpraesentation\/hygiene\/haushaltsreinigung\/droguerie-ecologique\/cire-liquide\/#primaryimage"},"thumbnailUrl":"https:\/\/bien-etreiris.ch\/wp-content\/uploads\/2023\/01\/acceuil-Cire-liquide-a-la-cire-dabeille.jpg","datePublished":"2023-01-01T18:30:21+00:00","dateModified":"2023-01-01T18:43:00+00:00","breadcrumb":{"@id":"https:\/\/bien-etreiris.ch\/de\/produktpraesentation\/hygiene\/haushaltsreinigung\/droguerie-ecologique\/cire-liquide\/#breadcrumb"},"inLanguage":"de","potentialAction":[{"@type":"ReadAction","target":["https:\/\/bien-etreiris.ch\/de\/produktpraesentation\/hygiene\/haushaltsreinigung\/droguerie-ecologique\/cire-liquide\/"]}]},{"@type":"ImageObject","inLanguage":"de","@id":"https:\/\/bien-etreiris.ch\/de\/produktpraesentation\/hygiene\/haushaltsreinigung\/droguerie-ecologique\/cire-liquide\/#primaryimage","url":"https:\/\/bien-etreiris.ch\/wp-content\/uploads\/2023\/01\/acceuil-Cire-liquide-a-la-cire-dabeille.jpg","contentUrl":"https:\/\/bien-etreiris.ch\/wp-content\/uploads\/2023\/01\/acceuil-Cire-liquide-a-la-cire-dabeille.jpg","width":500,"height":333},{"@type":"BreadcrumbList","@id":"https:\/\/bien-etreiris.ch\/de\/produktpraesentation\/hygiene\/haushaltsreinigung\/droguerie-ecologique\/cire-liquide\/#breadcrumb","itemListElement":[{"@type":"ListItem","position":1,"name":"Home","item":"https:\/\/bien-etreiris.ch\/de\/"},{"@type":"ListItem","position":2,"name":"PRODUKTPR\u00c4SENTATION","item":"https:\/\/bien-etreiris.ch\/de\/produktpraesentation\/"},{"@type":"ListItem","position":3,"name":"HYGIENE","item":"https:\/\/bien-etreiris.ch\/de\/produktpraesentation\/hygiene\/"},{"@type":"ListItem","position":4,"name":"HAUSHALTSREINIGUNG","item":"https:\/\/bien-etreiris.ch\/de\/produktpraesentation\/hygiene\/haushaltsreinigung\/"},{"@type":"ListItem","position":5,"name":"DROGUERIE ECOLOGIQUE","item":"https:\/\/bien-etreiris.ch\/de\/produktpraesentation\/hygiene\/haushaltsreinigung\/droguerie-ecologique\/"},{"@type":"ListItem","position":6,"name":"CIRE LIQUIDE"}]},{"@type":"WebSite","@id":"https:\/\/bien-etreiris.ch\/de\/#website","url":"https:\/\/bien-etreiris.ch\/de\/","name":"Bien-\u00eatre Iris","description":"IHRE Gesundheit ist uns wichtig","potentialAction":[{"@type":"SearchAction","target":{"@type":"EntryPoint","urlTemplate":"https:\/\/bien-etreiris.ch\/de\/?s={search_term_string}"},"query-input":{"@type":"PropertyValueSpecification","valueRequired":true,"valueName":"search_term_string"}}],"inLanguage":"de"}]}},"_links":{"self":[{"href":"https:\/\/bien-etreiris.ch\/de\/wp-json\/wp\/v2\/pages\/63305","targetHints":{"allow":["GET"]}}],"collection":[{"href":"https:\/\/bien-etreiris.ch\/de\/wp-json\/wp\/v2\/pages"}],"about":[{"href":"https:\/\/bien-etreiris.ch\/de\/wp-json\/wp\/v2\/types\/page"}],"author":[{"embeddable":true,"href":"https:\/\/bien-etreiris.ch\/de\/wp-json\/wp\/v2\/users\/1"}],"replies":[{"embeddable":true,"href":"https:\/\/bien-etreiris.ch\/de\/wp-json\/wp\/v2\/comments?post=63305"}],"version-history":[{"count":6,"href":"https:\/\/bien-etreiris.ch\/de\/wp-json\/wp\/v2\/pages\/63305\/revisions"}],"predecessor-version":[{"id":63325,"href":"https:\/\/bien-etreiris.ch\/de\/wp-json\/wp\/v2\/pages\/63305\/revisions\/63325"}],"up":[{"embeddable":true,"href":"https:\/\/bien-etreiris.ch\/de\/wp-json\/wp\/v2\/pages\/34910"}],"wp:featuredmedia":[{"embeddable":true,"href":"https:\/\/bien-etreiris.ch\/de\/wp-json\/wp\/v2\/media\/63300"}],"wp:attachment":[{"href":"https:\/\/bien-etreiris.ch\/de\/wp-json\/wp\/v2\/media?parent=63305"}],"curies":[{"name":"wp","href":"https:\/\/api.w.org\/{rel}","templated":true}]}}