{"id":63290,"date":"2023-01-01T20:06:28","date_gmt":"2023-01-01T18:06:28","guid":{"rendered":"https:\/\/bien-etreiris.ch\/lait-de-cire\/"},"modified":"2023-01-01T20:08:54","modified_gmt":"2023-01-01T18:08:54","slug":"lait-de-cire","status":"publish","type":"page","link":"https:\/\/bien-etreiris.ch\/de\/produktpraesentation\/hygiene\/haushaltsreinigung\/droguerie-ecologique\/lait-de-cire\/","title":{"rendered":"LAIT DE CIRE"},"content":{"rendered":"\n<div id=\"more_info_sheets\" class=\"sheets align_justify\">\n<div id=\"idTab1\" class=\"rte\">\n<h3>Lait de Cire au Canauba<\/h3>\n<h3><a href=\"https:\/\/bien-etreiris.ch\/wp-content\/uploads\/2023\/01\/titre-lait-de-cire.jpg\"><img loading=\"lazy\" decoding=\"async\" class=\"wp-image-63285 alignleft\" src=\"https:\/\/bien-etreiris.ch\/wp-content\/uploads\/2023\/01\/titre-lait-de-cire.jpg\" alt=\"\" width=\"265\" height=\"589\" srcset=\"https:\/\/bien-etreiris.ch\/wp-content\/uploads\/2023\/01\/titre-lait-de-cire.jpg 410w, https:\/\/bien-etreiris.ch\/wp-content\/uploads\/2023\/01\/titre-lait-de-cire-135x300.jpg 135w\" sizes=\"auto, (max-width: 265px) 100vw, 265px\" \/><\/a><\/h3>\n<h4>&nbsp;<\/h4>\n<h4>&nbsp;<\/h4>\n<h4>&nbsp;<\/h4>\n<h4>&nbsp;<\/h4>\n<h4>&nbsp;<\/h4>\n<h4>&nbsp;<\/h4>\n<h4>&nbsp;<\/h4>\n<h4>&nbsp;<\/h4>\n<h4>&nbsp;<\/h4>\n<h4>&nbsp;<\/h4>\n<h4>Ecodis<\/h4>\n<p class=\"title\">lait de cire au Carnauba bio 1 L <strong>CHF 15.90<\/strong><\/p>\n<\/div>\n<\/div>\n<p>&nbsp;<\/p>\n<p>&nbsp;<\/p>\n<p>&nbsp;<\/p>\n<p>&nbsp;<\/p>\n<div id=\"more_info_sheets\" class=\"sheets align_justify\">\n<div id=\"idTab1\" class=\"rte\">\n<p class=\"title\">Le lait de cire pour sols de la droguerie \u00e9cologique\u00ae permet de nettoyer et de prot\u00e9ger la plupart des surfaces. Apr\u00e8s s\u00e9chage, il repousse l\u2019eau et la salet\u00e9, prot\u00e8ge des frottements, \u00e9vite l\u2019\u00e9lectricit\u00e9 statique et gr\u00e2ce \u00e0 l\u2019apport de cire dure r\u00e9g\u00e9n\u00e8re la surface, tout en la laissant respirer. Le lait de cire pour sols de la droguerie \u00e9cologique\u00ae est un produit neutre et facile d\u2019emploi, qui redonne du brillant apr\u00e8s s\u00e9chage sans n\u00e9cessit\u00e9 de polissage. Surfaces : sols, escaliers, planchers bois huil\u00e9s ou cir\u00e9s, plans de travail, meubles en bois, li\u00e8ge, linol\u00e9um, carrelage, tomettes, ardoises, marbres, b\u00e9tons cir\u00e9s, sols pierres naturelles\u2026<\/p>\n<p class=\"title\">&nbsp;<\/p>\n<h2 class=\"title\"><strong>Recette<\/strong><\/h2>\n<div>Pour l\u2019entretien courant : diluez dans un seau de 6 \u00e0 8 litres, 4 cuill\u00e8res \u00e0 soupe. Lavez le sol \u00e0 l\u2019aide d\u2019une serpilli\u00e8re et laisser s\u00e9cher. Pour r\u00e9duire l\u2019impact environnemental, respectez les doses recommand\u00e9es&nbsp;<\/div>\n<div>d\u2019utilisation.&nbsp;<\/div>\n<div>&nbsp;<\/div>\n<div>Pour d\u00e9poser une couche de finition qui procurera \u00e0 votre sol un bel aspect cir\u00e9 : employez pur et appliquez en fine couche \u00e0 l\u2019aide d\u2019un chiffon non pelucheux puis lustrez. L\u2019op\u00e9ration peut \u00eatre renouvel\u00e9e&nbsp;<\/div>\n<div>plusieurs fois jusqu\u2019\u00e0 obtention de l\u2019aspect souhait\u00e9.&nbsp;<\/div>\n<p>&nbsp;<\/p>\n<h4><strong>Int\u00e9r\u00eat \u00e9cologique<\/strong><\/h4>\n<p>Lait de protection universel des sols, \u00e0 la cire dure de Carnauba bio (extraite des feuilles d\u2019une vari\u00e9t\u00e9 de palmier du Br\u00e9sil) et fabriqu\u00e9 en France. Certifi\u00e9 Ecod\u00e9tergent \u00e0 base d\u2019ingr\u00e9dients Bio par Ecocert Greenlife.&nbsp;<\/p>\n<p>&nbsp;<\/p>\n<h4><strong>A savoir<\/strong><\/h4>\n<p>Agitez avant usage. Se conserve bien ferm\u00e9 \u00e0 l\u2019abri des chaleurs excessives (moins de 30\u00b0C). Tenir hors de port\u00e9e des enfants.&nbsp;<\/p>\n<\/div>\n<\/div>\n","protected":false},"excerpt":{"rendered":"<p>Lait de Cire au Canauba &nbsp; &nbsp; &nbsp; &nbsp; &nbsp; &nbsp; &nbsp; &nbsp; &nbsp; &nbsp; Ecodis lait de cire au Carnauba bio 1 L CHF 15.90 &nbsp; &nbsp; &nbsp; &nbsp; Le lait de cire pour sols de la droguerie \u00e9cologique\u00ae permet de nettoyer et de prot\u00e9ger la plupart des surfaces. Apr\u00e8s s\u00e9chage, il repousse l\u2019eau et la salet\u00e9, prot\u00e8ge des&nbsp;<a href=\"https:\/\/bien-etreiris.ch\/de\/produktpraesentation\/hygiene\/haushaltsreinigung\/droguerie-ecologique\/lait-de-cire\/\" class=\"read-more\">Weiter lesen<\/a><\/p>\n","protected":false},"author":1,"featured_media":63284,"parent":34910,"menu_order":4223,"comment_status":"closed","ping_status":"closed","template":"","meta":{"_acf_changed":false,"ngg_post_thumbnail":0,"footnotes":""},"class_list":["post-63290","page","type-page","status-publish","has-post-thumbnail","hentry"],"acf":[],"yoast_head":"<!-- This site is optimized with the Yoast SEO plugin v27.5 - https:\/\/yoast.com\/product\/yoast-seo-wordpress\/ -->\n<title>LAIT DE CIRE - WOHLBEFINDEN<\/title>\n<meta name=\"robots\" content=\"index, follow, max-snippet:-1, max-image-preview:large, max-video-preview:-1\" \/>\n<link rel=\"canonical\" href=\"https:\/\/bien-etreiris.ch\/de\/produktpraesentation\/hygiene\/haushaltsreinigung\/droguerie-ecologique\/lait-de-cire\/\" \/>\n<meta property=\"og:locale\" content=\"de_DE\" \/>\n<meta property=\"og:type\" content=\"article\" \/>\n<meta property=\"og:title\" content=\"LAIT DE CIRE - WOHLBEFINDEN\" \/>\n<meta property=\"og:description\" content=\"Lait de Cire au Canauba &nbsp; &nbsp; &nbsp; &nbsp; &nbsp; &nbsp; &nbsp; &nbsp; &nbsp; &nbsp; Ecodis lait de cire au Carnauba bio 1 L CHF 15.90 &nbsp; &nbsp; &nbsp; &nbsp; Le lait de cire pour sols de la droguerie \u00e9cologique\u00ae permet de nettoyer et de prot\u00e9ger la plupart des surfaces. Apr\u00e8s s\u00e9chage, il repousse l\u2019eau et la salet\u00e9, prot\u00e8ge des&nbsp;Weiter lesen\" \/>\n<meta property=\"og:url\" content=\"https:\/\/bien-etreiris.ch\/de\/produktpraesentation\/hygiene\/haushaltsreinigung\/droguerie-ecologique\/lait-de-cire\/\" \/>\n<meta property=\"og:site_name\" content=\"WOHLBEFINDEN\" \/>\n<meta property=\"article:publisher\" content=\"https:\/\/www.facebook.com\/bienetreiris\/\" \/>\n<meta property=\"article:modified_time\" content=\"2023-01-01T18:08:54+00:00\" \/>\n<meta property=\"og:image\" content=\"https:\/\/bien-etreiris.ch\/wp-content\/uploads\/2023\/01\/acceuil-lait-de-cire.jpg\" \/>\n\t<meta property=\"og:image:width\" content=\"500\" \/>\n\t<meta property=\"og:image:height\" content=\"344\" \/>\n\t<meta property=\"og:image:type\" content=\"image\/jpeg\" \/>\n<meta name=\"twitter:label1\" content=\"Gesch\u00e4tzte Lesezeit\" \/>\n\t<meta name=\"twitter:data1\" content=\"2\u00a0Minuten\" \/>\n<script type=\"application\/ld+json\" class=\"yoast-schema-graph\">{\"@context\":\"https:\\\/\\\/schema.org\",\"@graph\":[{\"@type\":\"WebPage\",\"@id\":\"https:\\\/\\\/bien-etreiris.ch\\\/de\\\/produktpraesentation\\\/hygiene\\\/haushaltsreinigung\\\/droguerie-ecologique\\\/lait-de-cire\\\/\",\"url\":\"https:\\\/\\\/bien-etreiris.ch\\\/de\\\/produktpraesentation\\\/hygiene\\\/haushaltsreinigung\\\/droguerie-ecologique\\\/lait-de-cire\\\/\",\"name\":\"LAIT DE CIRE - WOHLBEFINDEN\",\"isPartOf\":{\"@id\":\"https:\\\/\\\/bien-etreiris.ch\\\/de\\\/#website\"},\"primaryImageOfPage\":{\"@id\":\"https:\\\/\\\/bien-etreiris.ch\\\/de\\\/produktpraesentation\\\/hygiene\\\/haushaltsreinigung\\\/droguerie-ecologique\\\/lait-de-cire\\\/#primaryimage\"},\"image\":{\"@id\":\"https:\\\/\\\/bien-etreiris.ch\\\/de\\\/produktpraesentation\\\/hygiene\\\/haushaltsreinigung\\\/droguerie-ecologique\\\/lait-de-cire\\\/#primaryimage\"},\"thumbnailUrl\":\"https:\\\/\\\/bien-etreiris.ch\\\/wp-content\\\/uploads\\\/2023\\\/01\\\/acceuil-lait-de-cire.jpg\",\"datePublished\":\"2023-01-01T18:06:28+00:00\",\"dateModified\":\"2023-01-01T18:08:54+00:00\",\"breadcrumb\":{\"@id\":\"https:\\\/\\\/bien-etreiris.ch\\\/de\\\/produktpraesentation\\\/hygiene\\\/haushaltsreinigung\\\/droguerie-ecologique\\\/lait-de-cire\\\/#breadcrumb\"},\"inLanguage\":\"de\",\"potentialAction\":[{\"@type\":\"ReadAction\",\"target\":[\"https:\\\/\\\/bien-etreiris.ch\\\/de\\\/produktpraesentation\\\/hygiene\\\/haushaltsreinigung\\\/droguerie-ecologique\\\/lait-de-cire\\\/\"]}]},{\"@type\":\"ImageObject\",\"inLanguage\":\"de\",\"@id\":\"https:\\\/\\\/bien-etreiris.ch\\\/de\\\/produktpraesentation\\\/hygiene\\\/haushaltsreinigung\\\/droguerie-ecologique\\\/lait-de-cire\\\/#primaryimage\",\"url\":\"https:\\\/\\\/bien-etreiris.ch\\\/wp-content\\\/uploads\\\/2023\\\/01\\\/acceuil-lait-de-cire.jpg\",\"contentUrl\":\"https:\\\/\\\/bien-etreiris.ch\\\/wp-content\\\/uploads\\\/2023\\\/01\\\/acceuil-lait-de-cire.jpg\",\"width\":500,\"height\":344},{\"@type\":\"BreadcrumbList\",\"@id\":\"https:\\\/\\\/bien-etreiris.ch\\\/de\\\/produktpraesentation\\\/hygiene\\\/haushaltsreinigung\\\/droguerie-ecologique\\\/lait-de-cire\\\/#breadcrumb\",\"itemListElement\":[{\"@type\":\"ListItem\",\"position\":1,\"name\":\"Home\",\"item\":\"https:\\\/\\\/bien-etreiris.ch\\\/de\\\/\"},{\"@type\":\"ListItem\",\"position\":2,\"name\":\"PRODUKTPR\u00c4SENTATION\",\"item\":\"https:\\\/\\\/bien-etreiris.ch\\\/de\\\/produktpraesentation\\\/\"},{\"@type\":\"ListItem\",\"position\":3,\"name\":\"HYGIENE\",\"item\":\"https:\\\/\\\/bien-etreiris.ch\\\/de\\\/produktpraesentation\\\/hygiene\\\/\"},{\"@type\":\"ListItem\",\"position\":4,\"name\":\"HAUSHALTSREINIGUNG\",\"item\":\"https:\\\/\\\/bien-etreiris.ch\\\/de\\\/produktpraesentation\\\/hygiene\\\/haushaltsreinigung\\\/\"},{\"@type\":\"ListItem\",\"position\":5,\"name\":\"DROGUERIE ECOLOGIQUE\",\"item\":\"https:\\\/\\\/bien-etreiris.ch\\\/de\\\/produktpraesentation\\\/hygiene\\\/haushaltsreinigung\\\/droguerie-ecologique\\\/\"},{\"@type\":\"ListItem\",\"position\":6,\"name\":\"LAIT DE CIRE\"}]},{\"@type\":\"WebSite\",\"@id\":\"https:\\\/\\\/bien-etreiris.ch\\\/de\\\/#website\",\"url\":\"https:\\\/\\\/bien-etreiris.ch\\\/de\\\/\",\"name\":\"Bien-\u00eatre Iris\",\"description\":\"IHRE Gesundheit ist uns wichtig\",\"potentialAction\":[{\"@type\":\"SearchAction\",\"target\":{\"@type\":\"EntryPoint\",\"urlTemplate\":\"https:\\\/\\\/bien-etreiris.ch\\\/de\\\/?s={search_term_string}\"},\"query-input\":{\"@type\":\"PropertyValueSpecification\",\"valueRequired\":true,\"valueName\":\"search_term_string\"}}],\"inLanguage\":\"de\"}]}<\/script>\n<!-- \/ Yoast SEO plugin. -->","yoast_head_json":{"title":"LAIT DE CIRE - WOHLBEFINDEN","robots":{"index":"index","follow":"follow","max-snippet":"max-snippet:-1","max-image-preview":"max-image-preview:large","max-video-preview":"max-video-preview:-1"},"canonical":"https:\/\/bien-etreiris.ch\/de\/produktpraesentation\/hygiene\/haushaltsreinigung\/droguerie-ecologique\/lait-de-cire\/","og_locale":"de_DE","og_type":"article","og_title":"LAIT DE CIRE - WOHLBEFINDEN","og_description":"Lait de Cire au Canauba &nbsp; &nbsp; &nbsp; &nbsp; &nbsp; &nbsp; &nbsp; &nbsp; &nbsp; &nbsp; Ecodis lait de cire au Carnauba bio 1 L CHF 15.90 &nbsp; &nbsp; &nbsp; &nbsp; Le lait de cire pour sols de la droguerie \u00e9cologique\u00ae permet de nettoyer et de prot\u00e9ger la plupart des surfaces. Apr\u00e8s s\u00e9chage, il repousse l\u2019eau et la salet\u00e9, prot\u00e8ge des&nbsp;Weiter lesen","og_url":"https:\/\/bien-etreiris.ch\/de\/produktpraesentation\/hygiene\/haushaltsreinigung\/droguerie-ecologique\/lait-de-cire\/","og_site_name":"WOHLBEFINDEN","article_publisher":"https:\/\/www.facebook.com\/bienetreiris\/","article_modified_time":"2023-01-01T18:08:54+00:00","og_image":[{"width":500,"height":344,"url":"https:\/\/bien-etreiris.ch\/wp-content\/uploads\/2023\/01\/acceuil-lait-de-cire.jpg","type":"image\/jpeg"}],"twitter_misc":{"Gesch\u00e4tzte Lesezeit":"2\u00a0Minuten"},"schema":{"@context":"https:\/\/schema.org","@graph":[{"@type":"WebPage","@id":"https:\/\/bien-etreiris.ch\/de\/produktpraesentation\/hygiene\/haushaltsreinigung\/droguerie-ecologique\/lait-de-cire\/","url":"https:\/\/bien-etreiris.ch\/de\/produktpraesentation\/hygiene\/haushaltsreinigung\/droguerie-ecologique\/lait-de-cire\/","name":"LAIT DE CIRE - WOHLBEFINDEN","isPartOf":{"@id":"https:\/\/bien-etreiris.ch\/de\/#website"},"primaryImageOfPage":{"@id":"https:\/\/bien-etreiris.ch\/de\/produktpraesentation\/hygiene\/haushaltsreinigung\/droguerie-ecologique\/lait-de-cire\/#primaryimage"},"image":{"@id":"https:\/\/bien-etreiris.ch\/de\/produktpraesentation\/hygiene\/haushaltsreinigung\/droguerie-ecologique\/lait-de-cire\/#primaryimage"},"thumbnailUrl":"https:\/\/bien-etreiris.ch\/wp-content\/uploads\/2023\/01\/acceuil-lait-de-cire.jpg","datePublished":"2023-01-01T18:06:28+00:00","dateModified":"2023-01-01T18:08:54+00:00","breadcrumb":{"@id":"https:\/\/bien-etreiris.ch\/de\/produktpraesentation\/hygiene\/haushaltsreinigung\/droguerie-ecologique\/lait-de-cire\/#breadcrumb"},"inLanguage":"de","potentialAction":[{"@type":"ReadAction","target":["https:\/\/bien-etreiris.ch\/de\/produktpraesentation\/hygiene\/haushaltsreinigung\/droguerie-ecologique\/lait-de-cire\/"]}]},{"@type":"ImageObject","inLanguage":"de","@id":"https:\/\/bien-etreiris.ch\/de\/produktpraesentation\/hygiene\/haushaltsreinigung\/droguerie-ecologique\/lait-de-cire\/#primaryimage","url":"https:\/\/bien-etreiris.ch\/wp-content\/uploads\/2023\/01\/acceuil-lait-de-cire.jpg","contentUrl":"https:\/\/bien-etreiris.ch\/wp-content\/uploads\/2023\/01\/acceuil-lait-de-cire.jpg","width":500,"height":344},{"@type":"BreadcrumbList","@id":"https:\/\/bien-etreiris.ch\/de\/produktpraesentation\/hygiene\/haushaltsreinigung\/droguerie-ecologique\/lait-de-cire\/#breadcrumb","itemListElement":[{"@type":"ListItem","position":1,"name":"Home","item":"https:\/\/bien-etreiris.ch\/de\/"},{"@type":"ListItem","position":2,"name":"PRODUKTPR\u00c4SENTATION","item":"https:\/\/bien-etreiris.ch\/de\/produktpraesentation\/"},{"@type":"ListItem","position":3,"name":"HYGIENE","item":"https:\/\/bien-etreiris.ch\/de\/produktpraesentation\/hygiene\/"},{"@type":"ListItem","position":4,"name":"HAUSHALTSREINIGUNG","item":"https:\/\/bien-etreiris.ch\/de\/produktpraesentation\/hygiene\/haushaltsreinigung\/"},{"@type":"ListItem","position":5,"name":"DROGUERIE ECOLOGIQUE","item":"https:\/\/bien-etreiris.ch\/de\/produktpraesentation\/hygiene\/haushaltsreinigung\/droguerie-ecologique\/"},{"@type":"ListItem","position":6,"name":"LAIT DE CIRE"}]},{"@type":"WebSite","@id":"https:\/\/bien-etreiris.ch\/de\/#website","url":"https:\/\/bien-etreiris.ch\/de\/","name":"Bien-\u00eatre Iris","description":"IHRE Gesundheit ist uns wichtig","potentialAction":[{"@type":"SearchAction","target":{"@type":"EntryPoint","urlTemplate":"https:\/\/bien-etreiris.ch\/de\/?s={search_term_string}"},"query-input":{"@type":"PropertyValueSpecification","valueRequired":true,"valueName":"search_term_string"}}],"inLanguage":"de"}]}},"_links":{"self":[{"href":"https:\/\/bien-etreiris.ch\/de\/wp-json\/wp\/v2\/pages\/63290","targetHints":{"allow":["GET"]}}],"collection":[{"href":"https:\/\/bien-etreiris.ch\/de\/wp-json\/wp\/v2\/pages"}],"about":[{"href":"https:\/\/bien-etreiris.ch\/de\/wp-json\/wp\/v2\/types\/page"}],"author":[{"embeddable":true,"href":"https:\/\/bien-etreiris.ch\/de\/wp-json\/wp\/v2\/users\/1"}],"replies":[{"embeddable":true,"href":"https:\/\/bien-etreiris.ch\/de\/wp-json\/wp\/v2\/comments?post=63290"}],"version-history":[{"count":1,"href":"https:\/\/bien-etreiris.ch\/de\/wp-json\/wp\/v2\/pages\/63290\/revisions"}],"predecessor-version":[{"id":63292,"href":"https:\/\/bien-etreiris.ch\/de\/wp-json\/wp\/v2\/pages\/63290\/revisions\/63292"}],"up":[{"embeddable":true,"href":"https:\/\/bien-etreiris.ch\/de\/wp-json\/wp\/v2\/pages\/34910"}],"wp:featuredmedia":[{"embeddable":true,"href":"https:\/\/bien-etreiris.ch\/de\/wp-json\/wp\/v2\/media\/63284"}],"wp:attachment":[{"href":"https:\/\/bien-etreiris.ch\/de\/wp-json\/wp\/v2\/media?parent=63290"}],"curies":[{"name":"wp","href":"https:\/\/api.w.org\/{rel}","templated":true}]}}