{"id":63271,"date":"2022-12-30T15:02:18","date_gmt":"2022-12-30T13:02:18","guid":{"rendered":"https:\/\/bien-etreiris.ch\/produktpraesentation\/hygiene\/haushaltsreinigung\/droguerie-ecologique\/vinaigre-bio-8\/"},"modified":"2023-01-01T17:41:55","modified_gmt":"2023-01-01T15:41:55","slug":"vinaigre-bio-8","status":"publish","type":"page","link":"https:\/\/bien-etreiris.ch\/de\/produktpraesentation\/hygiene\/haushaltsreinigung\/droguerie-ecologique\/vinaigre-bio-8\/","title":{"rendered":"VINAIGRE BIO 8%"},"content":{"rendered":"\n<div id=\"more_info_sheets\" class=\"sheets align_justify\">\n<div id=\"idTab1\" class=\"rte\">\n<h2>Vinaigre alcool bio 8%<\/h2>\n<\/div>\n<\/div>\n<p><a href=\"https:\/\/bien-etreiris.ch\/wp-content\/uploads\/2022\/12\/titre-vinaigre-8-.jpg\"><img loading=\"lazy\" decoding=\"async\" class=\"size-full wp-image-63191 alignleft\" src=\"https:\/\/bien-etreiris.ch\/wp-content\/uploads\/2022\/12\/titre-vinaigre-8-.jpg\" alt=\"\" width=\"300\" height=\"300\" srcset=\"https:\/\/bien-etreiris.ch\/wp-content\/uploads\/2022\/12\/titre-vinaigre-8-.jpg 300w, https:\/\/bien-etreiris.ch\/wp-content\/uploads\/2022\/12\/titre-vinaigre-8--150x150.jpg 150w\" sizes=\"auto, (max-width: 300px) 100vw, 300px\" \/><\/a><\/p>\n<p>&nbsp;<\/p>\n<p>&nbsp;<\/p>\n<p>&nbsp;<\/p>\n<p>&nbsp;<\/p>\n<p>&nbsp;<\/p>\n<p>1 lt <strong>CHF 3.30<\/strong><\/p>\n<p>&nbsp;<\/p>\n<p>&nbsp;<\/p>\n<p>&nbsp;<\/p>\n<p><a href=\"https:\/\/bien-etreiris.ch\/wp-content\/uploads\/2022\/12\/titre-vinaigre-8-en-vrac.jpg\"><img loading=\"lazy\" decoding=\"async\" class=\"wp-image-63194 alignleft\" src=\"https:\/\/bien-etreiris.ch\/wp-content\/uploads\/2022\/12\/titre-vinaigre-8-en-vrac.jpg\" alt=\"\" width=\"292\" height=\"334\" srcset=\"https:\/\/bien-etreiris.ch\/wp-content\/uploads\/2022\/12\/titre-vinaigre-8-en-vrac.jpg 555w, https:\/\/bien-etreiris.ch\/wp-content\/uploads\/2022\/12\/titre-vinaigre-8-en-vrac-262x300.jpg 262w\" sizes=\"auto, (max-width: 292px) 100vw, 292px\" \/><\/a><\/p>\n<p>&nbsp;<\/p>\n<p>&nbsp;<\/p>\n<p>&nbsp;<\/p>\n<p>&nbsp;<\/p>\n<p>&nbsp;<\/p>\n<p>en vrac 100 ml <strong>CHF 0.30<\/strong><\/p>\n<p>&nbsp;<\/p>\n<p>&nbsp;<\/p>\n<p>&nbsp;<\/p>\n<p>&nbsp;<\/p>\n<div id=\"more_info_sheets\" class=\"sheets align_justify\">\n<div id=\"idTab1\" class=\"rte\">\n<p>Produit incontournable de la droguerie , on l\u2019utilise beaucoup pour r\u00e9aliser chez soi les produits d\u2019entretien.<br>Le vinaigre d\u2019alcool s\u2019utilise \u00e9galement pour la pr\u00e9paration de conserves de l\u00e9gumes, la confection de sauce aigres-douces etc...<\/p>\n<p>Le vinaigre d\u2019alcool 8%&nbsp; de la Droguerie Ecologique est une solution aqueuse comprenant de l\u2019acide ac\u00e9tique titr\u00e9 \u00e0 8%. Traditionnellement utilis\u00e9 en usage alimentaire dans toutes les cuisines du monde, il constitue aussi un remarquable produit de m\u00e9nage, multi-usage, \u00e9cologique et bon march\u00e9. Ses propri\u00e9t\u00e9s sont tr\u00e8s nombreuses : conservateur alimentaire, d\u00e9graissant, d\u00e9sodorisant, d\u00e9tartrant, nettoyant \u2026 et ses usages tr\u00e8s \u00e9tendus : alimentation, m\u00e9nage, hygi\u00e8ne familiale et cosm\u00e9tiques.<\/p>\n<p>Il se comporte&nbsp; comme un acide faible d\u2019\u00e9criture CH3-COOH ce qui lui permet de neutraliser les bases faibles et de d\u00e9composer particuli\u00e8rement les carbonates (dont le calcaire de nos canalisations).<\/p>\n<p>&nbsp;<\/p>\n<p>&nbsp;<\/p>\n<h2>Recettes:<\/h2>\n<h4>Les usages et recettes \u00e9labor\u00e9es \u00e0 partir du vinaigre d\u2019alcool 8% sont si nombreuses que nous nous contenterons d\u2019en citer les principales. Vous trouverez ais\u00e9ment sur le Web de nombreuses autres applications.<\/h4>\n<h2><br><br><strong>Cuisine<\/strong><\/h2>\n<h4><br><br><strong>\u00c9ponges encrass\u00e9es :<\/strong>&nbsp;<\/h4>\n<p>laisser tremper dans 1 litre d\u2019eau et 1\/4 de tasse de vinaigre.<br>Dans&nbsp;<strong>le lave vaisselle<\/strong>&nbsp;remplace votre anti calcaire : \u00bd verre de vinaigre blanc.<br>Pour&nbsp;<strong>l\u2019entretien du r\u00e9frig\u00e9rateur :<\/strong>&nbsp;nettoie, d\u00e9sodorise et enl\u00e8ve les bact\u00e9ries avec une microfibre impr\u00e9gn\u00e9e de vinaigre.<br><strong>Casseroles en fonte :<\/strong> remplir d\u2019eau et de 1\/4 de tasse de vinaigre ; laisser bouillir une demi-heure et essuyer. Enl\u00e8ve les taches de rouille. Rendre l\u2019\u00e9clat des plats en Pyrex et de vos verres : un bon bain de vinaigre (dilu\u00e9 ou non) quelques heures (suivant l\u2019\u00e9tat de calcification de ceux-ci).<\/p>\n<h2><br><br><strong>Entretien m\u00e9nager<\/strong><\/h2>\n<p>&nbsp;<\/p>\n<p><strong>Cuivres<br><\/strong><\/p>\n<p>polir avec un m\u00e9lange \u00e0 parts \u00e9gales de jus de citron et de vinaigre.<\/p>\n<p><strong>\u00c9tains <br><\/strong><\/p>\n<p>appliquer la p\u00e2te. Laisser s\u00e9cher et polir.<\/p>\n<p><strong>Moisissures&nbsp;<\/strong><\/p>\n<p>m\u00e9langer 1\/4 de tasse de vinaigre \u00e0 1 litre d\u2019eau et laver les contours de fen\u00eatres.<\/p>\n<p><strong>Pomme de douche <br><\/strong><\/p>\n<p>laisser tremper dans un petit bol rempli de vinaigre pour \u00e9liminer les d\u00e9p\u00f4ts qui obstruent les conduits.<\/p>\n<p><strong>Tuyaux d\u2019\u00e9vier <br><\/strong><\/p>\n<p>pour les garder propres, verser 1\/2 tasse de bicarbonate de soude, puis 1\/2 de tasse de vinaigre. Attendre 15 minutes et faire couler de l\u2019eau chaude.<\/p>\n<p><strong>Vitres \u00e9tincelantes&nbsp;<\/strong><\/p>\n<p>3\/4 de litre d\u2019eau et 1\/4 de vinaigre dans un vaporisateur.<\/p>\n<p><strong>D\u00e9p\u00f4ts de calcaire <br><\/strong><\/p>\n<p>frotter le pourtour de la baignoire avec du vinaigre pur.<\/p>\n<p><strong>Stores et rideaux de plastique&nbsp;<\/strong><\/p>\n<p>remplir la baignoire au tiers et ajouter du savon liquide et 1\/2 litre de vinaigre. Laisser tremper les objets \u00e0 laver 30 minutes et bien rincer.<\/p>\n<p><strong>Nettoyer votre poubelle :&nbsp;<\/strong><\/p>\n<p>pr\u00e9parer une solution de un demi litre moiti\u00e9 eau, moiti\u00e9 vinaigre et faire bouillir.<\/p>\n<p><strong>Carrelage de sol :<\/strong>&nbsp;<\/p>\n<p>deux verres de vinaigre dans un seau d\u2019eau chaude.<\/p>\n<p><strong>Planchers :<\/strong>&nbsp;<\/p>\n<p>laver avec 4 litres d\u2019eau, 1\/4 de tasse de savon liquide et 1\/2 tasse de vinaigre.<\/p>\n<p><strong>Nettoyant WC<\/strong>&nbsp;<strong>:<\/strong>&nbsp;<\/p>\n<p>Vaporiser sur les parois, laisser agir 15 \u00e0 20 minutes et brosser.<\/p>\n<p>&nbsp;<\/p>\n<h2><br><strong>Lessive<\/strong><\/h2>\n<p><br><br>\u2022&nbsp;<strong>Lessive :<\/strong>&nbsp;un verre de vinaigre dans le bac adoucissant (l\u2019odeur dispara\u00eet avec le s\u00e9chage) enl\u00e8ve les derniers r\u00e9sidus de calcaire, ravive les couleurs, emp\u00eache le linge noir de devenir gris, adoucit le linge...<br>\u2022&nbsp;<strong>Machine \u00e0 laver le linge :<\/strong>&nbsp;remplir la cuvette d\u2019eau ti\u00e8de et de \u00bd litre de vinaigre, puis programmer le cycle r\u00e9gulier. Nettoie la tuyauterie et fait dispara\u00eetre les r\u00e9sidus de savon et de calcaire.<\/p>\n<h4><br><br><strong>Bricolage et jardin<\/strong><\/h4>\n<p><br>Pour nettoyer les pots de jardin et retirer les traces de calcaire.<br><strong>Permet de conserver la vitalit\u00e9 de fleurs cueillies :<\/strong>&nbsp;en ajoutant 2 cc de vinaigre et 1 cc de sucre pour chaque 250 ml d\u2019eau, permet de conserver la fra\u00eecheur des fleurs plus longtemps. Les insectes d\u00e9testent le go\u00fbt et l\u2019odeur du vinaigre : de nombreuses recettes sont disponibles sur le Web.<br><strong>Rouille :<\/strong>&nbsp;ajouter 1\/4 de tasse de vinaigre \u00e0 1 litre d\u2019eau pour nettoyer la rouille du m\u00e9tal.<\/p>\n<h4><br><br><strong>Hygi\u00e8ne corporelle et soins beaut\u00e9<\/strong><\/h4>\n<p><br>Un rin\u00e7age au vinaigre blanc permet aux cheveux d\u2019\u00eatre plus brillants. C\u2019est aussi un excellent antipelliculaire. Efficace aussi pour les pieds qu\u2019il ass\u00e8che, et pour aider \u00e0 se d\u00e9barrasser des mycoses, dans l\u2019eau d\u2019un bain de pied. De nombreuses recettes pour l\u2019hygi\u00e8ne familiale existent qui mettent en oeuvre du vinaigre de cidre.<\/p>\n<p>&nbsp;<\/p>\n<p>&nbsp;<\/p>\n<p>&nbsp;<\/p>\n<h2>Impact environnemental:<\/h2>\n<p>&nbsp;<\/p>\n<p>Vinaigre d\u2019alcool issu de l'agriculture biologique et certif\u00e9 par Ecocert. Fabriqu\u00e9 en France par fermentation d'alcool de c\u00e9r\u00e9ales cultiv\u00e9es en agriculture biologique. Emballage en PET recyclable. Non toxique pour l\u2019homme et pour l\u2019environnement. Tr\u00e8s large spectre d\u2019utilisations.<\/p>\n<p>&nbsp;<\/p>\n<h2>A savoir:<\/h2>\n<p>&nbsp;<\/p>\n<p><strong>Quelques caract\u00e9ristiques techniques<\/strong><br>Liquide incolore acide de pH de 2,5<br>Emballage en PET<br>Biod\u00e9gradable \u00e0 100%<\/p>\n<h4><br><strong>Pr\u00e9cautions<\/strong><\/h4>\n<ul style=\"list-style-type: disc;\">\n<li>Ne pr\u00e9sente aucune toxicit\u00e9 ni pour l\u2019organisme, ni pour l\u2019environnement mais peut \u00eatre toxique en cas d\u2019ingestion massive. Tenir hors de port\u00e9e des enfants.<\/li>\n<\/ul>\n<h4><br><br><strong>Conservation<\/strong><\/h4>\n<ul style=\"list-style-type: disc;\">\n<li>\u00e0 l\u2019abri de la chaleur.<\/li>\n<\/ul>\n<\/div>\n<\/div>\n","protected":false},"excerpt":{"rendered":"<p>Vinaigre alcool bio 8% &nbsp; &nbsp; &nbsp; &nbsp; &nbsp; 1 lt CHF 3.30 &nbsp; &nbsp; &nbsp; &nbsp; &nbsp; &nbsp; &nbsp; &nbsp; en vrac 100 ml CHF 0.30 &nbsp; &nbsp; &nbsp; &nbsp; Produit incontournable de la droguerie , on l\u2019utilise beaucoup pour r\u00e9aliser chez soi les produits d\u2019entretien.Le vinaigre d\u2019alcool s\u2019utilise \u00e9galement pour la pr\u00e9paration de conserves de l\u00e9gumes, la confection&nbsp;<a href=\"https:\/\/bien-etreiris.ch\/de\/produktpraesentation\/hygiene\/haushaltsreinigung\/droguerie-ecologique\/vinaigre-bio-8\/\" class=\"read-more\">Weiter lesen<\/a><\/p>\n","protected":false},"author":1,"featured_media":63199,"parent":34910,"menu_order":4238,"comment_status":"closed","ping_status":"closed","template":"page-with-child.php","meta":{"_acf_changed":false,"ngg_post_thumbnail":0,"footnotes":""},"class_list":["post-63271","page","type-page","status-publish","has-post-thumbnail","hentry"],"acf":[],"yoast_head":"<!-- This site is optimized with the Yoast SEO plugin v27.5 - https:\/\/yoast.com\/product\/yoast-seo-wordpress\/ -->\n<title>VINAIGRE BIO 8% - WOHLBEFINDEN<\/title>\n<meta name=\"robots\" content=\"index, follow, max-snippet:-1, max-image-preview:large, max-video-preview:-1\" \/>\n<link rel=\"canonical\" href=\"https:\/\/bien-etreiris.ch\/de\/produktpraesentation\/hygiene\/haushaltsreinigung\/droguerie-ecologique\/vinaigre-bio-8\/\" \/>\n<meta property=\"og:locale\" content=\"de_DE\" \/>\n<meta property=\"og:type\" content=\"article\" \/>\n<meta property=\"og:title\" content=\"VINAIGRE BIO 8% - WOHLBEFINDEN\" \/>\n<meta property=\"og:description\" content=\"Vinaigre alcool bio 8% &nbsp; &nbsp; &nbsp; &nbsp; &nbsp; 1 lt CHF 3.30 &nbsp; &nbsp; &nbsp; &nbsp; &nbsp; &nbsp; &nbsp; &nbsp; en vrac 100 ml CHF 0.30 &nbsp; &nbsp; &nbsp; &nbsp; Produit incontournable de la droguerie , on l\u2019utilise beaucoup pour r\u00e9aliser chez soi les produits d\u2019entretien.Le vinaigre d\u2019alcool s\u2019utilise \u00e9galement pour la pr\u00e9paration de conserves de l\u00e9gumes, la confection&nbsp;Weiter lesen\" \/>\n<meta property=\"og:url\" content=\"https:\/\/bien-etreiris.ch\/de\/produktpraesentation\/hygiene\/haushaltsreinigung\/droguerie-ecologique\/vinaigre-bio-8\/\" \/>\n<meta property=\"og:site_name\" content=\"WOHLBEFINDEN\" \/>\n<meta property=\"article:publisher\" content=\"https:\/\/www.facebook.com\/bienetreiris\/\" \/>\n<meta property=\"article:modified_time\" content=\"2023-01-01T15:41:55+00:00\" \/>\n<meta property=\"og:image\" content=\"https:\/\/bien-etreiris.ch\/wp-content\/uploads\/2022\/12\/acceuil-vinaigre-8-.jpg\" \/>\n\t<meta property=\"og:image:width\" content=\"500\" \/>\n\t<meta property=\"og:image:height\" content=\"333\" \/>\n\t<meta property=\"og:image:type\" content=\"image\/jpeg\" \/>\n<meta name=\"twitter:label1\" content=\"Gesch\u00e4tzte Lesezeit\" \/>\n\t<meta name=\"twitter:data1\" content=\"5\u00a0Minuten\" \/>\n<script type=\"application\/ld+json\" class=\"yoast-schema-graph\">{\"@context\":\"https:\\\/\\\/schema.org\",\"@graph\":[{\"@type\":\"WebPage\",\"@id\":\"https:\\\/\\\/bien-etreiris.ch\\\/de\\\/produktpraesentation\\\/hygiene\\\/haushaltsreinigung\\\/droguerie-ecologique\\\/vinaigre-bio-8\\\/\",\"url\":\"https:\\\/\\\/bien-etreiris.ch\\\/de\\\/produktpraesentation\\\/hygiene\\\/haushaltsreinigung\\\/droguerie-ecologique\\\/vinaigre-bio-8\\\/\",\"name\":\"VINAIGRE BIO 8% - WOHLBEFINDEN\",\"isPartOf\":{\"@id\":\"https:\\\/\\\/bien-etreiris.ch\\\/de\\\/#website\"},\"primaryImageOfPage\":{\"@id\":\"https:\\\/\\\/bien-etreiris.ch\\\/de\\\/produktpraesentation\\\/hygiene\\\/haushaltsreinigung\\\/droguerie-ecologique\\\/vinaigre-bio-8\\\/#primaryimage\"},\"image\":{\"@id\":\"https:\\\/\\\/bien-etreiris.ch\\\/de\\\/produktpraesentation\\\/hygiene\\\/haushaltsreinigung\\\/droguerie-ecologique\\\/vinaigre-bio-8\\\/#primaryimage\"},\"thumbnailUrl\":\"https:\\\/\\\/bien-etreiris.ch\\\/wp-content\\\/uploads\\\/2022\\\/12\\\/acceuil-vinaigre-8-.jpg\",\"datePublished\":\"2022-12-30T13:02:18+00:00\",\"dateModified\":\"2023-01-01T15:41:55+00:00\",\"breadcrumb\":{\"@id\":\"https:\\\/\\\/bien-etreiris.ch\\\/de\\\/produktpraesentation\\\/hygiene\\\/haushaltsreinigung\\\/droguerie-ecologique\\\/vinaigre-bio-8\\\/#breadcrumb\"},\"inLanguage\":\"de\",\"potentialAction\":[{\"@type\":\"ReadAction\",\"target\":[\"https:\\\/\\\/bien-etreiris.ch\\\/de\\\/produktpraesentation\\\/hygiene\\\/haushaltsreinigung\\\/droguerie-ecologique\\\/vinaigre-bio-8\\\/\"]}]},{\"@type\":\"ImageObject\",\"inLanguage\":\"de\",\"@id\":\"https:\\\/\\\/bien-etreiris.ch\\\/de\\\/produktpraesentation\\\/hygiene\\\/haushaltsreinigung\\\/droguerie-ecologique\\\/vinaigre-bio-8\\\/#primaryimage\",\"url\":\"https:\\\/\\\/bien-etreiris.ch\\\/wp-content\\\/uploads\\\/2022\\\/12\\\/acceuil-vinaigre-8-.jpg\",\"contentUrl\":\"https:\\\/\\\/bien-etreiris.ch\\\/wp-content\\\/uploads\\\/2022\\\/12\\\/acceuil-vinaigre-8-.jpg\",\"width\":500,\"height\":333},{\"@type\":\"BreadcrumbList\",\"@id\":\"https:\\\/\\\/bien-etreiris.ch\\\/de\\\/produktpraesentation\\\/hygiene\\\/haushaltsreinigung\\\/droguerie-ecologique\\\/vinaigre-bio-8\\\/#breadcrumb\",\"itemListElement\":[{\"@type\":\"ListItem\",\"position\":1,\"name\":\"Home\",\"item\":\"https:\\\/\\\/bien-etreiris.ch\\\/de\\\/\"},{\"@type\":\"ListItem\",\"position\":2,\"name\":\"PRODUKTPR\u00c4SENTATION\",\"item\":\"https:\\\/\\\/bien-etreiris.ch\\\/de\\\/produktpraesentation\\\/\"},{\"@type\":\"ListItem\",\"position\":3,\"name\":\"HYGIENE\",\"item\":\"https:\\\/\\\/bien-etreiris.ch\\\/de\\\/produktpraesentation\\\/hygiene\\\/\"},{\"@type\":\"ListItem\",\"position\":4,\"name\":\"HAUSHALTSREINIGUNG\",\"item\":\"https:\\\/\\\/bien-etreiris.ch\\\/de\\\/produktpraesentation\\\/hygiene\\\/haushaltsreinigung\\\/\"},{\"@type\":\"ListItem\",\"position\":5,\"name\":\"DROGUERIE ECOLOGIQUE\",\"item\":\"https:\\\/\\\/bien-etreiris.ch\\\/de\\\/produktpraesentation\\\/hygiene\\\/haushaltsreinigung\\\/droguerie-ecologique\\\/\"},{\"@type\":\"ListItem\",\"position\":6,\"name\":\"VINAIGRE BIO 8%\"}]},{\"@type\":\"WebSite\",\"@id\":\"https:\\\/\\\/bien-etreiris.ch\\\/de\\\/#website\",\"url\":\"https:\\\/\\\/bien-etreiris.ch\\\/de\\\/\",\"name\":\"Bien-\u00eatre Iris\",\"description\":\"IHRE Gesundheit ist uns wichtig\",\"potentialAction\":[{\"@type\":\"SearchAction\",\"target\":{\"@type\":\"EntryPoint\",\"urlTemplate\":\"https:\\\/\\\/bien-etreiris.ch\\\/de\\\/?s={search_term_string}\"},\"query-input\":{\"@type\":\"PropertyValueSpecification\",\"valueRequired\":true,\"valueName\":\"search_term_string\"}}],\"inLanguage\":\"de\"}]}<\/script>\n<!-- \/ Yoast SEO plugin. -->","yoast_head_json":{"title":"VINAIGRE BIO 8% - WOHLBEFINDEN","robots":{"index":"index","follow":"follow","max-snippet":"max-snippet:-1","max-image-preview":"max-image-preview:large","max-video-preview":"max-video-preview:-1"},"canonical":"https:\/\/bien-etreiris.ch\/de\/produktpraesentation\/hygiene\/haushaltsreinigung\/droguerie-ecologique\/vinaigre-bio-8\/","og_locale":"de_DE","og_type":"article","og_title":"VINAIGRE BIO 8% - WOHLBEFINDEN","og_description":"Vinaigre alcool bio 8% &nbsp; &nbsp; &nbsp; &nbsp; &nbsp; 1 lt CHF 3.30 &nbsp; &nbsp; &nbsp; &nbsp; &nbsp; &nbsp; &nbsp; &nbsp; en vrac 100 ml CHF 0.30 &nbsp; &nbsp; &nbsp; &nbsp; Produit incontournable de la droguerie , on l\u2019utilise beaucoup pour r\u00e9aliser chez soi les produits d\u2019entretien.Le vinaigre d\u2019alcool s\u2019utilise \u00e9galement pour la pr\u00e9paration de conserves de l\u00e9gumes, la confection&nbsp;Weiter lesen","og_url":"https:\/\/bien-etreiris.ch\/de\/produktpraesentation\/hygiene\/haushaltsreinigung\/droguerie-ecologique\/vinaigre-bio-8\/","og_site_name":"WOHLBEFINDEN","article_publisher":"https:\/\/www.facebook.com\/bienetreiris\/","article_modified_time":"2023-01-01T15:41:55+00:00","og_image":[{"width":500,"height":333,"url":"https:\/\/bien-etreiris.ch\/wp-content\/uploads\/2022\/12\/acceuil-vinaigre-8-.jpg","type":"image\/jpeg"}],"twitter_misc":{"Gesch\u00e4tzte Lesezeit":"5\u00a0Minuten"},"schema":{"@context":"https:\/\/schema.org","@graph":[{"@type":"WebPage","@id":"https:\/\/bien-etreiris.ch\/de\/produktpraesentation\/hygiene\/haushaltsreinigung\/droguerie-ecologique\/vinaigre-bio-8\/","url":"https:\/\/bien-etreiris.ch\/de\/produktpraesentation\/hygiene\/haushaltsreinigung\/droguerie-ecologique\/vinaigre-bio-8\/","name":"VINAIGRE BIO 8% - WOHLBEFINDEN","isPartOf":{"@id":"https:\/\/bien-etreiris.ch\/de\/#website"},"primaryImageOfPage":{"@id":"https:\/\/bien-etreiris.ch\/de\/produktpraesentation\/hygiene\/haushaltsreinigung\/droguerie-ecologique\/vinaigre-bio-8\/#primaryimage"},"image":{"@id":"https:\/\/bien-etreiris.ch\/de\/produktpraesentation\/hygiene\/haushaltsreinigung\/droguerie-ecologique\/vinaigre-bio-8\/#primaryimage"},"thumbnailUrl":"https:\/\/bien-etreiris.ch\/wp-content\/uploads\/2022\/12\/acceuil-vinaigre-8-.jpg","datePublished":"2022-12-30T13:02:18+00:00","dateModified":"2023-01-01T15:41:55+00:00","breadcrumb":{"@id":"https:\/\/bien-etreiris.ch\/de\/produktpraesentation\/hygiene\/haushaltsreinigung\/droguerie-ecologique\/vinaigre-bio-8\/#breadcrumb"},"inLanguage":"de","potentialAction":[{"@type":"ReadAction","target":["https:\/\/bien-etreiris.ch\/de\/produktpraesentation\/hygiene\/haushaltsreinigung\/droguerie-ecologique\/vinaigre-bio-8\/"]}]},{"@type":"ImageObject","inLanguage":"de","@id":"https:\/\/bien-etreiris.ch\/de\/produktpraesentation\/hygiene\/haushaltsreinigung\/droguerie-ecologique\/vinaigre-bio-8\/#primaryimage","url":"https:\/\/bien-etreiris.ch\/wp-content\/uploads\/2022\/12\/acceuil-vinaigre-8-.jpg","contentUrl":"https:\/\/bien-etreiris.ch\/wp-content\/uploads\/2022\/12\/acceuil-vinaigre-8-.jpg","width":500,"height":333},{"@type":"BreadcrumbList","@id":"https:\/\/bien-etreiris.ch\/de\/produktpraesentation\/hygiene\/haushaltsreinigung\/droguerie-ecologique\/vinaigre-bio-8\/#breadcrumb","itemListElement":[{"@type":"ListItem","position":1,"name":"Home","item":"https:\/\/bien-etreiris.ch\/de\/"},{"@type":"ListItem","position":2,"name":"PRODUKTPR\u00c4SENTATION","item":"https:\/\/bien-etreiris.ch\/de\/produktpraesentation\/"},{"@type":"ListItem","position":3,"name":"HYGIENE","item":"https:\/\/bien-etreiris.ch\/de\/produktpraesentation\/hygiene\/"},{"@type":"ListItem","position":4,"name":"HAUSHALTSREINIGUNG","item":"https:\/\/bien-etreiris.ch\/de\/produktpraesentation\/hygiene\/haushaltsreinigung\/"},{"@type":"ListItem","position":5,"name":"DROGUERIE ECOLOGIQUE","item":"https:\/\/bien-etreiris.ch\/de\/produktpraesentation\/hygiene\/haushaltsreinigung\/droguerie-ecologique\/"},{"@type":"ListItem","position":6,"name":"VINAIGRE BIO 8%"}]},{"@type":"WebSite","@id":"https:\/\/bien-etreiris.ch\/de\/#website","url":"https:\/\/bien-etreiris.ch\/de\/","name":"Bien-\u00eatre Iris","description":"IHRE Gesundheit ist uns wichtig","potentialAction":[{"@type":"SearchAction","target":{"@type":"EntryPoint","urlTemplate":"https:\/\/bien-etreiris.ch\/de\/?s={search_term_string}"},"query-input":{"@type":"PropertyValueSpecification","valueRequired":true,"valueName":"search_term_string"}}],"inLanguage":"de"}]}},"_links":{"self":[{"href":"https:\/\/bien-etreiris.ch\/de\/wp-json\/wp\/v2\/pages\/63271","targetHints":{"allow":["GET"]}}],"collection":[{"href":"https:\/\/bien-etreiris.ch\/de\/wp-json\/wp\/v2\/pages"}],"about":[{"href":"https:\/\/bien-etreiris.ch\/de\/wp-json\/wp\/v2\/types\/page"}],"author":[{"embeddable":true,"href":"https:\/\/bien-etreiris.ch\/de\/wp-json\/wp\/v2\/users\/1"}],"replies":[{"embeddable":true,"href":"https:\/\/bien-etreiris.ch\/de\/wp-json\/wp\/v2\/comments?post=63271"}],"version-history":[{"count":1,"href":"https:\/\/bien-etreiris.ch\/de\/wp-json\/wp\/v2\/pages\/63271\/revisions"}],"predecessor-version":[{"id":63273,"href":"https:\/\/bien-etreiris.ch\/de\/wp-json\/wp\/v2\/pages\/63271\/revisions\/63273"}],"up":[{"embeddable":true,"href":"https:\/\/bien-etreiris.ch\/de\/wp-json\/wp\/v2\/pages\/34910"}],"wp:featuredmedia":[{"embeddable":true,"href":"https:\/\/bien-etreiris.ch\/de\/wp-json\/wp\/v2\/media\/63199"}],"wp:attachment":[{"href":"https:\/\/bien-etreiris.ch\/de\/wp-json\/wp\/v2\/media?parent=63271"}],"curies":[{"name":"wp","href":"https:\/\/api.w.org\/{rel}","templated":true}]}}