{"id":63267,"date":"2023-01-01T17:02:45","date_gmt":"2023-01-01T15:02:45","guid":{"rendered":"https:\/\/bien-etreiris.ch\/unsere-marken\/drogerie-ecologique\/soude-en-cristaux\/"},"modified":"2023-01-01T17:36:46","modified_gmt":"2023-01-01T15:36:46","slug":"soude-en-cristaux","status":"publish","type":"page","link":"https:\/\/bien-etreiris.ch\/de\/produktpraesentation\/hygiene\/haushaltsreinigung\/droguerie-ecologique\/soude-en-cristaux\/","title":{"rendered":"SOUDE EN CRISTAUX"},"content":{"rendered":"\n<h2>Soude en cristaux<\/h2>\n<p><a href=\"https:\/\/decoiris.ch\/wp-content\/uploads\/2020\/11\/Soude-en-cristaux.png\"><img loading=\"lazy\" decoding=\"async\" class=\"wp-image-34993 alignleft\" src=\"https:\/\/decoiris.ch\/wp-content\/uploads\/2020\/11\/Soude-en-cristaux.png\" sizes=\"auto, (max-width: 300px) 100vw, 300px\" srcset=\"https:\/\/bien-etreiris.ch\/wp-content\/uploads\/2020\/11\/Soude-en-cristaux.png 200w, https:\/\/bien-etreiris.ch\/wp-content\/uploads\/2020\/11\/Soude-en-cristaux-150x150.png 150w\" alt=\"\" width=\"300\" height=\"300\"><\/a><\/p>\n<p>&nbsp;<\/p>\n<p>&nbsp;<\/p>\n<p>&nbsp;<\/p>\n<p>&nbsp;<\/p>\n<p>500 g <strong>CHF 4.50<\/strong><\/p>\n<p>en vrac 100 g<strong> CHF 0.70<\/strong><\/p>\n<p>&nbsp;<\/p>\n<p>&nbsp;<\/p>\n<p>&nbsp;<\/p>\n<p>La soude en cristaux concentr\u00e9e (pr\u00e8s de 3 fois plus active que les cristaux de soude hydrat\u00e9s traditionnels) est un sel connu depuis longtemps pour ses usages multiples en produit m\u00e9nager. Cette poudre soluble dans l\u2019eau nettoie, d\u00e9sodorise, saponifie les graisses et neutralise les acides. Son pH alcalin permet de neutraliser les acides, d\u00e9tartrer et dissoudre les mati\u00e8res grasses sur le linge. On peut aussi l\u2019utiliser pour nettoyer l\u2019\u00e9mail (baignoire, WC, lavabo\u2026), le marbre, ou encore d\u00e9boucher les plomberies (bouchon organique). Permet \u00e9galement le nettoyage de diverses surfaces fortement encrass\u00e9es (hotte, poubelle, porte du four, toilettes, r\u00e9frig\u00e9rateur\u2026). Son effet adoucissant accro\u00eet l\u2019efficacit\u00e9 des agents nettoyants habituels (lessive, liquide vaisselle). En bricolage, la soude en cristaux facilite le d\u00e9collage du papier peint et des vieilles peintures.<\/p>\n<p>La soude en cristaux est un nettoyant multi-usage.&nbsp;<br>Puissant, il s'utilise \u00e0 petite dose et est donc tr\u00e8s \u00e9conomique \u00e0 l'usage. Pour la vaisselle, la verrerie, les casseroles br\u00fbl\u00e9es ... Pour nettoyer la cuisini\u00e8re, meubles, salle de bain, robinetterie, marbre ... Pour d\u00e9crasser four, frigo, cong\u00e9lateur, plan de cuisson, hotte... Pour adoucir l'eau (et ainsi \u00e9conomiser les produits d'entretien en en mettant moins) Pour le linge tr\u00e8s sale Pour d\u00e9boucher les canalisations (plus efficace que le bicarbonate de soude pour cet usage) et \u00e9liminer les mauvaises odeurs. Pour d\u00e9caper doucement de vieilles peinture \u00e0 l'huile et cires Pour \u00e9liminer des lichens et moisissures sur les surfaces en bois et en pierre, terrasses... &nbsp;La soude (carbonate de sodium) est un sel connu depuis longtemps pour ses usages multiples comme produit m\u00e9nager. Il s'utilise le plus souvent dissous dans l'eau chaude. Propri\u00e9t\u00e9s: Action nettoyante et d\u00e9sodorisante Produit alcalin Saponifie les graisses Fongicide et bact\u00e9ricide: neutralise les acides<\/p>\n<h4>Composition:<\/h4>\n<p>Soude calcin\u00e9e (carbonate de sodium) c'est \u00e0 dire cristallis\u00e9e.<\/p>\n<p>&nbsp;<\/p>\n<h2>Recette:<\/h2>\n<h4><strong>La vaisselle<\/strong><br><br><strong>Nettoyer la verrerie et la vaisselle tach\u00e9e<\/strong><\/h4>\n<p>Verres, carafes, flacons, vaisselle tach\u00e9e par du th\u00e9, du caf\u00e9\u2026 Remplir le r\u00e9cipient avec la solution. Agitez. Laissez agir quelques heures. Bien rincez \u00e0 l\u2019eau potable. Faites s\u00e9cher goulot en bas. La vaisselle retrouve son \u00e9clat!<\/p>\n<p>&nbsp;<\/p>\n<p><strong>Casseroles\/po\u00ebles br\u00fbl\u00e9es <\/strong><\/p>\n<p><strong>Ne convient pas au fer ni \u00e0 l\u2019aluminium<\/strong><br>Mettez une couche de soude en cristaux dans le fond de la casserole, ajoutez-y de l\u2019eau bouillante pour couvrir. Laissez agir une demie journ\u00e9e. Lavez et rincez.<br><strong>Nettoyant tout usage<\/strong><br>Lavez avec une \u00e9ponge la cuisini\u00e8re, les meubles de cuisine, salle de bain et lavabo, et peintures pour un r\u00e9sultat impeccable.<\/p>\n<h4><br><br><strong>Salle de bain<\/strong><\/h4>\n<p>Vous pourrez \u00e9galement vous servir de ce m\u00e9lange pour nettoyer votre salle de bain (dont la robinetterie). S\u00e9chez ensuite vos surfaces \u00e0 l\u2019aide d\u2019une microfibre.<br><strong>Entretien du marbre<\/strong><br>Pr\u00e9parez la p\u00e2te ci-contre. Etalez en couche \u00e9paisse, nettoyez et essuyez au bout d'une heure.<br><strong>Lessivage du linge<\/strong><br><strong>Neutralise la duret\u00e9 de l\u2019eau pour \u00e9conomiser les produits lessiviels<\/strong><br>Quand on utilise du savon en paillettes pour laver le linge une grande partie du savon est inactiv\u00e9e par une eau dure, riche en calcaire. Pour enlever la duret\u00e9 de l\u2019eau, on ajoute \u00e0 l\u2019eau de lavage par litre et par degr\u00e9 de duret\u00e9 0,1 g de soude. Par exemple, pour 20 litres d\u2019une eau de duret\u00e9 22, il faut ajouter 44 g de soude. Attendre 10 minutes avant de proc\u00e9der au lavage.<br>&nbsp;<\/p>\n<h4><strong>Pour le linge tr\u00e8s sale<\/strong><\/h4>\n<p><br>En machine : environ 3 CS de soude \u00e0 dissoudre dans une tasse d\u2019eau chaude, mettre dans le bac \u00e0 assouplisseur. Ils nettoient en profondeur votre linge et le d\u00e9p\u00f4t de calcaire dans la machine ; du 2 en 1.<\/p>\n<h4><br><br><strong>D\u00e9crassage<\/strong><\/h4>\n<p><br><br><strong>Terrasse encrass\u00e9e<\/strong><br>Diluez 1CS de soude en cristaux dans un seau d\u2019eau chaude. Frottez la terrasse \u00e0 l\u2019aide d\u2019un balai brosse, ajoutez un peu d\u2019huile de coude et le r\u00e9sultat sera surprenant !<br><strong>D\u00e9crassage du r\u00e9frig\u00e9rateur\/cong\u00e9lateur<\/strong><br>Une CS de soude en cristaux + un bouchon de d\u00e9sinfectant dans un seau d\u2019eau chaude. Nettoyez \u00e0 l\u2019\u00e9ponge, repassez avec une \u00e9ponge impr\u00e9gn\u00e9e de d\u00e9sinfectant (vinaigre blanc par exemple).<br><strong>D\u00e9crassage des toilettes<\/strong><br>Diluez un 1\/2 verre de soude dans un seau d\u2019eau chaude. Appliquer, laissez agir 15 minutes, brossez puis tirez la chasse d\u2019eau. Op\u00e9ration \u00e0 renouveler une fois tout les 15 jours, sert pour toute la tuyauterie (cuisine..).<br><strong>Surfaces grasses<\/strong><br>Pour plan de cuisson, dessus de hotte, a\u00e9rateur, poubelle, porte de four ou tache de graisse incrust\u00e9es. Epongez la surface graisseuse avec votre pr\u00e9paration, rincez \u00e0 l\u2019eau, puis essuyez avec un torchon sec. Ce m\u00e9lange peut \u00eatre utilis\u00e9 pour nettoyer un linol\u00e9um encrass\u00e9.<br><strong>Elimination des mauvaises odeurs et d\u00e9bouchage des canalisations<\/strong><br>Dissoudre 2 \u00e0 3 CS de soude dans 2 litres d\u2019eau bouillante, verser la solution dans la canalisation. Laisser agir une heure avant de bien rincer. Cette op\u00e9ration ne vous dispense pas de nettoyer votre siphon de lavabo et d\u2019en enlever les d\u00e9p\u00f4ts..<br><strong>Elimination des lichens et des moisissures sur les surfaces en bois et en pierre<\/strong><br>A l\u2019aide d\u2019une brosse \u00e0 poils durs, frotter les parties \u00e0 traiter avec une solution de soude (1 CS pour 1 litre d\u2019eau). Le pouvoir alcalin \u00e9lev\u00e9 de la soude d\u00e9truit les lichens et les moisissures. Avant d\u2019appliquer tout traitement \u00e0 base d\u2019huile (peinture, lasure,&nbsp; etc.), neutraliser avec du vinaigre. On peut ainsi nettoyer toutes sortes de rangements en bois.<\/p>\n<h2><br><br><strong>Bricolage et peinture<\/strong><\/h2>\n<p><br><strong>D\u00e9coller le papier peint<\/strong><br>Diluez 2 ou 3 CS de soude dans un seau d\u2019eau chaude. Appliquez sur le papier peint \u00e0 enlever avec une \u00e9ponge en mousse, bien mouiller le mur. Attendez une minute, normalement le papier peint se d\u00e9colle comme d\u2019un rien\u2026 facile non ?<br><strong>Augmenter le temps de prise du pl\u00e2tre<\/strong><br>Il suffit d\u2019ajouter une pinc\u00e9e de soude au pl\u00e2tre pour augmenter notablement son temps de prise.<br><strong>D\u00e9capage doux de vieilles peintures \u00e0 l\u2019huile et de cires<\/strong><br>Certaines anciennes peintures \u00e0 l\u2019huile ou cires se d\u00e9capent tr\u00e8s bien avec une simple lessive \u00e0 la soude. Il vaut mieux essayer dans un premier temps ce produit de m\u00e9nage relativement peu toxique, avant d\u2019utiliser tout de suite un d\u00e9capant puissant&nbsp; contenant \u00e9ventuellement des solvants.<br>- Dissolvez 3 CS de soude en cristaux dans 1 litre d\u2019eau bouillante.<br>- Appliquez la solution avec une \u00e9ponge sur les anciennes couches de cire ou de peintures \u00e0 l\u2019huile et laisser agir 5 \u00e0 10 minutes.<br>- Les vieilles couches se dissolvent en prenant une couleur brune.<br>- Rincer \u00e0 l\u2019eau claire, laisser s\u00e9cher une journ\u00e9e, avant de neutraliser le fond avec du vinaigre.<br>- Apr\u00e8s un pon\u00e7age fin, on peut appliquer une nouvelle couche de peinture.<br>Attention ! Les bois contenant du tannin (comme le ch\u00eane ou le ch\u00e2taignier) peuvent foncer avec la lessive de soude. Faire un essai au pr\u00e9alable !<br><strong>Lessivage de surfaces laqu\u00e9es et huil\u00e9es<\/strong><br>Dissoudre 2 CS de soude en cristaux dans 1 litre d\u2019eau chaude.<br>- Lessiver les fonds avec cette solution.<br>- Laisser agir \u00e9ventuellement 1 \u00e0 2 minutes, avant de rincer aussit\u00f4t \u00e0 l\u2019eau claire et neutraliser ensuite avec du vinaigre.<br>Le lessivage \u00e0 la soude casse le brillant de la couche de peinture, ce qui permet d\u2019appliquer une nouvelle couche et d\u2019\u00e9conomiser l\u2019op\u00e9ration de pon\u00e7age qui occasionne des poussi\u00e8res.<br><strong>Nettoyage doux des portes laqu\u00e9es (portes et fen\u00eatres)<\/strong><br>Dissoudre 1 CS de soude dans 1 litre d\u2019eau. Nettoyer puis rincer \u00e0 l\u2019eau claire.<\/p>\n<p>&nbsp;<\/p>\n<p>&nbsp;<\/p>\n<p>&nbsp;<\/p>\n<h3>Impact environnemental:<\/h3>\n<p>&nbsp;<\/p>\n<p>Fabrication et conditionnement en Europe Occidentale. Fabriqu\u00e9e \u00e0 partir de mati\u00e8res naturelles communes<\/p>\n<p>(craie, sel). Emballage en kraft Indice carbone faible : sac kraft 500gr = 75 gr CO2\u00e9e des enfants et garder sous clef.10.5 (basique) et est class\u00e9 GHS03, GHS05, GHS07. Fort pouvoir oxydant<\/p>\n<p>&nbsp;<\/p>\n<h2>A savoir:<\/h2>\n<h4><strong>Quelques caract\u00e9ristiques techniques<\/strong><\/h4>\n<ul style=\"list-style-type: disc;\">\n<li>Poudre cristalline soluble dans l\u2019eau<\/li>\n<li>Nettoyant et d\u00e9graissant universel<\/li>\n<li>Pr\u00e9sente un pH de 11,4<\/li>\n<li>Classification : GHS07(basique) et est class\u00e9 GHS03, GHS05, GHS07. Fort pouvoir oxydant<\/li>\n<\/ul>\n<h4><br><strong>Pr\u00e9cautions<\/strong><\/h4>\n<p>Information r\u00e9glementaire&nbsp;<\/p>\n<p>Dangereux - Respecter les conditions d\u2019emploi. Lire l\u2019\u00e9tiquette avant utilisation<\/p>\n<ul style=\"list-style-type: disc;\">\n<li>Provoque une s\u00e9v\u00e8re irritation des yeux.<\/li>\n<li>En cas de contact avec les yeux : rincer en abondance \u00e0 l\u2019eau pendant plusieurs minutes. Enlever les lentilles de contact si la victime en porte et si elles peuvent \u00eatre facilement enlev\u00e9es. Continuer \u00e0 rincer. Si l\u2019irritation oculaire persiste : Consulter un m\u00e9decin. Porter des gants de protection, un \u00e9quipement de protection des yeux, un \u00e9quipement de protection du visage. Se laver soigneusement les mains apr\u00e8s manipulations. En cas de consultation d\u2019un m\u00e9decin, garder \u00e0 disposition l\u2019emballage. Eliminer le contenu du r\u00e9cipient dans une d\u00e9charge agr\u00e9\u00e9e.<\/li>\n<li>Ne jamais neutraliser une solution de soude fortement concentr\u00e9e directement avec un acide : d\u00e9gagement de chaleur et risques de projections.<\/li>\n<li>Probl\u00e8me de compatibilit\u00e9 :<\/li>\n<li>Ne pas mettre en contact avec l\u2019aluminium<\/li>\n<li>Evitez d\u2019utiliser sur le ch\u00eane et le ch\u00e2taignier produit m\u00e9nager et d\u2019entretien de la maison.<\/li>\n<li>Tenir hors de port\u00e9e des enfants sous clef.<\/li>\n<\/ul>\n<p>&nbsp;<\/p>\n<h4><br><strong>Conservation<\/strong><\/h4>\n<ul style=\"list-style-type: disc;\">\n<li>A l\u2019abri de la chaleur &lt; 30\u00b0C, et de l\u2019humidit\u00e9, se conserve presque ind\u00e9finiment.<\/li>\n<\/ul>\n<p>&nbsp;<\/p>\n<p>&nbsp;<\/p>\n<p>&nbsp;<\/p>\n<p>&nbsp;<\/p>\n<p>&nbsp;<\/p>\n","protected":false},"excerpt":{"rendered":"<p>Soude en cristaux &nbsp; &nbsp; &nbsp; &nbsp; 500 g CHF 4.50 en vrac 100 g CHF 0.70 &nbsp; &nbsp; &nbsp; La soude en cristaux concentr\u00e9e (pr\u00e8s de 3 fois plus active que les cristaux de soude hydrat\u00e9s traditionnels) est un sel connu depuis longtemps pour ses usages multiples en produit m\u00e9nager. Cette poudre soluble dans l\u2019eau nettoie, d\u00e9sodorise, saponifie les&nbsp;<a href=\"https:\/\/bien-etreiris.ch\/de\/produktpraesentation\/hygiene\/haushaltsreinigung\/droguerie-ecologique\/soude-en-cristaux\/\" class=\"read-more\">Weiter lesen<\/a><\/p>\n","protected":false},"author":1,"featured_media":63265,"parent":34910,"menu_order":4229,"comment_status":"closed","ping_status":"closed","template":"page-with-child.php","meta":{"_acf_changed":false,"ngg_post_thumbnail":0,"footnotes":""},"class_list":["post-63267","page","type-page","status-publish","has-post-thumbnail","hentry"],"acf":[],"yoast_head":"<!-- This site is optimized with the Yoast SEO plugin v27.5 - https:\/\/yoast.com\/product\/yoast-seo-wordpress\/ -->\n<title>SOUDE EN CRISTAUX - WOHLBEFINDEN<\/title>\n<meta name=\"robots\" content=\"index, follow, max-snippet:-1, max-image-preview:large, max-video-preview:-1\" \/>\n<link rel=\"canonical\" href=\"https:\/\/bien-etreiris.ch\/de\/produktpraesentation\/hygiene\/haushaltsreinigung\/droguerie-ecologique\/soude-en-cristaux\/\" \/>\n<meta property=\"og:locale\" content=\"de_DE\" \/>\n<meta property=\"og:type\" content=\"article\" \/>\n<meta property=\"og:title\" content=\"SOUDE EN CRISTAUX - WOHLBEFINDEN\" \/>\n<meta property=\"og:description\" content=\"Soude en cristaux &nbsp; &nbsp; &nbsp; &nbsp; 500 g CHF 4.50 en vrac 100 g CHF 0.70 &nbsp; &nbsp; &nbsp; La soude en cristaux concentr\u00e9e (pr\u00e8s de 3 fois plus active que les cristaux de soude hydrat\u00e9s traditionnels) est un sel connu depuis longtemps pour ses usages multiples en produit m\u00e9nager. Cette poudre soluble dans l\u2019eau nettoie, d\u00e9sodorise, saponifie les&nbsp;Weiter lesen\" \/>\n<meta property=\"og:url\" content=\"https:\/\/bien-etreiris.ch\/de\/produktpraesentation\/hygiene\/haushaltsreinigung\/droguerie-ecologique\/soude-en-cristaux\/\" \/>\n<meta property=\"og:site_name\" content=\"WOHLBEFINDEN\" \/>\n<meta property=\"article:publisher\" content=\"https:\/\/www.facebook.com\/bienetreiris\/\" \/>\n<meta property=\"article:modified_time\" content=\"2023-01-01T15:36:46+00:00\" \/>\n<meta property=\"og:image\" content=\"https:\/\/bien-etreiris.ch\/wp-content\/uploads\/2023\/01\/acceuil-Soude-en-cristaux.jpg\" \/>\n\t<meta property=\"og:image:width\" content=\"550\" \/>\n\t<meta property=\"og:image:height\" content=\"320\" \/>\n\t<meta property=\"og:image:type\" content=\"image\/jpeg\" \/>\n<meta name=\"twitter:label1\" content=\"Gesch\u00e4tzte Lesezeit\" \/>\n\t<meta name=\"twitter:data1\" content=\"8\u00a0Minuten\" \/>\n<script type=\"application\/ld+json\" class=\"yoast-schema-graph\">{\"@context\":\"https:\\\/\\\/schema.org\",\"@graph\":[{\"@type\":\"WebPage\",\"@id\":\"https:\\\/\\\/bien-etreiris.ch\\\/de\\\/produktpraesentation\\\/hygiene\\\/haushaltsreinigung\\\/droguerie-ecologique\\\/soude-en-cristaux\\\/\",\"url\":\"https:\\\/\\\/bien-etreiris.ch\\\/de\\\/produktpraesentation\\\/hygiene\\\/haushaltsreinigung\\\/droguerie-ecologique\\\/soude-en-cristaux\\\/\",\"name\":\"SOUDE EN CRISTAUX - WOHLBEFINDEN\",\"isPartOf\":{\"@id\":\"https:\\\/\\\/bien-etreiris.ch\\\/de\\\/#website\"},\"primaryImageOfPage\":{\"@id\":\"https:\\\/\\\/bien-etreiris.ch\\\/de\\\/produktpraesentation\\\/hygiene\\\/haushaltsreinigung\\\/droguerie-ecologique\\\/soude-en-cristaux\\\/#primaryimage\"},\"image\":{\"@id\":\"https:\\\/\\\/bien-etreiris.ch\\\/de\\\/produktpraesentation\\\/hygiene\\\/haushaltsreinigung\\\/droguerie-ecologique\\\/soude-en-cristaux\\\/#primaryimage\"},\"thumbnailUrl\":\"https:\\\/\\\/bien-etreiris.ch\\\/wp-content\\\/uploads\\\/2023\\\/01\\\/acceuil-Soude-en-cristaux.jpg\",\"datePublished\":\"2023-01-01T15:02:45+00:00\",\"dateModified\":\"2023-01-01T15:36:46+00:00\",\"breadcrumb\":{\"@id\":\"https:\\\/\\\/bien-etreiris.ch\\\/de\\\/produktpraesentation\\\/hygiene\\\/haushaltsreinigung\\\/droguerie-ecologique\\\/soude-en-cristaux\\\/#breadcrumb\"},\"inLanguage\":\"de\",\"potentialAction\":[{\"@type\":\"ReadAction\",\"target\":[\"https:\\\/\\\/bien-etreiris.ch\\\/de\\\/produktpraesentation\\\/hygiene\\\/haushaltsreinigung\\\/droguerie-ecologique\\\/soude-en-cristaux\\\/\"]}]},{\"@type\":\"ImageObject\",\"inLanguage\":\"de\",\"@id\":\"https:\\\/\\\/bien-etreiris.ch\\\/de\\\/produktpraesentation\\\/hygiene\\\/haushaltsreinigung\\\/droguerie-ecologique\\\/soude-en-cristaux\\\/#primaryimage\",\"url\":\"https:\\\/\\\/bien-etreiris.ch\\\/wp-content\\\/uploads\\\/2023\\\/01\\\/acceuil-Soude-en-cristaux.jpg\",\"contentUrl\":\"https:\\\/\\\/bien-etreiris.ch\\\/wp-content\\\/uploads\\\/2023\\\/01\\\/acceuil-Soude-en-cristaux.jpg\",\"width\":550,\"height\":320},{\"@type\":\"BreadcrumbList\",\"@id\":\"https:\\\/\\\/bien-etreiris.ch\\\/de\\\/produktpraesentation\\\/hygiene\\\/haushaltsreinigung\\\/droguerie-ecologique\\\/soude-en-cristaux\\\/#breadcrumb\",\"itemListElement\":[{\"@type\":\"ListItem\",\"position\":1,\"name\":\"Home\",\"item\":\"https:\\\/\\\/bien-etreiris.ch\\\/de\\\/\"},{\"@type\":\"ListItem\",\"position\":2,\"name\":\"PRODUKTPR\u00c4SENTATION\",\"item\":\"https:\\\/\\\/bien-etreiris.ch\\\/de\\\/produktpraesentation\\\/\"},{\"@type\":\"ListItem\",\"position\":3,\"name\":\"HYGIENE\",\"item\":\"https:\\\/\\\/bien-etreiris.ch\\\/de\\\/produktpraesentation\\\/hygiene\\\/\"},{\"@type\":\"ListItem\",\"position\":4,\"name\":\"HAUSHALTSREINIGUNG\",\"item\":\"https:\\\/\\\/bien-etreiris.ch\\\/de\\\/produktpraesentation\\\/hygiene\\\/haushaltsreinigung\\\/\"},{\"@type\":\"ListItem\",\"position\":5,\"name\":\"DROGUERIE ECOLOGIQUE\",\"item\":\"https:\\\/\\\/bien-etreiris.ch\\\/de\\\/produktpraesentation\\\/hygiene\\\/haushaltsreinigung\\\/droguerie-ecologique\\\/\"},{\"@type\":\"ListItem\",\"position\":6,\"name\":\"SOUDE EN CRISTAUX\"}]},{\"@type\":\"WebSite\",\"@id\":\"https:\\\/\\\/bien-etreiris.ch\\\/de\\\/#website\",\"url\":\"https:\\\/\\\/bien-etreiris.ch\\\/de\\\/\",\"name\":\"Bien-\u00eatre Iris\",\"description\":\"IHRE Gesundheit ist uns wichtig\",\"potentialAction\":[{\"@type\":\"SearchAction\",\"target\":{\"@type\":\"EntryPoint\",\"urlTemplate\":\"https:\\\/\\\/bien-etreiris.ch\\\/de\\\/?s={search_term_string}\"},\"query-input\":{\"@type\":\"PropertyValueSpecification\",\"valueRequired\":true,\"valueName\":\"search_term_string\"}}],\"inLanguage\":\"de\"}]}<\/script>\n<!-- \/ Yoast SEO plugin. -->","yoast_head_json":{"title":"SOUDE EN CRISTAUX - WOHLBEFINDEN","robots":{"index":"index","follow":"follow","max-snippet":"max-snippet:-1","max-image-preview":"max-image-preview:large","max-video-preview":"max-video-preview:-1"},"canonical":"https:\/\/bien-etreiris.ch\/de\/produktpraesentation\/hygiene\/haushaltsreinigung\/droguerie-ecologique\/soude-en-cristaux\/","og_locale":"de_DE","og_type":"article","og_title":"SOUDE EN CRISTAUX - WOHLBEFINDEN","og_description":"Soude en cristaux &nbsp; &nbsp; &nbsp; &nbsp; 500 g CHF 4.50 en vrac 100 g CHF 0.70 &nbsp; &nbsp; &nbsp; La soude en cristaux concentr\u00e9e (pr\u00e8s de 3 fois plus active que les cristaux de soude hydrat\u00e9s traditionnels) est un sel connu depuis longtemps pour ses usages multiples en produit m\u00e9nager. Cette poudre soluble dans l\u2019eau nettoie, d\u00e9sodorise, saponifie les&nbsp;Weiter lesen","og_url":"https:\/\/bien-etreiris.ch\/de\/produktpraesentation\/hygiene\/haushaltsreinigung\/droguerie-ecologique\/soude-en-cristaux\/","og_site_name":"WOHLBEFINDEN","article_publisher":"https:\/\/www.facebook.com\/bienetreiris\/","article_modified_time":"2023-01-01T15:36:46+00:00","og_image":[{"width":550,"height":320,"url":"https:\/\/bien-etreiris.ch\/wp-content\/uploads\/2023\/01\/acceuil-Soude-en-cristaux.jpg","type":"image\/jpeg"}],"twitter_misc":{"Gesch\u00e4tzte Lesezeit":"8\u00a0Minuten"},"schema":{"@context":"https:\/\/schema.org","@graph":[{"@type":"WebPage","@id":"https:\/\/bien-etreiris.ch\/de\/produktpraesentation\/hygiene\/haushaltsreinigung\/droguerie-ecologique\/soude-en-cristaux\/","url":"https:\/\/bien-etreiris.ch\/de\/produktpraesentation\/hygiene\/haushaltsreinigung\/droguerie-ecologique\/soude-en-cristaux\/","name":"SOUDE EN CRISTAUX - WOHLBEFINDEN","isPartOf":{"@id":"https:\/\/bien-etreiris.ch\/de\/#website"},"primaryImageOfPage":{"@id":"https:\/\/bien-etreiris.ch\/de\/produktpraesentation\/hygiene\/haushaltsreinigung\/droguerie-ecologique\/soude-en-cristaux\/#primaryimage"},"image":{"@id":"https:\/\/bien-etreiris.ch\/de\/produktpraesentation\/hygiene\/haushaltsreinigung\/droguerie-ecologique\/soude-en-cristaux\/#primaryimage"},"thumbnailUrl":"https:\/\/bien-etreiris.ch\/wp-content\/uploads\/2023\/01\/acceuil-Soude-en-cristaux.jpg","datePublished":"2023-01-01T15:02:45+00:00","dateModified":"2023-01-01T15:36:46+00:00","breadcrumb":{"@id":"https:\/\/bien-etreiris.ch\/de\/produktpraesentation\/hygiene\/haushaltsreinigung\/droguerie-ecologique\/soude-en-cristaux\/#breadcrumb"},"inLanguage":"de","potentialAction":[{"@type":"ReadAction","target":["https:\/\/bien-etreiris.ch\/de\/produktpraesentation\/hygiene\/haushaltsreinigung\/droguerie-ecologique\/soude-en-cristaux\/"]}]},{"@type":"ImageObject","inLanguage":"de","@id":"https:\/\/bien-etreiris.ch\/de\/produktpraesentation\/hygiene\/haushaltsreinigung\/droguerie-ecologique\/soude-en-cristaux\/#primaryimage","url":"https:\/\/bien-etreiris.ch\/wp-content\/uploads\/2023\/01\/acceuil-Soude-en-cristaux.jpg","contentUrl":"https:\/\/bien-etreiris.ch\/wp-content\/uploads\/2023\/01\/acceuil-Soude-en-cristaux.jpg","width":550,"height":320},{"@type":"BreadcrumbList","@id":"https:\/\/bien-etreiris.ch\/de\/produktpraesentation\/hygiene\/haushaltsreinigung\/droguerie-ecologique\/soude-en-cristaux\/#breadcrumb","itemListElement":[{"@type":"ListItem","position":1,"name":"Home","item":"https:\/\/bien-etreiris.ch\/de\/"},{"@type":"ListItem","position":2,"name":"PRODUKTPR\u00c4SENTATION","item":"https:\/\/bien-etreiris.ch\/de\/produktpraesentation\/"},{"@type":"ListItem","position":3,"name":"HYGIENE","item":"https:\/\/bien-etreiris.ch\/de\/produktpraesentation\/hygiene\/"},{"@type":"ListItem","position":4,"name":"HAUSHALTSREINIGUNG","item":"https:\/\/bien-etreiris.ch\/de\/produktpraesentation\/hygiene\/haushaltsreinigung\/"},{"@type":"ListItem","position":5,"name":"DROGUERIE ECOLOGIQUE","item":"https:\/\/bien-etreiris.ch\/de\/produktpraesentation\/hygiene\/haushaltsreinigung\/droguerie-ecologique\/"},{"@type":"ListItem","position":6,"name":"SOUDE EN CRISTAUX"}]},{"@type":"WebSite","@id":"https:\/\/bien-etreiris.ch\/de\/#website","url":"https:\/\/bien-etreiris.ch\/de\/","name":"Bien-\u00eatre Iris","description":"IHRE Gesundheit ist uns wichtig","potentialAction":[{"@type":"SearchAction","target":{"@type":"EntryPoint","urlTemplate":"https:\/\/bien-etreiris.ch\/de\/?s={search_term_string}"},"query-input":{"@type":"PropertyValueSpecification","valueRequired":true,"valueName":"search_term_string"}}],"inLanguage":"de"}]}},"_links":{"self":[{"href":"https:\/\/bien-etreiris.ch\/de\/wp-json\/wp\/v2\/pages\/63267","targetHints":{"allow":["GET"]}}],"collection":[{"href":"https:\/\/bien-etreiris.ch\/de\/wp-json\/wp\/v2\/pages"}],"about":[{"href":"https:\/\/bien-etreiris.ch\/de\/wp-json\/wp\/v2\/types\/page"}],"author":[{"embeddable":true,"href":"https:\/\/bien-etreiris.ch\/de\/wp-json\/wp\/v2\/users\/1"}],"replies":[{"embeddable":true,"href":"https:\/\/bien-etreiris.ch\/de\/wp-json\/wp\/v2\/comments?post=63267"}],"version-history":[{"count":1,"href":"https:\/\/bien-etreiris.ch\/de\/wp-json\/wp\/v2\/pages\/63267\/revisions"}],"predecessor-version":[{"id":63269,"href":"https:\/\/bien-etreiris.ch\/de\/wp-json\/wp\/v2\/pages\/63267\/revisions\/63269"}],"up":[{"embeddable":true,"href":"https:\/\/bien-etreiris.ch\/de\/wp-json\/wp\/v2\/pages\/34910"}],"wp:featuredmedia":[{"embeddable":true,"href":"https:\/\/bien-etreiris.ch\/de\/wp-json\/wp\/v2\/media\/63265"}],"wp:attachment":[{"href":"https:\/\/bien-etreiris.ch\/de\/wp-json\/wp\/v2\/media?parent=63267"}],"curies":[{"name":"wp","href":"https:\/\/api.w.org\/{rel}","templated":true}]}}