{"id":63256,"date":"2023-01-01T14:09:16","date_gmt":"2023-01-01T12:09:16","guid":{"rendered":"https:\/\/bien-etreiris.ch\/unsere-marken\/drogerie-ecologique\/terre-de-diatomee\/"},"modified":"2026-03-14T00:13:48","modified_gmt":"2026-03-13T22:13:48","slug":"terre-de-diatomee","status":"publish","type":"page","link":"https:\/\/bien-etreiris.ch\/de\/produktpraesentation\/hygiene\/haushaltsreinigung\/droguerie-ecologique\/terre-de-diatomee\/","title":{"rendered":"TERRE DE DIATOMEE"},"content":{"rendered":"\n<h2><strong>Terre de diatom\u00e9e amorphe <br><\/strong><\/h2>\n<ul style=\"list-style-type: disc;\">\n<li><a href=\"https:\/\/bien-etreiris.ch\/wp-content\/uploads\/2023\/01\/titre-terre-de-diatomee.jpg\"><img loading=\"lazy\" decoding=\"async\" class=\"wp-image-63249 alignleft\" src=\"https:\/\/bien-etreiris.ch\/wp-content\/uploads\/2023\/01\/titre-terre-de-diatomee.jpg\" alt=\"\" width=\"243\" height=\"454\" srcset=\"https:\/\/bien-etreiris.ch\/wp-content\/uploads\/2023\/01\/titre-terre-de-diatomee.jpg 321w, https:\/\/bien-etreiris.ch\/wp-content\/uploads\/2023\/01\/titre-terre-de-diatomee-161x300.jpg 161w\" sizes=\"auto, (max-width: 243px) 100vw, 243px\" \/><\/a><\/li>\n<\/ul>\n<p>&nbsp;<\/p>\n<p>&nbsp;<\/p>\n<p>&nbsp;<\/p>\n<p>&nbsp;<\/p>\n<p>&nbsp;<\/p>\n<p>&nbsp;<\/p>\n<ul style=\"list-style-type: disc;\">\n<li class=\"oXpQGd\">\n<div class=\"WqkIcd\">\n<div class=\"g8GHw\">\n<div class=\"vqSBk\">\n<ul class=\"xpDPYb\" style=\"list-style-type: disc;\">\n<li class=\"KgL16d\">Poudre tr\u00e8s fine de couleur blanch\u00e2tre non chauff\u00e9e, compos\u00e9e \u00e0<\/li>\n<li class=\"KgL16d\">83% de dioxyde de silicium SiO2<\/li>\n<li class=\"KgL16d\">Absorbe 130% de son poids en eau ou en huile<\/li>\n<li class=\"KgL16d\">Non inflammable, pH de 8,5<\/li>\n<li class=\"KgL16d\">Au sec et bien ferm\u00e9, se conserve presque ind\u00e9finiment\n<p>&nbsp;<\/p>\n<p>1 pi\u00e8ce 250g<strong> CHF 8.90<\/strong><\/p>\n<p>&nbsp;<\/p>\n<p>&nbsp; &nbsp;VRAC&nbsp; 50g <strong>CHF 0.60<\/strong><\/p>\n<p>&nbsp;<\/p>\n<p>&nbsp;<\/p>\n<p>Extraite de carri\u00e8res et non chauff\u00e9e, la Terre de Diatom\u00e9e amorphe (dioxyde de silicium) est compos\u00e9e de fossiles d\u2019algues microscopiques marines tr\u00e8s coupants. Son action biocide-insecticide est li\u00e9e \u00e0 ses propri\u00e9t\u00e9s fortement abrasives et dess\u00e9chantes, sans effet secondaire ni accoutumance et s\u2019applique sur de nombreux parasites et insectes rampants. La Terre de Diatom\u00e9e est utilis\u00e9e comme insecticide m\u00e9nager sur les endroits fr\u00e9quent\u00e9s par les animaux (coussins, paniers, cages\u2026), pour la fabrication des peintures et les travaux m\u00e9nagers.<\/p>\n<p><br>Utilisez les produits biocides avec pr\u00e9caution. Avant toute utilisation, lisez l\u2019\u00e9tiquette et les informations concernant les produits.<\/p>\n<h2>Int\u00e9r\u00eat \u00e9cologique:<\/h2>\n<p>Extraction, production (raffinage m\u00e9canique sans transformation chimique ni chauffage) et conditionnement en Europe occidentale \u00e0 partir de carri\u00e8res quasi-in\u00e9puisables.<\/p>\n<ul style=\"list-style-type: disc;\">\n<li>Large spectre d\u2019utilisations<\/li>\n<li>Emballage en tube carton<\/li>\n<li>Indice carbone faible<\/li>\n<\/ul>\n<p>&nbsp;<\/p>\n<h2>Recette:<\/h2>\n<p>Combat les invasions d\u2019insectes rampants dans la maison et aupr\u00e8s des animaux. Saupoudrez les endroits de passage des insectes ou les lieux fr\u00e9quent\u00e9s par nos amis les b\u00eates de terre de diatom\u00e9e. Renouveler l\u2019op\u00e9ration r\u00e9guli\u00e8rement et assurez-vous qu\u2019il n\u2019y a pas d\u2019humidit\u00e9.<\/p>\n<p>La terre de diatom\u00e9e a d\u2019autres propri\u00e9t\u00e9s que vous pourrez d\u00e9couvrir dans <em>Mon cahier de recettes droguerie<\/em> et<em> 468 trucs, astuces et recettes \u00e9colo<\/em><\/p>\n<\/li>\n<\/ul>\n<\/div>\n<\/div>\n<\/div>\n<\/li>\n<\/ul>\n","protected":false},"excerpt":{"rendered":"<p>Terre de diatom\u00e9e amorphe &nbsp; &nbsp; &nbsp; &nbsp; &nbsp; &nbsp; Poudre tr\u00e8s fine de couleur blanch\u00e2tre non chauff\u00e9e, compos\u00e9e \u00e0 83% de dioxyde de silicium SiO2 Absorbe 130% de son poids en eau ou en huile Non inflammable, pH de 8,5 Au sec et bien ferm\u00e9, se conserve presque ind\u00e9finiment &nbsp; 1 pi\u00e8ce 250g CHF 8.90 &nbsp; &nbsp; &nbsp;VRAC&nbsp; 50g&nbsp;<a href=\"https:\/\/bien-etreiris.ch\/de\/produktpraesentation\/hygiene\/haushaltsreinigung\/droguerie-ecologique\/terre-de-diatomee\/\" class=\"read-more\">Weiter lesen<\/a><\/p>\n","protected":false},"author":1,"featured_media":63248,"parent":34910,"menu_order":4232,"comment_status":"closed","ping_status":"closed","template":"page-with-child.php","meta":{"_acf_changed":false,"ngg_post_thumbnail":0,"footnotes":""},"class_list":["post-63256","page","type-page","status-publish","has-post-thumbnail","hentry"],"acf":[],"yoast_head":"<!-- This site is optimized with the Yoast SEO plugin v27.6 - https:\/\/yoast.com\/product\/yoast-seo-wordpress\/ -->\n<title>TERRE DE DIATOMEE - WOHLBEFINDEN<\/title>\n<meta name=\"robots\" content=\"index, follow, max-snippet:-1, max-image-preview:large, max-video-preview:-1\" \/>\n<link rel=\"canonical\" href=\"https:\/\/bien-etreiris.ch\/de\/produktpraesentation\/hygiene\/haushaltsreinigung\/droguerie-ecologique\/terre-de-diatomee\/\" \/>\n<meta property=\"og:locale\" content=\"de_DE\" \/>\n<meta property=\"og:type\" content=\"article\" \/>\n<meta property=\"og:title\" content=\"TERRE DE DIATOMEE - WOHLBEFINDEN\" \/>\n<meta property=\"og:description\" content=\"Terre de diatom\u00e9e amorphe &nbsp; &nbsp; &nbsp; &nbsp; &nbsp; &nbsp; Poudre tr\u00e8s fine de couleur blanch\u00e2tre non chauff\u00e9e, compos\u00e9e \u00e0 83% de dioxyde de silicium SiO2 Absorbe 130% de son poids en eau ou en huile Non inflammable, pH de 8,5 Au sec et bien ferm\u00e9, se conserve presque ind\u00e9finiment &nbsp; 1 pi\u00e8ce 250g CHF 8.90 &nbsp; &nbsp; &nbsp;VRAC&nbsp; 50g&nbsp;Weiter lesen\" \/>\n<meta property=\"og:url\" content=\"https:\/\/bien-etreiris.ch\/de\/produktpraesentation\/hygiene\/haushaltsreinigung\/droguerie-ecologique\/terre-de-diatomee\/\" \/>\n<meta property=\"og:site_name\" content=\"WOHLBEFINDEN\" \/>\n<meta property=\"article:publisher\" content=\"https:\/\/www.facebook.com\/bienetreiris\/\" \/>\n<meta property=\"article:modified_time\" content=\"2026-03-13T22:13:48+00:00\" \/>\n<meta property=\"og:image\" content=\"https:\/\/bien-etreiris.ch\/wp-content\/uploads\/2023\/01\/acceuil-terre-de-diatomee.jpg\" \/>\n\t<meta property=\"og:image:width\" content=\"500\" \/>\n\t<meta property=\"og:image:height\" content=\"328\" \/>\n\t<meta property=\"og:image:type\" content=\"image\/jpeg\" \/>\n<meta name=\"twitter:label1\" content=\"Gesch\u00e4tzte Lesezeit\" \/>\n\t<meta name=\"twitter:data1\" content=\"2\u00a0Minuten\" \/>\n<script type=\"application\/ld+json\" class=\"yoast-schema-graph\">{\"@context\":\"https:\\\/\\\/schema.org\",\"@graph\":[{\"@type\":\"WebPage\",\"@id\":\"https:\\\/\\\/bien-etreiris.ch\\\/de\\\/produktpraesentation\\\/hygiene\\\/haushaltsreinigung\\\/droguerie-ecologique\\\/terre-de-diatomee\\\/\",\"url\":\"https:\\\/\\\/bien-etreiris.ch\\\/de\\\/produktpraesentation\\\/hygiene\\\/haushaltsreinigung\\\/droguerie-ecologique\\\/terre-de-diatomee\\\/\",\"name\":\"TERRE DE DIATOMEE - WOHLBEFINDEN\",\"isPartOf\":{\"@id\":\"https:\\\/\\\/bien-etreiris.ch\\\/de\\\/#website\"},\"primaryImageOfPage\":{\"@id\":\"https:\\\/\\\/bien-etreiris.ch\\\/de\\\/produktpraesentation\\\/hygiene\\\/haushaltsreinigung\\\/droguerie-ecologique\\\/terre-de-diatomee\\\/#primaryimage\"},\"image\":{\"@id\":\"https:\\\/\\\/bien-etreiris.ch\\\/de\\\/produktpraesentation\\\/hygiene\\\/haushaltsreinigung\\\/droguerie-ecologique\\\/terre-de-diatomee\\\/#primaryimage\"},\"thumbnailUrl\":\"https:\\\/\\\/bien-etreiris.ch\\\/wp-content\\\/uploads\\\/2023\\\/01\\\/acceuil-terre-de-diatomee.jpg\",\"datePublished\":\"2023-01-01T12:09:16+00:00\",\"dateModified\":\"2026-03-13T22:13:48+00:00\",\"breadcrumb\":{\"@id\":\"https:\\\/\\\/bien-etreiris.ch\\\/de\\\/produktpraesentation\\\/hygiene\\\/haushaltsreinigung\\\/droguerie-ecologique\\\/terre-de-diatomee\\\/#breadcrumb\"},\"inLanguage\":\"de\",\"potentialAction\":[{\"@type\":\"ReadAction\",\"target\":[\"https:\\\/\\\/bien-etreiris.ch\\\/de\\\/produktpraesentation\\\/hygiene\\\/haushaltsreinigung\\\/droguerie-ecologique\\\/terre-de-diatomee\\\/\"]}]},{\"@type\":\"ImageObject\",\"inLanguage\":\"de\",\"@id\":\"https:\\\/\\\/bien-etreiris.ch\\\/de\\\/produktpraesentation\\\/hygiene\\\/haushaltsreinigung\\\/droguerie-ecologique\\\/terre-de-diatomee\\\/#primaryimage\",\"url\":\"https:\\\/\\\/bien-etreiris.ch\\\/wp-content\\\/uploads\\\/2023\\\/01\\\/acceuil-terre-de-diatomee.jpg\",\"contentUrl\":\"https:\\\/\\\/bien-etreiris.ch\\\/wp-content\\\/uploads\\\/2023\\\/01\\\/acceuil-terre-de-diatomee.jpg\",\"width\":500,\"height\":328},{\"@type\":\"BreadcrumbList\",\"@id\":\"https:\\\/\\\/bien-etreiris.ch\\\/de\\\/produktpraesentation\\\/hygiene\\\/haushaltsreinigung\\\/droguerie-ecologique\\\/terre-de-diatomee\\\/#breadcrumb\",\"itemListElement\":[{\"@type\":\"ListItem\",\"position\":1,\"name\":\"Home\",\"item\":\"https:\\\/\\\/bien-etreiris.ch\\\/de\\\/\"},{\"@type\":\"ListItem\",\"position\":2,\"name\":\"PRODUKTPR\u00c4SENTATION\",\"item\":\"https:\\\/\\\/bien-etreiris.ch\\\/de\\\/produktpraesentation\\\/\"},{\"@type\":\"ListItem\",\"position\":3,\"name\":\"HYGIENE\",\"item\":\"https:\\\/\\\/bien-etreiris.ch\\\/de\\\/produktpraesentation\\\/hygiene\\\/\"},{\"@type\":\"ListItem\",\"position\":4,\"name\":\"HAUSHALTSREINIGUNG\",\"item\":\"https:\\\/\\\/bien-etreiris.ch\\\/de\\\/produktpraesentation\\\/hygiene\\\/haushaltsreinigung\\\/\"},{\"@type\":\"ListItem\",\"position\":5,\"name\":\"DROGUERIE ECOLOGIQUE\",\"item\":\"https:\\\/\\\/bien-etreiris.ch\\\/de\\\/produktpraesentation\\\/hygiene\\\/haushaltsreinigung\\\/droguerie-ecologique\\\/\"},{\"@type\":\"ListItem\",\"position\":6,\"name\":\"TERRE DE DIATOMEE\"}]},{\"@type\":\"WebSite\",\"@id\":\"https:\\\/\\\/bien-etreiris.ch\\\/de\\\/#website\",\"url\":\"https:\\\/\\\/bien-etreiris.ch\\\/de\\\/\",\"name\":\"Bien-\u00eatre Iris\",\"description\":\"IHRE Gesundheit ist uns wichtig\",\"potentialAction\":[{\"@type\":\"SearchAction\",\"target\":{\"@type\":\"EntryPoint\",\"urlTemplate\":\"https:\\\/\\\/bien-etreiris.ch\\\/de\\\/?s={search_term_string}\"},\"query-input\":{\"@type\":\"PropertyValueSpecification\",\"valueRequired\":true,\"valueName\":\"search_term_string\"}}],\"inLanguage\":\"de\"}]}<\/script>\n<!-- \/ Yoast SEO plugin. -->","yoast_head_json":{"title":"TERRE DE DIATOMEE - WOHLBEFINDEN","robots":{"index":"index","follow":"follow","max-snippet":"max-snippet:-1","max-image-preview":"max-image-preview:large","max-video-preview":"max-video-preview:-1"},"canonical":"https:\/\/bien-etreiris.ch\/de\/produktpraesentation\/hygiene\/haushaltsreinigung\/droguerie-ecologique\/terre-de-diatomee\/","og_locale":"de_DE","og_type":"article","og_title":"TERRE DE DIATOMEE - WOHLBEFINDEN","og_description":"Terre de diatom\u00e9e amorphe &nbsp; &nbsp; &nbsp; &nbsp; &nbsp; &nbsp; Poudre tr\u00e8s fine de couleur blanch\u00e2tre non chauff\u00e9e, compos\u00e9e \u00e0 83% de dioxyde de silicium SiO2 Absorbe 130% de son poids en eau ou en huile Non inflammable, pH de 8,5 Au sec et bien ferm\u00e9, se conserve presque ind\u00e9finiment &nbsp; 1 pi\u00e8ce 250g CHF 8.90 &nbsp; &nbsp; &nbsp;VRAC&nbsp; 50g&nbsp;Weiter lesen","og_url":"https:\/\/bien-etreiris.ch\/de\/produktpraesentation\/hygiene\/haushaltsreinigung\/droguerie-ecologique\/terre-de-diatomee\/","og_site_name":"WOHLBEFINDEN","article_publisher":"https:\/\/www.facebook.com\/bienetreiris\/","article_modified_time":"2026-03-13T22:13:48+00:00","og_image":[{"width":500,"height":328,"url":"https:\/\/bien-etreiris.ch\/wp-content\/uploads\/2023\/01\/acceuil-terre-de-diatomee.jpg","type":"image\/jpeg"}],"twitter_misc":{"Gesch\u00e4tzte Lesezeit":"2\u00a0Minuten"},"schema":{"@context":"https:\/\/schema.org","@graph":[{"@type":"WebPage","@id":"https:\/\/bien-etreiris.ch\/de\/produktpraesentation\/hygiene\/haushaltsreinigung\/droguerie-ecologique\/terre-de-diatomee\/","url":"https:\/\/bien-etreiris.ch\/de\/produktpraesentation\/hygiene\/haushaltsreinigung\/droguerie-ecologique\/terre-de-diatomee\/","name":"TERRE DE DIATOMEE - WOHLBEFINDEN","isPartOf":{"@id":"https:\/\/bien-etreiris.ch\/de\/#website"},"primaryImageOfPage":{"@id":"https:\/\/bien-etreiris.ch\/de\/produktpraesentation\/hygiene\/haushaltsreinigung\/droguerie-ecologique\/terre-de-diatomee\/#primaryimage"},"image":{"@id":"https:\/\/bien-etreiris.ch\/de\/produktpraesentation\/hygiene\/haushaltsreinigung\/droguerie-ecologique\/terre-de-diatomee\/#primaryimage"},"thumbnailUrl":"https:\/\/bien-etreiris.ch\/wp-content\/uploads\/2023\/01\/acceuil-terre-de-diatomee.jpg","datePublished":"2023-01-01T12:09:16+00:00","dateModified":"2026-03-13T22:13:48+00:00","breadcrumb":{"@id":"https:\/\/bien-etreiris.ch\/de\/produktpraesentation\/hygiene\/haushaltsreinigung\/droguerie-ecologique\/terre-de-diatomee\/#breadcrumb"},"inLanguage":"de","potentialAction":[{"@type":"ReadAction","target":["https:\/\/bien-etreiris.ch\/de\/produktpraesentation\/hygiene\/haushaltsreinigung\/droguerie-ecologique\/terre-de-diatomee\/"]}]},{"@type":"ImageObject","inLanguage":"de","@id":"https:\/\/bien-etreiris.ch\/de\/produktpraesentation\/hygiene\/haushaltsreinigung\/droguerie-ecologique\/terre-de-diatomee\/#primaryimage","url":"https:\/\/bien-etreiris.ch\/wp-content\/uploads\/2023\/01\/acceuil-terre-de-diatomee.jpg","contentUrl":"https:\/\/bien-etreiris.ch\/wp-content\/uploads\/2023\/01\/acceuil-terre-de-diatomee.jpg","width":500,"height":328},{"@type":"BreadcrumbList","@id":"https:\/\/bien-etreiris.ch\/de\/produktpraesentation\/hygiene\/haushaltsreinigung\/droguerie-ecologique\/terre-de-diatomee\/#breadcrumb","itemListElement":[{"@type":"ListItem","position":1,"name":"Home","item":"https:\/\/bien-etreiris.ch\/de\/"},{"@type":"ListItem","position":2,"name":"PRODUKTPR\u00c4SENTATION","item":"https:\/\/bien-etreiris.ch\/de\/produktpraesentation\/"},{"@type":"ListItem","position":3,"name":"HYGIENE","item":"https:\/\/bien-etreiris.ch\/de\/produktpraesentation\/hygiene\/"},{"@type":"ListItem","position":4,"name":"HAUSHALTSREINIGUNG","item":"https:\/\/bien-etreiris.ch\/de\/produktpraesentation\/hygiene\/haushaltsreinigung\/"},{"@type":"ListItem","position":5,"name":"DROGUERIE ECOLOGIQUE","item":"https:\/\/bien-etreiris.ch\/de\/produktpraesentation\/hygiene\/haushaltsreinigung\/droguerie-ecologique\/"},{"@type":"ListItem","position":6,"name":"TERRE DE DIATOMEE"}]},{"@type":"WebSite","@id":"https:\/\/bien-etreiris.ch\/de\/#website","url":"https:\/\/bien-etreiris.ch\/de\/","name":"Bien-\u00eatre Iris","description":"IHRE Gesundheit ist uns wichtig","potentialAction":[{"@type":"SearchAction","target":{"@type":"EntryPoint","urlTemplate":"https:\/\/bien-etreiris.ch\/de\/?s={search_term_string}"},"query-input":{"@type":"PropertyValueSpecification","valueRequired":true,"valueName":"search_term_string"}}],"inLanguage":"de"}]}},"_links":{"self":[{"href":"https:\/\/bien-etreiris.ch\/de\/wp-json\/wp\/v2\/pages\/63256","targetHints":{"allow":["GET"]}}],"collection":[{"href":"https:\/\/bien-etreiris.ch\/de\/wp-json\/wp\/v2\/pages"}],"about":[{"href":"https:\/\/bien-etreiris.ch\/de\/wp-json\/wp\/v2\/types\/page"}],"author":[{"embeddable":true,"href":"https:\/\/bien-etreiris.ch\/de\/wp-json\/wp\/v2\/users\/1"}],"replies":[{"embeddable":true,"href":"https:\/\/bien-etreiris.ch\/de\/wp-json\/wp\/v2\/comments?post=63256"}],"version-history":[{"count":2,"href":"https:\/\/bien-etreiris.ch\/de\/wp-json\/wp\/v2\/pages\/63256\/revisions"}],"predecessor-version":[{"id":98360,"href":"https:\/\/bien-etreiris.ch\/de\/wp-json\/wp\/v2\/pages\/63256\/revisions\/98360"}],"up":[{"embeddable":true,"href":"https:\/\/bien-etreiris.ch\/de\/wp-json\/wp\/v2\/pages\/34910"}],"wp:featuredmedia":[{"embeddable":true,"href":"https:\/\/bien-etreiris.ch\/de\/wp-json\/wp\/v2\/media\/63248"}],"wp:attachment":[{"href":"https:\/\/bien-etreiris.ch\/de\/wp-json\/wp\/v2\/media?parent=63256"}],"curies":[{"name":"wp","href":"https:\/\/api.w.org\/{rel}","templated":true}]}}