{"id":63157,"date":"2022-12-30T12:52:02","date_gmt":"2022-12-30T10:52:02","guid":{"rendered":"https:\/\/bien-etreiris.ch\/unsere-marken\/drogerie-ecologique\/blanc-meudon\/"},"modified":"2022-12-30T14:07:13","modified_gmt":"2022-12-30T12:07:13","slug":"blanc-meudon","status":"publish","type":"page","link":"https:\/\/bien-etreiris.ch\/de\/produktpraesentation\/hygiene\/haushaltsreinigung\/droguerie-ecologique\/blanc-meudon\/","title":{"rendered":"BLANC MEUDON"},"content":{"rendered":"\n<h3>Blanc de Meudon (weisse Kreide)<\/h3>\n<p><a href=\"https:\/\/bien-etreiris.ch\/wp-content\/uploads\/2022\/12\/titre-blanc-meudon.jpg\"><img loading=\"lazy\" decoding=\"async\" class=\"wp-image-63143 alignleft\" src=\"https:\/\/bien-etreiris.ch\/wp-content\/uploads\/2022\/12\/titre-blanc-meudon.jpg\" alt=\"\" width=\"305\" height=\"350\" srcset=\"https:\/\/bien-etreiris.ch\/wp-content\/uploads\/2022\/12\/titre-blanc-meudon.jpg 800w, https:\/\/bien-etreiris.ch\/wp-content\/uploads\/2022\/12\/titre-blanc-meudon-262x300.jpg 262w, https:\/\/bien-etreiris.ch\/wp-content\/uploads\/2022\/12\/titre-blanc-meudon-768x880.jpg 768w\" sizes=\"auto, (max-width: 305px) 100vw, 305px\" \/><\/a><\/p>\n\n\n\n<p>&nbsp;<\/p>\n<p>&nbsp;<\/p>\n<p>&nbsp;<\/p>\n<p>&nbsp;<\/p>\n<p>&nbsp;<\/p>\n<p>&nbsp;<\/p>\n<p>500 g <strong>CHF 5.10<\/strong><\/p>\n<p>&nbsp;<\/p>\n<p>&nbsp;<\/p>\n\n\n<div id=\"more_info_sheets\" class=\"sheets align_justify\">\n<div id=\"idTab1\" class=\"rte\">\n<h2>&nbsp;<\/h2>\n<h2>mehr erfahren<\/h2>\n<p>Diese weisse Kreide, die auch Blanc d'Espagne genannt wird, wird als F\u00fcllstoff in vielen traditionellen Farbrezepten verwendet. Meudon-Weiss wird einfach mit Wasser vermischt, um Silber, Edelstahl, Kupfer, Marmor usw. zu reinigen und wiederzubeleben. Es wird auch zum Putzen von Fenstern oder zum Streichen mit Kindern verwendet.<\/p>\n<p>Blanc de Meudon hat viele verschiedene Bezeichnungen: Blanc d'Espagne, manchmal auch Blanc de Champagne, Blanc de Troyes, Blanc de Toulouse oder seltener \"weisser Stein\".<\/p>\n<p>Er besteht aus Kalziumkarbonatpartikeln (CaCO3), die den Hauptbestandteil von Kalkstein und Kreide bilden. Er ist schwach alkalisch, sehr leicht abrasiv und wird traditionell f\u00fcr die Herstellung von Farben, f\u00fcr Haushaltsarbeiten und f\u00fcr kreative Hobbys verwendet. Es wird auch zum Polieren von Silber, Steingut, Glaskeramikplatten und Kunststoffen verwendet. Es eignet sich zum Vergolden und Polieren von Spiegeln, auch zum Bleichen von Schuhstoffen.<\/p>\n<p>Blanc de Meudon ist Bestandteil von Kitt, einigen kohlens\u00e4urehaltigen W\u00e4ssern und dient als Gl\u00fchpulver f\u00fcr Feuerwerksk\u00f6rper. Fr\u00fcher wurde es zum Gerben von H\u00e4uten verwendet, als dies noch in Handarbeit geschah. Neben seinem Umweltnutzen ist Blanc de Meudon sicher zu handhaben (im Gegensatz zu Produkten aus der petrochemischen Industrie) und preisg\u00fcnstig. Blanc de Meudon kann pur verwendet, verarbeitet und\/oder mit verschiedenen Materialien gemischt werden.<\/p>\n<p>&nbsp;<\/p>\n<h2><br>Rezepte:<\/h2>\n<h4><em>Spiegel, Schaufenster, Fenster<\/em><br><br><\/h4>\n<h4><br>F\u00fcr die Dekoration von Glas, Fenstern und Spiegeln<\/h4>\n<p>Mischen Sie Blanc de Meudon (1 Einheit Wei\u00df auf 1\/2 Einheit Wasser) mit eventuell vorhandenen Pigmenten.<\/p>\n<p>Um eine wei\u00dfe Farbe herzustellen, verd\u00fcnnen Sie Blanc de Meudon mit Wasser, z. B. f\u00fcr Weihnachtsdekorationen auf Fenstern. Verteilen Sie die \"Milch\"-Zubereitung mit einem Pinsel oder einem Schwamm. Sie ist beim Auftragen leicht durchsichtig, wird aber beim Trocknen undurchsichtig. Sie k\u00f6nnen auch Schablonen kaufen oder anfertigen und diese mit der Milchmischung bestreichen. Ein weiterer Vorteil ist, dass sie sich nach den Feiertagen ganz einfach mit einem feuchten Tuch abwischen l\u00e4sst und gleichzeitig Ihre Fenster reinigt. Wenn Sie strahlende Fenster haben m\u00f6chten, verwenden Sie Zeitungspapier (statt des feuchten Lappens) und Ellenbogen\u00f6l wie Oma!<\/p>\n<p>&nbsp;<\/p>\n<h4><br>Verdunkelung von Schaufenstern :<\/h4>\n<p>Wenden Sie die erhaltene L\u00f6sung zum Bleichen von Schaufenstern an, wenn Sie z. B. in Gesch\u00e4ften arbeiten. Mit einem feuchten Tuch oder Zeitungspapier l\u00e4sst sich die wei\u00dfliche Platte nach Abschluss der Arbeiten entfernen.<\/p>\n<p>&nbsp;<\/p>\n<h4><br>Fensterkitt :<\/h4>\n<p>Mischen Sie etwa 4 Teile Blanc de Meudon mit 1 Teil sikkatiertem Lein\u00f6l, bis eine Paste mit homogener Konsistenz entsteht. Um zu verhindern, dass der Fensterkitt beim Auftragen an der Haut klebt, bedecken Sie Ihre H\u00e4nde mit Blanc de Meudon.<\/p>\n<h4><br>Fenster und Spiegel reinigen polieren :<\/h4>\n<p>Tragen Sie die Zubereitung mit dem Mikrofaser-Fensterputz auf. Zum Gl\u00e4nzen schlie\u00dfen Sie mit einem Fensterleder ab.<\/p>\n<h2><br>Haushaltspflege<\/h2>\n<p>Mischen Sie Blanc de Meudon mit Wasser, um eine Paste zu erhalten; es wird zu einem hervorragenden Scheuermittel.<\/p>\n<p>&nbsp;<\/p>\n<h4>Reinigen Sie Ihre Metalle und frischen Sie ihren Glanz auf <\/h4>\n<p>F\u00fcr Silber, Messing, Edelstahl, Kupfer, Zinn und andere Oberfl\u00e4chen wie Glas, Fayence, Marmor, Kunststoff, Glaskeramikplatten... Sie k\u00f6nnen es auch f\u00fcr Tischlerarbeiten aus Metall verwenden. Mischen Sie einfach Blanc de Meudon mit Wasser zu einer Paste und schrubben Sie dann.<\/p>\n<p>&nbsp;<\/p>\n<h4><br>Stellen Sie Ihren Scheuerstein her<\/h4>\n<p>W\u00e4hlen Sie ein Glas, das sich mit einem Deckel verschliessen l\u00e4sst. F\u00fcgen Sie der Mischung bei Bedarf etwas Wasser hinzu, mischen Sie vorsichtig und f\u00fcllen Sie Ihr Glas . Lassen Sie es mindestens 24 Stunden im Freien trocknen, dann ist Ihre Paste fertig.<\/p>\n<h4><br>Reparieren von Marmor<\/h4>\n<p>Alabaster usw. ... Mischen Sie Blanc de Meudon mit Harzen oder Lacken. Blanc de Meudon wird als F\u00fcllstoffpigment verwendet. Es dient z. B. dazu, die Verdickung und das Deckverm\u00f6gen von Farben, Putzen und T\u00fcnchen zu erh\u00f6hen.<\/p>\n<p>&nbsp;<\/p>\n<h2>Farben<\/h2>\n<h4>Um eine Farbe zu entfernen<\/h4>\n<p>Tragen Sie reines Blanc de Meudon ohne Bindemittel mit einem Tuch oder Schwamm direkt auf die Farbe auf. Lassen Sie es \u00fcber Nacht einwirken und waschen Sie es dann ab. Sp\u00fclen Sie nach und die Oberfl\u00e4che ist entfettet. Wer es eilig hat: Sie k\u00f6nnen mit einem Spalter (Pinsel mit harten Borsten) kr\u00e4ftig reiben, um ein schnelleres Ergebnis zu erzielen. Diese Methode wird h\u00e4ufig von Dekorateuren von \"faux-finis\" verwendet. Glanzeffekt: 1 EL Blanc de Meudon im Eimer zum Waschen der Farben l\u00e4sst diese funkelnder erscheinen. Herstellung einer zweiten Farbe (Petit Blanc) f\u00fcr Innenr\u00e4ume: H\u00fchnerstall, Keller, Dachboden Mischen Sie: 65% Blanc de Meudon, 35% mit Wasser verd\u00fcnnter Tapetenkleister (Metylcellulose).<\/p>\n<p>&nbsp;<\/p>\n<h4><br>Interesse an der Umwelt<\/h4>\n<p>Nahezu unersch\u00f6pfliche mineralische Ressource, die aus nat\u00fcrlichen Steinbr\u00fcchen stammt. Ein breites Spektrum an Verwendungsm\u00f6glichkeiten. Ungiftig f\u00fcr Mensch und Umwelt. Herstellung und Verpackung in Westeuropa. Verpackung aus recyceltem Karton. Niedriger Kohlenstoffindex: 40.<\/p>\n<\/div>\n<\/div>","protected":false},"excerpt":{"rendered":"<p>Blanc de Meudon (weisse Kreide) &nbsp; &nbsp; &nbsp; &nbsp; &nbsp; &nbsp; 500 g CHF 5.10 &nbsp; &nbsp; &nbsp; mehr erfahren Diese weisse Kreide, die auch Blanc d'Espagne genannt wird, wird als F\u00fcllstoff in vielen traditionellen Farbrezepten verwendet. Meudon-Weiss wird einfach mit Wasser vermischt, um Silber, Edelstahl, Kupfer, Marmor usw. zu reinigen und wiederzubeleben. Es wird auch zum Putzen von Fenstern&nbsp;<a href=\"https:\/\/bien-etreiris.ch\/de\/produktpraesentation\/hygiene\/haushaltsreinigung\/droguerie-ecologique\/blanc-meudon\/\" class=\"read-more\">Weiter lesen<\/a><\/p>\n","protected":false},"author":1,"featured_media":63148,"parent":34910,"menu_order":4241,"comment_status":"closed","ping_status":"closed","template":"page-with-child.php","meta":{"_acf_changed":false,"ngg_post_thumbnail":0,"footnotes":""},"class_list":["post-63157","page","type-page","status-publish","has-post-thumbnail","hentry"],"acf":[],"yoast_head":"<!-- This site is optimized with the Yoast SEO plugin v27.5 - https:\/\/yoast.com\/product\/yoast-seo-wordpress\/ -->\n<title>BLANC MEUDON - WOHLBEFINDEN<\/title>\n<meta name=\"robots\" content=\"index, follow, max-snippet:-1, max-image-preview:large, max-video-preview:-1\" \/>\n<link rel=\"canonical\" href=\"https:\/\/bien-etreiris.ch\/de\/produktpraesentation\/hygiene\/haushaltsreinigung\/droguerie-ecologique\/blanc-meudon\/\" \/>\n<meta property=\"og:locale\" content=\"de_DE\" \/>\n<meta property=\"og:type\" content=\"article\" \/>\n<meta property=\"og:title\" content=\"BLANC MEUDON - WOHLBEFINDEN\" \/>\n<meta property=\"og:description\" content=\"Blanc de Meudon (weisse Kreide) &nbsp; &nbsp; &nbsp; &nbsp; &nbsp; &nbsp; 500 g CHF 5.10 &nbsp; &nbsp; &nbsp; mehr erfahren Diese weisse Kreide, die auch Blanc d&#039;Espagne genannt wird, wird als F\u00fcllstoff in vielen traditionellen Farbrezepten verwendet. Meudon-Weiss wird einfach mit Wasser vermischt, um Silber, Edelstahl, Kupfer, Marmor usw. zu reinigen und wiederzubeleben. Es wird auch zum Putzen von Fenstern&nbsp;Weiter lesen\" \/>\n<meta property=\"og:url\" content=\"https:\/\/bien-etreiris.ch\/de\/produktpraesentation\/hygiene\/haushaltsreinigung\/droguerie-ecologique\/blanc-meudon\/\" \/>\n<meta property=\"og:site_name\" content=\"WOHLBEFINDEN\" \/>\n<meta property=\"article:publisher\" content=\"https:\/\/www.facebook.com\/bienetreiris\/\" \/>\n<meta property=\"article:modified_time\" content=\"2022-12-30T12:07:13+00:00\" \/>\n<meta property=\"og:image\" content=\"https:\/\/bien-etreiris.ch\/wp-content\/uploads\/2022\/12\/acceuil-blanc-meudon.jpg\" \/>\n\t<meta property=\"og:image:width\" content=\"500\" \/>\n\t<meta property=\"og:image:height\" content=\"334\" \/>\n\t<meta property=\"og:image:type\" content=\"image\/jpeg\" \/>\n<meta name=\"twitter:label1\" content=\"Gesch\u00e4tzte Lesezeit\" \/>\n\t<meta name=\"twitter:data1\" content=\"5\u00a0Minuten\" \/>\n<script type=\"application\/ld+json\" class=\"yoast-schema-graph\">{\"@context\":\"https:\\\/\\\/schema.org\",\"@graph\":[{\"@type\":\"WebPage\",\"@id\":\"https:\\\/\\\/bien-etreiris.ch\\\/de\\\/produktpraesentation\\\/hygiene\\\/haushaltsreinigung\\\/droguerie-ecologique\\\/blanc-meudon\\\/\",\"url\":\"https:\\\/\\\/bien-etreiris.ch\\\/de\\\/produktpraesentation\\\/hygiene\\\/haushaltsreinigung\\\/droguerie-ecologique\\\/blanc-meudon\\\/\",\"name\":\"BLANC MEUDON - WOHLBEFINDEN\",\"isPartOf\":{\"@id\":\"https:\\\/\\\/bien-etreiris.ch\\\/de\\\/#website\"},\"primaryImageOfPage\":{\"@id\":\"https:\\\/\\\/bien-etreiris.ch\\\/de\\\/produktpraesentation\\\/hygiene\\\/haushaltsreinigung\\\/droguerie-ecologique\\\/blanc-meudon\\\/#primaryimage\"},\"image\":{\"@id\":\"https:\\\/\\\/bien-etreiris.ch\\\/de\\\/produktpraesentation\\\/hygiene\\\/haushaltsreinigung\\\/droguerie-ecologique\\\/blanc-meudon\\\/#primaryimage\"},\"thumbnailUrl\":\"https:\\\/\\\/bien-etreiris.ch\\\/wp-content\\\/uploads\\\/2022\\\/12\\\/acceuil-blanc-meudon.jpg\",\"datePublished\":\"2022-12-30T10:52:02+00:00\",\"dateModified\":\"2022-12-30T12:07:13+00:00\",\"breadcrumb\":{\"@id\":\"https:\\\/\\\/bien-etreiris.ch\\\/de\\\/produktpraesentation\\\/hygiene\\\/haushaltsreinigung\\\/droguerie-ecologique\\\/blanc-meudon\\\/#breadcrumb\"},\"inLanguage\":\"de\",\"potentialAction\":[{\"@type\":\"ReadAction\",\"target\":[\"https:\\\/\\\/bien-etreiris.ch\\\/de\\\/produktpraesentation\\\/hygiene\\\/haushaltsreinigung\\\/droguerie-ecologique\\\/blanc-meudon\\\/\"]}]},{\"@type\":\"ImageObject\",\"inLanguage\":\"de\",\"@id\":\"https:\\\/\\\/bien-etreiris.ch\\\/de\\\/produktpraesentation\\\/hygiene\\\/haushaltsreinigung\\\/droguerie-ecologique\\\/blanc-meudon\\\/#primaryimage\",\"url\":\"https:\\\/\\\/bien-etreiris.ch\\\/wp-content\\\/uploads\\\/2022\\\/12\\\/acceuil-blanc-meudon.jpg\",\"contentUrl\":\"https:\\\/\\\/bien-etreiris.ch\\\/wp-content\\\/uploads\\\/2022\\\/12\\\/acceuil-blanc-meudon.jpg\",\"width\":500,\"height\":334},{\"@type\":\"BreadcrumbList\",\"@id\":\"https:\\\/\\\/bien-etreiris.ch\\\/de\\\/produktpraesentation\\\/hygiene\\\/haushaltsreinigung\\\/droguerie-ecologique\\\/blanc-meudon\\\/#breadcrumb\",\"itemListElement\":[{\"@type\":\"ListItem\",\"position\":1,\"name\":\"Home\",\"item\":\"https:\\\/\\\/bien-etreiris.ch\\\/de\\\/\"},{\"@type\":\"ListItem\",\"position\":2,\"name\":\"PRODUKTPR\u00c4SENTATION\",\"item\":\"https:\\\/\\\/bien-etreiris.ch\\\/de\\\/produktpraesentation\\\/\"},{\"@type\":\"ListItem\",\"position\":3,\"name\":\"HYGIENE\",\"item\":\"https:\\\/\\\/bien-etreiris.ch\\\/de\\\/produktpraesentation\\\/hygiene\\\/\"},{\"@type\":\"ListItem\",\"position\":4,\"name\":\"HAUSHALTSREINIGUNG\",\"item\":\"https:\\\/\\\/bien-etreiris.ch\\\/de\\\/produktpraesentation\\\/hygiene\\\/haushaltsreinigung\\\/\"},{\"@type\":\"ListItem\",\"position\":5,\"name\":\"DROGUERIE ECOLOGIQUE\",\"item\":\"https:\\\/\\\/bien-etreiris.ch\\\/de\\\/produktpraesentation\\\/hygiene\\\/haushaltsreinigung\\\/droguerie-ecologique\\\/\"},{\"@type\":\"ListItem\",\"position\":6,\"name\":\"BLANC MEUDON\"}]},{\"@type\":\"WebSite\",\"@id\":\"https:\\\/\\\/bien-etreiris.ch\\\/de\\\/#website\",\"url\":\"https:\\\/\\\/bien-etreiris.ch\\\/de\\\/\",\"name\":\"Bien-\u00eatre Iris\",\"description\":\"IHRE Gesundheit ist uns wichtig\",\"potentialAction\":[{\"@type\":\"SearchAction\",\"target\":{\"@type\":\"EntryPoint\",\"urlTemplate\":\"https:\\\/\\\/bien-etreiris.ch\\\/de\\\/?s={search_term_string}\"},\"query-input\":{\"@type\":\"PropertyValueSpecification\",\"valueRequired\":true,\"valueName\":\"search_term_string\"}}],\"inLanguage\":\"de\"}]}<\/script>\n<!-- \/ Yoast SEO plugin. -->","yoast_head_json":{"title":"BLANC MEUDON - WOHLBEFINDEN","robots":{"index":"index","follow":"follow","max-snippet":"max-snippet:-1","max-image-preview":"max-image-preview:large","max-video-preview":"max-video-preview:-1"},"canonical":"https:\/\/bien-etreiris.ch\/de\/produktpraesentation\/hygiene\/haushaltsreinigung\/droguerie-ecologique\/blanc-meudon\/","og_locale":"de_DE","og_type":"article","og_title":"BLANC MEUDON - WOHLBEFINDEN","og_description":"Blanc de Meudon (weisse Kreide) &nbsp; &nbsp; &nbsp; &nbsp; &nbsp; &nbsp; 500 g CHF 5.10 &nbsp; &nbsp; &nbsp; mehr erfahren Diese weisse Kreide, die auch Blanc d'Espagne genannt wird, wird als F\u00fcllstoff in vielen traditionellen Farbrezepten verwendet. Meudon-Weiss wird einfach mit Wasser vermischt, um Silber, Edelstahl, Kupfer, Marmor usw. zu reinigen und wiederzubeleben. Es wird auch zum Putzen von Fenstern&nbsp;Weiter lesen","og_url":"https:\/\/bien-etreiris.ch\/de\/produktpraesentation\/hygiene\/haushaltsreinigung\/droguerie-ecologique\/blanc-meudon\/","og_site_name":"WOHLBEFINDEN","article_publisher":"https:\/\/www.facebook.com\/bienetreiris\/","article_modified_time":"2022-12-30T12:07:13+00:00","og_image":[{"width":500,"height":334,"url":"https:\/\/bien-etreiris.ch\/wp-content\/uploads\/2022\/12\/acceuil-blanc-meudon.jpg","type":"image\/jpeg"}],"twitter_misc":{"Gesch\u00e4tzte Lesezeit":"5\u00a0Minuten"},"schema":{"@context":"https:\/\/schema.org","@graph":[{"@type":"WebPage","@id":"https:\/\/bien-etreiris.ch\/de\/produktpraesentation\/hygiene\/haushaltsreinigung\/droguerie-ecologique\/blanc-meudon\/","url":"https:\/\/bien-etreiris.ch\/de\/produktpraesentation\/hygiene\/haushaltsreinigung\/droguerie-ecologique\/blanc-meudon\/","name":"BLANC MEUDON - WOHLBEFINDEN","isPartOf":{"@id":"https:\/\/bien-etreiris.ch\/de\/#website"},"primaryImageOfPage":{"@id":"https:\/\/bien-etreiris.ch\/de\/produktpraesentation\/hygiene\/haushaltsreinigung\/droguerie-ecologique\/blanc-meudon\/#primaryimage"},"image":{"@id":"https:\/\/bien-etreiris.ch\/de\/produktpraesentation\/hygiene\/haushaltsreinigung\/droguerie-ecologique\/blanc-meudon\/#primaryimage"},"thumbnailUrl":"https:\/\/bien-etreiris.ch\/wp-content\/uploads\/2022\/12\/acceuil-blanc-meudon.jpg","datePublished":"2022-12-30T10:52:02+00:00","dateModified":"2022-12-30T12:07:13+00:00","breadcrumb":{"@id":"https:\/\/bien-etreiris.ch\/de\/produktpraesentation\/hygiene\/haushaltsreinigung\/droguerie-ecologique\/blanc-meudon\/#breadcrumb"},"inLanguage":"de","potentialAction":[{"@type":"ReadAction","target":["https:\/\/bien-etreiris.ch\/de\/produktpraesentation\/hygiene\/haushaltsreinigung\/droguerie-ecologique\/blanc-meudon\/"]}]},{"@type":"ImageObject","inLanguage":"de","@id":"https:\/\/bien-etreiris.ch\/de\/produktpraesentation\/hygiene\/haushaltsreinigung\/droguerie-ecologique\/blanc-meudon\/#primaryimage","url":"https:\/\/bien-etreiris.ch\/wp-content\/uploads\/2022\/12\/acceuil-blanc-meudon.jpg","contentUrl":"https:\/\/bien-etreiris.ch\/wp-content\/uploads\/2022\/12\/acceuil-blanc-meudon.jpg","width":500,"height":334},{"@type":"BreadcrumbList","@id":"https:\/\/bien-etreiris.ch\/de\/produktpraesentation\/hygiene\/haushaltsreinigung\/droguerie-ecologique\/blanc-meudon\/#breadcrumb","itemListElement":[{"@type":"ListItem","position":1,"name":"Home","item":"https:\/\/bien-etreiris.ch\/de\/"},{"@type":"ListItem","position":2,"name":"PRODUKTPR\u00c4SENTATION","item":"https:\/\/bien-etreiris.ch\/de\/produktpraesentation\/"},{"@type":"ListItem","position":3,"name":"HYGIENE","item":"https:\/\/bien-etreiris.ch\/de\/produktpraesentation\/hygiene\/"},{"@type":"ListItem","position":4,"name":"HAUSHALTSREINIGUNG","item":"https:\/\/bien-etreiris.ch\/de\/produktpraesentation\/hygiene\/haushaltsreinigung\/"},{"@type":"ListItem","position":5,"name":"DROGUERIE ECOLOGIQUE","item":"https:\/\/bien-etreiris.ch\/de\/produktpraesentation\/hygiene\/haushaltsreinigung\/droguerie-ecologique\/"},{"@type":"ListItem","position":6,"name":"BLANC MEUDON"}]},{"@type":"WebSite","@id":"https:\/\/bien-etreiris.ch\/de\/#website","url":"https:\/\/bien-etreiris.ch\/de\/","name":"Bien-\u00eatre Iris","description":"IHRE Gesundheit ist uns wichtig","potentialAction":[{"@type":"SearchAction","target":{"@type":"EntryPoint","urlTemplate":"https:\/\/bien-etreiris.ch\/de\/?s={search_term_string}"},"query-input":{"@type":"PropertyValueSpecification","valueRequired":true,"valueName":"search_term_string"}}],"inLanguage":"de"}]}},"_links":{"self":[{"href":"https:\/\/bien-etreiris.ch\/de\/wp-json\/wp\/v2\/pages\/63157","targetHints":{"allow":["GET"]}}],"collection":[{"href":"https:\/\/bien-etreiris.ch\/de\/wp-json\/wp\/v2\/pages"}],"about":[{"href":"https:\/\/bien-etreiris.ch\/de\/wp-json\/wp\/v2\/types\/page"}],"author":[{"embeddable":true,"href":"https:\/\/bien-etreiris.ch\/de\/wp-json\/wp\/v2\/users\/1"}],"replies":[{"embeddable":true,"href":"https:\/\/bien-etreiris.ch\/de\/wp-json\/wp\/v2\/comments?post=63157"}],"version-history":[{"count":2,"href":"https:\/\/bien-etreiris.ch\/de\/wp-json\/wp\/v2\/pages\/63157\/revisions"}],"predecessor-version":[{"id":63184,"href":"https:\/\/bien-etreiris.ch\/de\/wp-json\/wp\/v2\/pages\/63157\/revisions\/63184"}],"up":[{"embeddable":true,"href":"https:\/\/bien-etreiris.ch\/de\/wp-json\/wp\/v2\/pages\/34910"}],"wp:featuredmedia":[{"embeddable":true,"href":"https:\/\/bien-etreiris.ch\/de\/wp-json\/wp\/v2\/media\/63148"}],"wp:attachment":[{"href":"https:\/\/bien-etreiris.ch\/de\/wp-json\/wp\/v2\/media?parent=63157"}],"curies":[{"name":"wp","href":"https:\/\/api.w.org\/{rel}","templated":true}]}}