{"id":63104,"date":"2022-12-28T22:18:17","date_gmt":"2022-12-28T20:18:17","guid":{"rendered":"https:\/\/bien-etreiris.ch\/ratgeber-klarheit-beratung\/gesunder-lebensstil\/wasser-geheimnisse\/leau-quotidienne\/"},"modified":"2023-10-22T07:18:05","modified_gmt":"2023-10-22T05:18:05","slug":"taegliches-wasser","status":"publish","type":"page","link":"https:\/\/bien-etreiris.ch\/de\/ratgeber-klarheit-beratung\/gesunder-lebensstil\/wasser-geheimnisse\/taegliches-wasser\/","title":{"rendered":"T\u00c4GLICHES WASSER"},"content":{"rendered":"\n<h2>Der t\u00e4gliche Wasserkonsum<\/h2>\n\n\n<p>Ohne Wasser kann nichts entstehen, nichts wachsen, nichts gedeihen. Ohne Wasser w\u00e4re die Erde eine trockene W\u00fcste, ohne Pflanzen, ohne Tiere, ohne Menschen.<\/p>\n<p><br>Denn Wasser ist die treibende Kraft nicht nur ausserhalb, sondern auch innerhalb unseres K\u00f6rpers. Deswegen wird man dem Element Wasser nicht gerecht, wenn es nur auf die chemische Formel H\u00b20 reduziert wird. Denn: Die Menge der Aufgaben, die Wasser erf\u00fcllt, ist unendlich, und so ist Wasser der Treibstoff des Lebens.<\/p>\n<h4><br>Das Wasser ist ein aussergew\u00f6hnliches Element<\/h4>\n<p>Physikalisch betrachtet ist Wasser ein h\u00f6chst eigenartiger Stoff, weil es sich in einigen Punkten nicht so verh\u00e4lt, wie es die Forscher im Vergleich zu \u00e4hnlichen chemischen Verbindungen erwarten w\u00fcrden. Wenn Wasser gefriert, also in einen festen Zustand \u00fcbergeht, dehnt es sich aus, statt sein Volumen zu verringern, wie das bei anderen Verbindungen der Fall ist. Chemisch betrachtet besteht Wasser zu zwei Teilen aus positiv geladenem Wasserstoff und zu einem Teil aus negativ geladenem Sauerstoff<br>Positiv und negativ geladene Teilchen ziehen sich an, es bilden sich Wasserstoffbr\u00fccken, die so genannten Cluster. Aufgrund der Wasserstoffbr\u00fccke k\u00f6nnte Wasser auch ein Festk\u00f6rper sein. Nachdem sich aber ein Teil der Wasserstoffbr\u00fccken immer wieder l\u00f6st, um sich gleich wieder neu zu binden, bleibt das Wasser fl\u00fcssig, obwohl es v\u00f6llig vernetzt ist. Wasser kann deshalb als ein fl\u00fcssiger Kristall bezeichnet werden.<\/p>\n<h4><br><strong>Die Informationskraft des Wassers<\/strong><\/h4>\n<p>Dieses vertraute und doch so r\u00e4tselhafte Element kann aber noch viel mehr. Durch seine ganz besondere physikalische Struktur als fl\u00fcssiges Kristall kann es Frequenzmuster anderer Stoffe aufnehmen, speichern und weitergeben. Verantwortlich daf\u00fcr werden die Wasserstoffbr\u00fccken gemacht. Mit diesen revolution\u00e4ren Forschungsergebnissen wird auch die Wirkungsweise der Hom\u00f6opathie erkl\u00e4rt. Wasser reagiert wie eine sensible Antenne auf alles aus seinem Umfeld.<br>Selbst kosmische Gegebenheiten wie Planetenkonstellationen oder Mondphasen haben einen Einfluss auf Wasser, wie wissenschaftliche Untersuchungen gezeigt haben. Inzwischen scheint es erwiesen, dass Wasser eine Art \"Ged\u00e4chtnis\" hat und Informationen speichern und weitergeben kann. Leider nicht nur gute, sondern auch schlechte.<\/p>\n<p>Das wir unser Trinkwasser extra Filtern sollten, bevor wir es zu uns nehmen, ist hinl\u00e4nglich bekannt. Das Wasser aus Schweizer H\u00e4hnen wird uns als das meist kontrollierteste Lebensmittel manchmal sogar bestkontrollierte Lebensmittel bezeichnet. Das klingt gut und vermittelt den Eindruck die Qualit\u00e4t des Wassers w\u00e4re ebenfalls sehr gut oder hervorragend. Doch der Zusatz \u201cmeistkontrolliert\u201d sagt nichts \u00fcber die eigentliche Qualit\u00e4t des Leitungswassers aus. Allein schon, weil der Weg zu Ihrem Wasserhahn gen\u00fcgend M\u00f6glichkeiten der Verunreinigung z.B. durch alte (bleihaltige) Wasserleitungen bietet. Zum anderen werden nur ca.50 Schadstoffe aus dem Wasser herausgefiltert, bleibt die Frage offen, was passiert mit den vielen anderen Schadstoffen wie Pestizide, Arzneimittelr\u00fcckst\u00e4nde, Hormone &amp; Chemikalien, die nach wie vor im Wasser sind? Denken Sie immer noch das Leitungswasser ohne Filtration ausreichend sei? Dann vergleichen Sie doch einmal die Bilder der Wasserkristalle. Sogar positive und negative Gef\u00fchle, Gedanken, aufmunternde oder l\u00e4hmende Worte beeinflussen die Wasserstruktur. Dies bewies der japanische Wasserforscher Dr. Masaru Emoto mit eindrucksvollen Kristallbildern.<\/p>\n<p><br>L\u00e4sst man diese Erkenntnisse auf sich wirken, erscheinen viele Dinge, die zuvor vielleicht bel\u00e4chelt wurden, in einem neuen Licht: das Beten vor dem Wasser, rituelle Waschungen, heilige Quellen wie Lourd oder Mekka\u2026<\/p>\n<h2><br>Die Aufgaben des Wassers in unserem K\u00f6rper<\/h2>\n<p>Wasser hat einen besonderen Stellenwert. Es durchdringt jede unserer K\u00f6rperzellen und erm\u00f6glicht erst die Kommunikation der unterschiedlichen Zellverb\u00e4nde. Wasser regelt alle Funktionen des Organismus, z.B. K\u00f6rperaufbau, Stoffwechsel, Verdauung, Herz-Kreislauf-Funktion und vieles mehr.<\/p>\n<p><br>Wasser ist aber auch f\u00fcr unser Bewusstsein verantwortlich und macht unsere Denkvorg\u00e4nge, Gef\u00fchle und Stimmungslagen erst m\u00f6glich. Es ist der Tr\u00e4ger aller k\u00f6rperlichen und geistigen Funktionen. Chemisch betrachtet wirkt Wasser als L\u00f6sungs-, Transport-, und Reinigungsmittel.<\/p>\n<p><br>Es f\u00f6rdert die Entschlackung, transportiert N\u00e4hrstoffe, beseitigt Abbauprodukte aus dem Stoffwechsel, h\u00e4lt den osmotischen Druck der Zellen aufrecht und reguliert die K\u00f6rpertemperatur. Alle Stoffwechselvorg\u00e4nge im K\u00f6rper k\u00f6nnen nur mit Hilfe von Wasser ablaufen.<\/p>\n<p>Die Ausscheidung von Giftstoffen \u00fcber Nieren, Darm, Haut und Lunge kann nur in Verbindung mit Wasser erfolgen. Innerhalb von 24 Stunden fliessen 1.400 Liter Blut durch unser Gehirn, im selben Zeitraum werden unsere Nieren von 2.000 Litern Blut durchstr\u00f6mt. Dabei scheidet der Mensch etwa eineinhalb bis zweieinhalb Liter Wasser t\u00e4glich aus.<br>Diesen Fl\u00fcssigkeitsverlust m\u00fcssen wir durch Trinken wieder ersetzen. Mehr als zwei Liter sollte man t\u00e4glich zu sich nehmen, damit die Organe ihre Aufgaben erf\u00fcllen k\u00f6nnen.<\/p>\n<h4><br>Als Faustregel gilt: 30 ml Wasser pro Kilogramm K\u00f6rpergewicht<\/h4>\n<p><br>Wenn sich die individuelle Wasserbilanz in Richtung Wassermangel bewegt, verlangsamen sich Stoffwechselprozesse und anderer K\u00f6rperfunktionen, Zellen trocknen aus, und der Alterungsprozess wird rasant beschleunigt. Giftstoffe sammeln sich an, lagern sich in Gelenken, Gef\u00e4ssen oder im Bindegewebe ab und verursachen Beschwerden wie Kopf- und Gelenkschmerzen und Cellulite.<br>Der iranische <em><strong>Arzt Faridum Batmanghelidj<\/strong> <\/em>sieht die Ursache vieler chronischer Erkrankungen in der Austrocknung des K\u00f6rpers.<\/p>\n<p>&nbsp;<\/p>\n<h4>Seine Devise lautet:<\/h4>\n<h4><span style=\"color: #ff0000;\">Sie sind nicht krank, \"sondern durstig\"<\/span><\/h4>\n<h2><br>Die optimale Wasserqualit\u00e4t<\/h2>\n<p>Nicht nur die Wassermenge, die man t\u00e4glich trinken soll, ist wichtig, sondern auch die Wasserqualit\u00e4t. Um seine Aufgaben im K\u00f6rper erf\u00fcllen zu k\u00f6nnen, sollte Wasser reif, rein, schadstofffrei, mit wenigen Mineralien angereichert, schmackhaft und voller Energie und Information sein.<br>Wasser mit diesen Eigenschaften finden wir heute nur noch selten - wenn, dann meist in den Bergen. Es handelt sich hierbei um artesische Quellen, deren Wasser frei fliessend aus der Erde entspringt. W\u00e4hrend seiner jahrhundertelangen Reise durch die Erde reinigt sich dieses Wasser von Schadstoffen und reichert sich<br>Durch diese so genannte m\u00e4anderf\u00f6rmige Bewegung entstehen die levitanten Kr\u00e4fte, die es dem Wasser erm\u00f6glichen, als reife Quelle auch in 2.000 Metern H\u00f6he noch ans Tageslicht zu gelangen. Reifes Wasser besitzt eine stark ausgepr\u00e4gte kristalline Struktur, und daher verf\u00fcgt es \u00fcber eine hohe Selbstreinigungskraft.<br>So erkl\u00e4rt man sich auch, warum sich etwa vorhandene Bakterien in diesem Wasser praktisch nicht vermehren k\u00f6nnen. Reife Wasser sind nahezu unbegrenzt haltbar. Die Oberfl\u00e4chenspannung ist gering und dadurch die Reinigungs- und L\u00f6sungskraft sehr hoch. Reifes, reines Wasser, frisch an der Quelle abgef\u00fcllt, w\u00e4re also das beste und ges\u00fcndeste Wasser.<\/p>\n<h2><br><a href=\"https:\/\/bien-etreiris.ch\/de\/ratgeber-klarheit-beratung\/gesunder-lebensstil\/wasser-geheimnisse\/das-hexagonale-wasser\/\" target=\"_blank\" rel=\"noopener\"><span style=\"color: #3366ff;\"><em>Hexagonwasser \u2013 heiliges Wasser<\/em><\/span><\/a><\/h2>\n<p>&nbsp;<\/p>\n<p>\u201eNoch nie war es so wichtig, sich sein t\u00e4gliches Trinkwasser in optimaler Lebensqualit\u00e4t selbst zu verbessern \u2013 und das geht mit Verwirbeln ganz leicht und quasi kostenlos in der K\u00fcche. Und so nebenbei: Das Verwirbeln, Bewusst-dabei-sein und das Selbermachen macht richtig Spass, denn so energetisieren wir selbst es noch zus\u00e4tzlich mental mit unserer ganz pers\u00f6nlichen oder einer Wunsch-Energie, zum Beispiel mit \u201aLiebe\u2019. (\u2026)<\/p>\n<p>&nbsp;<\/p>\n<p>&nbsp;<\/p>\n<div class=\"x-text x-text-headline e283-e5 m7v-4 m7v-6\">\n<div class=\"x-text-content\">\n<div class=\"x-text-content-text\">\n<h2 class=\"x-text-content-text-primary\">Ozonierung von Trinkwasser<\/h2>\n<\/div>\n<\/div>\n<\/div>\n<div class=\"x-text x-content e283-e6 m7v-7\">\n<p>Die Ozonierung ist ein Verfahren, das zur Entkeimung und Desinfektion von Trinkwasser eingesetzt wird. Das hochgiftige Gas wird in das Wasser eingeleitet, wo es problematische Elemente wie Mangan, Arsen, Eisen sowie Bakterien und organische Substanzen wie Algen \"oxidiert\" und so aus dem Wasser entfernt. Zur Anwendung kommt das Verfahren in den meisten \u00f6ffentlichen Trinkwasserkl\u00e4ranlagen. Ein eventuelles Problem mit Keimen im Wasser kann auf diese Weise ebenfalls gel\u00f6st werden.<\/p>\n<\/div>\n<div class=\"x-text x-content e283-e8 m7v-7\">Wir sind der Meinung, dass ein Naturprodukt wie Mineralwasser nicht mit giftigem Ozon in Ber\u00fchrung kommen sollte. Auch wenn es als Gas nach Vollendung des Prozesses chemisch nicht mehr nachweisbar ist, so hinterl\u00e4sst es eine deutliche Spur in der Struktur des Wassers, die aus ganzheitlicher Betrachtung nicht lebensf\u00f6rderlich sein kann und deshalb von uns abgelehnt wird.<\/div>\n<div>&nbsp;<\/div>\n<div>&nbsp;<\/div>\n<h4><em><a href=\"https:\/\/bien-etreiris.ch\/de\/ratgeber-klarheit-beratung\/gesunder-lebensstil\/naehrstoffe\/gesunde-getraenke\/lauretana\/\" target=\"_blank\" rel=\"noopener\"><span style=\"color: #ff9900;\">Wir Verkaufen aus diesem Grund das leichteste Wasser LAURATANA in unserem Gesch\u00e4ft an<\/span><\/a><\/em><\/h4>\n<div>&nbsp;<\/div>\n<div>&nbsp;<\/div>\n<h4><em><a href=\"https:\/\/bien-etreiris.ch\/de\/produktpraesentation\/gesundes-leben\/wasser-quelle-des-lebens\/wasser-filtern\/\" target=\"_blank\" rel=\"noopener\"><span style=\"color: #33cccc;\">Auch geben wir regelm\u00e4ssig Kurse von der Firma Truu kommen Sie doch vorbei<\/span><\/a><\/em><\/h4>","protected":false},"excerpt":{"rendered":"<p>Der t\u00e4gliche Wasserkonsum Ohne Wasser kann nichts entstehen, nichts wachsen, nichts gedeihen. Ohne Wasser w\u00e4re die Erde eine trockene W\u00fcste, ohne Pflanzen, ohne Tiere, ohne Menschen. Denn Wasser ist die treibende Kraft nicht nur ausserhalb, sondern auch innerhalb unseres K\u00f6rpers. Deswegen wird man dem Element Wasser nicht gerecht, wenn es nur auf die chemische Formel H\u00b20 reduziert wird. Denn: Die&nbsp;<a href=\"https:\/\/bien-etreiris.ch\/de\/ratgeber-klarheit-beratung\/gesunder-lebensstil\/wasser-geheimnisse\/taegliches-wasser\/\" class=\"read-more\">Weiter lesen<\/a><\/p>\n","protected":false},"author":1,"featured_media":63015,"parent":63096,"menu_order":4247,"comment_status":"closed","ping_status":"closed","template":"","meta":{"_acf_changed":false,"ngg_post_thumbnail":0,"footnotes":""},"class_list":["post-63104","page","type-page","status-publish","has-post-thumbnail","hentry"],"acf":[],"yoast_head":"<!-- This site is optimized with the Yoast SEO plugin v27.4 - https:\/\/yoast.com\/product\/yoast-seo-wordpress\/ -->\n<title>T\u00c4GLICHES WASSER - WOHLBEFINDEN<\/title>\n<meta name=\"robots\" content=\"index, follow, max-snippet:-1, max-image-preview:large, max-video-preview:-1\" \/>\n<link rel=\"canonical\" href=\"https:\/\/bien-etreiris.ch\/de\/ratgeber-klarheit-beratung\/gesunder-lebensstil\/wasser-geheimnisse\/taegliches-wasser\/\" \/>\n<meta property=\"og:locale\" content=\"de_DE\" \/>\n<meta property=\"og:type\" content=\"article\" \/>\n<meta property=\"og:title\" content=\"T\u00c4GLICHES WASSER - WOHLBEFINDEN\" \/>\n<meta property=\"og:description\" content=\"Der t\u00e4gliche Wasserkonsum Ohne Wasser kann nichts entstehen, nichts wachsen, nichts gedeihen. Ohne Wasser w\u00e4re die Erde eine trockene W\u00fcste, ohne Pflanzen, ohne Tiere, ohne Menschen. Denn Wasser ist die treibende Kraft nicht nur ausserhalb, sondern auch innerhalb unseres K\u00f6rpers. Deswegen wird man dem Element Wasser nicht gerecht, wenn es nur auf die chemische Formel H\u00b20 reduziert wird. Denn: Die&nbsp;Weiter lesen\" \/>\n<meta property=\"og:url\" content=\"https:\/\/bien-etreiris.ch\/de\/ratgeber-klarheit-beratung\/gesunder-lebensstil\/wasser-geheimnisse\/taegliches-wasser\/\" \/>\n<meta property=\"og:site_name\" content=\"WOHLBEFINDEN\" \/>\n<meta property=\"article:publisher\" content=\"https:\/\/www.facebook.com\/bienetreiris\/\" \/>\n<meta property=\"article:modified_time\" content=\"2023-10-22T05:18:05+00:00\" \/>\n<meta property=\"og:image\" content=\"https:\/\/bien-etreiris.ch\/wp-content\/uploads\/2022\/12\/leau-cotidienne.jpg\" \/>\n\t<meta property=\"og:image:width\" content=\"500\" \/>\n\t<meta property=\"og:image:height\" content=\"333\" \/>\n\t<meta property=\"og:image:type\" content=\"image\/jpeg\" \/>\n<meta name=\"twitter:label1\" content=\"Gesch\u00e4tzte Lesezeit\" \/>\n\t<meta name=\"twitter:data1\" content=\"7\u00a0Minuten\" \/>\n<script type=\"application\/ld+json\" class=\"yoast-schema-graph\">{\"@context\":\"https:\\\/\\\/schema.org\",\"@graph\":[{\"@type\":\"WebPage\",\"@id\":\"https:\\\/\\\/bien-etreiris.ch\\\/de\\\/ratgeber-klarheit-beratung\\\/gesunder-lebensstil\\\/wasser-geheimnisse\\\/taegliches-wasser\\\/\",\"url\":\"https:\\\/\\\/bien-etreiris.ch\\\/de\\\/ratgeber-klarheit-beratung\\\/gesunder-lebensstil\\\/wasser-geheimnisse\\\/taegliches-wasser\\\/\",\"name\":\"T\u00c4GLICHES WASSER - WOHLBEFINDEN\",\"isPartOf\":{\"@id\":\"https:\\\/\\\/bien-etreiris.ch\\\/de\\\/#website\"},\"primaryImageOfPage\":{\"@id\":\"https:\\\/\\\/bien-etreiris.ch\\\/de\\\/ratgeber-klarheit-beratung\\\/gesunder-lebensstil\\\/wasser-geheimnisse\\\/taegliches-wasser\\\/#primaryimage\"},\"image\":{\"@id\":\"https:\\\/\\\/bien-etreiris.ch\\\/de\\\/ratgeber-klarheit-beratung\\\/gesunder-lebensstil\\\/wasser-geheimnisse\\\/taegliches-wasser\\\/#primaryimage\"},\"thumbnailUrl\":\"https:\\\/\\\/bien-etreiris.ch\\\/wp-content\\\/uploads\\\/2022\\\/12\\\/leau-cotidienne.jpg\",\"datePublished\":\"2022-12-28T20:18:17+00:00\",\"dateModified\":\"2023-10-22T05:18:05+00:00\",\"breadcrumb\":{\"@id\":\"https:\\\/\\\/bien-etreiris.ch\\\/de\\\/ratgeber-klarheit-beratung\\\/gesunder-lebensstil\\\/wasser-geheimnisse\\\/taegliches-wasser\\\/#breadcrumb\"},\"inLanguage\":\"de\",\"potentialAction\":[{\"@type\":\"ReadAction\",\"target\":[\"https:\\\/\\\/bien-etreiris.ch\\\/de\\\/ratgeber-klarheit-beratung\\\/gesunder-lebensstil\\\/wasser-geheimnisse\\\/taegliches-wasser\\\/\"]}]},{\"@type\":\"ImageObject\",\"inLanguage\":\"de\",\"@id\":\"https:\\\/\\\/bien-etreiris.ch\\\/de\\\/ratgeber-klarheit-beratung\\\/gesunder-lebensstil\\\/wasser-geheimnisse\\\/taegliches-wasser\\\/#primaryimage\",\"url\":\"https:\\\/\\\/bien-etreiris.ch\\\/wp-content\\\/uploads\\\/2022\\\/12\\\/leau-cotidienne.jpg\",\"contentUrl\":\"https:\\\/\\\/bien-etreiris.ch\\\/wp-content\\\/uploads\\\/2022\\\/12\\\/leau-cotidienne.jpg\",\"width\":500,\"height\":333},{\"@type\":\"BreadcrumbList\",\"@id\":\"https:\\\/\\\/bien-etreiris.ch\\\/de\\\/ratgeber-klarheit-beratung\\\/gesunder-lebensstil\\\/wasser-geheimnisse\\\/taegliches-wasser\\\/#breadcrumb\",\"itemListElement\":[{\"@type\":\"ListItem\",\"position\":1,\"name\":\"Home\",\"item\":\"https:\\\/\\\/bien-etreiris.ch\\\/de\\\/\"},{\"@type\":\"ListItem\",\"position\":2,\"name\":\"RATGEBER &#038; KLARHEIT\",\"item\":\"https:\\\/\\\/bien-etreiris.ch\\\/de\\\/ratgeber-klarheit-beratung\\\/\"},{\"@type\":\"ListItem\",\"position\":3,\"name\":\"GESUNDER LEBENSSTIL\",\"item\":\"https:\\\/\\\/bien-etreiris.ch\\\/de\\\/ratgeber-klarheit-beratung\\\/gesunder-lebensstil\\\/\"},{\"@type\":\"ListItem\",\"position\":4,\"name\":\"WASSER GEHEIMNISSE\",\"item\":\"https:\\\/\\\/bien-etreiris.ch\\\/de\\\/ratgeber-klarheit-beratung\\\/gesunder-lebensstil\\\/wasser-geheimnisse\\\/\"},{\"@type\":\"ListItem\",\"position\":5,\"name\":\"T\u00c4GLICHES WASSER\"}]},{\"@type\":\"WebSite\",\"@id\":\"https:\\\/\\\/bien-etreiris.ch\\\/de\\\/#website\",\"url\":\"https:\\\/\\\/bien-etreiris.ch\\\/de\\\/\",\"name\":\"Bien-\u00eatre Iris\",\"description\":\"IHRE Gesundheit ist uns wichtig\",\"potentialAction\":[{\"@type\":\"SearchAction\",\"target\":{\"@type\":\"EntryPoint\",\"urlTemplate\":\"https:\\\/\\\/bien-etreiris.ch\\\/de\\\/?s={search_term_string}\"},\"query-input\":{\"@type\":\"PropertyValueSpecification\",\"valueRequired\":true,\"valueName\":\"search_term_string\"}}],\"inLanguage\":\"de\"}]}<\/script>\n<!-- \/ Yoast SEO plugin. -->","yoast_head_json":{"title":"T\u00c4GLICHES WASSER - WOHLBEFINDEN","robots":{"index":"index","follow":"follow","max-snippet":"max-snippet:-1","max-image-preview":"max-image-preview:large","max-video-preview":"max-video-preview:-1"},"canonical":"https:\/\/bien-etreiris.ch\/de\/ratgeber-klarheit-beratung\/gesunder-lebensstil\/wasser-geheimnisse\/taegliches-wasser\/","og_locale":"de_DE","og_type":"article","og_title":"T\u00c4GLICHES WASSER - WOHLBEFINDEN","og_description":"Der t\u00e4gliche Wasserkonsum Ohne Wasser kann nichts entstehen, nichts wachsen, nichts gedeihen. Ohne Wasser w\u00e4re die Erde eine trockene W\u00fcste, ohne Pflanzen, ohne Tiere, ohne Menschen. Denn Wasser ist die treibende Kraft nicht nur ausserhalb, sondern auch innerhalb unseres K\u00f6rpers. Deswegen wird man dem Element Wasser nicht gerecht, wenn es nur auf die chemische Formel H\u00b20 reduziert wird. Denn: Die&nbsp;Weiter lesen","og_url":"https:\/\/bien-etreiris.ch\/de\/ratgeber-klarheit-beratung\/gesunder-lebensstil\/wasser-geheimnisse\/taegliches-wasser\/","og_site_name":"WOHLBEFINDEN","article_publisher":"https:\/\/www.facebook.com\/bienetreiris\/","article_modified_time":"2023-10-22T05:18:05+00:00","og_image":[{"width":500,"height":333,"url":"https:\/\/bien-etreiris.ch\/wp-content\/uploads\/2022\/12\/leau-cotidienne.jpg","type":"image\/jpeg"}],"twitter_misc":{"Gesch\u00e4tzte Lesezeit":"7\u00a0Minuten"},"schema":{"@context":"https:\/\/schema.org","@graph":[{"@type":"WebPage","@id":"https:\/\/bien-etreiris.ch\/de\/ratgeber-klarheit-beratung\/gesunder-lebensstil\/wasser-geheimnisse\/taegliches-wasser\/","url":"https:\/\/bien-etreiris.ch\/de\/ratgeber-klarheit-beratung\/gesunder-lebensstil\/wasser-geheimnisse\/taegliches-wasser\/","name":"T\u00c4GLICHES WASSER - WOHLBEFINDEN","isPartOf":{"@id":"https:\/\/bien-etreiris.ch\/de\/#website"},"primaryImageOfPage":{"@id":"https:\/\/bien-etreiris.ch\/de\/ratgeber-klarheit-beratung\/gesunder-lebensstil\/wasser-geheimnisse\/taegliches-wasser\/#primaryimage"},"image":{"@id":"https:\/\/bien-etreiris.ch\/de\/ratgeber-klarheit-beratung\/gesunder-lebensstil\/wasser-geheimnisse\/taegliches-wasser\/#primaryimage"},"thumbnailUrl":"https:\/\/bien-etreiris.ch\/wp-content\/uploads\/2022\/12\/leau-cotidienne.jpg","datePublished":"2022-12-28T20:18:17+00:00","dateModified":"2023-10-22T05:18:05+00:00","breadcrumb":{"@id":"https:\/\/bien-etreiris.ch\/de\/ratgeber-klarheit-beratung\/gesunder-lebensstil\/wasser-geheimnisse\/taegliches-wasser\/#breadcrumb"},"inLanguage":"de","potentialAction":[{"@type":"ReadAction","target":["https:\/\/bien-etreiris.ch\/de\/ratgeber-klarheit-beratung\/gesunder-lebensstil\/wasser-geheimnisse\/taegliches-wasser\/"]}]},{"@type":"ImageObject","inLanguage":"de","@id":"https:\/\/bien-etreiris.ch\/de\/ratgeber-klarheit-beratung\/gesunder-lebensstil\/wasser-geheimnisse\/taegliches-wasser\/#primaryimage","url":"https:\/\/bien-etreiris.ch\/wp-content\/uploads\/2022\/12\/leau-cotidienne.jpg","contentUrl":"https:\/\/bien-etreiris.ch\/wp-content\/uploads\/2022\/12\/leau-cotidienne.jpg","width":500,"height":333},{"@type":"BreadcrumbList","@id":"https:\/\/bien-etreiris.ch\/de\/ratgeber-klarheit-beratung\/gesunder-lebensstil\/wasser-geheimnisse\/taegliches-wasser\/#breadcrumb","itemListElement":[{"@type":"ListItem","position":1,"name":"Home","item":"https:\/\/bien-etreiris.ch\/de\/"},{"@type":"ListItem","position":2,"name":"RATGEBER &#038; KLARHEIT","item":"https:\/\/bien-etreiris.ch\/de\/ratgeber-klarheit-beratung\/"},{"@type":"ListItem","position":3,"name":"GESUNDER LEBENSSTIL","item":"https:\/\/bien-etreiris.ch\/de\/ratgeber-klarheit-beratung\/gesunder-lebensstil\/"},{"@type":"ListItem","position":4,"name":"WASSER GEHEIMNISSE","item":"https:\/\/bien-etreiris.ch\/de\/ratgeber-klarheit-beratung\/gesunder-lebensstil\/wasser-geheimnisse\/"},{"@type":"ListItem","position":5,"name":"T\u00c4GLICHES WASSER"}]},{"@type":"WebSite","@id":"https:\/\/bien-etreiris.ch\/de\/#website","url":"https:\/\/bien-etreiris.ch\/de\/","name":"Bien-\u00eatre Iris","description":"IHRE Gesundheit ist uns wichtig","potentialAction":[{"@type":"SearchAction","target":{"@type":"EntryPoint","urlTemplate":"https:\/\/bien-etreiris.ch\/de\/?s={search_term_string}"},"query-input":{"@type":"PropertyValueSpecification","valueRequired":true,"valueName":"search_term_string"}}],"inLanguage":"de"}]}},"_links":{"self":[{"href":"https:\/\/bien-etreiris.ch\/de\/wp-json\/wp\/v2\/pages\/63104","targetHints":{"allow":["GET"]}}],"collection":[{"href":"https:\/\/bien-etreiris.ch\/de\/wp-json\/wp\/v2\/pages"}],"about":[{"href":"https:\/\/bien-etreiris.ch\/de\/wp-json\/wp\/v2\/types\/page"}],"author":[{"embeddable":true,"href":"https:\/\/bien-etreiris.ch\/de\/wp-json\/wp\/v2\/users\/1"}],"replies":[{"embeddable":true,"href":"https:\/\/bien-etreiris.ch\/de\/wp-json\/wp\/v2\/comments?post=63104"}],"version-history":[{"count":8,"href":"https:\/\/bien-etreiris.ch\/de\/wp-json\/wp\/v2\/pages\/63104\/revisions"}],"predecessor-version":[{"id":77780,"href":"https:\/\/bien-etreiris.ch\/de\/wp-json\/wp\/v2\/pages\/63104\/revisions\/77780"}],"up":[{"embeddable":true,"href":"https:\/\/bien-etreiris.ch\/de\/wp-json\/wp\/v2\/pages\/63096"}],"wp:featuredmedia":[{"embeddable":true,"href":"https:\/\/bien-etreiris.ch\/de\/wp-json\/wp\/v2\/media\/63015"}],"wp:attachment":[{"href":"https:\/\/bien-etreiris.ch\/de\/wp-json\/wp\/v2\/media?parent=63104"}],"curies":[{"name":"wp","href":"https:\/\/api.w.org\/{rel}","templated":true}]}}