{"id":63076,"date":"2022-12-29T00:08:44","date_gmt":"2022-12-28T22:08:44","guid":{"rendered":"https:\/\/bien-etreiris.ch\/produktpraesentation\/gesundes-leben\/wasser-quelle-des-lebens\/leau-hexaconale\/"},"modified":"2023-01-04T08:13:59","modified_gmt":"2023-01-04T06:13:59","slug":"hexagonwasserwirbler","status":"publish","type":"page","link":"https:\/\/bien-etreiris.ch\/de\/produktpraesentation\/gesundes-leben\/wasser-quelle-des-lebens\/hexagonwasserwirbler\/","title":{"rendered":"HEXAGONWASSERWIRBLER"},"content":{"rendered":"\n<h2>Bereiten Sie selbst hexagonales Wasser zu. Der Cellavita Hexagonal-Wasserwirbel in Aktion.<\/h2>\n<p><iframe loading=\"lazy\" title=\"Hexagonales Wasser selbst herstellen. Der Hexagonwasser-Wirbler von Cellavita in Aktion.\" width=\"604\" height=\"340\" src=\"https:\/\/www.youtube.com\/embed\/Dm4XsnS1ffw?feature=oembed\" frameborder=\"0\" allow=\"accelerometer; autoplay; clipboard-write; encrypted-media; gyroscope; picture-in-picture; web-share\" referrerpolicy=\"strict-origin-when-cross-origin\" allowfullscreen><\/iframe><\/p>\n<p>&nbsp;<\/p>\n<h2><br><a href=\"https:\/\/bien-etreiris.ch\/de\/ratgeber-klarheit-beratung\/gesunder-lebensstil\/wasser-geheimnisse\/das-hexagonale-wasser\/\" target=\"_blank\" rel=\"noopener\"><em><span style=\"color: #ff6600;\">Wenn Sie mehr \u00fcber hexagonales Wasser erfahren m\u00f6chten, klicken Sie hier.<\/span><\/em><\/a><\/h2>\n<p>&nbsp;<\/p>\n<p>&nbsp;<\/p>\n<p><a href=\"https:\/\/bien-etreiris.ch\/wp-content\/uploads\/2022\/12\/Hexagonwasserwirbler.jpg\"><img loading=\"lazy\" decoding=\"async\" class=\"wp-image-63089  alignleft\" src=\"https:\/\/bien-etreiris.ch\/wp-content\/uploads\/2022\/12\/Hexagonwasserwirbler.jpg\" alt=\"\" width=\"255\" height=\"475\" srcset=\"https:\/\/bien-etreiris.ch\/wp-content\/uploads\/2022\/12\/Hexagonwasserwirbler.jpg 1131w, https:\/\/bien-etreiris.ch\/wp-content\/uploads\/2022\/12\/Hexagonwasserwirbler-161x300.jpg 161w, https:\/\/bien-etreiris.ch\/wp-content\/uploads\/2022\/12\/Hexagonwasserwirbler-549x1024.jpg 549w, https:\/\/bien-etreiris.ch\/wp-content\/uploads\/2022\/12\/Hexagonwasserwirbler-768x1431.jpg 768w, https:\/\/bien-etreiris.ch\/wp-content\/uploads\/2022\/12\/Hexagonwasserwirbler-824x1536.jpg 824w, https:\/\/bien-etreiris.ch\/wp-content\/uploads\/2022\/12\/Hexagonwasserwirbler-1099x2048.jpg 1099w\" sizes=\"auto, (max-width: 255px) 100vw, 255px\" \/><\/a><\/p>\n<p>&nbsp;<\/p>\n<p>&nbsp;<\/p>\n<p>&nbsp;<\/p>\n<p>&nbsp;<\/p>\n<p>Mit dem Sechseckiger Hand Hexagonwasser-Wirbler - Hergestellt in Deutschland.&nbsp;<br>Mit aufgeklappten Fl\u00fcgelelementen.<br>Nach einigen Sekunden bildet sich ein ausgepr\u00e4gter Schauberger-Wirbel.<\/p>\n<p>&nbsp;<\/p>\n<p>1 Wirbler <strong>CHF 95.00<\/strong><\/p>\n<p>&nbsp;<\/p>\n<p>&nbsp;<\/p>\n<p>&nbsp;<\/p>\n<p>&nbsp;<\/p>\n<p><br>auch als Set erh\u00e4ltlich<\/p>\n<p>&nbsp;<\/p>\n<p>&nbsp;<\/p>\n<p>&nbsp;<\/p>\n<p><a href=\"https:\/\/bien-etreiris.ch\/wp-content\/uploads\/2022\/12\/set-1.jpg\"><img loading=\"lazy\" decoding=\"async\" class=\"alignnone  wp-image-63048\" src=\"https:\/\/bien-etreiris.ch\/wp-content\/uploads\/2022\/12\/set-1.jpg\" alt=\"\" width=\"307\" height=\"384\" srcset=\"https:\/\/bien-etreiris.ch\/wp-content\/uploads\/2022\/12\/set-1.jpg 600w, https:\/\/bien-etreiris.ch\/wp-content\/uploads\/2022\/12\/set-1-240x300.jpg 240w\" sizes=\"auto, (max-width: 307px) 100vw, 307px\" \/><\/a><\/p>\n<p>&nbsp;<\/p>\n<p>&nbsp;<\/p>\n<p>1 Set CHF 118.00<\/p>\n<p>&nbsp;<\/p>\n<p>&nbsp;<\/p>\n<h2>Hand-Wirbler:<\/h2>\n<p>Der Hexagonwasser\u00ae-Hand-Wirbler wird mit ausgeklappten Fl\u00fcgelelementen auf den Rand der Glaskraffe aufgesetzt und zentriert.<\/p>\n<ul style=\"list-style-type: disc;\">\n<li>Mit der linken Hand wird der Hexagonwasser\u00ae-Hand-Wirbler in dieser Position festgehalten und mit der rechten Hand wird die Kurbelscheibe ca. 1-2 Mal pro Sekunde gedreht.<\/li>\n<li>Schon nach wenigen Sekunden baut sich ein ausgepr\u00e4gter Schauberger-Wirbel auf, dessen Gr\u00f6sse durch die Drehgeschwindigkeit des Wassers bestimmt wird.<\/li>\n<li>Die Drehgeschwindigkeit so korrigieren, dass die Wirbelspitze knapp den Boden der Karaffe erreicht.<\/li>\n<li>Nach gut einer Minute Betrieb (ca. 150 Umdrehungen) nimmt man den Hexagonwasser\u00ae-Hand-Wirbler z\u00fcgig aus dem Wasser, so dass der Schauberger-Wirbel frei nachdrehen und hyperbolisch abklingen kann.<\/li>\n<li>Sollen Substanzen mit eingewirbelt werden, bringt man diese unmittelbar vor Beginn des Wirbelprozesses in das Wasser ein.<\/li>\n<\/ul>\n<p>&nbsp;<\/p>\n<h2>Cellavita Glaskrug:<\/h2>\n<p>Der von Cellavita entwickelte, mundgeblasene Glaskrug aus Kristallglas, ist zur Verwendung mit beiden Hexagonwasser-Wirblern bestens geeignet.<\/p>\n<p>Er zeichnet sich durch folgende Punkte aus:<\/p>\n<ul style=\"list-style-type: disc;\">\n<li>Kristallglas, mundgeblasen<\/li>\n<li>schwere Glasqualit\u00e4t<\/li>\n<li>H\u00f6he 200mm Durchmesser 110mm<\/li>\n<li>zylindrische Form mit Ausgie\u00dfer und Henkel<\/li>\n<li>mit Cellavita-Naturprodukte-Aufdruck<\/li>\n<\/ul>\n<h4>Zu Ihrer Information:<\/h4>\n<p>Die aufgedruckte Hexagonwasser\u00ae von Cellavita Schrift stellt eine grobe 1,0l-Markierung dar.<br>Der Krug ist nicht sp\u00fclmaschinengeeignet.<\/p>\n<p>&gt; Dazu erhalten Sie eine 1,0 l wiederverschliessbare B\u00fcgel-Glasflasche &lt;<\/p>\n<p>&nbsp;<\/p>\n<p>&nbsp;<\/p>\n<h2><a href=\"https:\/\/bien-etreiris.ch\/de\/ratgeber-klarheit-beratung\/gesunder-lebensstil\/wasser-geheimnisse\/das-hexagonale-wasser\/\" target=\"_blank\" rel=\"noopener\"><em><span style=\"color: #ff6600;\"><strong>Wenn Sie mehr \u00fcber hexagonales Wasser erfahren m\u00f6chten, klicken Sie hier.<\/strong><\/span><\/em><\/a><\/h2>\n","protected":false},"excerpt":{"rendered":"<p>Bereiten Sie selbst hexagonales Wasser zu. Der Cellavita Hexagonal-Wasserwirbel in Aktion. &nbsp; Wenn Sie mehr \u00fcber hexagonales Wasser erfahren m\u00f6chten, klicken Sie hier. &nbsp; &nbsp; &nbsp; &nbsp; &nbsp; &nbsp; Mit dem Sechseckiger Hand Hexagonwasser-Wirbler - Hergestellt in Deutschland.&nbsp;Mit aufgeklappten Fl\u00fcgelelementen.Nach einigen Sekunden bildet sich ein ausgepr\u00e4gter Schauberger-Wirbel. &nbsp; 1 Wirbler CHF 95.00 &nbsp; &nbsp; &nbsp; &nbsp; auch als Set erh\u00e4ltlich&nbsp;<a href=\"https:\/\/bien-etreiris.ch\/de\/produktpraesentation\/gesundes-leben\/wasser-quelle-des-lebens\/hexagonwasserwirbler\/\" class=\"read-more\">Weiter lesen<\/a><\/p>\n","protected":false},"author":1,"featured_media":63053,"parent":30643,"menu_order":4238,"comment_status":"closed","ping_status":"closed","template":"page-with-child.php","meta":{"_acf_changed":false,"ngg_post_thumbnail":0,"footnotes":""},"class_list":["post-63076","page","type-page","status-publish","has-post-thumbnail","hentry"],"acf":[],"yoast_head":"<!-- This site is optimized with the Yoast SEO plugin v27.4 - https:\/\/yoast.com\/product\/yoast-seo-wordpress\/ -->\n<title>HEXAGONWASSERWIRBLER - WOHLBEFINDEN<\/title>\n<meta name=\"robots\" content=\"index, follow, max-snippet:-1, max-image-preview:large, max-video-preview:-1\" \/>\n<link rel=\"canonical\" href=\"https:\/\/bien-etreiris.ch\/de\/produktpraesentation\/gesundes-leben\/wasser-quelle-des-lebens\/hexagonwasserwirbler\/\" \/>\n<meta property=\"og:locale\" content=\"de_DE\" \/>\n<meta property=\"og:type\" content=\"article\" \/>\n<meta property=\"og:title\" content=\"HEXAGONWASSERWIRBLER - WOHLBEFINDEN\" \/>\n<meta property=\"og:description\" content=\"Bereiten Sie selbst hexagonales Wasser zu. Der Cellavita Hexagonal-Wasserwirbel in Aktion. &nbsp; Wenn Sie mehr \u00fcber hexagonales Wasser erfahren m\u00f6chten, klicken Sie hier. &nbsp; &nbsp; &nbsp; &nbsp; &nbsp; &nbsp; Mit dem Sechseckiger Hand Hexagonwasser-Wirbler - Hergestellt in Deutschland.&nbsp;Mit aufgeklappten Fl\u00fcgelelementen.Nach einigen Sekunden bildet sich ein ausgepr\u00e4gter Schauberger-Wirbel. &nbsp; 1 Wirbler CHF 95.00 &nbsp; &nbsp; &nbsp; &nbsp; auch als Set erh\u00e4ltlich&nbsp;Weiter lesen\" \/>\n<meta property=\"og:url\" content=\"https:\/\/bien-etreiris.ch\/de\/produktpraesentation\/gesundes-leben\/wasser-quelle-des-lebens\/hexagonwasserwirbler\/\" \/>\n<meta property=\"og:site_name\" content=\"WOHLBEFINDEN\" \/>\n<meta property=\"article:publisher\" content=\"https:\/\/www.facebook.com\/bienetreiris\/\" \/>\n<meta property=\"article:modified_time\" content=\"2023-01-04T06:13:59+00:00\" \/>\n<meta property=\"og:image\" content=\"https:\/\/bien-etreiris.ch\/wp-content\/uploads\/2022\/12\/acceuil-hexagonales.jpg\" \/>\n\t<meta property=\"og:image:width\" content=\"500\" \/>\n\t<meta property=\"og:image:height\" content=\"311\" \/>\n\t<meta property=\"og:image:type\" content=\"image\/jpeg\" \/>\n<meta name=\"twitter:label1\" content=\"Gesch\u00e4tzte Lesezeit\" \/>\n\t<meta name=\"twitter:data1\" content=\"2\u00a0Minuten\" \/>\n<script type=\"application\/ld+json\" class=\"yoast-schema-graph\">{\"@context\":\"https:\\\/\\\/schema.org\",\"@graph\":[{\"@type\":\"WebPage\",\"@id\":\"https:\\\/\\\/bien-etreiris.ch\\\/de\\\/produktpraesentation\\\/gesundes-leben\\\/wasser-quelle-des-lebens\\\/hexagonwasserwirbler\\\/\",\"url\":\"https:\\\/\\\/bien-etreiris.ch\\\/de\\\/produktpraesentation\\\/gesundes-leben\\\/wasser-quelle-des-lebens\\\/hexagonwasserwirbler\\\/\",\"name\":\"HEXAGONWASSERWIRBLER - WOHLBEFINDEN\",\"isPartOf\":{\"@id\":\"https:\\\/\\\/bien-etreiris.ch\\\/de\\\/#website\"},\"primaryImageOfPage\":{\"@id\":\"https:\\\/\\\/bien-etreiris.ch\\\/de\\\/produktpraesentation\\\/gesundes-leben\\\/wasser-quelle-des-lebens\\\/hexagonwasserwirbler\\\/#primaryimage\"},\"image\":{\"@id\":\"https:\\\/\\\/bien-etreiris.ch\\\/de\\\/produktpraesentation\\\/gesundes-leben\\\/wasser-quelle-des-lebens\\\/hexagonwasserwirbler\\\/#primaryimage\"},\"thumbnailUrl\":\"https:\\\/\\\/bien-etreiris.ch\\\/wp-content\\\/uploads\\\/2022\\\/12\\\/acceuil-hexagonales.jpg\",\"datePublished\":\"2022-12-28T22:08:44+00:00\",\"dateModified\":\"2023-01-04T06:13:59+00:00\",\"breadcrumb\":{\"@id\":\"https:\\\/\\\/bien-etreiris.ch\\\/de\\\/produktpraesentation\\\/gesundes-leben\\\/wasser-quelle-des-lebens\\\/hexagonwasserwirbler\\\/#breadcrumb\"},\"inLanguage\":\"de\",\"potentialAction\":[{\"@type\":\"ReadAction\",\"target\":[\"https:\\\/\\\/bien-etreiris.ch\\\/de\\\/produktpraesentation\\\/gesundes-leben\\\/wasser-quelle-des-lebens\\\/hexagonwasserwirbler\\\/\"]}]},{\"@type\":\"ImageObject\",\"inLanguage\":\"de\",\"@id\":\"https:\\\/\\\/bien-etreiris.ch\\\/de\\\/produktpraesentation\\\/gesundes-leben\\\/wasser-quelle-des-lebens\\\/hexagonwasserwirbler\\\/#primaryimage\",\"url\":\"https:\\\/\\\/bien-etreiris.ch\\\/wp-content\\\/uploads\\\/2022\\\/12\\\/acceuil-hexagonales.jpg\",\"contentUrl\":\"https:\\\/\\\/bien-etreiris.ch\\\/wp-content\\\/uploads\\\/2022\\\/12\\\/acceuil-hexagonales.jpg\",\"width\":500,\"height\":311},{\"@type\":\"BreadcrumbList\",\"@id\":\"https:\\\/\\\/bien-etreiris.ch\\\/de\\\/produktpraesentation\\\/gesundes-leben\\\/wasser-quelle-des-lebens\\\/hexagonwasserwirbler\\\/#breadcrumb\",\"itemListElement\":[{\"@type\":\"ListItem\",\"position\":1,\"name\":\"Home\",\"item\":\"https:\\\/\\\/bien-etreiris.ch\\\/de\\\/\"},{\"@type\":\"ListItem\",\"position\":2,\"name\":\"PRODUKTPR\u00c4SENTATION\",\"item\":\"https:\\\/\\\/bien-etreiris.ch\\\/de\\\/produktpraesentation\\\/\"},{\"@type\":\"ListItem\",\"position\":3,\"name\":\"GESUNDES LEBEN\",\"item\":\"https:\\\/\\\/bien-etreiris.ch\\\/de\\\/produktpraesentation\\\/gesundes-leben\\\/\"},{\"@type\":\"ListItem\",\"position\":4,\"name\":\"WASSER &#8211; QUELLE DES LEBENS\",\"item\":\"https:\\\/\\\/bien-etreiris.ch\\\/de\\\/produktpraesentation\\\/gesundes-leben\\\/wasser-quelle-des-lebens\\\/\"},{\"@type\":\"ListItem\",\"position\":5,\"name\":\"HEXAGONWASSERWIRBLER\"}]},{\"@type\":\"WebSite\",\"@id\":\"https:\\\/\\\/bien-etreiris.ch\\\/de\\\/#website\",\"url\":\"https:\\\/\\\/bien-etreiris.ch\\\/de\\\/\",\"name\":\"Bien-\u00eatre Iris\",\"description\":\"IHRE Gesundheit ist uns wichtig\",\"potentialAction\":[{\"@type\":\"SearchAction\",\"target\":{\"@type\":\"EntryPoint\",\"urlTemplate\":\"https:\\\/\\\/bien-etreiris.ch\\\/de\\\/?s={search_term_string}\"},\"query-input\":{\"@type\":\"PropertyValueSpecification\",\"valueRequired\":true,\"valueName\":\"search_term_string\"}}],\"inLanguage\":\"de\"}]}<\/script>\n<!-- \/ Yoast SEO plugin. -->","yoast_head_json":{"title":"HEXAGONWASSERWIRBLER - WOHLBEFINDEN","robots":{"index":"index","follow":"follow","max-snippet":"max-snippet:-1","max-image-preview":"max-image-preview:large","max-video-preview":"max-video-preview:-1"},"canonical":"https:\/\/bien-etreiris.ch\/de\/produktpraesentation\/gesundes-leben\/wasser-quelle-des-lebens\/hexagonwasserwirbler\/","og_locale":"de_DE","og_type":"article","og_title":"HEXAGONWASSERWIRBLER - WOHLBEFINDEN","og_description":"Bereiten Sie selbst hexagonales Wasser zu. Der Cellavita Hexagonal-Wasserwirbel in Aktion. &nbsp; Wenn Sie mehr \u00fcber hexagonales Wasser erfahren m\u00f6chten, klicken Sie hier. &nbsp; &nbsp; &nbsp; &nbsp; &nbsp; &nbsp; Mit dem Sechseckiger Hand Hexagonwasser-Wirbler - Hergestellt in Deutschland.&nbsp;Mit aufgeklappten Fl\u00fcgelelementen.Nach einigen Sekunden bildet sich ein ausgepr\u00e4gter Schauberger-Wirbel. &nbsp; 1 Wirbler CHF 95.00 &nbsp; &nbsp; &nbsp; &nbsp; auch als Set erh\u00e4ltlich&nbsp;Weiter lesen","og_url":"https:\/\/bien-etreiris.ch\/de\/produktpraesentation\/gesundes-leben\/wasser-quelle-des-lebens\/hexagonwasserwirbler\/","og_site_name":"WOHLBEFINDEN","article_publisher":"https:\/\/www.facebook.com\/bienetreiris\/","article_modified_time":"2023-01-04T06:13:59+00:00","og_image":[{"width":500,"height":311,"url":"https:\/\/bien-etreiris.ch\/wp-content\/uploads\/2022\/12\/acceuil-hexagonales.jpg","type":"image\/jpeg"}],"twitter_misc":{"Gesch\u00e4tzte Lesezeit":"2\u00a0Minuten"},"schema":{"@context":"https:\/\/schema.org","@graph":[{"@type":"WebPage","@id":"https:\/\/bien-etreiris.ch\/de\/produktpraesentation\/gesundes-leben\/wasser-quelle-des-lebens\/hexagonwasserwirbler\/","url":"https:\/\/bien-etreiris.ch\/de\/produktpraesentation\/gesundes-leben\/wasser-quelle-des-lebens\/hexagonwasserwirbler\/","name":"HEXAGONWASSERWIRBLER - WOHLBEFINDEN","isPartOf":{"@id":"https:\/\/bien-etreiris.ch\/de\/#website"},"primaryImageOfPage":{"@id":"https:\/\/bien-etreiris.ch\/de\/produktpraesentation\/gesundes-leben\/wasser-quelle-des-lebens\/hexagonwasserwirbler\/#primaryimage"},"image":{"@id":"https:\/\/bien-etreiris.ch\/de\/produktpraesentation\/gesundes-leben\/wasser-quelle-des-lebens\/hexagonwasserwirbler\/#primaryimage"},"thumbnailUrl":"https:\/\/bien-etreiris.ch\/wp-content\/uploads\/2022\/12\/acceuil-hexagonales.jpg","datePublished":"2022-12-28T22:08:44+00:00","dateModified":"2023-01-04T06:13:59+00:00","breadcrumb":{"@id":"https:\/\/bien-etreiris.ch\/de\/produktpraesentation\/gesundes-leben\/wasser-quelle-des-lebens\/hexagonwasserwirbler\/#breadcrumb"},"inLanguage":"de","potentialAction":[{"@type":"ReadAction","target":["https:\/\/bien-etreiris.ch\/de\/produktpraesentation\/gesundes-leben\/wasser-quelle-des-lebens\/hexagonwasserwirbler\/"]}]},{"@type":"ImageObject","inLanguage":"de","@id":"https:\/\/bien-etreiris.ch\/de\/produktpraesentation\/gesundes-leben\/wasser-quelle-des-lebens\/hexagonwasserwirbler\/#primaryimage","url":"https:\/\/bien-etreiris.ch\/wp-content\/uploads\/2022\/12\/acceuil-hexagonales.jpg","contentUrl":"https:\/\/bien-etreiris.ch\/wp-content\/uploads\/2022\/12\/acceuil-hexagonales.jpg","width":500,"height":311},{"@type":"BreadcrumbList","@id":"https:\/\/bien-etreiris.ch\/de\/produktpraesentation\/gesundes-leben\/wasser-quelle-des-lebens\/hexagonwasserwirbler\/#breadcrumb","itemListElement":[{"@type":"ListItem","position":1,"name":"Home","item":"https:\/\/bien-etreiris.ch\/de\/"},{"@type":"ListItem","position":2,"name":"PRODUKTPR\u00c4SENTATION","item":"https:\/\/bien-etreiris.ch\/de\/produktpraesentation\/"},{"@type":"ListItem","position":3,"name":"GESUNDES LEBEN","item":"https:\/\/bien-etreiris.ch\/de\/produktpraesentation\/gesundes-leben\/"},{"@type":"ListItem","position":4,"name":"WASSER &#8211; QUELLE DES LEBENS","item":"https:\/\/bien-etreiris.ch\/de\/produktpraesentation\/gesundes-leben\/wasser-quelle-des-lebens\/"},{"@type":"ListItem","position":5,"name":"HEXAGONWASSERWIRBLER"}]},{"@type":"WebSite","@id":"https:\/\/bien-etreiris.ch\/de\/#website","url":"https:\/\/bien-etreiris.ch\/de\/","name":"Bien-\u00eatre Iris","description":"IHRE Gesundheit ist uns wichtig","potentialAction":[{"@type":"SearchAction","target":{"@type":"EntryPoint","urlTemplate":"https:\/\/bien-etreiris.ch\/de\/?s={search_term_string}"},"query-input":{"@type":"PropertyValueSpecification","valueRequired":true,"valueName":"search_term_string"}}],"inLanguage":"de"}]}},"_links":{"self":[{"href":"https:\/\/bien-etreiris.ch\/de\/wp-json\/wp\/v2\/pages\/63076","targetHints":{"allow":["GET"]}}],"collection":[{"href":"https:\/\/bien-etreiris.ch\/de\/wp-json\/wp\/v2\/pages"}],"about":[{"href":"https:\/\/bien-etreiris.ch\/de\/wp-json\/wp\/v2\/types\/page"}],"author":[{"embeddable":true,"href":"https:\/\/bien-etreiris.ch\/de\/wp-json\/wp\/v2\/users\/1"}],"replies":[{"embeddable":true,"href":"https:\/\/bien-etreiris.ch\/de\/wp-json\/wp\/v2\/comments?post=63076"}],"version-history":[{"count":5,"href":"https:\/\/bien-etreiris.ch\/de\/wp-json\/wp\/v2\/pages\/63076\/revisions"}],"predecessor-version":[{"id":63370,"href":"https:\/\/bien-etreiris.ch\/de\/wp-json\/wp\/v2\/pages\/63076\/revisions\/63370"}],"up":[{"embeddable":true,"href":"https:\/\/bien-etreiris.ch\/de\/wp-json\/wp\/v2\/pages\/30643"}],"wp:featuredmedia":[{"embeddable":true,"href":"https:\/\/bien-etreiris.ch\/de\/wp-json\/wp\/v2\/media\/63053"}],"wp:attachment":[{"href":"https:\/\/bien-etreiris.ch\/de\/wp-json\/wp\/v2\/media?parent=63076"}],"curies":[{"name":"wp","href":"https:\/\/api.w.org\/{rel}","templated":true}]}}