{"id":63040,"date":"2022-12-28T22:58:15","date_gmt":"2022-12-28T20:58:15","guid":{"rendered":"https:\/\/bien-etreiris.ch\/leau-hexagonale\/"},"modified":"2023-01-04T08:11:37","modified_gmt":"2023-01-04T06:11:37","slug":"das-hexagonale-wasser","status":"publish","type":"page","link":"https:\/\/bien-etreiris.ch\/de\/ratgeber-klarheit-beratung\/gesunder-lebensstil\/wasser-geheimnisse\/das-hexagonale-wasser\/","title":{"rendered":"HEXAGONALES WASSER"},"content":{"rendered":"\n<p>Das hexagonale Wasser<\/p>\n<p>Wasser verf\u00fcgt \u00fcber eine netzartige Struktur aus verbundenen Wasserstoffmolek\u00fclen. Diese k\u00f6nnen eine Vielzahl von Strukturen bilden, je nachdem, wie sie miteinander verbunden sind. Eine dieser Strukturen ist das Sechseck, das aus sechs Wassermolek\u00fclen besteht.<\/p>\n<p>&nbsp;<\/p>\n<p>&nbsp;<a href=\"https:\/\/bien-etreiris.ch\/wp-content\/uploads\/2022\/12\/cristalle-1.jpg\"><img loading=\"lazy\" decoding=\"async\" class=\"wp-image-63035 alignleft\" src=\"https:\/\/bien-etreiris.ch\/wp-content\/uploads\/2022\/12\/cristalle-1.jpg\" alt=\"\" width=\"356\" height=\"356\" srcset=\"https:\/\/bien-etreiris.ch\/wp-content\/uploads\/2022\/12\/cristalle-1.jpg 865w, https:\/\/bien-etreiris.ch\/wp-content\/uploads\/2022\/12\/cristalle-1-300x300.jpg 300w, https:\/\/bien-etreiris.ch\/wp-content\/uploads\/2022\/12\/cristalle-1-150x150.jpg 150w, https:\/\/bien-etreiris.ch\/wp-content\/uploads\/2022\/12\/cristalle-1-768x768.jpg 768w\" sizes=\"auto, (max-width: 356px) 100vw, 356px\" \/><\/a><\/p>\n<p>&nbsp;<\/p>\n<p>Davon war Dr. Masaru Emoto (* 22\/07\/1943 - \u2020 17\/10\/2014) \u00fcberzeugt. Mithilfe beeindruckender Fotografien von Wasserkristallen konnte er die Struktur des Wassers nachweisen. Vor und nach der Entfernung der sch\u00e4dlichen Informationen. Seine Fotografien zeigten, dass Wasser mit einer sch\u00f6nen Kristallstruktur eine grosse Menge an Energie und keine sch\u00e4dlichen Informationen enthielt.<\/p>\n<p>&nbsp;<\/p>\n<p>&nbsp;<\/p>\n<p>Leitungswasser und Wasser in Flaschen besteht aus Molek\u00fclgruppen, die zu gross sind, als dass sie frei zwischen den K\u00f6rperzellen zirkulieren k\u00f6nnten. Hexagonal strukturiertes Wasser - im Gegensatz dazu - bildet eine kristalline Matrix, deren kleinere Molekularstruktur einen schnellen Transit durch die Zellmembranen erm\u00f6glicht. Dieses Ph\u00e4nomen wurde mithilfe des Verfahrens der Bioelektrischen Impedanzanalyse (BIA) \u00fcberpr\u00fcft.<\/p>\n<p>&nbsp;<\/p>\n<p>Wasser hat die Besonderheit, dass es eine einzigartige Polarit\u00e4t besitzt. Diese Besonderheit erm\u00f6glicht es ihm, sich mit allem zu verbinden und dessen Schwingungsinformationen aufzunehmen.<\/p>\n<p>Die Schwingungen lassen sich in zwei Kategorien einteilen<\/p>\n<p>&nbsp;<strong> &nbsp; &nbsp; &nbsp; Positiv<\/strong>, wenn das Wasser sechseckig organisiert ist.<\/p>\n<p>&nbsp; &nbsp; &nbsp; &nbsp; <strong>Negativ<\/strong>, wenn es zu f\u00fcnfeckig strukturiertem Wasser f\u00fchrt.<\/p>\n<p>&nbsp;<\/p>\n<p>&nbsp;<\/p>\n<h4>Hexagonales Wasser<\/h4>\n<p>Die sechseckige Struktur erm\u00f6glicht es dem Wasser, sich mit allen Spurenelementen, den lebensnotwendigen Mineralsalzen, zu verbinden.&nbsp;<\/p>\n<p>Hexagonales Wasser ist ein Wasser, dessen Molek\u00fclkette reduziert wurde. Schematisch ausgedr\u00fcckt ist Wasser sechsmal fl\u00fcssiger.&nbsp;<\/p>\n<p>Wasser ver\u00e4ndert sich von einer Struktur, in der die Cluster B\u00fcndel von 15-20 Molek\u00fclen sind, zu einer Struktur, in der die Cluster auf 5-6 Molek\u00fcle reduziert sind. Der K\u00f6rper wird also 6-mal mehr mit Feuchtigkeit versorgt als mit normalem Wasser.<\/p>\n<p>Dieses Wasser spendet tiefgehende Feuchtigkeit, versorgt das Gewebe mit Sauerstoff und hilft gleichzeitig bei der allgemeinen Entgiftung.<\/p>\n<p>&nbsp;<\/p>\n<h4>Hexagonales Wasser bringt<\/h4>\n<p>H\u00f6here Energie - Schnellere Hydratation - Hohe Autoimmunfunktion - Bessere N\u00e4hrstoffaufnahme - L\u00e4ngere Lebensdauer - Weniger \u00dcbergewicht - H\u00f6here Stoffwechseleffizienz - Maximale Hydratation der K\u00f6rperzellen - N\u00e4hrstoff\u00fcbertragung in die Zellen - Bessere elektrische Kommunikation zwischen den Zellen.<\/p>\n<h4>4 M\u00f6glichkeiten, hexagonales Wasser herzustellen.<\/h4>\n<ol>\n<li>&nbsp;Indem Sie es mit Spurenelementen kombinieren<\/li>\n<li>Indem man es K\u00e4lte aussetzt<\/li>\n<li>Indem man es mit einer magnetischen Quelle in Kontakt bringt<\/li>\n<li>&nbsp;Durch Erzeugen von Reibung mithilfe eines Wirbels (Wirbelbewegung)<\/li>\n<\/ol>\n<p>&nbsp;<\/p>\n<p>&nbsp;<\/p>\n<h2><a href=\"https:\/\/bien-etreiris.ch\/de\/produktpraesentation\/gesundes-leben\/wasser-quelle-des-lebens\/hexagonwasserwirbler\/\" target=\"_blank\" rel=\"noopener\"><span style=\"color: #ff9900;\"><strong><em>Klicken Sie hier, um einen Wasserwirbel von Cellavita zu kaufen<\/em><\/strong><\/span><\/a><\/h2>\n<p><strong>&nbsp;<\/strong><\/p>\n<p><iframe loading=\"lazy\" title=\"Hexagonales Wasser selber herstellen mit Walter H\u00e4ge\" width=\"604\" height=\"340\" src=\"https:\/\/www.youtube.com\/embed\/QPJRZll2qnA?feature=oembed\" frameborder=\"0\" allow=\"accelerometer; autoplay; clipboard-write; encrypted-media; gyroscope; picture-in-picture; web-share\" referrerpolicy=\"strict-origin-when-cross-origin\" allowfullscreen><\/iframe><\/p>\n<p>&nbsp;<\/p>\n<h2>Das Verst\u00e4ndnis von Wasser von Viktor Schauberger<\/h2>\n<p><a href=\"https:\/\/de.wikipedia.org\/wiki\/Viktor_Schauberger\" target=\"_blank\" rel=\"noopener\">Viktor Schauberger<\/a> war ein \u00f6sterreichischer F\u00f6rster, der sich ausgiebig mit der Natur des Wassers besch\u00e4ftigte. Er war der Erfinder der Implosionstechnologie.<\/p>\n<p>Holztransport durch gewundene Kan\u00e4le<\/p>\n<p>Als Revierf\u00f6rster musste er Holz durch ein ganzes Tal transportieren. Er erfand daher den Transport von Holzst\u00e4mmen durch Kan\u00e4le.<\/p>\n<p>Durch die Verbesserung seines Transportsystems entwickelte er ein Verst\u00e4ndnis f\u00fcr Wasser, das wir nicht gewohnt sind.<\/p>\n<p>Er bemerkte, dass das Wasser auch bei v\u00f6lliger Bewegungsfreiheit dazu neigt, niemals eine gerade Linie zu w\u00e4hlen. Sie bewegt sich in einer Spirale, in einem Strudel.<\/p>\n<p>Der Weg seiner Rohre f\u00fcr den Holztransport verlief also nicht in einer geraden Linie. Sie haben sich gewunden. Dann war der Kanal selbst weder eckig noch rund. Es war eif\u00f6rmig!<\/p>\n<p>Er konnte Holz, das schwerer als Wasser war, transportieren, indem er kaltes Wasser in den Kanal gab.<\/p>\n<p>Es gibt einen ganzen Film \u00fcber die Entdeckungen und Erfindungen von Schauberger.<\/p>\n<h4>Fluss-Design<\/h4>\n<p>Heute werden Schaubergers Techniken bei der Gestaltung von Wasserstrassen wiederbelebt.<\/p>\n<p>Seit vielen Jahren. Wasserl\u00e4ufe wurden ver\u00e4ndert, um sie gerade zu machen. Heutzutage stellen wir fest, dass dies eine Menge Probleme verursacht, vor allem in Bezug auf die Ufererosion, die Fischvermehrung und die \u00dcberflutung der Flussm\u00fcndung bei Hochwasser.<\/p>\n<p>Die Idee ist also, dem Wasser seinen nat\u00fcrlichen Lauf in einem Whirlpool zu geben.<\/p>\n<p>Eine M\u00f6glichkeit ist es, Treppen in den Strom zu bauen, die auf jeder Ebene eine andere Links-Rechts-Flie\u00dfrichtung haben, um die Richtung zu pendeln. Dadurch entsteht der Effekt einer Wirbelstr\u00f6mung.<\/p>\n<p>Diese Technik erm\u00f6glicht es, den Wasserfluss in der Mitte des Flusses zu konzentrieren. Das Wasser wird die Ufer nicht mehr erodieren. Das Wasser dreht sich vor dem Ufer um sich selbst.<\/p>\n<p>Eine andere Technik ist die Zugabe von Schnecken, am Boden, in der Mitte des Flusses. Das Wasser wird also durch einen Strudel verlangsamt, was auch die Gesamtstr\u00f6mung in einem Whirlpool f\u00f6rdert.<\/p>\n<p>Sobald diese Art der Anordnung erfolgt ist, k\u00f6nnen weitere interessante Fakten beobachtet werden:<\/p>\n<p>Das Wasser wird mit mehr Sauerstoff angereichert.<br>Sein PH-Wert ist eher neutral.<br>Die Leitf\u00e4higkeit hat sich ver\u00e4ndert, sie ist besser.<br>W\u00e4hrend eines Hochwassers schafft der Fluss Formen, die den Schutz der Ufer verst\u00e4rken. Die Anlagen werden also nicht zerst\u00f6rt.<\/p>\n<h4>Whirlpools<\/h4>\n<p>Der Wirbel ist ein Grundelement der Implosionstechnik.<\/p>\n<p>Schauberger sagte: Man kann Energie nicht zerst\u00f6ren, man kann sie nur aufl\u00f6sen. Der Wirbel ist also eine M\u00f6glichkeit, Energie zu kontrollieren.<\/p>\n<p>Dies liegt daran, dass ein Wirbel eine grosse Oberfl\u00e4che erzeugt. So k\u00fchlt das aufgewirbelte Wasser ab. So wird es besser. (Warum?)<\/p>\n<p>Die Dichte nimmt zu. Die Oberfl\u00e4chenspannung steigt.<br>Das Potential des Wassers wird erh\u00f6ht. (Warum?)<\/p>\n<p>Die Leitf\u00e4higkeit des Wassers wird gemessen.<br>Je l\u00e4nger das Wasser seine Leitf\u00e4higkeit beh\u00e4lt, desto besser.<br>Nach der Dynamisierung h\u00e4lt das Wasser l\u00e4nger.<\/p>\n<p>Ein hyperbolischer Kupfertrichter wird f\u00fcr die Wasserzufuhr zu einem Golfplatzsee verwendet. Das Wasser war mit Algen bedeckt. Seitdem der Trichter installiert wurde. Es gibt viel weniger Algen! Das Wasser scheint besser zu sein!<\/p>\n<h4>Form der Wassertropfen<\/h4>\n<p>Wenn Sie Bilder von den fallenden und zerplatzenden Wassertropfen in einer Glycerinmischung machen, um die Form besser zu sehen, k\u00f6nnen Sie kleine Kronen mit mehr oder weniger Details erkennen. Quellwasser oder Wasser vom Boden des Bodensees ist reicher als Oberfl\u00e4chenwasser oder Laugenwasser.<\/p>\n<h4>Wir wissen nicht, warum. Aber es gibt einen Unterschied.<\/h4>\n<p>Es gibt viele Systeme zur Dynamisierung von Wasser. Manche machen nichts Besonderes. Aber andere, die Wirbeltechniken verwenden, scheinen die Struktur des Wassers nach dem Gebrauch zu ver\u00e4ndern. Durch Beobachtung der Form der Wassertropfen kann man Unterschiede feststellen.<\/p>\n<h4>Spiralf\u00f6rmige Wasserleitung<\/h4>\n<p>Das Wasser der Stadt Stuttgart wird aus dem Bodensee gepumpt. Dann wird es auf eine eint\u00e4gige Reise durch gerade Rohre geschickt.<\/p>\n<p>Aber das Wasser will nicht geradeaus laufen!<\/p>\n<p>Es ist also eine schlechte Idee, solche Rohre herzustellen. Es verschwendet Energie.<\/p>\n<p>Nach dem Vorbild von Schauberger konstruieren die Implosionsforscher spiralf\u00f6rmige Wasserrohre. Ein solches Rohr hat die gleiche Form wie die Spirale eines Kudu-Horns!<\/p>\n<p>In dieser Art von Rohr fliesst das Wasser wie in einem Whirlpool an den W\u00e4nden des Rohres. In der Mitte wird ein Luftkanal erzeugt.<\/p>\n<p>Bereits 1952 untersuchte Professor P\u00f6pel von der Universit\u00e4t Stuttgart diese Rohre. Er bemerkte, dass ab einer bestimmten Durchflussrate. Es entsteht eine Resonanz. Der Kanal erzeugt seine eigene Saugbewegung.<br>Demnach liegt der Reibungswiderstand nahe oder unter 0. Das heisst, man br\u00e4uchte auch beim Steigen keine Pumpe!<\/p>\n<p>&nbsp;<\/p>\n<h4>Fliegende Untertasse<\/h4>\n<p>W\u00e4hrend des 2. Weltkriegs arbeitete Viktor Schauenberger f\u00fcr die Nazis an der Entwicklung seiner Implosionstechnologie. Es scheint, dass er Flugmaschinen baute, die wie fliegende Untertassen aussahen. Sie wurden Vrils genannt.<\/p>\n<p>Es gibt fast keine Informationen mehr \u00fcber sie. Wenn wir uns jedoch dieses Video ansehen, stellen wir fest, dass Menschen 1975 solche Ger\u00e4te gebaut haben.<\/p>\n<h4>Wasseraufbereitung<\/h4>\n<p>Plocher kopiert die Information \"Sauerstoff\" auf Quarzpulver. Anschliessend sch\u00fcttet er das Pulver in das Wasser, das dann sauerstoffreicher erscheint.<\/p>\n<p>Es scheint zu wirken, um Ger\u00fcche zu reduzieren und den biologischen Abbau des Abwassers in nat\u00fcrlichen Absetzbecken zu aktivieren.<\/p>\n<p>Es handelt sich um eine Kopie der Sauerstoffinformation auf Gletschermaterialien. Die Sauerstoffinformation aktiviert die Mikroorganismen.<\/p>\n<p>Ein Wirbel kann auch Schadstoffe aus einem Gew\u00e4sser herausziehen, indem er sie absaugt.<\/p>\n<p>&nbsp;<\/p>\n<h2><a href=\"https:\/\/bien-etreiris.ch\/de\/produktpraesentation\/gesundes-leben\/wasser-quelle-des-lebens\/hexagonwasserwirbler\/\" target=\"_blank\" rel=\"noopener\"><strong><em><span style=\"color: #ff9900;\">Klicken Sie hier, um einen Wasserwirbel von Cellavita zu kaufen<\/span><\/em><\/strong><\/a><\/h2>\n","protected":false},"excerpt":{"rendered":"<p>Das hexagonale Wasser Wasser verf\u00fcgt \u00fcber eine netzartige Struktur aus verbundenen Wasserstoffmolek\u00fclen. Diese k\u00f6nnen eine Vielzahl von Strukturen bilden, je nachdem, wie sie miteinander verbunden sind. Eine dieser Strukturen ist das Sechseck, das aus sechs Wassermolek\u00fclen besteht. &nbsp; &nbsp; &nbsp; Davon war Dr. Masaru Emoto (* 22\/07\/1943 - \u2020 17\/10\/2014) \u00fcberzeugt. Mithilfe beeindruckender Fotografien von Wasserkristallen konnte er die Struktur&nbsp;<a href=\"https:\/\/bien-etreiris.ch\/de\/ratgeber-klarheit-beratung\/gesunder-lebensstil\/wasser-geheimnisse\/das-hexagonale-wasser\/\" class=\"read-more\">Weiter lesen<\/a><\/p>\n","protected":false},"author":1,"featured_media":63030,"parent":63096,"menu_order":4244,"comment_status":"closed","ping_status":"closed","template":"page-with-child.php","meta":{"_acf_changed":false,"ngg_post_thumbnail":0,"footnotes":""},"class_list":["post-63040","page","type-page","status-publish","has-post-thumbnail","hentry"],"acf":[],"yoast_head":"<!-- This site is optimized with the Yoast SEO plugin v27.4 - https:\/\/yoast.com\/product\/yoast-seo-wordpress\/ -->\n<title>HEXAGONALES WASSER - WOHLBEFINDEN<\/title>\n<meta name=\"robots\" content=\"index, follow, max-snippet:-1, max-image-preview:large, max-video-preview:-1\" \/>\n<link rel=\"canonical\" href=\"https:\/\/bien-etreiris.ch\/de\/ratgeber-klarheit-beratung\/gesunder-lebensstil\/wasser-geheimnisse\/das-hexagonale-wasser\/\" \/>\n<meta property=\"og:locale\" content=\"de_DE\" \/>\n<meta property=\"og:type\" content=\"article\" \/>\n<meta property=\"og:title\" content=\"HEXAGONALES WASSER - WOHLBEFINDEN\" \/>\n<meta property=\"og:description\" content=\"Das hexagonale Wasser Wasser verf\u00fcgt \u00fcber eine netzartige Struktur aus verbundenen Wasserstoffmolek\u00fclen. Diese k\u00f6nnen eine Vielzahl von Strukturen bilden, je nachdem, wie sie miteinander verbunden sind. Eine dieser Strukturen ist das Sechseck, das aus sechs Wassermolek\u00fclen besteht. &nbsp; &nbsp; &nbsp; Davon war Dr. Masaru Emoto (* 22\/07\/1943 - \u2020 17\/10\/2014) \u00fcberzeugt. Mithilfe beeindruckender Fotografien von Wasserkristallen konnte er die Struktur&nbsp;Weiter lesen\" \/>\n<meta property=\"og:url\" content=\"https:\/\/bien-etreiris.ch\/de\/ratgeber-klarheit-beratung\/gesunder-lebensstil\/wasser-geheimnisse\/das-hexagonale-wasser\/\" \/>\n<meta property=\"og:site_name\" content=\"WOHLBEFINDEN\" \/>\n<meta property=\"article:publisher\" content=\"https:\/\/www.facebook.com\/bienetreiris\/\" \/>\n<meta property=\"article:modified_time\" content=\"2023-01-04T06:11:37+00:00\" \/>\n<meta property=\"og:image\" content=\"https:\/\/bien-etreiris.ch\/wp-content\/uploads\/2022\/12\/Acceuil-2.jpg\" \/>\n\t<meta property=\"og:image:width\" content=\"500\" \/>\n\t<meta property=\"og:image:height\" content=\"333\" \/>\n\t<meta property=\"og:image:type\" content=\"image\/jpeg\" \/>\n<meta name=\"twitter:label1\" content=\"Gesch\u00e4tzte Lesezeit\" \/>\n\t<meta name=\"twitter:data1\" content=\"7\u00a0Minuten\" \/>\n<script type=\"application\/ld+json\" class=\"yoast-schema-graph\">{\"@context\":\"https:\\\/\\\/schema.org\",\"@graph\":[{\"@type\":\"WebPage\",\"@id\":\"https:\\\/\\\/bien-etreiris.ch\\\/de\\\/ratgeber-klarheit-beratung\\\/gesunder-lebensstil\\\/wasser-geheimnisse\\\/das-hexagonale-wasser\\\/\",\"url\":\"https:\\\/\\\/bien-etreiris.ch\\\/de\\\/ratgeber-klarheit-beratung\\\/gesunder-lebensstil\\\/wasser-geheimnisse\\\/das-hexagonale-wasser\\\/\",\"name\":\"HEXAGONALES WASSER - WOHLBEFINDEN\",\"isPartOf\":{\"@id\":\"https:\\\/\\\/bien-etreiris.ch\\\/de\\\/#website\"},\"primaryImageOfPage\":{\"@id\":\"https:\\\/\\\/bien-etreiris.ch\\\/de\\\/ratgeber-klarheit-beratung\\\/gesunder-lebensstil\\\/wasser-geheimnisse\\\/das-hexagonale-wasser\\\/#primaryimage\"},\"image\":{\"@id\":\"https:\\\/\\\/bien-etreiris.ch\\\/de\\\/ratgeber-klarheit-beratung\\\/gesunder-lebensstil\\\/wasser-geheimnisse\\\/das-hexagonale-wasser\\\/#primaryimage\"},\"thumbnailUrl\":\"https:\\\/\\\/bien-etreiris.ch\\\/wp-content\\\/uploads\\\/2022\\\/12\\\/Acceuil-2.jpg\",\"datePublished\":\"2022-12-28T20:58:15+00:00\",\"dateModified\":\"2023-01-04T06:11:37+00:00\",\"breadcrumb\":{\"@id\":\"https:\\\/\\\/bien-etreiris.ch\\\/de\\\/ratgeber-klarheit-beratung\\\/gesunder-lebensstil\\\/wasser-geheimnisse\\\/das-hexagonale-wasser\\\/#breadcrumb\"},\"inLanguage\":\"de\",\"potentialAction\":[{\"@type\":\"ReadAction\",\"target\":[\"https:\\\/\\\/bien-etreiris.ch\\\/de\\\/ratgeber-klarheit-beratung\\\/gesunder-lebensstil\\\/wasser-geheimnisse\\\/das-hexagonale-wasser\\\/\"]}]},{\"@type\":\"ImageObject\",\"inLanguage\":\"de\",\"@id\":\"https:\\\/\\\/bien-etreiris.ch\\\/de\\\/ratgeber-klarheit-beratung\\\/gesunder-lebensstil\\\/wasser-geheimnisse\\\/das-hexagonale-wasser\\\/#primaryimage\",\"url\":\"https:\\\/\\\/bien-etreiris.ch\\\/wp-content\\\/uploads\\\/2022\\\/12\\\/Acceuil-2.jpg\",\"contentUrl\":\"https:\\\/\\\/bien-etreiris.ch\\\/wp-content\\\/uploads\\\/2022\\\/12\\\/Acceuil-2.jpg\",\"width\":500,\"height\":333},{\"@type\":\"BreadcrumbList\",\"@id\":\"https:\\\/\\\/bien-etreiris.ch\\\/de\\\/ratgeber-klarheit-beratung\\\/gesunder-lebensstil\\\/wasser-geheimnisse\\\/das-hexagonale-wasser\\\/#breadcrumb\",\"itemListElement\":[{\"@type\":\"ListItem\",\"position\":1,\"name\":\"Home\",\"item\":\"https:\\\/\\\/bien-etreiris.ch\\\/de\\\/\"},{\"@type\":\"ListItem\",\"position\":2,\"name\":\"RATGEBER &#038; KLARHEIT\",\"item\":\"https:\\\/\\\/bien-etreiris.ch\\\/de\\\/ratgeber-klarheit-beratung\\\/\"},{\"@type\":\"ListItem\",\"position\":3,\"name\":\"GESUNDER LEBENSSTIL\",\"item\":\"https:\\\/\\\/bien-etreiris.ch\\\/de\\\/ratgeber-klarheit-beratung\\\/gesunder-lebensstil\\\/\"},{\"@type\":\"ListItem\",\"position\":4,\"name\":\"WASSER GEHEIMNISSE\",\"item\":\"https:\\\/\\\/bien-etreiris.ch\\\/de\\\/ratgeber-klarheit-beratung\\\/gesunder-lebensstil\\\/wasser-geheimnisse\\\/\"},{\"@type\":\"ListItem\",\"position\":5,\"name\":\"HEXAGONALES WASSER\"}]},{\"@type\":\"WebSite\",\"@id\":\"https:\\\/\\\/bien-etreiris.ch\\\/de\\\/#website\",\"url\":\"https:\\\/\\\/bien-etreiris.ch\\\/de\\\/\",\"name\":\"Bien-\u00eatre Iris\",\"description\":\"IHRE Gesundheit ist uns wichtig\",\"potentialAction\":[{\"@type\":\"SearchAction\",\"target\":{\"@type\":\"EntryPoint\",\"urlTemplate\":\"https:\\\/\\\/bien-etreiris.ch\\\/de\\\/?s={search_term_string}\"},\"query-input\":{\"@type\":\"PropertyValueSpecification\",\"valueRequired\":true,\"valueName\":\"search_term_string\"}}],\"inLanguage\":\"de\"}]}<\/script>\n<!-- \/ Yoast SEO plugin. -->","yoast_head_json":{"title":"HEXAGONALES WASSER - WOHLBEFINDEN","robots":{"index":"index","follow":"follow","max-snippet":"max-snippet:-1","max-image-preview":"max-image-preview:large","max-video-preview":"max-video-preview:-1"},"canonical":"https:\/\/bien-etreiris.ch\/de\/ratgeber-klarheit-beratung\/gesunder-lebensstil\/wasser-geheimnisse\/das-hexagonale-wasser\/","og_locale":"de_DE","og_type":"article","og_title":"HEXAGONALES WASSER - WOHLBEFINDEN","og_description":"Das hexagonale Wasser Wasser verf\u00fcgt \u00fcber eine netzartige Struktur aus verbundenen Wasserstoffmolek\u00fclen. Diese k\u00f6nnen eine Vielzahl von Strukturen bilden, je nachdem, wie sie miteinander verbunden sind. Eine dieser Strukturen ist das Sechseck, das aus sechs Wassermolek\u00fclen besteht. &nbsp; &nbsp; &nbsp; Davon war Dr. Masaru Emoto (* 22\/07\/1943 - \u2020 17\/10\/2014) \u00fcberzeugt. Mithilfe beeindruckender Fotografien von Wasserkristallen konnte er die Struktur&nbsp;Weiter lesen","og_url":"https:\/\/bien-etreiris.ch\/de\/ratgeber-klarheit-beratung\/gesunder-lebensstil\/wasser-geheimnisse\/das-hexagonale-wasser\/","og_site_name":"WOHLBEFINDEN","article_publisher":"https:\/\/www.facebook.com\/bienetreiris\/","article_modified_time":"2023-01-04T06:11:37+00:00","og_image":[{"width":500,"height":333,"url":"https:\/\/bien-etreiris.ch\/wp-content\/uploads\/2022\/12\/Acceuil-2.jpg","type":"image\/jpeg"}],"twitter_misc":{"Gesch\u00e4tzte Lesezeit":"7\u00a0Minuten"},"schema":{"@context":"https:\/\/schema.org","@graph":[{"@type":"WebPage","@id":"https:\/\/bien-etreiris.ch\/de\/ratgeber-klarheit-beratung\/gesunder-lebensstil\/wasser-geheimnisse\/das-hexagonale-wasser\/","url":"https:\/\/bien-etreiris.ch\/de\/ratgeber-klarheit-beratung\/gesunder-lebensstil\/wasser-geheimnisse\/das-hexagonale-wasser\/","name":"HEXAGONALES WASSER - WOHLBEFINDEN","isPartOf":{"@id":"https:\/\/bien-etreiris.ch\/de\/#website"},"primaryImageOfPage":{"@id":"https:\/\/bien-etreiris.ch\/de\/ratgeber-klarheit-beratung\/gesunder-lebensstil\/wasser-geheimnisse\/das-hexagonale-wasser\/#primaryimage"},"image":{"@id":"https:\/\/bien-etreiris.ch\/de\/ratgeber-klarheit-beratung\/gesunder-lebensstil\/wasser-geheimnisse\/das-hexagonale-wasser\/#primaryimage"},"thumbnailUrl":"https:\/\/bien-etreiris.ch\/wp-content\/uploads\/2022\/12\/Acceuil-2.jpg","datePublished":"2022-12-28T20:58:15+00:00","dateModified":"2023-01-04T06:11:37+00:00","breadcrumb":{"@id":"https:\/\/bien-etreiris.ch\/de\/ratgeber-klarheit-beratung\/gesunder-lebensstil\/wasser-geheimnisse\/das-hexagonale-wasser\/#breadcrumb"},"inLanguage":"de","potentialAction":[{"@type":"ReadAction","target":["https:\/\/bien-etreiris.ch\/de\/ratgeber-klarheit-beratung\/gesunder-lebensstil\/wasser-geheimnisse\/das-hexagonale-wasser\/"]}]},{"@type":"ImageObject","inLanguage":"de","@id":"https:\/\/bien-etreiris.ch\/de\/ratgeber-klarheit-beratung\/gesunder-lebensstil\/wasser-geheimnisse\/das-hexagonale-wasser\/#primaryimage","url":"https:\/\/bien-etreiris.ch\/wp-content\/uploads\/2022\/12\/Acceuil-2.jpg","contentUrl":"https:\/\/bien-etreiris.ch\/wp-content\/uploads\/2022\/12\/Acceuil-2.jpg","width":500,"height":333},{"@type":"BreadcrumbList","@id":"https:\/\/bien-etreiris.ch\/de\/ratgeber-klarheit-beratung\/gesunder-lebensstil\/wasser-geheimnisse\/das-hexagonale-wasser\/#breadcrumb","itemListElement":[{"@type":"ListItem","position":1,"name":"Home","item":"https:\/\/bien-etreiris.ch\/de\/"},{"@type":"ListItem","position":2,"name":"RATGEBER &#038; KLARHEIT","item":"https:\/\/bien-etreiris.ch\/de\/ratgeber-klarheit-beratung\/"},{"@type":"ListItem","position":3,"name":"GESUNDER LEBENSSTIL","item":"https:\/\/bien-etreiris.ch\/de\/ratgeber-klarheit-beratung\/gesunder-lebensstil\/"},{"@type":"ListItem","position":4,"name":"WASSER GEHEIMNISSE","item":"https:\/\/bien-etreiris.ch\/de\/ratgeber-klarheit-beratung\/gesunder-lebensstil\/wasser-geheimnisse\/"},{"@type":"ListItem","position":5,"name":"HEXAGONALES WASSER"}]},{"@type":"WebSite","@id":"https:\/\/bien-etreiris.ch\/de\/#website","url":"https:\/\/bien-etreiris.ch\/de\/","name":"Bien-\u00eatre Iris","description":"IHRE Gesundheit ist uns wichtig","potentialAction":[{"@type":"SearchAction","target":{"@type":"EntryPoint","urlTemplate":"https:\/\/bien-etreiris.ch\/de\/?s={search_term_string}"},"query-input":{"@type":"PropertyValueSpecification","valueRequired":true,"valueName":"search_term_string"}}],"inLanguage":"de"}]}},"_links":{"self":[{"href":"https:\/\/bien-etreiris.ch\/de\/wp-json\/wp\/v2\/pages\/63040","targetHints":{"allow":["GET"]}}],"collection":[{"href":"https:\/\/bien-etreiris.ch\/de\/wp-json\/wp\/v2\/pages"}],"about":[{"href":"https:\/\/bien-etreiris.ch\/de\/wp-json\/wp\/v2\/types\/page"}],"author":[{"embeddable":true,"href":"https:\/\/bien-etreiris.ch\/de\/wp-json\/wp\/v2\/users\/1"}],"replies":[{"embeddable":true,"href":"https:\/\/bien-etreiris.ch\/de\/wp-json\/wp\/v2\/comments?post=63040"}],"version-history":[{"count":8,"href":"https:\/\/bien-etreiris.ch\/de\/wp-json\/wp\/v2\/pages\/63040\/revisions"}],"predecessor-version":[{"id":63368,"href":"https:\/\/bien-etreiris.ch\/de\/wp-json\/wp\/v2\/pages\/63040\/revisions\/63368"}],"up":[{"embeddable":true,"href":"https:\/\/bien-etreiris.ch\/de\/wp-json\/wp\/v2\/pages\/63096"}],"wp:featuredmedia":[{"embeddable":true,"href":"https:\/\/bien-etreiris.ch\/de\/wp-json\/wp\/v2\/media\/63030"}],"wp:attachment":[{"href":"https:\/\/bien-etreiris.ch\/de\/wp-json\/wp\/v2\/media?parent=63040"}],"curies":[{"name":"wp","href":"https:\/\/api.w.org\/{rel}","templated":true}]}}