{"id":62834,"date":"2022-12-11T20:39:47","date_gmt":"2022-12-11T18:39:47","guid":{"rendered":"https:\/\/bien-etreiris.ch\/ratgeber-klarheit-beratung\/natuerliche-heilmittel\/pflanzenheilkunde\/aetherische-oele\/guide-des-huiles-essentielles\/"},"modified":"2024-04-02T10:17:19","modified_gmt":"2024-04-02T08:17:19","slug":"anwendungsleitfaden-fuer-aetherische-oele","status":"publish","type":"page","link":"https:\/\/bien-etreiris.ch\/de\/ratgeber-klarheit-beratung\/natuerliche-heilmittel\/pflanzenheilkunde\/aetherische-oele\/anwendungsleitfaden-fuer-aetherische-oele\/","title":{"rendered":"ANLEITUNGSLEITFADEN"},"content":{"rendered":"\n<h2>Anwendungsleitfaden f\u00fcr \u00e4therische \u00d6le<\/h2>\n<p>\u00c4therische \u00d6le k\u00f6nnen f\u00fcr die ganzheitliche Aromatherapie verwendet werden.<br>In diesem Anwendungsleitfaden erfahren Sie mehr \u00fcber die Vorteile der einzelnen \u00d6le und k\u00f6nnen das am besten geeignete \u00e4therische \u00d6l f\u00fcr jeden Zweck finden.<\/p>\n<ul style=\"list-style-type: disc;\">\n<li>Parfum f\u00fcr den Raum<\/li>\n<li>R\u00e4ucherungen mit Pflanzen siehe unsere Enzyklop\u00e4die zu diesem Thema.<\/li>\n<li>Massagen<\/li>\n<li>Entspannung und Dampfb\u00e4der<\/li>\n<li>Kochen und Backen<\/li>\n<\/ul>\n<p>&nbsp;<\/p>\n<p>Entdecke die Vorteile der Aromatherapie im Alltag und finde das beste \u00e4therische \u00d6l f\u00fcr dein Krankheitsbild!<\/p>\n<ul style=\"list-style-type: disc;\">\n<li>Geeignet oder nicht geeignet - bebe - Kinder - schwangere oder stillende Frauen - Tiere ...<\/li>\n<li>Wenn du \u00e4therische \u00d6le verwendest, achte auf die Dosierung.<\/li>\n<li>Auch, welches Pflanzen\u00f6l du mit welchem \u00e4therischen \u00d6l mischen sollst.<\/li>\n<li>Eine gewisse Wachsamkeit aufgrund ihrer Oxidation.<\/li>\n<li>Welche \u00e4therischen \u00d6le f\u00fcr welche Beschwerden?<\/li>\n<\/ul>\n<p><br><a href=\"https:\/\/bien-etreiris.ch\/wp-content\/uploads\/2022\/12\/acceuil-huiles-esentielles.png\"><img loading=\"lazy\" decoding=\"async\" class=\"size-full wp-image-62891 alignright\" src=\"https:\/\/bien-etreiris.ch\/wp-content\/uploads\/2022\/12\/acceuil-huiles-esentielles.png\" alt=\"\" width=\"370\" height=\"226\" srcset=\"https:\/\/bien-etreiris.ch\/wp-content\/uploads\/2022\/12\/acceuil-huiles-esentielles.png 370w, https:\/\/bien-etreiris.ch\/wp-content\/uploads\/2022\/12\/acceuil-huiles-esentielles-300x183.png 300w\" sizes=\"auto, (max-width: 370px) 100vw, 370px\" \/><\/a><\/p>\n<p>&nbsp;<\/p>\n<h2><em><span style=\"color: #ff9900;\"><a style=\"color: #ff9900;\" href=\"https:\/\/bien-etreiris.ch\/de\/produktpraesentation\/aromatherapie\/aetherische-oele\/\" target=\"_blank\" rel=\"noopener\">Alle \u00e4therischen \u00d6le, die wir zum Kauf anbieten, sind unter diesem Link erh\u00e4ltlich<\/a><br><\/span><\/em><\/h2>\n<p>&nbsp;<\/p>\n<p>&nbsp;<\/p>\n<p>&nbsp;<\/p>\n<p><span style=\"color: #99cc00;\">Einige Texte mit Rezepte wurde uns von <a style=\"color: #99cc00;\" href=\"https:\/\/www.compagnie-des-sens.fr\/huiles-essentielles\/\" target=\"_blank\" rel=\"noopener\">Compagnie des sens<\/a> wie von <a style=\"color: #99cc00;\" href=\"https:\/\/www.zentrum-der-gesundheit.de\/autoren\" target=\"_blank\" rel=\"noopener\">Zentrum der Gesundheit<\/a> zur verf\u00fcgung gestellt vielen Dank<\/span><\/p>\n\n\n","protected":false},"excerpt":{"rendered":"<p>Anwendungsleitfaden f\u00fcr \u00e4therische \u00d6le \u00c4therische \u00d6le k\u00f6nnen f\u00fcr die ganzheitliche Aromatherapie verwendet werden.In diesem Anwendungsleitfaden erfahren Sie mehr \u00fcber die Vorteile der einzelnen \u00d6le und k\u00f6nnen das am besten geeignete \u00e4therische \u00d6l f\u00fcr jeden Zweck finden. Parfum f\u00fcr den Raum R\u00e4ucherungen mit Pflanzen siehe unsere Enzyklop\u00e4die zu diesem Thema. Massagen Entspannung und Dampfb\u00e4der Kochen und Backen &nbsp; Entdecke die Vorteile&nbsp;<a href=\"https:\/\/bien-etreiris.ch\/de\/ratgeber-klarheit-beratung\/natuerliche-heilmittel\/pflanzenheilkunde\/aetherische-oele\/anwendungsleitfaden-fuer-aetherische-oele\/\" class=\"read-more\">Weiter lesen<\/a><\/p>\n","protected":false},"author":1,"featured_media":62622,"parent":51094,"menu_order":4350,"comment_status":"closed","ping_status":"closed","template":"page-with-child.php","meta":{"_acf_changed":false,"ngg_post_thumbnail":0,"footnotes":""},"class_list":["post-62834","page","type-page","status-publish","has-post-thumbnail","hentry"],"acf":[],"yoast_head":"<!-- This site is optimized with the Yoast SEO plugin v27.6 - https:\/\/yoast.com\/product\/yoast-seo-wordpress\/ -->\n<title>ANLEITUNGSLEITFADEN - WOHLBEFINDEN<\/title>\n<meta name=\"robots\" content=\"index, follow, max-snippet:-1, max-image-preview:large, max-video-preview:-1\" \/>\n<link rel=\"canonical\" href=\"https:\/\/bien-etreiris.ch\/de\/ratgeber-klarheit-beratung\/natuerliche-heilmittel\/pflanzenheilkunde\/aetherische-oele\/anwendungsleitfaden-fuer-aetherische-oele\/\" \/>\n<meta property=\"og:locale\" content=\"de_DE\" \/>\n<meta property=\"og:type\" content=\"article\" \/>\n<meta property=\"og:title\" content=\"ANLEITUNGSLEITFADEN - WOHLBEFINDEN\" \/>\n<meta property=\"og:description\" content=\"Anwendungsleitfaden f\u00fcr \u00e4therische \u00d6le \u00c4therische \u00d6le k\u00f6nnen f\u00fcr die ganzheitliche Aromatherapie verwendet werden.In diesem Anwendungsleitfaden erfahren Sie mehr \u00fcber die Vorteile der einzelnen \u00d6le und k\u00f6nnen das am besten geeignete \u00e4therische \u00d6l f\u00fcr jeden Zweck finden. Parfum f\u00fcr den Raum R\u00e4ucherungen mit Pflanzen siehe unsere Enzyklop\u00e4die zu diesem Thema. Massagen Entspannung und Dampfb\u00e4der Kochen und Backen &nbsp; Entdecke die Vorteile&nbsp;Weiter lesen\" \/>\n<meta property=\"og:url\" content=\"https:\/\/bien-etreiris.ch\/de\/ratgeber-klarheit-beratung\/natuerliche-heilmittel\/pflanzenheilkunde\/aetherische-oele\/anwendungsleitfaden-fuer-aetherische-oele\/\" \/>\n<meta property=\"og:site_name\" content=\"WOHLBEFINDEN\" \/>\n<meta property=\"article:publisher\" content=\"https:\/\/www.facebook.com\/bienetreiris\/\" \/>\n<meta property=\"article:modified_time\" content=\"2024-04-02T08:17:19+00:00\" \/>\n<meta property=\"og:image\" content=\"https:\/\/bien-etreiris.ch\/wp-content\/uploads\/2022\/12\/acceuil-1.jpg\" \/>\n\t<meta property=\"og:image:width\" content=\"500\" \/>\n\t<meta property=\"og:image:height\" content=\"333\" \/>\n\t<meta property=\"og:image:type\" content=\"image\/jpeg\" \/>\n<meta name=\"twitter:label1\" content=\"Gesch\u00e4tzte Lesezeit\" \/>\n\t<meta name=\"twitter:data1\" content=\"2\u00a0Minuten\" \/>\n<script type=\"application\/ld+json\" class=\"yoast-schema-graph\">{\"@context\":\"https:\\\/\\\/schema.org\",\"@graph\":[{\"@type\":\"WebPage\",\"@id\":\"https:\\\/\\\/bien-etreiris.ch\\\/de\\\/ratgeber-klarheit-beratung\\\/natuerliche-heilmittel\\\/pflanzenheilkunde\\\/aetherische-oele\\\/anwendungsleitfaden-fuer-aetherische-oele\\\/\",\"url\":\"https:\\\/\\\/bien-etreiris.ch\\\/de\\\/ratgeber-klarheit-beratung\\\/natuerliche-heilmittel\\\/pflanzenheilkunde\\\/aetherische-oele\\\/anwendungsleitfaden-fuer-aetherische-oele\\\/\",\"name\":\"ANLEITUNGSLEITFADEN - WOHLBEFINDEN\",\"isPartOf\":{\"@id\":\"https:\\\/\\\/bien-etreiris.ch\\\/de\\\/#website\"},\"primaryImageOfPage\":{\"@id\":\"https:\\\/\\\/bien-etreiris.ch\\\/de\\\/ratgeber-klarheit-beratung\\\/natuerliche-heilmittel\\\/pflanzenheilkunde\\\/aetherische-oele\\\/anwendungsleitfaden-fuer-aetherische-oele\\\/#primaryimage\"},\"image\":{\"@id\":\"https:\\\/\\\/bien-etreiris.ch\\\/de\\\/ratgeber-klarheit-beratung\\\/natuerliche-heilmittel\\\/pflanzenheilkunde\\\/aetherische-oele\\\/anwendungsleitfaden-fuer-aetherische-oele\\\/#primaryimage\"},\"thumbnailUrl\":\"https:\\\/\\\/bien-etreiris.ch\\\/wp-content\\\/uploads\\\/2022\\\/12\\\/acceuil-1.jpg\",\"datePublished\":\"2022-12-11T18:39:47+00:00\",\"dateModified\":\"2024-04-02T08:17:19+00:00\",\"breadcrumb\":{\"@id\":\"https:\\\/\\\/bien-etreiris.ch\\\/de\\\/ratgeber-klarheit-beratung\\\/natuerliche-heilmittel\\\/pflanzenheilkunde\\\/aetherische-oele\\\/anwendungsleitfaden-fuer-aetherische-oele\\\/#breadcrumb\"},\"inLanguage\":\"de\",\"potentialAction\":[{\"@type\":\"ReadAction\",\"target\":[\"https:\\\/\\\/bien-etreiris.ch\\\/de\\\/ratgeber-klarheit-beratung\\\/natuerliche-heilmittel\\\/pflanzenheilkunde\\\/aetherische-oele\\\/anwendungsleitfaden-fuer-aetherische-oele\\\/\"]}]},{\"@type\":\"ImageObject\",\"inLanguage\":\"de\",\"@id\":\"https:\\\/\\\/bien-etreiris.ch\\\/de\\\/ratgeber-klarheit-beratung\\\/natuerliche-heilmittel\\\/pflanzenheilkunde\\\/aetherische-oele\\\/anwendungsleitfaden-fuer-aetherische-oele\\\/#primaryimage\",\"url\":\"https:\\\/\\\/bien-etreiris.ch\\\/wp-content\\\/uploads\\\/2022\\\/12\\\/acceuil-1.jpg\",\"contentUrl\":\"https:\\\/\\\/bien-etreiris.ch\\\/wp-content\\\/uploads\\\/2022\\\/12\\\/acceuil-1.jpg\",\"width\":500,\"height\":333},{\"@type\":\"BreadcrumbList\",\"@id\":\"https:\\\/\\\/bien-etreiris.ch\\\/de\\\/ratgeber-klarheit-beratung\\\/natuerliche-heilmittel\\\/pflanzenheilkunde\\\/aetherische-oele\\\/anwendungsleitfaden-fuer-aetherische-oele\\\/#breadcrumb\",\"itemListElement\":[{\"@type\":\"ListItem\",\"position\":1,\"name\":\"Home\",\"item\":\"https:\\\/\\\/bien-etreiris.ch\\\/de\\\/\"},{\"@type\":\"ListItem\",\"position\":2,\"name\":\"RATGEBER &#038; KLARHEIT\",\"item\":\"https:\\\/\\\/bien-etreiris.ch\\\/de\\\/ratgeber-klarheit-beratung\\\/\"},{\"@type\":\"ListItem\",\"position\":3,\"name\":\"NAT\u00dcRLICHE SUBSTANZEN\",\"item\":\"https:\\\/\\\/bien-etreiris.ch\\\/de\\\/ratgeber-klarheit-beratung\\\/natuerliche-heilmittel\\\/\"},{\"@type\":\"ListItem\",\"position\":4,\"name\":\"PFLANZENHEILKUNDE\",\"item\":\"https:\\\/\\\/bien-etreiris.ch\\\/de\\\/ratgeber-klarheit-beratung\\\/pflanzenheilkunde\\\/\"},{\"@type\":\"ListItem\",\"position\":5,\"name\":\"\u00c4THERISCHE \u00d6LE\",\"item\":\"https:\\\/\\\/bien-etreiris.ch\\\/de\\\/ratgeber-klarheit-beratung\\\/pflanzenheilkunde\\\/aetherische-oele\\\/\"},{\"@type\":\"ListItem\",\"position\":6,\"name\":\"ANLEITUNGSLEITFADEN\"}]},{\"@type\":\"WebSite\",\"@id\":\"https:\\\/\\\/bien-etreiris.ch\\\/de\\\/#website\",\"url\":\"https:\\\/\\\/bien-etreiris.ch\\\/de\\\/\",\"name\":\"Bien-\u00eatre Iris\",\"description\":\"IHRE Gesundheit ist uns wichtig\",\"potentialAction\":[{\"@type\":\"SearchAction\",\"target\":{\"@type\":\"EntryPoint\",\"urlTemplate\":\"https:\\\/\\\/bien-etreiris.ch\\\/de\\\/?s={search_term_string}\"},\"query-input\":{\"@type\":\"PropertyValueSpecification\",\"valueRequired\":true,\"valueName\":\"search_term_string\"}}],\"inLanguage\":\"de\"}]}<\/script>\n<!-- \/ Yoast SEO plugin. -->","yoast_head_json":{"title":"ANLEITUNGSLEITFADEN - WOHLBEFINDEN","robots":{"index":"index","follow":"follow","max-snippet":"max-snippet:-1","max-image-preview":"max-image-preview:large","max-video-preview":"max-video-preview:-1"},"canonical":"https:\/\/bien-etreiris.ch\/de\/ratgeber-klarheit-beratung\/natuerliche-heilmittel\/pflanzenheilkunde\/aetherische-oele\/anwendungsleitfaden-fuer-aetherische-oele\/","og_locale":"de_DE","og_type":"article","og_title":"ANLEITUNGSLEITFADEN - WOHLBEFINDEN","og_description":"Anwendungsleitfaden f\u00fcr \u00e4therische \u00d6le \u00c4therische \u00d6le k\u00f6nnen f\u00fcr die ganzheitliche Aromatherapie verwendet werden.In diesem Anwendungsleitfaden erfahren Sie mehr \u00fcber die Vorteile der einzelnen \u00d6le und k\u00f6nnen das am besten geeignete \u00e4therische \u00d6l f\u00fcr jeden Zweck finden. Parfum f\u00fcr den Raum R\u00e4ucherungen mit Pflanzen siehe unsere Enzyklop\u00e4die zu diesem Thema. Massagen Entspannung und Dampfb\u00e4der Kochen und Backen &nbsp; Entdecke die Vorteile&nbsp;Weiter lesen","og_url":"https:\/\/bien-etreiris.ch\/de\/ratgeber-klarheit-beratung\/natuerliche-heilmittel\/pflanzenheilkunde\/aetherische-oele\/anwendungsleitfaden-fuer-aetherische-oele\/","og_site_name":"WOHLBEFINDEN","article_publisher":"https:\/\/www.facebook.com\/bienetreiris\/","article_modified_time":"2024-04-02T08:17:19+00:00","og_image":[{"width":500,"height":333,"url":"https:\/\/bien-etreiris.ch\/wp-content\/uploads\/2022\/12\/acceuil-1.jpg","type":"image\/jpeg"}],"twitter_misc":{"Gesch\u00e4tzte Lesezeit":"2\u00a0Minuten"},"schema":{"@context":"https:\/\/schema.org","@graph":[{"@type":"WebPage","@id":"https:\/\/bien-etreiris.ch\/de\/ratgeber-klarheit-beratung\/natuerliche-heilmittel\/pflanzenheilkunde\/aetherische-oele\/anwendungsleitfaden-fuer-aetherische-oele\/","url":"https:\/\/bien-etreiris.ch\/de\/ratgeber-klarheit-beratung\/natuerliche-heilmittel\/pflanzenheilkunde\/aetherische-oele\/anwendungsleitfaden-fuer-aetherische-oele\/","name":"ANLEITUNGSLEITFADEN - WOHLBEFINDEN","isPartOf":{"@id":"https:\/\/bien-etreiris.ch\/de\/#website"},"primaryImageOfPage":{"@id":"https:\/\/bien-etreiris.ch\/de\/ratgeber-klarheit-beratung\/natuerliche-heilmittel\/pflanzenheilkunde\/aetherische-oele\/anwendungsleitfaden-fuer-aetherische-oele\/#primaryimage"},"image":{"@id":"https:\/\/bien-etreiris.ch\/de\/ratgeber-klarheit-beratung\/natuerliche-heilmittel\/pflanzenheilkunde\/aetherische-oele\/anwendungsleitfaden-fuer-aetherische-oele\/#primaryimage"},"thumbnailUrl":"https:\/\/bien-etreiris.ch\/wp-content\/uploads\/2022\/12\/acceuil-1.jpg","datePublished":"2022-12-11T18:39:47+00:00","dateModified":"2024-04-02T08:17:19+00:00","breadcrumb":{"@id":"https:\/\/bien-etreiris.ch\/de\/ratgeber-klarheit-beratung\/natuerliche-heilmittel\/pflanzenheilkunde\/aetherische-oele\/anwendungsleitfaden-fuer-aetherische-oele\/#breadcrumb"},"inLanguage":"de","potentialAction":[{"@type":"ReadAction","target":["https:\/\/bien-etreiris.ch\/de\/ratgeber-klarheit-beratung\/natuerliche-heilmittel\/pflanzenheilkunde\/aetherische-oele\/anwendungsleitfaden-fuer-aetherische-oele\/"]}]},{"@type":"ImageObject","inLanguage":"de","@id":"https:\/\/bien-etreiris.ch\/de\/ratgeber-klarheit-beratung\/natuerliche-heilmittel\/pflanzenheilkunde\/aetherische-oele\/anwendungsleitfaden-fuer-aetherische-oele\/#primaryimage","url":"https:\/\/bien-etreiris.ch\/wp-content\/uploads\/2022\/12\/acceuil-1.jpg","contentUrl":"https:\/\/bien-etreiris.ch\/wp-content\/uploads\/2022\/12\/acceuil-1.jpg","width":500,"height":333},{"@type":"BreadcrumbList","@id":"https:\/\/bien-etreiris.ch\/de\/ratgeber-klarheit-beratung\/natuerliche-heilmittel\/pflanzenheilkunde\/aetherische-oele\/anwendungsleitfaden-fuer-aetherische-oele\/#breadcrumb","itemListElement":[{"@type":"ListItem","position":1,"name":"Home","item":"https:\/\/bien-etreiris.ch\/de\/"},{"@type":"ListItem","position":2,"name":"RATGEBER &#038; KLARHEIT","item":"https:\/\/bien-etreiris.ch\/de\/ratgeber-klarheit-beratung\/"},{"@type":"ListItem","position":3,"name":"NAT\u00dcRLICHE SUBSTANZEN","item":"https:\/\/bien-etreiris.ch\/de\/ratgeber-klarheit-beratung\/natuerliche-heilmittel\/"},{"@type":"ListItem","position":4,"name":"PFLANZENHEILKUNDE","item":"https:\/\/bien-etreiris.ch\/de\/ratgeber-klarheit-beratung\/pflanzenheilkunde\/"},{"@type":"ListItem","position":5,"name":"\u00c4THERISCHE \u00d6LE","item":"https:\/\/bien-etreiris.ch\/de\/ratgeber-klarheit-beratung\/pflanzenheilkunde\/aetherische-oele\/"},{"@type":"ListItem","position":6,"name":"ANLEITUNGSLEITFADEN"}]},{"@type":"WebSite","@id":"https:\/\/bien-etreiris.ch\/de\/#website","url":"https:\/\/bien-etreiris.ch\/de\/","name":"Bien-\u00eatre Iris","description":"IHRE Gesundheit ist uns wichtig","potentialAction":[{"@type":"SearchAction","target":{"@type":"EntryPoint","urlTemplate":"https:\/\/bien-etreiris.ch\/de\/?s={search_term_string}"},"query-input":{"@type":"PropertyValueSpecification","valueRequired":true,"valueName":"search_term_string"}}],"inLanguage":"de"}]}},"_links":{"self":[{"href":"https:\/\/bien-etreiris.ch\/de\/wp-json\/wp\/v2\/pages\/62834","targetHints":{"allow":["GET"]}}],"collection":[{"href":"https:\/\/bien-etreiris.ch\/de\/wp-json\/wp\/v2\/pages"}],"about":[{"href":"https:\/\/bien-etreiris.ch\/de\/wp-json\/wp\/v2\/types\/page"}],"author":[{"embeddable":true,"href":"https:\/\/bien-etreiris.ch\/de\/wp-json\/wp\/v2\/users\/1"}],"replies":[{"embeddable":true,"href":"https:\/\/bien-etreiris.ch\/de\/wp-json\/wp\/v2\/comments?post=62834"}],"version-history":[{"count":19,"href":"https:\/\/bien-etreiris.ch\/de\/wp-json\/wp\/v2\/pages\/62834\/revisions"}],"predecessor-version":[{"id":84830,"href":"https:\/\/bien-etreiris.ch\/de\/wp-json\/wp\/v2\/pages\/62834\/revisions\/84830"}],"up":[{"embeddable":true,"href":"https:\/\/bien-etreiris.ch\/de\/wp-json\/wp\/v2\/pages\/51094"}],"wp:featuredmedia":[{"embeddable":true,"href":"https:\/\/bien-etreiris.ch\/de\/wp-json\/wp\/v2\/media\/62622"}],"wp:attachment":[{"href":"https:\/\/bien-etreiris.ch\/de\/wp-json\/wp\/v2\/media?parent=62834"}],"curies":[{"name":"wp","href":"https:\/\/api.w.org\/{rel}","templated":true}]}}