{"id":62633,"date":"2022-12-12T00:12:57","date_gmt":"2022-12-11T22:12:57","guid":{"rendered":"https:\/\/bien-etreiris.ch\/ratgeber-klarheit-beratung\/natuerliche-heilmittel\/pflanzenheilkunde\/aetherische-oele\/arbre-a-the\/"},"modified":"2023-01-19T12:07:44","modified_gmt":"2023-01-19T10:07:44","slug":"teebaum","status":"publish","type":"page","link":"https:\/\/bien-etreiris.ch\/de\/produktpraesentation\/aromatherapie\/aetherische-oele\/teebaum\/","title":{"rendered":"TEEBAUM"},"content":{"rendered":"\n<h2>Huile essentielle de Arbre \u00e0 th\u00e9 \/ Tea tree<\/h2>\n<p><a href=\"https:\/\/bien-etreiris.ch\/wp-content\/uploads\/2022\/12\/Arbe-de-the.jpg\"><img loading=\"lazy\" decoding=\"async\" class=\"wp-image-62628 alignleft\" src=\"https:\/\/bien-etreiris.ch\/wp-content\/uploads\/2022\/12\/Arbe-de-the.jpg\" alt=\"\" width=\"137\" height=\"329\" srcset=\"https:\/\/bien-etreiris.ch\/wp-content\/uploads\/2022\/12\/Arbe-de-the.jpg 274w, https:\/\/bien-etreiris.ch\/wp-content\/uploads\/2022\/12\/Arbe-de-the-125x300.jpg 125w\" sizes=\"auto, (max-width: 137px) 100vw, 137px\" \/><\/a><\/p>\n<p>&nbsp;<\/p>\n<p>&nbsp;<\/p>\n<p>&nbsp;<\/p>\n<p>&nbsp;<\/p>\n<p>10 ml<strong> CHF 11.50<\/strong><\/p>\n<p>20 ml <strong>CHF 20.50<\/strong><\/p>\n<p>&nbsp;<\/p>\n<p>&nbsp;<\/p>\n<p>&nbsp;<\/p>\n<p>&nbsp;<\/p>\n<table style=\"border-collapse: collapse; width: 75.7064%; height: 240px;\">\n<tbody>\n<tr style=\"height: 23px;\">\n<td style=\"width: 31.6943%; height: 23px;\"><strong>Nom botanique:<\/strong><\/td>\n<td style=\"width: 53.6778%; height: 23px;\">Melaleuca alternifolia<\/td>\n<\/tr>\n<tr style=\"height: 23px;\">\n<td style=\"width: 31.6943%; height: 23px;\"><strong>Famille botanique:<\/strong><\/td>\n<td style=\"width: 53.6778%; height: 23px;\">Myrtac\u00e9es\u200b<\/td>\n<\/tr>\n<tr style=\"height: 23px;\">\n<td style=\"width: 31.6943%; height: 23px;\"><strong>M\u00e9thode d'extraction:<\/strong><\/td>\n<td style=\"width: 53.6778%; height: 23px;\">Distillation \u00e0 la vapeur d'eau\u200b\u200b\u200b\u200b\u200b\u200b<\/td>\n<\/tr>\n<tr style=\"height: 46px;\">\n<td style=\"width: 31.6943%; height: 10px;\"><strong>Partie de la plante utilis\u00e9e:<\/strong><\/td>\n<td style=\"width: 53.6778%; height: 10px;\">Feuilles<\/td>\n<\/tr>\n<tr style=\"height: 46px;\">\n<td style=\"width: 31.6943%; height: 46px;\"><strong>Quantit\u00e9 v\u00e9g\u00e9tale:<\/strong><\/td>\n<td style=\"width: 53.6778%; height: 46px;\">70 kg de feuilles fra\u00eeches sont n\u00e9cessaires pour obtenir 1 kg d'huile<\/td>\n<\/tr>\n<tr style=\"height: 23px;\">\n<td style=\"width: 31.6943%; height: 23px;\"><strong>Origine g\u00e9ographique:<\/strong>&nbsp;<\/td>\n<td style=\"width: 53.6778%; height: 23px;\">Australie (peut varier selon la saison et la r\u00e9colte)<\/td>\n<\/tr>\n<tr style=\"height: 23px;\">\n<td style=\"width: 31.6943%; height: 23px;\"><strong>Culture qualit\u00e9:<\/strong><\/td>\n<td style=\"width: 53.6778%; height: 23px;\">Biologique<\/td>\n<\/tr>\n<tr style=\"height: 23px;\">\n<td style=\"width: 31.6943%; height: 23px;\"><strong>Effet parfum\u00e9:<\/strong><\/td>\n<td style=\"width: 53.6778%; height: 23px;\">Stimulant<\/td>\n<\/tr>\n<tr style=\"height: 23px;\">\n<td style=\"width: 31.6943%; height: 23px;\"><strong>Note parfum\u00e9e:<\/strong><\/td>\n<td style=\"width: 53.6778%; height: 23px;\">Note de coeur<\/td>\n<\/tr>\n<tr style=\"height: 23px;\">\n<td style=\"width: 31.6943%; height: 23px;\"><strong>Profil de parfum:<\/strong><\/td>\n<td style=\"width: 53.6778%; height: 23px;\">Frais, \u00e9pic\u00e9, s\u00e9v\u00e8re<\/td>\n<\/tr>\n<\/tbody>\n<\/table>\n<table style=\"border-collapse: collapse; width: 75.8334%; height: 970px;\">\n<tbody>\n<tr style=\"height: 23px;\">\n<td style=\"width: 29.0606%; height: 23px;\"><strong>Th\u00e8me du parfum:<\/strong><\/td>\n<td style=\"width: 48.4201%; height: 23px;\">Purifiant, rafra\u00eechissant, stimulant<\/td>\n<\/tr>\n<tr style=\"height: 23px;\">\n<td style=\"width: 29.0606%; height: 23px;\"><strong>Energ\u00e9tique:<\/strong><\/td>\n<td style=\"width: 48.4201%; height: 23px;\">Rouge \/ 1er chakra<\/td>\n<\/tr>\n<tr style=\"height: 23px;\">\n<td style=\"width: 29.0606%; height: 23px;\"><strong>Psycho-\u00e9motionnel:<\/strong><\/td>\n<td style=\"width: 48.4201%; height: 23px;\">Huile enracinante<\/td>\n<\/tr>\n<tr style=\"height: 425px;\">\n<td style=\"width: 29.0606%; height: 425px;\"><strong>Description:<\/strong><\/td>\n<td style=\"width: 48.4201%; height: 425px;\">\n<ul style=\"list-style-type: disc;\">\n<li>L'arbre \u00e0 th\u00e9 est l'une des plantes sacr\u00e9es des Aborig\u00e8nes. Gr\u00e2ce \u00e0 ses multiples vertus m\u00e9dicinales, il a acquis une grande notori\u00e9t\u00e9 en Europe. Avec ses propri\u00e9t\u00e9s antivirales, antiprurigineuses, antifongiques et anti-inflammatoires, il ne devrait manquer dans aucune trousse de voyage ou pharmacie familiale. Sur le plan \u00e9motionnel, elle renforce et transmet du courage. Le travail avec l'huile d\u2019arbre de th\u00e9 renforce le syst\u00e8me nerveux et apporte l'\u00e9quilibre.<\/li>\n<\/ul>\n<\/td>\n<\/tr>\n<tr style=\"height: 264px;\">\n<td style=\"width: 29.0606%; height: 264px;\"><strong>Application:<\/strong><\/td>\n<td style=\"width: 48.4201%; height: 264px;\">\n<ul style=\"list-style-type: disc;\">\n<li>L'huile d'arbre \u00e0 th\u00e9 se m\u00e9lange bien avec la lavande, la racine d'ang\u00e9lique, le c\u00e8dre, le pamplemousse et le bois de linaloa.<\/li>\n<li>Pour une ambiance de travail fra\u00eeche et propice \u00e0 la concentration, ajouter du citron et de la bergamote dans le diffuseur d'ar\u00f4mes.<\/li>\n<\/ul>\n<\/td>\n<\/tr>\n<tr style=\"height: 202px;\">\n<td style=\"width: 29.0606%; height: 202px;\"><strong>Principes actifs:<\/strong><\/td>\n<td style=\"width: 48.4201%; height: 202px;\">\n<ul style=\"list-style-type: disc;\">\n<li><strong>Terpin\u00e8ne 4-ol (de 30&nbsp;\u00e0 48 %)<\/strong><\/li>\n<li><strong>Gamma-terpin\u00e8ne (de 10&nbsp;\u00e0 28 %)<\/strong><\/li>\n<li><strong>1,8-cin\u00e9ole (eucalyptol) (\u2264 15 %)<\/strong><\/li>\n<li><strong>Alpha-terpin\u00e8ne (de 5&nbsp;\u00e0 13 %)<\/strong><\/li>\n<li><strong>Paracym\u00e8ne (de 0,5&nbsp;\u00e0 12 %)&nbsp;<\/strong><\/li>\n<\/ul>\n<\/td>\n<\/tr>\n<tr style=\"height: 10px;\">\n<td style=\"width: 29.0606%; height: 10px;\"><span style=\"color: #ff0000;\"><strong>Pr\u00e9cautions&nbsp;! :<\/strong><\/span><\/td>\n<td style=\"width: 48.4201%; height: 10px;\">\n<p><span style=\"color: #ff0000;\">Apr\u00e8s ouverture, \u00e0 consommer dans les six mois !<\/span><\/p>\n<\/td>\n<\/tr>\n<\/tbody>\n<\/table>\n<table style=\"border-collapse: collapse; width: 76.0714%;\">\n<tbody>\n<tr>\n<td style=\"width: 100%;\">Des sp\u00e9cialistes form\u00e9s se feront un plaisir de vous fournir de plus amples informations sur les applications m\u00e9dicales et cosm\u00e9tiques.<\/td>\n<\/tr>\n<\/tbody>\n<\/table>\n<table style=\"border-collapse: collapse; width: 75.4762%;\">\n<tbody>\n<tr>\n<td style=\"width: 28.2143%;\"><strong>Disponible en quantit\u00e9 :<\/strong><\/td>\n<td style=\"width: 22.619%;\">10 ml<\/td>\n<td style=\"width: 24.6428%;\">&nbsp;20 ml<\/td>\n<\/tr>\n<tr>\n<td style=\"width: 28.2143%;\"><strong>Prix :<\/strong><\/td>\n<td style=\"width: 22.619%;\">CHF 11.50<\/td>\n<td style=\"width: 24.6428%;\">CHF 20.50<\/td>\n<\/tr>\n<\/tbody>\n<\/table>\n<p>&nbsp;<\/p>\n<p>&nbsp;<\/p>\n","protected":false},"excerpt":{"rendered":"<p>Huile essentielle de Arbre \u00e0 th\u00e9 \/ Tea tree &nbsp; &nbsp; &nbsp; &nbsp; 10 ml CHF 11.50 20 ml CHF 20.50 &nbsp; &nbsp; &nbsp; &nbsp; Nom botanique: Melaleuca alternifolia Famille botanique: Myrtac\u00e9es\u200b M\u00e9thode d'extraction: Distillation \u00e0 la vapeur d'eau\u200b\u200b\u200b\u200b\u200b\u200b Partie de la plante utilis\u00e9e: Feuilles Quantit\u00e9 v\u00e9g\u00e9tale: 70 kg de feuilles fra\u00eeches sont n\u00e9cessaires pour obtenir 1 kg d'huile Origine&nbsp;<a href=\"https:\/\/bien-etreiris.ch\/de\/produktpraesentation\/aromatherapie\/aetherische-oele\/teebaum\/\" class=\"read-more\">Weiter lesen<\/a><\/p>\n","protected":false},"author":1,"featured_media":64585,"parent":37429,"menu_order":4279,"comment_status":"closed","ping_status":"closed","template":"page-with-child.php","meta":{"_acf_changed":false,"ngg_post_thumbnail":0,"footnotes":""},"class_list":["post-62633","page","type-page","status-publish","has-post-thumbnail","hentry"],"acf":[],"yoast_head":"<!-- This site is optimized with the Yoast SEO plugin v27.6 - https:\/\/yoast.com\/product\/yoast-seo-wordpress\/ -->\n<title>TEEBAUM - WOHLBEFINDEN<\/title>\n<meta name=\"robots\" content=\"index, follow, max-snippet:-1, max-image-preview:large, max-video-preview:-1\" \/>\n<link rel=\"canonical\" href=\"https:\/\/bien-etreiris.ch\/de\/produktpraesentation\/aromatherapie\/aetherische-oele\/teebaum\/\" \/>\n<meta property=\"og:locale\" content=\"de_DE\" \/>\n<meta property=\"og:type\" content=\"article\" \/>\n<meta property=\"og:title\" content=\"TEEBAUM - WOHLBEFINDEN\" \/>\n<meta property=\"og:description\" content=\"Huile essentielle de Arbre \u00e0 th\u00e9 \/ Tea tree &nbsp; &nbsp; &nbsp; &nbsp; 10 ml CHF 11.50 20 ml CHF 20.50 &nbsp; &nbsp; &nbsp; &nbsp; Nom botanique: Melaleuca alternifolia Famille botanique: Myrtac\u00e9es\u200b M\u00e9thode d&#039;extraction: Distillation \u00e0 la vapeur d&#039;eau\u200b\u200b\u200b\u200b\u200b\u200b Partie de la plante utilis\u00e9e: Feuilles Quantit\u00e9 v\u00e9g\u00e9tale: 70 kg de feuilles fra\u00eeches sont n\u00e9cessaires pour obtenir 1 kg d&#039;huile Origine&nbsp;Weiter lesen\" \/>\n<meta property=\"og:url\" content=\"https:\/\/bien-etreiris.ch\/de\/produktpraesentation\/aromatherapie\/aetherische-oele\/teebaum\/\" \/>\n<meta property=\"og:site_name\" content=\"WOHLBEFINDEN\" \/>\n<meta property=\"article:publisher\" content=\"https:\/\/www.facebook.com\/bienetreiris\/\" \/>\n<meta property=\"article:modified_time\" content=\"2023-01-19T10:07:44+00:00\" \/>\n<meta property=\"og:image\" content=\"https:\/\/bien-etreiris.ch\/wp-content\/uploads\/2023\/01\/acceuil-arbe-de-the.png\" \/>\n\t<meta property=\"og:image:width\" content=\"768\" \/>\n\t<meta property=\"og:image:height\" content=\"468\" \/>\n\t<meta property=\"og:image:type\" content=\"image\/png\" \/>\n<meta name=\"twitter:label1\" content=\"Gesch\u00e4tzte Lesezeit\" \/>\n\t<meta name=\"twitter:data1\" content=\"2\u00a0Minuten\" \/>\n<script type=\"application\/ld+json\" class=\"yoast-schema-graph\">{\"@context\":\"https:\\\/\\\/schema.org\",\"@graph\":[{\"@type\":\"WebPage\",\"@id\":\"https:\\\/\\\/bien-etreiris.ch\\\/de\\\/produktpraesentation\\\/aromatherapie\\\/aetherische-oele\\\/teebaum\\\/\",\"url\":\"https:\\\/\\\/bien-etreiris.ch\\\/de\\\/produktpraesentation\\\/aromatherapie\\\/aetherische-oele\\\/teebaum\\\/\",\"name\":\"TEEBAUM - WOHLBEFINDEN\",\"isPartOf\":{\"@id\":\"https:\\\/\\\/bien-etreiris.ch\\\/de\\\/#website\"},\"primaryImageOfPage\":{\"@id\":\"https:\\\/\\\/bien-etreiris.ch\\\/de\\\/produktpraesentation\\\/aromatherapie\\\/aetherische-oele\\\/teebaum\\\/#primaryimage\"},\"image\":{\"@id\":\"https:\\\/\\\/bien-etreiris.ch\\\/de\\\/produktpraesentation\\\/aromatherapie\\\/aetherische-oele\\\/teebaum\\\/#primaryimage\"},\"thumbnailUrl\":\"https:\\\/\\\/bien-etreiris.ch\\\/wp-content\\\/uploads\\\/2023\\\/01\\\/acceuil-arbe-de-the.png\",\"datePublished\":\"2022-12-11T22:12:57+00:00\",\"dateModified\":\"2023-01-19T10:07:44+00:00\",\"breadcrumb\":{\"@id\":\"https:\\\/\\\/bien-etreiris.ch\\\/de\\\/produktpraesentation\\\/aromatherapie\\\/aetherische-oele\\\/teebaum\\\/#breadcrumb\"},\"inLanguage\":\"de\",\"potentialAction\":[{\"@type\":\"ReadAction\",\"target\":[\"https:\\\/\\\/bien-etreiris.ch\\\/de\\\/produktpraesentation\\\/aromatherapie\\\/aetherische-oele\\\/teebaum\\\/\"]}]},{\"@type\":\"ImageObject\",\"inLanguage\":\"de\",\"@id\":\"https:\\\/\\\/bien-etreiris.ch\\\/de\\\/produktpraesentation\\\/aromatherapie\\\/aetherische-oele\\\/teebaum\\\/#primaryimage\",\"url\":\"https:\\\/\\\/bien-etreiris.ch\\\/wp-content\\\/uploads\\\/2023\\\/01\\\/acceuil-arbe-de-the.png\",\"contentUrl\":\"https:\\\/\\\/bien-etreiris.ch\\\/wp-content\\\/uploads\\\/2023\\\/01\\\/acceuil-arbe-de-the.png\",\"width\":768,\"height\":468},{\"@type\":\"BreadcrumbList\",\"@id\":\"https:\\\/\\\/bien-etreiris.ch\\\/de\\\/produktpraesentation\\\/aromatherapie\\\/aetherische-oele\\\/teebaum\\\/#breadcrumb\",\"itemListElement\":[{\"@type\":\"ListItem\",\"position\":1,\"name\":\"Home\",\"item\":\"https:\\\/\\\/bien-etreiris.ch\\\/de\\\/\"},{\"@type\":\"ListItem\",\"position\":2,\"name\":\"PRODUKTPR\u00c4SENTATION\",\"item\":\"https:\\\/\\\/bien-etreiris.ch\\\/de\\\/produktpraesentation\\\/\"},{\"@type\":\"ListItem\",\"position\":3,\"name\":\"AROMATHERAPIE\",\"item\":\"https:\\\/\\\/bien-etreiris.ch\\\/de\\\/produktpraesentation\\\/aromatherapie\\\/\"},{\"@type\":\"ListItem\",\"position\":4,\"name\":\"\u00c4THERISCHE \u00d6LE\",\"item\":\"https:\\\/\\\/bien-etreiris.ch\\\/de\\\/produktpraesentation\\\/aromatherapie\\\/aetherische-oele\\\/\"},{\"@type\":\"ListItem\",\"position\":5,\"name\":\"TEEBAUM\"}]},{\"@type\":\"WebSite\",\"@id\":\"https:\\\/\\\/bien-etreiris.ch\\\/de\\\/#website\",\"url\":\"https:\\\/\\\/bien-etreiris.ch\\\/de\\\/\",\"name\":\"Bien-\u00eatre Iris\",\"description\":\"IHRE Gesundheit ist uns wichtig\",\"potentialAction\":[{\"@type\":\"SearchAction\",\"target\":{\"@type\":\"EntryPoint\",\"urlTemplate\":\"https:\\\/\\\/bien-etreiris.ch\\\/de\\\/?s={search_term_string}\"},\"query-input\":{\"@type\":\"PropertyValueSpecification\",\"valueRequired\":true,\"valueName\":\"search_term_string\"}}],\"inLanguage\":\"de\"}]}<\/script>\n<!-- \/ Yoast SEO plugin. -->","yoast_head_json":{"title":"TEEBAUM - WOHLBEFINDEN","robots":{"index":"index","follow":"follow","max-snippet":"max-snippet:-1","max-image-preview":"max-image-preview:large","max-video-preview":"max-video-preview:-1"},"canonical":"https:\/\/bien-etreiris.ch\/de\/produktpraesentation\/aromatherapie\/aetherische-oele\/teebaum\/","og_locale":"de_DE","og_type":"article","og_title":"TEEBAUM - WOHLBEFINDEN","og_description":"Huile essentielle de Arbre \u00e0 th\u00e9 \/ Tea tree &nbsp; &nbsp; &nbsp; &nbsp; 10 ml CHF 11.50 20 ml CHF 20.50 &nbsp; &nbsp; &nbsp; &nbsp; Nom botanique: Melaleuca alternifolia Famille botanique: Myrtac\u00e9es\u200b M\u00e9thode d'extraction: Distillation \u00e0 la vapeur d'eau\u200b\u200b\u200b\u200b\u200b\u200b Partie de la plante utilis\u00e9e: Feuilles Quantit\u00e9 v\u00e9g\u00e9tale: 70 kg de feuilles fra\u00eeches sont n\u00e9cessaires pour obtenir 1 kg d'huile Origine&nbsp;Weiter lesen","og_url":"https:\/\/bien-etreiris.ch\/de\/produktpraesentation\/aromatherapie\/aetherische-oele\/teebaum\/","og_site_name":"WOHLBEFINDEN","article_publisher":"https:\/\/www.facebook.com\/bienetreiris\/","article_modified_time":"2023-01-19T10:07:44+00:00","og_image":[{"width":768,"height":468,"url":"https:\/\/bien-etreiris.ch\/wp-content\/uploads\/2023\/01\/acceuil-arbe-de-the.png","type":"image\/png"}],"twitter_misc":{"Gesch\u00e4tzte Lesezeit":"2\u00a0Minuten"},"schema":{"@context":"https:\/\/schema.org","@graph":[{"@type":"WebPage","@id":"https:\/\/bien-etreiris.ch\/de\/produktpraesentation\/aromatherapie\/aetherische-oele\/teebaum\/","url":"https:\/\/bien-etreiris.ch\/de\/produktpraesentation\/aromatherapie\/aetherische-oele\/teebaum\/","name":"TEEBAUM - WOHLBEFINDEN","isPartOf":{"@id":"https:\/\/bien-etreiris.ch\/de\/#website"},"primaryImageOfPage":{"@id":"https:\/\/bien-etreiris.ch\/de\/produktpraesentation\/aromatherapie\/aetherische-oele\/teebaum\/#primaryimage"},"image":{"@id":"https:\/\/bien-etreiris.ch\/de\/produktpraesentation\/aromatherapie\/aetherische-oele\/teebaum\/#primaryimage"},"thumbnailUrl":"https:\/\/bien-etreiris.ch\/wp-content\/uploads\/2023\/01\/acceuil-arbe-de-the.png","datePublished":"2022-12-11T22:12:57+00:00","dateModified":"2023-01-19T10:07:44+00:00","breadcrumb":{"@id":"https:\/\/bien-etreiris.ch\/de\/produktpraesentation\/aromatherapie\/aetherische-oele\/teebaum\/#breadcrumb"},"inLanguage":"de","potentialAction":[{"@type":"ReadAction","target":["https:\/\/bien-etreiris.ch\/de\/produktpraesentation\/aromatherapie\/aetherische-oele\/teebaum\/"]}]},{"@type":"ImageObject","inLanguage":"de","@id":"https:\/\/bien-etreiris.ch\/de\/produktpraesentation\/aromatherapie\/aetherische-oele\/teebaum\/#primaryimage","url":"https:\/\/bien-etreiris.ch\/wp-content\/uploads\/2023\/01\/acceuil-arbe-de-the.png","contentUrl":"https:\/\/bien-etreiris.ch\/wp-content\/uploads\/2023\/01\/acceuil-arbe-de-the.png","width":768,"height":468},{"@type":"BreadcrumbList","@id":"https:\/\/bien-etreiris.ch\/de\/produktpraesentation\/aromatherapie\/aetherische-oele\/teebaum\/#breadcrumb","itemListElement":[{"@type":"ListItem","position":1,"name":"Home","item":"https:\/\/bien-etreiris.ch\/de\/"},{"@type":"ListItem","position":2,"name":"PRODUKTPR\u00c4SENTATION","item":"https:\/\/bien-etreiris.ch\/de\/produktpraesentation\/"},{"@type":"ListItem","position":3,"name":"AROMATHERAPIE","item":"https:\/\/bien-etreiris.ch\/de\/produktpraesentation\/aromatherapie\/"},{"@type":"ListItem","position":4,"name":"\u00c4THERISCHE \u00d6LE","item":"https:\/\/bien-etreiris.ch\/de\/produktpraesentation\/aromatherapie\/aetherische-oele\/"},{"@type":"ListItem","position":5,"name":"TEEBAUM"}]},{"@type":"WebSite","@id":"https:\/\/bien-etreiris.ch\/de\/#website","url":"https:\/\/bien-etreiris.ch\/de\/","name":"Bien-\u00eatre Iris","description":"IHRE Gesundheit ist uns wichtig","potentialAction":[{"@type":"SearchAction","target":{"@type":"EntryPoint","urlTemplate":"https:\/\/bien-etreiris.ch\/de\/?s={search_term_string}"},"query-input":{"@type":"PropertyValueSpecification","valueRequired":true,"valueName":"search_term_string"}}],"inLanguage":"de"}]}},"_links":{"self":[{"href":"https:\/\/bien-etreiris.ch\/de\/wp-json\/wp\/v2\/pages\/62633","targetHints":{"allow":["GET"]}}],"collection":[{"href":"https:\/\/bien-etreiris.ch\/de\/wp-json\/wp\/v2\/pages"}],"about":[{"href":"https:\/\/bien-etreiris.ch\/de\/wp-json\/wp\/v2\/types\/page"}],"author":[{"embeddable":true,"href":"https:\/\/bien-etreiris.ch\/de\/wp-json\/wp\/v2\/users\/1"}],"replies":[{"embeddable":true,"href":"https:\/\/bien-etreiris.ch\/de\/wp-json\/wp\/v2\/comments?post=62633"}],"version-history":[{"count":12,"href":"https:\/\/bien-etreiris.ch\/de\/wp-json\/wp\/v2\/pages\/62633\/revisions"}],"predecessor-version":[{"id":64593,"href":"https:\/\/bien-etreiris.ch\/de\/wp-json\/wp\/v2\/pages\/62633\/revisions\/64593"}],"up":[{"embeddable":true,"href":"https:\/\/bien-etreiris.ch\/de\/wp-json\/wp\/v2\/pages\/37429"}],"wp:featuredmedia":[{"embeddable":true,"href":"https:\/\/bien-etreiris.ch\/de\/wp-json\/wp\/v2\/media\/64585"}],"wp:attachment":[{"href":"https:\/\/bien-etreiris.ch\/de\/wp-json\/wp\/v2\/media?parent=62633"}],"curies":[{"name":"wp","href":"https:\/\/api.w.org\/{rel}","templated":true}]}}