{"id":62552,"date":"2022-12-11T00:09:56","date_gmt":"2022-12-10T22:09:56","guid":{"rendered":"https:\/\/bien-etreiris.ch\/produktpraesentation\/gesundes-leben\/nahrungsergaenzungsmittel\/pflanzenheilkunde-gleichgewicht-durch-heilpflanzen\/extrait-de-feuilles-dolivier-avec-20-doleuropeine\/"},"modified":"2024-08-01T07:24:02","modified_gmt":"2024-08-01T05:24:02","slug":"extrakt-aus-olivenblaettern","status":"publish","type":"page","link":"https:\/\/bien-etreiris.ch\/de\/produktpraesentation\/gesundes-leben\/nahrungsergaenzungsmittel\/pflanzenheilkunde-gleichgewicht-durch-heilpflanzen\/kapseln-und-pulver-auf-pflanzlicher-basis\/extrakt-aus-olivenblaettern\/","title":{"rendered":"OLIVENBLATT-EXTRAKT"},"content":{"rendered":"\n<h2>Extrakt aus Olivenbl\u00e4ttern mit 20% Oleuropein<\/h2>\n\n\n\n<p><a href=\"https:\/\/bien-etreiris.ch\/wp-content\/uploads\/2022\/12\/titre-Olivenblattextrakt-DE.jpg\"><img loading=\"lazy\" decoding=\"async\" class=\"wp-image-62545 alignleft\" src=\"https:\/\/bien-etreiris.ch\/wp-content\/uploads\/2022\/12\/titre-Olivenblattextrakt-DE.jpg\" alt=\"\" width=\"407\" height=\"812\" srcset=\"https:\/\/bien-etreiris.ch\/wp-content\/uploads\/2022\/12\/titre-Olivenblattextrakt-DE.jpg 489w, https:\/\/bien-etreiris.ch\/wp-content\/uploads\/2022\/12\/titre-Olivenblattextrakt-DE-150x300.jpg 150w\" sizes=\"auto, (max-width: 407px) 100vw, 407px\" \/><\/a><\/p>\n\n\n\n\n\n\n\n\n\n<p>&nbsp;<\/p>\n<p>&nbsp;<\/p>\n<p>&nbsp;<\/p>\n<p>&nbsp;<\/p>\n<p>&nbsp;<\/p>\n<p>&nbsp;<\/p>\n<p>&nbsp;<\/p>\n<p>&nbsp;<\/p>\n<p>&nbsp;<\/p>\n<p>&nbsp;<\/p>\n<h4>Cellavita<\/h4>\n<ul style=\"list-style-type: disc;\">\n<li>extrait de feuilles d'olivier espagnoles<\/li>\n<li>avec 20% d'oleurop\u00e9ine<\/li>\n<li>enveloppe de capsule v\u00e9g\u00e9talienne<\/li>\n<li>sans agents de remplissage<\/li>\n<li>sans anti-agglom\u00e9rant<\/li>\n<li>mise en bouteille propre<\/li>\n<li>Fabriqu\u00e9 en Allemagne&nbsp;<\/li>\n<\/ul>\n<p>&nbsp;<\/p>\n<p>1 Pot en verre avec 90 capsules <strong>CHF 14.90<br><\/strong><\/p>\n<p>remplissage 1 capsule <strong>CHF 0.10<\/strong><\/p>\n<p>&nbsp;<\/p>\n<p>&nbsp;<\/p>\n<p>&nbsp;<\/p>\n<p>&nbsp;<\/p>\n<h4>Description<\/h4>\n<h4><br>Qu'est-ce que l'extrait de feuilles d'olivier Vita ?<\/h4>\n<p>Comme l'huile d'olive, les feuilles d'olivier contiennent de l'oleurop\u00e9ine, des compos\u00e9s ph\u00e9noliques (hydroxytyrosol, acide caf\u00e9ique), des acides organiques et des substances v\u00e9g\u00e9tales secondaires comme les flavono\u00efdes (olivine, rutine, hesp\u00e9ridine, querc\u00e9tine). La substance active oleurop\u00e9ine est en grande partie responsable des propri\u00e9t\u00e9s de l'huile d'olive sur la sant\u00e9. L'oleurop\u00e9ine est plus concentr\u00e9e dans la feuille d'olivier que dans l'olive. L'oleurop\u00e9ine contenue dans la feuille d'olivier prot\u00e8ge l'olivier \u00e0 feuilles persistantes contre les maladies. Les oliviers ont une dur\u00e9e de vie de plusieurs si\u00e8cles*.<\/p>\n<p>Extrait obtenu \u00e0 partir de feuilles d'olivier espagnoles avec plus de 20% d'oleurop\u00e9ine, sans anti-agglom\u00e9rant ni additif. L'enveloppe de la capsule est v\u00e9g\u00e9talienne, le produit est fabriqu\u00e9 et conditionn\u00e9 par Cellavita.<\/p>\n<h4>Ingr\u00e9dients :<\/h4>\n<p>Extrait de feuilles d'olivier | 415mg par dose journali\u00e8re<\/p>\n<p>Extrait de feuilles d'olivier (avec 20% d'oleurop\u00e9ine), agent d'enrobage : hydroxypropylm\u00e9thylcellulose (enveloppe de la capsule Gr.0).<\/p>\n<h4><br>Recommandation de consommation :<\/h4>\n<p>Consommer 1 g\u00e9lule par jour avec un verre d'eau (200ml).<\/p>\n<h4><br>Remarques :<\/h4>\n<p>Ne pas d\u00e9passer la quantit\u00e9 journali\u00e8re recommand\u00e9e indiqu\u00e9e. Les compl\u00e9ments alimentaires ne doivent pas \u00eatre utilis\u00e9s comme substituts d'une alimentation \u00e9quilibr\u00e9e et vari\u00e9e et d'un mode de vie sain. Veuillez conserver le produit dans un endroit frais, sec et sombre. Tenir hors de port\u00e9e des jeunes enfants.<\/p>\n<p>*Source : <a href=\"https:\/\/de.wikipedia.org\/wiki\/Olivenbl%C3%A4ttertee\" target=\"_blank\" rel=\"noopener\">https:\/\/de.wikipedia.org\/wiki\/Olivenbl%C3%A4ttertee<\/a><\/p>\n<p>&nbsp;<\/p>\n<h2><a href=\"https:\/\/bien-etreiris.ch\/de\/ratgeber-klarheit-beratung\/natuerliche-heilmittel\/pflanzenheilkunde\/heilpflanzen\/olivenblatt-extrakts\/\" target=\"_blank\" rel=\"noopener\"><span style=\"color: #ff9900;\">Savoir plus sur les feuilles d'olivier<\/span><\/a><\/h2>\n","protected":false},"excerpt":{"rendered":"<p>Extrakt aus Olivenbl\u00e4ttern mit 20% Oleuropein &nbsp; &nbsp; &nbsp; &nbsp; &nbsp; &nbsp; &nbsp; &nbsp; &nbsp; &nbsp; Cellavita extrait de feuilles d'olivier espagnoles avec 20% d'oleurop\u00e9ine enveloppe de capsule v\u00e9g\u00e9talienne sans agents de remplissage sans anti-agglom\u00e9rant mise en bouteille propre Fabriqu\u00e9 en Allemagne&nbsp; &nbsp; 1 Pot en verre avec 90 capsules CHF 14.90 remplissage 1 capsule CHF 0.10 &nbsp; &nbsp; &nbsp;&nbsp;<a href=\"https:\/\/bien-etreiris.ch\/de\/produktpraesentation\/gesundes-leben\/nahrungsergaenzungsmittel\/pflanzenheilkunde-gleichgewicht-durch-heilpflanzen\/kapseln-und-pulver-auf-pflanzlicher-basis\/extrakt-aus-olivenblaettern\/\" class=\"read-more\">Weiter lesen<\/a><\/p>\n","protected":false},"author":1,"featured_media":62548,"parent":60901,"menu_order":4285,"comment_status":"closed","ping_status":"closed","template":"page-with-child.php","meta":{"_acf_changed":false,"ngg_post_thumbnail":0,"footnotes":""},"class_list":["post-62552","page","type-page","status-publish","has-post-thumbnail","hentry"],"acf":[],"yoast_head":"<!-- This site is optimized with the Yoast SEO plugin v27.6 - https:\/\/yoast.com\/product\/yoast-seo-wordpress\/ -->\n<title>OLIVENBLATT-EXTRAKT - WOHLBEFINDEN<\/title>\n<meta name=\"robots\" content=\"index, follow, max-snippet:-1, max-image-preview:large, max-video-preview:-1\" \/>\n<link rel=\"canonical\" href=\"https:\/\/bien-etreiris.ch\/de\/produktpraesentation\/gesundes-leben\/nahrungsergaenzungsmittel\/pflanzenheilkunde-gleichgewicht-durch-heilpflanzen\/kapseln-und-pulver-auf-pflanzlicher-basis\/extrakt-aus-olivenblaettern\/\" \/>\n<meta property=\"og:locale\" content=\"de_DE\" \/>\n<meta property=\"og:type\" content=\"article\" \/>\n<meta property=\"og:title\" content=\"OLIVENBLATT-EXTRAKT - WOHLBEFINDEN\" \/>\n<meta property=\"og:description\" content=\"Extrakt aus Olivenbl\u00e4ttern mit 20% Oleuropein &nbsp; &nbsp; &nbsp; &nbsp; &nbsp; &nbsp; &nbsp; &nbsp; &nbsp; &nbsp; Cellavita extrait de feuilles d&#039;olivier espagnoles avec 20% d&#039;oleurop\u00e9ine enveloppe de capsule v\u00e9g\u00e9talienne sans agents de remplissage sans anti-agglom\u00e9rant mise en bouteille propre Fabriqu\u00e9 en Allemagne&nbsp; &nbsp; 1 Pot en verre avec 90 capsules CHF 14.90 remplissage 1 capsule CHF 0.10 &nbsp; &nbsp; &nbsp;&nbsp;Weiter lesen\" \/>\n<meta property=\"og:url\" content=\"https:\/\/bien-etreiris.ch\/de\/produktpraesentation\/gesundes-leben\/nahrungsergaenzungsmittel\/pflanzenheilkunde-gleichgewicht-durch-heilpflanzen\/kapseln-und-pulver-auf-pflanzlicher-basis\/extrakt-aus-olivenblaettern\/\" \/>\n<meta property=\"og:site_name\" content=\"WOHLBEFINDEN\" \/>\n<meta property=\"article:publisher\" content=\"https:\/\/www.facebook.com\/bienetreiris\/\" \/>\n<meta property=\"article:modified_time\" content=\"2024-08-01T05:24:02+00:00\" \/>\n<meta property=\"og:image\" content=\"https:\/\/bien-etreiris.ch\/wp-content\/uploads\/2022\/12\/acceuil-extract-feuilles-d-olive.jpg\" \/>\n\t<meta property=\"og:image:width\" content=\"500\" \/>\n\t<meta property=\"og:image:height\" content=\"331\" \/>\n\t<meta property=\"og:image:type\" content=\"image\/jpeg\" \/>\n<meta name=\"twitter:label1\" content=\"Gesch\u00e4tzte Lesezeit\" \/>\n\t<meta name=\"twitter:data1\" content=\"2\u00a0Minuten\" \/>\n<script type=\"application\/ld+json\" class=\"yoast-schema-graph\">{\"@context\":\"https:\\\/\\\/schema.org\",\"@graph\":[{\"@type\":\"WebPage\",\"@id\":\"https:\\\/\\\/bien-etreiris.ch\\\/de\\\/produktpraesentation\\\/gesundes-leben\\\/nahrungsergaenzungsmittel\\\/pflanzenheilkunde-gleichgewicht-durch-heilpflanzen\\\/kapseln-und-pulver-auf-pflanzlicher-basis\\\/extrakt-aus-olivenblaettern\\\/\",\"url\":\"https:\\\/\\\/bien-etreiris.ch\\\/de\\\/produktpraesentation\\\/gesundes-leben\\\/nahrungsergaenzungsmittel\\\/pflanzenheilkunde-gleichgewicht-durch-heilpflanzen\\\/kapseln-und-pulver-auf-pflanzlicher-basis\\\/extrakt-aus-olivenblaettern\\\/\",\"name\":\"OLIVENBLATT-EXTRAKT - WOHLBEFINDEN\",\"isPartOf\":{\"@id\":\"https:\\\/\\\/bien-etreiris.ch\\\/de\\\/#website\"},\"primaryImageOfPage\":{\"@id\":\"https:\\\/\\\/bien-etreiris.ch\\\/de\\\/produktpraesentation\\\/gesundes-leben\\\/nahrungsergaenzungsmittel\\\/pflanzenheilkunde-gleichgewicht-durch-heilpflanzen\\\/kapseln-und-pulver-auf-pflanzlicher-basis\\\/extrakt-aus-olivenblaettern\\\/#primaryimage\"},\"image\":{\"@id\":\"https:\\\/\\\/bien-etreiris.ch\\\/de\\\/produktpraesentation\\\/gesundes-leben\\\/nahrungsergaenzungsmittel\\\/pflanzenheilkunde-gleichgewicht-durch-heilpflanzen\\\/kapseln-und-pulver-auf-pflanzlicher-basis\\\/extrakt-aus-olivenblaettern\\\/#primaryimage\"},\"thumbnailUrl\":\"https:\\\/\\\/bien-etreiris.ch\\\/wp-content\\\/uploads\\\/2022\\\/12\\\/acceuil-extract-feuilles-d-olive.jpg\",\"datePublished\":\"2022-12-10T22:09:56+00:00\",\"dateModified\":\"2024-08-01T05:24:02+00:00\",\"breadcrumb\":{\"@id\":\"https:\\\/\\\/bien-etreiris.ch\\\/de\\\/produktpraesentation\\\/gesundes-leben\\\/nahrungsergaenzungsmittel\\\/pflanzenheilkunde-gleichgewicht-durch-heilpflanzen\\\/kapseln-und-pulver-auf-pflanzlicher-basis\\\/extrakt-aus-olivenblaettern\\\/#breadcrumb\"},\"inLanguage\":\"de\",\"potentialAction\":[{\"@type\":\"ReadAction\",\"target\":[\"https:\\\/\\\/bien-etreiris.ch\\\/de\\\/produktpraesentation\\\/gesundes-leben\\\/nahrungsergaenzungsmittel\\\/pflanzenheilkunde-gleichgewicht-durch-heilpflanzen\\\/kapseln-und-pulver-auf-pflanzlicher-basis\\\/extrakt-aus-olivenblaettern\\\/\"]}]},{\"@type\":\"ImageObject\",\"inLanguage\":\"de\",\"@id\":\"https:\\\/\\\/bien-etreiris.ch\\\/de\\\/produktpraesentation\\\/gesundes-leben\\\/nahrungsergaenzungsmittel\\\/pflanzenheilkunde-gleichgewicht-durch-heilpflanzen\\\/kapseln-und-pulver-auf-pflanzlicher-basis\\\/extrakt-aus-olivenblaettern\\\/#primaryimage\",\"url\":\"https:\\\/\\\/bien-etreiris.ch\\\/wp-content\\\/uploads\\\/2022\\\/12\\\/acceuil-extract-feuilles-d-olive.jpg\",\"contentUrl\":\"https:\\\/\\\/bien-etreiris.ch\\\/wp-content\\\/uploads\\\/2022\\\/12\\\/acceuil-extract-feuilles-d-olive.jpg\",\"width\":500,\"height\":331},{\"@type\":\"BreadcrumbList\",\"@id\":\"https:\\\/\\\/bien-etreiris.ch\\\/de\\\/produktpraesentation\\\/gesundes-leben\\\/nahrungsergaenzungsmittel\\\/pflanzenheilkunde-gleichgewicht-durch-heilpflanzen\\\/kapseln-und-pulver-auf-pflanzlicher-basis\\\/extrakt-aus-olivenblaettern\\\/#breadcrumb\",\"itemListElement\":[{\"@type\":\"ListItem\",\"position\":1,\"name\":\"Home\",\"item\":\"https:\\\/\\\/bien-etreiris.ch\\\/de\\\/\"},{\"@type\":\"ListItem\",\"position\":2,\"name\":\"PRODUKTPR\u00c4SENTATION\",\"item\":\"https:\\\/\\\/bien-etreiris.ch\\\/de\\\/produktpraesentation\\\/\"},{\"@type\":\"ListItem\",\"position\":3,\"name\":\"GESUNDES LEBEN\",\"item\":\"https:\\\/\\\/bien-etreiris.ch\\\/de\\\/produktpraesentation\\\/gesundes-leben\\\/\"},{\"@type\":\"ListItem\",\"position\":4,\"name\":\"NAHRUNGSERG\u00c4NZUNG\",\"item\":\"https:\\\/\\\/bien-etreiris.ch\\\/de\\\/produktpraesentation\\\/gesundes-leben\\\/nahrungsergaenzungsmittel\\\/\"},{\"@type\":\"ListItem\",\"position\":5,\"name\":\"PFLANZENHEILKUNDE\",\"item\":\"https:\\\/\\\/bien-etreiris.ch\\\/de\\\/produktpraesentation\\\/gesundes-leben\\\/nahrungsergaenzungsmittel\\\/pflanzenheilkunde-gleichgewicht-durch-heilpflanzen\\\/\"},{\"@type\":\"ListItem\",\"position\":6,\"name\":\"KAPSELN &#038; PULVER\",\"item\":\"https:\\\/\\\/bien-etreiris.ch\\\/de\\\/produktpraesentation\\\/gesundes-leben\\\/nahrungsergaenzungsmittel\\\/pflanzenheilkunde-gleichgewicht-durch-heilpflanzen\\\/kapseln-und-pulver-auf-pflanzlicher-basis\\\/\"},{\"@type\":\"ListItem\",\"position\":7,\"name\":\"OLIVENBLATT-EXTRAKT\"}]},{\"@type\":\"WebSite\",\"@id\":\"https:\\\/\\\/bien-etreiris.ch\\\/de\\\/#website\",\"url\":\"https:\\\/\\\/bien-etreiris.ch\\\/de\\\/\",\"name\":\"Bien-\u00eatre Iris\",\"description\":\"IHRE Gesundheit ist uns wichtig\",\"potentialAction\":[{\"@type\":\"SearchAction\",\"target\":{\"@type\":\"EntryPoint\",\"urlTemplate\":\"https:\\\/\\\/bien-etreiris.ch\\\/de\\\/?s={search_term_string}\"},\"query-input\":{\"@type\":\"PropertyValueSpecification\",\"valueRequired\":true,\"valueName\":\"search_term_string\"}}],\"inLanguage\":\"de\"}]}<\/script>\n<!-- \/ Yoast SEO plugin. -->","yoast_head_json":{"title":"OLIVENBLATT-EXTRAKT - WOHLBEFINDEN","robots":{"index":"index","follow":"follow","max-snippet":"max-snippet:-1","max-image-preview":"max-image-preview:large","max-video-preview":"max-video-preview:-1"},"canonical":"https:\/\/bien-etreiris.ch\/de\/produktpraesentation\/gesundes-leben\/nahrungsergaenzungsmittel\/pflanzenheilkunde-gleichgewicht-durch-heilpflanzen\/kapseln-und-pulver-auf-pflanzlicher-basis\/extrakt-aus-olivenblaettern\/","og_locale":"de_DE","og_type":"article","og_title":"OLIVENBLATT-EXTRAKT - WOHLBEFINDEN","og_description":"Extrakt aus Olivenbl\u00e4ttern mit 20% Oleuropein &nbsp; &nbsp; &nbsp; &nbsp; &nbsp; &nbsp; &nbsp; &nbsp; &nbsp; &nbsp; Cellavita extrait de feuilles d'olivier espagnoles avec 20% d'oleurop\u00e9ine enveloppe de capsule v\u00e9g\u00e9talienne sans agents de remplissage sans anti-agglom\u00e9rant mise en bouteille propre Fabriqu\u00e9 en Allemagne&nbsp; &nbsp; 1 Pot en verre avec 90 capsules CHF 14.90 remplissage 1 capsule CHF 0.10 &nbsp; &nbsp; &nbsp;&nbsp;Weiter lesen","og_url":"https:\/\/bien-etreiris.ch\/de\/produktpraesentation\/gesundes-leben\/nahrungsergaenzungsmittel\/pflanzenheilkunde-gleichgewicht-durch-heilpflanzen\/kapseln-und-pulver-auf-pflanzlicher-basis\/extrakt-aus-olivenblaettern\/","og_site_name":"WOHLBEFINDEN","article_publisher":"https:\/\/www.facebook.com\/bienetreiris\/","article_modified_time":"2024-08-01T05:24:02+00:00","og_image":[{"width":500,"height":331,"url":"https:\/\/bien-etreiris.ch\/wp-content\/uploads\/2022\/12\/acceuil-extract-feuilles-d-olive.jpg","type":"image\/jpeg"}],"twitter_misc":{"Gesch\u00e4tzte Lesezeit":"2\u00a0Minuten"},"schema":{"@context":"https:\/\/schema.org","@graph":[{"@type":"WebPage","@id":"https:\/\/bien-etreiris.ch\/de\/produktpraesentation\/gesundes-leben\/nahrungsergaenzungsmittel\/pflanzenheilkunde-gleichgewicht-durch-heilpflanzen\/kapseln-und-pulver-auf-pflanzlicher-basis\/extrakt-aus-olivenblaettern\/","url":"https:\/\/bien-etreiris.ch\/de\/produktpraesentation\/gesundes-leben\/nahrungsergaenzungsmittel\/pflanzenheilkunde-gleichgewicht-durch-heilpflanzen\/kapseln-und-pulver-auf-pflanzlicher-basis\/extrakt-aus-olivenblaettern\/","name":"OLIVENBLATT-EXTRAKT - WOHLBEFINDEN","isPartOf":{"@id":"https:\/\/bien-etreiris.ch\/de\/#website"},"primaryImageOfPage":{"@id":"https:\/\/bien-etreiris.ch\/de\/produktpraesentation\/gesundes-leben\/nahrungsergaenzungsmittel\/pflanzenheilkunde-gleichgewicht-durch-heilpflanzen\/kapseln-und-pulver-auf-pflanzlicher-basis\/extrakt-aus-olivenblaettern\/#primaryimage"},"image":{"@id":"https:\/\/bien-etreiris.ch\/de\/produktpraesentation\/gesundes-leben\/nahrungsergaenzungsmittel\/pflanzenheilkunde-gleichgewicht-durch-heilpflanzen\/kapseln-und-pulver-auf-pflanzlicher-basis\/extrakt-aus-olivenblaettern\/#primaryimage"},"thumbnailUrl":"https:\/\/bien-etreiris.ch\/wp-content\/uploads\/2022\/12\/acceuil-extract-feuilles-d-olive.jpg","datePublished":"2022-12-10T22:09:56+00:00","dateModified":"2024-08-01T05:24:02+00:00","breadcrumb":{"@id":"https:\/\/bien-etreiris.ch\/de\/produktpraesentation\/gesundes-leben\/nahrungsergaenzungsmittel\/pflanzenheilkunde-gleichgewicht-durch-heilpflanzen\/kapseln-und-pulver-auf-pflanzlicher-basis\/extrakt-aus-olivenblaettern\/#breadcrumb"},"inLanguage":"de","potentialAction":[{"@type":"ReadAction","target":["https:\/\/bien-etreiris.ch\/de\/produktpraesentation\/gesundes-leben\/nahrungsergaenzungsmittel\/pflanzenheilkunde-gleichgewicht-durch-heilpflanzen\/kapseln-und-pulver-auf-pflanzlicher-basis\/extrakt-aus-olivenblaettern\/"]}]},{"@type":"ImageObject","inLanguage":"de","@id":"https:\/\/bien-etreiris.ch\/de\/produktpraesentation\/gesundes-leben\/nahrungsergaenzungsmittel\/pflanzenheilkunde-gleichgewicht-durch-heilpflanzen\/kapseln-und-pulver-auf-pflanzlicher-basis\/extrakt-aus-olivenblaettern\/#primaryimage","url":"https:\/\/bien-etreiris.ch\/wp-content\/uploads\/2022\/12\/acceuil-extract-feuilles-d-olive.jpg","contentUrl":"https:\/\/bien-etreiris.ch\/wp-content\/uploads\/2022\/12\/acceuil-extract-feuilles-d-olive.jpg","width":500,"height":331},{"@type":"BreadcrumbList","@id":"https:\/\/bien-etreiris.ch\/de\/produktpraesentation\/gesundes-leben\/nahrungsergaenzungsmittel\/pflanzenheilkunde-gleichgewicht-durch-heilpflanzen\/kapseln-und-pulver-auf-pflanzlicher-basis\/extrakt-aus-olivenblaettern\/#breadcrumb","itemListElement":[{"@type":"ListItem","position":1,"name":"Home","item":"https:\/\/bien-etreiris.ch\/de\/"},{"@type":"ListItem","position":2,"name":"PRODUKTPR\u00c4SENTATION","item":"https:\/\/bien-etreiris.ch\/de\/produktpraesentation\/"},{"@type":"ListItem","position":3,"name":"GESUNDES LEBEN","item":"https:\/\/bien-etreiris.ch\/de\/produktpraesentation\/gesundes-leben\/"},{"@type":"ListItem","position":4,"name":"NAHRUNGSERG\u00c4NZUNG","item":"https:\/\/bien-etreiris.ch\/de\/produktpraesentation\/gesundes-leben\/nahrungsergaenzungsmittel\/"},{"@type":"ListItem","position":5,"name":"PFLANZENHEILKUNDE","item":"https:\/\/bien-etreiris.ch\/de\/produktpraesentation\/gesundes-leben\/nahrungsergaenzungsmittel\/pflanzenheilkunde-gleichgewicht-durch-heilpflanzen\/"},{"@type":"ListItem","position":6,"name":"KAPSELN &#038; PULVER","item":"https:\/\/bien-etreiris.ch\/de\/produktpraesentation\/gesundes-leben\/nahrungsergaenzungsmittel\/pflanzenheilkunde-gleichgewicht-durch-heilpflanzen\/kapseln-und-pulver-auf-pflanzlicher-basis\/"},{"@type":"ListItem","position":7,"name":"OLIVENBLATT-EXTRAKT"}]},{"@type":"WebSite","@id":"https:\/\/bien-etreiris.ch\/de\/#website","url":"https:\/\/bien-etreiris.ch\/de\/","name":"Bien-\u00eatre Iris","description":"IHRE Gesundheit ist uns wichtig","potentialAction":[{"@type":"SearchAction","target":{"@type":"EntryPoint","urlTemplate":"https:\/\/bien-etreiris.ch\/de\/?s={search_term_string}"},"query-input":{"@type":"PropertyValueSpecification","valueRequired":true,"valueName":"search_term_string"}}],"inLanguage":"de"}]}},"_links":{"self":[{"href":"https:\/\/bien-etreiris.ch\/de\/wp-json\/wp\/v2\/pages\/62552","targetHints":{"allow":["GET"]}}],"collection":[{"href":"https:\/\/bien-etreiris.ch\/de\/wp-json\/wp\/v2\/pages"}],"about":[{"href":"https:\/\/bien-etreiris.ch\/de\/wp-json\/wp\/v2\/types\/page"}],"author":[{"embeddable":true,"href":"https:\/\/bien-etreiris.ch\/de\/wp-json\/wp\/v2\/users\/1"}],"replies":[{"embeddable":true,"href":"https:\/\/bien-etreiris.ch\/de\/wp-json\/wp\/v2\/comments?post=62552"}],"version-history":[{"count":6,"href":"https:\/\/bien-etreiris.ch\/de\/wp-json\/wp\/v2\/pages\/62552\/revisions"}],"predecessor-version":[{"id":86317,"href":"https:\/\/bien-etreiris.ch\/de\/wp-json\/wp\/v2\/pages\/62552\/revisions\/86317"}],"up":[{"embeddable":true,"href":"https:\/\/bien-etreiris.ch\/de\/wp-json\/wp\/v2\/pages\/60901"}],"wp:featuredmedia":[{"embeddable":true,"href":"https:\/\/bien-etreiris.ch\/de\/wp-json\/wp\/v2\/media\/62548"}],"wp:attachment":[{"href":"https:\/\/bien-etreiris.ch\/de\/wp-json\/wp\/v2\/media?parent=62552"}],"curies":[{"name":"wp","href":"https:\/\/api.w.org\/{rel}","templated":true}]}}