{"id":62494,"date":"2022-12-10T21:18:24","date_gmt":"2022-12-10T19:18:24","guid":{"rendered":"https:\/\/bien-etreiris.ch\/produktpraesentation\/gesundes-leben\/nahrungsergaenzungsmittel\/phytamine\/sang-de-dragon\/"},"modified":"2023-01-26T12:09:34","modified_gmt":"2023-01-26T10:09:34","slug":"drachenblut","status":"publish","type":"page","link":"https:\/\/bien-etreiris.ch\/de\/produktpraesentation\/gesundes-leben\/nahrungsergaenzungsmittel\/pflanzenheilkunde-gleichgewicht-durch-heilpflanzen\/kapseln-und-pulver-auf-pflanzlicher-basis\/drachenblut\/","title":{"rendered":"DRACHENBLUT"},"content":{"rendered":"\n<h2>Drachenblut<\/h2>\n\n\n\n<p><a href=\"https:\/\/bien-etreiris.ch\/wp-content\/uploads\/2022\/12\/flacon.jpg\"><img loading=\"lazy\" decoding=\"async\" class=\"wp-image-62476 alignleft\" src=\"https:\/\/bien-etreiris.ch\/wp-content\/uploads\/2022\/12\/flacon.jpg\" alt=\"\" width=\"352\" height=\"379\" srcset=\"https:\/\/bien-etreiris.ch\/wp-content\/uploads\/2022\/12\/flacon.jpg 602w, https:\/\/bien-etreiris.ch\/wp-content\/uploads\/2022\/12\/flacon-279x300.jpg 279w\" sizes=\"auto, (max-width: 352px) 100vw, 352px\" \/><\/a><\/p>\n<p>&nbsp;<\/p>\n\n\n\n<p>&nbsp;<\/p>\n<p>&nbsp;<\/p>\n<p>&nbsp;<\/p>\n<p>Unimedica<\/p>\n<p>Drachenblut \"Sangre de Drago\" <br><br><\/p>\n<p>&nbsp;<\/p>\n<ul style=\"list-style-type: disc;\">\n<li>Harz des Drachenbaumes Croton Lechleri M\u00fcll.-Arg.<\/li>\n<li>aus Wildsammlung<\/li>\n<li>unbehandeltes Naturprodukt<\/li>\n<li>vegan<\/li>\n<\/ul>\n<p><br>1 Fl\u00e4schli von 50 ml <strong>CHF 12.90<br><\/strong><\/p>\n<p>&nbsp;<\/p>\n<p><a href=\"https:\/\/bien-etreiris.ch\/wp-content\/uploads\/2022\/12\/Drachenblut.-DE-jpg.jpg\"><img loading=\"lazy\" decoding=\"async\" class=\"alignnone wp-image-62703 size-full\" src=\"https:\/\/bien-etreiris.ch\/wp-content\/uploads\/2022\/12\/Drachenblut.-DE-jpg.jpg\" alt=\"\" width=\"1761\" height=\"800\" srcset=\"https:\/\/bien-etreiris.ch\/wp-content\/uploads\/2022\/12\/Drachenblut.-DE-jpg.jpg 1761w, https:\/\/bien-etreiris.ch\/wp-content\/uploads\/2022\/12\/Drachenblut.-DE-jpg-300x136.jpg 300w, https:\/\/bien-etreiris.ch\/wp-content\/uploads\/2022\/12\/Drachenblut.-DE-jpg-1024x465.jpg 1024w, https:\/\/bien-etreiris.ch\/wp-content\/uploads\/2022\/12\/Drachenblut.-DE-jpg-768x349.jpg 768w, https:\/\/bien-etreiris.ch\/wp-content\/uploads\/2022\/12\/Drachenblut.-DE-jpg-1536x698.jpg 1536w\" sizes=\"auto, (max-width: 1761px) 100vw, 1761px\" \/><\/a><\/p>\n<p>&nbsp;<\/p>\n<p>&nbsp;<\/p>\n<h4>Drachenblut ist f\u00fcr vieles gut<\/h4>\n<p>Drachenblut von Unimedica wird aus dem Baumharz des Drachenblutbaumes (Croton Lechleri M\u00fcll.-Arg.) gewonnen. Der Drachenblutbaum (auch Sangre de drago oder Sangre des Grado) ist in S\u00fcdamerika heimisch. Die Gattung Croton geh\u00f6rt dabei zu den Wolfsmilchgew\u00e4chsen. Drachenblut steckt voller wertvoller Pflanzenstoffe. Es sch\u00fctzt die Pflanze meisterhaft vor Fressfeinden und sch\u00e4dlichen Umwelteinfl\u00fcssen. Drachenblut geh\u00f6rt traditionell zu den Naturheilmitteln der indigenen V\u00f6lker am Amazonas.<\/p>\n<p>Auch in der Antike wurde Drachenblut in aller Welt hoch gesch\u00e4tzt. Dabei wurden die rotbraunen Harze verschiedener Pflanzen als Drachenblut bezeichnet. Es wird bis heute weltweit als universelles Hausmittel, Farbstoff, in Kosmetika oder als Beize zur Beschichtung von Holz etc. verwendet.<\/p>\n<h4>Pur aus der Natur<\/h4>\n<p>Drachenblut von Unimedica ist zu 100 % unbehandeltes, nat\u00fcrliches Baumharz des Croton Lechleri M\u00fcll.-Arg. Es wird auf traditionelle Weise geerntet und labortechnisch auf seine Qualit\u00e4t und Reinheit \u00fcberpr\u00fcft. Das Produkt kann beispielsweise bedenkenlos f\u00fcr die Herstellung von Naturkosmetik wie Salben verwendet werden. Die Braunglasflasche sch\u00fctzt den hochwertigen Inhalt und die Pipette erleichtert die exakte Dosierung.<\/p>\n<p>Der Name Drachenblut geht auf Dichter der Antike zur\u00fcck. So f\u00fchrte unter anderem Plinius der \u00c4ltere den Namen Drachenblut f\u00fcr das in der Antike als magisch geltende Baumharz auf die Vermischung des Blutes eines Elefanten und eines Drachen im Kampf zur\u00fcck.<\/p>\n<p>Jede Flasche Drachenblut von Unimedica enth\u00e4lt 50 ml naturreines Baumharz.<\/p>\n<h4>VEGAN UND OHNE FOLGENDE ZUSATZSTOFFE<\/h4>\n<p>Drachenblut von Unimedica ist frei von jeglichen Zus\u00e4tzen wie Farbstoffen, Stabilisatoren, Konservierungsstoffen, Trennmitteln wie Magnesiumstearat sowie vegan.<\/p>\n<p>&nbsp;<\/p>\n<h4><span style=\"color: #800000;\"><strong>R\u00e4uchern mit Drachenblut<\/strong><\/span><\/h4>\n<p>Der Stamm der Quich\u00e9-Maya in Guatemala benutzte Drachenblut als R\u00e4uchersubstanz in Opferritualen, um die G\u00f6tter milde zu stimmen.<\/p>\n<p>Auch Schutzr\u00e4ucherungen mit Drachenblut reichen weit in der Zeit zur\u00fcck.<\/p>\n<p>Drachenblut eignet sich als Bindemittel oder Verst\u00e4rkungsmittel in R\u00e4uchermischungen zur Reinigung.<\/p>\n<p>Auch Kirchenweihrauch beinhaltet oft Drachenblut.<\/p>\n<p>Der Duft von Drachenblut ist dunkel und herb und erinnert an Gummi.<\/p>\n<p>Er soll st\u00e4rken und die Pers\u00f6nlichkeit und die Willenskraft anregen.<\/p>\n<p>Drachenblut l\u00e4sst sich gut mit anderen R\u00e4uchersubstanzen mischen, z. B. <strong>Nelke, Patchouli, Sandelholz, Zeder oder Weihrauch.<\/strong><\/p>\n<p>Duft: dunkel, herb, brenzlig, erinnert an Gummi<\/p>\n<p>Pflanzenfamilie: Arecaceae (Palmengew\u00e4chse)<\/p>\n<p>&nbsp;<\/p>\n<p>&nbsp;<\/p>\n","protected":false},"excerpt":{"rendered":"<p>Drachenblut &nbsp; &nbsp; &nbsp; &nbsp; Unimedica Drachenblut \"Sangre de Drago\" &nbsp; Harz des Drachenbaumes Croton Lechleri M\u00fcll.-Arg. aus Wildsammlung unbehandeltes Naturprodukt vegan 1 Fl\u00e4schli von 50 ml CHF 12.90 &nbsp; &nbsp; &nbsp; Drachenblut ist f\u00fcr vieles gut Drachenblut von Unimedica wird aus dem Baumharz des Drachenblutbaumes (Croton Lechleri M\u00fcll.-Arg.) gewonnen. Der Drachenblutbaum (auch Sangre de drago oder Sangre des Grado)&nbsp;<a href=\"https:\/\/bien-etreiris.ch\/de\/produktpraesentation\/gesundes-leben\/nahrungsergaenzungsmittel\/pflanzenheilkunde-gleichgewicht-durch-heilpflanzen\/kapseln-und-pulver-auf-pflanzlicher-basis\/drachenblut\/\" class=\"read-more\">Weiter lesen<\/a><\/p>\n","protected":false},"author":1,"featured_media":62490,"parent":60901,"menu_order":4301,"comment_status":"closed","ping_status":"closed","template":"page-with-child.php","meta":{"_acf_changed":false,"ngg_post_thumbnail":0,"footnotes":""},"class_list":["post-62494","page","type-page","status-publish","has-post-thumbnail","hentry"],"acf":[],"yoast_head":"<!-- This site is optimized with the Yoast SEO plugin v27.6 - https:\/\/yoast.com\/product\/yoast-seo-wordpress\/ -->\n<title>DRACHENBLUT - WOHLBEFINDEN<\/title>\n<meta name=\"robots\" content=\"index, follow, max-snippet:-1, max-image-preview:large, max-video-preview:-1\" \/>\n<link rel=\"canonical\" href=\"https:\/\/bien-etreiris.ch\/de\/produktpraesentation\/gesundes-leben\/nahrungsergaenzungsmittel\/pflanzenheilkunde-gleichgewicht-durch-heilpflanzen\/kapseln-und-pulver-auf-pflanzlicher-basis\/drachenblut\/\" \/>\n<meta property=\"og:locale\" content=\"de_DE\" \/>\n<meta property=\"og:type\" content=\"article\" \/>\n<meta property=\"og:title\" content=\"DRACHENBLUT - WOHLBEFINDEN\" \/>\n<meta property=\"og:description\" content=\"Drachenblut &nbsp; &nbsp; &nbsp; &nbsp; Unimedica Drachenblut &quot;Sangre de Drago&quot; &nbsp; Harz des Drachenbaumes Croton Lechleri M\u00fcll.-Arg. aus Wildsammlung unbehandeltes Naturprodukt vegan 1 Fl\u00e4schli von 50 ml CHF 12.90 &nbsp; &nbsp; &nbsp; Drachenblut ist f\u00fcr vieles gut Drachenblut von Unimedica wird aus dem Baumharz des Drachenblutbaumes (Croton Lechleri M\u00fcll.-Arg.) gewonnen. Der Drachenblutbaum (auch Sangre de drago oder Sangre des Grado)&nbsp;Weiter lesen\" \/>\n<meta property=\"og:url\" content=\"https:\/\/bien-etreiris.ch\/de\/produktpraesentation\/gesundes-leben\/nahrungsergaenzungsmittel\/pflanzenheilkunde-gleichgewicht-durch-heilpflanzen\/kapseln-und-pulver-auf-pflanzlicher-basis\/drachenblut\/\" \/>\n<meta property=\"og:site_name\" content=\"WOHLBEFINDEN\" \/>\n<meta property=\"article:publisher\" content=\"https:\/\/www.facebook.com\/bienetreiris\/\" \/>\n<meta property=\"article:modified_time\" content=\"2023-01-26T10:09:34+00:00\" \/>\n<meta property=\"og:image\" content=\"https:\/\/bien-etreiris.ch\/wp-content\/uploads\/2022\/12\/Acceuil-de-Sang-de-Dragon.jpg\" \/>\n\t<meta property=\"og:image:width\" content=\"500\" \/>\n\t<meta property=\"og:image:height\" content=\"333\" \/>\n\t<meta property=\"og:image:type\" content=\"image\/jpeg\" \/>\n<meta name=\"twitter:label1\" content=\"Gesch\u00e4tzte Lesezeit\" \/>\n\t<meta name=\"twitter:data1\" content=\"3\u00a0Minuten\" \/>\n<script type=\"application\/ld+json\" class=\"yoast-schema-graph\">{\"@context\":\"https:\\\/\\\/schema.org\",\"@graph\":[{\"@type\":\"WebPage\",\"@id\":\"https:\\\/\\\/bien-etreiris.ch\\\/de\\\/produktpraesentation\\\/gesundes-leben\\\/nahrungsergaenzungsmittel\\\/pflanzenheilkunde-gleichgewicht-durch-heilpflanzen\\\/kapseln-und-pulver-auf-pflanzlicher-basis\\\/drachenblut\\\/\",\"url\":\"https:\\\/\\\/bien-etreiris.ch\\\/de\\\/produktpraesentation\\\/gesundes-leben\\\/nahrungsergaenzungsmittel\\\/pflanzenheilkunde-gleichgewicht-durch-heilpflanzen\\\/kapseln-und-pulver-auf-pflanzlicher-basis\\\/drachenblut\\\/\",\"name\":\"DRACHENBLUT - WOHLBEFINDEN\",\"isPartOf\":{\"@id\":\"https:\\\/\\\/bien-etreiris.ch\\\/de\\\/#website\"},\"primaryImageOfPage\":{\"@id\":\"https:\\\/\\\/bien-etreiris.ch\\\/de\\\/produktpraesentation\\\/gesundes-leben\\\/nahrungsergaenzungsmittel\\\/pflanzenheilkunde-gleichgewicht-durch-heilpflanzen\\\/kapseln-und-pulver-auf-pflanzlicher-basis\\\/drachenblut\\\/#primaryimage\"},\"image\":{\"@id\":\"https:\\\/\\\/bien-etreiris.ch\\\/de\\\/produktpraesentation\\\/gesundes-leben\\\/nahrungsergaenzungsmittel\\\/pflanzenheilkunde-gleichgewicht-durch-heilpflanzen\\\/kapseln-und-pulver-auf-pflanzlicher-basis\\\/drachenblut\\\/#primaryimage\"},\"thumbnailUrl\":\"https:\\\/\\\/bien-etreiris.ch\\\/wp-content\\\/uploads\\\/2022\\\/12\\\/Acceuil-de-Sang-de-Dragon.jpg\",\"datePublished\":\"2022-12-10T19:18:24+00:00\",\"dateModified\":\"2023-01-26T10:09:34+00:00\",\"breadcrumb\":{\"@id\":\"https:\\\/\\\/bien-etreiris.ch\\\/de\\\/produktpraesentation\\\/gesundes-leben\\\/nahrungsergaenzungsmittel\\\/pflanzenheilkunde-gleichgewicht-durch-heilpflanzen\\\/kapseln-und-pulver-auf-pflanzlicher-basis\\\/drachenblut\\\/#breadcrumb\"},\"inLanguage\":\"de\",\"potentialAction\":[{\"@type\":\"ReadAction\",\"target\":[\"https:\\\/\\\/bien-etreiris.ch\\\/de\\\/produktpraesentation\\\/gesundes-leben\\\/nahrungsergaenzungsmittel\\\/pflanzenheilkunde-gleichgewicht-durch-heilpflanzen\\\/kapseln-und-pulver-auf-pflanzlicher-basis\\\/drachenblut\\\/\"]}]},{\"@type\":\"ImageObject\",\"inLanguage\":\"de\",\"@id\":\"https:\\\/\\\/bien-etreiris.ch\\\/de\\\/produktpraesentation\\\/gesundes-leben\\\/nahrungsergaenzungsmittel\\\/pflanzenheilkunde-gleichgewicht-durch-heilpflanzen\\\/kapseln-und-pulver-auf-pflanzlicher-basis\\\/drachenblut\\\/#primaryimage\",\"url\":\"https:\\\/\\\/bien-etreiris.ch\\\/wp-content\\\/uploads\\\/2022\\\/12\\\/Acceuil-de-Sang-de-Dragon.jpg\",\"contentUrl\":\"https:\\\/\\\/bien-etreiris.ch\\\/wp-content\\\/uploads\\\/2022\\\/12\\\/Acceuil-de-Sang-de-Dragon.jpg\",\"width\":500,\"height\":333},{\"@type\":\"BreadcrumbList\",\"@id\":\"https:\\\/\\\/bien-etreiris.ch\\\/de\\\/produktpraesentation\\\/gesundes-leben\\\/nahrungsergaenzungsmittel\\\/pflanzenheilkunde-gleichgewicht-durch-heilpflanzen\\\/kapseln-und-pulver-auf-pflanzlicher-basis\\\/drachenblut\\\/#breadcrumb\",\"itemListElement\":[{\"@type\":\"ListItem\",\"position\":1,\"name\":\"Home\",\"item\":\"https:\\\/\\\/bien-etreiris.ch\\\/de\\\/\"},{\"@type\":\"ListItem\",\"position\":2,\"name\":\"PRODUKTPR\u00c4SENTATION\",\"item\":\"https:\\\/\\\/bien-etreiris.ch\\\/de\\\/produktpraesentation\\\/\"},{\"@type\":\"ListItem\",\"position\":3,\"name\":\"GESUNDES LEBEN\",\"item\":\"https:\\\/\\\/bien-etreiris.ch\\\/de\\\/produktpraesentation\\\/gesundes-leben\\\/\"},{\"@type\":\"ListItem\",\"position\":4,\"name\":\"NAHRUNGSERG\u00c4NZUNG\",\"item\":\"https:\\\/\\\/bien-etreiris.ch\\\/de\\\/produktpraesentation\\\/gesundes-leben\\\/nahrungsergaenzungsmittel\\\/\"},{\"@type\":\"ListItem\",\"position\":5,\"name\":\"PFLANZENHEILKUNDE\",\"item\":\"https:\\\/\\\/bien-etreiris.ch\\\/de\\\/produktpraesentation\\\/gesundes-leben\\\/nahrungsergaenzungsmittel\\\/pflanzenheilkunde-gleichgewicht-durch-heilpflanzen\\\/\"},{\"@type\":\"ListItem\",\"position\":6,\"name\":\"KAPSELN &#038; PULVER\",\"item\":\"https:\\\/\\\/bien-etreiris.ch\\\/de\\\/produktpraesentation\\\/gesundes-leben\\\/nahrungsergaenzungsmittel\\\/pflanzenheilkunde-gleichgewicht-durch-heilpflanzen\\\/kapseln-und-pulver-auf-pflanzlicher-basis\\\/\"},{\"@type\":\"ListItem\",\"position\":7,\"name\":\"DRACHENBLUT\"}]},{\"@type\":\"WebSite\",\"@id\":\"https:\\\/\\\/bien-etreiris.ch\\\/de\\\/#website\",\"url\":\"https:\\\/\\\/bien-etreiris.ch\\\/de\\\/\",\"name\":\"Bien-\u00eatre Iris\",\"description\":\"IHRE Gesundheit ist uns wichtig\",\"potentialAction\":[{\"@type\":\"SearchAction\",\"target\":{\"@type\":\"EntryPoint\",\"urlTemplate\":\"https:\\\/\\\/bien-etreiris.ch\\\/de\\\/?s={search_term_string}\"},\"query-input\":{\"@type\":\"PropertyValueSpecification\",\"valueRequired\":true,\"valueName\":\"search_term_string\"}}],\"inLanguage\":\"de\"}]}<\/script>\n<!-- \/ Yoast SEO plugin. -->","yoast_head_json":{"title":"DRACHENBLUT - WOHLBEFINDEN","robots":{"index":"index","follow":"follow","max-snippet":"max-snippet:-1","max-image-preview":"max-image-preview:large","max-video-preview":"max-video-preview:-1"},"canonical":"https:\/\/bien-etreiris.ch\/de\/produktpraesentation\/gesundes-leben\/nahrungsergaenzungsmittel\/pflanzenheilkunde-gleichgewicht-durch-heilpflanzen\/kapseln-und-pulver-auf-pflanzlicher-basis\/drachenblut\/","og_locale":"de_DE","og_type":"article","og_title":"DRACHENBLUT - WOHLBEFINDEN","og_description":"Drachenblut &nbsp; &nbsp; &nbsp; &nbsp; Unimedica Drachenblut \"Sangre de Drago\" &nbsp; Harz des Drachenbaumes Croton Lechleri M\u00fcll.-Arg. aus Wildsammlung unbehandeltes Naturprodukt vegan 1 Fl\u00e4schli von 50 ml CHF 12.90 &nbsp; &nbsp; &nbsp; Drachenblut ist f\u00fcr vieles gut Drachenblut von Unimedica wird aus dem Baumharz des Drachenblutbaumes (Croton Lechleri M\u00fcll.-Arg.) gewonnen. Der Drachenblutbaum (auch Sangre de drago oder Sangre des Grado)&nbsp;Weiter lesen","og_url":"https:\/\/bien-etreiris.ch\/de\/produktpraesentation\/gesundes-leben\/nahrungsergaenzungsmittel\/pflanzenheilkunde-gleichgewicht-durch-heilpflanzen\/kapseln-und-pulver-auf-pflanzlicher-basis\/drachenblut\/","og_site_name":"WOHLBEFINDEN","article_publisher":"https:\/\/www.facebook.com\/bienetreiris\/","article_modified_time":"2023-01-26T10:09:34+00:00","og_image":[{"width":500,"height":333,"url":"https:\/\/bien-etreiris.ch\/wp-content\/uploads\/2022\/12\/Acceuil-de-Sang-de-Dragon.jpg","type":"image\/jpeg"}],"twitter_misc":{"Gesch\u00e4tzte Lesezeit":"3\u00a0Minuten"},"schema":{"@context":"https:\/\/schema.org","@graph":[{"@type":"WebPage","@id":"https:\/\/bien-etreiris.ch\/de\/produktpraesentation\/gesundes-leben\/nahrungsergaenzungsmittel\/pflanzenheilkunde-gleichgewicht-durch-heilpflanzen\/kapseln-und-pulver-auf-pflanzlicher-basis\/drachenblut\/","url":"https:\/\/bien-etreiris.ch\/de\/produktpraesentation\/gesundes-leben\/nahrungsergaenzungsmittel\/pflanzenheilkunde-gleichgewicht-durch-heilpflanzen\/kapseln-und-pulver-auf-pflanzlicher-basis\/drachenblut\/","name":"DRACHENBLUT - WOHLBEFINDEN","isPartOf":{"@id":"https:\/\/bien-etreiris.ch\/de\/#website"},"primaryImageOfPage":{"@id":"https:\/\/bien-etreiris.ch\/de\/produktpraesentation\/gesundes-leben\/nahrungsergaenzungsmittel\/pflanzenheilkunde-gleichgewicht-durch-heilpflanzen\/kapseln-und-pulver-auf-pflanzlicher-basis\/drachenblut\/#primaryimage"},"image":{"@id":"https:\/\/bien-etreiris.ch\/de\/produktpraesentation\/gesundes-leben\/nahrungsergaenzungsmittel\/pflanzenheilkunde-gleichgewicht-durch-heilpflanzen\/kapseln-und-pulver-auf-pflanzlicher-basis\/drachenblut\/#primaryimage"},"thumbnailUrl":"https:\/\/bien-etreiris.ch\/wp-content\/uploads\/2022\/12\/Acceuil-de-Sang-de-Dragon.jpg","datePublished":"2022-12-10T19:18:24+00:00","dateModified":"2023-01-26T10:09:34+00:00","breadcrumb":{"@id":"https:\/\/bien-etreiris.ch\/de\/produktpraesentation\/gesundes-leben\/nahrungsergaenzungsmittel\/pflanzenheilkunde-gleichgewicht-durch-heilpflanzen\/kapseln-und-pulver-auf-pflanzlicher-basis\/drachenblut\/#breadcrumb"},"inLanguage":"de","potentialAction":[{"@type":"ReadAction","target":["https:\/\/bien-etreiris.ch\/de\/produktpraesentation\/gesundes-leben\/nahrungsergaenzungsmittel\/pflanzenheilkunde-gleichgewicht-durch-heilpflanzen\/kapseln-und-pulver-auf-pflanzlicher-basis\/drachenblut\/"]}]},{"@type":"ImageObject","inLanguage":"de","@id":"https:\/\/bien-etreiris.ch\/de\/produktpraesentation\/gesundes-leben\/nahrungsergaenzungsmittel\/pflanzenheilkunde-gleichgewicht-durch-heilpflanzen\/kapseln-und-pulver-auf-pflanzlicher-basis\/drachenblut\/#primaryimage","url":"https:\/\/bien-etreiris.ch\/wp-content\/uploads\/2022\/12\/Acceuil-de-Sang-de-Dragon.jpg","contentUrl":"https:\/\/bien-etreiris.ch\/wp-content\/uploads\/2022\/12\/Acceuil-de-Sang-de-Dragon.jpg","width":500,"height":333},{"@type":"BreadcrumbList","@id":"https:\/\/bien-etreiris.ch\/de\/produktpraesentation\/gesundes-leben\/nahrungsergaenzungsmittel\/pflanzenheilkunde-gleichgewicht-durch-heilpflanzen\/kapseln-und-pulver-auf-pflanzlicher-basis\/drachenblut\/#breadcrumb","itemListElement":[{"@type":"ListItem","position":1,"name":"Home","item":"https:\/\/bien-etreiris.ch\/de\/"},{"@type":"ListItem","position":2,"name":"PRODUKTPR\u00c4SENTATION","item":"https:\/\/bien-etreiris.ch\/de\/produktpraesentation\/"},{"@type":"ListItem","position":3,"name":"GESUNDES LEBEN","item":"https:\/\/bien-etreiris.ch\/de\/produktpraesentation\/gesundes-leben\/"},{"@type":"ListItem","position":4,"name":"NAHRUNGSERG\u00c4NZUNG","item":"https:\/\/bien-etreiris.ch\/de\/produktpraesentation\/gesundes-leben\/nahrungsergaenzungsmittel\/"},{"@type":"ListItem","position":5,"name":"PFLANZENHEILKUNDE","item":"https:\/\/bien-etreiris.ch\/de\/produktpraesentation\/gesundes-leben\/nahrungsergaenzungsmittel\/pflanzenheilkunde-gleichgewicht-durch-heilpflanzen\/"},{"@type":"ListItem","position":6,"name":"KAPSELN &#038; PULVER","item":"https:\/\/bien-etreiris.ch\/de\/produktpraesentation\/gesundes-leben\/nahrungsergaenzungsmittel\/pflanzenheilkunde-gleichgewicht-durch-heilpflanzen\/kapseln-und-pulver-auf-pflanzlicher-basis\/"},{"@type":"ListItem","position":7,"name":"DRACHENBLUT"}]},{"@type":"WebSite","@id":"https:\/\/bien-etreiris.ch\/de\/#website","url":"https:\/\/bien-etreiris.ch\/de\/","name":"Bien-\u00eatre Iris","description":"IHRE Gesundheit ist uns wichtig","potentialAction":[{"@type":"SearchAction","target":{"@type":"EntryPoint","urlTemplate":"https:\/\/bien-etreiris.ch\/de\/?s={search_term_string}"},"query-input":{"@type":"PropertyValueSpecification","valueRequired":true,"valueName":"search_term_string"}}],"inLanguage":"de"}]}},"_links":{"self":[{"href":"https:\/\/bien-etreiris.ch\/de\/wp-json\/wp\/v2\/pages\/62494","targetHints":{"allow":["GET"]}}],"collection":[{"href":"https:\/\/bien-etreiris.ch\/de\/wp-json\/wp\/v2\/pages"}],"about":[{"href":"https:\/\/bien-etreiris.ch\/de\/wp-json\/wp\/v2\/types\/page"}],"author":[{"embeddable":true,"href":"https:\/\/bien-etreiris.ch\/de\/wp-json\/wp\/v2\/users\/1"}],"replies":[{"embeddable":true,"href":"https:\/\/bien-etreiris.ch\/de\/wp-json\/wp\/v2\/comments?post=62494"}],"version-history":[{"count":5,"href":"https:\/\/bien-etreiris.ch\/de\/wp-json\/wp\/v2\/pages\/62494\/revisions"}],"predecessor-version":[{"id":64957,"href":"https:\/\/bien-etreiris.ch\/de\/wp-json\/wp\/v2\/pages\/62494\/revisions\/64957"}],"up":[{"embeddable":true,"href":"https:\/\/bien-etreiris.ch\/de\/wp-json\/wp\/v2\/pages\/60901"}],"wp:featuredmedia":[{"embeddable":true,"href":"https:\/\/bien-etreiris.ch\/de\/wp-json\/wp\/v2\/media\/62490"}],"wp:attachment":[{"href":"https:\/\/bien-etreiris.ch\/de\/wp-json\/wp\/v2\/media?parent=62494"}],"curies":[{"name":"wp","href":"https:\/\/api.w.org\/{rel}","templated":true}]}}