{"id":61977,"date":"2022-12-04T12:34:02","date_gmt":"2022-12-04T10:34:02","guid":{"rendered":"https:\/\/bien-etreiris.ch\/produktpraesentation\/gesundes-leben\/nahrungsergaenzungsmittel\/pflanzenheilkunde-gleichgewicht-durch-heilpflanzen\/kraeutertee-und-tee\/kraeuter-und-pflanzen\/mate-feuilles\/"},"modified":"2024-09-25T11:40:24","modified_gmt":"2024-09-25T09:40:24","slug":"mate-feuilles","status":"publish","type":"page","link":"https:\/\/bien-etreiris.ch\/de\/produktpraesentation\/gesundes-leben\/nahrungsergaenzungsmittel\/pflanzenheilkunde-gleichgewicht-durch-heilpflanzen\/kraeuter-und-pflanzen\/mate-feuilles\/","title":{"rendered":"MATEBL\u00c4TTER"},"content":{"rendered":"\n<h2><strong>Gr\u00fcner Mate - Der Verb\u00fcndete f\u00fcr Tonus und Figur!<\/strong><\/h2>\n<p>Mate ist unter verschiedenen Bezeichnungen bekannt: \"Brasilianischer Tee\" oder auch \"Jesuitentee\". Er stammt von einer wilden Stechpalmenart, der Yerba Mate, die in S\u00fcdamerika geerntet wird. BIO-Mate wird traditionell als Teil einer Di\u00e4t konsumiert.<\/p>\n<p>Gr\u00fcner Mate BIO ist reich an Vitaminen, Chlorophyll und Spurenelementen. Er f\u00f6rdert ausserdem die Verdauung und die Blutzirkulation und ist ein hervorragender Verb\u00fcndeter im Kampf gegen M\u00fcdigkeit.<\/p>\n<p>&nbsp;<\/p>\n<p>&nbsp;<\/p>\n\n\n\n<p style=\"text-align: center;\"><a href=\"https:\/\/bien-etreiris.ch\/wp-content\/uploads\/2022\/12\/titre-Mate-feuilles.png\"><img loading=\"lazy\" decoding=\"async\" class=\"size-full wp-image-61968 alignleft\" src=\"https:\/\/bien-etreiris.ch\/wp-content\/uploads\/2022\/12\/titre-Mate-feuilles.png\" alt=\"\" width=\"350\" height=\"350\" srcset=\"https:\/\/bien-etreiris.ch\/wp-content\/uploads\/2022\/12\/titre-Mate-feuilles.png 350w, https:\/\/bien-etreiris.ch\/wp-content\/uploads\/2022\/12\/titre-Mate-feuilles-300x300.png 300w, https:\/\/bien-etreiris.ch\/wp-content\/uploads\/2022\/12\/titre-Mate-feuilles-150x150.png 150w\" sizes=\"auto, (max-width: 350px) 100vw, 350px\" \/><\/a><\/p>\n<p>&nbsp;<\/p>\n<div id=\"product-description-short-184\" class=\"product-short-description\">\n<p>&nbsp;<\/p>\n<p>Lateinischer Name : Ilex paraguariensis<br>Famille : Aquifoliac\u00e9es<br>Partie utilis\u00e9e : Bl\u00e4tter<\/p>\n<\/div>\n<p>N\u00b0 Article 11282 BIO<\/p>\n<p>Herkunft BR<\/p>\n<p>loser Verkauf von 5 g <strong>CHF 0.30 <\/strong><\/p>\n<p>Beutel mit 50 g <strong>4.00<\/strong><\/p>\n<p>&nbsp;<\/p>\n<div class=\"rte\">\n<h2><strong>&nbsp;<\/strong><\/h2>\n<p>&nbsp;<\/p>\n<h4>Traditionelle Tugenden des gr\u00fcnen Mate<\/h4>\n<p>Gr\u00fcner Mate wird auch brasilianischer Tee genannt und ist ein unger\u00f6steter Mate, der die Qualit\u00e4ten von Kaffee und Tee ohne deren Nachteile mit sich bringt. Mate wird in S\u00fcdamerika h\u00e4ufig als <strong>erfrischendes Tonikum<\/strong> getrunken <strong>und<\/strong> hat die F\u00e4higkeit, <strong>Fett zu verbrennen und Cellulite-P\u00f6lsterchen zu durchdringen, weshalb er bei Schlankheitsdi\u00e4ten von gro\u00dfem Interesse ist<\/strong>. Da er reich an Koffein ist, stimuliert er die<strong>Gehirnaktivit\u00e4t<\/strong> und hilft, <strong>M\u00fcdigkeit<\/strong> zu bek\u00e4mpfen.<\/p>\n<ul>\n<li>Diuretisch<\/li>\n<li>Stimulierend<\/li>\n<li>Fettverbrenner<\/li>\n<li>Anti-Zellulitis<\/li>\n<li>Antioxidans<\/li>\n<\/ul>\n<p>&nbsp;<\/p>\n<h4>Art der Anwendung und Zubereitung<\/h4>\n<h4>1 Teel\u00f6ffel pro Tasse, 2 Tassen t\u00e4glich nach den Mahlzeiten als Aufguss. Vermeiden Sie die Einnahme am Abend.<\/h4>\n<p>Aufguss: 250 ml Wasser (1 Tasse) bis zum K\u00f6cheln erhitzen, vom Herd nehmen und die erforderliche Menge der Pflanze hinzuf\u00fcgen. Das Gef\u00e4\u00df abdecken und 5 bis 10 Minuten ziehen lassen. Es kann mit Honig oder braunem Rohrzucker ges\u00fcsst werden.<\/p>\n<p>&nbsp;<\/p>\n<h4>Aktive Inhaltsstoffe<\/h4>\n<p>Chlorogens\u00e4uren, Saponoside, Koffein, Theobromin.<\/p>\n<p>&nbsp;<\/p>\n<h4>Beschreibung<\/h4>\n<ul>\n<li>Aus Paraguay stammender Strauch.<\/li>\n<li>Zahlreiche Zweige und \u00c4ste.<\/li>\n<li>Breite, ledrige Bl\u00e4tter, die dem Orangenbaum \u00e4hneln.<\/li>\n<li>Kleine weisse Bl\u00fcten an den Enden der Zweige.<\/li>\n<li>Rote Fr\u00fcchte in Form von kugelf\u00f6rmigen, fleischigen Steinfr\u00fcchten, die denen der Stechpalme \u00e4hneln.<\/li>\n<\/ul>\n<p>&nbsp;<\/p>\n<h4>Geschichte<\/h4>\n<p>Die indigenen V\u00f6lker Brasiliens und Paraguays trinken Mate seit den fr\u00fchesten Zeiten. Die erste Verwendung erfolgte durch das Kauen der Bl\u00e4tter ohne Zubereitung, der Aufguss erfolgte erst viel sp\u00e4ter. Mate wird aus einem gro\u00dfen Metallstrohhalm mit einem Filter am Ende, der Bombilla genannt wird, getrunken. Die Fl\u00fcssigkeit befindet sich in einer Kalebasse, die auf Quechua \u201emathi\u201c genannt wird, daher der Name der Pflanze.<\/p>\n<p><b>Mate<\/b> ist eine Pflanze, die aus<b>S\u00fcdamerika<\/b> stammt<b>.<\/b> Diese Kr\u00e4utertees werden in dieser Region der Erde h\u00e4ufig konsumiert. Dieses Getr\u00e4nk wird traditionell aus einer Kalebasse mit einer Filterpfeife getrunken. <b>Mate<\/b> wird aufgrund seiner <b>vielen damit verbundenen Eigenschaften<\/b> und seiner gesundheitlichen Vorteile h\u00e4ufig als <b>Heilpflanze<\/b> verwendet. Wussten Sie jedoch, dass es <b>verschiedene Arten von Yerba Mate<\/b> gibt <b>?<\/b> Es gibt den traditionellen Mate, aber auch eine <b>aromatisierte Version <\/b>oder <b>BIO-Mate.<\/b> Der <b>gr\u00fcne Mate<\/b> wird aufgrund seiner besonderen Farbe so genannt. Er wird oft mit gr\u00fcnem Tee verwechselt, aber die Bestandteile dieser beiden Produkte sind nicht die gleichen. Lassen Sie uns kurz auf die <strong>verschiedenen Mate-Varianten<\/strong> und die Irrt\u00fcmer eingehen, die man zwischen gr\u00fcnem Tee, Bio-Tee und Mate nicht machen sollte.<\/p>\n<p>&nbsp;<\/p>\n<h4><b>Unterschied zwischen Mate und gr\u00fcnem Mate: die Mate-Sorten.<\/b><\/h4>\n<p>Wenn man von diesem atypischen Getr\u00e4nk spricht, kann man von <b>Mate und gr\u00fcnem Mate<\/b> sprechen. Ihr Hauptunterschied besteht darin, wie sie aussehen und welche Farbe sie haben. Es gibt jedoch einige Unterscheidungen zwischen diesen Varianten. Der klassische Mate wird aus dem Blatt des Baumes gewonnen, der ihn produziert. Dieses wird zun\u00e4chst <b>getrocknet und zerkleinert, bevor es etwa ein Jahr lang reifen darf.<\/b> Yerba Mate ist ein <b>nat\u00fcrliches Stimulans<\/b>, das als Tonikum <b>f\u00fcr Ihren K\u00f6rper und Geist<\/b> wirkt. Tats\u00e4chlich wird Mate besonders als <b>Hilfe gegen k\u00f6rperliche M\u00fcdigkeit und geistige Ersch\u00f6pfung<\/b> empfohlen.<\/p>\n<p>Was den gr\u00fcnen und gesunden Mate betrifft, so bek\u00e4mpft dieser <b>Herz-Kreislauf-Erkrankungen<\/b> und <b>Bluthochdruck.<\/b> Er ist ausserdem eine reiche Quelle an Mineralien. Dieser Schlankheitsverb\u00fcndete wirkt als Diuretikum und sorgt f\u00fcr eine gute Ausscheidung von Giftstoffen. <b>Aromatisierter Mate<\/b> wurde entwickelt, um dem manchmal bitteren Geschmack dieses Getr\u00e4nks entgegenzuwirken. Mittlerweile gibt es auch Mate mit einem<b> angenehmen Geschmack<\/b>, z. B. mit roten Fr\u00fcchten, Minze, Zitrone oder Zitrusfr\u00fcchten. Schlie\u00dflich k\u00f6nnen Sie auch <b>Bio-Mate<\/b> finden <b>.<\/b> Dieser zeichnet sich vor allem dadurch aus, dass <b>er<\/b> aus <b>handverlesenen Matebl\u00e4ttern aus biologischem Anbau stammt.<\/b><\/p>\n<p>&nbsp;<\/p>\n<h4><b>Mate und gr\u00fcner Mate, was ist das?<\/b><\/h4>\n<p>Was ist gr\u00fcner Mate? Mate stammt aus S\u00fcdamerika, d. h. aus Uruguay, Paraguay, Argentinien und Teilen Brasiliens. Das <b>als Mate bezeichnete Getr\u00e4nk<\/b> wird aus einem Blatt und einem Baum gewonnen. Der gr\u00fcne Mate, der wegen seiner charakteristischen Farbe so genannt wird <b>, besteht aus Koffein und Polyphenolen.<\/b> Sie k\u00f6nnen ihn wie eine Tasse Tee trinken. Gr\u00fcner Mate ist <b>reich an Vitamin B, Antioxidantien, Kalium und Eisen und <\/b>enth\u00e4lt keine Kalorien. <b>Brasilianischer gr\u00fcner Mate<\/b> ist ein Detox-Getr\u00e4nk, das h\u00e4ufig im Rahmen einer Di\u00e4t verwendet wird, da es die Verdauung f\u00f6rdert und ein nicht zu untersch\u00e4tzender <b>Schlankheitshelfer <\/b>ist.<\/p>\n<p>&nbsp;<\/p>\n<h4><b>Gr\u00fcner Mate und gr\u00fcner Tee, die Unterscheidungsmerkmale, um sie nicht zu verwechseln<\/b><\/h4>\n<p><b>Gr\u00fcner Tee und gr\u00fcner Mate<\/b> sind zwei Getr\u00e4nke, die einige Gemeinsamkeiten aufweisen, aber nicht verwechselt werden sollten. Zun\u00e4chst einmal haben <b>Mate und Tee<\/b> nicht dieselbe Herkunft. Tee wird aus der \u201eCamellia Sinensis\u201c gewonnen, w\u00e4hrend Mate von einem Blattbaum aus der Familie der Stechpalmen stammt. <b>Das Blatt des Matebaums ist reich an Matein<\/b>, einem Molek\u00fcl, das dem Tein und dem Koffein \u00e4hnelt. Allerdings ist in den beiden Getr\u00e4nken nicht die gleiche Dosis <b>Koffein <\/b>enthalten. Tats\u00e4chlich <b>ist die Konzentration im Mate h\u00f6her als im Tee.<\/b> Was den Geschmack betrifft, so bietet Tee je nach Farbe und Herkunftsregion eine vielf\u00e4ltigere Palette an Angeboten. Der<b> Geschmack von Mate<\/b> \u00e4hnelt eher einem Kr\u00e4utertee mit einem leicht bitteren Geschmack. Mate und Gr\u00fcn sind zwei <b>nat\u00fcrliche Heilmittel<\/b>, die f\u00fcr Ihren Stuhlgang und Ihr Verdauungssystem n\u00fctzlich sind. Abschlie\u00dfend sei noch erw\u00e4hnt, dass die Zubereitung von gr\u00fcnem Mate und gr\u00fcnem Tee unterschiedlich ist. In den meisten F\u00e4llen<b> wird der Tee aufgebr\u00fcht <\/b>, w\u00e4hrend <b>der Mate aus einer Kalebasse getrunken und direkt durch die Bombilla<\/b>, ein Metallrohr, <b>gefiltert wird<\/b>.<\/p>\n<\/div>\n<p>&nbsp;<\/p>\n","protected":false},"excerpt":{"rendered":"<p>Gr\u00fcner Mate - Der Verb\u00fcndete f\u00fcr Tonus und Figur! Mate ist unter verschiedenen Bezeichnungen bekannt: \"Brasilianischer Tee\" oder auch \"Jesuitentee\". Er stammt von einer wilden Stechpalmenart, der Yerba Mate, die in S\u00fcdamerika geerntet wird. BIO-Mate wird traditionell als Teil einer Di\u00e4t konsumiert. Gr\u00fcner Mate BIO ist reich an Vitaminen, Chlorophyll und Spurenelementen. Er f\u00f6rdert ausserdem die Verdauung und die Blutzirkulation&nbsp;<a href=\"https:\/\/bien-etreiris.ch\/de\/produktpraesentation\/gesundes-leben\/nahrungsergaenzungsmittel\/pflanzenheilkunde-gleichgewicht-durch-heilpflanzen\/kraeuter-und-pflanzen\/mate-feuilles\/\" class=\"read-more\">Weiter lesen<\/a><\/p>\n","protected":false},"author":1,"featured_media":61973,"parent":30677,"menu_order":4323,"comment_status":"closed","ping_status":"closed","template":"page-with-child.php","meta":{"_acf_changed":false,"ngg_post_thumbnail":0,"footnotes":""},"class_list":["post-61977","page","type-page","status-publish","has-post-thumbnail","hentry"],"acf":[],"yoast_head":"<!-- This site is optimized with the Yoast SEO plugin v27.6 - https:\/\/yoast.com\/product\/yoast-seo-wordpress\/ -->\n<title>MATEBL\u00c4TTER - WOHLBEFINDEN<\/title>\n<meta name=\"robots\" content=\"index, follow, max-snippet:-1, max-image-preview:large, max-video-preview:-1\" \/>\n<link rel=\"canonical\" href=\"https:\/\/bien-etreiris.ch\/de\/produktpraesentation\/gesundes-leben\/nahrungsergaenzungsmittel\/pflanzenheilkunde-gleichgewicht-durch-heilpflanzen\/kraeuter-und-pflanzen\/mate-feuilles\/\" \/>\n<meta property=\"og:locale\" content=\"de_DE\" \/>\n<meta property=\"og:type\" content=\"article\" \/>\n<meta property=\"og:title\" content=\"MATEBL\u00c4TTER - WOHLBEFINDEN\" \/>\n<meta property=\"og:description\" content=\"Gr\u00fcner Mate - Der Verb\u00fcndete f\u00fcr Tonus und Figur! Mate ist unter verschiedenen Bezeichnungen bekannt: &quot;Brasilianischer Tee&quot; oder auch &quot;Jesuitentee&quot;. Er stammt von einer wilden Stechpalmenart, der Yerba Mate, die in S\u00fcdamerika geerntet wird. BIO-Mate wird traditionell als Teil einer Di\u00e4t konsumiert. Gr\u00fcner Mate BIO ist reich an Vitaminen, Chlorophyll und Spurenelementen. Er f\u00f6rdert ausserdem die Verdauung und die Blutzirkulation&nbsp;Weiter lesen\" \/>\n<meta property=\"og:url\" content=\"https:\/\/bien-etreiris.ch\/de\/produktpraesentation\/gesundes-leben\/nahrungsergaenzungsmittel\/pflanzenheilkunde-gleichgewicht-durch-heilpflanzen\/kraeuter-und-pflanzen\/mate-feuilles\/\" \/>\n<meta property=\"og:site_name\" content=\"WOHLBEFINDEN\" \/>\n<meta property=\"article:publisher\" content=\"https:\/\/www.facebook.com\/bienetreiris\/\" \/>\n<meta property=\"article:modified_time\" content=\"2024-09-25T09:40:24+00:00\" \/>\n<meta property=\"og:image\" content=\"https:\/\/bien-etreiris.ch\/wp-content\/uploads\/2022\/12\/acceuil-mate-feuilles.png\" \/>\n\t<meta property=\"og:image:width\" content=\"370\" \/>\n\t<meta property=\"og:image:height\" content=\"226\" \/>\n\t<meta property=\"og:image:type\" content=\"image\/png\" \/>\n<meta name=\"twitter:label1\" content=\"Gesch\u00e4tzte Lesezeit\" \/>\n\t<meta name=\"twitter:data1\" content=\"7\u00a0Minuten\" \/>\n<script type=\"application\/ld+json\" class=\"yoast-schema-graph\">{\"@context\":\"https:\\\/\\\/schema.org\",\"@graph\":[{\"@type\":\"WebPage\",\"@id\":\"https:\\\/\\\/bien-etreiris.ch\\\/de\\\/produktpraesentation\\\/gesundes-leben\\\/nahrungsergaenzungsmittel\\\/pflanzenheilkunde-gleichgewicht-durch-heilpflanzen\\\/kraeuter-und-pflanzen\\\/mate-feuilles\\\/\",\"url\":\"https:\\\/\\\/bien-etreiris.ch\\\/de\\\/produktpraesentation\\\/gesundes-leben\\\/nahrungsergaenzungsmittel\\\/pflanzenheilkunde-gleichgewicht-durch-heilpflanzen\\\/kraeuter-und-pflanzen\\\/mate-feuilles\\\/\",\"name\":\"MATEBL\u00c4TTER - WOHLBEFINDEN\",\"isPartOf\":{\"@id\":\"https:\\\/\\\/bien-etreiris.ch\\\/de\\\/#website\"},\"primaryImageOfPage\":{\"@id\":\"https:\\\/\\\/bien-etreiris.ch\\\/de\\\/produktpraesentation\\\/gesundes-leben\\\/nahrungsergaenzungsmittel\\\/pflanzenheilkunde-gleichgewicht-durch-heilpflanzen\\\/kraeuter-und-pflanzen\\\/mate-feuilles\\\/#primaryimage\"},\"image\":{\"@id\":\"https:\\\/\\\/bien-etreiris.ch\\\/de\\\/produktpraesentation\\\/gesundes-leben\\\/nahrungsergaenzungsmittel\\\/pflanzenheilkunde-gleichgewicht-durch-heilpflanzen\\\/kraeuter-und-pflanzen\\\/mate-feuilles\\\/#primaryimage\"},\"thumbnailUrl\":\"https:\\\/\\\/bien-etreiris.ch\\\/wp-content\\\/uploads\\\/2022\\\/12\\\/acceuil-mate-feuilles.png\",\"datePublished\":\"2022-12-04T10:34:02+00:00\",\"dateModified\":\"2024-09-25T09:40:24+00:00\",\"breadcrumb\":{\"@id\":\"https:\\\/\\\/bien-etreiris.ch\\\/de\\\/produktpraesentation\\\/gesundes-leben\\\/nahrungsergaenzungsmittel\\\/pflanzenheilkunde-gleichgewicht-durch-heilpflanzen\\\/kraeuter-und-pflanzen\\\/mate-feuilles\\\/#breadcrumb\"},\"inLanguage\":\"de\",\"potentialAction\":[{\"@type\":\"ReadAction\",\"target\":[\"https:\\\/\\\/bien-etreiris.ch\\\/de\\\/produktpraesentation\\\/gesundes-leben\\\/nahrungsergaenzungsmittel\\\/pflanzenheilkunde-gleichgewicht-durch-heilpflanzen\\\/kraeuter-und-pflanzen\\\/mate-feuilles\\\/\"]}]},{\"@type\":\"ImageObject\",\"inLanguage\":\"de\",\"@id\":\"https:\\\/\\\/bien-etreiris.ch\\\/de\\\/produktpraesentation\\\/gesundes-leben\\\/nahrungsergaenzungsmittel\\\/pflanzenheilkunde-gleichgewicht-durch-heilpflanzen\\\/kraeuter-und-pflanzen\\\/mate-feuilles\\\/#primaryimage\",\"url\":\"https:\\\/\\\/bien-etreiris.ch\\\/wp-content\\\/uploads\\\/2022\\\/12\\\/acceuil-mate-feuilles.png\",\"contentUrl\":\"https:\\\/\\\/bien-etreiris.ch\\\/wp-content\\\/uploads\\\/2022\\\/12\\\/acceuil-mate-feuilles.png\",\"width\":370,\"height\":226},{\"@type\":\"BreadcrumbList\",\"@id\":\"https:\\\/\\\/bien-etreiris.ch\\\/de\\\/produktpraesentation\\\/gesundes-leben\\\/nahrungsergaenzungsmittel\\\/pflanzenheilkunde-gleichgewicht-durch-heilpflanzen\\\/kraeuter-und-pflanzen\\\/mate-feuilles\\\/#breadcrumb\",\"itemListElement\":[{\"@type\":\"ListItem\",\"position\":1,\"name\":\"Home\",\"item\":\"https:\\\/\\\/bien-etreiris.ch\\\/de\\\/\"},{\"@type\":\"ListItem\",\"position\":2,\"name\":\"PRODUKTPR\u00c4SENTATION\",\"item\":\"https:\\\/\\\/bien-etreiris.ch\\\/de\\\/produktpraesentation\\\/\"},{\"@type\":\"ListItem\",\"position\":3,\"name\":\"GESUNDES LEBEN\",\"item\":\"https:\\\/\\\/bien-etreiris.ch\\\/de\\\/produktpraesentation\\\/gesundes-leben\\\/\"},{\"@type\":\"ListItem\",\"position\":4,\"name\":\"NAHRUNGSERG\u00c4NZUNG\",\"item\":\"https:\\\/\\\/bien-etreiris.ch\\\/de\\\/produktpraesentation\\\/gesundes-leben\\\/nahrungsergaenzungsmittel\\\/\"},{\"@type\":\"ListItem\",\"position\":5,\"name\":\"PFLANZENHEILKUNDE\",\"item\":\"https:\\\/\\\/bien-etreiris.ch\\\/de\\\/produktpraesentation\\\/gesundes-leben\\\/nahrungsergaenzungsmittel\\\/pflanzenheilkunde-gleichgewicht-durch-heilpflanzen\\\/\"},{\"@type\":\"ListItem\",\"position\":6,\"name\":\"KR\u00c4UTER &#038; PFLANZEN\",\"item\":\"https:\\\/\\\/bien-etreiris.ch\\\/de\\\/produktpraesentation\\\/gesundes-leben\\\/nahrungsergaenzungsmittel\\\/pflanzenheilkunde-gleichgewicht-durch-heilpflanzen\\\/kraeuter-und-pflanzen\\\/\"},{\"@type\":\"ListItem\",\"position\":7,\"name\":\"MATEBL\u00c4TTER\"}]},{\"@type\":\"WebSite\",\"@id\":\"https:\\\/\\\/bien-etreiris.ch\\\/de\\\/#website\",\"url\":\"https:\\\/\\\/bien-etreiris.ch\\\/de\\\/\",\"name\":\"Bien-\u00eatre Iris\",\"description\":\"IHRE Gesundheit ist uns wichtig\",\"potentialAction\":[{\"@type\":\"SearchAction\",\"target\":{\"@type\":\"EntryPoint\",\"urlTemplate\":\"https:\\\/\\\/bien-etreiris.ch\\\/de\\\/?s={search_term_string}\"},\"query-input\":{\"@type\":\"PropertyValueSpecification\",\"valueRequired\":true,\"valueName\":\"search_term_string\"}}],\"inLanguage\":\"de\"}]}<\/script>\n<!-- \/ Yoast SEO plugin. -->","yoast_head_json":{"title":"MATEBL\u00c4TTER - WOHLBEFINDEN","robots":{"index":"index","follow":"follow","max-snippet":"max-snippet:-1","max-image-preview":"max-image-preview:large","max-video-preview":"max-video-preview:-1"},"canonical":"https:\/\/bien-etreiris.ch\/de\/produktpraesentation\/gesundes-leben\/nahrungsergaenzungsmittel\/pflanzenheilkunde-gleichgewicht-durch-heilpflanzen\/kraeuter-und-pflanzen\/mate-feuilles\/","og_locale":"de_DE","og_type":"article","og_title":"MATEBL\u00c4TTER - WOHLBEFINDEN","og_description":"Gr\u00fcner Mate - Der Verb\u00fcndete f\u00fcr Tonus und Figur! Mate ist unter verschiedenen Bezeichnungen bekannt: \"Brasilianischer Tee\" oder auch \"Jesuitentee\". Er stammt von einer wilden Stechpalmenart, der Yerba Mate, die in S\u00fcdamerika geerntet wird. BIO-Mate wird traditionell als Teil einer Di\u00e4t konsumiert. Gr\u00fcner Mate BIO ist reich an Vitaminen, Chlorophyll und Spurenelementen. Er f\u00f6rdert ausserdem die Verdauung und die Blutzirkulation&nbsp;Weiter lesen","og_url":"https:\/\/bien-etreiris.ch\/de\/produktpraesentation\/gesundes-leben\/nahrungsergaenzungsmittel\/pflanzenheilkunde-gleichgewicht-durch-heilpflanzen\/kraeuter-und-pflanzen\/mate-feuilles\/","og_site_name":"WOHLBEFINDEN","article_publisher":"https:\/\/www.facebook.com\/bienetreiris\/","article_modified_time":"2024-09-25T09:40:24+00:00","og_image":[{"width":370,"height":226,"url":"https:\/\/bien-etreiris.ch\/wp-content\/uploads\/2022\/12\/acceuil-mate-feuilles.png","type":"image\/png"}],"twitter_misc":{"Gesch\u00e4tzte Lesezeit":"7\u00a0Minuten"},"schema":{"@context":"https:\/\/schema.org","@graph":[{"@type":"WebPage","@id":"https:\/\/bien-etreiris.ch\/de\/produktpraesentation\/gesundes-leben\/nahrungsergaenzungsmittel\/pflanzenheilkunde-gleichgewicht-durch-heilpflanzen\/kraeuter-und-pflanzen\/mate-feuilles\/","url":"https:\/\/bien-etreiris.ch\/de\/produktpraesentation\/gesundes-leben\/nahrungsergaenzungsmittel\/pflanzenheilkunde-gleichgewicht-durch-heilpflanzen\/kraeuter-und-pflanzen\/mate-feuilles\/","name":"MATEBL\u00c4TTER - WOHLBEFINDEN","isPartOf":{"@id":"https:\/\/bien-etreiris.ch\/de\/#website"},"primaryImageOfPage":{"@id":"https:\/\/bien-etreiris.ch\/de\/produktpraesentation\/gesundes-leben\/nahrungsergaenzungsmittel\/pflanzenheilkunde-gleichgewicht-durch-heilpflanzen\/kraeuter-und-pflanzen\/mate-feuilles\/#primaryimage"},"image":{"@id":"https:\/\/bien-etreiris.ch\/de\/produktpraesentation\/gesundes-leben\/nahrungsergaenzungsmittel\/pflanzenheilkunde-gleichgewicht-durch-heilpflanzen\/kraeuter-und-pflanzen\/mate-feuilles\/#primaryimage"},"thumbnailUrl":"https:\/\/bien-etreiris.ch\/wp-content\/uploads\/2022\/12\/acceuil-mate-feuilles.png","datePublished":"2022-12-04T10:34:02+00:00","dateModified":"2024-09-25T09:40:24+00:00","breadcrumb":{"@id":"https:\/\/bien-etreiris.ch\/de\/produktpraesentation\/gesundes-leben\/nahrungsergaenzungsmittel\/pflanzenheilkunde-gleichgewicht-durch-heilpflanzen\/kraeuter-und-pflanzen\/mate-feuilles\/#breadcrumb"},"inLanguage":"de","potentialAction":[{"@type":"ReadAction","target":["https:\/\/bien-etreiris.ch\/de\/produktpraesentation\/gesundes-leben\/nahrungsergaenzungsmittel\/pflanzenheilkunde-gleichgewicht-durch-heilpflanzen\/kraeuter-und-pflanzen\/mate-feuilles\/"]}]},{"@type":"ImageObject","inLanguage":"de","@id":"https:\/\/bien-etreiris.ch\/de\/produktpraesentation\/gesundes-leben\/nahrungsergaenzungsmittel\/pflanzenheilkunde-gleichgewicht-durch-heilpflanzen\/kraeuter-und-pflanzen\/mate-feuilles\/#primaryimage","url":"https:\/\/bien-etreiris.ch\/wp-content\/uploads\/2022\/12\/acceuil-mate-feuilles.png","contentUrl":"https:\/\/bien-etreiris.ch\/wp-content\/uploads\/2022\/12\/acceuil-mate-feuilles.png","width":370,"height":226},{"@type":"BreadcrumbList","@id":"https:\/\/bien-etreiris.ch\/de\/produktpraesentation\/gesundes-leben\/nahrungsergaenzungsmittel\/pflanzenheilkunde-gleichgewicht-durch-heilpflanzen\/kraeuter-und-pflanzen\/mate-feuilles\/#breadcrumb","itemListElement":[{"@type":"ListItem","position":1,"name":"Home","item":"https:\/\/bien-etreiris.ch\/de\/"},{"@type":"ListItem","position":2,"name":"PRODUKTPR\u00c4SENTATION","item":"https:\/\/bien-etreiris.ch\/de\/produktpraesentation\/"},{"@type":"ListItem","position":3,"name":"GESUNDES LEBEN","item":"https:\/\/bien-etreiris.ch\/de\/produktpraesentation\/gesundes-leben\/"},{"@type":"ListItem","position":4,"name":"NAHRUNGSERG\u00c4NZUNG","item":"https:\/\/bien-etreiris.ch\/de\/produktpraesentation\/gesundes-leben\/nahrungsergaenzungsmittel\/"},{"@type":"ListItem","position":5,"name":"PFLANZENHEILKUNDE","item":"https:\/\/bien-etreiris.ch\/de\/produktpraesentation\/gesundes-leben\/nahrungsergaenzungsmittel\/pflanzenheilkunde-gleichgewicht-durch-heilpflanzen\/"},{"@type":"ListItem","position":6,"name":"KR\u00c4UTER &#038; PFLANZEN","item":"https:\/\/bien-etreiris.ch\/de\/produktpraesentation\/gesundes-leben\/nahrungsergaenzungsmittel\/pflanzenheilkunde-gleichgewicht-durch-heilpflanzen\/kraeuter-und-pflanzen\/"},{"@type":"ListItem","position":7,"name":"MATEBL\u00c4TTER"}]},{"@type":"WebSite","@id":"https:\/\/bien-etreiris.ch\/de\/#website","url":"https:\/\/bien-etreiris.ch\/de\/","name":"Bien-\u00eatre Iris","description":"IHRE Gesundheit ist uns wichtig","potentialAction":[{"@type":"SearchAction","target":{"@type":"EntryPoint","urlTemplate":"https:\/\/bien-etreiris.ch\/de\/?s={search_term_string}"},"query-input":{"@type":"PropertyValueSpecification","valueRequired":true,"valueName":"search_term_string"}}],"inLanguage":"de"}]}},"_links":{"self":[{"href":"https:\/\/bien-etreiris.ch\/de\/wp-json\/wp\/v2\/pages\/61977","targetHints":{"allow":["GET"]}}],"collection":[{"href":"https:\/\/bien-etreiris.ch\/de\/wp-json\/wp\/v2\/pages"}],"about":[{"href":"https:\/\/bien-etreiris.ch\/de\/wp-json\/wp\/v2\/types\/page"}],"author":[{"embeddable":true,"href":"https:\/\/bien-etreiris.ch\/de\/wp-json\/wp\/v2\/users\/1"}],"replies":[{"embeddable":true,"href":"https:\/\/bien-etreiris.ch\/de\/wp-json\/wp\/v2\/comments?post=61977"}],"version-history":[{"count":5,"href":"https:\/\/bien-etreiris.ch\/de\/wp-json\/wp\/v2\/pages\/61977\/revisions"}],"predecessor-version":[{"id":89657,"href":"https:\/\/bien-etreiris.ch\/de\/wp-json\/wp\/v2\/pages\/61977\/revisions\/89657"}],"up":[{"embeddable":true,"href":"https:\/\/bien-etreiris.ch\/de\/wp-json\/wp\/v2\/pages\/30677"}],"wp:featuredmedia":[{"embeddable":true,"href":"https:\/\/bien-etreiris.ch\/de\/wp-json\/wp\/v2\/media\/61973"}],"wp:attachment":[{"href":"https:\/\/bien-etreiris.ch\/de\/wp-json\/wp\/v2\/media?parent=61977"}],"curies":[{"name":"wp","href":"https:\/\/api.w.org\/{rel}","templated":true}]}}