{"id":61721,"date":"2022-11-26T15:14:36","date_gmt":"2022-11-26T13:14:36","guid":{"rendered":"https:\/\/bien-etreiris.ch\/produktpraesentation\/gesundes-leben\/elektrosmog\/neutraliser-lelectrosmog\/"},"modified":"2024-10-09T10:12:15","modified_gmt":"2024-10-09T08:12:15","slug":"energie-cellulaire","status":"publish","type":"page","link":"https:\/\/bien-etreiris.ch\/de\/ratgeber-klarheit-beratung\/gesunder-lebensstil\/theme-ektrobiologie\/energie-cellulaire\/","title":{"rendered":"ENERGIE CELLULAIRE"},"content":{"rendered":"\n<h2>Energie cellulaire<\/h2>\n<h2>Toute vie na\u00eet de la fr\u00e9quence et de la vibration !<\/h2>\n<h4>Fr\u00e9quence de la vie<\/h4>\n<p>Depuis plus de cinq milliards d'ann\u00e9es, la vie appara\u00eet sur la Terre. Le c\u0153ur est un symbole de vie - c'est \u00e0 son rythme que le sang pulse dans nos veines et alimente notre corps. D\u00e9clench\u00e9 par la premi\u00e8re impulsion, il se met \u00e0 battre dans une oscillation continue. Une fr\u00e9quence est cr\u00e9\u00e9e.<\/p>\n<p>&nbsp;<\/p>\n<h4>La fr\u00e9quence en physique<\/h4>\n<p>La fr\u00e9quence est synonyme de fr\u00e9quence et est utilis\u00e9e comme unit\u00e9 de mesure en physique. Elle indique la vitesse \u00e0 laquelle les r\u00e9p\u00e9titions se succ\u00e8dent dans un processus, par exemple dans le cas d'une vibration continue. L'unit\u00e9 de fr\u00e9quence est le hertz (Hz). L'oscillation g\u00e9n\u00e8re des fr\u00e9quences.<\/p>\n<h4><span style=\"color: #99cc00;\">Le corps humain communique \u00e9galement par le biais de fr\u00e9quences. Certaines d'entre elles sont perceptibles par nos organes sensoriels, comme la lumi\u00e8re ou le son, d'autres sont per\u00e7ues par le corps sans que nous en soyons conscients.<\/span><\/h4>\n<p>&nbsp;<\/p>\n<h4>8 Hertz Fr\u00e9quence de la Terre<\/h4>\n<p>Dans la nature, tous les \u00eatres vivants, y compris notre corps, sont entour\u00e9s de diff\u00e9rentes fr\u00e9quences. Par exemple le champ magn\u00e9tique terrestre ou les champs \u00e9lectriques et magn\u00e9tiques. Certaines fr\u00e9quences sont consid\u00e9r\u00e9es comme b\u00e9n\u00e9fiques pour le corps, comme par exemple la fr\u00e9quence de 8 hertz de la terre.<\/p>\n<p><img loading=\"lazy\" decoding=\"async\" class=\"alignnone  wp-image-90799\" src=\"https:\/\/bien-etreiris.ch\/wp-content\/uploads\/2024\/10\/8-Hz.jpg\" alt=\"\" width=\"623\" height=\"312\" srcset=\"https:\/\/bien-etreiris.ch\/wp-content\/uploads\/2024\/10\/8-Hz.jpg 1000w, https:\/\/bien-etreiris.ch\/wp-content\/uploads\/2024\/10\/8-Hz-300x150.jpg 300w, https:\/\/bien-etreiris.ch\/wp-content\/uploads\/2024\/10\/8-Hz-768x384.jpg 768w, https:\/\/bien-etreiris.ch\/wp-content\/uploads\/2024\/10\/8-Hz-100x50.jpg 100w\" sizes=\"auto, (max-width: 623px) 100vw, 623px\" \/><\/p>\n<p>La fr\u00e9quence de 8 hertz de la Terre (plus pr\u00e9cis\u00e9ment 7,83 Hz) a \u00e9t\u00e9 d\u00e9couverte par Winfried Otto Schumann et est \u00e9galement appel\u00e9e r\u00e9sonance de Schumann. Elle d\u00e9signe le ph\u00e9nom\u00e8ne selon lequel les ondes \u00e9lectromagn\u00e9tiques de certaines fr\u00e9quences forment des ondes stationnaires le long de la circonf\u00e9rence de la Terre.<\/p>\n<p>Il s'agit d'un champ \u00e9lectromagn\u00e9tique naturel de basse fr\u00e9quence. Il se forme parce que la Terre est un guide d'ondes sph\u00e9rique : l'ionosph\u00e8re et la surface de la Terre sont toutes deux des surfaces conductrices entre lesquelles des ondes stationnaires peuvent se former. La fr\u00e9quence fondamentale (7,83 Hz) r\u00e9sulte de la vitesse de propagation des champs \u00e9lectromagn\u00e9tiques (= vitesse de la lumi\u00e8re) et de la circonf\u00e9rence de la Terre.<\/p>\n<p>&nbsp;<\/p>\n<p><img loading=\"lazy\" decoding=\"async\" class=\"alignnone size-full wp-image-90806\" src=\"https:\/\/bien-etreiris.ch\/wp-content\/uploads\/2024\/10\/8-Hz-frequence-1.jpg\" alt=\"\" width=\"1175\" height=\"677\" srcset=\"https:\/\/bien-etreiris.ch\/wp-content\/uploads\/2024\/10\/8-Hz-frequence-1.jpg 1175w, https:\/\/bien-etreiris.ch\/wp-content\/uploads\/2024\/10\/8-Hz-frequence-1-300x173.jpg 300w, https:\/\/bien-etreiris.ch\/wp-content\/uploads\/2024\/10\/8-Hz-frequence-1-1024x590.jpg 1024w, https:\/\/bien-etreiris.ch\/wp-content\/uploads\/2024\/10\/8-Hz-frequence-1-768x442.jpg 768w\" sizes=\"auto, (max-width: 1175px) 100vw, 1175px\" \/><\/p>\n<h4>&nbsp;<\/h4>\n<h4>La fr\u00e9quence de 8 hertz et l'activit\u00e9 c\u00e9r\u00e9brale<\/h4>\n<p>Cette fr\u00e9quence particuli\u00e8re se r\u00e9f\u00e8re \u00e0 la r\u00e9sonance \u00e9lectromagn\u00e9tique entre la surface de la Terre et l'ionosph\u00e8re, qui est g\u00e9n\u00e9r\u00e9e par les d\u00e9charges \u00e9lectriques permanentes des \u00e9clairs dans l'atmosph\u00e8re.<\/p>\n<p>Il s'av\u00e8re que la fr\u00e9quence de 8 hertz a tr\u00e8s probablement une relation particuli\u00e8re avec les organismes biologiques (y compris les humains). On suppose que cette fr\u00e9quence est en r\u00e9sonance avec l'activit\u00e9 \u00e9lectrique de notre cerveau. \u00c0 l'instar d'un doux son de fond, cette fr\u00e9quence pourrait influencer notre \u00e9quilibre int\u00e9rieur et notre bien-\u00eatre.<\/p>\n<h4>&nbsp;<\/h4>\n<h4>Syndrome de carence en champ magn\u00e9tique<\/h4>\n<p>Le magn\u00e9tisme fait partie de l'environnement naturel de l'homme. Le syndrome de carence en champ magn\u00e9tique (MFDS) est un terme technique qui d\u00e9crit une influence limit\u00e9e du champ g\u00e9omagn\u00e9tique. <br><br>D\u00e8s 1975, le Dr Kyoichi Nakagawa a d\u00e9clar\u00e9 que les personnes souvent prot\u00e9g\u00e9es du champ magn\u00e9tique naturel (par des mat\u00e9riaux de construction modernes comme le fer et le b\u00e9ton ou par des moyens de transport comme les voitures et les transports en commun) souffriraient en r\u00e9alit\u00e9 du syndrome de d\u00e9ficience du champ magn\u00e9tique (en anglais magnetic-field-deficiency-syndrom : MFDS). <br><br>Il a suppos\u00e9 que l'\u00e9nergie vitale naturelle \u00e9tait ainsi retir\u00e9e et qu'il pouvait en r\u00e9sulter un stress pour le corps et l'esprit.<br><br><\/p>\n<h4>L'organisme humain<\/h4>\n<p>L'\u00eatre humain, consid\u00e9r\u00e9 comme un organisme, fonctionne parfaitement lorsque chaque cellule occupe sa place et est consciente de sa t\u00e2che. L'\u00e9change d'informations joue ici un r\u00f4le essentiel. Par r\u00e9cepteur, on entend des cellules ou des composants cellulaires qui r\u00e9agissent \u00e0 certains stimuli et transmettent des signaux.<\/p>\n<p>Une cellule de la peau, par exemple, a la possibilit\u00e9 de transmettre des informations de l'ext\u00e9rieur vers l'int\u00e9rieur via notre syst\u00e8me nerveux central et de d\u00e9clencher ainsi certaines r\u00e9actions physiques, mais aussi \u00e9motionnelles.<\/p>\n<h4><img loading=\"lazy\" decoding=\"async\" class=\"alignnone  wp-image-90809\" src=\"https:\/\/bien-etreiris.ch\/wp-content\/uploads\/2024\/10\/Lorganisme.jpg\" alt=\"\" width=\"703\" height=\"469\" srcset=\"https:\/\/bien-etreiris.ch\/wp-content\/uploads\/2024\/10\/Lorganisme.jpg 1030w, https:\/\/bien-etreiris.ch\/wp-content\/uploads\/2024\/10\/Lorganisme-300x200.jpg 300w, https:\/\/bien-etreiris.ch\/wp-content\/uploads\/2024\/10\/Lorganisme-1024x683.jpg 1024w, https:\/\/bien-etreiris.ch\/wp-content\/uploads\/2024\/10\/Lorganisme-768x512.jpg 768w\" sizes=\"auto, (max-width: 703px) 100vw, 703px\" \/><\/h4>\n<p>&nbsp;<\/p>\n<p>&nbsp;<\/p>\n<p><a href=\"https:\/\/bien-etreiris.ch\/wp-content\/uploads\/2022\/11\/separation.jpg\"><img loading=\"lazy\" decoding=\"async\" class=\"wp-image-61701 aligncenter\" src=\"https:\/\/bien-etreiris.ch\/wp-content\/uploads\/2022\/11\/separation.jpg\" alt=\"\" width=\"350\" height=\"35\" srcset=\"https:\/\/bien-etreiris.ch\/wp-content\/uploads\/2022\/11\/separation.jpg 480w, https:\/\/bien-etreiris.ch\/wp-content\/uploads\/2022\/11\/separation-300x30.jpg 300w\" sizes=\"auto, (max-width: 350px) 100vw, 350px\" \/><\/a><\/p>\n<h2 style=\"text-align: center;\">\"La fr\u00e9quence cellulaire d\u00e9termine ta vie ;<br>leur r\u00e9sonance est directement responsable de ton corps\".<\/h2>\n<p><a href=\"https:\/\/bien-etreiris.ch\/wp-content\/uploads\/2022\/11\/separation.jpg\"><img loading=\"lazy\" decoding=\"async\" class=\"wp-image-61701 aligncenter\" src=\"https:\/\/bien-etreiris.ch\/wp-content\/uploads\/2022\/11\/separation.jpg\" alt=\"\" width=\"370\" height=\"37\" srcset=\"https:\/\/bien-etreiris.ch\/wp-content\/uploads\/2022\/11\/separation.jpg 480w, https:\/\/bien-etreiris.ch\/wp-content\/uploads\/2022\/11\/separation-300x30.jpg 300w\" sizes=\"auto, (max-width: 370px) 100vw, 370px\" \/><\/a><\/p>\n\n\n\n<p>&nbsp;<\/p>\n<h4>Neutraliser l'\u00e9lectrosmog et les rayonnements terrestres<\/h4>\n<table style=\"border-collapse: collapse; width: 97.1429%;\">\n<tbody>\n<tr>\n<td style=\"width: 49.4048%;\">\n<h2><span style=\"color: #33cccc;\">Comment fonctionne les convertisseur?<\/span><\/h2>\n<p>Les champs perturbateurs des appareils \u00e9lectriques, des \u00e9metteurs et des consommateurs de toutes sortes sont lus, les fr\u00e9quences perturbatrices (E-smog) sont d\u00e9termin\u00e9es et neutralis\u00e9es par interf\u00e9rence destructive. Ce ne sont pas les ondes mesurables \u00e9lectriquement qui sont corrig\u00e9es, mais les informations de ces ondes porteuses. Le m\u00e9ta-convertisseur est un instrument tr\u00e8s complexe. Gr\u00e2ce \u00e0 sa conception (figures g\u00e9om\u00e9triques) et \u00e0 ses composants (min\u00e9raux de forme micropyramidale ainsi que magn\u00e9tite rechargeable), le i-like convertisseur agit comme un \"miroir de champ de r\u00e9sonance\". Le i-like Convertisseur renvoie au corps les fr\u00e9quences incidentes de l'\u00eatre humain (biophotons), amplifi\u00e9es de 6 \u00e0 8 fois. Toutes les informations n\u00e9cessaires pour \u00eatre, \u00eatre et rester en bonne sant\u00e9 sont stock\u00e9es dans les cellules de l'\u00eatre humain. Gr\u00e2ce \u00e0 la \"r\u00e9ponse du miroir de champ g\u00e9n\u00e9r\u00e9\", les cellules re\u00e7oivent les fr\u00e9quences leur permettant de se r\u00e9g\u00e9n\u00e9rer et de renforcer ainsi leur vitalit\u00e9.<\/p>\n<p>&nbsp;<\/p>\n<p>Avec plus de deux d\u00e9cennies de d\u00e9veloppement et d'exp\u00e9rience quotidienne, i-like est comp\u00e9tent dans la transmission de fr\u00e9quences pour corriger les influences n\u00e9gatives. En collaboration avec des universit\u00e9s et plusieurs milliers de sp\u00e9cialistes de diff\u00e9rentes disciplines, un fonds de connaissances pour l'avenir a \u00e9t\u00e9 r\u00e9alis\u00e9.<\/p>\n<p>&nbsp;<\/p>\n<p>&nbsp;<\/p>\n<p>&nbsp;<\/p>\n<p>&nbsp;<\/p>\n<p>&nbsp;<\/p>\n<p>&nbsp;<\/p>\n<p>&nbsp;<\/p>\n<p>&nbsp;<\/p>\n<p>&nbsp;<\/p>\n<p>&nbsp;<\/p>\n<p>&nbsp;<\/p>\n<p>&nbsp;<\/p>\n<p>&nbsp;<\/p>\n<p>&nbsp;<\/p>\n<p>&nbsp;<\/p>\n<p>&nbsp;<\/p>\n<\/td>\n<td style=\"width: 47.7381%;\">\n<p>&nbsp;<\/p>\n<p>&nbsp;<\/p>\n<p>&nbsp;<\/p>\n<p>&nbsp;<\/p>\n<p>&nbsp;<\/p>\n<p><strong><span style=\"color: #33cccc;\">Les m\u00e9ta-convertisseurs s'ins\u00e8rent partout dans notre quotidien pour les situations les plus diverses :<\/span><\/strong><\/p>\n<p>&nbsp;<\/p>\n<ul style=\"list-style-type: disc;\">\n<li>Adultes et enfants&nbsp;<\/li>\n<li>Appareils \u00e9lectroniques de toutes sortes (t\u00e9l\u00e9phone portable, wifi, ordinateur, \u2026)&nbsp;<\/li>\n<li>V\u00e9hicules de toutes sortes (voiture, bus, train, \u2026)&nbsp;<\/li>\n<li>Installations photovolta\u00efques<\/li>\n<li>Aliments de toutes sortes&nbsp;<\/li>\n<li>Eau et boissons&nbsp;<\/li>\n<li>Compl\u00e9ments alimentaires&nbsp;<\/li>\n<li>Chevaux et animaux de compagnie&nbsp;<\/li>\n<li>Cosm\u00e9tiques et plus<\/li>\n<\/ul>\n<p><a href=\"https:\/\/bien-etreiris.ch\/wp-content\/uploads\/2022\/11\/animal-converter.jpg\"><img loading=\"lazy\" decoding=\"async\" class=\"alignnone size-full wp-image-61704\" src=\"https:\/\/bien-etreiris.ch\/wp-content\/uploads\/2022\/11\/animal-converter.jpg\" alt=\"\" width=\"500\" height=\"500\" srcset=\"https:\/\/bien-etreiris.ch\/wp-content\/uploads\/2022\/11\/animal-converter.jpg 500w, https:\/\/bien-etreiris.ch\/wp-content\/uploads\/2022\/11\/animal-converter-300x300.jpg 300w, https:\/\/bien-etreiris.ch\/wp-content\/uploads\/2022\/11\/animal-converter-150x150.jpg 150w\" sizes=\"auto, (max-width: 500px) 100vw, 500px\" \/><\/a><\/p>\n<p>&nbsp;<\/p>\n<p>&nbsp;<\/p>\n<\/td>\n<\/tr>\n<\/tbody>\n<\/table>\n","protected":false},"excerpt":{"rendered":"<p>Energie cellulaire Toute vie na\u00eet de la fr\u00e9quence et de la vibration ! Fr\u00e9quence de la vie Depuis plus de cinq milliards d'ann\u00e9es, la vie appara\u00eet sur la Terre. Le c\u0153ur est un symbole de vie - c'est \u00e0 son rythme que le sang pulse dans nos veines et alimente notre corps. D\u00e9clench\u00e9 par la premi\u00e8re impulsion, il se met&nbsp;<a href=\"https:\/\/bien-etreiris.ch\/de\/ratgeber-klarheit-beratung\/gesunder-lebensstil\/theme-ektrobiologie\/energie-cellulaire\/\" class=\"read-more\">Weiter lesen<\/a><\/p>\n","protected":false},"author":1,"featured_media":90784,"parent":47569,"menu_order":4333,"comment_status":"closed","ping_status":"closed","template":"page-with-child.php","meta":{"_acf_changed":false,"ngg_post_thumbnail":0,"footnotes":""},"class_list":["post-61721","page","type-page","status-publish","has-post-thumbnail","hentry"],"acf":[],"yoast_head":"<!-- This site is optimized with the Yoast SEO plugin v27.4 - https:\/\/yoast.com\/product\/yoast-seo-wordpress\/ -->\n<title>ENERGIE CELLULAIRE - WOHLBEFINDEN<\/title>\n<meta name=\"robots\" content=\"index, follow, max-snippet:-1, max-image-preview:large, max-video-preview:-1\" \/>\n<link rel=\"canonical\" href=\"https:\/\/bien-etreiris.ch\/de\/ratgeber-klarheit-beratung\/gesunder-lebensstil\/theme-ektrobiologie\/energie-cellulaire\/\" \/>\n<meta property=\"og:locale\" content=\"de_DE\" \/>\n<meta property=\"og:type\" content=\"article\" \/>\n<meta property=\"og:title\" content=\"ENERGIE CELLULAIRE - WOHLBEFINDEN\" \/>\n<meta property=\"og:description\" content=\"Energie cellulaire Toute vie na\u00eet de la fr\u00e9quence et de la vibration ! Fr\u00e9quence de la vie Depuis plus de cinq milliards d&#039;ann\u00e9es, la vie appara\u00eet sur la Terre. Le c\u0153ur est un symbole de vie - c&#039;est \u00e0 son rythme que le sang pulse dans nos veines et alimente notre corps. D\u00e9clench\u00e9 par la premi\u00e8re impulsion, il se met&nbsp;Weiter lesen\" \/>\n<meta property=\"og:url\" content=\"https:\/\/bien-etreiris.ch\/de\/ratgeber-klarheit-beratung\/gesunder-lebensstil\/theme-ektrobiologie\/energie-cellulaire\/\" \/>\n<meta property=\"og:site_name\" content=\"WOHLBEFINDEN\" \/>\n<meta property=\"article:publisher\" content=\"https:\/\/www.facebook.com\/bienetreiris\/\" \/>\n<meta property=\"article:modified_time\" content=\"2024-10-09T08:12:15+00:00\" \/>\n<meta property=\"og:image\" content=\"https:\/\/bien-etreiris.ch\/wp-content\/uploads\/2024\/10\/energie-cellulaire.jpg\" \/>\n\t<meta property=\"og:image:width\" content=\"500\" \/>\n\t<meta property=\"og:image:height\" content=\"333\" \/>\n\t<meta property=\"og:image:type\" content=\"image\/jpeg\" \/>\n<meta name=\"twitter:label1\" content=\"Gesch\u00e4tzte Lesezeit\" \/>\n\t<meta name=\"twitter:data1\" content=\"6\u00a0Minuten\" \/>\n<script type=\"application\/ld+json\" class=\"yoast-schema-graph\">{\"@context\":\"https:\\\/\\\/schema.org\",\"@graph\":[{\"@type\":\"WebPage\",\"@id\":\"https:\\\/\\\/bien-etreiris.ch\\\/de\\\/ratgeber-klarheit-beratung\\\/gesunder-lebensstil\\\/theme-ektrobiologie\\\/energie-cellulaire\\\/\",\"url\":\"https:\\\/\\\/bien-etreiris.ch\\\/de\\\/ratgeber-klarheit-beratung\\\/gesunder-lebensstil\\\/theme-ektrobiologie\\\/energie-cellulaire\\\/\",\"name\":\"ENERGIE CELLULAIRE - WOHLBEFINDEN\",\"isPartOf\":{\"@id\":\"https:\\\/\\\/bien-etreiris.ch\\\/de\\\/#website\"},\"primaryImageOfPage\":{\"@id\":\"https:\\\/\\\/bien-etreiris.ch\\\/de\\\/ratgeber-klarheit-beratung\\\/gesunder-lebensstil\\\/theme-ektrobiologie\\\/energie-cellulaire\\\/#primaryimage\"},\"image\":{\"@id\":\"https:\\\/\\\/bien-etreiris.ch\\\/de\\\/ratgeber-klarheit-beratung\\\/gesunder-lebensstil\\\/theme-ektrobiologie\\\/energie-cellulaire\\\/#primaryimage\"},\"thumbnailUrl\":\"https:\\\/\\\/bien-etreiris.ch\\\/wp-content\\\/uploads\\\/2024\\\/10\\\/energie-cellulaire.jpg\",\"datePublished\":\"2022-11-26T13:14:36+00:00\",\"dateModified\":\"2024-10-09T08:12:15+00:00\",\"breadcrumb\":{\"@id\":\"https:\\\/\\\/bien-etreiris.ch\\\/de\\\/ratgeber-klarheit-beratung\\\/gesunder-lebensstil\\\/theme-ektrobiologie\\\/energie-cellulaire\\\/#breadcrumb\"},\"inLanguage\":\"de\",\"potentialAction\":[{\"@type\":\"ReadAction\",\"target\":[\"https:\\\/\\\/bien-etreiris.ch\\\/de\\\/ratgeber-klarheit-beratung\\\/gesunder-lebensstil\\\/theme-ektrobiologie\\\/energie-cellulaire\\\/\"]}]},{\"@type\":\"ImageObject\",\"inLanguage\":\"de\",\"@id\":\"https:\\\/\\\/bien-etreiris.ch\\\/de\\\/ratgeber-klarheit-beratung\\\/gesunder-lebensstil\\\/theme-ektrobiologie\\\/energie-cellulaire\\\/#primaryimage\",\"url\":\"https:\\\/\\\/bien-etreiris.ch\\\/wp-content\\\/uploads\\\/2024\\\/10\\\/energie-cellulaire.jpg\",\"contentUrl\":\"https:\\\/\\\/bien-etreiris.ch\\\/wp-content\\\/uploads\\\/2024\\\/10\\\/energie-cellulaire.jpg\",\"width\":500,\"height\":333},{\"@type\":\"BreadcrumbList\",\"@id\":\"https:\\\/\\\/bien-etreiris.ch\\\/de\\\/ratgeber-klarheit-beratung\\\/gesunder-lebensstil\\\/theme-ektrobiologie\\\/energie-cellulaire\\\/#breadcrumb\",\"itemListElement\":[{\"@type\":\"ListItem\",\"position\":1,\"name\":\"Home\",\"item\":\"https:\\\/\\\/bien-etreiris.ch\\\/de\\\/\"},{\"@type\":\"ListItem\",\"position\":2,\"name\":\"RATGEBER &#038; KLARHEIT\",\"item\":\"https:\\\/\\\/bien-etreiris.ch\\\/de\\\/ratgeber-klarheit-beratung\\\/\"},{\"@type\":\"ListItem\",\"position\":3,\"name\":\"GESUNDER LEBENSSTIL\",\"item\":\"https:\\\/\\\/bien-etreiris.ch\\\/de\\\/ratgeber-klarheit-beratung\\\/gesunder-lebensstil\\\/\"},{\"@type\":\"ListItem\",\"position\":4,\"name\":\"ELEKTROBIOLOGIE\",\"item\":\"https:\\\/\\\/bien-etreiris.ch\\\/de\\\/ratgeber-klarheit-beratung\\\/gesunder-lebensstil\\\/theme-ektrobiologie\\\/\"},{\"@type\":\"ListItem\",\"position\":5,\"name\":\"ENERGIE CELLULAIRE\"}]},{\"@type\":\"WebSite\",\"@id\":\"https:\\\/\\\/bien-etreiris.ch\\\/de\\\/#website\",\"url\":\"https:\\\/\\\/bien-etreiris.ch\\\/de\\\/\",\"name\":\"Bien-\u00eatre Iris\",\"description\":\"IHRE Gesundheit ist uns wichtig\",\"potentialAction\":[{\"@type\":\"SearchAction\",\"target\":{\"@type\":\"EntryPoint\",\"urlTemplate\":\"https:\\\/\\\/bien-etreiris.ch\\\/de\\\/?s={search_term_string}\"},\"query-input\":{\"@type\":\"PropertyValueSpecification\",\"valueRequired\":true,\"valueName\":\"search_term_string\"}}],\"inLanguage\":\"de\"}]}<\/script>\n<!-- \/ Yoast SEO plugin. -->","yoast_head_json":{"title":"ENERGIE CELLULAIRE - WOHLBEFINDEN","robots":{"index":"index","follow":"follow","max-snippet":"max-snippet:-1","max-image-preview":"max-image-preview:large","max-video-preview":"max-video-preview:-1"},"canonical":"https:\/\/bien-etreiris.ch\/de\/ratgeber-klarheit-beratung\/gesunder-lebensstil\/theme-ektrobiologie\/energie-cellulaire\/","og_locale":"de_DE","og_type":"article","og_title":"ENERGIE CELLULAIRE - WOHLBEFINDEN","og_description":"Energie cellulaire Toute vie na\u00eet de la fr\u00e9quence et de la vibration ! Fr\u00e9quence de la vie Depuis plus de cinq milliards d'ann\u00e9es, la vie appara\u00eet sur la Terre. Le c\u0153ur est un symbole de vie - c'est \u00e0 son rythme que le sang pulse dans nos veines et alimente notre corps. D\u00e9clench\u00e9 par la premi\u00e8re impulsion, il se met&nbsp;Weiter lesen","og_url":"https:\/\/bien-etreiris.ch\/de\/ratgeber-klarheit-beratung\/gesunder-lebensstil\/theme-ektrobiologie\/energie-cellulaire\/","og_site_name":"WOHLBEFINDEN","article_publisher":"https:\/\/www.facebook.com\/bienetreiris\/","article_modified_time":"2024-10-09T08:12:15+00:00","og_image":[{"width":500,"height":333,"url":"https:\/\/bien-etreiris.ch\/wp-content\/uploads\/2024\/10\/energie-cellulaire.jpg","type":"image\/jpeg"}],"twitter_misc":{"Gesch\u00e4tzte Lesezeit":"6\u00a0Minuten"},"schema":{"@context":"https:\/\/schema.org","@graph":[{"@type":"WebPage","@id":"https:\/\/bien-etreiris.ch\/de\/ratgeber-klarheit-beratung\/gesunder-lebensstil\/theme-ektrobiologie\/energie-cellulaire\/","url":"https:\/\/bien-etreiris.ch\/de\/ratgeber-klarheit-beratung\/gesunder-lebensstil\/theme-ektrobiologie\/energie-cellulaire\/","name":"ENERGIE CELLULAIRE - WOHLBEFINDEN","isPartOf":{"@id":"https:\/\/bien-etreiris.ch\/de\/#website"},"primaryImageOfPage":{"@id":"https:\/\/bien-etreiris.ch\/de\/ratgeber-klarheit-beratung\/gesunder-lebensstil\/theme-ektrobiologie\/energie-cellulaire\/#primaryimage"},"image":{"@id":"https:\/\/bien-etreiris.ch\/de\/ratgeber-klarheit-beratung\/gesunder-lebensstil\/theme-ektrobiologie\/energie-cellulaire\/#primaryimage"},"thumbnailUrl":"https:\/\/bien-etreiris.ch\/wp-content\/uploads\/2024\/10\/energie-cellulaire.jpg","datePublished":"2022-11-26T13:14:36+00:00","dateModified":"2024-10-09T08:12:15+00:00","breadcrumb":{"@id":"https:\/\/bien-etreiris.ch\/de\/ratgeber-klarheit-beratung\/gesunder-lebensstil\/theme-ektrobiologie\/energie-cellulaire\/#breadcrumb"},"inLanguage":"de","potentialAction":[{"@type":"ReadAction","target":["https:\/\/bien-etreiris.ch\/de\/ratgeber-klarheit-beratung\/gesunder-lebensstil\/theme-ektrobiologie\/energie-cellulaire\/"]}]},{"@type":"ImageObject","inLanguage":"de","@id":"https:\/\/bien-etreiris.ch\/de\/ratgeber-klarheit-beratung\/gesunder-lebensstil\/theme-ektrobiologie\/energie-cellulaire\/#primaryimage","url":"https:\/\/bien-etreiris.ch\/wp-content\/uploads\/2024\/10\/energie-cellulaire.jpg","contentUrl":"https:\/\/bien-etreiris.ch\/wp-content\/uploads\/2024\/10\/energie-cellulaire.jpg","width":500,"height":333},{"@type":"BreadcrumbList","@id":"https:\/\/bien-etreiris.ch\/de\/ratgeber-klarheit-beratung\/gesunder-lebensstil\/theme-ektrobiologie\/energie-cellulaire\/#breadcrumb","itemListElement":[{"@type":"ListItem","position":1,"name":"Home","item":"https:\/\/bien-etreiris.ch\/de\/"},{"@type":"ListItem","position":2,"name":"RATGEBER &#038; KLARHEIT","item":"https:\/\/bien-etreiris.ch\/de\/ratgeber-klarheit-beratung\/"},{"@type":"ListItem","position":3,"name":"GESUNDER LEBENSSTIL","item":"https:\/\/bien-etreiris.ch\/de\/ratgeber-klarheit-beratung\/gesunder-lebensstil\/"},{"@type":"ListItem","position":4,"name":"ELEKTROBIOLOGIE","item":"https:\/\/bien-etreiris.ch\/de\/ratgeber-klarheit-beratung\/gesunder-lebensstil\/theme-ektrobiologie\/"},{"@type":"ListItem","position":5,"name":"ENERGIE CELLULAIRE"}]},{"@type":"WebSite","@id":"https:\/\/bien-etreiris.ch\/de\/#website","url":"https:\/\/bien-etreiris.ch\/de\/","name":"Bien-\u00eatre Iris","description":"IHRE Gesundheit ist uns wichtig","potentialAction":[{"@type":"SearchAction","target":{"@type":"EntryPoint","urlTemplate":"https:\/\/bien-etreiris.ch\/de\/?s={search_term_string}"},"query-input":{"@type":"PropertyValueSpecification","valueRequired":true,"valueName":"search_term_string"}}],"inLanguage":"de"}]}},"_links":{"self":[{"href":"https:\/\/bien-etreiris.ch\/de\/wp-json\/wp\/v2\/pages\/61721","targetHints":{"allow":["GET"]}}],"collection":[{"href":"https:\/\/bien-etreiris.ch\/de\/wp-json\/wp\/v2\/pages"}],"about":[{"href":"https:\/\/bien-etreiris.ch\/de\/wp-json\/wp\/v2\/types\/page"}],"author":[{"embeddable":true,"href":"https:\/\/bien-etreiris.ch\/de\/wp-json\/wp\/v2\/users\/1"}],"replies":[{"embeddable":true,"href":"https:\/\/bien-etreiris.ch\/de\/wp-json\/wp\/v2\/comments?post=61721"}],"version-history":[{"count":10,"href":"https:\/\/bien-etreiris.ch\/de\/wp-json\/wp\/v2\/pages\/61721\/revisions"}],"predecessor-version":[{"id":90818,"href":"https:\/\/bien-etreiris.ch\/de\/wp-json\/wp\/v2\/pages\/61721\/revisions\/90818"}],"up":[{"embeddable":true,"href":"https:\/\/bien-etreiris.ch\/de\/wp-json\/wp\/v2\/pages\/47569"}],"wp:featuredmedia":[{"embeddable":true,"href":"https:\/\/bien-etreiris.ch\/de\/wp-json\/wp\/v2\/media\/90784"}],"wp:attachment":[{"href":"https:\/\/bien-etreiris.ch\/de\/wp-json\/wp\/v2\/media?parent=61721"}],"curies":[{"name":"wp","href":"https:\/\/api.w.org\/{rel}","templated":true}]}}