{"id":61426,"date":"2022-10-30T18:22:56","date_gmt":"2022-10-30T16:22:56","guid":{"rendered":"https:\/\/bien-etreiris.ch\/?page_id=61426"},"modified":"2022-10-30T18:32:30","modified_gmt":"2022-10-30T16:32:30","slug":"detox-maske","status":"publish","type":"page","link":"https:\/\/bien-etreiris.ch\/de\/produktpraesentation\/aromatherapie\/selbst-herstellen\/rezepte\/haare\/detox-maske\/","title":{"rendered":"DETOX-MASKE"},"content":{"rendered":"\n<h2>Rezept f\u00fcr eine Detox-Maske<\/h2>\n<h4><br>Zutaten (Mengenangaben f\u00fcr mittellanges Haar(2) <\/h4>\n<p>(2) als Richtwert<\/p>\n<p>75 gr wei\u00dfes Tonerdepulver<br>75 gr Rhassoul-Pulver<br>3 Essl\u00f6ffel Macadamia\u00f6l<br>Ca. 200 ml temperiertes Wasser<\/p>\n<h4><br>Vorgehensweise<\/h4>\n<p>Tonerde und Rhassoul mit Macadamia\u00f6l mischen und dann das temperierte Wasser nach und nach hinzuf\u00fcgen, bis eine relativ dicke Paste entsteht.<br>Str\u00e4hne f\u00fcr Str\u00e4hne auf das Haar auftragen.<br>In die Kopfhaut einmassieren.<br>20 Min. unter einer Plastikfolie einwirken lassen<\/p>\n<p>Gr\u00fcndlich aussp\u00fclen, bis alle R\u00fcckst\u00e4nde entfernt sind.<\/p>\n","protected":false},"excerpt":{"rendered":"<p>Rezept f\u00fcr eine Detox-Maske Zutaten (Mengenangaben f\u00fcr mittellanges Haar(2) (2) als Richtwert 75 gr wei\u00dfes Tonerdepulver75 gr Rhassoul-Pulver3 Essl\u00f6ffel Macadamia\u00f6lCa. 200 ml temperiertes Wasser Vorgehensweise Tonerde und Rhassoul mit Macadamia\u00f6l mischen und dann das temperierte Wasser nach und nach hinzuf\u00fcgen, bis eine relativ dicke Paste entsteht.Str\u00e4hne f\u00fcr Str\u00e4hne auf das Haar auftragen.In die Kopfhaut einmassieren.20 Min. unter einer Plastikfolie einwirken&nbsp;<a href=\"https:\/\/bien-etreiris.ch\/de\/produktpraesentation\/aromatherapie\/selbst-herstellen\/rezepte\/haare\/detox-maske\/\" class=\"read-more\">Weiter lesen<\/a><\/p>\n","protected":false},"author":1,"featured_media":61424,"parent":58412,"menu_order":4363,"comment_status":"closed","ping_status":"closed","template":"","meta":{"_acf_changed":false,"ngg_post_thumbnail":0,"footnotes":""},"class_list":["post-61426","page","type-page","status-publish","has-post-thumbnail","hentry"],"acf":[],"yoast_head":"<!-- This site is optimized with the Yoast SEO plugin v27.6 - https:\/\/yoast.com\/product\/yoast-seo-wordpress\/ -->\n<title>DETOX-MASKE - WOHLBEFINDEN<\/title>\n<meta name=\"robots\" content=\"index, follow, max-snippet:-1, max-image-preview:large, max-video-preview:-1\" \/>\n<link rel=\"canonical\" href=\"https:\/\/bien-etreiris.ch\/de\/produktpraesentation\/aromatherapie\/selbst-herstellen\/rezepte\/haare\/detox-maske\/\" \/>\n<meta property=\"og:locale\" content=\"de_DE\" \/>\n<meta property=\"og:type\" content=\"article\" \/>\n<meta property=\"og:title\" content=\"DETOX-MASKE - WOHLBEFINDEN\" \/>\n<meta property=\"og:description\" content=\"Rezept f\u00fcr eine Detox-Maske Zutaten (Mengenangaben f\u00fcr mittellanges Haar(2) (2) als Richtwert 75 gr wei\u00dfes Tonerdepulver75 gr Rhassoul-Pulver3 Essl\u00f6ffel Macadamia\u00f6lCa. 200 ml temperiertes Wasser Vorgehensweise Tonerde und Rhassoul mit Macadamia\u00f6l mischen und dann das temperierte Wasser nach und nach hinzuf\u00fcgen, bis eine relativ dicke Paste entsteht.Str\u00e4hne f\u00fcr Str\u00e4hne auf das Haar auftragen.In die Kopfhaut einmassieren.20 Min. unter einer Plastikfolie einwirken&nbsp;Weiter lesen\" \/>\n<meta property=\"og:url\" content=\"https:\/\/bien-etreiris.ch\/de\/produktpraesentation\/aromatherapie\/selbst-herstellen\/rezepte\/haare\/detox-maske\/\" \/>\n<meta property=\"og:site_name\" content=\"WOHLBEFINDEN\" \/>\n<meta property=\"article:publisher\" content=\"https:\/\/www.facebook.com\/bienetreiris\/\" \/>\n<meta property=\"article:modified_time\" content=\"2022-10-30T16:32:30+00:00\" \/>\n<meta property=\"og:image\" content=\"https:\/\/bien-etreiris.ch\/wp-content\/uploads\/2022\/10\/acceuil-detox-masque.jpg\" \/>\n\t<meta property=\"og:image:width\" content=\"500\" \/>\n\t<meta property=\"og:image:height\" content=\"333\" \/>\n\t<meta property=\"og:image:type\" content=\"image\/jpeg\" \/>\n<meta name=\"twitter:label1\" content=\"Gesch\u00e4tzte Lesezeit\" \/>\n\t<meta name=\"twitter:data1\" content=\"1\u00a0Minute\" \/>\n<script type=\"application\/ld+json\" class=\"yoast-schema-graph\">{\"@context\":\"https:\\\/\\\/schema.org\",\"@graph\":[{\"@type\":\"WebPage\",\"@id\":\"https:\\\/\\\/bien-etreiris.ch\\\/de\\\/produktpraesentation\\\/aromatherapie\\\/selbst-herstellen\\\/rezepte\\\/haare\\\/detox-maske\\\/\",\"url\":\"https:\\\/\\\/bien-etreiris.ch\\\/de\\\/produktpraesentation\\\/aromatherapie\\\/selbst-herstellen\\\/rezepte\\\/haare\\\/detox-maske\\\/\",\"name\":\"DETOX-MASKE - WOHLBEFINDEN\",\"isPartOf\":{\"@id\":\"https:\\\/\\\/bien-etreiris.ch\\\/de\\\/#website\"},\"primaryImageOfPage\":{\"@id\":\"https:\\\/\\\/bien-etreiris.ch\\\/de\\\/produktpraesentation\\\/aromatherapie\\\/selbst-herstellen\\\/rezepte\\\/haare\\\/detox-maske\\\/#primaryimage\"},\"image\":{\"@id\":\"https:\\\/\\\/bien-etreiris.ch\\\/de\\\/produktpraesentation\\\/aromatherapie\\\/selbst-herstellen\\\/rezepte\\\/haare\\\/detox-maske\\\/#primaryimage\"},\"thumbnailUrl\":\"https:\\\/\\\/bien-etreiris.ch\\\/wp-content\\\/uploads\\\/2022\\\/10\\\/acceuil-detox-masque.jpg\",\"datePublished\":\"2022-10-30T16:22:56+00:00\",\"dateModified\":\"2022-10-30T16:32:30+00:00\",\"breadcrumb\":{\"@id\":\"https:\\\/\\\/bien-etreiris.ch\\\/de\\\/produktpraesentation\\\/aromatherapie\\\/selbst-herstellen\\\/rezepte\\\/haare\\\/detox-maske\\\/#breadcrumb\"},\"inLanguage\":\"de\",\"potentialAction\":[{\"@type\":\"ReadAction\",\"target\":[\"https:\\\/\\\/bien-etreiris.ch\\\/de\\\/produktpraesentation\\\/aromatherapie\\\/selbst-herstellen\\\/rezepte\\\/haare\\\/detox-maske\\\/\"]}]},{\"@type\":\"ImageObject\",\"inLanguage\":\"de\",\"@id\":\"https:\\\/\\\/bien-etreiris.ch\\\/de\\\/produktpraesentation\\\/aromatherapie\\\/selbst-herstellen\\\/rezepte\\\/haare\\\/detox-maske\\\/#primaryimage\",\"url\":\"https:\\\/\\\/bien-etreiris.ch\\\/wp-content\\\/uploads\\\/2022\\\/10\\\/acceuil-detox-masque.jpg\",\"contentUrl\":\"https:\\\/\\\/bien-etreiris.ch\\\/wp-content\\\/uploads\\\/2022\\\/10\\\/acceuil-detox-masque.jpg\",\"width\":500,\"height\":333},{\"@type\":\"BreadcrumbList\",\"@id\":\"https:\\\/\\\/bien-etreiris.ch\\\/de\\\/produktpraesentation\\\/aromatherapie\\\/selbst-herstellen\\\/rezepte\\\/haare\\\/detox-maske\\\/#breadcrumb\",\"itemListElement\":[{\"@type\":\"ListItem\",\"position\":1,\"name\":\"Home\",\"item\":\"https:\\\/\\\/bien-etreiris.ch\\\/de\\\/\"},{\"@type\":\"ListItem\",\"position\":2,\"name\":\"PRODUKTPR\u00c4SENTATION\",\"item\":\"https:\\\/\\\/bien-etreiris.ch\\\/de\\\/produktpraesentation\\\/\"},{\"@type\":\"ListItem\",\"position\":3,\"name\":\"AROMATHERAPIE\",\"item\":\"https:\\\/\\\/bien-etreiris.ch\\\/de\\\/produktpraesentation\\\/aromatherapie\\\/\"},{\"@type\":\"ListItem\",\"position\":4,\"name\":\"SELBST HERSTELLEN&#8230;\",\"item\":\"https:\\\/\\\/bien-etreiris.ch\\\/de\\\/produktpraesentation\\\/aromatherapie\\\/selbst-herstellen\\\/\"},{\"@type\":\"ListItem\",\"position\":5,\"name\":\"REZEPTE\",\"item\":\"https:\\\/\\\/bien-etreiris.ch\\\/de\\\/produktpraesentation\\\/aromatherapie\\\/selbst-herstellen\\\/rezepte\\\/\"},{\"@type\":\"ListItem\",\"position\":6,\"name\":\"HAARE\",\"item\":\"https:\\\/\\\/bien-etreiris.ch\\\/de\\\/produktpraesentation\\\/aromatherapie\\\/selbst-herstellen\\\/rezepte\\\/haare\\\/\"},{\"@type\":\"ListItem\",\"position\":7,\"name\":\"DETOX-MASKE\"}]},{\"@type\":\"WebSite\",\"@id\":\"https:\\\/\\\/bien-etreiris.ch\\\/de\\\/#website\",\"url\":\"https:\\\/\\\/bien-etreiris.ch\\\/de\\\/\",\"name\":\"Bien-\u00eatre Iris\",\"description\":\"IHRE Gesundheit ist uns wichtig\",\"potentialAction\":[{\"@type\":\"SearchAction\",\"target\":{\"@type\":\"EntryPoint\",\"urlTemplate\":\"https:\\\/\\\/bien-etreiris.ch\\\/de\\\/?s={search_term_string}\"},\"query-input\":{\"@type\":\"PropertyValueSpecification\",\"valueRequired\":true,\"valueName\":\"search_term_string\"}}],\"inLanguage\":\"de\"}]}<\/script>\n<!-- \/ Yoast SEO plugin. -->","yoast_head_json":{"title":"DETOX-MASKE - WOHLBEFINDEN","robots":{"index":"index","follow":"follow","max-snippet":"max-snippet:-1","max-image-preview":"max-image-preview:large","max-video-preview":"max-video-preview:-1"},"canonical":"https:\/\/bien-etreiris.ch\/de\/produktpraesentation\/aromatherapie\/selbst-herstellen\/rezepte\/haare\/detox-maske\/","og_locale":"de_DE","og_type":"article","og_title":"DETOX-MASKE - WOHLBEFINDEN","og_description":"Rezept f\u00fcr eine Detox-Maske Zutaten (Mengenangaben f\u00fcr mittellanges Haar(2) (2) als Richtwert 75 gr wei\u00dfes Tonerdepulver75 gr Rhassoul-Pulver3 Essl\u00f6ffel Macadamia\u00f6lCa. 200 ml temperiertes Wasser Vorgehensweise Tonerde und Rhassoul mit Macadamia\u00f6l mischen und dann das temperierte Wasser nach und nach hinzuf\u00fcgen, bis eine relativ dicke Paste entsteht.Str\u00e4hne f\u00fcr Str\u00e4hne auf das Haar auftragen.In die Kopfhaut einmassieren.20 Min. unter einer Plastikfolie einwirken&nbsp;Weiter lesen","og_url":"https:\/\/bien-etreiris.ch\/de\/produktpraesentation\/aromatherapie\/selbst-herstellen\/rezepte\/haare\/detox-maske\/","og_site_name":"WOHLBEFINDEN","article_publisher":"https:\/\/www.facebook.com\/bienetreiris\/","article_modified_time":"2022-10-30T16:32:30+00:00","og_image":[{"width":500,"height":333,"url":"https:\/\/bien-etreiris.ch\/wp-content\/uploads\/2022\/10\/acceuil-detox-masque.jpg","type":"image\/jpeg"}],"twitter_misc":{"Gesch\u00e4tzte Lesezeit":"1\u00a0Minute"},"schema":{"@context":"https:\/\/schema.org","@graph":[{"@type":"WebPage","@id":"https:\/\/bien-etreiris.ch\/de\/produktpraesentation\/aromatherapie\/selbst-herstellen\/rezepte\/haare\/detox-maske\/","url":"https:\/\/bien-etreiris.ch\/de\/produktpraesentation\/aromatherapie\/selbst-herstellen\/rezepte\/haare\/detox-maske\/","name":"DETOX-MASKE - WOHLBEFINDEN","isPartOf":{"@id":"https:\/\/bien-etreiris.ch\/de\/#website"},"primaryImageOfPage":{"@id":"https:\/\/bien-etreiris.ch\/de\/produktpraesentation\/aromatherapie\/selbst-herstellen\/rezepte\/haare\/detox-maske\/#primaryimage"},"image":{"@id":"https:\/\/bien-etreiris.ch\/de\/produktpraesentation\/aromatherapie\/selbst-herstellen\/rezepte\/haare\/detox-maske\/#primaryimage"},"thumbnailUrl":"https:\/\/bien-etreiris.ch\/wp-content\/uploads\/2022\/10\/acceuil-detox-masque.jpg","datePublished":"2022-10-30T16:22:56+00:00","dateModified":"2022-10-30T16:32:30+00:00","breadcrumb":{"@id":"https:\/\/bien-etreiris.ch\/de\/produktpraesentation\/aromatherapie\/selbst-herstellen\/rezepte\/haare\/detox-maske\/#breadcrumb"},"inLanguage":"de","potentialAction":[{"@type":"ReadAction","target":["https:\/\/bien-etreiris.ch\/de\/produktpraesentation\/aromatherapie\/selbst-herstellen\/rezepte\/haare\/detox-maske\/"]}]},{"@type":"ImageObject","inLanguage":"de","@id":"https:\/\/bien-etreiris.ch\/de\/produktpraesentation\/aromatherapie\/selbst-herstellen\/rezepte\/haare\/detox-maske\/#primaryimage","url":"https:\/\/bien-etreiris.ch\/wp-content\/uploads\/2022\/10\/acceuil-detox-masque.jpg","contentUrl":"https:\/\/bien-etreiris.ch\/wp-content\/uploads\/2022\/10\/acceuil-detox-masque.jpg","width":500,"height":333},{"@type":"BreadcrumbList","@id":"https:\/\/bien-etreiris.ch\/de\/produktpraesentation\/aromatherapie\/selbst-herstellen\/rezepte\/haare\/detox-maske\/#breadcrumb","itemListElement":[{"@type":"ListItem","position":1,"name":"Home","item":"https:\/\/bien-etreiris.ch\/de\/"},{"@type":"ListItem","position":2,"name":"PRODUKTPR\u00c4SENTATION","item":"https:\/\/bien-etreiris.ch\/de\/produktpraesentation\/"},{"@type":"ListItem","position":3,"name":"AROMATHERAPIE","item":"https:\/\/bien-etreiris.ch\/de\/produktpraesentation\/aromatherapie\/"},{"@type":"ListItem","position":4,"name":"SELBST HERSTELLEN&#8230;","item":"https:\/\/bien-etreiris.ch\/de\/produktpraesentation\/aromatherapie\/selbst-herstellen\/"},{"@type":"ListItem","position":5,"name":"REZEPTE","item":"https:\/\/bien-etreiris.ch\/de\/produktpraesentation\/aromatherapie\/selbst-herstellen\/rezepte\/"},{"@type":"ListItem","position":6,"name":"HAARE","item":"https:\/\/bien-etreiris.ch\/de\/produktpraesentation\/aromatherapie\/selbst-herstellen\/rezepte\/haare\/"},{"@type":"ListItem","position":7,"name":"DETOX-MASKE"}]},{"@type":"WebSite","@id":"https:\/\/bien-etreiris.ch\/de\/#website","url":"https:\/\/bien-etreiris.ch\/de\/","name":"Bien-\u00eatre Iris","description":"IHRE Gesundheit ist uns wichtig","potentialAction":[{"@type":"SearchAction","target":{"@type":"EntryPoint","urlTemplate":"https:\/\/bien-etreiris.ch\/de\/?s={search_term_string}"},"query-input":{"@type":"PropertyValueSpecification","valueRequired":true,"valueName":"search_term_string"}}],"inLanguage":"de"}]}},"_links":{"self":[{"href":"https:\/\/bien-etreiris.ch\/de\/wp-json\/wp\/v2\/pages\/61426","targetHints":{"allow":["GET"]}}],"collection":[{"href":"https:\/\/bien-etreiris.ch\/de\/wp-json\/wp\/v2\/pages"}],"about":[{"href":"https:\/\/bien-etreiris.ch\/de\/wp-json\/wp\/v2\/types\/page"}],"author":[{"embeddable":true,"href":"https:\/\/bien-etreiris.ch\/de\/wp-json\/wp\/v2\/users\/1"}],"replies":[{"embeddable":true,"href":"https:\/\/bien-etreiris.ch\/de\/wp-json\/wp\/v2\/comments?post=61426"}],"version-history":[{"count":2,"href":"https:\/\/bien-etreiris.ch\/de\/wp-json\/wp\/v2\/pages\/61426\/revisions"}],"predecessor-version":[{"id":61435,"href":"https:\/\/bien-etreiris.ch\/de\/wp-json\/wp\/v2\/pages\/61426\/revisions\/61435"}],"up":[{"embeddable":true,"href":"https:\/\/bien-etreiris.ch\/de\/wp-json\/wp\/v2\/pages\/58412"}],"wp:featuredmedia":[{"embeddable":true,"href":"https:\/\/bien-etreiris.ch\/de\/wp-json\/wp\/v2\/media\/61424"}],"wp:attachment":[{"href":"https:\/\/bien-etreiris.ch\/de\/wp-json\/wp\/v2\/media?parent=61426"}],"curies":[{"name":"wp","href":"https:\/\/api.w.org\/{rel}","templated":true}]}}