{"id":61327,"date":"2022-10-30T13:34:38","date_gmt":"2022-10-30T11:34:38","guid":{"rendered":"https:\/\/bien-etreiris.ch\/produktpraesentation\/natuerliche-heilmittel\/saeure-basen-haushalt\/accessoires-p-jentschura\/brosse-a-cheveux-pro\/"},"modified":"2022-10-30T14:09:47","modified_gmt":"2022-10-30T12:09:47","slug":"profihaarbuerste","status":"publish","type":"page","link":"https:\/\/bien-etreiris.ch\/de\/produktpraesentation\/hygiene\/koerperpflege\/zubehoer-fuer-die-koerperpflege\/buersten\/profihaarbuerste\/","title":{"rendered":"PROFIHAARB\u00dcRSTE"},"content":{"rendered":"\n<h2 class=\"hyphenate\">Profihaarb\u00fcrste<\/h2>\n\n\n\n<p><a href=\"https:\/\/bien-etreiris.ch\/wp-content\/uploads\/2022\/10\/brosse.jpg\"><img loading=\"lazy\" decoding=\"async\" class=\"size-full wp-image-61322 alignleft\" src=\"https:\/\/bien-etreiris.ch\/wp-content\/uploads\/2022\/10\/brosse.jpg\" alt=\"\" width=\"400\" height=\"153\" srcset=\"https:\/\/bien-etreiris.ch\/wp-content\/uploads\/2022\/10\/brosse.jpg 400w, https:\/\/bien-etreiris.ch\/wp-content\/uploads\/2022\/10\/brosse-300x115.jpg 300w\" sizes=\"auto, (max-width: 400px) 100vw, 400px\" \/><\/a><\/p>\n<p>&nbsp;<\/p>\n<p>&nbsp;<\/p>\n<ul class=\"list-with-checkmark\" style=\"list-style-type: disc;\">\n<li>Naturborsten aus dem 1. Schnitt<\/li>\n<li>f\u00fcr die einfachste und nat\u00fcrlichste Haarpflege<\/li>\n<li>f\u00fcr Links- und Rechtsh\u00e4nder geeignet<\/li>\n<li>ergonomisch geformt<\/li>\n<\/ul>\n<p>1 St\u00fcck <strong>CHF 119.00<\/strong><\/p>\n<p>&nbsp;<\/p>\n<p>&nbsp;<\/p>\n\n\n\n<p>\u201eHundert B\u00fcrstenstriche am Tag\u201c sind die beste Pflege f\u00fcr unsere Kopfhaut und f\u00fcr die Haare. Die hochwertige ProfiHaarb\u00fcrste aus dem Hause P. Jentschura verleiht Ihrem Haar nicht nur einen nat\u00fcrlichen Glanz und beugt trockenen, spr\u00f6den Spitzen vor. Die besonderen Naturborsten aus dem 1. Schnitt regen zus\u00e4tzlich die Durchblutung an und f\u00f6rdern damit die wichtige Reinigung und Erholung des Haarbodens mit seinen Hunderttausenden Schwei\u00df- und Talgdr\u00fcsen. Das Haarwachstum wird angeregt und der Talg der Kopfhaut besonders schonend im Haar verteilt \u2013 die einfachste und nat\u00fcrlichste Haarpflege.<\/p>\n<p>&nbsp;<\/p>\n<h4>Das Material<\/h4>\n<ul>\n<li><strong>Verwendung:<\/strong> Trockenb\u00fcrstungen<\/li>\n<li><strong>Borsten:<\/strong> Langlebige, hochwertige Wildschweinborsten, erster Schnitt<\/li>\n<li><strong>Besteckung:<\/strong> 8 Reihen<\/li>\n<li><strong>Holz:<\/strong> einheimisches Buchenholz (Massivholz)<\/li>\n<li><strong>Holzschutz:<\/strong> ge\u00f6lt<\/li>\n<\/ul>\n<p>&nbsp;<\/p>\n<p>&nbsp;<\/p>\n<div class=\"text\">\n<div>\n<div class=\"text\">\n<div>\n<h4 class=\"section-with-image-headline word-wrap \">Tipp <span class=\"subheadline\">zur Anwendung<\/span><\/h4>\n<p>Die Wildschweinborsten der ProfiHaarb\u00fcrste von P.&nbsp;Jentschura sind \u201everschoben\u201c eingesetzt.<\/p>\n<p>So kann die B\u00fcrste die t\u00e4gliche Haar- und Kopfhautpflege angenehm gestalten und zu einem kleinen Wohlf\u00fchlmoment werden lassen.<\/p>\n<p>Die geschwungene Form des Holzk\u00f6rpers und die 8-reihige Borstenbesteckung schaffen eine besonders gro\u00dfe Kontaktfl\u00e4che an der Kopfhaut, sodass die Durchblutung effektiv gef\u00f6rdert werden kann.<\/p>\n<\/div>\n<\/div>\n<\/div>\n<p>&nbsp;<\/p>\n<\/div>\n<p>&nbsp;<\/p>\n","protected":false},"excerpt":{"rendered":"<p>Profihaarb\u00fcrste &nbsp; &nbsp; Naturborsten aus dem 1. Schnitt f\u00fcr die einfachste und nat\u00fcrlichste Haarpflege f\u00fcr Links- und Rechtsh\u00e4nder geeignet ergonomisch geformt 1 St\u00fcck CHF 119.00 &nbsp; &nbsp; \u201eHundert B\u00fcrstenstriche am Tag\u201c sind die beste Pflege f\u00fcr unsere Kopfhaut und f\u00fcr die Haare. Die hochwertige ProfiHaarb\u00fcrste aus dem Hause P. Jentschura verleiht Ihrem Haar nicht nur einen nat\u00fcrlichen Glanz und beugt&nbsp;<a href=\"https:\/\/bien-etreiris.ch\/de\/produktpraesentation\/hygiene\/koerperpflege\/zubehoer-fuer-die-koerperpflege\/buersten\/profihaarbuerste\/\" class=\"read-more\">Weiter lesen<\/a><\/p>\n","protected":false},"author":1,"featured_media":61332,"parent":14802,"menu_order":4374,"comment_status":"closed","ping_status":"closed","template":"page-with-child.php","meta":{"_acf_changed":false,"ngg_post_thumbnail":0,"footnotes":""},"class_list":["post-61327","page","type-page","status-publish","has-post-thumbnail","hentry"],"acf":[],"yoast_head":"<!-- This site is optimized with the Yoast SEO plugin v27.5 - https:\/\/yoast.com\/product\/yoast-seo-wordpress\/ -->\n<title>PROFIHAARB\u00dcRSTE - WOHLBEFINDEN<\/title>\n<meta name=\"robots\" content=\"index, follow, max-snippet:-1, max-image-preview:large, max-video-preview:-1\" \/>\n<link rel=\"canonical\" href=\"https:\/\/bien-etreiris.ch\/de\/produktpraesentation\/hygiene\/koerperpflege\/zubehoer-fuer-die-koerperpflege\/buersten\/profihaarbuerste\/\" \/>\n<meta property=\"og:locale\" content=\"de_DE\" \/>\n<meta property=\"og:type\" content=\"article\" \/>\n<meta property=\"og:title\" content=\"PROFIHAARB\u00dcRSTE - WOHLBEFINDEN\" \/>\n<meta property=\"og:description\" content=\"Profihaarb\u00fcrste &nbsp; &nbsp; Naturborsten aus dem 1. Schnitt f\u00fcr die einfachste und nat\u00fcrlichste Haarpflege f\u00fcr Links- und Rechtsh\u00e4nder geeignet ergonomisch geformt 1 St\u00fcck CHF 119.00 &nbsp; &nbsp; \u201eHundert B\u00fcrstenstriche am Tag\u201c sind die beste Pflege f\u00fcr unsere Kopfhaut und f\u00fcr die Haare. Die hochwertige ProfiHaarb\u00fcrste aus dem Hause P. Jentschura verleiht Ihrem Haar nicht nur einen nat\u00fcrlichen Glanz und beugt&nbsp;Weiter lesen\" \/>\n<meta property=\"og:url\" content=\"https:\/\/bien-etreiris.ch\/de\/produktpraesentation\/hygiene\/koerperpflege\/zubehoer-fuer-die-koerperpflege\/buersten\/profihaarbuerste\/\" \/>\n<meta property=\"og:site_name\" content=\"WOHLBEFINDEN\" \/>\n<meta property=\"article:publisher\" content=\"https:\/\/www.facebook.com\/bienetreiris\/\" \/>\n<meta property=\"article:modified_time\" content=\"2022-10-30T12:09:47+00:00\" \/>\n<meta property=\"og:image\" content=\"https:\/\/bien-etreiris.ch\/wp-content\/uploads\/2022\/10\/acceuil-brosse.jpg\" \/>\n\t<meta property=\"og:image:width\" content=\"500\" \/>\n\t<meta property=\"og:image:height\" content=\"335\" \/>\n\t<meta property=\"og:image:type\" content=\"image\/jpeg\" \/>\n<meta name=\"twitter:label1\" content=\"Gesch\u00e4tzte Lesezeit\" \/>\n\t<meta name=\"twitter:data1\" content=\"2\u00a0Minuten\" \/>\n<script type=\"application\/ld+json\" class=\"yoast-schema-graph\">{\"@context\":\"https:\\\/\\\/schema.org\",\"@graph\":[{\"@type\":\"WebPage\",\"@id\":\"https:\\\/\\\/bien-etreiris.ch\\\/de\\\/produktpraesentation\\\/hygiene\\\/koerperpflege\\\/zubehoer-fuer-die-koerperpflege\\\/buersten\\\/profihaarbuerste\\\/\",\"url\":\"https:\\\/\\\/bien-etreiris.ch\\\/de\\\/produktpraesentation\\\/hygiene\\\/koerperpflege\\\/zubehoer-fuer-die-koerperpflege\\\/buersten\\\/profihaarbuerste\\\/\",\"name\":\"PROFIHAARB\u00dcRSTE - WOHLBEFINDEN\",\"isPartOf\":{\"@id\":\"https:\\\/\\\/bien-etreiris.ch\\\/de\\\/#website\"},\"primaryImageOfPage\":{\"@id\":\"https:\\\/\\\/bien-etreiris.ch\\\/de\\\/produktpraesentation\\\/hygiene\\\/koerperpflege\\\/zubehoer-fuer-die-koerperpflege\\\/buersten\\\/profihaarbuerste\\\/#primaryimage\"},\"image\":{\"@id\":\"https:\\\/\\\/bien-etreiris.ch\\\/de\\\/produktpraesentation\\\/hygiene\\\/koerperpflege\\\/zubehoer-fuer-die-koerperpflege\\\/buersten\\\/profihaarbuerste\\\/#primaryimage\"},\"thumbnailUrl\":\"https:\\\/\\\/bien-etreiris.ch\\\/wp-content\\\/uploads\\\/2022\\\/10\\\/acceuil-brosse.jpg\",\"datePublished\":\"2022-10-30T11:34:38+00:00\",\"dateModified\":\"2022-10-30T12:09:47+00:00\",\"breadcrumb\":{\"@id\":\"https:\\\/\\\/bien-etreiris.ch\\\/de\\\/produktpraesentation\\\/hygiene\\\/koerperpflege\\\/zubehoer-fuer-die-koerperpflege\\\/buersten\\\/profihaarbuerste\\\/#breadcrumb\"},\"inLanguage\":\"de\",\"potentialAction\":[{\"@type\":\"ReadAction\",\"target\":[\"https:\\\/\\\/bien-etreiris.ch\\\/de\\\/produktpraesentation\\\/hygiene\\\/koerperpflege\\\/zubehoer-fuer-die-koerperpflege\\\/buersten\\\/profihaarbuerste\\\/\"]}]},{\"@type\":\"ImageObject\",\"inLanguage\":\"de\",\"@id\":\"https:\\\/\\\/bien-etreiris.ch\\\/de\\\/produktpraesentation\\\/hygiene\\\/koerperpflege\\\/zubehoer-fuer-die-koerperpflege\\\/buersten\\\/profihaarbuerste\\\/#primaryimage\",\"url\":\"https:\\\/\\\/bien-etreiris.ch\\\/wp-content\\\/uploads\\\/2022\\\/10\\\/acceuil-brosse.jpg\",\"contentUrl\":\"https:\\\/\\\/bien-etreiris.ch\\\/wp-content\\\/uploads\\\/2022\\\/10\\\/acceuil-brosse.jpg\",\"width\":500,\"height\":335},{\"@type\":\"BreadcrumbList\",\"@id\":\"https:\\\/\\\/bien-etreiris.ch\\\/de\\\/produktpraesentation\\\/hygiene\\\/koerperpflege\\\/zubehoer-fuer-die-koerperpflege\\\/buersten\\\/profihaarbuerste\\\/#breadcrumb\",\"itemListElement\":[{\"@type\":\"ListItem\",\"position\":1,\"name\":\"Home\",\"item\":\"https:\\\/\\\/bien-etreiris.ch\\\/de\\\/\"},{\"@type\":\"ListItem\",\"position\":2,\"name\":\"PRODUKTPR\u00c4SENTATION\",\"item\":\"https:\\\/\\\/bien-etreiris.ch\\\/de\\\/produktpraesentation\\\/\"},{\"@type\":\"ListItem\",\"position\":3,\"name\":\"HYGIENE\",\"item\":\"https:\\\/\\\/bien-etreiris.ch\\\/de\\\/produktpraesentation\\\/hygiene\\\/\"},{\"@type\":\"ListItem\",\"position\":4,\"name\":\"K\u00d6RPERPFLEGE\",\"item\":\"https:\\\/\\\/bien-etreiris.ch\\\/de\\\/produktpraesentation\\\/hygiene\\\/koerperpflege\\\/\"},{\"@type\":\"ListItem\",\"position\":5,\"name\":\"ZUBEH\u00d6R\",\"item\":\"https:\\\/\\\/bien-etreiris.ch\\\/de\\\/produktpraesentation\\\/hygiene\\\/koerperpflege\\\/zubehoer-fuer-die-koerperpflege\\\/\"},{\"@type\":\"ListItem\",\"position\":6,\"name\":\"B\u00dcRSTEN\",\"item\":\"https:\\\/\\\/bien-etreiris.ch\\\/de\\\/produktpraesentation\\\/hygiene\\\/koerperpflege\\\/zubehoer-fuer-die-koerperpflege\\\/buersten\\\/\"},{\"@type\":\"ListItem\",\"position\":7,\"name\":\"PROFIHAARB\u00dcRSTE\"}]},{\"@type\":\"WebSite\",\"@id\":\"https:\\\/\\\/bien-etreiris.ch\\\/de\\\/#website\",\"url\":\"https:\\\/\\\/bien-etreiris.ch\\\/de\\\/\",\"name\":\"Bien-\u00eatre Iris\",\"description\":\"IHRE Gesundheit ist uns wichtig\",\"potentialAction\":[{\"@type\":\"SearchAction\",\"target\":{\"@type\":\"EntryPoint\",\"urlTemplate\":\"https:\\\/\\\/bien-etreiris.ch\\\/de\\\/?s={search_term_string}\"},\"query-input\":{\"@type\":\"PropertyValueSpecification\",\"valueRequired\":true,\"valueName\":\"search_term_string\"}}],\"inLanguage\":\"de\"}]}<\/script>\n<!-- \/ Yoast SEO plugin. -->","yoast_head_json":{"title":"PROFIHAARB\u00dcRSTE - WOHLBEFINDEN","robots":{"index":"index","follow":"follow","max-snippet":"max-snippet:-1","max-image-preview":"max-image-preview:large","max-video-preview":"max-video-preview:-1"},"canonical":"https:\/\/bien-etreiris.ch\/de\/produktpraesentation\/hygiene\/koerperpflege\/zubehoer-fuer-die-koerperpflege\/buersten\/profihaarbuerste\/","og_locale":"de_DE","og_type":"article","og_title":"PROFIHAARB\u00dcRSTE - WOHLBEFINDEN","og_description":"Profihaarb\u00fcrste &nbsp; &nbsp; Naturborsten aus dem 1. Schnitt f\u00fcr die einfachste und nat\u00fcrlichste Haarpflege f\u00fcr Links- und Rechtsh\u00e4nder geeignet ergonomisch geformt 1 St\u00fcck CHF 119.00 &nbsp; &nbsp; \u201eHundert B\u00fcrstenstriche am Tag\u201c sind die beste Pflege f\u00fcr unsere Kopfhaut und f\u00fcr die Haare. Die hochwertige ProfiHaarb\u00fcrste aus dem Hause P. Jentschura verleiht Ihrem Haar nicht nur einen nat\u00fcrlichen Glanz und beugt&nbsp;Weiter lesen","og_url":"https:\/\/bien-etreiris.ch\/de\/produktpraesentation\/hygiene\/koerperpflege\/zubehoer-fuer-die-koerperpflege\/buersten\/profihaarbuerste\/","og_site_name":"WOHLBEFINDEN","article_publisher":"https:\/\/www.facebook.com\/bienetreiris\/","article_modified_time":"2022-10-30T12:09:47+00:00","og_image":[{"width":500,"height":335,"url":"https:\/\/bien-etreiris.ch\/wp-content\/uploads\/2022\/10\/acceuil-brosse.jpg","type":"image\/jpeg"}],"twitter_misc":{"Gesch\u00e4tzte Lesezeit":"2\u00a0Minuten"},"schema":{"@context":"https:\/\/schema.org","@graph":[{"@type":"WebPage","@id":"https:\/\/bien-etreiris.ch\/de\/produktpraesentation\/hygiene\/koerperpflege\/zubehoer-fuer-die-koerperpflege\/buersten\/profihaarbuerste\/","url":"https:\/\/bien-etreiris.ch\/de\/produktpraesentation\/hygiene\/koerperpflege\/zubehoer-fuer-die-koerperpflege\/buersten\/profihaarbuerste\/","name":"PROFIHAARB\u00dcRSTE - WOHLBEFINDEN","isPartOf":{"@id":"https:\/\/bien-etreiris.ch\/de\/#website"},"primaryImageOfPage":{"@id":"https:\/\/bien-etreiris.ch\/de\/produktpraesentation\/hygiene\/koerperpflege\/zubehoer-fuer-die-koerperpflege\/buersten\/profihaarbuerste\/#primaryimage"},"image":{"@id":"https:\/\/bien-etreiris.ch\/de\/produktpraesentation\/hygiene\/koerperpflege\/zubehoer-fuer-die-koerperpflege\/buersten\/profihaarbuerste\/#primaryimage"},"thumbnailUrl":"https:\/\/bien-etreiris.ch\/wp-content\/uploads\/2022\/10\/acceuil-brosse.jpg","datePublished":"2022-10-30T11:34:38+00:00","dateModified":"2022-10-30T12:09:47+00:00","breadcrumb":{"@id":"https:\/\/bien-etreiris.ch\/de\/produktpraesentation\/hygiene\/koerperpflege\/zubehoer-fuer-die-koerperpflege\/buersten\/profihaarbuerste\/#breadcrumb"},"inLanguage":"de","potentialAction":[{"@type":"ReadAction","target":["https:\/\/bien-etreiris.ch\/de\/produktpraesentation\/hygiene\/koerperpflege\/zubehoer-fuer-die-koerperpflege\/buersten\/profihaarbuerste\/"]}]},{"@type":"ImageObject","inLanguage":"de","@id":"https:\/\/bien-etreiris.ch\/de\/produktpraesentation\/hygiene\/koerperpflege\/zubehoer-fuer-die-koerperpflege\/buersten\/profihaarbuerste\/#primaryimage","url":"https:\/\/bien-etreiris.ch\/wp-content\/uploads\/2022\/10\/acceuil-brosse.jpg","contentUrl":"https:\/\/bien-etreiris.ch\/wp-content\/uploads\/2022\/10\/acceuil-brosse.jpg","width":500,"height":335},{"@type":"BreadcrumbList","@id":"https:\/\/bien-etreiris.ch\/de\/produktpraesentation\/hygiene\/koerperpflege\/zubehoer-fuer-die-koerperpflege\/buersten\/profihaarbuerste\/#breadcrumb","itemListElement":[{"@type":"ListItem","position":1,"name":"Home","item":"https:\/\/bien-etreiris.ch\/de\/"},{"@type":"ListItem","position":2,"name":"PRODUKTPR\u00c4SENTATION","item":"https:\/\/bien-etreiris.ch\/de\/produktpraesentation\/"},{"@type":"ListItem","position":3,"name":"HYGIENE","item":"https:\/\/bien-etreiris.ch\/de\/produktpraesentation\/hygiene\/"},{"@type":"ListItem","position":4,"name":"K\u00d6RPERPFLEGE","item":"https:\/\/bien-etreiris.ch\/de\/produktpraesentation\/hygiene\/koerperpflege\/"},{"@type":"ListItem","position":5,"name":"ZUBEH\u00d6R","item":"https:\/\/bien-etreiris.ch\/de\/produktpraesentation\/hygiene\/koerperpflege\/zubehoer-fuer-die-koerperpflege\/"},{"@type":"ListItem","position":6,"name":"B\u00dcRSTEN","item":"https:\/\/bien-etreiris.ch\/de\/produktpraesentation\/hygiene\/koerperpflege\/zubehoer-fuer-die-koerperpflege\/buersten\/"},{"@type":"ListItem","position":7,"name":"PROFIHAARB\u00dcRSTE"}]},{"@type":"WebSite","@id":"https:\/\/bien-etreiris.ch\/de\/#website","url":"https:\/\/bien-etreiris.ch\/de\/","name":"Bien-\u00eatre Iris","description":"IHRE Gesundheit ist uns wichtig","potentialAction":[{"@type":"SearchAction","target":{"@type":"EntryPoint","urlTemplate":"https:\/\/bien-etreiris.ch\/de\/?s={search_term_string}"},"query-input":{"@type":"PropertyValueSpecification","valueRequired":true,"valueName":"search_term_string"}}],"inLanguage":"de"}]}},"_links":{"self":[{"href":"https:\/\/bien-etreiris.ch\/de\/wp-json\/wp\/v2\/pages\/61327","targetHints":{"allow":["GET"]}}],"collection":[{"href":"https:\/\/bien-etreiris.ch\/de\/wp-json\/wp\/v2\/pages"}],"about":[{"href":"https:\/\/bien-etreiris.ch\/de\/wp-json\/wp\/v2\/types\/page"}],"author":[{"embeddable":true,"href":"https:\/\/bien-etreiris.ch\/de\/wp-json\/wp\/v2\/users\/1"}],"replies":[{"embeddable":true,"href":"https:\/\/bien-etreiris.ch\/de\/wp-json\/wp\/v2\/comments?post=61327"}],"version-history":[{"count":5,"href":"https:\/\/bien-etreiris.ch\/de\/wp-json\/wp\/v2\/pages\/61327\/revisions"}],"predecessor-version":[{"id":61353,"href":"https:\/\/bien-etreiris.ch\/de\/wp-json\/wp\/v2\/pages\/61327\/revisions\/61353"}],"up":[{"embeddable":true,"href":"https:\/\/bien-etreiris.ch\/de\/wp-json\/wp\/v2\/pages\/14802"}],"wp:featuredmedia":[{"embeddable":true,"href":"https:\/\/bien-etreiris.ch\/de\/wp-json\/wp\/v2\/media\/61332"}],"wp:attachment":[{"href":"https:\/\/bien-etreiris.ch\/de\/wp-json\/wp\/v2\/media?parent=61327"}],"curies":[{"name":"wp","href":"https:\/\/api.w.org\/{rel}","templated":true}]}}