{"id":61310,"date":"2022-06-10T05:32:04","date_gmt":"2022-06-10T03:32:04","guid":{"rendered":"https:\/\/bien-etreiris.ch\/produktpraesentation\/natuerliche-heilmittel\/saeure-basen-haushalt\/3-x-3\/"},"modified":"2022-10-30T12:50:13","modified_gmt":"2022-10-30T10:50:13","slug":"3-x-3-tonikum","status":"publish","type":"page","link":"https:\/\/bien-etreiris.ch\/de\/produktpraesentation\/natuerliche-heilmittel\/saeure-basen-haushalt\/3-x-3-tonikum\/","title":{"rendered":"3 x 3 Tonikum"},"content":{"rendered":"\n<h2 class=\"subheadline\">Tonikum f\u00fcr die Kopfhaut<\/h2>\n<p>&nbsp;<\/p>\n<p><a href=\"https:\/\/decoiris.ch\/wp-content\/uploads\/2020\/09\/Tonique-pour-le-cuir-chevelu-1.png\"><img loading=\"lazy\" decoding=\"async\" class=\"wp-image-32283 alignleft\" src=\"https:\/\/decoiris.ch\/wp-content\/uploads\/2020\/09\/Tonique-pour-le-cuir-chevelu-1-101x300.png\" alt=\"\" width=\"200\" height=\"594\" srcset=\"https:\/\/bien-etreiris.ch\/wp-content\/uploads\/2020\/09\/Tonique-pour-le-cuir-chevelu-1-101x300.png 101w, https:\/\/bien-etreiris.ch\/wp-content\/uploads\/2020\/09\/Tonique-pour-le-cuir-chevelu-1-345x1024.png 345w, https:\/\/bien-etreiris.ch\/wp-content\/uploads\/2020\/09\/Tonique-pour-le-cuir-chevelu-1.png 400w\" sizes=\"auto, (max-width: 200px) 100vw, 200px\" \/><\/a><\/p>\n<p>&nbsp;<\/p>\n<p>&nbsp;<\/p>\n<p>&nbsp;<\/p>\n<p>&nbsp;<\/p>\n<p>&nbsp;<\/p>\n<p>&nbsp;<\/p>\n<p>&nbsp;<\/p>\n<p>&nbsp;<\/p>\n<p>&nbsp;<\/p>\n<ul>\n<li>speziell abgestimmt auf die besonderen Bed\u00fcrfnisse der Kopfhaut und des Haares<\/li>\n<li>wirkt erfrischend und vitalisierend<\/li>\n<li>enth\u00e4lt eine Pipette, die ein sparsames Auftragen erm\u00f6glicht<\/li>\n<li>Anwendung auch in Kombination mit SkalPuro m\u00f6glich<\/li>\n<\/ul>\n<p>&nbsp;<\/p>\n<p>100 ml <strong>CHF 53.00<\/strong><\/p>\n<p>&nbsp;<\/p>\n<p>&nbsp;<\/p>\n<p>&nbsp;<\/p>\n<div class=\"product-body\">\n<div class=\"product-body\">\n<p>Haare sind Spiegelbild der Seele und Ausdruck unserer Pers\u00f6nlichkeit. Sie sind der offensichtlichste Ausdruck unserer inneren Empfindungen. Geht es uns gut, sitzen sie und bereiten uns keine Probleme. Sind wir hingegen betr\u00fcbt, h\u00e4ngen sie formlos an uns herunter. Kein anderer K\u00f6rperbereich zeigt uns so offensichtlich unsere Emotionen und unser Wohlbefinden.<\/p>\n<p>In alten Kulturen oder bei Naturv\u00f6lkern sah man in den Haaren \u00fcbrigens eine Art Bindeglied zwischen dem Kosmos und dem Menschen. 3x3 \u2013 Tonikum f\u00fcr die Kopfhaut schenkt unserer Kopfhaut die Aufmerksamkeit und Pflege, die sie ben\u00f6tigt, um zu beeindrucken.<\/p>\n<p>Unsere Haare werden vom Haarboden mit einer Vielzahl wichtiger N\u00e4hrstoffe versorgt \u2013 und das tagt\u00e4glich! Das 3x3 Tonikum-Sauerstoffprodukt unterst\u00fctzt diesen Prozess mit seinen hochwertigen Inhaltsstoffen und seiner belebenden Wirkung \u2013 f\u00fcr kr\u00e4ftiges und gesundes Haar. Als Tipp zur Wirkungsverst\u00e4rkung empfiehlt sich die zus\u00e4tzliche Einnahme des 100 Pflanzen-Lebensmittels <a href=\"https:\/\/bien-etreiris.ch\/de\/produktpraesentation\/natuerliche-heilmittel\/saeure-basen-haushalt\/wurzelkraft\/\" target=\"_blank\" rel=\"noopener\"><strong>WurzelKraft.<\/strong><\/a><\/p>\n<\/div>\n<\/div>\n<h2>Inhaltsstoffe<\/h2>\n<p>Aqua (Aqua demin.), Alcohol (Ethylalcohol), Hydrogen Peroxide, Parfum, Polyglyceryl-10 Laurate, Citronellol, Eugenol, Geraniol, Linalool, Limonene<\/p>\n<p>&nbsp;<\/p>\n<p>&nbsp;<\/p>\n<div class=\"text\">\n<div>\n<h2 class=\"section-with-image-headline word-wrap \">Anwendung <span class=\"subheadline\">vom 3x3 Tonikum<\/span><\/h2>\n<p>Das 3x3 Tonikum wird zwei- bis dreimal pro Tag mit jeweils einigen Tropfen sparsam mit der Pipette scheitelweise auf die Kopfhaut aufgetr\u00e4ufelt und sanft, aber m\u00f6glichst lange, einmassiert. Idealerweise empfiehlt sich das t\u00e4gliche B\u00fcrsten der Kopfhaut vor der Anwendung des Tonikums.<\/p>\n<p>Das 3x3 Tonikum kann auch in Kombination mit <a href=\"https:\/\/bien-etreiris.ch\/de\/produktpraesentation\/natuerliche-heilmittel\/saeure-basen-haushalt\/skalpuro\/\" target=\"_blank\" rel=\"noopener\">SkalPuro<\/a> aufgetragen werden.<\/p>\n<p>\u00dcber die Kopfhaut hinaus kann das 3x3 Tonikum auch auf die Stirn, den oberen R\u00fccken oder den Nacken eingerieben werden.<\/p>\n<\/div>\n<\/div>\n<p>&nbsp;<\/p>\n","protected":false},"excerpt":{"rendered":"<p>Tonikum f\u00fcr die Kopfhaut &nbsp; &nbsp; &nbsp; &nbsp; &nbsp; &nbsp; &nbsp; &nbsp; &nbsp; &nbsp; speziell abgestimmt auf die besonderen Bed\u00fcrfnisse der Kopfhaut und des Haares wirkt erfrischend und vitalisierend enth\u00e4lt eine Pipette, die ein sparsames Auftragen erm\u00f6glicht Anwendung auch in Kombination mit SkalPuro m\u00f6glich &nbsp; 100 ml CHF 53.00 &nbsp; &nbsp; &nbsp; Haare sind Spiegelbild der Seele und Ausdruck unserer&nbsp;<a href=\"https:\/\/bien-etreiris.ch\/de\/produktpraesentation\/natuerliche-heilmittel\/saeure-basen-haushalt\/3-x-3-tonikum\/\" class=\"read-more\">Weiter lesen<\/a><\/p>\n","protected":false},"author":1,"featured_media":55827,"parent":13611,"menu_order":4853,"comment_status":"closed","ping_status":"closed","template":"page-with-child.php","meta":{"_acf_changed":false,"ngg_post_thumbnail":0,"footnotes":""},"class_list":["post-61310","page","type-page","status-publish","has-post-thumbnail","hentry"],"acf":[],"yoast_head":"<!-- This site is optimized with the Yoast SEO plugin v27.4 - https:\/\/yoast.com\/product\/yoast-seo-wordpress\/ -->\n<title>3 x 3 Tonikum - WOHLBEFINDEN<\/title>\n<meta name=\"robots\" content=\"index, follow, max-snippet:-1, max-image-preview:large, max-video-preview:-1\" \/>\n<link rel=\"canonical\" href=\"https:\/\/bien-etreiris.ch\/de\/produktpraesentation\/natuerliche-heilmittel\/saeure-basen-haushalt\/3-x-3-tonikum\/\" \/>\n<meta property=\"og:locale\" content=\"de_DE\" \/>\n<meta property=\"og:type\" content=\"article\" \/>\n<meta property=\"og:title\" content=\"3 x 3 Tonikum - WOHLBEFINDEN\" \/>\n<meta property=\"og:description\" content=\"Tonikum f\u00fcr die Kopfhaut &nbsp; &nbsp; &nbsp; &nbsp; &nbsp; &nbsp; &nbsp; &nbsp; &nbsp; &nbsp; speziell abgestimmt auf die besonderen Bed\u00fcrfnisse der Kopfhaut und des Haares wirkt erfrischend und vitalisierend enth\u00e4lt eine Pipette, die ein sparsames Auftragen erm\u00f6glicht Anwendung auch in Kombination mit SkalPuro m\u00f6glich &nbsp; 100 ml CHF 53.00 &nbsp; &nbsp; &nbsp; Haare sind Spiegelbild der Seele und Ausdruck unserer&nbsp;Weiter lesen\" \/>\n<meta property=\"og:url\" content=\"https:\/\/bien-etreiris.ch\/de\/produktpraesentation\/natuerliche-heilmittel\/saeure-basen-haushalt\/3-x-3-tonikum\/\" \/>\n<meta property=\"og:site_name\" content=\"WOHLBEFINDEN\" \/>\n<meta property=\"article:publisher\" content=\"https:\/\/www.facebook.com\/bienetreiris\/\" \/>\n<meta property=\"article:modified_time\" content=\"2022-10-30T10:50:13+00:00\" \/>\n<meta property=\"og:image\" content=\"https:\/\/bien-etreiris.ch\/wp-content\/uploads\/2022\/06\/acceuil-3-x-3-Tonique.jpg\" \/>\n\t<meta property=\"og:image:width\" content=\"500\" \/>\n\t<meta property=\"og:image:height\" content=\"322\" \/>\n\t<meta property=\"og:image:type\" content=\"image\/jpeg\" \/>\n<meta name=\"twitter:label1\" content=\"Gesch\u00e4tzte Lesezeit\" \/>\n\t<meta name=\"twitter:data1\" content=\"2\u00a0Minuten\" \/>\n<script type=\"application\/ld+json\" class=\"yoast-schema-graph\">{\"@context\":\"https:\\\/\\\/schema.org\",\"@graph\":[{\"@type\":\"WebPage\",\"@id\":\"https:\\\/\\\/bien-etreiris.ch\\\/de\\\/produktpraesentation\\\/natuerliche-heilmittel\\\/saeure-basen-haushalt\\\/3-x-3-tonikum\\\/\",\"url\":\"https:\\\/\\\/bien-etreiris.ch\\\/de\\\/produktpraesentation\\\/natuerliche-heilmittel\\\/saeure-basen-haushalt\\\/3-x-3-tonikum\\\/\",\"name\":\"3 x 3 Tonikum - WOHLBEFINDEN\",\"isPartOf\":{\"@id\":\"https:\\\/\\\/bien-etreiris.ch\\\/de\\\/#website\"},\"primaryImageOfPage\":{\"@id\":\"https:\\\/\\\/bien-etreiris.ch\\\/de\\\/produktpraesentation\\\/natuerliche-heilmittel\\\/saeure-basen-haushalt\\\/3-x-3-tonikum\\\/#primaryimage\"},\"image\":{\"@id\":\"https:\\\/\\\/bien-etreiris.ch\\\/de\\\/produktpraesentation\\\/natuerliche-heilmittel\\\/saeure-basen-haushalt\\\/3-x-3-tonikum\\\/#primaryimage\"},\"thumbnailUrl\":\"https:\\\/\\\/bien-etreiris.ch\\\/wp-content\\\/uploads\\\/2022\\\/06\\\/acceuil-3-x-3-Tonique.jpg\",\"datePublished\":\"2022-06-10T03:32:04+00:00\",\"dateModified\":\"2022-10-30T10:50:13+00:00\",\"breadcrumb\":{\"@id\":\"https:\\\/\\\/bien-etreiris.ch\\\/de\\\/produktpraesentation\\\/natuerliche-heilmittel\\\/saeure-basen-haushalt\\\/3-x-3-tonikum\\\/#breadcrumb\"},\"inLanguage\":\"de\",\"potentialAction\":[{\"@type\":\"ReadAction\",\"target\":[\"https:\\\/\\\/bien-etreiris.ch\\\/de\\\/produktpraesentation\\\/natuerliche-heilmittel\\\/saeure-basen-haushalt\\\/3-x-3-tonikum\\\/\"]}]},{\"@type\":\"ImageObject\",\"inLanguage\":\"de\",\"@id\":\"https:\\\/\\\/bien-etreiris.ch\\\/de\\\/produktpraesentation\\\/natuerliche-heilmittel\\\/saeure-basen-haushalt\\\/3-x-3-tonikum\\\/#primaryimage\",\"url\":\"https:\\\/\\\/bien-etreiris.ch\\\/wp-content\\\/uploads\\\/2022\\\/06\\\/acceuil-3-x-3-Tonique.jpg\",\"contentUrl\":\"https:\\\/\\\/bien-etreiris.ch\\\/wp-content\\\/uploads\\\/2022\\\/06\\\/acceuil-3-x-3-Tonique.jpg\",\"width\":500,\"height\":322},{\"@type\":\"BreadcrumbList\",\"@id\":\"https:\\\/\\\/bien-etreiris.ch\\\/de\\\/produktpraesentation\\\/natuerliche-heilmittel\\\/saeure-basen-haushalt\\\/3-x-3-tonikum\\\/#breadcrumb\",\"itemListElement\":[{\"@type\":\"ListItem\",\"position\":1,\"name\":\"Home\",\"item\":\"https:\\\/\\\/bien-etreiris.ch\\\/de\\\/\"},{\"@type\":\"ListItem\",\"position\":2,\"name\":\"PRODUKTPR\u00c4SENTATION\",\"item\":\"https:\\\/\\\/bien-etreiris.ch\\\/de\\\/produktpraesentation\\\/\"},{\"@type\":\"ListItem\",\"position\":3,\"name\":\"NAT\u00dcRLICHE HEILMITTEL\",\"item\":\"https:\\\/\\\/bien-etreiris.ch\\\/de\\\/produktpraesentation\\\/natuerliche-heilmittel\\\/\"},{\"@type\":\"ListItem\",\"position\":4,\"name\":\"S\u00c4URE-BASEN-HAUSHALT\",\"item\":\"https:\\\/\\\/bien-etreiris.ch\\\/de\\\/produktpraesentation\\\/natuerliche-heilmittel\\\/saeure-basen-haushalt\\\/\"},{\"@type\":\"ListItem\",\"position\":5,\"name\":\"3 x 3 Tonikum\"}]},{\"@type\":\"WebSite\",\"@id\":\"https:\\\/\\\/bien-etreiris.ch\\\/de\\\/#website\",\"url\":\"https:\\\/\\\/bien-etreiris.ch\\\/de\\\/\",\"name\":\"Bien-\u00eatre Iris\",\"description\":\"IHRE Gesundheit ist uns wichtig\",\"potentialAction\":[{\"@type\":\"SearchAction\",\"target\":{\"@type\":\"EntryPoint\",\"urlTemplate\":\"https:\\\/\\\/bien-etreiris.ch\\\/de\\\/?s={search_term_string}\"},\"query-input\":{\"@type\":\"PropertyValueSpecification\",\"valueRequired\":true,\"valueName\":\"search_term_string\"}}],\"inLanguage\":\"de\"}]}<\/script>\n<!-- \/ Yoast SEO plugin. -->","yoast_head_json":{"title":"3 x 3 Tonikum - WOHLBEFINDEN","robots":{"index":"index","follow":"follow","max-snippet":"max-snippet:-1","max-image-preview":"max-image-preview:large","max-video-preview":"max-video-preview:-1"},"canonical":"https:\/\/bien-etreiris.ch\/de\/produktpraesentation\/natuerliche-heilmittel\/saeure-basen-haushalt\/3-x-3-tonikum\/","og_locale":"de_DE","og_type":"article","og_title":"3 x 3 Tonikum - WOHLBEFINDEN","og_description":"Tonikum f\u00fcr die Kopfhaut &nbsp; &nbsp; &nbsp; &nbsp; &nbsp; &nbsp; &nbsp; &nbsp; &nbsp; &nbsp; speziell abgestimmt auf die besonderen Bed\u00fcrfnisse der Kopfhaut und des Haares wirkt erfrischend und vitalisierend enth\u00e4lt eine Pipette, die ein sparsames Auftragen erm\u00f6glicht Anwendung auch in Kombination mit SkalPuro m\u00f6glich &nbsp; 100 ml CHF 53.00 &nbsp; &nbsp; &nbsp; Haare sind Spiegelbild der Seele und Ausdruck unserer&nbsp;Weiter lesen","og_url":"https:\/\/bien-etreiris.ch\/de\/produktpraesentation\/natuerliche-heilmittel\/saeure-basen-haushalt\/3-x-3-tonikum\/","og_site_name":"WOHLBEFINDEN","article_publisher":"https:\/\/www.facebook.com\/bienetreiris\/","article_modified_time":"2022-10-30T10:50:13+00:00","og_image":[{"width":500,"height":322,"url":"https:\/\/bien-etreiris.ch\/wp-content\/uploads\/2022\/06\/acceuil-3-x-3-Tonique.jpg","type":"image\/jpeg"}],"twitter_misc":{"Gesch\u00e4tzte Lesezeit":"2\u00a0Minuten"},"schema":{"@context":"https:\/\/schema.org","@graph":[{"@type":"WebPage","@id":"https:\/\/bien-etreiris.ch\/de\/produktpraesentation\/natuerliche-heilmittel\/saeure-basen-haushalt\/3-x-3-tonikum\/","url":"https:\/\/bien-etreiris.ch\/de\/produktpraesentation\/natuerliche-heilmittel\/saeure-basen-haushalt\/3-x-3-tonikum\/","name":"3 x 3 Tonikum - WOHLBEFINDEN","isPartOf":{"@id":"https:\/\/bien-etreiris.ch\/de\/#website"},"primaryImageOfPage":{"@id":"https:\/\/bien-etreiris.ch\/de\/produktpraesentation\/natuerliche-heilmittel\/saeure-basen-haushalt\/3-x-3-tonikum\/#primaryimage"},"image":{"@id":"https:\/\/bien-etreiris.ch\/de\/produktpraesentation\/natuerliche-heilmittel\/saeure-basen-haushalt\/3-x-3-tonikum\/#primaryimage"},"thumbnailUrl":"https:\/\/bien-etreiris.ch\/wp-content\/uploads\/2022\/06\/acceuil-3-x-3-Tonique.jpg","datePublished":"2022-06-10T03:32:04+00:00","dateModified":"2022-10-30T10:50:13+00:00","breadcrumb":{"@id":"https:\/\/bien-etreiris.ch\/de\/produktpraesentation\/natuerliche-heilmittel\/saeure-basen-haushalt\/3-x-3-tonikum\/#breadcrumb"},"inLanguage":"de","potentialAction":[{"@type":"ReadAction","target":["https:\/\/bien-etreiris.ch\/de\/produktpraesentation\/natuerliche-heilmittel\/saeure-basen-haushalt\/3-x-3-tonikum\/"]}]},{"@type":"ImageObject","inLanguage":"de","@id":"https:\/\/bien-etreiris.ch\/de\/produktpraesentation\/natuerliche-heilmittel\/saeure-basen-haushalt\/3-x-3-tonikum\/#primaryimage","url":"https:\/\/bien-etreiris.ch\/wp-content\/uploads\/2022\/06\/acceuil-3-x-3-Tonique.jpg","contentUrl":"https:\/\/bien-etreiris.ch\/wp-content\/uploads\/2022\/06\/acceuil-3-x-3-Tonique.jpg","width":500,"height":322},{"@type":"BreadcrumbList","@id":"https:\/\/bien-etreiris.ch\/de\/produktpraesentation\/natuerliche-heilmittel\/saeure-basen-haushalt\/3-x-3-tonikum\/#breadcrumb","itemListElement":[{"@type":"ListItem","position":1,"name":"Home","item":"https:\/\/bien-etreiris.ch\/de\/"},{"@type":"ListItem","position":2,"name":"PRODUKTPR\u00c4SENTATION","item":"https:\/\/bien-etreiris.ch\/de\/produktpraesentation\/"},{"@type":"ListItem","position":3,"name":"NAT\u00dcRLICHE HEILMITTEL","item":"https:\/\/bien-etreiris.ch\/de\/produktpraesentation\/natuerliche-heilmittel\/"},{"@type":"ListItem","position":4,"name":"S\u00c4URE-BASEN-HAUSHALT","item":"https:\/\/bien-etreiris.ch\/de\/produktpraesentation\/natuerliche-heilmittel\/saeure-basen-haushalt\/"},{"@type":"ListItem","position":5,"name":"3 x 3 Tonikum"}]},{"@type":"WebSite","@id":"https:\/\/bien-etreiris.ch\/de\/#website","url":"https:\/\/bien-etreiris.ch\/de\/","name":"Bien-\u00eatre Iris","description":"IHRE Gesundheit ist uns wichtig","potentialAction":[{"@type":"SearchAction","target":{"@type":"EntryPoint","urlTemplate":"https:\/\/bien-etreiris.ch\/de\/?s={search_term_string}"},"query-input":{"@type":"PropertyValueSpecification","valueRequired":true,"valueName":"search_term_string"}}],"inLanguage":"de"}]}},"_links":{"self":[{"href":"https:\/\/bien-etreiris.ch\/de\/wp-json\/wp\/v2\/pages\/61310","targetHints":{"allow":["GET"]}}],"collection":[{"href":"https:\/\/bien-etreiris.ch\/de\/wp-json\/wp\/v2\/pages"}],"about":[{"href":"https:\/\/bien-etreiris.ch\/de\/wp-json\/wp\/v2\/types\/page"}],"author":[{"embeddable":true,"href":"https:\/\/bien-etreiris.ch\/de\/wp-json\/wp\/v2\/users\/1"}],"replies":[{"embeddable":true,"href":"https:\/\/bien-etreiris.ch\/de\/wp-json\/wp\/v2\/comments?post=61310"}],"version-history":[{"count":2,"href":"https:\/\/bien-etreiris.ch\/de\/wp-json\/wp\/v2\/pages\/61310\/revisions"}],"predecessor-version":[{"id":61315,"href":"https:\/\/bien-etreiris.ch\/de\/wp-json\/wp\/v2\/pages\/61310\/revisions\/61315"}],"up":[{"embeddable":true,"href":"https:\/\/bien-etreiris.ch\/de\/wp-json\/wp\/v2\/pages\/13611"}],"wp:featuredmedia":[{"embeddable":true,"href":"https:\/\/bien-etreiris.ch\/de\/wp-json\/wp\/v2\/media\/55827"}],"wp:attachment":[{"href":"https:\/\/bien-etreiris.ch\/de\/wp-json\/wp\/v2\/media?parent=61310"}],"curies":[{"name":"wp","href":"https:\/\/api.w.org\/{rel}","templated":true}]}}