{"id":60956,"date":"2022-10-09T14:11:40","date_gmt":"2022-10-09T12:11:40","guid":{"rendered":"https:\/\/bien-etreiris.ch\/produktpraesentation\/gesundes-leben\/nahrungsergaenzungsmittel\/phytamine\/quercetin\/"},"modified":"2026-03-12T01:37:37","modified_gmt":"2026-03-11T23:37:37","slug":"quercetine","status":"publish","type":"page","link":"https:\/\/bien-etreiris.ch\/de\/produktpraesentation\/gesundes-leben\/nahrungsergaenzungsmittel\/phytamine\/quercetine\/","title":{"rendered":"QUERCETIN"},"content":{"rendered":"\n<h2>Quercetin<\/h2>\n<p><img loading=\"lazy\" decoding=\"async\" class=\"wp-image-97988 alignleft\" src=\"https:\/\/bien-etreiris.ch\/wp-content\/uploads\/2026\/03\/Quercentin.png\" alt=\"\" width=\"306\" height=\"574\" srcset=\"https:\/\/bien-etreiris.ch\/wp-content\/uploads\/2026\/03\/Quercentin.png 640w, https:\/\/bien-etreiris.ch\/wp-content\/uploads\/2026\/03\/Quercentin-160x300.png 160w, https:\/\/bien-etreiris.ch\/wp-content\/uploads\/2026\/03\/Quercentin-546x1024.png 546w\" sizes=\"auto, (max-width: 306px) 100vw, 306px\" \/><\/p>\n\n\n\n\n\n<h4>&nbsp;<\/h4>\n<h4><a href=\"https:\/\/bien-etreiris.ch\/de\/unsere-marken\/naturkraftwerke\/\" target=\"_blank\" rel=\"noopener\">&nbsp;NATURKRAFTWERKE<\/a><\/h4>\n<p>&nbsp;<\/p>\n<p>Nat\u00fcrliches Quercetin aus den Bl\u00fcten des japanischen Schnurbaums (Styphnolobium japonicum). Die vegane Kapselform erm\u00f6glicht eine einfache Anwendung. Hergestellt in \u00d6sterreich, in der Schweiz in Glas abgef\u00fcllt \u2013 f\u00fcr optimalen Schutz und zur Reduktion von Plastik.<\/p>\n<ul style=\"list-style-type: disc;\">\n<li>Reines Quercetin: Gewonnen aus den Bl\u00fcten des japanischen Schnurbaums<\/li>\n<li>Hochwertige Pflanzenextraktion: Nat\u00fcrlicher Ursprung, ohne synthetische Zus\u00e4tze<\/li>\n<li>Vegane Kapselh\u00fclle: Premium-HPMC-Qualit\u00e4t, frei von Carrageen und PEG<\/li>\n<li>Nachhaltige Verpackung: Abgef\u00fcllt in Glasbeh\u00e4ltern zur optimalen Aufbewahrung<\/li>\n<li>Qualit\u00e4tsprodukt: Hergestellt in \u00d6sterreich, abgef\u00fcllt in der Schweiz<\/li>\n<\/ul>\n<p>&nbsp;<\/p>\n<p>&nbsp;<\/p>\n<p>110 g\u00e9lules <strong>CHF 42.00<\/strong><\/p>\n<p>&nbsp;<\/p>\n<p>&nbsp;<\/p>\n<p>&nbsp;<\/p>\n<p>&nbsp;<\/p>\n<p>&nbsp;<\/p>\n<p><img loading=\"lazy\" decoding=\"async\" class=\"alignnone size-full wp-image-97991\" src=\"https:\/\/bien-etreiris.ch\/wp-content\/uploads\/2026\/03\/Edikette.jpg\" alt=\"\" width=\"1148\" height=\"422\" srcset=\"https:\/\/bien-etreiris.ch\/wp-content\/uploads\/2026\/03\/Edikette.jpg 1148w, https:\/\/bien-etreiris.ch\/wp-content\/uploads\/2026\/03\/Edikette-300x110.jpg 300w, https:\/\/bien-etreiris.ch\/wp-content\/uploads\/2026\/03\/Edikette-1024x376.jpg 1024w, https:\/\/bien-etreiris.ch\/wp-content\/uploads\/2026\/03\/Edikette-768x282.jpg 768w\" sizes=\"auto, (max-width: 1148px) 100vw, 1148px\" \/><\/p>\n","protected":false},"excerpt":{"rendered":"<p>Quercetin &nbsp; &nbsp;NATURKRAFTWERKE &nbsp; Nat\u00fcrliches Quercetin aus den Bl\u00fcten des japanischen Schnurbaums (Styphnolobium japonicum). Die vegane Kapselform erm\u00f6glicht eine einfache Anwendung. Hergestellt in \u00d6sterreich, in der Schweiz in Glas abgef\u00fcllt \u2013 f\u00fcr optimalen Schutz und zur Reduktion von Plastik. Reines Quercetin: Gewonnen aus den Bl\u00fcten des japanischen Schnurbaums Hochwertige Pflanzenextraktion: Nat\u00fcrlicher Ursprung, ohne synthetische Zus\u00e4tze Vegane Kapselh\u00fclle: Premium-HPMC-Qualit\u00e4t, frei von&nbsp;<a href=\"https:\/\/bien-etreiris.ch\/de\/produktpraesentation\/gesundes-leben\/nahrungsergaenzungsmittel\/phytamine\/quercetine\/\" class=\"read-more\">Weiter lesen<\/a><\/p>\n","protected":false},"author":1,"featured_media":60946,"parent":58591,"menu_order":4412,"comment_status":"closed","ping_status":"closed","template":"page-with-child.php","meta":{"_acf_changed":false,"ngg_post_thumbnail":0,"footnotes":""},"class_list":["post-60956","page","type-page","status-publish","has-post-thumbnail","hentry"],"acf":[],"yoast_head":"<!-- This site is optimized with the Yoast SEO plugin v27.6 - https:\/\/yoast.com\/product\/yoast-seo-wordpress\/ -->\n<title>QUERCETIN - WOHLBEFINDEN<\/title>\n<meta name=\"robots\" content=\"index, follow, max-snippet:-1, max-image-preview:large, max-video-preview:-1\" \/>\n<link rel=\"canonical\" href=\"https:\/\/bien-etreiris.ch\/de\/produktpraesentation\/gesundes-leben\/nahrungsergaenzungsmittel\/phytamine\/quercetine\/\" \/>\n<meta property=\"og:locale\" content=\"de_DE\" \/>\n<meta property=\"og:type\" content=\"article\" \/>\n<meta property=\"og:title\" content=\"QUERCETIN - WOHLBEFINDEN\" \/>\n<meta property=\"og:description\" content=\"Quercetin &nbsp; &nbsp;NATURKRAFTWERKE &nbsp; Nat\u00fcrliches Quercetin aus den Bl\u00fcten des japanischen Schnurbaums (Styphnolobium japonicum). Die vegane Kapselform erm\u00f6glicht eine einfache Anwendung. Hergestellt in \u00d6sterreich, in der Schweiz in Glas abgef\u00fcllt \u2013 f\u00fcr optimalen Schutz und zur Reduktion von Plastik. Reines Quercetin: Gewonnen aus den Bl\u00fcten des japanischen Schnurbaums Hochwertige Pflanzenextraktion: Nat\u00fcrlicher Ursprung, ohne synthetische Zus\u00e4tze Vegane Kapselh\u00fclle: Premium-HPMC-Qualit\u00e4t, frei von&nbsp;Weiter lesen\" \/>\n<meta property=\"og:url\" content=\"https:\/\/bien-etreiris.ch\/de\/produktpraesentation\/gesundes-leben\/nahrungsergaenzungsmittel\/phytamine\/quercetine\/\" \/>\n<meta property=\"og:site_name\" content=\"WOHLBEFINDEN\" \/>\n<meta property=\"article:publisher\" content=\"https:\/\/www.facebook.com\/bienetreiris\/\" \/>\n<meta property=\"article:modified_time\" content=\"2026-03-11T23:37:37+00:00\" \/>\n<meta property=\"og:image\" content=\"https:\/\/bien-etreiris.ch\/wp-content\/uploads\/2022\/10\/acceuil-Quercetin.jpg\" \/>\n\t<meta property=\"og:image:width\" content=\"500\" \/>\n\t<meta property=\"og:image:height\" content=\"369\" \/>\n\t<meta property=\"og:image:type\" content=\"image\/jpeg\" \/>\n<meta name=\"twitter:label1\" content=\"Gesch\u00e4tzte Lesezeit\" \/>\n\t<meta name=\"twitter:data1\" content=\"2\u00a0Minuten\" \/>\n<script type=\"application\/ld+json\" class=\"yoast-schema-graph\">{\"@context\":\"https:\\\/\\\/schema.org\",\"@graph\":[{\"@type\":\"WebPage\",\"@id\":\"https:\\\/\\\/bien-etreiris.ch\\\/de\\\/produktpraesentation\\\/gesundes-leben\\\/nahrungsergaenzungsmittel\\\/phytamine\\\/quercetine\\\/\",\"url\":\"https:\\\/\\\/bien-etreiris.ch\\\/de\\\/produktpraesentation\\\/gesundes-leben\\\/nahrungsergaenzungsmittel\\\/phytamine\\\/quercetine\\\/\",\"name\":\"QUERCETIN - WOHLBEFINDEN\",\"isPartOf\":{\"@id\":\"https:\\\/\\\/bien-etreiris.ch\\\/de\\\/#website\"},\"primaryImageOfPage\":{\"@id\":\"https:\\\/\\\/bien-etreiris.ch\\\/de\\\/produktpraesentation\\\/gesundes-leben\\\/nahrungsergaenzungsmittel\\\/phytamine\\\/quercetine\\\/#primaryimage\"},\"image\":{\"@id\":\"https:\\\/\\\/bien-etreiris.ch\\\/de\\\/produktpraesentation\\\/gesundes-leben\\\/nahrungsergaenzungsmittel\\\/phytamine\\\/quercetine\\\/#primaryimage\"},\"thumbnailUrl\":\"https:\\\/\\\/bien-etreiris.ch\\\/wp-content\\\/uploads\\\/2022\\\/10\\\/acceuil-Quercetin.jpg\",\"datePublished\":\"2022-10-09T12:11:40+00:00\",\"dateModified\":\"2026-03-11T23:37:37+00:00\",\"breadcrumb\":{\"@id\":\"https:\\\/\\\/bien-etreiris.ch\\\/de\\\/produktpraesentation\\\/gesundes-leben\\\/nahrungsergaenzungsmittel\\\/phytamine\\\/quercetine\\\/#breadcrumb\"},\"inLanguage\":\"de\",\"potentialAction\":[{\"@type\":\"ReadAction\",\"target\":[\"https:\\\/\\\/bien-etreiris.ch\\\/de\\\/produktpraesentation\\\/gesundes-leben\\\/nahrungsergaenzungsmittel\\\/phytamine\\\/quercetine\\\/\"]}]},{\"@type\":\"ImageObject\",\"inLanguage\":\"de\",\"@id\":\"https:\\\/\\\/bien-etreiris.ch\\\/de\\\/produktpraesentation\\\/gesundes-leben\\\/nahrungsergaenzungsmittel\\\/phytamine\\\/quercetine\\\/#primaryimage\",\"url\":\"https:\\\/\\\/bien-etreiris.ch\\\/wp-content\\\/uploads\\\/2022\\\/10\\\/acceuil-Quercetin.jpg\",\"contentUrl\":\"https:\\\/\\\/bien-etreiris.ch\\\/wp-content\\\/uploads\\\/2022\\\/10\\\/acceuil-Quercetin.jpg\",\"width\":500,\"height\":369},{\"@type\":\"BreadcrumbList\",\"@id\":\"https:\\\/\\\/bien-etreiris.ch\\\/de\\\/produktpraesentation\\\/gesundes-leben\\\/nahrungsergaenzungsmittel\\\/phytamine\\\/quercetine\\\/#breadcrumb\",\"itemListElement\":[{\"@type\":\"ListItem\",\"position\":1,\"name\":\"Home\",\"item\":\"https:\\\/\\\/bien-etreiris.ch\\\/de\\\/\"},{\"@type\":\"ListItem\",\"position\":2,\"name\":\"PRODUKTPR\u00c4SENTATION\",\"item\":\"https:\\\/\\\/bien-etreiris.ch\\\/de\\\/produktpraesentation\\\/\"},{\"@type\":\"ListItem\",\"position\":3,\"name\":\"GESUNDES LEBEN\",\"item\":\"https:\\\/\\\/bien-etreiris.ch\\\/de\\\/produktpraesentation\\\/gesundes-leben\\\/\"},{\"@type\":\"ListItem\",\"position\":4,\"name\":\"NAHRUNGSERG\u00c4NZUNG\",\"item\":\"https:\\\/\\\/bien-etreiris.ch\\\/de\\\/produktpraesentation\\\/gesundes-leben\\\/nahrungsergaenzungsmittel\\\/\"},{\"@type\":\"ListItem\",\"position\":5,\"name\":\"PHYTAMINE\",\"item\":\"https:\\\/\\\/bien-etreiris.ch\\\/de\\\/produktpraesentation\\\/gesundes-leben\\\/nahrungsergaenzungsmittel\\\/phytamine\\\/\"},{\"@type\":\"ListItem\",\"position\":6,\"name\":\"QUERCETIN\"}]},{\"@type\":\"WebSite\",\"@id\":\"https:\\\/\\\/bien-etreiris.ch\\\/de\\\/#website\",\"url\":\"https:\\\/\\\/bien-etreiris.ch\\\/de\\\/\",\"name\":\"Bien-\u00eatre Iris\",\"description\":\"IHRE Gesundheit ist uns wichtig\",\"potentialAction\":[{\"@type\":\"SearchAction\",\"target\":{\"@type\":\"EntryPoint\",\"urlTemplate\":\"https:\\\/\\\/bien-etreiris.ch\\\/de\\\/?s={search_term_string}\"},\"query-input\":{\"@type\":\"PropertyValueSpecification\",\"valueRequired\":true,\"valueName\":\"search_term_string\"}}],\"inLanguage\":\"de\"}]}<\/script>\n<!-- \/ Yoast SEO plugin. -->","yoast_head_json":{"title":"QUERCETIN - WOHLBEFINDEN","robots":{"index":"index","follow":"follow","max-snippet":"max-snippet:-1","max-image-preview":"max-image-preview:large","max-video-preview":"max-video-preview:-1"},"canonical":"https:\/\/bien-etreiris.ch\/de\/produktpraesentation\/gesundes-leben\/nahrungsergaenzungsmittel\/phytamine\/quercetine\/","og_locale":"de_DE","og_type":"article","og_title":"QUERCETIN - WOHLBEFINDEN","og_description":"Quercetin &nbsp; &nbsp;NATURKRAFTWERKE &nbsp; Nat\u00fcrliches Quercetin aus den Bl\u00fcten des japanischen Schnurbaums (Styphnolobium japonicum). Die vegane Kapselform erm\u00f6glicht eine einfache Anwendung. Hergestellt in \u00d6sterreich, in der Schweiz in Glas abgef\u00fcllt \u2013 f\u00fcr optimalen Schutz und zur Reduktion von Plastik. Reines Quercetin: Gewonnen aus den Bl\u00fcten des japanischen Schnurbaums Hochwertige Pflanzenextraktion: Nat\u00fcrlicher Ursprung, ohne synthetische Zus\u00e4tze Vegane Kapselh\u00fclle: Premium-HPMC-Qualit\u00e4t, frei von&nbsp;Weiter lesen","og_url":"https:\/\/bien-etreiris.ch\/de\/produktpraesentation\/gesundes-leben\/nahrungsergaenzungsmittel\/phytamine\/quercetine\/","og_site_name":"WOHLBEFINDEN","article_publisher":"https:\/\/www.facebook.com\/bienetreiris\/","article_modified_time":"2026-03-11T23:37:37+00:00","og_image":[{"width":500,"height":369,"url":"https:\/\/bien-etreiris.ch\/wp-content\/uploads\/2022\/10\/acceuil-Quercetin.jpg","type":"image\/jpeg"}],"twitter_misc":{"Gesch\u00e4tzte Lesezeit":"2\u00a0Minuten"},"schema":{"@context":"https:\/\/schema.org","@graph":[{"@type":"WebPage","@id":"https:\/\/bien-etreiris.ch\/de\/produktpraesentation\/gesundes-leben\/nahrungsergaenzungsmittel\/phytamine\/quercetine\/","url":"https:\/\/bien-etreiris.ch\/de\/produktpraesentation\/gesundes-leben\/nahrungsergaenzungsmittel\/phytamine\/quercetine\/","name":"QUERCETIN - WOHLBEFINDEN","isPartOf":{"@id":"https:\/\/bien-etreiris.ch\/de\/#website"},"primaryImageOfPage":{"@id":"https:\/\/bien-etreiris.ch\/de\/produktpraesentation\/gesundes-leben\/nahrungsergaenzungsmittel\/phytamine\/quercetine\/#primaryimage"},"image":{"@id":"https:\/\/bien-etreiris.ch\/de\/produktpraesentation\/gesundes-leben\/nahrungsergaenzungsmittel\/phytamine\/quercetine\/#primaryimage"},"thumbnailUrl":"https:\/\/bien-etreiris.ch\/wp-content\/uploads\/2022\/10\/acceuil-Quercetin.jpg","datePublished":"2022-10-09T12:11:40+00:00","dateModified":"2026-03-11T23:37:37+00:00","breadcrumb":{"@id":"https:\/\/bien-etreiris.ch\/de\/produktpraesentation\/gesundes-leben\/nahrungsergaenzungsmittel\/phytamine\/quercetine\/#breadcrumb"},"inLanguage":"de","potentialAction":[{"@type":"ReadAction","target":["https:\/\/bien-etreiris.ch\/de\/produktpraesentation\/gesundes-leben\/nahrungsergaenzungsmittel\/phytamine\/quercetine\/"]}]},{"@type":"ImageObject","inLanguage":"de","@id":"https:\/\/bien-etreiris.ch\/de\/produktpraesentation\/gesundes-leben\/nahrungsergaenzungsmittel\/phytamine\/quercetine\/#primaryimage","url":"https:\/\/bien-etreiris.ch\/wp-content\/uploads\/2022\/10\/acceuil-Quercetin.jpg","contentUrl":"https:\/\/bien-etreiris.ch\/wp-content\/uploads\/2022\/10\/acceuil-Quercetin.jpg","width":500,"height":369},{"@type":"BreadcrumbList","@id":"https:\/\/bien-etreiris.ch\/de\/produktpraesentation\/gesundes-leben\/nahrungsergaenzungsmittel\/phytamine\/quercetine\/#breadcrumb","itemListElement":[{"@type":"ListItem","position":1,"name":"Home","item":"https:\/\/bien-etreiris.ch\/de\/"},{"@type":"ListItem","position":2,"name":"PRODUKTPR\u00c4SENTATION","item":"https:\/\/bien-etreiris.ch\/de\/produktpraesentation\/"},{"@type":"ListItem","position":3,"name":"GESUNDES LEBEN","item":"https:\/\/bien-etreiris.ch\/de\/produktpraesentation\/gesundes-leben\/"},{"@type":"ListItem","position":4,"name":"NAHRUNGSERG\u00c4NZUNG","item":"https:\/\/bien-etreiris.ch\/de\/produktpraesentation\/gesundes-leben\/nahrungsergaenzungsmittel\/"},{"@type":"ListItem","position":5,"name":"PHYTAMINE","item":"https:\/\/bien-etreiris.ch\/de\/produktpraesentation\/gesundes-leben\/nahrungsergaenzungsmittel\/phytamine\/"},{"@type":"ListItem","position":6,"name":"QUERCETIN"}]},{"@type":"WebSite","@id":"https:\/\/bien-etreiris.ch\/de\/#website","url":"https:\/\/bien-etreiris.ch\/de\/","name":"Bien-\u00eatre Iris","description":"IHRE Gesundheit ist uns wichtig","potentialAction":[{"@type":"SearchAction","target":{"@type":"EntryPoint","urlTemplate":"https:\/\/bien-etreiris.ch\/de\/?s={search_term_string}"},"query-input":{"@type":"PropertyValueSpecification","valueRequired":true,"valueName":"search_term_string"}}],"inLanguage":"de"}]}},"_links":{"self":[{"href":"https:\/\/bien-etreiris.ch\/de\/wp-json\/wp\/v2\/pages\/60956","targetHints":{"allow":["GET"]}}],"collection":[{"href":"https:\/\/bien-etreiris.ch\/de\/wp-json\/wp\/v2\/pages"}],"about":[{"href":"https:\/\/bien-etreiris.ch\/de\/wp-json\/wp\/v2\/types\/page"}],"author":[{"embeddable":true,"href":"https:\/\/bien-etreiris.ch\/de\/wp-json\/wp\/v2\/users\/1"}],"replies":[{"embeddable":true,"href":"https:\/\/bien-etreiris.ch\/de\/wp-json\/wp\/v2\/comments?post=60956"}],"version-history":[{"count":13,"href":"https:\/\/bien-etreiris.ch\/de\/wp-json\/wp\/v2\/pages\/60956\/revisions"}],"predecessor-version":[{"id":98015,"href":"https:\/\/bien-etreiris.ch\/de\/wp-json\/wp\/v2\/pages\/60956\/revisions\/98015"}],"up":[{"embeddable":true,"href":"https:\/\/bien-etreiris.ch\/de\/wp-json\/wp\/v2\/pages\/58591"}],"wp:featuredmedia":[{"embeddable":true,"href":"https:\/\/bien-etreiris.ch\/de\/wp-json\/wp\/v2\/media\/60946"}],"wp:attachment":[{"href":"https:\/\/bien-etreiris.ch\/de\/wp-json\/wp\/v2\/media?parent=60956"}],"curies":[{"name":"wp","href":"https:\/\/api.w.org\/{rel}","templated":true}]}}