{"id":60764,"date":"2022-09-30T21:38:20","date_gmt":"2022-09-30T19:38:20","guid":{"rendered":"https:\/\/bien-etreiris.ch\/produktpraesentation\/aromatherapie\/synergies\/concentration\/"},"modified":"2022-10-01T01:35:16","modified_gmt":"2022-09-30T23:35:16","slug":"konzentration","status":"publish","type":"page","link":"https:\/\/bien-etreiris.ch\/de\/produktpraesentation\/aromatherapie\/synergien\/konzentration\/","title":{"rendered":"KONZENTRATION"},"content":{"rendered":"\n<h2>Energie &amp; Lebensfreude<\/h2>\n\n\n\n<p>&nbsp;<\/p>\n<p><a href=\"https:\/\/bien-etreiris.ch\/wp-content\/uploads\/2022\/10\/titre-concentration.jpg\"><img loading=\"lazy\" decoding=\"async\" class=\"wp-image-60716 alignleft\" src=\"https:\/\/bien-etreiris.ch\/wp-content\/uploads\/2022\/10\/titre-concentration.jpg\" alt=\"\" width=\"296\" height=\"296\" srcset=\"https:\/\/bien-etreiris.ch\/wp-content\/uploads\/2022\/10\/titre-concentration.jpg 800w, https:\/\/bien-etreiris.ch\/wp-content\/uploads\/2022\/10\/titre-concentration-300x300.jpg 300w, https:\/\/bien-etreiris.ch\/wp-content\/uploads\/2022\/10\/titre-concentration-150x150.jpg 150w, https:\/\/bien-etreiris.ch\/wp-content\/uploads\/2022\/10\/titre-concentration-768x768.jpg 768w\" sizes=\"auto, (max-width: 296px) 100vw, 296px\" \/><\/a><\/p>\n<p>&nbsp;<\/p>\n<p>&nbsp;<\/p>\n<p>&nbsp;<\/p>\n<p>&nbsp;<\/p>\n<p>&nbsp;<\/p>\n<p>&nbsp;<\/p>\n<p>M\u00e9lange de parfums \u00e9nergie 5ml <strong>CHF 9.00<\/strong><\/p>\n<p>&nbsp;<\/p>\n<p>&nbsp;<\/p>\n<p>&nbsp;<\/p>\n<p>Erfrischende, aktivierende, Konzentrationsf\u00f6rderende, motivierende Duftwirkung.<br>Duftbotschaft \"Tanke Energie und sp\u00fcre deine volle Lebenskraft\".<br>100% nat\u00fcrliche Qualit\u00e4t, nicht an Tieren getestet, vegan<\/p>\n<h4><br>Ingr\u00e9dients<\/h4>\n<p>Huiles essentielles 100% naturelles comme le citron, le romarin, le litsea, le lemonmyrtle et l'ang\u00e9lique.<br>Allerg\u00e8nes Contient du limon\u00e8ne*, du citral*, du linalol*, du g\u00e9raniol*, de l'eug\u00e9nol* et du citronellol*.<br>*composant naturel des huiles essentielles.<\/p>\n<h4><br>Application<\/h4>\n<p>Verser 3-6 gouttes dans le n\u00e9buliseur, dans le diffuseur ou sur la pierre odorante.<br>Conseil aromatique Douche matinale activante : ajouter 10-20 gouttes au Bain douche de base 100ml<\/p>\n<hr>\n<h2>Roll-on Energie<\/h2>\n<p><a href=\"https:\/\/bien-etreiris.ch\/wp-content\/uploads\/2022\/10\/Roll-on-concentration.jpg\"><img loading=\"lazy\" decoding=\"async\" class=\"wp-image-60720 alignleft\" src=\"https:\/\/bien-etreiris.ch\/wp-content\/uploads\/2022\/10\/Roll-on-concentration.jpg\" alt=\"\" width=\"151\" height=\"343\" srcset=\"https:\/\/bien-etreiris.ch\/wp-content\/uploads\/2022\/10\/Roll-on-concentration.jpg 237w, https:\/\/bien-etreiris.ch\/wp-content\/uploads\/2022\/10\/Roll-on-concentration-132x300.jpg 132w\" sizes=\"auto, (max-width: 151px) 100vw, 151px\" \/><\/a><\/p>\n<p>&nbsp;<\/p>\n<p>&nbsp;<\/p>\n<p>&nbsp;<\/p>\n<p>&nbsp;<\/p>\n<p>&nbsp;<\/p>\n<p>Roll-on \u00e9nergie 10 ml <strong>CHF 13.50<\/strong><\/p>\n<p>&nbsp;<\/p>\n<p>&nbsp;<\/p>\n<p>&nbsp;<\/p>\n<p>&nbsp;<\/p>\n<p>Effet de parfum mettre en place, motiver, stimuler la concentration, rafra\u00eechir<br>Message olfactif \"L'\u00e9nergie comme compagnon quotidien - \u00e0 rafra\u00eechir selon les besoins\".<br>Qualit\u00e9 100% naturelle, culture biologique contr\u00f4l\u00e9e, sans exp\u00e9rimentation animale, v\u00e9g\u00e9talie<\/p>\n<h4><br>Ingr\u00e9dients<\/h4>\n<p>huile de chanvre*, huile de s\u00e9same*, huile de p\u00e9pins de raisin*, huile de tournesol*, huile d'onagre*, isoamyl laurate, tocoph\u00e9rol et huiles essentielles 100% naturelles comme citron*, romarin* et myrte citronn\u00e9*.<br>*issu de l'agriculture biologique contr\u00f4l\u00e9e<\/p>\n<h4><br>Allerg\u00e8nes<\/h4>\n<p>Contient du limon\u00e8ne*, du linalool* et du citral*.<br>*composant naturel des huiles essentielles<\/p>\n<h4><br>Application<\/h4>\n<p>Appliquer ponctuellement sur la nuque, les tempes, sur le poignet ou sous le nez.<\/p>\n<h4><br>Aromatipp<\/h4>\n<p>Activateur de concentration : utiliser selon les besoins lors de travaux scolaires ou de travaux de bureau intensifs.<\/p>\n","protected":false},"excerpt":{"rendered":"<p>Energie &amp; Lebensfreude &nbsp; &nbsp; &nbsp; &nbsp; &nbsp; &nbsp; &nbsp; M\u00e9lange de parfums \u00e9nergie 5ml CHF 9.00 &nbsp; &nbsp; &nbsp; Erfrischende, aktivierende, Konzentrationsf\u00f6rderende, motivierende Duftwirkung.Duftbotschaft \"Tanke Energie und sp\u00fcre deine volle Lebenskraft\".100% nat\u00fcrliche Qualit\u00e4t, nicht an Tieren getestet, vegan Ingr\u00e9dients Huiles essentielles 100% naturelles comme le citron, le romarin, le litsea, le lemonmyrtle et l'ang\u00e9lique.Allerg\u00e8nes Contient du limon\u00e8ne*, du citral*,&nbsp;<a href=\"https:\/\/bien-etreiris.ch\/de\/produktpraesentation\/aromatherapie\/synergien\/konzentration\/\" class=\"read-more\">Weiter lesen<\/a><\/p>\n","protected":false},"author":1,"featured_media":60703,"parent":60756,"menu_order":4442,"comment_status":"closed","ping_status":"closed","template":"page-with-child.php","meta":{"_acf_changed":false,"ngg_post_thumbnail":0,"footnotes":""},"class_list":["post-60764","page","type-page","status-publish","has-post-thumbnail","hentry"],"acf":[],"yoast_head":"<!-- This site is optimized with the Yoast SEO plugin v27.4 - https:\/\/yoast.com\/product\/yoast-seo-wordpress\/ -->\n<title>KONZENTRATION - WOHLBEFINDEN<\/title>\n<meta name=\"robots\" content=\"index, follow, max-snippet:-1, max-image-preview:large, max-video-preview:-1\" \/>\n<link rel=\"canonical\" href=\"https:\/\/bien-etreiris.ch\/de\/produktpraesentation\/aromatherapie\/synergien\/konzentration\/\" \/>\n<meta property=\"og:locale\" content=\"de_DE\" \/>\n<meta property=\"og:type\" content=\"article\" \/>\n<meta property=\"og:title\" content=\"KONZENTRATION - WOHLBEFINDEN\" \/>\n<meta property=\"og:description\" content=\"Energie &amp; Lebensfreude &nbsp; &nbsp; &nbsp; &nbsp; &nbsp; &nbsp; &nbsp; M\u00e9lange de parfums \u00e9nergie 5ml CHF 9.00 &nbsp; &nbsp; &nbsp; Erfrischende, aktivierende, Konzentrationsf\u00f6rderende, motivierende Duftwirkung.Duftbotschaft &quot;Tanke Energie und sp\u00fcre deine volle Lebenskraft&quot;.100% nat\u00fcrliche Qualit\u00e4t, nicht an Tieren getestet, vegan Ingr\u00e9dients Huiles essentielles 100% naturelles comme le citron, le romarin, le litsea, le lemonmyrtle et l&#039;ang\u00e9lique.Allerg\u00e8nes Contient du limon\u00e8ne*, du citral*,&nbsp;Weiter lesen\" \/>\n<meta property=\"og:url\" content=\"https:\/\/bien-etreiris.ch\/de\/produktpraesentation\/aromatherapie\/synergien\/konzentration\/\" \/>\n<meta property=\"og:site_name\" content=\"WOHLBEFINDEN\" \/>\n<meta property=\"article:publisher\" content=\"https:\/\/www.facebook.com\/bienetreiris\/\" \/>\n<meta property=\"article:modified_time\" content=\"2022-09-30T23:35:16+00:00\" \/>\n<meta property=\"og:image\" content=\"https:\/\/bien-etreiris.ch\/wp-content\/uploads\/2022\/09\/acceuil-concentration.jpg\" \/>\n\t<meta property=\"og:image:width\" content=\"500\" \/>\n\t<meta property=\"og:image:height\" content=\"308\" \/>\n\t<meta property=\"og:image:type\" content=\"image\/jpeg\" \/>\n<meta name=\"twitter:label1\" content=\"Gesch\u00e4tzte Lesezeit\" \/>\n\t<meta name=\"twitter:data1\" content=\"2\u00a0Minuten\" \/>\n<script type=\"application\/ld+json\" class=\"yoast-schema-graph\">{\"@context\":\"https:\\\/\\\/schema.org\",\"@graph\":[{\"@type\":\"WebPage\",\"@id\":\"https:\\\/\\\/bien-etreiris.ch\\\/de\\\/produktpraesentation\\\/aromatherapie\\\/synergien\\\/konzentration\\\/\",\"url\":\"https:\\\/\\\/bien-etreiris.ch\\\/de\\\/produktpraesentation\\\/aromatherapie\\\/synergien\\\/konzentration\\\/\",\"name\":\"KONZENTRATION - WOHLBEFINDEN\",\"isPartOf\":{\"@id\":\"https:\\\/\\\/bien-etreiris.ch\\\/de\\\/#website\"},\"primaryImageOfPage\":{\"@id\":\"https:\\\/\\\/bien-etreiris.ch\\\/de\\\/produktpraesentation\\\/aromatherapie\\\/synergien\\\/konzentration\\\/#primaryimage\"},\"image\":{\"@id\":\"https:\\\/\\\/bien-etreiris.ch\\\/de\\\/produktpraesentation\\\/aromatherapie\\\/synergien\\\/konzentration\\\/#primaryimage\"},\"thumbnailUrl\":\"https:\\\/\\\/bien-etreiris.ch\\\/wp-content\\\/uploads\\\/2022\\\/09\\\/acceuil-concentration.jpg\",\"datePublished\":\"2022-09-30T19:38:20+00:00\",\"dateModified\":\"2022-09-30T23:35:16+00:00\",\"breadcrumb\":{\"@id\":\"https:\\\/\\\/bien-etreiris.ch\\\/de\\\/produktpraesentation\\\/aromatherapie\\\/synergien\\\/konzentration\\\/#breadcrumb\"},\"inLanguage\":\"de\",\"potentialAction\":[{\"@type\":\"ReadAction\",\"target\":[\"https:\\\/\\\/bien-etreiris.ch\\\/de\\\/produktpraesentation\\\/aromatherapie\\\/synergien\\\/konzentration\\\/\"]}]},{\"@type\":\"ImageObject\",\"inLanguage\":\"de\",\"@id\":\"https:\\\/\\\/bien-etreiris.ch\\\/de\\\/produktpraesentation\\\/aromatherapie\\\/synergien\\\/konzentration\\\/#primaryimage\",\"url\":\"https:\\\/\\\/bien-etreiris.ch\\\/wp-content\\\/uploads\\\/2022\\\/09\\\/acceuil-concentration.jpg\",\"contentUrl\":\"https:\\\/\\\/bien-etreiris.ch\\\/wp-content\\\/uploads\\\/2022\\\/09\\\/acceuil-concentration.jpg\",\"width\":500,\"height\":308},{\"@type\":\"BreadcrumbList\",\"@id\":\"https:\\\/\\\/bien-etreiris.ch\\\/de\\\/produktpraesentation\\\/aromatherapie\\\/synergien\\\/konzentration\\\/#breadcrumb\",\"itemListElement\":[{\"@type\":\"ListItem\",\"position\":1,\"name\":\"Home\",\"item\":\"https:\\\/\\\/bien-etreiris.ch\\\/de\\\/\"},{\"@type\":\"ListItem\",\"position\":2,\"name\":\"PRODUKTPR\u00c4SENTATION\",\"item\":\"https:\\\/\\\/bien-etreiris.ch\\\/de\\\/produktpraesentation\\\/\"},{\"@type\":\"ListItem\",\"position\":3,\"name\":\"AROMATHERAPIE\",\"item\":\"https:\\\/\\\/bien-etreiris.ch\\\/de\\\/produktpraesentation\\\/aromatherapie\\\/\"},{\"@type\":\"ListItem\",\"position\":4,\"name\":\"SYNERGIEN\",\"item\":\"https:\\\/\\\/bien-etreiris.ch\\\/de\\\/produktpraesentation\\\/aromatherapie\\\/synergien\\\/\"},{\"@type\":\"ListItem\",\"position\":5,\"name\":\"KONZENTRATION\"}]},{\"@type\":\"WebSite\",\"@id\":\"https:\\\/\\\/bien-etreiris.ch\\\/de\\\/#website\",\"url\":\"https:\\\/\\\/bien-etreiris.ch\\\/de\\\/\",\"name\":\"Bien-\u00eatre Iris\",\"description\":\"IHRE Gesundheit ist uns wichtig\",\"potentialAction\":[{\"@type\":\"SearchAction\",\"target\":{\"@type\":\"EntryPoint\",\"urlTemplate\":\"https:\\\/\\\/bien-etreiris.ch\\\/de\\\/?s={search_term_string}\"},\"query-input\":{\"@type\":\"PropertyValueSpecification\",\"valueRequired\":true,\"valueName\":\"search_term_string\"}}],\"inLanguage\":\"de\"}]}<\/script>\n<!-- \/ Yoast SEO plugin. -->","yoast_head_json":{"title":"KONZENTRATION - WOHLBEFINDEN","robots":{"index":"index","follow":"follow","max-snippet":"max-snippet:-1","max-image-preview":"max-image-preview:large","max-video-preview":"max-video-preview:-1"},"canonical":"https:\/\/bien-etreiris.ch\/de\/produktpraesentation\/aromatherapie\/synergien\/konzentration\/","og_locale":"de_DE","og_type":"article","og_title":"KONZENTRATION - WOHLBEFINDEN","og_description":"Energie &amp; Lebensfreude &nbsp; &nbsp; &nbsp; &nbsp; &nbsp; &nbsp; &nbsp; M\u00e9lange de parfums \u00e9nergie 5ml CHF 9.00 &nbsp; &nbsp; &nbsp; Erfrischende, aktivierende, Konzentrationsf\u00f6rderende, motivierende Duftwirkung.Duftbotschaft \"Tanke Energie und sp\u00fcre deine volle Lebenskraft\".100% nat\u00fcrliche Qualit\u00e4t, nicht an Tieren getestet, vegan Ingr\u00e9dients Huiles essentielles 100% naturelles comme le citron, le romarin, le litsea, le lemonmyrtle et l'ang\u00e9lique.Allerg\u00e8nes Contient du limon\u00e8ne*, du citral*,&nbsp;Weiter lesen","og_url":"https:\/\/bien-etreiris.ch\/de\/produktpraesentation\/aromatherapie\/synergien\/konzentration\/","og_site_name":"WOHLBEFINDEN","article_publisher":"https:\/\/www.facebook.com\/bienetreiris\/","article_modified_time":"2022-09-30T23:35:16+00:00","og_image":[{"width":500,"height":308,"url":"https:\/\/bien-etreiris.ch\/wp-content\/uploads\/2022\/09\/acceuil-concentration.jpg","type":"image\/jpeg"}],"twitter_misc":{"Gesch\u00e4tzte Lesezeit":"2\u00a0Minuten"},"schema":{"@context":"https:\/\/schema.org","@graph":[{"@type":"WebPage","@id":"https:\/\/bien-etreiris.ch\/de\/produktpraesentation\/aromatherapie\/synergien\/konzentration\/","url":"https:\/\/bien-etreiris.ch\/de\/produktpraesentation\/aromatherapie\/synergien\/konzentration\/","name":"KONZENTRATION - WOHLBEFINDEN","isPartOf":{"@id":"https:\/\/bien-etreiris.ch\/de\/#website"},"primaryImageOfPage":{"@id":"https:\/\/bien-etreiris.ch\/de\/produktpraesentation\/aromatherapie\/synergien\/konzentration\/#primaryimage"},"image":{"@id":"https:\/\/bien-etreiris.ch\/de\/produktpraesentation\/aromatherapie\/synergien\/konzentration\/#primaryimage"},"thumbnailUrl":"https:\/\/bien-etreiris.ch\/wp-content\/uploads\/2022\/09\/acceuil-concentration.jpg","datePublished":"2022-09-30T19:38:20+00:00","dateModified":"2022-09-30T23:35:16+00:00","breadcrumb":{"@id":"https:\/\/bien-etreiris.ch\/de\/produktpraesentation\/aromatherapie\/synergien\/konzentration\/#breadcrumb"},"inLanguage":"de","potentialAction":[{"@type":"ReadAction","target":["https:\/\/bien-etreiris.ch\/de\/produktpraesentation\/aromatherapie\/synergien\/konzentration\/"]}]},{"@type":"ImageObject","inLanguage":"de","@id":"https:\/\/bien-etreiris.ch\/de\/produktpraesentation\/aromatherapie\/synergien\/konzentration\/#primaryimage","url":"https:\/\/bien-etreiris.ch\/wp-content\/uploads\/2022\/09\/acceuil-concentration.jpg","contentUrl":"https:\/\/bien-etreiris.ch\/wp-content\/uploads\/2022\/09\/acceuil-concentration.jpg","width":500,"height":308},{"@type":"BreadcrumbList","@id":"https:\/\/bien-etreiris.ch\/de\/produktpraesentation\/aromatherapie\/synergien\/konzentration\/#breadcrumb","itemListElement":[{"@type":"ListItem","position":1,"name":"Home","item":"https:\/\/bien-etreiris.ch\/de\/"},{"@type":"ListItem","position":2,"name":"PRODUKTPR\u00c4SENTATION","item":"https:\/\/bien-etreiris.ch\/de\/produktpraesentation\/"},{"@type":"ListItem","position":3,"name":"AROMATHERAPIE","item":"https:\/\/bien-etreiris.ch\/de\/produktpraesentation\/aromatherapie\/"},{"@type":"ListItem","position":4,"name":"SYNERGIEN","item":"https:\/\/bien-etreiris.ch\/de\/produktpraesentation\/aromatherapie\/synergien\/"},{"@type":"ListItem","position":5,"name":"KONZENTRATION"}]},{"@type":"WebSite","@id":"https:\/\/bien-etreiris.ch\/de\/#website","url":"https:\/\/bien-etreiris.ch\/de\/","name":"Bien-\u00eatre Iris","description":"IHRE Gesundheit ist uns wichtig","potentialAction":[{"@type":"SearchAction","target":{"@type":"EntryPoint","urlTemplate":"https:\/\/bien-etreiris.ch\/de\/?s={search_term_string}"},"query-input":{"@type":"PropertyValueSpecification","valueRequired":true,"valueName":"search_term_string"}}],"inLanguage":"de"}]}},"_links":{"self":[{"href":"https:\/\/bien-etreiris.ch\/de\/wp-json\/wp\/v2\/pages\/60764","targetHints":{"allow":["GET"]}}],"collection":[{"href":"https:\/\/bien-etreiris.ch\/de\/wp-json\/wp\/v2\/pages"}],"about":[{"href":"https:\/\/bien-etreiris.ch\/de\/wp-json\/wp\/v2\/types\/page"}],"author":[{"embeddable":true,"href":"https:\/\/bien-etreiris.ch\/de\/wp-json\/wp\/v2\/users\/1"}],"replies":[{"embeddable":true,"href":"https:\/\/bien-etreiris.ch\/de\/wp-json\/wp\/v2\/comments?post=60764"}],"version-history":[{"count":3,"href":"https:\/\/bien-etreiris.ch\/de\/wp-json\/wp\/v2\/pages\/60764\/revisions"}],"predecessor-version":[{"id":60775,"href":"https:\/\/bien-etreiris.ch\/de\/wp-json\/wp\/v2\/pages\/60764\/revisions\/60775"}],"up":[{"embeddable":true,"href":"https:\/\/bien-etreiris.ch\/de\/wp-json\/wp\/v2\/pages\/60756"}],"wp:featuredmedia":[{"embeddable":true,"href":"https:\/\/bien-etreiris.ch\/de\/wp-json\/wp\/v2\/media\/60703"}],"wp:attachment":[{"href":"https:\/\/bien-etreiris.ch\/de\/wp-json\/wp\/v2\/media?parent=60764"}],"curies":[{"name":"wp","href":"https:\/\/api.w.org\/{rel}","templated":true}]}}