{"id":60760,"date":"2022-10-01T00:58:53","date_gmt":"2022-09-30T22:58:53","guid":{"rendered":"https:\/\/bien-etreiris.ch\/produktpraesentation\/aromatherapie\/synergies\/calme\/"},"modified":"2022-10-01T01:27:39","modified_gmt":"2022-09-30T23:27:39","slug":"ruhe","status":"publish","type":"page","link":"https:\/\/bien-etreiris.ch\/de\/produktpraesentation\/aromatherapie\/synergien\/ruhe\/","title":{"rendered":"RUHE"},"content":{"rendered":"\n<h4>Effet de parfum<\/h4>\n<p>\u00e9quilibrant, \u00e9claircissant l'humeur, harmonisant, reposant<\/p>\n<h4>Message olfactif<\/h4>\n<p>\"Profite du calme et de la d\u00e9tente, m\u00eame en p\u00e9riode de stress\".<br>Qualit\u00e9 100% naturelle, non test\u00e9e sur les animaux, v\u00e9g\u00e9talienne<\/p>\n<h4><br>Ingr\u00e9dients<\/h4>\n<p>Huiles essentielles 100% pures de lavande, vanille et m\u00e9lisse.<\/p>\n<h4><br>Allerg\u00e8nes<\/h4>\n<p>Contient du linalol*, du limon\u00e8ne*, du citral*, du g\u00e9raniol* et du citronellol*.<br>*composant naturel des huiles essentielles.<\/p>\n<h4><br>Application<\/h4>\n<p>Verser 3-6 gouttes dans le n\u00e9buliseur, dans le diffuseur ou sur la pierre odorante.<\/p>\n<h4><br>Astuce aromatique<\/h4>\n<p>pour le bain apr\u00e8s le travail : ajouter 20-30 gouttes au bain douche de base.<\/p>\n<p>&nbsp;<\/p>\n<hr>\n<h2>Roll-on Calme<\/h2>\n<p>&nbsp;<\/p>\n<p>&nbsp;<\/p>\n<h4>Effet de parfum<\/h4>\n<p>\u00e9quilibrant, \u00e9claircissant l'humeur, harmonisant, reposant<\/p>\n<h4><br>Message olfactif<\/h4>\n<p>\"Profite du calme et de la d\u00e9tente, m\u00eame en p\u00e9riode de stress\".<\/p>\n<h4><br>Qualit\u00e9<\/h4>\n<p>100% naturelle, culture biologique contr\u00f4l\u00e9e, sans exp\u00e9rimentation animale, v\u00e9g\u00e9talien<\/p>\n<h4><br>Ingr\u00e9dients<\/h4>\n<p>huile de chanvre*, huile de s\u00e9same*, huile de p\u00e9pins de raisin*, huile de tournesol*, huile d'onagre*, isoamyl laurate, tocoph\u00e9rol et huiles essentielles 100% naturelles comme lavande fine*, m\u00e9lisse* et vanille*.<br>*issu de l'agriculture biologique contr\u00f4l\u00e9e<\/p>\n<h4><br>Allerg\u00e8nes<\/h4>\n<p>Contient du linalol*, du citral*, du limon\u00e8ne*, du g\u00e9raniol*, du citronellol*.<br>*composant naturel des huiles essentielles<\/p>\n<h4><br>Application<\/h4>\n<p>Appliquer ponctuellement sur la nuque, les tempes, sur le poignet ou sous le nez.<br>Conseil aromatique pour un sommeil paisible : appliquer le roll-on en fin de journ\u00e9e selon les besoins.<\/p>\n","protected":false},"excerpt":{"rendered":"<p>Effet de parfum \u00e9quilibrant, \u00e9claircissant l'humeur, harmonisant, reposant Message olfactif \"Profite du calme et de la d\u00e9tente, m\u00eame en p\u00e9riode de stress\".Qualit\u00e9 100% naturelle, non test\u00e9e sur les animaux, v\u00e9g\u00e9talienne Ingr\u00e9dients Huiles essentielles 100% pures de lavande, vanille et m\u00e9lisse. Allerg\u00e8nes Contient du linalol*, du limon\u00e8ne*, du citral*, du g\u00e9raniol* et du citronellol*.*composant naturel des huiles essentielles. Application Verser 3-6&nbsp;<a href=\"https:\/\/bien-etreiris.ch\/de\/produktpraesentation\/aromatherapie\/synergien\/ruhe\/\" class=\"read-more\">Weiter lesen<\/a><\/p>\n","protected":false},"author":1,"featured_media":60742,"parent":60756,"menu_order":4436,"comment_status":"closed","ping_status":"closed","template":"page-with-child.php","meta":{"_acf_changed":false,"ngg_post_thumbnail":0,"footnotes":""},"class_list":["post-60760","page","type-page","status-publish","has-post-thumbnail","hentry"],"acf":[],"yoast_head":"<!-- This site is optimized with the Yoast SEO plugin v27.4 - https:\/\/yoast.com\/product\/yoast-seo-wordpress\/ -->\n<title>RUHE - WOHLBEFINDEN<\/title>\n<meta name=\"robots\" content=\"index, follow, max-snippet:-1, max-image-preview:large, max-video-preview:-1\" \/>\n<link rel=\"canonical\" href=\"https:\/\/bien-etreiris.ch\/de\/produktpraesentation\/aromatherapie\/synergien\/ruhe\/\" \/>\n<meta property=\"og:locale\" content=\"de_DE\" \/>\n<meta property=\"og:type\" content=\"article\" \/>\n<meta property=\"og:title\" content=\"RUHE - WOHLBEFINDEN\" \/>\n<meta property=\"og:description\" content=\"Effet de parfum \u00e9quilibrant, \u00e9claircissant l&#039;humeur, harmonisant, reposant Message olfactif &quot;Profite du calme et de la d\u00e9tente, m\u00eame en p\u00e9riode de stress&quot;.Qualit\u00e9 100% naturelle, non test\u00e9e sur les animaux, v\u00e9g\u00e9talienne Ingr\u00e9dients Huiles essentielles 100% pures de lavande, vanille et m\u00e9lisse. Allerg\u00e8nes Contient du linalol*, du limon\u00e8ne*, du citral*, du g\u00e9raniol* et du citronellol*.*composant naturel des huiles essentielles. Application Verser 3-6&nbsp;Weiter lesen\" \/>\n<meta property=\"og:url\" content=\"https:\/\/bien-etreiris.ch\/de\/produktpraesentation\/aromatherapie\/synergien\/ruhe\/\" \/>\n<meta property=\"og:site_name\" content=\"WOHLBEFINDEN\" \/>\n<meta property=\"article:publisher\" content=\"https:\/\/www.facebook.com\/bienetreiris\/\" \/>\n<meta property=\"article:modified_time\" content=\"2022-09-30T23:27:39+00:00\" \/>\n<meta property=\"og:image\" content=\"https:\/\/bien-etreiris.ch\/wp-content\/uploads\/2022\/10\/acceuil-calme.jpg\" \/>\n\t<meta property=\"og:image:width\" content=\"500\" \/>\n\t<meta property=\"og:image:height\" content=\"333\" \/>\n\t<meta property=\"og:image:type\" content=\"image\/jpeg\" \/>\n<meta name=\"twitter:label1\" content=\"Gesch\u00e4tzte Lesezeit\" \/>\n\t<meta name=\"twitter:data1\" content=\"2\u00a0Minuten\" \/>\n<script type=\"application\/ld+json\" class=\"yoast-schema-graph\">{\"@context\":\"https:\\\/\\\/schema.org\",\"@graph\":[{\"@type\":\"WebPage\",\"@id\":\"https:\\\/\\\/bien-etreiris.ch\\\/de\\\/produktpraesentation\\\/aromatherapie\\\/synergien\\\/ruhe\\\/\",\"url\":\"https:\\\/\\\/bien-etreiris.ch\\\/de\\\/produktpraesentation\\\/aromatherapie\\\/synergien\\\/ruhe\\\/\",\"name\":\"RUHE - WOHLBEFINDEN\",\"isPartOf\":{\"@id\":\"https:\\\/\\\/bien-etreiris.ch\\\/de\\\/#website\"},\"primaryImageOfPage\":{\"@id\":\"https:\\\/\\\/bien-etreiris.ch\\\/de\\\/produktpraesentation\\\/aromatherapie\\\/synergien\\\/ruhe\\\/#primaryimage\"},\"image\":{\"@id\":\"https:\\\/\\\/bien-etreiris.ch\\\/de\\\/produktpraesentation\\\/aromatherapie\\\/synergien\\\/ruhe\\\/#primaryimage\"},\"thumbnailUrl\":\"https:\\\/\\\/bien-etreiris.ch\\\/wp-content\\\/uploads\\\/2022\\\/10\\\/acceuil-calme.jpg\",\"datePublished\":\"2022-09-30T22:58:53+00:00\",\"dateModified\":\"2022-09-30T23:27:39+00:00\",\"breadcrumb\":{\"@id\":\"https:\\\/\\\/bien-etreiris.ch\\\/de\\\/produktpraesentation\\\/aromatherapie\\\/synergien\\\/ruhe\\\/#breadcrumb\"},\"inLanguage\":\"de\",\"potentialAction\":[{\"@type\":\"ReadAction\",\"target\":[\"https:\\\/\\\/bien-etreiris.ch\\\/de\\\/produktpraesentation\\\/aromatherapie\\\/synergien\\\/ruhe\\\/\"]}]},{\"@type\":\"ImageObject\",\"inLanguage\":\"de\",\"@id\":\"https:\\\/\\\/bien-etreiris.ch\\\/de\\\/produktpraesentation\\\/aromatherapie\\\/synergien\\\/ruhe\\\/#primaryimage\",\"url\":\"https:\\\/\\\/bien-etreiris.ch\\\/wp-content\\\/uploads\\\/2022\\\/10\\\/acceuil-calme.jpg\",\"contentUrl\":\"https:\\\/\\\/bien-etreiris.ch\\\/wp-content\\\/uploads\\\/2022\\\/10\\\/acceuil-calme.jpg\",\"width\":500,\"height\":333},{\"@type\":\"BreadcrumbList\",\"@id\":\"https:\\\/\\\/bien-etreiris.ch\\\/de\\\/produktpraesentation\\\/aromatherapie\\\/synergien\\\/ruhe\\\/#breadcrumb\",\"itemListElement\":[{\"@type\":\"ListItem\",\"position\":1,\"name\":\"Home\",\"item\":\"https:\\\/\\\/bien-etreiris.ch\\\/de\\\/\"},{\"@type\":\"ListItem\",\"position\":2,\"name\":\"PRODUKTPR\u00c4SENTATION\",\"item\":\"https:\\\/\\\/bien-etreiris.ch\\\/de\\\/produktpraesentation\\\/\"},{\"@type\":\"ListItem\",\"position\":3,\"name\":\"AROMATHERAPIE\",\"item\":\"https:\\\/\\\/bien-etreiris.ch\\\/de\\\/produktpraesentation\\\/aromatherapie\\\/\"},{\"@type\":\"ListItem\",\"position\":4,\"name\":\"SYNERGIEN\",\"item\":\"https:\\\/\\\/bien-etreiris.ch\\\/de\\\/produktpraesentation\\\/aromatherapie\\\/synergien\\\/\"},{\"@type\":\"ListItem\",\"position\":5,\"name\":\"RUHE\"}]},{\"@type\":\"WebSite\",\"@id\":\"https:\\\/\\\/bien-etreiris.ch\\\/de\\\/#website\",\"url\":\"https:\\\/\\\/bien-etreiris.ch\\\/de\\\/\",\"name\":\"Bien-\u00eatre Iris\",\"description\":\"IHRE Gesundheit ist uns wichtig\",\"potentialAction\":[{\"@type\":\"SearchAction\",\"target\":{\"@type\":\"EntryPoint\",\"urlTemplate\":\"https:\\\/\\\/bien-etreiris.ch\\\/de\\\/?s={search_term_string}\"},\"query-input\":{\"@type\":\"PropertyValueSpecification\",\"valueRequired\":true,\"valueName\":\"search_term_string\"}}],\"inLanguage\":\"de\"}]}<\/script>\n<!-- \/ Yoast SEO plugin. -->","yoast_head_json":{"title":"RUHE - WOHLBEFINDEN","robots":{"index":"index","follow":"follow","max-snippet":"max-snippet:-1","max-image-preview":"max-image-preview:large","max-video-preview":"max-video-preview:-1"},"canonical":"https:\/\/bien-etreiris.ch\/de\/produktpraesentation\/aromatherapie\/synergien\/ruhe\/","og_locale":"de_DE","og_type":"article","og_title":"RUHE - WOHLBEFINDEN","og_description":"Effet de parfum \u00e9quilibrant, \u00e9claircissant l'humeur, harmonisant, reposant Message olfactif \"Profite du calme et de la d\u00e9tente, m\u00eame en p\u00e9riode de stress\".Qualit\u00e9 100% naturelle, non test\u00e9e sur les animaux, v\u00e9g\u00e9talienne Ingr\u00e9dients Huiles essentielles 100% pures de lavande, vanille et m\u00e9lisse. Allerg\u00e8nes Contient du linalol*, du limon\u00e8ne*, du citral*, du g\u00e9raniol* et du citronellol*.*composant naturel des huiles essentielles. Application Verser 3-6&nbsp;Weiter lesen","og_url":"https:\/\/bien-etreiris.ch\/de\/produktpraesentation\/aromatherapie\/synergien\/ruhe\/","og_site_name":"WOHLBEFINDEN","article_publisher":"https:\/\/www.facebook.com\/bienetreiris\/","article_modified_time":"2022-09-30T23:27:39+00:00","og_image":[{"width":500,"height":333,"url":"https:\/\/bien-etreiris.ch\/wp-content\/uploads\/2022\/10\/acceuil-calme.jpg","type":"image\/jpeg"}],"twitter_misc":{"Gesch\u00e4tzte Lesezeit":"2\u00a0Minuten"},"schema":{"@context":"https:\/\/schema.org","@graph":[{"@type":"WebPage","@id":"https:\/\/bien-etreiris.ch\/de\/produktpraesentation\/aromatherapie\/synergien\/ruhe\/","url":"https:\/\/bien-etreiris.ch\/de\/produktpraesentation\/aromatherapie\/synergien\/ruhe\/","name":"RUHE - WOHLBEFINDEN","isPartOf":{"@id":"https:\/\/bien-etreiris.ch\/de\/#website"},"primaryImageOfPage":{"@id":"https:\/\/bien-etreiris.ch\/de\/produktpraesentation\/aromatherapie\/synergien\/ruhe\/#primaryimage"},"image":{"@id":"https:\/\/bien-etreiris.ch\/de\/produktpraesentation\/aromatherapie\/synergien\/ruhe\/#primaryimage"},"thumbnailUrl":"https:\/\/bien-etreiris.ch\/wp-content\/uploads\/2022\/10\/acceuil-calme.jpg","datePublished":"2022-09-30T22:58:53+00:00","dateModified":"2022-09-30T23:27:39+00:00","breadcrumb":{"@id":"https:\/\/bien-etreiris.ch\/de\/produktpraesentation\/aromatherapie\/synergien\/ruhe\/#breadcrumb"},"inLanguage":"de","potentialAction":[{"@type":"ReadAction","target":["https:\/\/bien-etreiris.ch\/de\/produktpraesentation\/aromatherapie\/synergien\/ruhe\/"]}]},{"@type":"ImageObject","inLanguage":"de","@id":"https:\/\/bien-etreiris.ch\/de\/produktpraesentation\/aromatherapie\/synergien\/ruhe\/#primaryimage","url":"https:\/\/bien-etreiris.ch\/wp-content\/uploads\/2022\/10\/acceuil-calme.jpg","contentUrl":"https:\/\/bien-etreiris.ch\/wp-content\/uploads\/2022\/10\/acceuil-calme.jpg","width":500,"height":333},{"@type":"BreadcrumbList","@id":"https:\/\/bien-etreiris.ch\/de\/produktpraesentation\/aromatherapie\/synergien\/ruhe\/#breadcrumb","itemListElement":[{"@type":"ListItem","position":1,"name":"Home","item":"https:\/\/bien-etreiris.ch\/de\/"},{"@type":"ListItem","position":2,"name":"PRODUKTPR\u00c4SENTATION","item":"https:\/\/bien-etreiris.ch\/de\/produktpraesentation\/"},{"@type":"ListItem","position":3,"name":"AROMATHERAPIE","item":"https:\/\/bien-etreiris.ch\/de\/produktpraesentation\/aromatherapie\/"},{"@type":"ListItem","position":4,"name":"SYNERGIEN","item":"https:\/\/bien-etreiris.ch\/de\/produktpraesentation\/aromatherapie\/synergien\/"},{"@type":"ListItem","position":5,"name":"RUHE"}]},{"@type":"WebSite","@id":"https:\/\/bien-etreiris.ch\/de\/#website","url":"https:\/\/bien-etreiris.ch\/de\/","name":"Bien-\u00eatre Iris","description":"IHRE Gesundheit ist uns wichtig","potentialAction":[{"@type":"SearchAction","target":{"@type":"EntryPoint","urlTemplate":"https:\/\/bien-etreiris.ch\/de\/?s={search_term_string}"},"query-input":{"@type":"PropertyValueSpecification","valueRequired":true,"valueName":"search_term_string"}}],"inLanguage":"de"}]}},"_links":{"self":[{"href":"https:\/\/bien-etreiris.ch\/de\/wp-json\/wp\/v2\/pages\/60760","targetHints":{"allow":["GET"]}}],"collection":[{"href":"https:\/\/bien-etreiris.ch\/de\/wp-json\/wp\/v2\/pages"}],"about":[{"href":"https:\/\/bien-etreiris.ch\/de\/wp-json\/wp\/v2\/types\/page"}],"author":[{"embeddable":true,"href":"https:\/\/bien-etreiris.ch\/de\/wp-json\/wp\/v2\/users\/1"}],"replies":[{"embeddable":true,"href":"https:\/\/bien-etreiris.ch\/de\/wp-json\/wp\/v2\/comments?post=60760"}],"version-history":[{"count":2,"href":"https:\/\/bien-etreiris.ch\/de\/wp-json\/wp\/v2\/pages\/60760\/revisions"}],"predecessor-version":[{"id":60770,"href":"https:\/\/bien-etreiris.ch\/de\/wp-json\/wp\/v2\/pages\/60760\/revisions\/60770"}],"up":[{"embeddable":true,"href":"https:\/\/bien-etreiris.ch\/de\/wp-json\/wp\/v2\/pages\/60756"}],"wp:featuredmedia":[{"embeddable":true,"href":"https:\/\/bien-etreiris.ch\/de\/wp-json\/wp\/v2\/media\/60742"}],"wp:attachment":[{"href":"https:\/\/bien-etreiris.ch\/de\/wp-json\/wp\/v2\/media?parent=60760"}],"curies":[{"name":"wp","href":"https:\/\/api.w.org\/{rel}","templated":true}]}}