{"id":60751,"date":"2022-10-01T01:17:35","date_gmt":"2022-09-30T23:17:35","guid":{"rendered":"https:\/\/bien-etreiris.ch\/bienfaisant\/"},"modified":"2022-10-01T01:25:03","modified_gmt":"2022-09-30T23:25:03","slug":"kopfwohl","status":"publish","type":"page","link":"https:\/\/bien-etreiris.ch\/de\/produktpraesentation\/aromatherapie\/synergien\/kopfwohl\/","title":{"rendered":"KOPFWOHL"},"content":{"rendered":"\n<h2>Roll-on Kopfwohl<\/h2>\n<p>&nbsp;<\/p>\n<p>&nbsp;<\/p>\n<p>&nbsp;<\/p>\n<p>&nbsp;<\/p>\n\n\n\n<h4>Effet de parfum<\/h4>\n<p>bienfaisant, lib\u00e9rateur, relaxant, clarifiant<\/p>\n<h4><br>Message olfactif<\/h4>\n<p>\"Une t\u00eate l\u00e9g\u00e8re est une t\u00eate libre\".<\/p>\n<h4><br>Qualit\u00e9<\/h4>\n<p>100% naturelle, culture biologique contr\u00f4l\u00e9e, sans exp\u00e9rimentation animale, v\u00e9g\u00e9talien<\/p>\n<h4><br>Ingr\u00e9dients<\/h4>\n<p>huile de chanvre*, huile de s\u00e9same*, huile de p\u00e9pins de raisin*, huile de tournesol*, huile d'onagre*, isoamyl laurate, tocoph\u00e9rol et huiles essentielles 100% naturelles comme menthe poivr\u00e9e*, nanamine* et lavande*.<br>*issu de l'agriculture biologique contr\u00f4l\u00e9e<\/p>\n<h4><br>Allerg\u00e8nes<\/h4>\n<p>Contient du linalol* et du limon\u00e8ne*.<br>*composant naturel des huiles essentielles<\/p>\n<h4><br>Application<\/h4>\n<p>Appliquer ponctuellement sur la nuque, les tempes, sur le poignet ou sous le nez.<\/p>\n<h4><br>Aromatipp<\/h4>\n<p>Pr\u00e9vention du mal de t\u00eate : si vous connaissez votre t\u00eate, emportez toujours le roll-on dans votre sac \u00e0 main et appliquez d\u00e8s les premiers signes.<\/p>\n\n\n\n\n\n<p>&nbsp;<br><br><\/p>\n","protected":false},"excerpt":{"rendered":"<p>Roll-on Kopfwohl &nbsp; &nbsp; &nbsp; &nbsp; Effet de parfum bienfaisant, lib\u00e9rateur, relaxant, clarifiant Message olfactif \"Une t\u00eate l\u00e9g\u00e8re est une t\u00eate libre\". Qualit\u00e9 100% naturelle, culture biologique contr\u00f4l\u00e9e, sans exp\u00e9rimentation animale, v\u00e9g\u00e9talien Ingr\u00e9dients huile de chanvre*, huile de s\u00e9same*, huile de p\u00e9pins de raisin*, huile de tournesol*, huile d'onagre*, isoamyl laurate, tocoph\u00e9rol et huiles essentielles 100% naturelles comme menthe poivr\u00e9e*,&nbsp;<a href=\"https:\/\/bien-etreiris.ch\/de\/produktpraesentation\/aromatherapie\/synergien\/kopfwohl\/\" class=\"read-more\">Weiter lesen<\/a><\/p>\n","protected":false},"author":1,"featured_media":60747,"parent":60756,"menu_order":4431,"comment_status":"closed","ping_status":"closed","template":"page-with-child.php","meta":{"_acf_changed":false,"ngg_post_thumbnail":0,"footnotes":""},"class_list":["post-60751","page","type-page","status-publish","has-post-thumbnail","hentry"],"acf":[],"yoast_head":"<!-- This site is optimized with the Yoast SEO plugin v27.4 - https:\/\/yoast.com\/product\/yoast-seo-wordpress\/ -->\n<title>KOPFWOHL - WOHLBEFINDEN<\/title>\n<meta name=\"robots\" content=\"index, follow, max-snippet:-1, max-image-preview:large, max-video-preview:-1\" \/>\n<link rel=\"canonical\" href=\"https:\/\/bien-etreiris.ch\/de\/produktpraesentation\/aromatherapie\/synergien\/kopfwohl\/\" \/>\n<meta property=\"og:locale\" content=\"de_DE\" \/>\n<meta property=\"og:type\" content=\"article\" \/>\n<meta property=\"og:title\" content=\"KOPFWOHL - WOHLBEFINDEN\" \/>\n<meta property=\"og:description\" content=\"Roll-on Kopfwohl &nbsp; &nbsp; &nbsp; &nbsp; Effet de parfum bienfaisant, lib\u00e9rateur, relaxant, clarifiant Message olfactif &quot;Une t\u00eate l\u00e9g\u00e8re est une t\u00eate libre&quot;. Qualit\u00e9 100% naturelle, culture biologique contr\u00f4l\u00e9e, sans exp\u00e9rimentation animale, v\u00e9g\u00e9talien Ingr\u00e9dients huile de chanvre*, huile de s\u00e9same*, huile de p\u00e9pins de raisin*, huile de tournesol*, huile d&#039;onagre*, isoamyl laurate, tocoph\u00e9rol et huiles essentielles 100% naturelles comme menthe poivr\u00e9e*,&nbsp;Weiter lesen\" \/>\n<meta property=\"og:url\" content=\"https:\/\/bien-etreiris.ch\/de\/produktpraesentation\/aromatherapie\/synergien\/kopfwohl\/\" \/>\n<meta property=\"og:site_name\" content=\"WOHLBEFINDEN\" \/>\n<meta property=\"article:publisher\" content=\"https:\/\/www.facebook.com\/bienetreiris\/\" \/>\n<meta property=\"article:modified_time\" content=\"2022-09-30T23:25:03+00:00\" \/>\n<meta property=\"og:image\" content=\"https:\/\/bien-etreiris.ch\/wp-content\/uploads\/2022\/10\/Acceuil-bienfaisant-pour-la-tete.jpg\" \/>\n\t<meta property=\"og:image:width\" content=\"500\" \/>\n\t<meta property=\"og:image:height\" content=\"327\" \/>\n\t<meta property=\"og:image:type\" content=\"image\/jpeg\" \/>\n<meta name=\"twitter:label1\" content=\"Gesch\u00e4tzte Lesezeit\" \/>\n\t<meta name=\"twitter:data1\" content=\"1\u00a0Minute\" \/>\n<script type=\"application\/ld+json\" class=\"yoast-schema-graph\">{\"@context\":\"https:\\\/\\\/schema.org\",\"@graph\":[{\"@type\":\"WebPage\",\"@id\":\"https:\\\/\\\/bien-etreiris.ch\\\/de\\\/produktpraesentation\\\/aromatherapie\\\/synergien\\\/kopfwohl\\\/\",\"url\":\"https:\\\/\\\/bien-etreiris.ch\\\/de\\\/produktpraesentation\\\/aromatherapie\\\/synergien\\\/kopfwohl\\\/\",\"name\":\"KOPFWOHL - WOHLBEFINDEN\",\"isPartOf\":{\"@id\":\"https:\\\/\\\/bien-etreiris.ch\\\/de\\\/#website\"},\"primaryImageOfPage\":{\"@id\":\"https:\\\/\\\/bien-etreiris.ch\\\/de\\\/produktpraesentation\\\/aromatherapie\\\/synergien\\\/kopfwohl\\\/#primaryimage\"},\"image\":{\"@id\":\"https:\\\/\\\/bien-etreiris.ch\\\/de\\\/produktpraesentation\\\/aromatherapie\\\/synergien\\\/kopfwohl\\\/#primaryimage\"},\"thumbnailUrl\":\"https:\\\/\\\/bien-etreiris.ch\\\/wp-content\\\/uploads\\\/2022\\\/10\\\/Acceuil-bienfaisant-pour-la-tete.jpg\",\"datePublished\":\"2022-09-30T23:17:35+00:00\",\"dateModified\":\"2022-09-30T23:25:03+00:00\",\"breadcrumb\":{\"@id\":\"https:\\\/\\\/bien-etreiris.ch\\\/de\\\/produktpraesentation\\\/aromatherapie\\\/synergien\\\/kopfwohl\\\/#breadcrumb\"},\"inLanguage\":\"de\",\"potentialAction\":[{\"@type\":\"ReadAction\",\"target\":[\"https:\\\/\\\/bien-etreiris.ch\\\/de\\\/produktpraesentation\\\/aromatherapie\\\/synergien\\\/kopfwohl\\\/\"]}]},{\"@type\":\"ImageObject\",\"inLanguage\":\"de\",\"@id\":\"https:\\\/\\\/bien-etreiris.ch\\\/de\\\/produktpraesentation\\\/aromatherapie\\\/synergien\\\/kopfwohl\\\/#primaryimage\",\"url\":\"https:\\\/\\\/bien-etreiris.ch\\\/wp-content\\\/uploads\\\/2022\\\/10\\\/Acceuil-bienfaisant-pour-la-tete.jpg\",\"contentUrl\":\"https:\\\/\\\/bien-etreiris.ch\\\/wp-content\\\/uploads\\\/2022\\\/10\\\/Acceuil-bienfaisant-pour-la-tete.jpg\",\"width\":500,\"height\":327},{\"@type\":\"BreadcrumbList\",\"@id\":\"https:\\\/\\\/bien-etreiris.ch\\\/de\\\/produktpraesentation\\\/aromatherapie\\\/synergien\\\/kopfwohl\\\/#breadcrumb\",\"itemListElement\":[{\"@type\":\"ListItem\",\"position\":1,\"name\":\"Home\",\"item\":\"https:\\\/\\\/bien-etreiris.ch\\\/de\\\/\"},{\"@type\":\"ListItem\",\"position\":2,\"name\":\"PRODUKTPR\u00c4SENTATION\",\"item\":\"https:\\\/\\\/bien-etreiris.ch\\\/de\\\/produktpraesentation\\\/\"},{\"@type\":\"ListItem\",\"position\":3,\"name\":\"AROMATHERAPIE\",\"item\":\"https:\\\/\\\/bien-etreiris.ch\\\/de\\\/produktpraesentation\\\/aromatherapie\\\/\"},{\"@type\":\"ListItem\",\"position\":4,\"name\":\"SYNERGIEN\",\"item\":\"https:\\\/\\\/bien-etreiris.ch\\\/de\\\/produktpraesentation\\\/aromatherapie\\\/synergien\\\/\"},{\"@type\":\"ListItem\",\"position\":5,\"name\":\"KOPFWOHL\"}]},{\"@type\":\"WebSite\",\"@id\":\"https:\\\/\\\/bien-etreiris.ch\\\/de\\\/#website\",\"url\":\"https:\\\/\\\/bien-etreiris.ch\\\/de\\\/\",\"name\":\"Bien-\u00eatre Iris\",\"description\":\"IHRE Gesundheit ist uns wichtig\",\"potentialAction\":[{\"@type\":\"SearchAction\",\"target\":{\"@type\":\"EntryPoint\",\"urlTemplate\":\"https:\\\/\\\/bien-etreiris.ch\\\/de\\\/?s={search_term_string}\"},\"query-input\":{\"@type\":\"PropertyValueSpecification\",\"valueRequired\":true,\"valueName\":\"search_term_string\"}}],\"inLanguage\":\"de\"}]}<\/script>\n<!-- \/ Yoast SEO plugin. -->","yoast_head_json":{"title":"KOPFWOHL - WOHLBEFINDEN","robots":{"index":"index","follow":"follow","max-snippet":"max-snippet:-1","max-image-preview":"max-image-preview:large","max-video-preview":"max-video-preview:-1"},"canonical":"https:\/\/bien-etreiris.ch\/de\/produktpraesentation\/aromatherapie\/synergien\/kopfwohl\/","og_locale":"de_DE","og_type":"article","og_title":"KOPFWOHL - WOHLBEFINDEN","og_description":"Roll-on Kopfwohl &nbsp; &nbsp; &nbsp; &nbsp; Effet de parfum bienfaisant, lib\u00e9rateur, relaxant, clarifiant Message olfactif \"Une t\u00eate l\u00e9g\u00e8re est une t\u00eate libre\". Qualit\u00e9 100% naturelle, culture biologique contr\u00f4l\u00e9e, sans exp\u00e9rimentation animale, v\u00e9g\u00e9talien Ingr\u00e9dients huile de chanvre*, huile de s\u00e9same*, huile de p\u00e9pins de raisin*, huile de tournesol*, huile d'onagre*, isoamyl laurate, tocoph\u00e9rol et huiles essentielles 100% naturelles comme menthe poivr\u00e9e*,&nbsp;Weiter lesen","og_url":"https:\/\/bien-etreiris.ch\/de\/produktpraesentation\/aromatherapie\/synergien\/kopfwohl\/","og_site_name":"WOHLBEFINDEN","article_publisher":"https:\/\/www.facebook.com\/bienetreiris\/","article_modified_time":"2022-09-30T23:25:03+00:00","og_image":[{"width":500,"height":327,"url":"https:\/\/bien-etreiris.ch\/wp-content\/uploads\/2022\/10\/Acceuil-bienfaisant-pour-la-tete.jpg","type":"image\/jpeg"}],"twitter_misc":{"Gesch\u00e4tzte Lesezeit":"1\u00a0Minute"},"schema":{"@context":"https:\/\/schema.org","@graph":[{"@type":"WebPage","@id":"https:\/\/bien-etreiris.ch\/de\/produktpraesentation\/aromatherapie\/synergien\/kopfwohl\/","url":"https:\/\/bien-etreiris.ch\/de\/produktpraesentation\/aromatherapie\/synergien\/kopfwohl\/","name":"KOPFWOHL - WOHLBEFINDEN","isPartOf":{"@id":"https:\/\/bien-etreiris.ch\/de\/#website"},"primaryImageOfPage":{"@id":"https:\/\/bien-etreiris.ch\/de\/produktpraesentation\/aromatherapie\/synergien\/kopfwohl\/#primaryimage"},"image":{"@id":"https:\/\/bien-etreiris.ch\/de\/produktpraesentation\/aromatherapie\/synergien\/kopfwohl\/#primaryimage"},"thumbnailUrl":"https:\/\/bien-etreiris.ch\/wp-content\/uploads\/2022\/10\/Acceuil-bienfaisant-pour-la-tete.jpg","datePublished":"2022-09-30T23:17:35+00:00","dateModified":"2022-09-30T23:25:03+00:00","breadcrumb":{"@id":"https:\/\/bien-etreiris.ch\/de\/produktpraesentation\/aromatherapie\/synergien\/kopfwohl\/#breadcrumb"},"inLanguage":"de","potentialAction":[{"@type":"ReadAction","target":["https:\/\/bien-etreiris.ch\/de\/produktpraesentation\/aromatherapie\/synergien\/kopfwohl\/"]}]},{"@type":"ImageObject","inLanguage":"de","@id":"https:\/\/bien-etreiris.ch\/de\/produktpraesentation\/aromatherapie\/synergien\/kopfwohl\/#primaryimage","url":"https:\/\/bien-etreiris.ch\/wp-content\/uploads\/2022\/10\/Acceuil-bienfaisant-pour-la-tete.jpg","contentUrl":"https:\/\/bien-etreiris.ch\/wp-content\/uploads\/2022\/10\/Acceuil-bienfaisant-pour-la-tete.jpg","width":500,"height":327},{"@type":"BreadcrumbList","@id":"https:\/\/bien-etreiris.ch\/de\/produktpraesentation\/aromatherapie\/synergien\/kopfwohl\/#breadcrumb","itemListElement":[{"@type":"ListItem","position":1,"name":"Home","item":"https:\/\/bien-etreiris.ch\/de\/"},{"@type":"ListItem","position":2,"name":"PRODUKTPR\u00c4SENTATION","item":"https:\/\/bien-etreiris.ch\/de\/produktpraesentation\/"},{"@type":"ListItem","position":3,"name":"AROMATHERAPIE","item":"https:\/\/bien-etreiris.ch\/de\/produktpraesentation\/aromatherapie\/"},{"@type":"ListItem","position":4,"name":"SYNERGIEN","item":"https:\/\/bien-etreiris.ch\/de\/produktpraesentation\/aromatherapie\/synergien\/"},{"@type":"ListItem","position":5,"name":"KOPFWOHL"}]},{"@type":"WebSite","@id":"https:\/\/bien-etreiris.ch\/de\/#website","url":"https:\/\/bien-etreiris.ch\/de\/","name":"Bien-\u00eatre Iris","description":"IHRE Gesundheit ist uns wichtig","potentialAction":[{"@type":"SearchAction","target":{"@type":"EntryPoint","urlTemplate":"https:\/\/bien-etreiris.ch\/de\/?s={search_term_string}"},"query-input":{"@type":"PropertyValueSpecification","valueRequired":true,"valueName":"search_term_string"}}],"inLanguage":"de"}]}},"_links":{"self":[{"href":"https:\/\/bien-etreiris.ch\/de\/wp-json\/wp\/v2\/pages\/60751","targetHints":{"allow":["GET"]}}],"collection":[{"href":"https:\/\/bien-etreiris.ch\/de\/wp-json\/wp\/v2\/pages"}],"about":[{"href":"https:\/\/bien-etreiris.ch\/de\/wp-json\/wp\/v2\/types\/page"}],"author":[{"embeddable":true,"href":"https:\/\/bien-etreiris.ch\/de\/wp-json\/wp\/v2\/users\/1"}],"replies":[{"embeddable":true,"href":"https:\/\/bien-etreiris.ch\/de\/wp-json\/wp\/v2\/comments?post=60751"}],"version-history":[{"count":2,"href":"https:\/\/bien-etreiris.ch\/de\/wp-json\/wp\/v2\/pages\/60751\/revisions"}],"predecessor-version":[{"id":60767,"href":"https:\/\/bien-etreiris.ch\/de\/wp-json\/wp\/v2\/pages\/60751\/revisions\/60767"}],"up":[{"embeddable":true,"href":"https:\/\/bien-etreiris.ch\/de\/wp-json\/wp\/v2\/pages\/60756"}],"wp:featuredmedia":[{"embeddable":true,"href":"https:\/\/bien-etreiris.ch\/de\/wp-json\/wp\/v2\/media\/60747"}],"wp:attachment":[{"href":"https:\/\/bien-etreiris.ch\/de\/wp-json\/wp\/v2\/media?parent=60751"}],"curies":[{"name":"wp","href":"https:\/\/api.w.org\/{rel}","templated":true}]}}