{"id":60712,"date":"2022-09-30T21:56:28","date_gmt":"2022-09-30T19:56:28","guid":{"rendered":"https:\/\/bien-etreiris.ch\/etre-une-femme\/"},"modified":"2022-10-01T01:28:36","modified_gmt":"2022-09-30T23:28:36","slug":"frau-sein","status":"publish","type":"page","link":"https:\/\/bien-etreiris.ch\/de\/produktpraesentation\/aromatherapie\/synergien\/frau-sein\/","title":{"rendered":"FRAU SEIN"},"content":{"rendered":"\n<h2>Frau sein<\/h2>\n<h2>M\u00e9lange de Parfums avec B\u00e2ton de Senteur Alu rose<\/h2>\n<p><a href=\"https:\/\/bien-etreiris.ch\/wp-content\/uploads\/2022\/10\/Melange-de-parfums-avec-baton-olfactif-Alu-rose.jpg\"><img loading=\"lazy\" decoding=\"async\" class=\"wp-image-60726 alignleft\" src=\"https:\/\/bien-etreiris.ch\/wp-content\/uploads\/2022\/10\/Melange-de-parfums-avec-baton-olfactif-Alu-rose.jpg\" alt=\"\" width=\"300\" height=\"300\" srcset=\"https:\/\/bien-etreiris.ch\/wp-content\/uploads\/2022\/10\/Melange-de-parfums-avec-baton-olfactif-Alu-rose.jpg 1067w, https:\/\/bien-etreiris.ch\/wp-content\/uploads\/2022\/10\/Melange-de-parfums-avec-baton-olfactif-Alu-rose-300x300.jpg 300w, https:\/\/bien-etreiris.ch\/wp-content\/uploads\/2022\/10\/Melange-de-parfums-avec-baton-olfactif-Alu-rose-1024x1024.jpg 1024w, https:\/\/bien-etreiris.ch\/wp-content\/uploads\/2022\/10\/Melange-de-parfums-avec-baton-olfactif-Alu-rose-150x150.jpg 150w, https:\/\/bien-etreiris.ch\/wp-content\/uploads\/2022\/10\/Melange-de-parfums-avec-baton-olfactif-Alu-rose-768x768.jpg 768w\" sizes=\"auto, (max-width: 300px) 100vw, 300px\" \/><\/a><\/p>\n<p>&nbsp;<\/p>\n<p>&nbsp;<\/p>\n<p>&nbsp;<\/p>\n<p>Le set pratique M\u00e9lange de parfums Femme \u00catre 5ml et le stick olfactif en aluminium est le duo parfait pour passer une journ\u00e9e pleine d'entrain et d'\u00e9quilibre les \"jours de femme\".<\/p>\n<h4>Contenu<\/h4>\n<p>1x 5ml de m\u00e9lange parfum\u00e9 \u00catre femme<br>1x b\u00e2ton odorant en aluminium rose<br>1x m\u00e8che en coton&nbsp;&nbsp;&nbsp;&nbsp;<strong>&nbsp;&nbsp; CHF 24.50<\/strong><\/p>\n<p>&nbsp;<\/p>\n<p>&nbsp;<\/p>\n<p>&nbsp;<\/p>\n<h4>Effet olfactif<\/h4>\n<p>sensuel, \u00e9quilibrant, rafra\u00eechissant, f\u00e9minin<br>Message olfactif \"\u00catre une femme - dynamique et \u00e9quilibr\u00e9e\".<\/p>\n<h4><br>Ingr\u00e9dients<\/h4>\n<p>Huiles essentielles 100% pures comme l'orange, le citron, le g\u00e9ranium, le bois de rose, le n\u00e9roli, le patchouli, le v\u00e9tiver et la rose.<\/p>\n<h4><br>Allerg\u00e8nes<\/h4>\n<p>Contient du limon\u00e8ne*, linalool*, citronellol*, g\u00e9raniol*, citral*, benzoate de benzyle*,<br>farn\u00e9sol* et eug\u00e9nol*.<br>*composant naturel des huiles essentielles<\/p>\n<h4><br>Application<\/h4>\n<p>D\u00e9poser 1 \u00e0 2 gouttes sur la m\u00e8che de coton du stick olfactif, respirer et laisser agir.<\/p>\n<h4><br>Conseil aromatique<\/h4>\n<p>Le b\u00e2ton odorant parfum\u00e9 est pratique pour chaque sac \u00e0 main.<\/p>\n<p>&nbsp;<\/p>\n<p>&nbsp;<\/p>\n<hr>\n<h2>&nbsp;<\/h2>\n<h2>Roll-on \u00catre une femme<\/h2>\n<p>&nbsp;<\/p>\n<p><a href=\"https:\/\/bien-etreiris.ch\/wp-content\/uploads\/2022\/10\/Roll-on-Etre-une-femme.jpg\"><img loading=\"lazy\" decoding=\"async\" class=\"wp-image-60730 alignleft\" src=\"https:\/\/bien-etreiris.ch\/wp-content\/uploads\/2022\/10\/Roll-on-Etre-une-femme.jpg\" alt=\"\" width=\"114\" height=\"297\" srcset=\"https:\/\/bien-etreiris.ch\/wp-content\/uploads\/2022\/10\/Roll-on-Etre-une-femme.jpg 203w, https:\/\/bien-etreiris.ch\/wp-content\/uploads\/2022\/10\/Roll-on-Etre-une-femme-115x300.jpg 115w\" sizes=\"auto, (max-width: 114px) 100vw, 114px\" \/><\/a><\/p>\n<p>&nbsp;<\/p>\n<p>&nbsp;<\/p>\n<h4>Aromalife<\/h4>\n<p>Roll-on \u00catre une Femme 10 ml <strong>CHF 12.50<\/strong><\/p>\n<p>&nbsp;<\/p>\n<p>&nbsp;<\/p>\n<p>&nbsp;<\/p>\n<p>&nbsp;<\/p>\n<h4>Effet<\/h4>\n<h4>olfactif sensuel, harmonisant, relaxant, f\u00e9minin<\/h4>\n<p><br>Message olfactif \"Appr\u00e9cier d'\u00eatre une femme dans toutes les situations de la vie et \u00e0 tout \u00e2ge\".<br>Qualit\u00e9 100% naturelle, culture biologique contr\u00f4l\u00e9e, sans exp\u00e9rimentation animale, v\u00e9g\u00e9talien<\/p>\n<h4><br>Ingr\u00e9dients<\/h4>\n<p>huile de chanvre*, huile de s\u00e9same*, huile de p\u00e9pins de raisin*, huile de tournesol*, huile d'onagre*, laurate d'isoamyle, tocoph\u00e9rol et huiles essentielles 100% naturelles comme rose*, g\u00e9ranium* et n\u00e9roli*.<br>*issu de l'agriculture biologique contr\u00f4l\u00e9e<\/p>\n<h4><br>Allerg\u00e8nes<\/h4>\n<p>Contient du limon\u00e8ne*, linalool*, citronellol*, g\u00e9raniol*, citral*, benzoate de benzyle*, farn\u00e9sol* et eug\u00e9nol*.<br>*composant naturel des huiles essentielles<\/p>\n<h4><br>Application<\/h4>\n<p>Appliquer ponctuellement sur la nuque, les tempes, sur le poignet ou sous le nez.<\/p>\n<h4><br>Astuce aromatique<\/h4>\n<p>\u00catre une femme = bien-\u00eatre : appliquez le roll-on selon les besoins les jours de d\u00e9s\u00e9quilibre.<\/p>\n","protected":false},"excerpt":{"rendered":"<p>Frau sein M\u00e9lange de Parfums avec B\u00e2ton de Senteur Alu rose &nbsp; &nbsp; &nbsp; Le set pratique M\u00e9lange de parfums Femme \u00catre 5ml et le stick olfactif en aluminium est le duo parfait pour passer une journ\u00e9e pleine d'entrain et d'\u00e9quilibre les \"jours de femme\". Contenu 1x 5ml de m\u00e9lange parfum\u00e9 \u00catre femme1x b\u00e2ton odorant en aluminium rose1x m\u00e8che en&nbsp;<a href=\"https:\/\/bien-etreiris.ch\/de\/produktpraesentation\/aromatherapie\/synergien\/frau-sein\/\" class=\"read-more\">Weiter lesen<\/a><\/p>\n","protected":false},"author":1,"featured_media":60708,"parent":60756,"menu_order":4439,"comment_status":"closed","ping_status":"closed","template":"page-with-child.php","meta":{"_acf_changed":false,"ngg_post_thumbnail":0,"footnotes":""},"class_list":["post-60712","page","type-page","status-publish","has-post-thumbnail","hentry"],"acf":[],"yoast_head":"<!-- This site is optimized with the Yoast SEO plugin v27.4 - https:\/\/yoast.com\/product\/yoast-seo-wordpress\/ -->\n<title>FRAU SEIN - WOHLBEFINDEN<\/title>\n<meta name=\"robots\" content=\"index, follow, max-snippet:-1, max-image-preview:large, max-video-preview:-1\" \/>\n<link rel=\"canonical\" href=\"https:\/\/bien-etreiris.ch\/de\/produktpraesentation\/aromatherapie\/synergien\/frau-sein\/\" \/>\n<meta property=\"og:locale\" content=\"de_DE\" \/>\n<meta property=\"og:type\" content=\"article\" \/>\n<meta property=\"og:title\" content=\"FRAU SEIN - WOHLBEFINDEN\" \/>\n<meta property=\"og:description\" content=\"Frau sein M\u00e9lange de Parfums avec B\u00e2ton de Senteur Alu rose &nbsp; &nbsp; &nbsp; Le set pratique M\u00e9lange de parfums Femme \u00catre 5ml et le stick olfactif en aluminium est le duo parfait pour passer une journ\u00e9e pleine d&#039;entrain et d&#039;\u00e9quilibre les &quot;jours de femme&quot;. Contenu 1x 5ml de m\u00e9lange parfum\u00e9 \u00catre femme1x b\u00e2ton odorant en aluminium rose1x m\u00e8che en&nbsp;Weiter lesen\" \/>\n<meta property=\"og:url\" content=\"https:\/\/bien-etreiris.ch\/de\/produktpraesentation\/aromatherapie\/synergien\/frau-sein\/\" \/>\n<meta property=\"og:site_name\" content=\"WOHLBEFINDEN\" \/>\n<meta property=\"article:publisher\" content=\"https:\/\/www.facebook.com\/bienetreiris\/\" \/>\n<meta property=\"article:modified_time\" content=\"2022-09-30T23:28:36+00:00\" \/>\n<meta property=\"og:image\" content=\"https:\/\/bien-etreiris.ch\/wp-content\/uploads\/2022\/09\/acceuil-etre-femme.jpg\" \/>\n\t<meta property=\"og:image:width\" content=\"500\" \/>\n\t<meta property=\"og:image:height\" content=\"333\" \/>\n\t<meta property=\"og:image:type\" content=\"image\/jpeg\" \/>\n<meta name=\"twitter:label1\" content=\"Gesch\u00e4tzte Lesezeit\" \/>\n\t<meta name=\"twitter:data1\" content=\"2\u00a0Minuten\" \/>\n<script type=\"application\/ld+json\" class=\"yoast-schema-graph\">{\"@context\":\"https:\\\/\\\/schema.org\",\"@graph\":[{\"@type\":\"WebPage\",\"@id\":\"https:\\\/\\\/bien-etreiris.ch\\\/de\\\/produktpraesentation\\\/aromatherapie\\\/synergien\\\/frau-sein\\\/\",\"url\":\"https:\\\/\\\/bien-etreiris.ch\\\/de\\\/produktpraesentation\\\/aromatherapie\\\/synergien\\\/frau-sein\\\/\",\"name\":\"FRAU SEIN - WOHLBEFINDEN\",\"isPartOf\":{\"@id\":\"https:\\\/\\\/bien-etreiris.ch\\\/de\\\/#website\"},\"primaryImageOfPage\":{\"@id\":\"https:\\\/\\\/bien-etreiris.ch\\\/de\\\/produktpraesentation\\\/aromatherapie\\\/synergien\\\/frau-sein\\\/#primaryimage\"},\"image\":{\"@id\":\"https:\\\/\\\/bien-etreiris.ch\\\/de\\\/produktpraesentation\\\/aromatherapie\\\/synergien\\\/frau-sein\\\/#primaryimage\"},\"thumbnailUrl\":\"https:\\\/\\\/bien-etreiris.ch\\\/wp-content\\\/uploads\\\/2022\\\/09\\\/acceuil-etre-femme.jpg\",\"datePublished\":\"2022-09-30T19:56:28+00:00\",\"dateModified\":\"2022-09-30T23:28:36+00:00\",\"breadcrumb\":{\"@id\":\"https:\\\/\\\/bien-etreiris.ch\\\/de\\\/produktpraesentation\\\/aromatherapie\\\/synergien\\\/frau-sein\\\/#breadcrumb\"},\"inLanguage\":\"de\",\"potentialAction\":[{\"@type\":\"ReadAction\",\"target\":[\"https:\\\/\\\/bien-etreiris.ch\\\/de\\\/produktpraesentation\\\/aromatherapie\\\/synergien\\\/frau-sein\\\/\"]}]},{\"@type\":\"ImageObject\",\"inLanguage\":\"de\",\"@id\":\"https:\\\/\\\/bien-etreiris.ch\\\/de\\\/produktpraesentation\\\/aromatherapie\\\/synergien\\\/frau-sein\\\/#primaryimage\",\"url\":\"https:\\\/\\\/bien-etreiris.ch\\\/wp-content\\\/uploads\\\/2022\\\/09\\\/acceuil-etre-femme.jpg\",\"contentUrl\":\"https:\\\/\\\/bien-etreiris.ch\\\/wp-content\\\/uploads\\\/2022\\\/09\\\/acceuil-etre-femme.jpg\",\"width\":500,\"height\":333},{\"@type\":\"BreadcrumbList\",\"@id\":\"https:\\\/\\\/bien-etreiris.ch\\\/de\\\/produktpraesentation\\\/aromatherapie\\\/synergien\\\/frau-sein\\\/#breadcrumb\",\"itemListElement\":[{\"@type\":\"ListItem\",\"position\":1,\"name\":\"Home\",\"item\":\"https:\\\/\\\/bien-etreiris.ch\\\/de\\\/\"},{\"@type\":\"ListItem\",\"position\":2,\"name\":\"PRODUKTPR\u00c4SENTATION\",\"item\":\"https:\\\/\\\/bien-etreiris.ch\\\/de\\\/produktpraesentation\\\/\"},{\"@type\":\"ListItem\",\"position\":3,\"name\":\"AROMATHERAPIE\",\"item\":\"https:\\\/\\\/bien-etreiris.ch\\\/de\\\/produktpraesentation\\\/aromatherapie\\\/\"},{\"@type\":\"ListItem\",\"position\":4,\"name\":\"SYNERGIEN\",\"item\":\"https:\\\/\\\/bien-etreiris.ch\\\/de\\\/produktpraesentation\\\/aromatherapie\\\/synergien\\\/\"},{\"@type\":\"ListItem\",\"position\":5,\"name\":\"FRAU SEIN\"}]},{\"@type\":\"WebSite\",\"@id\":\"https:\\\/\\\/bien-etreiris.ch\\\/de\\\/#website\",\"url\":\"https:\\\/\\\/bien-etreiris.ch\\\/de\\\/\",\"name\":\"Bien-\u00eatre Iris\",\"description\":\"IHRE Gesundheit ist uns wichtig\",\"potentialAction\":[{\"@type\":\"SearchAction\",\"target\":{\"@type\":\"EntryPoint\",\"urlTemplate\":\"https:\\\/\\\/bien-etreiris.ch\\\/de\\\/?s={search_term_string}\"},\"query-input\":{\"@type\":\"PropertyValueSpecification\",\"valueRequired\":true,\"valueName\":\"search_term_string\"}}],\"inLanguage\":\"de\"}]}<\/script>\n<!-- \/ Yoast SEO plugin. -->","yoast_head_json":{"title":"FRAU SEIN - WOHLBEFINDEN","robots":{"index":"index","follow":"follow","max-snippet":"max-snippet:-1","max-image-preview":"max-image-preview:large","max-video-preview":"max-video-preview:-1"},"canonical":"https:\/\/bien-etreiris.ch\/de\/produktpraesentation\/aromatherapie\/synergien\/frau-sein\/","og_locale":"de_DE","og_type":"article","og_title":"FRAU SEIN - WOHLBEFINDEN","og_description":"Frau sein M\u00e9lange de Parfums avec B\u00e2ton de Senteur Alu rose &nbsp; &nbsp; &nbsp; Le set pratique M\u00e9lange de parfums Femme \u00catre 5ml et le stick olfactif en aluminium est le duo parfait pour passer une journ\u00e9e pleine d'entrain et d'\u00e9quilibre les \"jours de femme\". Contenu 1x 5ml de m\u00e9lange parfum\u00e9 \u00catre femme1x b\u00e2ton odorant en aluminium rose1x m\u00e8che en&nbsp;Weiter lesen","og_url":"https:\/\/bien-etreiris.ch\/de\/produktpraesentation\/aromatherapie\/synergien\/frau-sein\/","og_site_name":"WOHLBEFINDEN","article_publisher":"https:\/\/www.facebook.com\/bienetreiris\/","article_modified_time":"2022-09-30T23:28:36+00:00","og_image":[{"width":500,"height":333,"url":"https:\/\/bien-etreiris.ch\/wp-content\/uploads\/2022\/09\/acceuil-etre-femme.jpg","type":"image\/jpeg"}],"twitter_misc":{"Gesch\u00e4tzte Lesezeit":"2\u00a0Minuten"},"schema":{"@context":"https:\/\/schema.org","@graph":[{"@type":"WebPage","@id":"https:\/\/bien-etreiris.ch\/de\/produktpraesentation\/aromatherapie\/synergien\/frau-sein\/","url":"https:\/\/bien-etreiris.ch\/de\/produktpraesentation\/aromatherapie\/synergien\/frau-sein\/","name":"FRAU SEIN - WOHLBEFINDEN","isPartOf":{"@id":"https:\/\/bien-etreiris.ch\/de\/#website"},"primaryImageOfPage":{"@id":"https:\/\/bien-etreiris.ch\/de\/produktpraesentation\/aromatherapie\/synergien\/frau-sein\/#primaryimage"},"image":{"@id":"https:\/\/bien-etreiris.ch\/de\/produktpraesentation\/aromatherapie\/synergien\/frau-sein\/#primaryimage"},"thumbnailUrl":"https:\/\/bien-etreiris.ch\/wp-content\/uploads\/2022\/09\/acceuil-etre-femme.jpg","datePublished":"2022-09-30T19:56:28+00:00","dateModified":"2022-09-30T23:28:36+00:00","breadcrumb":{"@id":"https:\/\/bien-etreiris.ch\/de\/produktpraesentation\/aromatherapie\/synergien\/frau-sein\/#breadcrumb"},"inLanguage":"de","potentialAction":[{"@type":"ReadAction","target":["https:\/\/bien-etreiris.ch\/de\/produktpraesentation\/aromatherapie\/synergien\/frau-sein\/"]}]},{"@type":"ImageObject","inLanguage":"de","@id":"https:\/\/bien-etreiris.ch\/de\/produktpraesentation\/aromatherapie\/synergien\/frau-sein\/#primaryimage","url":"https:\/\/bien-etreiris.ch\/wp-content\/uploads\/2022\/09\/acceuil-etre-femme.jpg","contentUrl":"https:\/\/bien-etreiris.ch\/wp-content\/uploads\/2022\/09\/acceuil-etre-femme.jpg","width":500,"height":333},{"@type":"BreadcrumbList","@id":"https:\/\/bien-etreiris.ch\/de\/produktpraesentation\/aromatherapie\/synergien\/frau-sein\/#breadcrumb","itemListElement":[{"@type":"ListItem","position":1,"name":"Home","item":"https:\/\/bien-etreiris.ch\/de\/"},{"@type":"ListItem","position":2,"name":"PRODUKTPR\u00c4SENTATION","item":"https:\/\/bien-etreiris.ch\/de\/produktpraesentation\/"},{"@type":"ListItem","position":3,"name":"AROMATHERAPIE","item":"https:\/\/bien-etreiris.ch\/de\/produktpraesentation\/aromatherapie\/"},{"@type":"ListItem","position":4,"name":"SYNERGIEN","item":"https:\/\/bien-etreiris.ch\/de\/produktpraesentation\/aromatherapie\/synergien\/"},{"@type":"ListItem","position":5,"name":"FRAU SEIN"}]},{"@type":"WebSite","@id":"https:\/\/bien-etreiris.ch\/de\/#website","url":"https:\/\/bien-etreiris.ch\/de\/","name":"Bien-\u00eatre Iris","description":"IHRE Gesundheit ist uns wichtig","potentialAction":[{"@type":"SearchAction","target":{"@type":"EntryPoint","urlTemplate":"https:\/\/bien-etreiris.ch\/de\/?s={search_term_string}"},"query-input":{"@type":"PropertyValueSpecification","valueRequired":true,"valueName":"search_term_string"}}],"inLanguage":"de"}]}},"_links":{"self":[{"href":"https:\/\/bien-etreiris.ch\/de\/wp-json\/wp\/v2\/pages\/60712","targetHints":{"allow":["GET"]}}],"collection":[{"href":"https:\/\/bien-etreiris.ch\/de\/wp-json\/wp\/v2\/pages"}],"about":[{"href":"https:\/\/bien-etreiris.ch\/de\/wp-json\/wp\/v2\/types\/page"}],"author":[{"embeddable":true,"href":"https:\/\/bien-etreiris.ch\/de\/wp-json\/wp\/v2\/users\/1"}],"replies":[{"embeddable":true,"href":"https:\/\/bien-etreiris.ch\/de\/wp-json\/wp\/v2\/comments?post=60712"}],"version-history":[{"count":3,"href":"https:\/\/bien-etreiris.ch\/de\/wp-json\/wp\/v2\/pages\/60712\/revisions"}],"predecessor-version":[{"id":60771,"href":"https:\/\/bien-etreiris.ch\/de\/wp-json\/wp\/v2\/pages\/60712\/revisions\/60771"}],"up":[{"embeddable":true,"href":"https:\/\/bien-etreiris.ch\/de\/wp-json\/wp\/v2\/pages\/60756"}],"wp:featuredmedia":[{"embeddable":true,"href":"https:\/\/bien-etreiris.ch\/de\/wp-json\/wp\/v2\/media\/60708"}],"wp:attachment":[{"href":"https:\/\/bien-etreiris.ch\/de\/wp-json\/wp\/v2\/media?parent=60712"}],"curies":[{"name":"wp","href":"https:\/\/api.w.org\/{rel}","templated":true}]}}