{"id":60621,"date":"2022-09-15T15:29:04","date_gmt":"2022-09-15T13:29:04","guid":{"rendered":"https:\/\/bien-etreiris.ch\/ratgeber-klarheit-beratung\/hygiene-und-koerperpflege\/oreille\/"},"modified":"2022-09-29T23:29:25","modified_gmt":"2022-09-29T21:29:25","slug":"ohrenhygiene","status":"publish","type":"page","link":"https:\/\/bien-etreiris.ch\/de\/ratgeber-klarheit-beratung\/mehr-erfahren\/hygiene-und-koerperpflege\/ohrenhygiene\/","title":{"rendered":"OHREN"},"content":{"rendered":"\n<h2><strong>Ohrenhygiene<\/strong><\/h2>\n<p><a href=\"https:\/\/bien-etreiris.ch\/wp-content\/uploads\/2022\/09\/cure-tips.jpg\"><img loading=\"lazy\" decoding=\"async\" class=\"wp-image-59913 alignleft\" src=\"https:\/\/bien-etreiris.ch\/wp-content\/uploads\/2022\/09\/cure-tips.jpg\" alt=\"\" width=\"384\" height=\"183\" srcset=\"https:\/\/bien-etreiris.ch\/wp-content\/uploads\/2022\/09\/cure-tips.jpg 675w, https:\/\/bien-etreiris.ch\/wp-content\/uploads\/2022\/09\/cure-tips-300x143.jpg 300w\" sizes=\"auto, (max-width: 384px) 100vw, 384px\" \/><\/a><\/p>\n\n\n\n<p>D\u00e9j\u00e0 et pour info une \u00e9tude r\u00e9cente montre que les Fran\u00e7ais aiment avoir les oreilles propres. 40% d\u2019entre nous se lavent les oreilles tous les jours, 35% jusqu\u2019\u00e0 2 fois dans la semaine et pr\u00e8s de 14% jamais\u2026<\/p>\n<p>Normalement et sauf avis m\u00e9dical, l\u2019oreille n\u2019a pas besoin d\u2019\u00eatre nettoy\u00e9e car elle se suffit \u00e0 elle-m\u00eame. Le c\u00e9rumen est une s\u00e9cr\u00e9tion grasse qui prot\u00e8ge le conduit auditif externe par une action m\u00e9canique (\u00e9vacuation des particules vers l\u2019ext\u00e9rieur) et chimique (action antibact\u00e9rien). Sa pr\u00e9sence est normale \u00e0 l\u2019int\u00e9rieur du conduit auditif. Lorsqu\u2019il atteint l\u2019entr\u00e9e, l\u00e0, il peut \u00eatre nettoy\u00e9 et ainsi \u00e9viter le surplus inesth\u00e9tique.<\/p>\n<p>&nbsp;<\/p>\n<h4><a href=\"https:\/\/bien-etreiris.ch\/wp-content\/uploads\/2022\/09\/nettoage-oreille.jpg\"><img loading=\"lazy\" decoding=\"async\" class=\"size-full wp-image-59916 alignleft\" src=\"https:\/\/bien-etreiris.ch\/wp-content\/uploads\/2022\/09\/nettoage-oreille.jpg\" alt=\"\" width=\"300\" height=\"168\"><\/a>Attention aux pratiques\u2026.<\/h4>\n<p>Au-del\u00e0 de son impact sur l\u2019environnement, l\u2019utilisation du coton tige est inadapt\u00e9e \u00e0 l\u2019hygi\u00e8ne de l\u2019oreille et tr\u00e8s controvers\u00e9 par bien des ORL. Il provoque un risque accru de bouchon d\u2019oreille, la cire est pouss\u00e9e dans le fond du conduit au lieu d\u2019\u00eatre supprim\u00e9e. Ce petit b\u00e2tonnet repr\u00e9sente toujours la cause la plus fr\u00e9quente des blessures du conduit auditif et du tympan. 25 \u00e0 30% des consultations ORL et les enfants, malheureusement, en sont souvent les premi\u00e8res victimes.<\/p>\n\n\n\n<h2>&nbsp;<\/h2>\n<h2><strong>L\u2019alternative, l\u2019hygi\u00e8ne moderne<\/strong><\/h2>\n<p>L\u2019utilisation, m\u00eame si elle requiert de prendre quelques pr\u00e9cautions, n\u2019a rien de bien compliqu\u00e9e en elle-m\u00eame :<\/p>\n<p><a href=\"https:\/\/bien-etreiris.ch\/wp-content\/uploads\/2022\/09\/titre-escurette-1.jpg\"><img loading=\"lazy\" decoding=\"async\" class=\"alignnone  wp-image-59886\" src=\"https:\/\/bien-etreiris.ch\/wp-content\/uploads\/2022\/09\/titre-escurette-1.jpg\" alt=\"\" width=\"135\" height=\"171\" srcset=\"https:\/\/bien-etreiris.ch\/wp-content\/uploads\/2022\/09\/titre-escurette-1.jpg 541w, https:\/\/bien-etreiris.ch\/wp-content\/uploads\/2022\/09\/titre-escurette-1-236x300.jpg 236w\" sizes=\"auto, (max-width: 135px) 100vw, 135px\" \/><\/a><\/p>\n<p>&nbsp;<\/p>\n<p>Utilisez votre accessoire une ou deux fois par semaine afin de retirer le c\u00e9rumen visible \u00e0 l\u2019entr\u00e9e de l\u2019oreille.<\/p>\n<p>Saisissez le cure-oreille par son manche (un peu comme si vous teniez un stylo) puis curer d\u00e9licatement l\u2019exc\u00e8s \u00e0 l\u2019entr\u00e9e de votre oreille.<\/p>\n<p>N\u2019allez pas plus loin ! Le c\u00e9rumen est un atout puisqu\u2019il prot\u00e8ge le tympan, donc autant le conserver tant qu\u2019il n\u2019est pas inesth\u00e9tique.<\/p>\n<p>Et pour le pavillon ? Une serviette pass\u00e9e autour de l\u2019index suffira.<\/p>\n<p>Avant de ranger votre cure-oreille, rincez la partie m\u00e9tallique \u00e0 l\u2019eau savonneuse.<\/p>\n<p>D\u00e9sinfecter avant une premier utilisation et occasionnellement.<\/p>\n<p>Tenir hors de port\u00e9e des enfants!<\/p>\n<p>&nbsp;<\/p>\n<p>&nbsp;<\/p>\n","protected":false},"excerpt":{"rendered":"<p>Ohrenhygiene D\u00e9j\u00e0 et pour info une \u00e9tude r\u00e9cente montre que les Fran\u00e7ais aiment avoir les oreilles propres. 40% d\u2019entre nous se lavent les oreilles tous les jours, 35% jusqu\u2019\u00e0 2 fois dans la semaine et pr\u00e8s de 14% jamais\u2026 Normalement et sauf avis m\u00e9dical, l\u2019oreille n\u2019a pas besoin d\u2019\u00eatre nettoy\u00e9e car elle se suffit \u00e0 elle-m\u00eame. Le c\u00e9rumen est une&nbsp;<a href=\"https:\/\/bien-etreiris.ch\/de\/ratgeber-klarheit-beratung\/mehr-erfahren\/hygiene-und-koerperpflege\/ohrenhygiene\/\" class=\"read-more\">Weiter lesen<\/a><\/p>\n","protected":false},"author":1,"featured_media":55728,"parent":60615,"menu_order":4484,"comment_status":"closed","ping_status":"closed","template":"page-with-child.php","meta":{"_acf_changed":false,"ngg_post_thumbnail":0,"footnotes":""},"class_list":["post-60621","page","type-page","status-publish","has-post-thumbnail","hentry"],"acf":[],"yoast_head":"<!-- This site is optimized with the Yoast SEO plugin v27.6 - https:\/\/yoast.com\/product\/yoast-seo-wordpress\/ -->\n<title>OHREN - WOHLBEFINDEN<\/title>\n<meta name=\"robots\" content=\"index, follow, max-snippet:-1, max-image-preview:large, max-video-preview:-1\" \/>\n<link rel=\"canonical\" href=\"https:\/\/bien-etreiris.ch\/de\/ratgeber-klarheit-beratung\/hygiene-und-koerperpflege\/ohrenhygiene\/\" \/>\n<meta property=\"og:locale\" content=\"de_DE\" \/>\n<meta property=\"og:type\" content=\"article\" \/>\n<meta property=\"og:title\" content=\"OHREN - WOHLBEFINDEN\" \/>\n<meta property=\"og:description\" content=\"Ohrenhygiene D\u00e9j\u00e0 et pour info une \u00e9tude r\u00e9cente montre que les Fran\u00e7ais aiment avoir les oreilles propres. 40% d\u2019entre nous se lavent les oreilles tous les jours, 35% jusqu\u2019\u00e0 2 fois dans la semaine et pr\u00e8s de 14% jamais\u2026 Normalement et sauf avis m\u00e9dical, l\u2019oreille n\u2019a pas besoin d\u2019\u00eatre nettoy\u00e9e car elle se suffit \u00e0 elle-m\u00eame. Le c\u00e9rumen est une&nbsp;Weiter lesen\" \/>\n<meta property=\"og:url\" content=\"https:\/\/bien-etreiris.ch\/de\/ratgeber-klarheit-beratung\/hygiene-und-koerperpflege\/ohrenhygiene\/\" \/>\n<meta property=\"og:site_name\" content=\"WOHLBEFINDEN\" \/>\n<meta property=\"article:publisher\" content=\"https:\/\/www.facebook.com\/bienetreiris\/\" \/>\n<meta property=\"article:modified_time\" content=\"2022-09-29T21:29:25+00:00\" \/>\n<meta property=\"og:image\" content=\"https:\/\/bien-etreiris.ch\/wp-content\/uploads\/2022\/05\/Acceuil.jpg\" \/>\n\t<meta property=\"og:image:width\" content=\"500\" \/>\n\t<meta property=\"og:image:height\" content=\"332\" \/>\n\t<meta property=\"og:image:type\" content=\"image\/jpeg\" \/>\n<meta name=\"twitter:label1\" content=\"Gesch\u00e4tzte Lesezeit\" \/>\n\t<meta name=\"twitter:data1\" content=\"3\u00a0Minuten\" \/>\n<script type=\"application\/ld+json\" class=\"yoast-schema-graph\">{\"@context\":\"https:\\\/\\\/schema.org\",\"@graph\":[{\"@type\":\"WebPage\",\"@id\":\"https:\\\/\\\/bien-etreiris.ch\\\/de\\\/ratgeber-klarheit-beratung\\\/hygiene-und-koerperpflege\\\/ohrenhygiene\\\/\",\"url\":\"https:\\\/\\\/bien-etreiris.ch\\\/de\\\/ratgeber-klarheit-beratung\\\/hygiene-und-koerperpflege\\\/ohrenhygiene\\\/\",\"name\":\"OHREN - WOHLBEFINDEN\",\"isPartOf\":{\"@id\":\"https:\\\/\\\/bien-etreiris.ch\\\/de\\\/#website\"},\"primaryImageOfPage\":{\"@id\":\"https:\\\/\\\/bien-etreiris.ch\\\/de\\\/ratgeber-klarheit-beratung\\\/hygiene-und-koerperpflege\\\/ohrenhygiene\\\/#primaryimage\"},\"image\":{\"@id\":\"https:\\\/\\\/bien-etreiris.ch\\\/de\\\/ratgeber-klarheit-beratung\\\/hygiene-und-koerperpflege\\\/ohrenhygiene\\\/#primaryimage\"},\"thumbnailUrl\":\"https:\\\/\\\/bien-etreiris.ch\\\/wp-content\\\/uploads\\\/2022\\\/05\\\/Acceuil.jpg\",\"datePublished\":\"2022-09-15T13:29:04+00:00\",\"dateModified\":\"2022-09-29T21:29:25+00:00\",\"breadcrumb\":{\"@id\":\"https:\\\/\\\/bien-etreiris.ch\\\/de\\\/ratgeber-klarheit-beratung\\\/hygiene-und-koerperpflege\\\/ohrenhygiene\\\/#breadcrumb\"},\"inLanguage\":\"de\",\"potentialAction\":[{\"@type\":\"ReadAction\",\"target\":[\"https:\\\/\\\/bien-etreiris.ch\\\/de\\\/ratgeber-klarheit-beratung\\\/hygiene-und-koerperpflege\\\/ohrenhygiene\\\/\"]}]},{\"@type\":\"ImageObject\",\"inLanguage\":\"de\",\"@id\":\"https:\\\/\\\/bien-etreiris.ch\\\/de\\\/ratgeber-klarheit-beratung\\\/hygiene-und-koerperpflege\\\/ohrenhygiene\\\/#primaryimage\",\"url\":\"https:\\\/\\\/bien-etreiris.ch\\\/wp-content\\\/uploads\\\/2022\\\/05\\\/Acceuil.jpg\",\"contentUrl\":\"https:\\\/\\\/bien-etreiris.ch\\\/wp-content\\\/uploads\\\/2022\\\/05\\\/Acceuil.jpg\",\"width\":500,\"height\":332},{\"@type\":\"BreadcrumbList\",\"@id\":\"https:\\\/\\\/bien-etreiris.ch\\\/de\\\/ratgeber-klarheit-beratung\\\/hygiene-und-koerperpflege\\\/ohrenhygiene\\\/#breadcrumb\",\"itemListElement\":[{\"@type\":\"ListItem\",\"position\":1,\"name\":\"Home\",\"item\":\"https:\\\/\\\/bien-etreiris.ch\\\/de\\\/\"},{\"@type\":\"ListItem\",\"position\":2,\"name\":\"RATGEBER &#038; KLARHEIT\",\"item\":\"https:\\\/\\\/bien-etreiris.ch\\\/de\\\/ratgeber-klarheit-beratung\\\/\"},{\"@type\":\"ListItem\",\"position\":3,\"name\":\"HYGIENE &#038; PFLEGE\",\"item\":\"https:\\\/\\\/bien-etreiris.ch\\\/de\\\/ratgeber-klarheit-beratung\\\/hygiene-und-koerperpflege\\\/\"},{\"@type\":\"ListItem\",\"position\":4,\"name\":\"OHREN\"}]},{\"@type\":\"WebSite\",\"@id\":\"https:\\\/\\\/bien-etreiris.ch\\\/de\\\/#website\",\"url\":\"https:\\\/\\\/bien-etreiris.ch\\\/de\\\/\",\"name\":\"Bien-\u00eatre Iris\",\"description\":\"IHRE Gesundheit ist uns wichtig\",\"potentialAction\":[{\"@type\":\"SearchAction\",\"target\":{\"@type\":\"EntryPoint\",\"urlTemplate\":\"https:\\\/\\\/bien-etreiris.ch\\\/de\\\/?s={search_term_string}\"},\"query-input\":{\"@type\":\"PropertyValueSpecification\",\"valueRequired\":true,\"valueName\":\"search_term_string\"}}],\"inLanguage\":\"de\"}]}<\/script>\n<!-- \/ Yoast SEO plugin. -->","yoast_head_json":{"title":"OHREN - WOHLBEFINDEN","robots":{"index":"index","follow":"follow","max-snippet":"max-snippet:-1","max-image-preview":"max-image-preview:large","max-video-preview":"max-video-preview:-1"},"canonical":"https:\/\/bien-etreiris.ch\/de\/ratgeber-klarheit-beratung\/hygiene-und-koerperpflege\/ohrenhygiene\/","og_locale":"de_DE","og_type":"article","og_title":"OHREN - WOHLBEFINDEN","og_description":"Ohrenhygiene D\u00e9j\u00e0 et pour info une \u00e9tude r\u00e9cente montre que les Fran\u00e7ais aiment avoir les oreilles propres. 40% d\u2019entre nous se lavent les oreilles tous les jours, 35% jusqu\u2019\u00e0 2 fois dans la semaine et pr\u00e8s de 14% jamais\u2026 Normalement et sauf avis m\u00e9dical, l\u2019oreille n\u2019a pas besoin d\u2019\u00eatre nettoy\u00e9e car elle se suffit \u00e0 elle-m\u00eame. Le c\u00e9rumen est une&nbsp;Weiter lesen","og_url":"https:\/\/bien-etreiris.ch\/de\/ratgeber-klarheit-beratung\/hygiene-und-koerperpflege\/ohrenhygiene\/","og_site_name":"WOHLBEFINDEN","article_publisher":"https:\/\/www.facebook.com\/bienetreiris\/","article_modified_time":"2022-09-29T21:29:25+00:00","og_image":[{"width":500,"height":332,"url":"https:\/\/bien-etreiris.ch\/wp-content\/uploads\/2022\/05\/Acceuil.jpg","type":"image\/jpeg"}],"twitter_misc":{"Gesch\u00e4tzte Lesezeit":"3\u00a0Minuten"},"schema":{"@context":"https:\/\/schema.org","@graph":[{"@type":"WebPage","@id":"https:\/\/bien-etreiris.ch\/de\/ratgeber-klarheit-beratung\/hygiene-und-koerperpflege\/ohrenhygiene\/","url":"https:\/\/bien-etreiris.ch\/de\/ratgeber-klarheit-beratung\/hygiene-und-koerperpflege\/ohrenhygiene\/","name":"OHREN - WOHLBEFINDEN","isPartOf":{"@id":"https:\/\/bien-etreiris.ch\/de\/#website"},"primaryImageOfPage":{"@id":"https:\/\/bien-etreiris.ch\/de\/ratgeber-klarheit-beratung\/hygiene-und-koerperpflege\/ohrenhygiene\/#primaryimage"},"image":{"@id":"https:\/\/bien-etreiris.ch\/de\/ratgeber-klarheit-beratung\/hygiene-und-koerperpflege\/ohrenhygiene\/#primaryimage"},"thumbnailUrl":"https:\/\/bien-etreiris.ch\/wp-content\/uploads\/2022\/05\/Acceuil.jpg","datePublished":"2022-09-15T13:29:04+00:00","dateModified":"2022-09-29T21:29:25+00:00","breadcrumb":{"@id":"https:\/\/bien-etreiris.ch\/de\/ratgeber-klarheit-beratung\/hygiene-und-koerperpflege\/ohrenhygiene\/#breadcrumb"},"inLanguage":"de","potentialAction":[{"@type":"ReadAction","target":["https:\/\/bien-etreiris.ch\/de\/ratgeber-klarheit-beratung\/hygiene-und-koerperpflege\/ohrenhygiene\/"]}]},{"@type":"ImageObject","inLanguage":"de","@id":"https:\/\/bien-etreiris.ch\/de\/ratgeber-klarheit-beratung\/hygiene-und-koerperpflege\/ohrenhygiene\/#primaryimage","url":"https:\/\/bien-etreiris.ch\/wp-content\/uploads\/2022\/05\/Acceuil.jpg","contentUrl":"https:\/\/bien-etreiris.ch\/wp-content\/uploads\/2022\/05\/Acceuil.jpg","width":500,"height":332},{"@type":"BreadcrumbList","@id":"https:\/\/bien-etreiris.ch\/de\/ratgeber-klarheit-beratung\/hygiene-und-koerperpflege\/ohrenhygiene\/#breadcrumb","itemListElement":[{"@type":"ListItem","position":1,"name":"Home","item":"https:\/\/bien-etreiris.ch\/de\/"},{"@type":"ListItem","position":2,"name":"RATGEBER &#038; KLARHEIT","item":"https:\/\/bien-etreiris.ch\/de\/ratgeber-klarheit-beratung\/"},{"@type":"ListItem","position":3,"name":"HYGIENE &#038; PFLEGE","item":"https:\/\/bien-etreiris.ch\/de\/ratgeber-klarheit-beratung\/hygiene-und-koerperpflege\/"},{"@type":"ListItem","position":4,"name":"OHREN"}]},{"@type":"WebSite","@id":"https:\/\/bien-etreiris.ch\/de\/#website","url":"https:\/\/bien-etreiris.ch\/de\/","name":"Bien-\u00eatre Iris","description":"IHRE Gesundheit ist uns wichtig","potentialAction":[{"@type":"SearchAction","target":{"@type":"EntryPoint","urlTemplate":"https:\/\/bien-etreiris.ch\/de\/?s={search_term_string}"},"query-input":{"@type":"PropertyValueSpecification","valueRequired":true,"valueName":"search_term_string"}}],"inLanguage":"de"}]}},"_links":{"self":[{"href":"https:\/\/bien-etreiris.ch\/de\/wp-json\/wp\/v2\/pages\/60621","targetHints":{"allow":["GET"]}}],"collection":[{"href":"https:\/\/bien-etreiris.ch\/de\/wp-json\/wp\/v2\/pages"}],"about":[{"href":"https:\/\/bien-etreiris.ch\/de\/wp-json\/wp\/v2\/types\/page"}],"author":[{"embeddable":true,"href":"https:\/\/bien-etreiris.ch\/de\/wp-json\/wp\/v2\/users\/1"}],"replies":[{"embeddable":true,"href":"https:\/\/bien-etreiris.ch\/de\/wp-json\/wp\/v2\/comments?post=60621"}],"version-history":[{"count":2,"href":"https:\/\/bien-etreiris.ch\/de\/wp-json\/wp\/v2\/pages\/60621\/revisions"}],"predecessor-version":[{"id":60625,"href":"https:\/\/bien-etreiris.ch\/de\/wp-json\/wp\/v2\/pages\/60621\/revisions\/60625"}],"up":[{"embeddable":true,"href":"https:\/\/bien-etreiris.ch\/de\/wp-json\/wp\/v2\/pages\/60615"}],"wp:featuredmedia":[{"embeddable":true,"href":"https:\/\/bien-etreiris.ch\/de\/wp-json\/wp\/v2\/media\/55728"}],"wp:attachment":[{"href":"https:\/\/bien-etreiris.ch\/de\/wp-json\/wp\/v2\/media?parent=60621"}],"curies":[{"name":"wp","href":"https:\/\/api.w.org\/{rel}","templated":true}]}}