{"id":60446,"date":"2022-06-27T08:54:34","date_gmt":"2022-06-27T06:54:34","guid":{"rendered":"https:\/\/bien-etreiris.ch\/produktpraesentation\/gesundes-leben\/aliments-sains\/superfoods\/pasten-und-puerees\/pate-a-tartiner\/aux-fruits-de-laronia\/"},"modified":"2022-09-25T18:15:54","modified_gmt":"2022-09-25T16:15:54","slug":"aronia-fruchtaufstrich","status":"publish","type":"page","link":"https:\/\/bien-etreiris.ch\/de\/produktpraesentation\/gesundes-leben\/gesunde-lebensmittel\/superfoods\/pasten-und-puerees\/brotaufstrich\/aronia-fruchtaufstrich\/","title":{"rendered":"ARONIA"},"content":{"rendered":"\n<h2>Aronia-Fruchtaufstrich<\/h2>\n<p><a href=\"https:\/\/bien-etreiris.ch\/wp-content\/uploads\/2022\/06\/Aronia-1.jpg\"><img loading=\"lazy\" decoding=\"async\" class=\"wp-image-56056 alignleft\" src=\"https:\/\/bien-etreiris.ch\/wp-content\/uploads\/2022\/06\/Aronia-1.jpg\" alt=\"\" width=\"300\" height=\"426\" srcset=\"https:\/\/bien-etreiris.ch\/wp-content\/uploads\/2022\/06\/Aronia-1.jpg 401w, https:\/\/bien-etreiris.ch\/wp-content\/uploads\/2022\/06\/Aronia-1-211x300.jpg 211w\" sizes=\"auto, (max-width: 300px) 100vw, 300px\" \/><\/a><\/p>\n<p>&nbsp;<\/p>\n<p>&nbsp;<\/p>\n<p>&nbsp;<\/p>\n<p>Bio-Aronia-Konfit\u00fcre extra mit ganzen Fr\u00fcchten. Hergestellt aus 55 g Fr\u00fcchten (Aroniabeeren) pro 100 g.<\/p>\n<p>Zutaten<br>Wei\u00dfer Traubensaftkonzentrat*, Aroniabeeren*, Zitronensaftkonzentrat*, Geliermittel: Pektin,*aus kontrolliert biologischem Anbau.<\/p>\n<p>Glasbeh\u00e4lter mit 225 g <strong>CHF 5.10<\/strong><\/p>\n<div>&nbsp;<\/div>\n<div>&nbsp;<\/div>\n<div>&nbsp;<\/div>\n<div>&nbsp;<\/div>\n<h2><a href=\"https:\/\/bien-etreiris.ch\/de\/ratgeber-klarheit-beratung\/naehrstoffe\/superfoods\/aronia\/\" target=\"_blank\" rel=\"noopener\"><em><span style=\"color: #ff9900;\">Mehr \u00fcber Aronia erfahren<\/span><\/em><\/a><\/h2>\n","protected":false},"excerpt":{"rendered":"<p>Aronia-Fruchtaufstrich &nbsp; &nbsp; &nbsp; Bio-Aronia-Konfit\u00fcre extra mit ganzen Fr\u00fcchten. Hergestellt aus 55 g Fr\u00fcchten (Aroniabeeren) pro 100 g. ZutatenWei\u00dfer Traubensaftkonzentrat*, Aroniabeeren*, Zitronensaftkonzentrat*, Geliermittel: Pektin,*aus kontrolliert biologischem Anbau. Glasbeh\u00e4lter mit 225 g CHF 5.10 &nbsp; &nbsp; &nbsp; &nbsp; Mehr \u00fcber Aronia erfahren<\/p>\n","protected":false},"author":1,"featured_media":56061,"parent":52720,"menu_order":4814,"comment_status":"closed","ping_status":"closed","template":"page-with-child.php","meta":{"_acf_changed":false,"ngg_post_thumbnail":0,"footnotes":""},"class_list":["post-60446","page","type-page","status-publish","has-post-thumbnail","hentry"],"acf":[],"yoast_head":"<!-- This site is optimized with the Yoast SEO plugin v27.4 - https:\/\/yoast.com\/product\/yoast-seo-wordpress\/ -->\n<title>ARONIA - WOHLBEFINDEN<\/title>\n<meta name=\"robots\" content=\"index, follow, max-snippet:-1, max-image-preview:large, max-video-preview:-1\" \/>\n<link rel=\"canonical\" href=\"https:\/\/bien-etreiris.ch\/de\/produktpraesentation\/gesundes-leben\/gesunde-lebensmittel\/superfoods\/pasten-und-puerees\/brotaufstrich\/aronia-fruchtaufstrich\/\" \/>\n<meta property=\"og:locale\" content=\"de_DE\" \/>\n<meta property=\"og:type\" content=\"article\" \/>\n<meta property=\"og:title\" content=\"ARONIA - WOHLBEFINDEN\" \/>\n<meta property=\"og:description\" content=\"Aronia-Fruchtaufstrich &nbsp; &nbsp; &nbsp; Bio-Aronia-Konfit\u00fcre extra mit ganzen Fr\u00fcchten. Hergestellt aus 55 g Fr\u00fcchten (Aroniabeeren) pro 100 g. ZutatenWei\u00dfer Traubensaftkonzentrat*, Aroniabeeren*, Zitronensaftkonzentrat*, Geliermittel: Pektin,*aus kontrolliert biologischem Anbau. Glasbeh\u00e4lter mit 225 g CHF 5.10 &nbsp; &nbsp; &nbsp; &nbsp; Mehr \u00fcber Aronia erfahren\" \/>\n<meta property=\"og:url\" content=\"https:\/\/bien-etreiris.ch\/de\/produktpraesentation\/gesundes-leben\/gesunde-lebensmittel\/superfoods\/pasten-und-puerees\/brotaufstrich\/aronia-fruchtaufstrich\/\" \/>\n<meta property=\"og:site_name\" content=\"WOHLBEFINDEN\" \/>\n<meta property=\"article:publisher\" content=\"https:\/\/www.facebook.com\/bienetreiris\/\" \/>\n<meta property=\"article:modified_time\" content=\"2022-09-25T16:15:54+00:00\" \/>\n<meta property=\"og:image\" content=\"https:\/\/bien-etreiris.ch\/wp-content\/uploads\/2022\/06\/acceuil-pate-a-tartiner-aronia-scaled.jpg\" \/>\n\t<meta property=\"og:image:width\" content=\"2560\" \/>\n\t<meta property=\"og:image:height\" content=\"1707\" \/>\n\t<meta property=\"og:image:type\" content=\"image\/jpeg\" \/>\n<meta name=\"twitter:label1\" content=\"Gesch\u00e4tzte Lesezeit\" \/>\n\t<meta name=\"twitter:data1\" content=\"1\u00a0Minute\" \/>\n<script type=\"application\/ld+json\" class=\"yoast-schema-graph\">{\"@context\":\"https:\\\/\\\/schema.org\",\"@graph\":[{\"@type\":\"WebPage\",\"@id\":\"https:\\\/\\\/bien-etreiris.ch\\\/de\\\/produktpraesentation\\\/gesundes-leben\\\/gesunde-lebensmittel\\\/superfoods\\\/pasten-und-puerees\\\/brotaufstrich\\\/aronia-fruchtaufstrich\\\/\",\"url\":\"https:\\\/\\\/bien-etreiris.ch\\\/de\\\/produktpraesentation\\\/gesundes-leben\\\/gesunde-lebensmittel\\\/superfoods\\\/pasten-und-puerees\\\/brotaufstrich\\\/aronia-fruchtaufstrich\\\/\",\"name\":\"ARONIA - WOHLBEFINDEN\",\"isPartOf\":{\"@id\":\"https:\\\/\\\/bien-etreiris.ch\\\/de\\\/#website\"},\"primaryImageOfPage\":{\"@id\":\"https:\\\/\\\/bien-etreiris.ch\\\/de\\\/produktpraesentation\\\/gesundes-leben\\\/gesunde-lebensmittel\\\/superfoods\\\/pasten-und-puerees\\\/brotaufstrich\\\/aronia-fruchtaufstrich\\\/#primaryimage\"},\"image\":{\"@id\":\"https:\\\/\\\/bien-etreiris.ch\\\/de\\\/produktpraesentation\\\/gesundes-leben\\\/gesunde-lebensmittel\\\/superfoods\\\/pasten-und-puerees\\\/brotaufstrich\\\/aronia-fruchtaufstrich\\\/#primaryimage\"},\"thumbnailUrl\":\"https:\\\/\\\/bien-etreiris.ch\\\/wp-content\\\/uploads\\\/2022\\\/06\\\/acceuil-pate-a-tartiner-aronia-scaled.jpg\",\"datePublished\":\"2022-06-27T06:54:34+00:00\",\"dateModified\":\"2022-09-25T16:15:54+00:00\",\"breadcrumb\":{\"@id\":\"https:\\\/\\\/bien-etreiris.ch\\\/de\\\/produktpraesentation\\\/gesundes-leben\\\/gesunde-lebensmittel\\\/superfoods\\\/pasten-und-puerees\\\/brotaufstrich\\\/aronia-fruchtaufstrich\\\/#breadcrumb\"},\"inLanguage\":\"de\",\"potentialAction\":[{\"@type\":\"ReadAction\",\"target\":[\"https:\\\/\\\/bien-etreiris.ch\\\/de\\\/produktpraesentation\\\/gesundes-leben\\\/gesunde-lebensmittel\\\/superfoods\\\/pasten-und-puerees\\\/brotaufstrich\\\/aronia-fruchtaufstrich\\\/\"]}]},{\"@type\":\"ImageObject\",\"inLanguage\":\"de\",\"@id\":\"https:\\\/\\\/bien-etreiris.ch\\\/de\\\/produktpraesentation\\\/gesundes-leben\\\/gesunde-lebensmittel\\\/superfoods\\\/pasten-und-puerees\\\/brotaufstrich\\\/aronia-fruchtaufstrich\\\/#primaryimage\",\"url\":\"https:\\\/\\\/bien-etreiris.ch\\\/wp-content\\\/uploads\\\/2022\\\/06\\\/acceuil-pate-a-tartiner-aronia-scaled.jpg\",\"contentUrl\":\"https:\\\/\\\/bien-etreiris.ch\\\/wp-content\\\/uploads\\\/2022\\\/06\\\/acceuil-pate-a-tartiner-aronia-scaled.jpg\",\"width\":2560,\"height\":1707},{\"@type\":\"BreadcrumbList\",\"@id\":\"https:\\\/\\\/bien-etreiris.ch\\\/de\\\/produktpraesentation\\\/gesundes-leben\\\/gesunde-lebensmittel\\\/superfoods\\\/pasten-und-puerees\\\/brotaufstrich\\\/aronia-fruchtaufstrich\\\/#breadcrumb\",\"itemListElement\":[{\"@type\":\"ListItem\",\"position\":1,\"name\":\"Home\",\"item\":\"https:\\\/\\\/bien-etreiris.ch\\\/de\\\/\"},{\"@type\":\"ListItem\",\"position\":2,\"name\":\"PRODUKTPR\u00c4SENTATION\",\"item\":\"https:\\\/\\\/bien-etreiris.ch\\\/de\\\/produktpraesentation\\\/\"},{\"@type\":\"ListItem\",\"position\":3,\"name\":\"GESUNDES LEBEN\",\"item\":\"https:\\\/\\\/bien-etreiris.ch\\\/de\\\/produktpraesentation\\\/gesundes-leben\\\/\"},{\"@type\":\"ListItem\",\"position\":4,\"name\":\"GESUNDE LEBENSMITTEL\",\"item\":\"https:\\\/\\\/bien-etreiris.ch\\\/de\\\/produktpraesentation\\\/gesundes-leben\\\/gesunde-lebensmittel\\\/\"},{\"@type\":\"ListItem\",\"position\":5,\"name\":\"SUPERFOODS\",\"item\":\"https:\\\/\\\/bien-etreiris.ch\\\/de\\\/produktpraesentation\\\/gesundes-leben\\\/gesunde-lebensmittel\\\/superfoods\\\/\"},{\"@type\":\"ListItem\",\"position\":6,\"name\":\"PASTEN &#038; P\u00dcREES\",\"item\":\"https:\\\/\\\/bien-etreiris.ch\\\/de\\\/produktpraesentation\\\/gesundes-leben\\\/gesunde-lebensmittel\\\/superfoods\\\/pasten-und-puerees\\\/\"},{\"@type\":\"ListItem\",\"position\":7,\"name\":\"BROTAUFSTRICH\",\"item\":\"https:\\\/\\\/bien-etreiris.ch\\\/de\\\/produktpraesentation\\\/gesundes-leben\\\/gesunde-lebensmittel\\\/superfoods\\\/pasten-und-puerees\\\/brotaufstrich\\\/\"},{\"@type\":\"ListItem\",\"position\":8,\"name\":\"ARONIA\"}]},{\"@type\":\"WebSite\",\"@id\":\"https:\\\/\\\/bien-etreiris.ch\\\/de\\\/#website\",\"url\":\"https:\\\/\\\/bien-etreiris.ch\\\/de\\\/\",\"name\":\"Bien-\u00eatre Iris\",\"description\":\"IHRE Gesundheit ist uns wichtig\",\"potentialAction\":[{\"@type\":\"SearchAction\",\"target\":{\"@type\":\"EntryPoint\",\"urlTemplate\":\"https:\\\/\\\/bien-etreiris.ch\\\/de\\\/?s={search_term_string}\"},\"query-input\":{\"@type\":\"PropertyValueSpecification\",\"valueRequired\":true,\"valueName\":\"search_term_string\"}}],\"inLanguage\":\"de\"}]}<\/script>\n<!-- \/ Yoast SEO plugin. -->","yoast_head_json":{"title":"ARONIA - WOHLBEFINDEN","robots":{"index":"index","follow":"follow","max-snippet":"max-snippet:-1","max-image-preview":"max-image-preview:large","max-video-preview":"max-video-preview:-1"},"canonical":"https:\/\/bien-etreiris.ch\/de\/produktpraesentation\/gesundes-leben\/gesunde-lebensmittel\/superfoods\/pasten-und-puerees\/brotaufstrich\/aronia-fruchtaufstrich\/","og_locale":"de_DE","og_type":"article","og_title":"ARONIA - WOHLBEFINDEN","og_description":"Aronia-Fruchtaufstrich &nbsp; &nbsp; &nbsp; Bio-Aronia-Konfit\u00fcre extra mit ganzen Fr\u00fcchten. Hergestellt aus 55 g Fr\u00fcchten (Aroniabeeren) pro 100 g. ZutatenWei\u00dfer Traubensaftkonzentrat*, Aroniabeeren*, Zitronensaftkonzentrat*, Geliermittel: Pektin,*aus kontrolliert biologischem Anbau. Glasbeh\u00e4lter mit 225 g CHF 5.10 &nbsp; &nbsp; &nbsp; &nbsp; Mehr \u00fcber Aronia erfahren","og_url":"https:\/\/bien-etreiris.ch\/de\/produktpraesentation\/gesundes-leben\/gesunde-lebensmittel\/superfoods\/pasten-und-puerees\/brotaufstrich\/aronia-fruchtaufstrich\/","og_site_name":"WOHLBEFINDEN","article_publisher":"https:\/\/www.facebook.com\/bienetreiris\/","article_modified_time":"2022-09-25T16:15:54+00:00","og_image":[{"width":2560,"height":1707,"url":"https:\/\/bien-etreiris.ch\/wp-content\/uploads\/2022\/06\/acceuil-pate-a-tartiner-aronia-scaled.jpg","type":"image\/jpeg"}],"twitter_misc":{"Gesch\u00e4tzte Lesezeit":"1\u00a0Minute"},"schema":{"@context":"https:\/\/schema.org","@graph":[{"@type":"WebPage","@id":"https:\/\/bien-etreiris.ch\/de\/produktpraesentation\/gesundes-leben\/gesunde-lebensmittel\/superfoods\/pasten-und-puerees\/brotaufstrich\/aronia-fruchtaufstrich\/","url":"https:\/\/bien-etreiris.ch\/de\/produktpraesentation\/gesundes-leben\/gesunde-lebensmittel\/superfoods\/pasten-und-puerees\/brotaufstrich\/aronia-fruchtaufstrich\/","name":"ARONIA - WOHLBEFINDEN","isPartOf":{"@id":"https:\/\/bien-etreiris.ch\/de\/#website"},"primaryImageOfPage":{"@id":"https:\/\/bien-etreiris.ch\/de\/produktpraesentation\/gesundes-leben\/gesunde-lebensmittel\/superfoods\/pasten-und-puerees\/brotaufstrich\/aronia-fruchtaufstrich\/#primaryimage"},"image":{"@id":"https:\/\/bien-etreiris.ch\/de\/produktpraesentation\/gesundes-leben\/gesunde-lebensmittel\/superfoods\/pasten-und-puerees\/brotaufstrich\/aronia-fruchtaufstrich\/#primaryimage"},"thumbnailUrl":"https:\/\/bien-etreiris.ch\/wp-content\/uploads\/2022\/06\/acceuil-pate-a-tartiner-aronia-scaled.jpg","datePublished":"2022-06-27T06:54:34+00:00","dateModified":"2022-09-25T16:15:54+00:00","breadcrumb":{"@id":"https:\/\/bien-etreiris.ch\/de\/produktpraesentation\/gesundes-leben\/gesunde-lebensmittel\/superfoods\/pasten-und-puerees\/brotaufstrich\/aronia-fruchtaufstrich\/#breadcrumb"},"inLanguage":"de","potentialAction":[{"@type":"ReadAction","target":["https:\/\/bien-etreiris.ch\/de\/produktpraesentation\/gesundes-leben\/gesunde-lebensmittel\/superfoods\/pasten-und-puerees\/brotaufstrich\/aronia-fruchtaufstrich\/"]}]},{"@type":"ImageObject","inLanguage":"de","@id":"https:\/\/bien-etreiris.ch\/de\/produktpraesentation\/gesundes-leben\/gesunde-lebensmittel\/superfoods\/pasten-und-puerees\/brotaufstrich\/aronia-fruchtaufstrich\/#primaryimage","url":"https:\/\/bien-etreiris.ch\/wp-content\/uploads\/2022\/06\/acceuil-pate-a-tartiner-aronia-scaled.jpg","contentUrl":"https:\/\/bien-etreiris.ch\/wp-content\/uploads\/2022\/06\/acceuil-pate-a-tartiner-aronia-scaled.jpg","width":2560,"height":1707},{"@type":"BreadcrumbList","@id":"https:\/\/bien-etreiris.ch\/de\/produktpraesentation\/gesundes-leben\/gesunde-lebensmittel\/superfoods\/pasten-und-puerees\/brotaufstrich\/aronia-fruchtaufstrich\/#breadcrumb","itemListElement":[{"@type":"ListItem","position":1,"name":"Home","item":"https:\/\/bien-etreiris.ch\/de\/"},{"@type":"ListItem","position":2,"name":"PRODUKTPR\u00c4SENTATION","item":"https:\/\/bien-etreiris.ch\/de\/produktpraesentation\/"},{"@type":"ListItem","position":3,"name":"GESUNDES LEBEN","item":"https:\/\/bien-etreiris.ch\/de\/produktpraesentation\/gesundes-leben\/"},{"@type":"ListItem","position":4,"name":"GESUNDE LEBENSMITTEL","item":"https:\/\/bien-etreiris.ch\/de\/produktpraesentation\/gesundes-leben\/gesunde-lebensmittel\/"},{"@type":"ListItem","position":5,"name":"SUPERFOODS","item":"https:\/\/bien-etreiris.ch\/de\/produktpraesentation\/gesundes-leben\/gesunde-lebensmittel\/superfoods\/"},{"@type":"ListItem","position":6,"name":"PASTEN &#038; P\u00dcREES","item":"https:\/\/bien-etreiris.ch\/de\/produktpraesentation\/gesundes-leben\/gesunde-lebensmittel\/superfoods\/pasten-und-puerees\/"},{"@type":"ListItem","position":7,"name":"BROTAUFSTRICH","item":"https:\/\/bien-etreiris.ch\/de\/produktpraesentation\/gesundes-leben\/gesunde-lebensmittel\/superfoods\/pasten-und-puerees\/brotaufstrich\/"},{"@type":"ListItem","position":8,"name":"ARONIA"}]},{"@type":"WebSite","@id":"https:\/\/bien-etreiris.ch\/de\/#website","url":"https:\/\/bien-etreiris.ch\/de\/","name":"Bien-\u00eatre Iris","description":"IHRE Gesundheit ist uns wichtig","potentialAction":[{"@type":"SearchAction","target":{"@type":"EntryPoint","urlTemplate":"https:\/\/bien-etreiris.ch\/de\/?s={search_term_string}"},"query-input":{"@type":"PropertyValueSpecification","valueRequired":true,"valueName":"search_term_string"}}],"inLanguage":"de"}]}},"_links":{"self":[{"href":"https:\/\/bien-etreiris.ch\/de\/wp-json\/wp\/v2\/pages\/60446","targetHints":{"allow":["GET"]}}],"collection":[{"href":"https:\/\/bien-etreiris.ch\/de\/wp-json\/wp\/v2\/pages"}],"about":[{"href":"https:\/\/bien-etreiris.ch\/de\/wp-json\/wp\/v2\/types\/page"}],"author":[{"embeddable":true,"href":"https:\/\/bien-etreiris.ch\/de\/wp-json\/wp\/v2\/users\/1"}],"replies":[{"embeddable":true,"href":"https:\/\/bien-etreiris.ch\/de\/wp-json\/wp\/v2\/comments?post=60446"}],"version-history":[{"count":2,"href":"https:\/\/bien-etreiris.ch\/de\/wp-json\/wp\/v2\/pages\/60446\/revisions"}],"predecessor-version":[{"id":60452,"href":"https:\/\/bien-etreiris.ch\/de\/wp-json\/wp\/v2\/pages\/60446\/revisions\/60452"}],"up":[{"embeddable":true,"href":"https:\/\/bien-etreiris.ch\/de\/wp-json\/wp\/v2\/pages\/52720"}],"wp:featuredmedia":[{"embeddable":true,"href":"https:\/\/bien-etreiris.ch\/de\/wp-json\/wp\/v2\/media\/56061"}],"wp:attachment":[{"href":"https:\/\/bien-etreiris.ch\/de\/wp-json\/wp\/v2\/media?parent=60446"}],"curies":[{"name":"wp","href":"https:\/\/api.w.org\/{rel}","templated":true}]}}