{"id":60427,"date":"2022-07-07T06:27:26","date_gmt":"2022-07-07T04:27:26","guid":{"rendered":"https:\/\/bien-etreiris.ch\/produktpraesentation\/natuerliche-kosmetik\/schminken\/beauty-id\/schminkpaletten-zum-nachfuellen\/vide-grande-palette-a-remplir\/"},"modified":"2022-09-25T13:08:20","modified_gmt":"2022-09-25T11:08:20","slug":"vide-grande-palette-a-remplir","status":"publish","type":"page","link":"https:\/\/bien-etreiris.ch\/de\/produktpraesentation\/natuerliche-kosmetik\/schminken\/beauty-id\/schminkpaletten-zum-nachfuellen\/vide-grande-palette-a-remplir\/","title":{"rendered":"VIDE &#8211; GRANDE"},"content":{"rendered":"\n<h2>Beauty ID grande palette \u00e0 remplir<\/h2>\n<p><a href=\"https:\/\/bien-etreiris.ch\/wp-content\/uploads\/2022\/07\/Palette-vide-grande.jpg\"><img loading=\"lazy\" decoding=\"async\" class=\"alignnone size-full wp-image-56338\" src=\"https:\/\/bien-etreiris.ch\/wp-content\/uploads\/2022\/07\/Palette-vide-grande.jpg\" alt=\"\" width=\"900\" height=\"900\" srcset=\"https:\/\/bien-etreiris.ch\/wp-content\/uploads\/2022\/07\/Palette-vide-grande.jpg 900w, https:\/\/bien-etreiris.ch\/wp-content\/uploads\/2022\/07\/Palette-vide-grande-300x300.jpg 300w, https:\/\/bien-etreiris.ch\/wp-content\/uploads\/2022\/07\/Palette-vide-grande-150x150.jpg 150w, https:\/\/bien-etreiris.ch\/wp-content\/uploads\/2022\/07\/Palette-vide-grande-768x768.jpg 768w\" sizes=\"auto, (max-width: 900px) 100vw, 900px\" \/><\/a><a href=\"https:\/\/bien-etreiris.ch\/wp-content\/uploads\/2022\/07\/Palette-vide-grande-2.jpg\"><img loading=\"lazy\" decoding=\"async\" class=\"size-full wp-image-56341 alignleft\" src=\"https:\/\/bien-etreiris.ch\/wp-content\/uploads\/2022\/07\/Palette-vide-grande-2.jpg\" alt=\"\" width=\"300\" height=\"300\" srcset=\"https:\/\/bien-etreiris.ch\/wp-content\/uploads\/2022\/07\/Palette-vide-grande-2.jpg 300w, https:\/\/bien-etreiris.ch\/wp-content\/uploads\/2022\/07\/Palette-vide-grande-2-150x150.jpg 150w\" sizes=\"auto, (max-width: 300px) 100vw, 300px\" \/><\/a><\/p>\n<p>&nbsp;<\/p>\n<p>&nbsp;<\/p>\n<p>&nbsp;<\/p>\n<p>&nbsp;<\/p>\n<p>1 pi\u00e8ce <strong>CHF 5.20<br><\/strong><\/p>\n<p>Ton remplissage personnel &#x1f90d;<\/p>\n<p>&nbsp;<\/p>\n<p>&nbsp;<\/p>\n<h4 class=\"headline\">Description<\/h4>\n<div class=\"product-description-content\">\n<p>Constituez facilement votre propre assortiment de maquillage ! Cette palette rechargeable durable est en papier et peut \u00eatre constamment re-remplie : il suffit de choisir les recharges et de les poser sur la plaque magn\u00e9tique pr\u00e9vue \u00e0 cet effet. Gr\u00e2ce au miroir int\u00e9gr\u00e9, vous pouvez vous maquiller partout, m\u00eame en d\u00e9placement.<\/p>\n<h4><strong>D\u00e9tails<\/strong><\/h4>\n<ul>\n<li><strong>Grande Palette<\/strong> : convient pour 12 petites recharges (fards \u00e0 paupi\u00e8res) ou 6 recharges moyennes (Blush, Highlighter, Contouring Powder, Lip &amp; Cheek Balm)<\/li>\n<\/ul>\n<p>&nbsp;<\/p>\n<p><strong>Remarque<\/strong>&nbsp; la palette est vendue vide.<\/p>\n<\/div>\n<p>&nbsp;<\/p>\n<p>&nbsp;<\/p>\n<p>&nbsp;<\/p>\n<p>&nbsp;<\/p>\n<p>&nbsp;<\/p>\n<p>&nbsp;<\/p>\n","protected":false},"excerpt":{"rendered":"<p>Beauty ID grande palette \u00e0 remplir &nbsp; &nbsp; &nbsp; &nbsp; 1 pi\u00e8ce CHF 5.20 Ton remplissage personnel &#x1f90d; &nbsp; &nbsp; Description Constituez facilement votre propre assortiment de maquillage ! Cette palette rechargeable durable est en papier et peut \u00eatre constamment re-remplie : il suffit de choisir les recharges et de les poser sur la plaque magn\u00e9tique pr\u00e9vue \u00e0 cet effet.&nbsp;<a href=\"https:\/\/bien-etreiris.ch\/de\/produktpraesentation\/natuerliche-kosmetik\/schminken\/beauty-id\/schminkpaletten-zum-nachfuellen\/vide-grande-palette-a-remplir\/\" class=\"read-more\">Weiter lesen<\/a><\/p>\n","protected":false},"author":1,"featured_media":56346,"parent":48250,"menu_order":4788,"comment_status":"closed","ping_status":"closed","template":"page-with-child.php","meta":{"_acf_changed":false,"ngg_post_thumbnail":0,"footnotes":""},"class_list":["post-60427","page","type-page","status-publish","has-post-thumbnail","hentry"],"acf":[],"yoast_head":"<!-- This site is optimized with the Yoast SEO plugin v27.5 - https:\/\/yoast.com\/product\/yoast-seo-wordpress\/ -->\n<title>VIDE - GRANDE - WOHLBEFINDEN<\/title>\n<meta name=\"robots\" content=\"index, follow, max-snippet:-1, max-image-preview:large, max-video-preview:-1\" \/>\n<link rel=\"canonical\" href=\"https:\/\/bien-etreiris.ch\/de\/produktpraesentation\/natuerliche-kosmetik\/schminken\/beauty-id\/schminkpaletten-zum-nachfuellen\/vide-grande-palette-a-remplir\/\" \/>\n<meta property=\"og:locale\" content=\"de_DE\" \/>\n<meta property=\"og:type\" content=\"article\" \/>\n<meta property=\"og:title\" content=\"VIDE - GRANDE - WOHLBEFINDEN\" \/>\n<meta property=\"og:description\" content=\"Beauty ID grande palette \u00e0 remplir &nbsp; &nbsp; &nbsp; &nbsp; 1 pi\u00e8ce CHF 5.20 Ton remplissage personnel &#x1f90d; &nbsp; &nbsp; Description Constituez facilement votre propre assortiment de maquillage ! Cette palette rechargeable durable est en papier et peut \u00eatre constamment re-remplie : il suffit de choisir les recharges et de les poser sur la plaque magn\u00e9tique pr\u00e9vue \u00e0 cet effet.&nbsp;Weiter lesen\" \/>\n<meta property=\"og:url\" content=\"https:\/\/bien-etreiris.ch\/de\/produktpraesentation\/natuerliche-kosmetik\/schminken\/beauty-id\/schminkpaletten-zum-nachfuellen\/vide-grande-palette-a-remplir\/\" \/>\n<meta property=\"og:site_name\" content=\"WOHLBEFINDEN\" \/>\n<meta property=\"article:publisher\" content=\"https:\/\/www.facebook.com\/bienetreiris\/\" \/>\n<meta property=\"article:modified_time\" content=\"2022-09-25T11:08:20+00:00\" \/>\n<meta property=\"og:image\" content=\"https:\/\/bien-etreiris.ch\/wp-content\/uploads\/2022\/07\/acceuil-Palette-vide-grande.jpg\" \/>\n\t<meta property=\"og:image:width\" content=\"500\" \/>\n\t<meta property=\"og:image:height\" content=\"319\" \/>\n\t<meta property=\"og:image:type\" content=\"image\/jpeg\" \/>\n<meta name=\"twitter:label1\" content=\"Gesch\u00e4tzte Lesezeit\" \/>\n\t<meta name=\"twitter:data1\" content=\"2\u00a0Minuten\" \/>\n<script type=\"application\/ld+json\" class=\"yoast-schema-graph\">{\"@context\":\"https:\\\/\\\/schema.org\",\"@graph\":[{\"@type\":\"WebPage\",\"@id\":\"https:\\\/\\\/bien-etreiris.ch\\\/de\\\/produktpraesentation\\\/natuerliche-kosmetik\\\/schminken\\\/beauty-id\\\/schminkpaletten-zum-nachfuellen\\\/vide-grande-palette-a-remplir\\\/\",\"url\":\"https:\\\/\\\/bien-etreiris.ch\\\/de\\\/produktpraesentation\\\/natuerliche-kosmetik\\\/schminken\\\/beauty-id\\\/schminkpaletten-zum-nachfuellen\\\/vide-grande-palette-a-remplir\\\/\",\"name\":\"VIDE - GRANDE - WOHLBEFINDEN\",\"isPartOf\":{\"@id\":\"https:\\\/\\\/bien-etreiris.ch\\\/de\\\/#website\"},\"primaryImageOfPage\":{\"@id\":\"https:\\\/\\\/bien-etreiris.ch\\\/de\\\/produktpraesentation\\\/natuerliche-kosmetik\\\/schminken\\\/beauty-id\\\/schminkpaletten-zum-nachfuellen\\\/vide-grande-palette-a-remplir\\\/#primaryimage\"},\"image\":{\"@id\":\"https:\\\/\\\/bien-etreiris.ch\\\/de\\\/produktpraesentation\\\/natuerliche-kosmetik\\\/schminken\\\/beauty-id\\\/schminkpaletten-zum-nachfuellen\\\/vide-grande-palette-a-remplir\\\/#primaryimage\"},\"thumbnailUrl\":\"https:\\\/\\\/bien-etreiris.ch\\\/wp-content\\\/uploads\\\/2022\\\/07\\\/acceuil-Palette-vide-grande.jpg\",\"datePublished\":\"2022-07-07T04:27:26+00:00\",\"dateModified\":\"2022-09-25T11:08:20+00:00\",\"breadcrumb\":{\"@id\":\"https:\\\/\\\/bien-etreiris.ch\\\/de\\\/produktpraesentation\\\/natuerliche-kosmetik\\\/schminken\\\/beauty-id\\\/schminkpaletten-zum-nachfuellen\\\/vide-grande-palette-a-remplir\\\/#breadcrumb\"},\"inLanguage\":\"de\",\"potentialAction\":[{\"@type\":\"ReadAction\",\"target\":[\"https:\\\/\\\/bien-etreiris.ch\\\/de\\\/produktpraesentation\\\/natuerliche-kosmetik\\\/schminken\\\/beauty-id\\\/schminkpaletten-zum-nachfuellen\\\/vide-grande-palette-a-remplir\\\/\"]}]},{\"@type\":\"ImageObject\",\"inLanguage\":\"de\",\"@id\":\"https:\\\/\\\/bien-etreiris.ch\\\/de\\\/produktpraesentation\\\/natuerliche-kosmetik\\\/schminken\\\/beauty-id\\\/schminkpaletten-zum-nachfuellen\\\/vide-grande-palette-a-remplir\\\/#primaryimage\",\"url\":\"https:\\\/\\\/bien-etreiris.ch\\\/wp-content\\\/uploads\\\/2022\\\/07\\\/acceuil-Palette-vide-grande.jpg\",\"contentUrl\":\"https:\\\/\\\/bien-etreiris.ch\\\/wp-content\\\/uploads\\\/2022\\\/07\\\/acceuil-Palette-vide-grande.jpg\",\"width\":500,\"height\":319},{\"@type\":\"BreadcrumbList\",\"@id\":\"https:\\\/\\\/bien-etreiris.ch\\\/de\\\/produktpraesentation\\\/natuerliche-kosmetik\\\/schminken\\\/beauty-id\\\/schminkpaletten-zum-nachfuellen\\\/vide-grande-palette-a-remplir\\\/#breadcrumb\",\"itemListElement\":[{\"@type\":\"ListItem\",\"position\":1,\"name\":\"Home\",\"item\":\"https:\\\/\\\/bien-etreiris.ch\\\/de\\\/\"},{\"@type\":\"ListItem\",\"position\":2,\"name\":\"PRODUKTPR\u00c4SENTATION\",\"item\":\"https:\\\/\\\/bien-etreiris.ch\\\/de\\\/produktpraesentation\\\/\"},{\"@type\":\"ListItem\",\"position\":3,\"name\":\"NAT\u00dcRLICHE KOSMETIK\",\"item\":\"https:\\\/\\\/bien-etreiris.ch\\\/de\\\/produktpraesentation\\\/natuerliche-kosmetik\\\/\"},{\"@type\":\"ListItem\",\"position\":4,\"name\":\"SCHMINKEN\",\"item\":\"https:\\\/\\\/bien-etreiris.ch\\\/de\\\/produktpraesentation\\\/natuerliche-kosmetik\\\/schminken\\\/\"},{\"@type\":\"ListItem\",\"position\":5,\"name\":\"BEAUTY ID\",\"item\":\"https:\\\/\\\/bien-etreiris.ch\\\/de\\\/produktpraesentation\\\/natuerliche-kosmetik\\\/schminken\\\/beauty-id\\\/\"},{\"@type\":\"ListItem\",\"position\":6,\"name\":\"SCHMINKPALETTEN\",\"item\":\"https:\\\/\\\/bien-etreiris.ch\\\/de\\\/produktpraesentation\\\/natuerliche-kosmetik\\\/schminken\\\/beauty-id\\\/schminkpaletten-zum-nachfuellen\\\/\"},{\"@type\":\"ListItem\",\"position\":7,\"name\":\"VIDE &#8211; GRANDE\"}]},{\"@type\":\"WebSite\",\"@id\":\"https:\\\/\\\/bien-etreiris.ch\\\/de\\\/#website\",\"url\":\"https:\\\/\\\/bien-etreiris.ch\\\/de\\\/\",\"name\":\"Bien-\u00eatre Iris\",\"description\":\"IHRE Gesundheit ist uns wichtig\",\"potentialAction\":[{\"@type\":\"SearchAction\",\"target\":{\"@type\":\"EntryPoint\",\"urlTemplate\":\"https:\\\/\\\/bien-etreiris.ch\\\/de\\\/?s={search_term_string}\"},\"query-input\":{\"@type\":\"PropertyValueSpecification\",\"valueRequired\":true,\"valueName\":\"search_term_string\"}}],\"inLanguage\":\"de\"}]}<\/script>\n<!-- \/ Yoast SEO plugin. -->","yoast_head_json":{"title":"VIDE - GRANDE - WOHLBEFINDEN","robots":{"index":"index","follow":"follow","max-snippet":"max-snippet:-1","max-image-preview":"max-image-preview:large","max-video-preview":"max-video-preview:-1"},"canonical":"https:\/\/bien-etreiris.ch\/de\/produktpraesentation\/natuerliche-kosmetik\/schminken\/beauty-id\/schminkpaletten-zum-nachfuellen\/vide-grande-palette-a-remplir\/","og_locale":"de_DE","og_type":"article","og_title":"VIDE - GRANDE - WOHLBEFINDEN","og_description":"Beauty ID grande palette \u00e0 remplir &nbsp; &nbsp; &nbsp; &nbsp; 1 pi\u00e8ce CHF 5.20 Ton remplissage personnel &#x1f90d; &nbsp; &nbsp; Description Constituez facilement votre propre assortiment de maquillage ! Cette palette rechargeable durable est en papier et peut \u00eatre constamment re-remplie : il suffit de choisir les recharges et de les poser sur la plaque magn\u00e9tique pr\u00e9vue \u00e0 cet effet.&nbsp;Weiter lesen","og_url":"https:\/\/bien-etreiris.ch\/de\/produktpraesentation\/natuerliche-kosmetik\/schminken\/beauty-id\/schminkpaletten-zum-nachfuellen\/vide-grande-palette-a-remplir\/","og_site_name":"WOHLBEFINDEN","article_publisher":"https:\/\/www.facebook.com\/bienetreiris\/","article_modified_time":"2022-09-25T11:08:20+00:00","og_image":[{"width":500,"height":319,"url":"https:\/\/bien-etreiris.ch\/wp-content\/uploads\/2022\/07\/acceuil-Palette-vide-grande.jpg","type":"image\/jpeg"}],"twitter_misc":{"Gesch\u00e4tzte Lesezeit":"2\u00a0Minuten"},"schema":{"@context":"https:\/\/schema.org","@graph":[{"@type":"WebPage","@id":"https:\/\/bien-etreiris.ch\/de\/produktpraesentation\/natuerliche-kosmetik\/schminken\/beauty-id\/schminkpaletten-zum-nachfuellen\/vide-grande-palette-a-remplir\/","url":"https:\/\/bien-etreiris.ch\/de\/produktpraesentation\/natuerliche-kosmetik\/schminken\/beauty-id\/schminkpaletten-zum-nachfuellen\/vide-grande-palette-a-remplir\/","name":"VIDE - GRANDE - WOHLBEFINDEN","isPartOf":{"@id":"https:\/\/bien-etreiris.ch\/de\/#website"},"primaryImageOfPage":{"@id":"https:\/\/bien-etreiris.ch\/de\/produktpraesentation\/natuerliche-kosmetik\/schminken\/beauty-id\/schminkpaletten-zum-nachfuellen\/vide-grande-palette-a-remplir\/#primaryimage"},"image":{"@id":"https:\/\/bien-etreiris.ch\/de\/produktpraesentation\/natuerliche-kosmetik\/schminken\/beauty-id\/schminkpaletten-zum-nachfuellen\/vide-grande-palette-a-remplir\/#primaryimage"},"thumbnailUrl":"https:\/\/bien-etreiris.ch\/wp-content\/uploads\/2022\/07\/acceuil-Palette-vide-grande.jpg","datePublished":"2022-07-07T04:27:26+00:00","dateModified":"2022-09-25T11:08:20+00:00","breadcrumb":{"@id":"https:\/\/bien-etreiris.ch\/de\/produktpraesentation\/natuerliche-kosmetik\/schminken\/beauty-id\/schminkpaletten-zum-nachfuellen\/vide-grande-palette-a-remplir\/#breadcrumb"},"inLanguage":"de","potentialAction":[{"@type":"ReadAction","target":["https:\/\/bien-etreiris.ch\/de\/produktpraesentation\/natuerliche-kosmetik\/schminken\/beauty-id\/schminkpaletten-zum-nachfuellen\/vide-grande-palette-a-remplir\/"]}]},{"@type":"ImageObject","inLanguage":"de","@id":"https:\/\/bien-etreiris.ch\/de\/produktpraesentation\/natuerliche-kosmetik\/schminken\/beauty-id\/schminkpaletten-zum-nachfuellen\/vide-grande-palette-a-remplir\/#primaryimage","url":"https:\/\/bien-etreiris.ch\/wp-content\/uploads\/2022\/07\/acceuil-Palette-vide-grande.jpg","contentUrl":"https:\/\/bien-etreiris.ch\/wp-content\/uploads\/2022\/07\/acceuil-Palette-vide-grande.jpg","width":500,"height":319},{"@type":"BreadcrumbList","@id":"https:\/\/bien-etreiris.ch\/de\/produktpraesentation\/natuerliche-kosmetik\/schminken\/beauty-id\/schminkpaletten-zum-nachfuellen\/vide-grande-palette-a-remplir\/#breadcrumb","itemListElement":[{"@type":"ListItem","position":1,"name":"Home","item":"https:\/\/bien-etreiris.ch\/de\/"},{"@type":"ListItem","position":2,"name":"PRODUKTPR\u00c4SENTATION","item":"https:\/\/bien-etreiris.ch\/de\/produktpraesentation\/"},{"@type":"ListItem","position":3,"name":"NAT\u00dcRLICHE KOSMETIK","item":"https:\/\/bien-etreiris.ch\/de\/produktpraesentation\/natuerliche-kosmetik\/"},{"@type":"ListItem","position":4,"name":"SCHMINKEN","item":"https:\/\/bien-etreiris.ch\/de\/produktpraesentation\/natuerliche-kosmetik\/schminken\/"},{"@type":"ListItem","position":5,"name":"BEAUTY ID","item":"https:\/\/bien-etreiris.ch\/de\/produktpraesentation\/natuerliche-kosmetik\/schminken\/beauty-id\/"},{"@type":"ListItem","position":6,"name":"SCHMINKPALETTEN","item":"https:\/\/bien-etreiris.ch\/de\/produktpraesentation\/natuerliche-kosmetik\/schminken\/beauty-id\/schminkpaletten-zum-nachfuellen\/"},{"@type":"ListItem","position":7,"name":"VIDE &#8211; GRANDE"}]},{"@type":"WebSite","@id":"https:\/\/bien-etreiris.ch\/de\/#website","url":"https:\/\/bien-etreiris.ch\/de\/","name":"Bien-\u00eatre Iris","description":"IHRE Gesundheit ist uns wichtig","potentialAction":[{"@type":"SearchAction","target":{"@type":"EntryPoint","urlTemplate":"https:\/\/bien-etreiris.ch\/de\/?s={search_term_string}"},"query-input":{"@type":"PropertyValueSpecification","valueRequired":true,"valueName":"search_term_string"}}],"inLanguage":"de"}]}},"_links":{"self":[{"href":"https:\/\/bien-etreiris.ch\/de\/wp-json\/wp\/v2\/pages\/60427","targetHints":{"allow":["GET"]}}],"collection":[{"href":"https:\/\/bien-etreiris.ch\/de\/wp-json\/wp\/v2\/pages"}],"about":[{"href":"https:\/\/bien-etreiris.ch\/de\/wp-json\/wp\/v2\/types\/page"}],"author":[{"embeddable":true,"href":"https:\/\/bien-etreiris.ch\/de\/wp-json\/wp\/v2\/users\/1"}],"replies":[{"embeddable":true,"href":"https:\/\/bien-etreiris.ch\/de\/wp-json\/wp\/v2\/comments?post=60427"}],"version-history":[{"count":2,"href":"https:\/\/bien-etreiris.ch\/de\/wp-json\/wp\/v2\/pages\/60427\/revisions"}],"predecessor-version":[{"id":60439,"href":"https:\/\/bien-etreiris.ch\/de\/wp-json\/wp\/v2\/pages\/60427\/revisions\/60439"}],"up":[{"embeddable":true,"href":"https:\/\/bien-etreiris.ch\/de\/wp-json\/wp\/v2\/pages\/48250"}],"wp:featuredmedia":[{"embeddable":true,"href":"https:\/\/bien-etreiris.ch\/de\/wp-json\/wp\/v2\/media\/56346"}],"wp:attachment":[{"href":"https:\/\/bien-etreiris.ch\/de\/wp-json\/wp\/v2\/media?parent=60427"}],"curies":[{"name":"wp","href":"https:\/\/api.w.org\/{rel}","templated":true}]}}