{"id":60370,"date":"2022-07-06T19:07:37","date_gmt":"2022-07-06T17:07:37","guid":{"rendered":"https:\/\/bien-etreiris.ch\/produktpraesentation\/natuerliche-kosmetik\/schminken\/beauty-id\/schminkpalette-zum-nachfuellen\/stockholm-palette-pre-remplie\/"},"modified":"2022-09-25T12:38:12","modified_gmt":"2022-09-25T10:38:12","slug":"stockholm-vorgefuellte-palette","status":"publish","type":"page","link":"https:\/\/bien-etreiris.ch\/de\/produktpraesentation\/natuerliche-kosmetik\/schminken\/beauty-id\/schminkpaletten-zum-nachfuellen\/stockholm-vorgefuellte-palette\/","title":{"rendered":"STOCKHOLM"},"content":{"rendered":"\n<h2 data-product-gtm-id=\"9809730\" data-product-id=\"166846\" data-product-price=\"27.90\" data-product-id-gshop=\"SDFR166846\">Vorgef\u00fcllte Make-up-Palette - Beauty ID - Stockholm<\/h2>\n<p>Nachhaltige Alternative dank der Herstellung aus Karton, der M\u00f6glichkeit, die Verpackung wiederzuverwenden, und der Verwendung von Kartonverpackungen f\u00fcr die Nachf\u00fcllpackungen!!<\/p>\n\n\n\n<p><a href=\"https:\/\/bien-etreiris.ch\/wp-content\/uploads\/2022\/07\/stockholm.jpg\"><img loading=\"lazy\" decoding=\"async\" class=\"alignnone size-full wp-image-56258\" src=\"https:\/\/bien-etreiris.ch\/wp-content\/uploads\/2022\/07\/stockholm.jpg\" alt=\"\" width=\"800\" height=\"800\" srcset=\"https:\/\/bien-etreiris.ch\/wp-content\/uploads\/2022\/07\/stockholm.jpg 800w, https:\/\/bien-etreiris.ch\/wp-content\/uploads\/2022\/07\/stockholm-300x300.jpg 300w, https:\/\/bien-etreiris.ch\/wp-content\/uploads\/2022\/07\/stockholm-150x150.jpg 150w, https:\/\/bien-etreiris.ch\/wp-content\/uploads\/2022\/07\/stockholm-768x768.jpg 768w\" sizes=\"auto, (max-width: 800px) 100vw, 800px\" \/><\/a><\/p>\n<p><a href=\"https:\/\/bien-etreiris.ch\/wp-content\/uploads\/2022\/07\/stockholm-2.jpg\"><img loading=\"lazy\" decoding=\"async\" class=\"size-full wp-image-56261 alignleft\" src=\"https:\/\/bien-etreiris.ch\/wp-content\/uploads\/2022\/07\/stockholm-2.jpg\" alt=\"\" width=\"300\" height=\"300\" srcset=\"https:\/\/bien-etreiris.ch\/wp-content\/uploads\/2022\/07\/stockholm-2.jpg 300w, https:\/\/bien-etreiris.ch\/wp-content\/uploads\/2022\/07\/stockholm-2-150x150.jpg 150w\" sizes=\"auto, (max-width: 300px) 100vw, 300px\" \/><\/a><\/p>\n<p>&nbsp;<\/p>\n<p>&nbsp;<\/p>\n<p>&nbsp;<\/p>\n<h4 data-product-gtm-id=\"9809733\" data-product-id=\"166848\" data-product-price=\"21.90\" data-product-id-gshop=\"SDFR166848\">Grosses Modell Stockholm 18 g<\/h4>\n<p>1 St\u00fcck mit dem ersten Inhalt <strong>CHF 21.50<\/strong><\/p>\n<p>Vintage-Chic und die gem\u00fctliche Atmosph\u00e4re einer Gro\u00dfstadt &#x1f90d;<\/p>\n<p>&nbsp;<\/p>\n<p>&nbsp;<\/p>\n<p>&nbsp;<\/p>\n<p>Hello Stockholm! Entdecke die schwedische Lebensart mit dieser wiederbef\u00fcllbaren Palette aus Papier, das immer erneuerbar und nachhaltig ist. Ein Rouge, zwei Highlighter, vier Lidschatten und ein Lip&amp;Cheek Balm beamen dich direkt in die skandinavische Gro\u00dfstadtmetropole an der Ostsee: Eine Stadt, so individuell wie du und dein Make-up - nicht zu viel und nicht zu wenig: Die Beauty ID f\u00fcr deine ganz pers\u00f6nlichen Lagom-Momente!<\/p>\n<p>&nbsp;<\/p>\n<h4><br>Beschreibung<\/h4>\n<p>Entdecke die Beauty ID Marrakech small Palette aus nachhaltigem Papier und immer wieder-bef\u00fcllbaren Produkten<\/p>\n<p>&nbsp;<\/p>\n<h4>INHALT (Erste Ladung)<\/h4>\n<ul style=\"list-style-type: disc;\">\n<li>1 Wangenrot magnolia please<\/li>\n<li>1 Highlighter ros\u00e9 illumination<\/li>\n<li>1 Highlighter shooting star<\/li>\n<li>1 Lidschatten lilas clair<\/li>\n<li>1 Lidschatten rose prismatique<\/li>\n<li>1 Lidschatten cr\u00e8me fouett\u00e9e<\/li>\n<li>1 Lidschatten dark mountains<\/li>\n<li>1&nbsp; Lippen - Wangenbalsam velvet rose<\/li>\n<\/ul>\n<p>100% zertifizierte Bio-Kosmetik | COSMOS Organic | PETA-approved<\/p>\n","protected":false},"excerpt":{"rendered":"<p>Vorgef\u00fcllte Make-up-Palette - Beauty ID - Stockholm Nachhaltige Alternative dank der Herstellung aus Karton, der M\u00f6glichkeit, die Verpackung wiederzuverwenden, und der Verwendung von Kartonverpackungen f\u00fcr die Nachf\u00fcllpackungen!! &nbsp; &nbsp; &nbsp; Grosses Modell Stockholm 18 g 1 St\u00fcck mit dem ersten Inhalt CHF 21.50 Vintage-Chic und die gem\u00fctliche Atmosph\u00e4re einer Gro\u00dfstadt &#x1f90d; &nbsp; &nbsp; &nbsp; Hello Stockholm! Entdecke die schwedische Lebensart&nbsp;<a href=\"https:\/\/bien-etreiris.ch\/de\/produktpraesentation\/natuerliche-kosmetik\/schminken\/beauty-id\/schminkpaletten-zum-nachfuellen\/stockholm-vorgefuellte-palette\/\" class=\"read-more\">Weiter lesen<\/a><\/p>\n","protected":false},"author":1,"featured_media":56266,"parent":48250,"menu_order":4800,"comment_status":"closed","ping_status":"closed","template":"page-with-child.php","meta":{"_acf_changed":false,"ngg_post_thumbnail":0,"footnotes":""},"class_list":["post-60370","page","type-page","status-publish","has-post-thumbnail","hentry"],"acf":[],"yoast_head":"<!-- This site is optimized with the Yoast SEO plugin v27.5 - https:\/\/yoast.com\/product\/yoast-seo-wordpress\/ -->\n<title>STOCKHOLM - WOHLBEFINDEN<\/title>\n<meta name=\"robots\" content=\"index, follow, max-snippet:-1, max-image-preview:large, max-video-preview:-1\" \/>\n<link rel=\"canonical\" href=\"https:\/\/bien-etreiris.ch\/de\/produktpraesentation\/natuerliche-kosmetik\/schminken\/beauty-id\/schminkpaletten-zum-nachfuellen\/stockholm-vorgefuellte-palette\/\" \/>\n<meta property=\"og:locale\" content=\"de_DE\" \/>\n<meta property=\"og:type\" content=\"article\" \/>\n<meta property=\"og:title\" content=\"STOCKHOLM - WOHLBEFINDEN\" \/>\n<meta property=\"og:description\" content=\"Vorgef\u00fcllte Make-up-Palette - Beauty ID - Stockholm Nachhaltige Alternative dank der Herstellung aus Karton, der M\u00f6glichkeit, die Verpackung wiederzuverwenden, und der Verwendung von Kartonverpackungen f\u00fcr die Nachf\u00fcllpackungen!! &nbsp; &nbsp; &nbsp; Grosses Modell Stockholm 18 g 1 St\u00fcck mit dem ersten Inhalt CHF 21.50 Vintage-Chic und die gem\u00fctliche Atmosph\u00e4re einer Gro\u00dfstadt &#x1f90d; &nbsp; &nbsp; &nbsp; Hello Stockholm! Entdecke die schwedische Lebensart&nbsp;Weiter lesen\" \/>\n<meta property=\"og:url\" content=\"https:\/\/bien-etreiris.ch\/de\/produktpraesentation\/natuerliche-kosmetik\/schminken\/beauty-id\/schminkpaletten-zum-nachfuellen\/stockholm-vorgefuellte-palette\/\" \/>\n<meta property=\"og:site_name\" content=\"WOHLBEFINDEN\" \/>\n<meta property=\"article:publisher\" content=\"https:\/\/www.facebook.com\/bienetreiris\/\" \/>\n<meta property=\"article:modified_time\" content=\"2022-09-25T10:38:12+00:00\" \/>\n<meta property=\"og:image\" content=\"https:\/\/bien-etreiris.ch\/wp-content\/uploads\/2022\/07\/acceuil-stockholm.jpg\" \/>\n\t<meta property=\"og:image:width\" content=\"500\" \/>\n\t<meta property=\"og:image:height\" content=\"333\" \/>\n\t<meta property=\"og:image:type\" content=\"image\/jpeg\" \/>\n<meta name=\"twitter:label1\" content=\"Gesch\u00e4tzte Lesezeit\" \/>\n\t<meta name=\"twitter:data1\" content=\"2\u00a0Minuten\" \/>\n<script type=\"application\/ld+json\" class=\"yoast-schema-graph\">{\"@context\":\"https:\\\/\\\/schema.org\",\"@graph\":[{\"@type\":\"WebPage\",\"@id\":\"https:\\\/\\\/bien-etreiris.ch\\\/de\\\/produktpraesentation\\\/natuerliche-kosmetik\\\/schminken\\\/beauty-id\\\/schminkpaletten-zum-nachfuellen\\\/stockholm-vorgefuellte-palette\\\/\",\"url\":\"https:\\\/\\\/bien-etreiris.ch\\\/de\\\/produktpraesentation\\\/natuerliche-kosmetik\\\/schminken\\\/beauty-id\\\/schminkpaletten-zum-nachfuellen\\\/stockholm-vorgefuellte-palette\\\/\",\"name\":\"STOCKHOLM - WOHLBEFINDEN\",\"isPartOf\":{\"@id\":\"https:\\\/\\\/bien-etreiris.ch\\\/de\\\/#website\"},\"primaryImageOfPage\":{\"@id\":\"https:\\\/\\\/bien-etreiris.ch\\\/de\\\/produktpraesentation\\\/natuerliche-kosmetik\\\/schminken\\\/beauty-id\\\/schminkpaletten-zum-nachfuellen\\\/stockholm-vorgefuellte-palette\\\/#primaryimage\"},\"image\":{\"@id\":\"https:\\\/\\\/bien-etreiris.ch\\\/de\\\/produktpraesentation\\\/natuerliche-kosmetik\\\/schminken\\\/beauty-id\\\/schminkpaletten-zum-nachfuellen\\\/stockholm-vorgefuellte-palette\\\/#primaryimage\"},\"thumbnailUrl\":\"https:\\\/\\\/bien-etreiris.ch\\\/wp-content\\\/uploads\\\/2022\\\/07\\\/acceuil-stockholm.jpg\",\"datePublished\":\"2022-07-06T17:07:37+00:00\",\"dateModified\":\"2022-09-25T10:38:12+00:00\",\"breadcrumb\":{\"@id\":\"https:\\\/\\\/bien-etreiris.ch\\\/de\\\/produktpraesentation\\\/natuerliche-kosmetik\\\/schminken\\\/beauty-id\\\/schminkpaletten-zum-nachfuellen\\\/stockholm-vorgefuellte-palette\\\/#breadcrumb\"},\"inLanguage\":\"de\",\"potentialAction\":[{\"@type\":\"ReadAction\",\"target\":[\"https:\\\/\\\/bien-etreiris.ch\\\/de\\\/produktpraesentation\\\/natuerliche-kosmetik\\\/schminken\\\/beauty-id\\\/schminkpaletten-zum-nachfuellen\\\/stockholm-vorgefuellte-palette\\\/\"]}]},{\"@type\":\"ImageObject\",\"inLanguage\":\"de\",\"@id\":\"https:\\\/\\\/bien-etreiris.ch\\\/de\\\/produktpraesentation\\\/natuerliche-kosmetik\\\/schminken\\\/beauty-id\\\/schminkpaletten-zum-nachfuellen\\\/stockholm-vorgefuellte-palette\\\/#primaryimage\",\"url\":\"https:\\\/\\\/bien-etreiris.ch\\\/wp-content\\\/uploads\\\/2022\\\/07\\\/acceuil-stockholm.jpg\",\"contentUrl\":\"https:\\\/\\\/bien-etreiris.ch\\\/wp-content\\\/uploads\\\/2022\\\/07\\\/acceuil-stockholm.jpg\",\"width\":500,\"height\":333},{\"@type\":\"BreadcrumbList\",\"@id\":\"https:\\\/\\\/bien-etreiris.ch\\\/de\\\/produktpraesentation\\\/natuerliche-kosmetik\\\/schminken\\\/beauty-id\\\/schminkpaletten-zum-nachfuellen\\\/stockholm-vorgefuellte-palette\\\/#breadcrumb\",\"itemListElement\":[{\"@type\":\"ListItem\",\"position\":1,\"name\":\"Home\",\"item\":\"https:\\\/\\\/bien-etreiris.ch\\\/de\\\/\"},{\"@type\":\"ListItem\",\"position\":2,\"name\":\"PRODUKTPR\u00c4SENTATION\",\"item\":\"https:\\\/\\\/bien-etreiris.ch\\\/de\\\/produktpraesentation\\\/\"},{\"@type\":\"ListItem\",\"position\":3,\"name\":\"NAT\u00dcRLICHE KOSMETIK\",\"item\":\"https:\\\/\\\/bien-etreiris.ch\\\/de\\\/produktpraesentation\\\/natuerliche-kosmetik\\\/\"},{\"@type\":\"ListItem\",\"position\":4,\"name\":\"SCHMINKEN\",\"item\":\"https:\\\/\\\/bien-etreiris.ch\\\/de\\\/produktpraesentation\\\/natuerliche-kosmetik\\\/schminken\\\/\"},{\"@type\":\"ListItem\",\"position\":5,\"name\":\"BEAUTY ID\",\"item\":\"https:\\\/\\\/bien-etreiris.ch\\\/de\\\/produktpraesentation\\\/natuerliche-kosmetik\\\/schminken\\\/beauty-id\\\/\"},{\"@type\":\"ListItem\",\"position\":6,\"name\":\"SCHMINKPALETTEN\",\"item\":\"https:\\\/\\\/bien-etreiris.ch\\\/de\\\/produktpraesentation\\\/natuerliche-kosmetik\\\/schminken\\\/beauty-id\\\/schminkpaletten-zum-nachfuellen\\\/\"},{\"@type\":\"ListItem\",\"position\":7,\"name\":\"STOCKHOLM\"}]},{\"@type\":\"WebSite\",\"@id\":\"https:\\\/\\\/bien-etreiris.ch\\\/de\\\/#website\",\"url\":\"https:\\\/\\\/bien-etreiris.ch\\\/de\\\/\",\"name\":\"Bien-\u00eatre Iris\",\"description\":\"IHRE Gesundheit ist uns wichtig\",\"potentialAction\":[{\"@type\":\"SearchAction\",\"target\":{\"@type\":\"EntryPoint\",\"urlTemplate\":\"https:\\\/\\\/bien-etreiris.ch\\\/de\\\/?s={search_term_string}\"},\"query-input\":{\"@type\":\"PropertyValueSpecification\",\"valueRequired\":true,\"valueName\":\"search_term_string\"}}],\"inLanguage\":\"de\"}]}<\/script>\n<!-- \/ Yoast SEO plugin. -->","yoast_head_json":{"title":"STOCKHOLM - WOHLBEFINDEN","robots":{"index":"index","follow":"follow","max-snippet":"max-snippet:-1","max-image-preview":"max-image-preview:large","max-video-preview":"max-video-preview:-1"},"canonical":"https:\/\/bien-etreiris.ch\/de\/produktpraesentation\/natuerliche-kosmetik\/schminken\/beauty-id\/schminkpaletten-zum-nachfuellen\/stockholm-vorgefuellte-palette\/","og_locale":"de_DE","og_type":"article","og_title":"STOCKHOLM - WOHLBEFINDEN","og_description":"Vorgef\u00fcllte Make-up-Palette - Beauty ID - Stockholm Nachhaltige Alternative dank der Herstellung aus Karton, der M\u00f6glichkeit, die Verpackung wiederzuverwenden, und der Verwendung von Kartonverpackungen f\u00fcr die Nachf\u00fcllpackungen!! &nbsp; &nbsp; &nbsp; Grosses Modell Stockholm 18 g 1 St\u00fcck mit dem ersten Inhalt CHF 21.50 Vintage-Chic und die gem\u00fctliche Atmosph\u00e4re einer Gro\u00dfstadt &#x1f90d; &nbsp; &nbsp; &nbsp; Hello Stockholm! Entdecke die schwedische Lebensart&nbsp;Weiter lesen","og_url":"https:\/\/bien-etreiris.ch\/de\/produktpraesentation\/natuerliche-kosmetik\/schminken\/beauty-id\/schminkpaletten-zum-nachfuellen\/stockholm-vorgefuellte-palette\/","og_site_name":"WOHLBEFINDEN","article_publisher":"https:\/\/www.facebook.com\/bienetreiris\/","article_modified_time":"2022-09-25T10:38:12+00:00","og_image":[{"width":500,"height":333,"url":"https:\/\/bien-etreiris.ch\/wp-content\/uploads\/2022\/07\/acceuil-stockholm.jpg","type":"image\/jpeg"}],"twitter_misc":{"Gesch\u00e4tzte Lesezeit":"2\u00a0Minuten"},"schema":{"@context":"https:\/\/schema.org","@graph":[{"@type":"WebPage","@id":"https:\/\/bien-etreiris.ch\/de\/produktpraesentation\/natuerliche-kosmetik\/schminken\/beauty-id\/schminkpaletten-zum-nachfuellen\/stockholm-vorgefuellte-palette\/","url":"https:\/\/bien-etreiris.ch\/de\/produktpraesentation\/natuerliche-kosmetik\/schminken\/beauty-id\/schminkpaletten-zum-nachfuellen\/stockholm-vorgefuellte-palette\/","name":"STOCKHOLM - WOHLBEFINDEN","isPartOf":{"@id":"https:\/\/bien-etreiris.ch\/de\/#website"},"primaryImageOfPage":{"@id":"https:\/\/bien-etreiris.ch\/de\/produktpraesentation\/natuerliche-kosmetik\/schminken\/beauty-id\/schminkpaletten-zum-nachfuellen\/stockholm-vorgefuellte-palette\/#primaryimage"},"image":{"@id":"https:\/\/bien-etreiris.ch\/de\/produktpraesentation\/natuerliche-kosmetik\/schminken\/beauty-id\/schminkpaletten-zum-nachfuellen\/stockholm-vorgefuellte-palette\/#primaryimage"},"thumbnailUrl":"https:\/\/bien-etreiris.ch\/wp-content\/uploads\/2022\/07\/acceuil-stockholm.jpg","datePublished":"2022-07-06T17:07:37+00:00","dateModified":"2022-09-25T10:38:12+00:00","breadcrumb":{"@id":"https:\/\/bien-etreiris.ch\/de\/produktpraesentation\/natuerliche-kosmetik\/schminken\/beauty-id\/schminkpaletten-zum-nachfuellen\/stockholm-vorgefuellte-palette\/#breadcrumb"},"inLanguage":"de","potentialAction":[{"@type":"ReadAction","target":["https:\/\/bien-etreiris.ch\/de\/produktpraesentation\/natuerliche-kosmetik\/schminken\/beauty-id\/schminkpaletten-zum-nachfuellen\/stockholm-vorgefuellte-palette\/"]}]},{"@type":"ImageObject","inLanguage":"de","@id":"https:\/\/bien-etreiris.ch\/de\/produktpraesentation\/natuerliche-kosmetik\/schminken\/beauty-id\/schminkpaletten-zum-nachfuellen\/stockholm-vorgefuellte-palette\/#primaryimage","url":"https:\/\/bien-etreiris.ch\/wp-content\/uploads\/2022\/07\/acceuil-stockholm.jpg","contentUrl":"https:\/\/bien-etreiris.ch\/wp-content\/uploads\/2022\/07\/acceuil-stockholm.jpg","width":500,"height":333},{"@type":"BreadcrumbList","@id":"https:\/\/bien-etreiris.ch\/de\/produktpraesentation\/natuerliche-kosmetik\/schminken\/beauty-id\/schminkpaletten-zum-nachfuellen\/stockholm-vorgefuellte-palette\/#breadcrumb","itemListElement":[{"@type":"ListItem","position":1,"name":"Home","item":"https:\/\/bien-etreiris.ch\/de\/"},{"@type":"ListItem","position":2,"name":"PRODUKTPR\u00c4SENTATION","item":"https:\/\/bien-etreiris.ch\/de\/produktpraesentation\/"},{"@type":"ListItem","position":3,"name":"NAT\u00dcRLICHE KOSMETIK","item":"https:\/\/bien-etreiris.ch\/de\/produktpraesentation\/natuerliche-kosmetik\/"},{"@type":"ListItem","position":4,"name":"SCHMINKEN","item":"https:\/\/bien-etreiris.ch\/de\/produktpraesentation\/natuerliche-kosmetik\/schminken\/"},{"@type":"ListItem","position":5,"name":"BEAUTY ID","item":"https:\/\/bien-etreiris.ch\/de\/produktpraesentation\/natuerliche-kosmetik\/schminken\/beauty-id\/"},{"@type":"ListItem","position":6,"name":"SCHMINKPALETTEN","item":"https:\/\/bien-etreiris.ch\/de\/produktpraesentation\/natuerliche-kosmetik\/schminken\/beauty-id\/schminkpaletten-zum-nachfuellen\/"},{"@type":"ListItem","position":7,"name":"STOCKHOLM"}]},{"@type":"WebSite","@id":"https:\/\/bien-etreiris.ch\/de\/#website","url":"https:\/\/bien-etreiris.ch\/de\/","name":"Bien-\u00eatre Iris","description":"IHRE Gesundheit ist uns wichtig","potentialAction":[{"@type":"SearchAction","target":{"@type":"EntryPoint","urlTemplate":"https:\/\/bien-etreiris.ch\/de\/?s={search_term_string}"},"query-input":{"@type":"PropertyValueSpecification","valueRequired":true,"valueName":"search_term_string"}}],"inLanguage":"de"}]}},"_links":{"self":[{"href":"https:\/\/bien-etreiris.ch\/de\/wp-json\/wp\/v2\/pages\/60370","targetHints":{"allow":["GET"]}}],"collection":[{"href":"https:\/\/bien-etreiris.ch\/de\/wp-json\/wp\/v2\/pages"}],"about":[{"href":"https:\/\/bien-etreiris.ch\/de\/wp-json\/wp\/v2\/types\/page"}],"author":[{"embeddable":true,"href":"https:\/\/bien-etreiris.ch\/de\/wp-json\/wp\/v2\/users\/1"}],"replies":[{"embeddable":true,"href":"https:\/\/bien-etreiris.ch\/de\/wp-json\/wp\/v2\/comments?post=60370"}],"version-history":[{"count":7,"href":"https:\/\/bien-etreiris.ch\/de\/wp-json\/wp\/v2\/pages\/60370\/revisions"}],"predecessor-version":[{"id":60414,"href":"https:\/\/bien-etreiris.ch\/de\/wp-json\/wp\/v2\/pages\/60370\/revisions\/60414"}],"up":[{"embeddable":true,"href":"https:\/\/bien-etreiris.ch\/de\/wp-json\/wp\/v2\/pages\/48250"}],"wp:featuredmedia":[{"embeddable":true,"href":"https:\/\/bien-etreiris.ch\/de\/wp-json\/wp\/v2\/media\/56266"}],"wp:attachment":[{"href":"https:\/\/bien-etreiris.ch\/de\/wp-json\/wp\/v2\/media?parent=60370"}],"curies":[{"name":"wp","href":"https:\/\/api.w.org\/{rel}","templated":true}]}}