{"id":60219,"date":"2022-09-23T16:15:59","date_gmt":"2022-09-23T14:15:59","guid":{"rendered":"https:\/\/bien-etreiris.ch\/produktpraesentation\/gesundes-leben\/aliments-sains\/getreide-2\/avoine\/"},"modified":"2022-09-23T16:57:25","modified_gmt":"2022-09-23T14:57:25","slug":"hafer","status":"publish","type":"page","link":"https:\/\/bien-etreiris.ch\/de\/produktpraesentation\/gesundes-leben\/gesunde-lebensmittel\/getreide-2\/hafer\/","title":{"rendered":"Hafer"},"content":{"rendered":"\n<h2><strong>Kleinblatt Demeter-Haferflocken<\/strong><\/h2>\n<p><a href=\"https:\/\/bien-etreiris.ch\/wp-content\/uploads\/2022\/09\/Flocons-a-feuilles-fines-1.jpg\"><img loading=\"lazy\" decoding=\"async\" class=\"wp-image-60212 size-full alignleft\" src=\"https:\/\/bien-etreiris.ch\/wp-content\/uploads\/2022\/09\/Flocons-a-feuilles-fines-1.jpg\" alt=\"\" width=\"350\" height=\"350\" srcset=\"https:\/\/bien-etreiris.ch\/wp-content\/uploads\/2022\/09\/Flocons-a-feuilles-fines-1.jpg 350w, https:\/\/bien-etreiris.ch\/wp-content\/uploads\/2022\/09\/Flocons-a-feuilles-fines-1-300x300.jpg 300w, https:\/\/bien-etreiris.ch\/wp-content\/uploads\/2022\/09\/Flocons-a-feuilles-fines-1-150x150.jpg 150w\" sizes=\"auto, (max-width: 350px) 100vw, 350px\" \/><\/a><\/p>\n<p>&nbsp;<\/p>\n<p>&nbsp;<\/p>\n<p>&nbsp;<\/p>\n<p>&nbsp;<\/p>\n<p><span style=\"color: #ffffff; background-color: #ff9900;\">demeter<\/span><\/p>\n<p>Beutel von 1 kg <strong>CHF<\/strong><\/p>\n<p>&nbsp;<\/p>\n<p>&nbsp;<\/p>\n<p>&nbsp;<\/p>\n<p>&nbsp;<\/p>\n<h4>Beschreibung<\/h4>\n<p>F\u00fcr ein leckeres M\u00fcsli brauchen Sie keine Fertigprodukte. F\u00fcgen Sie einfach Haferflocken, Joghurt oder Sojajoghurt, frisches Obst, N\u00fcsse oder Samen hinzu und s\u00fc\u00dfen Sie je nach Geschmack mit Honig oder Ahornsirup. Und schon beginnt der Tag perfekt. Ideal f\u00fcr dieses ganz individuelle M\u00fcsli sind unsere Kleinblatt Haferflocken (fein). Es sind k\u00f6stliche Demeter-Haferflocken, die in unserer Bauckhof-M\u00fchle sorgf\u00e4ltig geschnitten und geflockt werden.<\/p>\n<p>Wussten Sie schon? Demeter-Produkte stehen f\u00fcr h\u00f6chste Bio-Qualit\u00e4t. Durch organischen D\u00fcnger und Heilkr\u00e4uter wird die Bodenfruchtbarkeit gef\u00f6rdert. Ohne den Einsatz von Pestiziden. Ohne Zusatzstoffe. Und mit einem dauerhaft k\u00f6stlichen Ergebnis. Unser Ziel ist also eine 100 % biologische Landwirtschaft. Denn mit jedem zus\u00e4tzlichen Quadratmeter Bio-Anbau tragen wir dazu bei, unsere Erde vor Pestiziden zu retten. F\u00fcr eine gesunde Ern\u00e4hrung. Und f\u00fcr ein Klima, das Zukunft hat.<\/p>\n<h4>Unsere Kleinblatt-Haferflocken auf einen Blick<\/h4>\n<p>In bester Demeter-Qualit\u00e4t<br>Zur Unterst\u00fctzung der biodynamischen Landwirtschaft.<br>F\u00fcr eine Zukunft ohne Pestizide<br>Hochwertige Haferk\u00f6rner, die in der Bauckhof-M\u00fchle sorgf\u00e4ltig geschnitten und geflockt werden.<br>Ideal f\u00fcr M\u00fcsli, Braten und F\u00fcllungen.<\/p>\n<p>&nbsp;<\/p>\n<h2><strong>Grossblatt Demeter-Haferflocken<\/strong><\/h2>\n<p><a href=\"https:\/\/bien-etreiris.ch\/wp-content\/uploads\/2022\/09\/flocons-a-grandes-feuilles-1.jpg\"><img loading=\"lazy\" decoding=\"async\" class=\"wp-image-60215 size-full alignleft\" src=\"https:\/\/bien-etreiris.ch\/wp-content\/uploads\/2022\/09\/flocons-a-grandes-feuilles-1.jpg\" alt=\"\" width=\"350\" height=\"350\" srcset=\"https:\/\/bien-etreiris.ch\/wp-content\/uploads\/2022\/09\/flocons-a-grandes-feuilles-1.jpg 350w, https:\/\/bien-etreiris.ch\/wp-content\/uploads\/2022\/09\/flocons-a-grandes-feuilles-1-300x300.jpg 300w, https:\/\/bien-etreiris.ch\/wp-content\/uploads\/2022\/09\/flocons-a-grandes-feuilles-1-150x150.jpg 150w\" sizes=\"auto, (max-width: 350px) 100vw, 350px\" \/><\/a><\/p>\n<p>&nbsp;<\/p>\n<p><span style=\"background-color: #ff9900; color: #ffffff;\">demeter<\/span><\/p>\n<p>Beutel von 1 kg <strong>CHF<\/strong><\/p>\n<p>&nbsp;<\/p>\n<p>&nbsp;<\/p>\n<p>&nbsp;<\/p>\n<p>&nbsp;<\/p>\n<p>&nbsp;<\/p>\n<h4>Beschreibung<\/h4>\n<p>Unsere grobflockigen Haferflocken sind von Natur aus k\u00f6stlich. Diese groben Flocken sind viel fester als unsere kleinbl\u00e4ttrigen Flocken und verleihen M\u00fcslis und Haferbreien eine besondere Note. Die Bio-Haferflocken stammen aus biodynamischer Landwirtschaft und werden in unserer Flockenm\u00fchle schonend aus dem ganzen Haferkorn gewalzt.<\/p>\n<h4>Unsere gro\u00dfen Demeter-Haferflocken auf einen Blick <\/h4>\n<ul style=\"list-style-type: disc;\">\n<li>Kerniger Geschmack<\/li>\n<li>Aus heimischem Hafer hergestellt<\/li>\n<li>Aus bester Demeter-Qualit\u00e4t<\/li>\n<li>Sorgf\u00e4ltig in unserer Flockenm\u00fchle gewalzt<\/li>\n<\/ul>\n<p>&nbsp;<\/p>\n<p>&nbsp;<\/p>\n<p><strong><a href=\"https:\/\/bien-etreiris.ch\/wp-content\/uploads\/2022\/07\/Avoine-en-graines.jpg\"><img loading=\"lazy\" decoding=\"async\" class=\"size-full wp-image-57404 alignleft\" src=\"https:\/\/bien-etreiris.ch\/wp-content\/uploads\/2022\/07\/Avoine-en-graines.jpg\" alt=\"\" width=\"395\" height=\"240\" srcset=\"https:\/\/bien-etreiris.ch\/wp-content\/uploads\/2022\/07\/Avoine-en-graines.jpg 395w, https:\/\/bien-etreiris.ch\/wp-content\/uploads\/2022\/07\/Avoine-en-graines-300x182.jpg 300w, https:\/\/bien-etreiris.ch\/wp-content\/uploads\/2022\/07\/Avoine-en-graines-370x226.jpg 370w\" sizes=\"auto, (max-width: 395px) 100vw, 395px\" \/><\/a><\/strong><\/p>\n<p>&nbsp;<\/p>\n<h4><strong>Haferk\u00f6rner<\/strong><\/h4>\n<p><span style=\"background-color: #ff9900; color: #ffffff;\">demeter<\/span><\/p>\n<p>Offenverkauf 50 g <strong>CHF 0.25<\/strong><\/p>\n<p>&nbsp;<\/p>\n<p>&nbsp;<\/p>\n<h2><em><strong><a href=\"https:\/\/bien-etreiris.ch\/de\/ratgeber-klarheit-beratung\/naehrstoffe\/zwischen-getreide\/getreide\/hafer\/\" target=\"_blank\" rel=\"noopener\"><span style=\"color: #ff9900;\">Mehr \u00fcber Hafer erfahren<\/span><\/a><\/strong><\/em><\/h2>\n<p>&nbsp;<\/p>\n","protected":false},"excerpt":{"rendered":"<p>Kleinblatt Demeter-Haferflocken &nbsp; &nbsp; &nbsp; &nbsp; demeter Beutel von 1 kg CHF &nbsp; &nbsp; &nbsp; &nbsp; Beschreibung F\u00fcr ein leckeres M\u00fcsli brauchen Sie keine Fertigprodukte. F\u00fcgen Sie einfach Haferflocken, Joghurt oder Sojajoghurt, frisches Obst, N\u00fcsse oder Samen hinzu und s\u00fc\u00dfen Sie je nach Geschmack mit Honig oder Ahornsirup. Und schon beginnt der Tag perfekt. Ideal f\u00fcr dieses ganz individuelle M\u00fcsli&nbsp;<a href=\"https:\/\/bien-etreiris.ch\/de\/produktpraesentation\/gesundes-leben\/gesunde-lebensmittel\/getreide-2\/hafer\/\" class=\"read-more\">Weiter lesen<\/a><\/p>\n","protected":false},"author":1,"featured_media":60209,"parent":60142,"menu_order":4456,"comment_status":"closed","ping_status":"closed","template":"page-with-child.php","meta":{"_acf_changed":false,"ngg_post_thumbnail":0,"footnotes":""},"class_list":["post-60219","page","type-page","status-publish","has-post-thumbnail","hentry"],"acf":[],"yoast_head":"<!-- This site is optimized with the Yoast SEO plugin v27.4 - https:\/\/yoast.com\/product\/yoast-seo-wordpress\/ -->\n<title>Hafer - WOHLBEFINDEN<\/title>\n<meta name=\"robots\" content=\"index, follow, max-snippet:-1, max-image-preview:large, max-video-preview:-1\" \/>\n<link rel=\"canonical\" href=\"https:\/\/bien-etreiris.ch\/de\/produktpraesentation\/gesundes-leben\/gesunde-lebensmittel\/getreide-2\/hafer\/\" \/>\n<meta property=\"og:locale\" content=\"de_DE\" \/>\n<meta property=\"og:type\" content=\"article\" \/>\n<meta property=\"og:title\" content=\"Hafer - WOHLBEFINDEN\" \/>\n<meta property=\"og:description\" content=\"Kleinblatt Demeter-Haferflocken &nbsp; &nbsp; &nbsp; &nbsp; demeter Beutel von 1 kg CHF &nbsp; &nbsp; &nbsp; &nbsp; Beschreibung F\u00fcr ein leckeres M\u00fcsli brauchen Sie keine Fertigprodukte. F\u00fcgen Sie einfach Haferflocken, Joghurt oder Sojajoghurt, frisches Obst, N\u00fcsse oder Samen hinzu und s\u00fc\u00dfen Sie je nach Geschmack mit Honig oder Ahornsirup. Und schon beginnt der Tag perfekt. Ideal f\u00fcr dieses ganz individuelle M\u00fcsli&nbsp;Weiter lesen\" \/>\n<meta property=\"og:url\" content=\"https:\/\/bien-etreiris.ch\/de\/produktpraesentation\/gesundes-leben\/gesunde-lebensmittel\/getreide-2\/hafer\/\" \/>\n<meta property=\"og:site_name\" content=\"WOHLBEFINDEN\" \/>\n<meta property=\"article:publisher\" content=\"https:\/\/www.facebook.com\/bienetreiris\/\" \/>\n<meta property=\"article:modified_time\" content=\"2022-09-23T14:57:25+00:00\" \/>\n<meta property=\"og:image\" content=\"https:\/\/bien-etreiris.ch\/wp-content\/uploads\/2022\/09\/acceuil-avoine.jpg\" \/>\n\t<meta property=\"og:image:width\" content=\"500\" \/>\n\t<meta property=\"og:image:height\" content=\"323\" \/>\n\t<meta property=\"og:image:type\" content=\"image\/jpeg\" \/>\n<meta name=\"twitter:label1\" content=\"Gesch\u00e4tzte Lesezeit\" \/>\n\t<meta name=\"twitter:data1\" content=\"3\u00a0Minuten\" \/>\n<script type=\"application\/ld+json\" class=\"yoast-schema-graph\">{\"@context\":\"https:\\\/\\\/schema.org\",\"@graph\":[{\"@type\":\"WebPage\",\"@id\":\"https:\\\/\\\/bien-etreiris.ch\\\/de\\\/produktpraesentation\\\/gesundes-leben\\\/gesunde-lebensmittel\\\/getreide-2\\\/hafer\\\/\",\"url\":\"https:\\\/\\\/bien-etreiris.ch\\\/de\\\/produktpraesentation\\\/gesundes-leben\\\/gesunde-lebensmittel\\\/getreide-2\\\/hafer\\\/\",\"name\":\"Hafer - WOHLBEFINDEN\",\"isPartOf\":{\"@id\":\"https:\\\/\\\/bien-etreiris.ch\\\/de\\\/#website\"},\"primaryImageOfPage\":{\"@id\":\"https:\\\/\\\/bien-etreiris.ch\\\/de\\\/produktpraesentation\\\/gesundes-leben\\\/gesunde-lebensmittel\\\/getreide-2\\\/hafer\\\/#primaryimage\"},\"image\":{\"@id\":\"https:\\\/\\\/bien-etreiris.ch\\\/de\\\/produktpraesentation\\\/gesundes-leben\\\/gesunde-lebensmittel\\\/getreide-2\\\/hafer\\\/#primaryimage\"},\"thumbnailUrl\":\"https:\\\/\\\/bien-etreiris.ch\\\/wp-content\\\/uploads\\\/2022\\\/09\\\/acceuil-avoine.jpg\",\"datePublished\":\"2022-09-23T14:15:59+00:00\",\"dateModified\":\"2022-09-23T14:57:25+00:00\",\"breadcrumb\":{\"@id\":\"https:\\\/\\\/bien-etreiris.ch\\\/de\\\/produktpraesentation\\\/gesundes-leben\\\/gesunde-lebensmittel\\\/getreide-2\\\/hafer\\\/#breadcrumb\"},\"inLanguage\":\"de\",\"potentialAction\":[{\"@type\":\"ReadAction\",\"target\":[\"https:\\\/\\\/bien-etreiris.ch\\\/de\\\/produktpraesentation\\\/gesundes-leben\\\/gesunde-lebensmittel\\\/getreide-2\\\/hafer\\\/\"]}]},{\"@type\":\"ImageObject\",\"inLanguage\":\"de\",\"@id\":\"https:\\\/\\\/bien-etreiris.ch\\\/de\\\/produktpraesentation\\\/gesundes-leben\\\/gesunde-lebensmittel\\\/getreide-2\\\/hafer\\\/#primaryimage\",\"url\":\"https:\\\/\\\/bien-etreiris.ch\\\/wp-content\\\/uploads\\\/2022\\\/09\\\/acceuil-avoine.jpg\",\"contentUrl\":\"https:\\\/\\\/bien-etreiris.ch\\\/wp-content\\\/uploads\\\/2022\\\/09\\\/acceuil-avoine.jpg\",\"width\":500,\"height\":323},{\"@type\":\"BreadcrumbList\",\"@id\":\"https:\\\/\\\/bien-etreiris.ch\\\/de\\\/produktpraesentation\\\/gesundes-leben\\\/gesunde-lebensmittel\\\/getreide-2\\\/hafer\\\/#breadcrumb\",\"itemListElement\":[{\"@type\":\"ListItem\",\"position\":1,\"name\":\"Home\",\"item\":\"https:\\\/\\\/bien-etreiris.ch\\\/de\\\/\"},{\"@type\":\"ListItem\",\"position\":2,\"name\":\"PRODUKTPR\u00c4SENTATION\",\"item\":\"https:\\\/\\\/bien-etreiris.ch\\\/de\\\/produktpraesentation\\\/\"},{\"@type\":\"ListItem\",\"position\":3,\"name\":\"GESUNDES LEBEN\",\"item\":\"https:\\\/\\\/bien-etreiris.ch\\\/de\\\/produktpraesentation\\\/gesundes-leben\\\/\"},{\"@type\":\"ListItem\",\"position\":4,\"name\":\"GESUNDE LEBENSMITTEL\",\"item\":\"https:\\\/\\\/bien-etreiris.ch\\\/de\\\/produktpraesentation\\\/gesundes-leben\\\/gesunde-lebensmittel\\\/\"},{\"@type\":\"ListItem\",\"position\":5,\"name\":\"GETREIDE\",\"item\":\"https:\\\/\\\/bien-etreiris.ch\\\/de\\\/produktpraesentation\\\/gesundes-leben\\\/gesunde-lebensmittel\\\/getreide-2\\\/\"},{\"@type\":\"ListItem\",\"position\":6,\"name\":\"Hafer\"}]},{\"@type\":\"WebSite\",\"@id\":\"https:\\\/\\\/bien-etreiris.ch\\\/de\\\/#website\",\"url\":\"https:\\\/\\\/bien-etreiris.ch\\\/de\\\/\",\"name\":\"Bien-\u00eatre Iris\",\"description\":\"IHRE Gesundheit ist uns wichtig\",\"potentialAction\":[{\"@type\":\"SearchAction\",\"target\":{\"@type\":\"EntryPoint\",\"urlTemplate\":\"https:\\\/\\\/bien-etreiris.ch\\\/de\\\/?s={search_term_string}\"},\"query-input\":{\"@type\":\"PropertyValueSpecification\",\"valueRequired\":true,\"valueName\":\"search_term_string\"}}],\"inLanguage\":\"de\"}]}<\/script>\n<!-- \/ Yoast SEO plugin. -->","yoast_head_json":{"title":"Hafer - WOHLBEFINDEN","robots":{"index":"index","follow":"follow","max-snippet":"max-snippet:-1","max-image-preview":"max-image-preview:large","max-video-preview":"max-video-preview:-1"},"canonical":"https:\/\/bien-etreiris.ch\/de\/produktpraesentation\/gesundes-leben\/gesunde-lebensmittel\/getreide-2\/hafer\/","og_locale":"de_DE","og_type":"article","og_title":"Hafer - WOHLBEFINDEN","og_description":"Kleinblatt Demeter-Haferflocken &nbsp; &nbsp; &nbsp; &nbsp; demeter Beutel von 1 kg CHF &nbsp; &nbsp; &nbsp; &nbsp; Beschreibung F\u00fcr ein leckeres M\u00fcsli brauchen Sie keine Fertigprodukte. F\u00fcgen Sie einfach Haferflocken, Joghurt oder Sojajoghurt, frisches Obst, N\u00fcsse oder Samen hinzu und s\u00fc\u00dfen Sie je nach Geschmack mit Honig oder Ahornsirup. Und schon beginnt der Tag perfekt. Ideal f\u00fcr dieses ganz individuelle M\u00fcsli&nbsp;Weiter lesen","og_url":"https:\/\/bien-etreiris.ch\/de\/produktpraesentation\/gesundes-leben\/gesunde-lebensmittel\/getreide-2\/hafer\/","og_site_name":"WOHLBEFINDEN","article_publisher":"https:\/\/www.facebook.com\/bienetreiris\/","article_modified_time":"2022-09-23T14:57:25+00:00","og_image":[{"width":500,"height":323,"url":"https:\/\/bien-etreiris.ch\/wp-content\/uploads\/2022\/09\/acceuil-avoine.jpg","type":"image\/jpeg"}],"twitter_misc":{"Gesch\u00e4tzte Lesezeit":"3\u00a0Minuten"},"schema":{"@context":"https:\/\/schema.org","@graph":[{"@type":"WebPage","@id":"https:\/\/bien-etreiris.ch\/de\/produktpraesentation\/gesundes-leben\/gesunde-lebensmittel\/getreide-2\/hafer\/","url":"https:\/\/bien-etreiris.ch\/de\/produktpraesentation\/gesundes-leben\/gesunde-lebensmittel\/getreide-2\/hafer\/","name":"Hafer - WOHLBEFINDEN","isPartOf":{"@id":"https:\/\/bien-etreiris.ch\/de\/#website"},"primaryImageOfPage":{"@id":"https:\/\/bien-etreiris.ch\/de\/produktpraesentation\/gesundes-leben\/gesunde-lebensmittel\/getreide-2\/hafer\/#primaryimage"},"image":{"@id":"https:\/\/bien-etreiris.ch\/de\/produktpraesentation\/gesundes-leben\/gesunde-lebensmittel\/getreide-2\/hafer\/#primaryimage"},"thumbnailUrl":"https:\/\/bien-etreiris.ch\/wp-content\/uploads\/2022\/09\/acceuil-avoine.jpg","datePublished":"2022-09-23T14:15:59+00:00","dateModified":"2022-09-23T14:57:25+00:00","breadcrumb":{"@id":"https:\/\/bien-etreiris.ch\/de\/produktpraesentation\/gesundes-leben\/gesunde-lebensmittel\/getreide-2\/hafer\/#breadcrumb"},"inLanguage":"de","potentialAction":[{"@type":"ReadAction","target":["https:\/\/bien-etreiris.ch\/de\/produktpraesentation\/gesundes-leben\/gesunde-lebensmittel\/getreide-2\/hafer\/"]}]},{"@type":"ImageObject","inLanguage":"de","@id":"https:\/\/bien-etreiris.ch\/de\/produktpraesentation\/gesundes-leben\/gesunde-lebensmittel\/getreide-2\/hafer\/#primaryimage","url":"https:\/\/bien-etreiris.ch\/wp-content\/uploads\/2022\/09\/acceuil-avoine.jpg","contentUrl":"https:\/\/bien-etreiris.ch\/wp-content\/uploads\/2022\/09\/acceuil-avoine.jpg","width":500,"height":323},{"@type":"BreadcrumbList","@id":"https:\/\/bien-etreiris.ch\/de\/produktpraesentation\/gesundes-leben\/gesunde-lebensmittel\/getreide-2\/hafer\/#breadcrumb","itemListElement":[{"@type":"ListItem","position":1,"name":"Home","item":"https:\/\/bien-etreiris.ch\/de\/"},{"@type":"ListItem","position":2,"name":"PRODUKTPR\u00c4SENTATION","item":"https:\/\/bien-etreiris.ch\/de\/produktpraesentation\/"},{"@type":"ListItem","position":3,"name":"GESUNDES LEBEN","item":"https:\/\/bien-etreiris.ch\/de\/produktpraesentation\/gesundes-leben\/"},{"@type":"ListItem","position":4,"name":"GESUNDE LEBENSMITTEL","item":"https:\/\/bien-etreiris.ch\/de\/produktpraesentation\/gesundes-leben\/gesunde-lebensmittel\/"},{"@type":"ListItem","position":5,"name":"GETREIDE","item":"https:\/\/bien-etreiris.ch\/de\/produktpraesentation\/gesundes-leben\/gesunde-lebensmittel\/getreide-2\/"},{"@type":"ListItem","position":6,"name":"Hafer"}]},{"@type":"WebSite","@id":"https:\/\/bien-etreiris.ch\/de\/#website","url":"https:\/\/bien-etreiris.ch\/de\/","name":"Bien-\u00eatre Iris","description":"IHRE Gesundheit ist uns wichtig","potentialAction":[{"@type":"SearchAction","target":{"@type":"EntryPoint","urlTemplate":"https:\/\/bien-etreiris.ch\/de\/?s={search_term_string}"},"query-input":{"@type":"PropertyValueSpecification","valueRequired":true,"valueName":"search_term_string"}}],"inLanguage":"de"}]}},"_links":{"self":[{"href":"https:\/\/bien-etreiris.ch\/de\/wp-json\/wp\/v2\/pages\/60219","targetHints":{"allow":["GET"]}}],"collection":[{"href":"https:\/\/bien-etreiris.ch\/de\/wp-json\/wp\/v2\/pages"}],"about":[{"href":"https:\/\/bien-etreiris.ch\/de\/wp-json\/wp\/v2\/types\/page"}],"author":[{"embeddable":true,"href":"https:\/\/bien-etreiris.ch\/de\/wp-json\/wp\/v2\/users\/1"}],"replies":[{"embeddable":true,"href":"https:\/\/bien-etreiris.ch\/de\/wp-json\/wp\/v2\/comments?post=60219"}],"version-history":[{"count":2,"href":"https:\/\/bien-etreiris.ch\/de\/wp-json\/wp\/v2\/pages\/60219\/revisions"}],"predecessor-version":[{"id":60236,"href":"https:\/\/bien-etreiris.ch\/de\/wp-json\/wp\/v2\/pages\/60219\/revisions\/60236"}],"up":[{"embeddable":true,"href":"https:\/\/bien-etreiris.ch\/de\/wp-json\/wp\/v2\/pages\/60142"}],"wp:featuredmedia":[{"embeddable":true,"href":"https:\/\/bien-etreiris.ch\/de\/wp-json\/wp\/v2\/media\/60209"}],"wp:attachment":[{"href":"https:\/\/bien-etreiris.ch\/de\/wp-json\/wp\/v2\/media?parent=60219"}],"curies":[{"name":"wp","href":"https:\/\/api.w.org\/{rel}","templated":true}]}}