{"id":60150,"date":"2022-07-23T18:41:15","date_gmt":"2022-07-23T16:41:15","guid":{"rendered":"https:\/\/bien-etreiris.ch\/produktpraesentation\/gesundes-leben\/gesunde-nahrungsmittel\/getreide-2\/orge\/"},"modified":"2022-09-23T09:58:49","modified_gmt":"2022-09-23T07:58:49","slug":"gerste","status":"publish","type":"page","link":"https:\/\/bien-etreiris.ch\/de\/produktpraesentation\/gesundes-leben\/gesunde-lebensmittel\/getreide-2\/gerste\/","title":{"rendered":"GERSTE"},"content":{"rendered":"\n<h2>Gerste gesch\u00e4lt<\/h2>\n<div class=\"span12\" data-motopress-wrapper-file=\"page-fullwidth.php\" data-motopress-wrapper-type=\"content\">\n<div id=\"content\" class=\"row\">\n<div class=\"span12\" data-motopress-type=\"loop\" data-motopress-loop-file=\"loop\/loop-page.php\">\n<div id=\"post-57384\" class=\"page post-57384 type-page status-publish has-post-thumbnail hentry\">\n<h2><a href=\"https:\/\/bien-etreiris.ch\/wp-content\/uploads\/2022\/07\/Orge.jpg\"><img loading=\"lazy\" decoding=\"async\" class=\"size-full wp-image-57174 alignleft\" src=\"https:\/\/bien-etreiris.ch\/wp-content\/uploads\/2022\/07\/Orge.jpg\" sizes=\"auto, (max-width: 437px) 100vw, 437px\" srcset=\"https:\/\/bien-etreiris.ch\/wp-content\/uploads\/2022\/07\/Orge.jpg 437w, https:\/\/bien-etreiris.ch\/wp-content\/uploads\/2022\/07\/Orge-300x165.jpg 300w\" alt=\"\" width=\"437\" height=\"240\"><\/a><\/h2>\n<h4>Marque<\/h4>\n<p>Steiner M\u00fchle CH<\/p>\n<p>DEMETER<\/p>\n<p>Vende en vrac&nbsp; 50 g <strong>CHF 0.25<\/strong><\/p>\n<p>&nbsp;<\/p>\n<p>&nbsp;<\/p>\n<p>&nbsp;<\/p>\n<h4>Ingr\u00e9dients<\/h4>\n<p>Tous les ingr\u00e9dients agricoles sont issus de agriculture biologique (Demeter\/Bourgeon)<\/p>\n<p>Allerg\u00e8nes: Contient du gluten<\/p>\n<p>&nbsp;<\/p>\n<hr>\n<p>&nbsp;<\/p>\n<h2>Boulgour d'orge<\/h2>\n<p>&nbsp;<\/p>\n<p><strong><a href=\"https:\/\/bien-etreiris.ch\/wp-content\/uploads\/2022\/07\/Bulgur-dorge.jpg\"><img loading=\"lazy\" decoding=\"async\" class=\"wp-image-57166 alignleft\" src=\"https:\/\/bien-etreiris.ch\/wp-content\/uploads\/2022\/07\/Bulgur-dorge.jpg\" sizes=\"auto, (max-width: 223px) 100vw, 223px\" srcset=\"https:\/\/bien-etreiris.ch\/wp-content\/uploads\/2022\/07\/Bulgur-dorge.jpg 652w, https:\/\/bien-etreiris.ch\/wp-content\/uploads\/2022\/07\/Bulgur-dorge-191x300.jpg 191w\" alt=\"\" width=\"223\" height=\"350\"><\/a><\/strong><\/p>\n<p>&nbsp;<\/p>\n<p><strong>Marque <\/strong><\/p>\n<p>Erdmann Hauser<\/p>\n<p>DEMETER<\/p>\n<p>&nbsp;<\/p>\n<p>1 sachet de 500 g <strong>CHF 3.80<\/strong><\/p>\n<p>&nbsp;<\/p>\n<p>&nbsp;<\/p>\n<p>&nbsp;<\/p>\n<p>&nbsp;<\/p>\n<p>Le boulgour est un \"grain bris\u00e9\". Le grain de c\u00e9r\u00e9ale est grossi\u00e8rement bris\u00e9 sur le coupe-verre du moulin ErdmannHAUSER, apr\u00e8s avoir \u00e9t\u00e9 d\u00e9compos\u00e9 \u00e0 la chaleur et \u00e0 l'eau et apr\u00e8s le touraillage.<\/p>\n<p>Le boulgour est rapidement pr\u00e9par\u00e9 et son utilisation est tr\u00e8s vari\u00e9e. Il convient non seulement comme simple accompagnement de plats principaux, mais aussi parfaitement pour des r\u00f4tis croquants, des salades rafra\u00eechissantes ou encore comme base d\u00e9licieuse pour le muesli.<\/p>\n<h2>&nbsp;<\/h2>\n<h2><a href=\"https:\/\/bien-etreiris.ch\/de\/ratgeber-klarheit-beratung\/naehrstoffe\/zwischen-getreide\/getreide\/orge\/\" target=\"_blank\" rel=\"noopener\"><em><span style=\"color: #ff9900;\">Savoir plus sur l'orge<\/span><\/em><\/a><\/h2>\n<div class=\"clear\">&nbsp;<\/div>\n<\/div>\n<div class=\"row\">&nbsp;<\/div>\n<\/div>\n<\/div>\n<\/div>\n<p>&nbsp;<\/p>\n<p>&nbsp;<\/p>\n<p>&nbsp;<\/p>\n<p>&nbsp;<\/p>\n","protected":false},"excerpt":{"rendered":"<p>Gerste gesch\u00e4lt Marque Steiner M\u00fchle CH DEMETER Vende en vrac&nbsp; 50 g CHF 0.25 &nbsp; &nbsp; &nbsp; Ingr\u00e9dients Tous les ingr\u00e9dients agricoles sont issus de agriculture biologique (Demeter\/Bourgeon) Allerg\u00e8nes: Contient du gluten &nbsp; &nbsp; Boulgour d'orge &nbsp; &nbsp; Marque Erdmann Hauser DEMETER &nbsp; 1 sachet de 500 g CHF 3.80 &nbsp; &nbsp; &nbsp; &nbsp; Le boulgour est un \"grain bris\u00e9\".&nbsp;<a href=\"https:\/\/bien-etreiris.ch\/de\/produktpraesentation\/gesundes-leben\/gesunde-lebensmittel\/getreide-2\/gerste\/\" class=\"read-more\">Weiter lesen<\/a><\/p>\n","protected":false},"author":1,"featured_media":57387,"parent":60142,"menu_order":4669,"comment_status":"closed","ping_status":"closed","template":"page-with-child.php","meta":{"_acf_changed":false,"ngg_post_thumbnail":0,"footnotes":""},"class_list":["post-60150","page","type-page","status-publish","has-post-thumbnail","hentry"],"acf":[],"yoast_head":"<!-- This site is optimized with the Yoast SEO plugin v27.4 - https:\/\/yoast.com\/product\/yoast-seo-wordpress\/ -->\n<title>GERSTE - WOHLBEFINDEN<\/title>\n<meta name=\"robots\" content=\"index, follow, max-snippet:-1, max-image-preview:large, max-video-preview:-1\" \/>\n<link rel=\"canonical\" href=\"https:\/\/bien-etreiris.ch\/de\/produktpraesentation\/gesundes-leben\/gesunde-lebensmittel\/getreide-2\/gerste\/\" \/>\n<meta property=\"og:locale\" content=\"de_DE\" \/>\n<meta property=\"og:type\" content=\"article\" \/>\n<meta property=\"og:title\" content=\"GERSTE - WOHLBEFINDEN\" \/>\n<meta property=\"og:description\" content=\"Gerste gesch\u00e4lt Marque Steiner M\u00fchle CH DEMETER Vende en vrac&nbsp; 50 g CHF 0.25 &nbsp; &nbsp; &nbsp; Ingr\u00e9dients Tous les ingr\u00e9dients agricoles sont issus de agriculture biologique (Demeter\/Bourgeon) Allerg\u00e8nes: Contient du gluten &nbsp; &nbsp; Boulgour d&#039;orge &nbsp; &nbsp; Marque Erdmann Hauser DEMETER &nbsp; 1 sachet de 500 g CHF 3.80 &nbsp; &nbsp; &nbsp; &nbsp; Le boulgour est un &quot;grain bris\u00e9&quot;.&nbsp;Weiter lesen\" \/>\n<meta property=\"og:url\" content=\"https:\/\/bien-etreiris.ch\/de\/produktpraesentation\/gesundes-leben\/gesunde-lebensmittel\/getreide-2\/gerste\/\" \/>\n<meta property=\"og:site_name\" content=\"WOHLBEFINDEN\" \/>\n<meta property=\"article:publisher\" content=\"https:\/\/www.facebook.com\/bienetreiris\/\" \/>\n<meta property=\"article:modified_time\" content=\"2022-09-23T07:58:49+00:00\" \/>\n<meta property=\"og:image\" content=\"https:\/\/bien-etreiris.ch\/wp-content\/uploads\/2022\/07\/acceuil-orge-1.jpg\" \/>\n\t<meta property=\"og:image:width\" content=\"500\" \/>\n\t<meta property=\"og:image:height\" content=\"333\" \/>\n\t<meta property=\"og:image:type\" content=\"image\/jpeg\" \/>\n<meta name=\"twitter:label1\" content=\"Gesch\u00e4tzte Lesezeit\" \/>\n\t<meta name=\"twitter:data1\" content=\"2\u00a0Minuten\" \/>\n<script type=\"application\/ld+json\" class=\"yoast-schema-graph\">{\"@context\":\"https:\\\/\\\/schema.org\",\"@graph\":[{\"@type\":\"WebPage\",\"@id\":\"https:\\\/\\\/bien-etreiris.ch\\\/de\\\/produktpraesentation\\\/gesundes-leben\\\/gesunde-lebensmittel\\\/getreide-2\\\/gerste\\\/\",\"url\":\"https:\\\/\\\/bien-etreiris.ch\\\/de\\\/produktpraesentation\\\/gesundes-leben\\\/gesunde-lebensmittel\\\/getreide-2\\\/gerste\\\/\",\"name\":\"GERSTE - WOHLBEFINDEN\",\"isPartOf\":{\"@id\":\"https:\\\/\\\/bien-etreiris.ch\\\/de\\\/#website\"},\"primaryImageOfPage\":{\"@id\":\"https:\\\/\\\/bien-etreiris.ch\\\/de\\\/produktpraesentation\\\/gesundes-leben\\\/gesunde-lebensmittel\\\/getreide-2\\\/gerste\\\/#primaryimage\"},\"image\":{\"@id\":\"https:\\\/\\\/bien-etreiris.ch\\\/de\\\/produktpraesentation\\\/gesundes-leben\\\/gesunde-lebensmittel\\\/getreide-2\\\/gerste\\\/#primaryimage\"},\"thumbnailUrl\":\"https:\\\/\\\/bien-etreiris.ch\\\/wp-content\\\/uploads\\\/2022\\\/07\\\/acceuil-orge-1.jpg\",\"datePublished\":\"2022-07-23T16:41:15+00:00\",\"dateModified\":\"2022-09-23T07:58:49+00:00\",\"breadcrumb\":{\"@id\":\"https:\\\/\\\/bien-etreiris.ch\\\/de\\\/produktpraesentation\\\/gesundes-leben\\\/gesunde-lebensmittel\\\/getreide-2\\\/gerste\\\/#breadcrumb\"},\"inLanguage\":\"de\",\"potentialAction\":[{\"@type\":\"ReadAction\",\"target\":[\"https:\\\/\\\/bien-etreiris.ch\\\/de\\\/produktpraesentation\\\/gesundes-leben\\\/gesunde-lebensmittel\\\/getreide-2\\\/gerste\\\/\"]}]},{\"@type\":\"ImageObject\",\"inLanguage\":\"de\",\"@id\":\"https:\\\/\\\/bien-etreiris.ch\\\/de\\\/produktpraesentation\\\/gesundes-leben\\\/gesunde-lebensmittel\\\/getreide-2\\\/gerste\\\/#primaryimage\",\"url\":\"https:\\\/\\\/bien-etreiris.ch\\\/wp-content\\\/uploads\\\/2022\\\/07\\\/acceuil-orge-1.jpg\",\"contentUrl\":\"https:\\\/\\\/bien-etreiris.ch\\\/wp-content\\\/uploads\\\/2022\\\/07\\\/acceuil-orge-1.jpg\",\"width\":500,\"height\":333},{\"@type\":\"BreadcrumbList\",\"@id\":\"https:\\\/\\\/bien-etreiris.ch\\\/de\\\/produktpraesentation\\\/gesundes-leben\\\/gesunde-lebensmittel\\\/getreide-2\\\/gerste\\\/#breadcrumb\",\"itemListElement\":[{\"@type\":\"ListItem\",\"position\":1,\"name\":\"Home\",\"item\":\"https:\\\/\\\/bien-etreiris.ch\\\/de\\\/\"},{\"@type\":\"ListItem\",\"position\":2,\"name\":\"PRODUKTPR\u00c4SENTATION\",\"item\":\"https:\\\/\\\/bien-etreiris.ch\\\/de\\\/produktpraesentation\\\/\"},{\"@type\":\"ListItem\",\"position\":3,\"name\":\"GESUNDES LEBEN\",\"item\":\"https:\\\/\\\/bien-etreiris.ch\\\/de\\\/produktpraesentation\\\/gesundes-leben\\\/\"},{\"@type\":\"ListItem\",\"position\":4,\"name\":\"GESUNDE LEBENSMITTEL\",\"item\":\"https:\\\/\\\/bien-etreiris.ch\\\/de\\\/produktpraesentation\\\/gesundes-leben\\\/gesunde-lebensmittel\\\/\"},{\"@type\":\"ListItem\",\"position\":5,\"name\":\"GETREIDE\",\"item\":\"https:\\\/\\\/bien-etreiris.ch\\\/de\\\/produktpraesentation\\\/gesundes-leben\\\/gesunde-lebensmittel\\\/getreide-2\\\/\"},{\"@type\":\"ListItem\",\"position\":6,\"name\":\"GERSTE\"}]},{\"@type\":\"WebSite\",\"@id\":\"https:\\\/\\\/bien-etreiris.ch\\\/de\\\/#website\",\"url\":\"https:\\\/\\\/bien-etreiris.ch\\\/de\\\/\",\"name\":\"Bien-\u00eatre Iris\",\"description\":\"IHRE Gesundheit ist uns wichtig\",\"potentialAction\":[{\"@type\":\"SearchAction\",\"target\":{\"@type\":\"EntryPoint\",\"urlTemplate\":\"https:\\\/\\\/bien-etreiris.ch\\\/de\\\/?s={search_term_string}\"},\"query-input\":{\"@type\":\"PropertyValueSpecification\",\"valueRequired\":true,\"valueName\":\"search_term_string\"}}],\"inLanguage\":\"de\"}]}<\/script>\n<!-- \/ Yoast SEO plugin. -->","yoast_head_json":{"title":"GERSTE - WOHLBEFINDEN","robots":{"index":"index","follow":"follow","max-snippet":"max-snippet:-1","max-image-preview":"max-image-preview:large","max-video-preview":"max-video-preview:-1"},"canonical":"https:\/\/bien-etreiris.ch\/de\/produktpraesentation\/gesundes-leben\/gesunde-lebensmittel\/getreide-2\/gerste\/","og_locale":"de_DE","og_type":"article","og_title":"GERSTE - WOHLBEFINDEN","og_description":"Gerste gesch\u00e4lt Marque Steiner M\u00fchle CH DEMETER Vende en vrac&nbsp; 50 g CHF 0.25 &nbsp; &nbsp; &nbsp; Ingr\u00e9dients Tous les ingr\u00e9dients agricoles sont issus de agriculture biologique (Demeter\/Bourgeon) Allerg\u00e8nes: Contient du gluten &nbsp; &nbsp; Boulgour d'orge &nbsp; &nbsp; Marque Erdmann Hauser DEMETER &nbsp; 1 sachet de 500 g CHF 3.80 &nbsp; &nbsp; &nbsp; &nbsp; Le boulgour est un \"grain bris\u00e9\".&nbsp;Weiter lesen","og_url":"https:\/\/bien-etreiris.ch\/de\/produktpraesentation\/gesundes-leben\/gesunde-lebensmittel\/getreide-2\/gerste\/","og_site_name":"WOHLBEFINDEN","article_publisher":"https:\/\/www.facebook.com\/bienetreiris\/","article_modified_time":"2022-09-23T07:58:49+00:00","og_image":[{"width":500,"height":333,"url":"https:\/\/bien-etreiris.ch\/wp-content\/uploads\/2022\/07\/acceuil-orge-1.jpg","type":"image\/jpeg"}],"twitter_misc":{"Gesch\u00e4tzte Lesezeit":"2\u00a0Minuten"},"schema":{"@context":"https:\/\/schema.org","@graph":[{"@type":"WebPage","@id":"https:\/\/bien-etreiris.ch\/de\/produktpraesentation\/gesundes-leben\/gesunde-lebensmittel\/getreide-2\/gerste\/","url":"https:\/\/bien-etreiris.ch\/de\/produktpraesentation\/gesundes-leben\/gesunde-lebensmittel\/getreide-2\/gerste\/","name":"GERSTE - WOHLBEFINDEN","isPartOf":{"@id":"https:\/\/bien-etreiris.ch\/de\/#website"},"primaryImageOfPage":{"@id":"https:\/\/bien-etreiris.ch\/de\/produktpraesentation\/gesundes-leben\/gesunde-lebensmittel\/getreide-2\/gerste\/#primaryimage"},"image":{"@id":"https:\/\/bien-etreiris.ch\/de\/produktpraesentation\/gesundes-leben\/gesunde-lebensmittel\/getreide-2\/gerste\/#primaryimage"},"thumbnailUrl":"https:\/\/bien-etreiris.ch\/wp-content\/uploads\/2022\/07\/acceuil-orge-1.jpg","datePublished":"2022-07-23T16:41:15+00:00","dateModified":"2022-09-23T07:58:49+00:00","breadcrumb":{"@id":"https:\/\/bien-etreiris.ch\/de\/produktpraesentation\/gesundes-leben\/gesunde-lebensmittel\/getreide-2\/gerste\/#breadcrumb"},"inLanguage":"de","potentialAction":[{"@type":"ReadAction","target":["https:\/\/bien-etreiris.ch\/de\/produktpraesentation\/gesundes-leben\/gesunde-lebensmittel\/getreide-2\/gerste\/"]}]},{"@type":"ImageObject","inLanguage":"de","@id":"https:\/\/bien-etreiris.ch\/de\/produktpraesentation\/gesundes-leben\/gesunde-lebensmittel\/getreide-2\/gerste\/#primaryimage","url":"https:\/\/bien-etreiris.ch\/wp-content\/uploads\/2022\/07\/acceuil-orge-1.jpg","contentUrl":"https:\/\/bien-etreiris.ch\/wp-content\/uploads\/2022\/07\/acceuil-orge-1.jpg","width":500,"height":333},{"@type":"BreadcrumbList","@id":"https:\/\/bien-etreiris.ch\/de\/produktpraesentation\/gesundes-leben\/gesunde-lebensmittel\/getreide-2\/gerste\/#breadcrumb","itemListElement":[{"@type":"ListItem","position":1,"name":"Home","item":"https:\/\/bien-etreiris.ch\/de\/"},{"@type":"ListItem","position":2,"name":"PRODUKTPR\u00c4SENTATION","item":"https:\/\/bien-etreiris.ch\/de\/produktpraesentation\/"},{"@type":"ListItem","position":3,"name":"GESUNDES LEBEN","item":"https:\/\/bien-etreiris.ch\/de\/produktpraesentation\/gesundes-leben\/"},{"@type":"ListItem","position":4,"name":"GESUNDE LEBENSMITTEL","item":"https:\/\/bien-etreiris.ch\/de\/produktpraesentation\/gesundes-leben\/gesunde-lebensmittel\/"},{"@type":"ListItem","position":5,"name":"GETREIDE","item":"https:\/\/bien-etreiris.ch\/de\/produktpraesentation\/gesundes-leben\/gesunde-lebensmittel\/getreide-2\/"},{"@type":"ListItem","position":6,"name":"GERSTE"}]},{"@type":"WebSite","@id":"https:\/\/bien-etreiris.ch\/de\/#website","url":"https:\/\/bien-etreiris.ch\/de\/","name":"Bien-\u00eatre Iris","description":"IHRE Gesundheit ist uns wichtig","potentialAction":[{"@type":"SearchAction","target":{"@type":"EntryPoint","urlTemplate":"https:\/\/bien-etreiris.ch\/de\/?s={search_term_string}"},"query-input":{"@type":"PropertyValueSpecification","valueRequired":true,"valueName":"search_term_string"}}],"inLanguage":"de"}]}},"_links":{"self":[{"href":"https:\/\/bien-etreiris.ch\/de\/wp-json\/wp\/v2\/pages\/60150","targetHints":{"allow":["GET"]}}],"collection":[{"href":"https:\/\/bien-etreiris.ch\/de\/wp-json\/wp\/v2\/pages"}],"about":[{"href":"https:\/\/bien-etreiris.ch\/de\/wp-json\/wp\/v2\/types\/page"}],"author":[{"embeddable":true,"href":"https:\/\/bien-etreiris.ch\/de\/wp-json\/wp\/v2\/users\/1"}],"replies":[{"embeddable":true,"href":"https:\/\/bien-etreiris.ch\/de\/wp-json\/wp\/v2\/comments?post=60150"}],"version-history":[{"count":3,"href":"https:\/\/bien-etreiris.ch\/de\/wp-json\/wp\/v2\/pages\/60150\/revisions"}],"predecessor-version":[{"id":60154,"href":"https:\/\/bien-etreiris.ch\/de\/wp-json\/wp\/v2\/pages\/60150\/revisions\/60154"}],"up":[{"embeddable":true,"href":"https:\/\/bien-etreiris.ch\/de\/wp-json\/wp\/v2\/pages\/60142"}],"wp:featuredmedia":[{"embeddable":true,"href":"https:\/\/bien-etreiris.ch\/de\/wp-json\/wp\/v2\/media\/57387"}],"wp:attachment":[{"href":"https:\/\/bien-etreiris.ch\/de\/wp-json\/wp\/v2\/media?parent=60150"}],"curies":[{"name":"wp","href":"https:\/\/api.w.org\/{rel}","templated":true}]}}