{"id":60115,"date":"2022-06-26T20:33:09","date_gmt":"2022-06-26T18:33:09","guid":{"rendered":"https:\/\/bien-etreiris.ch\/produktpraesentation\/gesundes-leben\/gesunde-nahrungsmittel\/superfoods\/trockenfruechte\/baies-daronia\/"},"modified":"2022-09-23T09:07:24","modified_gmt":"2022-09-23T07:07:24","slug":"aroniabeeren","status":"publish","type":"page","link":"https:\/\/bien-etreiris.ch\/de\/produktpraesentation\/gesundes-leben\/gesunde-lebensmittel\/superfoods\/trockenfruechte\/aroniabeeren\/","title":{"rendered":"ARONIABEEREN"},"content":{"rendered":"\n<h2>Aronia beeren getrocknet BIO<\/h2>\n<p><a href=\"https:\/\/bien-etreiris.ch\/wp-content\/uploads\/2022\/09\/boite-de-500-g.jpg\"><img loading=\"lazy\" decoding=\"async\" class=\"wp-image-60119 alignleft\" src=\"https:\/\/bien-etreiris.ch\/wp-content\/uploads\/2022\/09\/boite-de-500-g.jpg\" alt=\"\" width=\"244\" height=\"451\" srcset=\"https:\/\/bien-etreiris.ch\/wp-content\/uploads\/2022\/09\/boite-de-500-g.jpg 379w, https:\/\/bien-etreiris.ch\/wp-content\/uploads\/2022\/09\/boite-de-500-g-162x300.jpg 162w\" sizes=\"auto, (max-width: 244px) 100vw, 244px\" \/><\/a><\/p>\n<p>&nbsp;<\/p>\n<p>&nbsp;<\/p>\n<p>&nbsp;<\/p>\n<p>&nbsp;<\/p>\n<p>&nbsp;<\/p>\n<p>Schonend getrocknete Bio-Aronia-Beeren.<\/p>\n<p>Packung mit 200 g CHF 7.90<\/p>\n<p>Packung \u00e0 500 g CHF 15.70<\/p>\n<p>&nbsp;<\/p>\n<p>&nbsp;<\/p>\n<p>&nbsp;<\/p>\n<p><a href=\"https:\/\/bien-etreiris.ch\/wp-content\/uploads\/2022\/06\/avec-cuillers.jpg\"><img loading=\"lazy\" decoding=\"async\" class=\"size-full wp-image-56002 alignleft\" src=\"https:\/\/bien-etreiris.ch\/wp-content\/uploads\/2022\/06\/avec-cuillers.jpg\" alt=\"\" width=\"360\" height=\"240\" srcset=\"https:\/\/bien-etreiris.ch\/wp-content\/uploads\/2022\/06\/avec-cuillers.jpg 360w, https:\/\/bien-etreiris.ch\/wp-content\/uploads\/2022\/06\/avec-cuillers-300x200.jpg 300w\" sizes=\"auto, (max-width: 360px) 100vw, 360px\" \/><\/a><\/p>\n<p>&nbsp;<\/p>\n<p>&nbsp;<\/p>\n<p>&nbsp;<\/p>\n<p>Schonend getrocknete Bio-Aronia-Beeren.<\/p>\n<p>lose 10 g <strong>CHF 0.35<\/strong><\/p>\n<p>&nbsp;<\/p>\n<p>&nbsp;<\/p>\n<p>&nbsp;<\/p>\n<p>Unsere Bio-Aroniabeeren werden direkt nach der Ernte schonend getrocknet, sodass Sie den vollen Geschmack der sonnengereiften Fr\u00fcchte genie\u00dfen k\u00f6nnen. Sie sind vielseitig verwendbar und eignen sich hervorragend zum Backen, f\u00fcr M\u00fcsli oder zum Knabbern. Die g\u00fcnstige 500-g-Packung sorgt daf\u00fcr, dass Sie gen\u00fcgend Vorr\u00e4te haben, falls Sie spontan Lust auf die kleinen Beeren bekommen. Unsere getrockneten Aroniabeeren sind ohne Zuckerzusatz und ungeschwefelt.<\/p>\n<h4>Unser Ratschlag<\/h4>\n<p>geben Sie die getrockneten Aroniabeeren zusammen mit dem Aroniasaft in ein Schraubglas und lassen Sie sie einige Stunden lang quellen. Die saftigen, prallen Beeren bleiben im K\u00fchlschrank bis zu 8 Tage lang frisch.<\/p>\n<h4>Zutaten<\/h4>\n<p>100% getrocknete Bio-Aronia-Beeren*.<br>*aus kontrolliert biologischem Anbau. Hergestellt in Deutschland. DE-\u00d6KO-060<\/p>\n<h4>Empfehlung <\/h4>\n<p>Wir empfehlen Ihnen, t\u00e4glich 2 Essl\u00f6ffel getrocknete Bio-Aroniabeeren zu verzehren.<\/p>\n<p>N\u00e4hrwerte pro 100 g :<br>Energie: 1135 kJ \/ 271 kcal.<\/p>\n<p>Fett: 1,2 g<\/p>\n<ul>\n<li>davon ges\u00e4ttigte Fetts\u00e4uren: 0,2 g<\/li>\n<\/ul>\n<p>Kohlenhydrate: 59 g<\/p>\n<ul>\n<li>davon Zucker: 22 g<\/li>\n<\/ul>\n<p>Ballaststoffe: 20 g<br>Eiwei\u00df: 3,4 g<br>Salz: &lt; 0,01 g<\/p>\n<p>&nbsp;<\/p>\n<p>&nbsp;<\/p>\n<h2><em><span style=\"color: #ff9900;\"><a style=\"color: #ff9900;\" href=\"https:\/\/bien-etreiris.ch\/de\/ratgeber-klarheit-beratung\/naehrstoffe\/superfoods\/aronia\/\" target=\"_blank\" rel=\"noopener\">Mehr erfahren \u00fcber Aronia<\/a><\/span><\/em><\/h2>\n","protected":false},"excerpt":{"rendered":"<p>Aronia beeren getrocknet BIO &nbsp; &nbsp; &nbsp; &nbsp; &nbsp; Schonend getrocknete Bio-Aronia-Beeren. Packung mit 200 g CHF 7.90 Packung \u00e0 500 g CHF 15.70 &nbsp; &nbsp; &nbsp; &nbsp; &nbsp; &nbsp; Schonend getrocknete Bio-Aronia-Beeren. lose 10 g CHF 0.35 &nbsp; &nbsp; &nbsp; Unsere Bio-Aroniabeeren werden direkt nach der Ernte schonend getrocknet, sodass Sie den vollen Geschmack der sonnengereiften Fr\u00fcchte genie\u00dfen k\u00f6nnen.&nbsp;<a href=\"https:\/\/bien-etreiris.ch\/de\/produktpraesentation\/gesundes-leben\/gesunde-lebensmittel\/superfoods\/trockenfruechte\/aroniabeeren\/\" class=\"read-more\">Weiter lesen<\/a><\/p>\n","protected":false},"author":1,"featured_media":56007,"parent":42532,"menu_order":4831,"comment_status":"closed","ping_status":"closed","template":"page-with-child.php","meta":{"_acf_changed":false,"ngg_post_thumbnail":0,"footnotes":""},"class_list":["post-60115","page","type-page","status-publish","has-post-thumbnail","hentry"],"acf":[],"yoast_head":"<!-- This site is optimized with the Yoast SEO plugin v27.5 - https:\/\/yoast.com\/product\/yoast-seo-wordpress\/ -->\n<title>ARONIABEEREN - WOHLBEFINDEN<\/title>\n<meta name=\"robots\" content=\"index, follow, max-snippet:-1, max-image-preview:large, max-video-preview:-1\" \/>\n<link rel=\"canonical\" href=\"https:\/\/bien-etreiris.ch\/de\/produktpraesentation\/gesundes-leben\/gesunde-lebensmittel\/superfoods\/trockenfruechte\/aroniabeeren\/\" \/>\n<meta property=\"og:locale\" content=\"de_DE\" \/>\n<meta property=\"og:type\" content=\"article\" \/>\n<meta property=\"og:title\" content=\"ARONIABEEREN - WOHLBEFINDEN\" \/>\n<meta property=\"og:description\" content=\"Aronia beeren getrocknet BIO &nbsp; &nbsp; &nbsp; &nbsp; &nbsp; Schonend getrocknete Bio-Aronia-Beeren. Packung mit 200 g CHF 7.90 Packung \u00e0 500 g CHF 15.70 &nbsp; &nbsp; &nbsp; &nbsp; &nbsp; &nbsp; Schonend getrocknete Bio-Aronia-Beeren. lose 10 g CHF 0.35 &nbsp; &nbsp; &nbsp; Unsere Bio-Aroniabeeren werden direkt nach der Ernte schonend getrocknet, sodass Sie den vollen Geschmack der sonnengereiften Fr\u00fcchte genie\u00dfen k\u00f6nnen.&nbsp;Weiter lesen\" \/>\n<meta property=\"og:url\" content=\"https:\/\/bien-etreiris.ch\/de\/produktpraesentation\/gesundes-leben\/gesunde-lebensmittel\/superfoods\/trockenfruechte\/aroniabeeren\/\" \/>\n<meta property=\"og:site_name\" content=\"WOHLBEFINDEN\" \/>\n<meta property=\"article:publisher\" content=\"https:\/\/www.facebook.com\/bienetreiris\/\" \/>\n<meta property=\"article:modified_time\" content=\"2022-09-23T07:07:24+00:00\" \/>\n<meta property=\"og:image\" content=\"https:\/\/bien-etreiris.ch\/wp-content\/uploads\/2022\/06\/acceuil-baie-avec-coins-arrondi.jpg\" \/>\n\t<meta property=\"og:image:width\" content=\"500\" \/>\n\t<meta property=\"og:image:height\" content=\"306\" \/>\n\t<meta property=\"og:image:type\" content=\"image\/jpeg\" \/>\n<meta name=\"twitter:label1\" content=\"Gesch\u00e4tzte Lesezeit\" \/>\n\t<meta name=\"twitter:data1\" content=\"2\u00a0Minuten\" \/>\n<script type=\"application\/ld+json\" class=\"yoast-schema-graph\">{\"@context\":\"https:\\\/\\\/schema.org\",\"@graph\":[{\"@type\":\"WebPage\",\"@id\":\"https:\\\/\\\/bien-etreiris.ch\\\/de\\\/produktpraesentation\\\/gesundes-leben\\\/gesunde-lebensmittel\\\/superfoods\\\/trockenfruechte\\\/aroniabeeren\\\/\",\"url\":\"https:\\\/\\\/bien-etreiris.ch\\\/de\\\/produktpraesentation\\\/gesundes-leben\\\/gesunde-lebensmittel\\\/superfoods\\\/trockenfruechte\\\/aroniabeeren\\\/\",\"name\":\"ARONIABEEREN - WOHLBEFINDEN\",\"isPartOf\":{\"@id\":\"https:\\\/\\\/bien-etreiris.ch\\\/de\\\/#website\"},\"primaryImageOfPage\":{\"@id\":\"https:\\\/\\\/bien-etreiris.ch\\\/de\\\/produktpraesentation\\\/gesundes-leben\\\/gesunde-lebensmittel\\\/superfoods\\\/trockenfruechte\\\/aroniabeeren\\\/#primaryimage\"},\"image\":{\"@id\":\"https:\\\/\\\/bien-etreiris.ch\\\/de\\\/produktpraesentation\\\/gesundes-leben\\\/gesunde-lebensmittel\\\/superfoods\\\/trockenfruechte\\\/aroniabeeren\\\/#primaryimage\"},\"thumbnailUrl\":\"https:\\\/\\\/bien-etreiris.ch\\\/wp-content\\\/uploads\\\/2022\\\/06\\\/acceuil-baie-avec-coins-arrondi.jpg\",\"datePublished\":\"2022-06-26T18:33:09+00:00\",\"dateModified\":\"2022-09-23T07:07:24+00:00\",\"breadcrumb\":{\"@id\":\"https:\\\/\\\/bien-etreiris.ch\\\/de\\\/produktpraesentation\\\/gesundes-leben\\\/gesunde-lebensmittel\\\/superfoods\\\/trockenfruechte\\\/aroniabeeren\\\/#breadcrumb\"},\"inLanguage\":\"de\",\"potentialAction\":[{\"@type\":\"ReadAction\",\"target\":[\"https:\\\/\\\/bien-etreiris.ch\\\/de\\\/produktpraesentation\\\/gesundes-leben\\\/gesunde-lebensmittel\\\/superfoods\\\/trockenfruechte\\\/aroniabeeren\\\/\"]}]},{\"@type\":\"ImageObject\",\"inLanguage\":\"de\",\"@id\":\"https:\\\/\\\/bien-etreiris.ch\\\/de\\\/produktpraesentation\\\/gesundes-leben\\\/gesunde-lebensmittel\\\/superfoods\\\/trockenfruechte\\\/aroniabeeren\\\/#primaryimage\",\"url\":\"https:\\\/\\\/bien-etreiris.ch\\\/wp-content\\\/uploads\\\/2022\\\/06\\\/acceuil-baie-avec-coins-arrondi.jpg\",\"contentUrl\":\"https:\\\/\\\/bien-etreiris.ch\\\/wp-content\\\/uploads\\\/2022\\\/06\\\/acceuil-baie-avec-coins-arrondi.jpg\",\"width\":500,\"height\":306},{\"@type\":\"BreadcrumbList\",\"@id\":\"https:\\\/\\\/bien-etreiris.ch\\\/de\\\/produktpraesentation\\\/gesundes-leben\\\/gesunde-lebensmittel\\\/superfoods\\\/trockenfruechte\\\/aroniabeeren\\\/#breadcrumb\",\"itemListElement\":[{\"@type\":\"ListItem\",\"position\":1,\"name\":\"Home\",\"item\":\"https:\\\/\\\/bien-etreiris.ch\\\/de\\\/\"},{\"@type\":\"ListItem\",\"position\":2,\"name\":\"PRODUKTPR\u00c4SENTATION\",\"item\":\"https:\\\/\\\/bien-etreiris.ch\\\/de\\\/produktpraesentation\\\/\"},{\"@type\":\"ListItem\",\"position\":3,\"name\":\"GESUNDES LEBEN\",\"item\":\"https:\\\/\\\/bien-etreiris.ch\\\/de\\\/produktpraesentation\\\/gesundes-leben\\\/\"},{\"@type\":\"ListItem\",\"position\":4,\"name\":\"GESUNDE LEBENSMITTEL\",\"item\":\"https:\\\/\\\/bien-etreiris.ch\\\/de\\\/produktpraesentation\\\/gesundes-leben\\\/gesunde-lebensmittel\\\/\"},{\"@type\":\"ListItem\",\"position\":5,\"name\":\"SUPERFOODS\",\"item\":\"https:\\\/\\\/bien-etreiris.ch\\\/de\\\/produktpraesentation\\\/gesundes-leben\\\/gesunde-lebensmittel\\\/superfoods\\\/\"},{\"@type\":\"ListItem\",\"position\":6,\"name\":\"TROCKENFR\u00dcCHTE\",\"item\":\"https:\\\/\\\/bien-etreiris.ch\\\/de\\\/produktpraesentation\\\/gesundes-leben\\\/gesunde-lebensmittel\\\/superfoods\\\/trockenfruechte\\\/\"},{\"@type\":\"ListItem\",\"position\":7,\"name\":\"ARONIABEEREN\"}]},{\"@type\":\"WebSite\",\"@id\":\"https:\\\/\\\/bien-etreiris.ch\\\/de\\\/#website\",\"url\":\"https:\\\/\\\/bien-etreiris.ch\\\/de\\\/\",\"name\":\"Bien-\u00eatre Iris\",\"description\":\"IHRE Gesundheit ist uns wichtig\",\"potentialAction\":[{\"@type\":\"SearchAction\",\"target\":{\"@type\":\"EntryPoint\",\"urlTemplate\":\"https:\\\/\\\/bien-etreiris.ch\\\/de\\\/?s={search_term_string}\"},\"query-input\":{\"@type\":\"PropertyValueSpecification\",\"valueRequired\":true,\"valueName\":\"search_term_string\"}}],\"inLanguage\":\"de\"}]}<\/script>\n<!-- \/ Yoast SEO plugin. -->","yoast_head_json":{"title":"ARONIABEEREN - WOHLBEFINDEN","robots":{"index":"index","follow":"follow","max-snippet":"max-snippet:-1","max-image-preview":"max-image-preview:large","max-video-preview":"max-video-preview:-1"},"canonical":"https:\/\/bien-etreiris.ch\/de\/produktpraesentation\/gesundes-leben\/gesunde-lebensmittel\/superfoods\/trockenfruechte\/aroniabeeren\/","og_locale":"de_DE","og_type":"article","og_title":"ARONIABEEREN - WOHLBEFINDEN","og_description":"Aronia beeren getrocknet BIO &nbsp; &nbsp; &nbsp; &nbsp; &nbsp; Schonend getrocknete Bio-Aronia-Beeren. Packung mit 200 g CHF 7.90 Packung \u00e0 500 g CHF 15.70 &nbsp; &nbsp; &nbsp; &nbsp; &nbsp; &nbsp; Schonend getrocknete Bio-Aronia-Beeren. lose 10 g CHF 0.35 &nbsp; &nbsp; &nbsp; Unsere Bio-Aroniabeeren werden direkt nach der Ernte schonend getrocknet, sodass Sie den vollen Geschmack der sonnengereiften Fr\u00fcchte genie\u00dfen k\u00f6nnen.&nbsp;Weiter lesen","og_url":"https:\/\/bien-etreiris.ch\/de\/produktpraesentation\/gesundes-leben\/gesunde-lebensmittel\/superfoods\/trockenfruechte\/aroniabeeren\/","og_site_name":"WOHLBEFINDEN","article_publisher":"https:\/\/www.facebook.com\/bienetreiris\/","article_modified_time":"2022-09-23T07:07:24+00:00","og_image":[{"width":500,"height":306,"url":"https:\/\/bien-etreiris.ch\/wp-content\/uploads\/2022\/06\/acceuil-baie-avec-coins-arrondi.jpg","type":"image\/jpeg"}],"twitter_misc":{"Gesch\u00e4tzte Lesezeit":"2\u00a0Minuten"},"schema":{"@context":"https:\/\/schema.org","@graph":[{"@type":"WebPage","@id":"https:\/\/bien-etreiris.ch\/de\/produktpraesentation\/gesundes-leben\/gesunde-lebensmittel\/superfoods\/trockenfruechte\/aroniabeeren\/","url":"https:\/\/bien-etreiris.ch\/de\/produktpraesentation\/gesundes-leben\/gesunde-lebensmittel\/superfoods\/trockenfruechte\/aroniabeeren\/","name":"ARONIABEEREN - WOHLBEFINDEN","isPartOf":{"@id":"https:\/\/bien-etreiris.ch\/de\/#website"},"primaryImageOfPage":{"@id":"https:\/\/bien-etreiris.ch\/de\/produktpraesentation\/gesundes-leben\/gesunde-lebensmittel\/superfoods\/trockenfruechte\/aroniabeeren\/#primaryimage"},"image":{"@id":"https:\/\/bien-etreiris.ch\/de\/produktpraesentation\/gesundes-leben\/gesunde-lebensmittel\/superfoods\/trockenfruechte\/aroniabeeren\/#primaryimage"},"thumbnailUrl":"https:\/\/bien-etreiris.ch\/wp-content\/uploads\/2022\/06\/acceuil-baie-avec-coins-arrondi.jpg","datePublished":"2022-06-26T18:33:09+00:00","dateModified":"2022-09-23T07:07:24+00:00","breadcrumb":{"@id":"https:\/\/bien-etreiris.ch\/de\/produktpraesentation\/gesundes-leben\/gesunde-lebensmittel\/superfoods\/trockenfruechte\/aroniabeeren\/#breadcrumb"},"inLanguage":"de","potentialAction":[{"@type":"ReadAction","target":["https:\/\/bien-etreiris.ch\/de\/produktpraesentation\/gesundes-leben\/gesunde-lebensmittel\/superfoods\/trockenfruechte\/aroniabeeren\/"]}]},{"@type":"ImageObject","inLanguage":"de","@id":"https:\/\/bien-etreiris.ch\/de\/produktpraesentation\/gesundes-leben\/gesunde-lebensmittel\/superfoods\/trockenfruechte\/aroniabeeren\/#primaryimage","url":"https:\/\/bien-etreiris.ch\/wp-content\/uploads\/2022\/06\/acceuil-baie-avec-coins-arrondi.jpg","contentUrl":"https:\/\/bien-etreiris.ch\/wp-content\/uploads\/2022\/06\/acceuil-baie-avec-coins-arrondi.jpg","width":500,"height":306},{"@type":"BreadcrumbList","@id":"https:\/\/bien-etreiris.ch\/de\/produktpraesentation\/gesundes-leben\/gesunde-lebensmittel\/superfoods\/trockenfruechte\/aroniabeeren\/#breadcrumb","itemListElement":[{"@type":"ListItem","position":1,"name":"Home","item":"https:\/\/bien-etreiris.ch\/de\/"},{"@type":"ListItem","position":2,"name":"PRODUKTPR\u00c4SENTATION","item":"https:\/\/bien-etreiris.ch\/de\/produktpraesentation\/"},{"@type":"ListItem","position":3,"name":"GESUNDES LEBEN","item":"https:\/\/bien-etreiris.ch\/de\/produktpraesentation\/gesundes-leben\/"},{"@type":"ListItem","position":4,"name":"GESUNDE LEBENSMITTEL","item":"https:\/\/bien-etreiris.ch\/de\/produktpraesentation\/gesundes-leben\/gesunde-lebensmittel\/"},{"@type":"ListItem","position":5,"name":"SUPERFOODS","item":"https:\/\/bien-etreiris.ch\/de\/produktpraesentation\/gesundes-leben\/gesunde-lebensmittel\/superfoods\/"},{"@type":"ListItem","position":6,"name":"TROCKENFR\u00dcCHTE","item":"https:\/\/bien-etreiris.ch\/de\/produktpraesentation\/gesundes-leben\/gesunde-lebensmittel\/superfoods\/trockenfruechte\/"},{"@type":"ListItem","position":7,"name":"ARONIABEEREN"}]},{"@type":"WebSite","@id":"https:\/\/bien-etreiris.ch\/de\/#website","url":"https:\/\/bien-etreiris.ch\/de\/","name":"Bien-\u00eatre Iris","description":"IHRE Gesundheit ist uns wichtig","potentialAction":[{"@type":"SearchAction","target":{"@type":"EntryPoint","urlTemplate":"https:\/\/bien-etreiris.ch\/de\/?s={search_term_string}"},"query-input":{"@type":"PropertyValueSpecification","valueRequired":true,"valueName":"search_term_string"}}],"inLanguage":"de"}]}},"_links":{"self":[{"href":"https:\/\/bien-etreiris.ch\/de\/wp-json\/wp\/v2\/pages\/60115","targetHints":{"allow":["GET"]}}],"collection":[{"href":"https:\/\/bien-etreiris.ch\/de\/wp-json\/wp\/v2\/pages"}],"about":[{"href":"https:\/\/bien-etreiris.ch\/de\/wp-json\/wp\/v2\/types\/page"}],"author":[{"embeddable":true,"href":"https:\/\/bien-etreiris.ch\/de\/wp-json\/wp\/v2\/users\/1"}],"replies":[{"embeddable":true,"href":"https:\/\/bien-etreiris.ch\/de\/wp-json\/wp\/v2\/comments?post=60115"}],"version-history":[{"count":4,"href":"https:\/\/bien-etreiris.ch\/de\/wp-json\/wp\/v2\/pages\/60115\/revisions"}],"predecessor-version":[{"id":60127,"href":"https:\/\/bien-etreiris.ch\/de\/wp-json\/wp\/v2\/pages\/60115\/revisions\/60127"}],"up":[{"embeddable":true,"href":"https:\/\/bien-etreiris.ch\/de\/wp-json\/wp\/v2\/pages\/42532"}],"wp:featuredmedia":[{"embeddable":true,"href":"https:\/\/bien-etreiris.ch\/de\/wp-json\/wp\/v2\/media\/56007"}],"wp:attachment":[{"href":"https:\/\/bien-etreiris.ch\/de\/wp-json\/wp\/v2\/media?parent=60115"}],"curies":[{"name":"wp","href":"https:\/\/api.w.org\/{rel}","templated":true}]}}