{"id":60088,"date":"2022-09-23T07:50:11","date_gmt":"2022-09-23T05:50:11","guid":{"rendered":"https:\/\/bien-etreiris.ch\/produktpraesentation\/gesundes-leben\/gesunde-nahrungsmittel\/superfoods-lebensmittel\/pulver\/acerola\/"},"modified":"2022-09-23T08:13:04","modified_gmt":"2022-09-23T06:13:04","slug":"acerola","status":"publish","type":"page","link":"https:\/\/bien-etreiris.ch\/de\/produktpraesentation\/gesundes-leben\/gesunde-lebensmittel\/superfoods\/pulver\/acerola\/","title":{"rendered":"ACEROLA PULVER &#038; KAPSEL"},"content":{"rendered":"\n<h2>Acerola Vita (Der Vitamin-C-Drink)<\/h2>\n<p><a href=\"https:\/\/bien-etreiris.ch\/wp-content\/uploads\/2022\/09\/tire-poudre-acerola.jpg\"><img loading=\"lazy\" decoding=\"async\" class=\"wp-image-60080 alignleft\" src=\"https:\/\/bien-etreiris.ch\/wp-content\/uploads\/2022\/09\/tire-poudre-acerola.jpg\" alt=\"\" width=\"299\" height=\"477\" srcset=\"https:\/\/bien-etreiris.ch\/wp-content\/uploads\/2022\/09\/tire-poudre-acerola.jpg 562w, https:\/\/bien-etreiris.ch\/wp-content\/uploads\/2022\/09\/tire-poudre-acerola-188x300.jpg 188w\" sizes=\"auto, (max-width: 299px) 100vw, 299px\" \/><\/a><\/p>\n<p>&nbsp;<\/p>\n<p>&nbsp;<\/p>\n<p>&nbsp;<\/p>\n<p>&nbsp;<\/p>\n<h4>Cellavita<\/h4>\n<p>poudre<\/p>\n<ul style=\"list-style-type: disc;\">\n<li>&nbsp;Vitamin C aus Acerola Kirsche<\/li>\n<li>100% nat\u00fcrlich<\/li>\n<li>Tr\u00e4gt zur Verringerung von M\u00fcdigkeit und Erm\u00fcdung bei<\/li>\n<li>Tr\u00e4gt zu einer normalen Funktion des Immunsystems bei<\/li>\n<li>Bio-Zertifiziert nach DE-\u00d6KO-006<strong>bio<\/strong> selon la norme DE-\u00d6KO-006<\/li>\n<\/ul>\n<p>&nbsp;<\/p>\n<p>1 Glasflasche mit 90g Pulver <strong>CHF 13.30<\/strong><\/p>\n<p>Nachf\u00fcllung zu 10g <strong>CHF 0.90<\/strong><\/p>\n<p>&nbsp;<\/p>\n<p>&nbsp;<\/p>\n<p>&nbsp;<\/p>\n<hr>\n<p><a href=\"https:\/\/bien-etreiris.ch\/wp-content\/uploads\/2022\/09\/tire-capsule-acerola.jpg\"><img loading=\"lazy\" decoding=\"async\" class=\"wp-image-60083 alignleft\" src=\"https:\/\/bien-etreiris.ch\/wp-content\/uploads\/2022\/09\/tire-capsule-acerola.jpg\" alt=\"\" width=\"301\" height=\"512\" srcset=\"https:\/\/bien-etreiris.ch\/wp-content\/uploads\/2022\/09\/tire-capsule-acerola.jpg 539w, https:\/\/bien-etreiris.ch\/wp-content\/uploads\/2022\/09\/tire-capsule-acerola-177x300.jpg 177w\" sizes=\"auto, (max-width: 301px) 100vw, 301px\" \/><\/a><\/p>\n<p>&nbsp;<\/p>\n<p>&nbsp;<\/p>\n<p>&nbsp;<\/p>\n<p>&nbsp;<\/p>\n<h4>Cellavita<\/h4>\n<p>capsule<\/p>\n<ul>\n<li>Vitamin C aus Acerola Kirsche<\/li>\n<li>100% nat\u00fcrlich<\/li>\n<li>Tr\u00e4gt zur Verringerung von M\u00fcdigkeit und Erm\u00fcdung bei<\/li>\n<li>Tr\u00e4gt zu einer normalen Funktion des Immunsystems bei<\/li>\n<li>Bio-Zertifiziert nach DE-\u00d6KO-006<\/li>\n<li>Vegane Kapselh\u00fclle<\/li>\n<li>Ohne Rieselhilfen\/F\u00fcllstoffe<\/li>\n<li>Hergestellt in Deutschland<\/li>\n<\/ul>\n<p>1 Glasflasche mit 180 Kapseln <strong>CHF 21.50<\/strong><\/p>\n<p>Nachf\u00fcllung 1 Kapsel <strong>CHF 0.10<\/strong><\/p>\n<p>&nbsp;<\/p>\n<p>&nbsp;<\/p>\n<p>&nbsp;<\/p>\n<p>&nbsp;<\/p>\n<p>Der menschliche Organismus ist nicht in der Lage, Vitamin C selbst herzustellen. Aus diesem Grund ist er auf die t\u00e4gliche Aufnahme von Vitamin C angewiesen, Acerola- Vita (Vitamin C) eignet sich bestens.<\/p>\n<p>Vitamin C1<\/p>\n<ul style=\"list-style-type: disc;\">\n<li>Tr\u00e4gt zu einer normalen Kollagenbildung f\u00fcr eine normale Funktion der Blutgef\u00e4\u00dfe bei<\/li>\n<li>Tr\u00e4gt zu einer normalen Kollgenbildung f\u00fcr eine normale Funktion der Knochen bei<\/li>\n<li>Tr\u00e4gt zu einer normalen Kollagenbildung f\u00fcr eine normale Knorpelfunktion bei<\/li>\n<li>Tr\u00e4gt zu einer normalen Kollagenbildung f\u00fcr eine normale Funktion des Zahnfleisches bei<\/li>\n<li>Tr\u00e4gt zu einer normalen Kollagenbildung f\u00fcr eine normale Funktion der Haut bei<\/li>\n<li>Tr\u00e4gt zu einer normalen Kollagenbildung f\u00fcr eine normale Funktion der Z\u00e4hne bei<\/li>\n<li>Tr\u00e4gt zu einem normalen Energiestoffwechsel bei<\/li>\n<li>Tr\u00e4gt zu einer normalen Funktion des Nervensystems bei<\/li>\n<li>Tr\u00e4gt zur normalen psychischen Funktion bei<\/li>\n<li>Tr\u00e4gt zu einer normalen Funktion des Immunsystems bei<\/li>\n<li>Tr\u00e4gt dazu bei, die Zellen vor oxidativem Stress zu sch\u00fctzen<\/li>\n<li>Tr\u00e4gt zur Verringerung von M\u00fcdigkeit und Erm\u00fcdung bei<\/li>\n<li>Tr\u00e4gt zur Regeneration der reduzierten Form von Vitamin E bei<\/li>\n<li>Erh\u00f6ht die Eisenaufnahme<\/li>\n<\/ul>\n<p>&nbsp;<\/p>\n<p>N\u00e4hrstoffe pro Tagesdosis&nbsp;&nbsp;&nbsp;&nbsp;&nbsp;&nbsp;&nbsp;&nbsp;&nbsp;&nbsp;&nbsp;&nbsp;&nbsp;&nbsp;&nbsp; &nbsp; &nbsp; &nbsp; % RM*<br>Vitamin C<br>aus Bio-Acerola Kirsche&nbsp;&nbsp;&nbsp;&nbsp;&nbsp;&nbsp; 255 mg&nbsp;&nbsp;&nbsp;&nbsp;&nbsp;&nbsp; 319,00<\/p>\n<p>* Referenzmenge gem\u00e4\u00df LMIV (Lebensmittelinformationsverordnung)<\/p>\n<p>&nbsp;<\/p>\n<p>Der Hersteller weist nach, dass keine k\u00fcnstliche Ascorbins\u00e4ure zugesetzt ist. D.h. Das Pulver ist nicht standardisiert. Beachten Sie bitte das entsprechende Analyse-Zertifikat <span style=\"color: #ff9900;\"><a style=\"color: #ff9900;\" href=\"https:\/\/bien-etreiris.ch\/wp-content\/uploads\/2022\/09\/Certificat.pdf\" target=\"_blank\" rel=\"noopener\">pdf<\/a><\/span><\/p>\n<h4><br>Zutaten<\/h4>\n<p>Bio-Acerola Fruchtpulver, Tr\u00e4gerstoff Bio-Maltodextrin (aus Bio-Mais)<\/p>\n<h4><br>Verzehrsempfehlung<\/h4>\n<p>Verzehren Sie t\u00e4glich drei Messl\u00f6ffel Pulver mit ausreichend Fl\u00fcssigkeit (200ml). Pulver mit einigen Wassertropfen anr\u00fchren, erst dann Wasser nachgie\u00dfen (reduziert die Klumpenbildung).<br>Hinweise:<\/p>\n<p>Die angegebene empfohlene t\u00e4gliche Verzehrsmenge darf nicht \u00fcberschritten werden. Nahrungserg\u00e4nzungsmittel sollten nicht als Ersatz f\u00fcr eine ausgewogene und abwechslungsreiche Ern\u00e4hrung und f\u00fcr eine gesunde Lebensweise verwendet werden. Bitte lagern Sie das Produkt k\u00fchl, trocken und dunkel. Au\u00dferhalb der Reichweite von kleinen Kindern aufbewahren.<\/p>\n<h4><br>Zusatzinformation<\/h4>\n<p>Das Bio-Acerola Fruchtpulver ist ohne chemische Hilfsstoffe, z.B. Rieselhilfen. Dadurch ist eine Verh\u00e4rtung m\u00f6glich, die keinen Qualit\u00e4tsverlust bedeutet.<br>Quellen:<\/p>\n<p>1 Quelle: VERORDNUNG (EU) Nr. 432\/2012 DER KOMMISSION vom 16. Mai 2012 zur Festlegung einer Liste zul\u00e4ssiger anderer gesundheitsbezogener Angaben \u00fcber Lebensmittel als Angaben \u00fcber die Reduzierung eines Krankheitsrisikos sowie die Entwicklung und die Gesundheit von Kindern<br>http:\/\/eur-lex.europa.eu\/legal-content\/DE\/TXT\/?qid=1454323459180&amp;uri=CELEX:32012R0432#document1<\/p>\n<p>&nbsp;<\/p>\n","protected":false},"excerpt":{"rendered":"<p>Acerola Vita (Der Vitamin-C-Drink) &nbsp; &nbsp; &nbsp; &nbsp; Cellavita poudre &nbsp;Vitamin C aus Acerola Kirsche 100% nat\u00fcrlich Tr\u00e4gt zur Verringerung von M\u00fcdigkeit und Erm\u00fcdung bei Tr\u00e4gt zu einer normalen Funktion des Immunsystems bei Bio-Zertifiziert nach DE-\u00d6KO-006bio selon la norme DE-\u00d6KO-006 &nbsp; 1 Glasflasche mit 90g Pulver CHF 13.30 Nachf\u00fcllung zu 10g CHF 0.90 &nbsp; &nbsp; &nbsp; &nbsp; &nbsp; &nbsp; &nbsp;&nbsp;<a href=\"https:\/\/bien-etreiris.ch\/de\/produktpraesentation\/gesundes-leben\/gesunde-lebensmittel\/superfoods\/pulver\/acerola\/\" class=\"read-more\">Weiter lesen<\/a><\/p>\n","protected":false},"author":1,"featured_media":60079,"parent":46460,"menu_order":4469,"comment_status":"closed","ping_status":"closed","template":"page-with-child.php","meta":{"_acf_changed":false,"ngg_post_thumbnail":0,"footnotes":""},"class_list":["post-60088","page","type-page","status-publish","has-post-thumbnail","hentry"],"acf":[],"yoast_head":"<!-- This site is optimized with the Yoast SEO plugin v27.6 - https:\/\/yoast.com\/product\/yoast-seo-wordpress\/ -->\n<title>ACEROLA PULVER &amp; KAPSEL - WOHLBEFINDEN<\/title>\n<meta name=\"robots\" content=\"index, follow, max-snippet:-1, max-image-preview:large, max-video-preview:-1\" \/>\n<link rel=\"canonical\" href=\"https:\/\/bien-etreiris.ch\/de\/produktpraesentation\/gesundes-leben\/gesunde-lebensmittel\/superfoods\/pulver\/acerola\/\" \/>\n<meta property=\"og:locale\" content=\"de_DE\" \/>\n<meta property=\"og:type\" content=\"article\" \/>\n<meta property=\"og:title\" content=\"ACEROLA PULVER &amp; KAPSEL - WOHLBEFINDEN\" \/>\n<meta property=\"og:description\" content=\"Acerola Vita (Der Vitamin-C-Drink) &nbsp; &nbsp; &nbsp; &nbsp; Cellavita poudre &nbsp;Vitamin C aus Acerola Kirsche 100% nat\u00fcrlich Tr\u00e4gt zur Verringerung von M\u00fcdigkeit und Erm\u00fcdung bei Tr\u00e4gt zu einer normalen Funktion des Immunsystems bei Bio-Zertifiziert nach DE-\u00d6KO-006bio selon la norme DE-\u00d6KO-006 &nbsp; 1 Glasflasche mit 90g Pulver CHF 13.30 Nachf\u00fcllung zu 10g CHF 0.90 &nbsp; &nbsp; &nbsp; &nbsp; &nbsp; &nbsp; &nbsp;&nbsp;Weiter lesen\" \/>\n<meta property=\"og:url\" content=\"https:\/\/bien-etreiris.ch\/de\/produktpraesentation\/gesundes-leben\/gesunde-lebensmittel\/superfoods\/pulver\/acerola\/\" \/>\n<meta property=\"og:site_name\" content=\"WOHLBEFINDEN\" \/>\n<meta property=\"article:publisher\" content=\"https:\/\/www.facebook.com\/bienetreiris\/\" \/>\n<meta property=\"article:modified_time\" content=\"2022-09-23T06:13:04+00:00\" \/>\n<meta property=\"og:image\" content=\"https:\/\/bien-etreiris.ch\/wp-content\/uploads\/2022\/09\/acceuil-de-acerola.jpg\" \/>\n\t<meta property=\"og:image:width\" content=\"550\" \/>\n\t<meta property=\"og:image:height\" content=\"367\" \/>\n\t<meta property=\"og:image:type\" content=\"image\/jpeg\" \/>\n<meta name=\"twitter:label1\" content=\"Gesch\u00e4tzte Lesezeit\" \/>\n\t<meta name=\"twitter:data1\" content=\"3\u00a0Minuten\" \/>\n<script type=\"application\/ld+json\" class=\"yoast-schema-graph\">{\"@context\":\"https:\\\/\\\/schema.org\",\"@graph\":[{\"@type\":\"WebPage\",\"@id\":\"https:\\\/\\\/bien-etreiris.ch\\\/de\\\/produktpraesentation\\\/gesundes-leben\\\/gesunde-lebensmittel\\\/superfoods\\\/pulver\\\/acerola\\\/\",\"url\":\"https:\\\/\\\/bien-etreiris.ch\\\/de\\\/produktpraesentation\\\/gesundes-leben\\\/gesunde-lebensmittel\\\/superfoods\\\/pulver\\\/acerola\\\/\",\"name\":\"ACEROLA PULVER & KAPSEL - WOHLBEFINDEN\",\"isPartOf\":{\"@id\":\"https:\\\/\\\/bien-etreiris.ch\\\/de\\\/#website\"},\"primaryImageOfPage\":{\"@id\":\"https:\\\/\\\/bien-etreiris.ch\\\/de\\\/produktpraesentation\\\/gesundes-leben\\\/gesunde-lebensmittel\\\/superfoods\\\/pulver\\\/acerola\\\/#primaryimage\"},\"image\":{\"@id\":\"https:\\\/\\\/bien-etreiris.ch\\\/de\\\/produktpraesentation\\\/gesundes-leben\\\/gesunde-lebensmittel\\\/superfoods\\\/pulver\\\/acerola\\\/#primaryimage\"},\"thumbnailUrl\":\"https:\\\/\\\/bien-etreiris.ch\\\/wp-content\\\/uploads\\\/2022\\\/09\\\/acceuil-de-acerola.jpg\",\"datePublished\":\"2022-09-23T05:50:11+00:00\",\"dateModified\":\"2022-09-23T06:13:04+00:00\",\"breadcrumb\":{\"@id\":\"https:\\\/\\\/bien-etreiris.ch\\\/de\\\/produktpraesentation\\\/gesundes-leben\\\/gesunde-lebensmittel\\\/superfoods\\\/pulver\\\/acerola\\\/#breadcrumb\"},\"inLanguage\":\"de\",\"potentialAction\":[{\"@type\":\"ReadAction\",\"target\":[\"https:\\\/\\\/bien-etreiris.ch\\\/de\\\/produktpraesentation\\\/gesundes-leben\\\/gesunde-lebensmittel\\\/superfoods\\\/pulver\\\/acerola\\\/\"]}]},{\"@type\":\"ImageObject\",\"inLanguage\":\"de\",\"@id\":\"https:\\\/\\\/bien-etreiris.ch\\\/de\\\/produktpraesentation\\\/gesundes-leben\\\/gesunde-lebensmittel\\\/superfoods\\\/pulver\\\/acerola\\\/#primaryimage\",\"url\":\"https:\\\/\\\/bien-etreiris.ch\\\/wp-content\\\/uploads\\\/2022\\\/09\\\/acceuil-de-acerola.jpg\",\"contentUrl\":\"https:\\\/\\\/bien-etreiris.ch\\\/wp-content\\\/uploads\\\/2022\\\/09\\\/acceuil-de-acerola.jpg\",\"width\":550,\"height\":367},{\"@type\":\"BreadcrumbList\",\"@id\":\"https:\\\/\\\/bien-etreiris.ch\\\/de\\\/produktpraesentation\\\/gesundes-leben\\\/gesunde-lebensmittel\\\/superfoods\\\/pulver\\\/acerola\\\/#breadcrumb\",\"itemListElement\":[{\"@type\":\"ListItem\",\"position\":1,\"name\":\"Home\",\"item\":\"https:\\\/\\\/bien-etreiris.ch\\\/de\\\/\"},{\"@type\":\"ListItem\",\"position\":2,\"name\":\"PRODUKTPR\u00c4SENTATION\",\"item\":\"https:\\\/\\\/bien-etreiris.ch\\\/de\\\/produktpraesentation\\\/\"},{\"@type\":\"ListItem\",\"position\":3,\"name\":\"GESUNDES LEBEN\",\"item\":\"https:\\\/\\\/bien-etreiris.ch\\\/de\\\/produktpraesentation\\\/gesundes-leben\\\/\"},{\"@type\":\"ListItem\",\"position\":4,\"name\":\"GESUNDE LEBENSMITTEL\",\"item\":\"https:\\\/\\\/bien-etreiris.ch\\\/de\\\/produktpraesentation\\\/gesundes-leben\\\/gesunde-lebensmittel\\\/\"},{\"@type\":\"ListItem\",\"position\":5,\"name\":\"SUPERFOODS\",\"item\":\"https:\\\/\\\/bien-etreiris.ch\\\/de\\\/produktpraesentation\\\/gesundes-leben\\\/gesunde-lebensmittel\\\/superfoods\\\/\"},{\"@type\":\"ListItem\",\"position\":6,\"name\":\"PULVER\",\"item\":\"https:\\\/\\\/bien-etreiris.ch\\\/de\\\/produktpraesentation\\\/gesundes-leben\\\/gesunde-lebensmittel\\\/superfoods\\\/pulver\\\/\"},{\"@type\":\"ListItem\",\"position\":7,\"name\":\"ACEROLA PULVER &#038; KAPSEL\"}]},{\"@type\":\"WebSite\",\"@id\":\"https:\\\/\\\/bien-etreiris.ch\\\/de\\\/#website\",\"url\":\"https:\\\/\\\/bien-etreiris.ch\\\/de\\\/\",\"name\":\"Bien-\u00eatre Iris\",\"description\":\"IHRE Gesundheit ist uns wichtig\",\"potentialAction\":[{\"@type\":\"SearchAction\",\"target\":{\"@type\":\"EntryPoint\",\"urlTemplate\":\"https:\\\/\\\/bien-etreiris.ch\\\/de\\\/?s={search_term_string}\"},\"query-input\":{\"@type\":\"PropertyValueSpecification\",\"valueRequired\":true,\"valueName\":\"search_term_string\"}}],\"inLanguage\":\"de\"}]}<\/script>\n<!-- \/ Yoast SEO plugin. -->","yoast_head_json":{"title":"ACEROLA PULVER & KAPSEL - WOHLBEFINDEN","robots":{"index":"index","follow":"follow","max-snippet":"max-snippet:-1","max-image-preview":"max-image-preview:large","max-video-preview":"max-video-preview:-1"},"canonical":"https:\/\/bien-etreiris.ch\/de\/produktpraesentation\/gesundes-leben\/gesunde-lebensmittel\/superfoods\/pulver\/acerola\/","og_locale":"de_DE","og_type":"article","og_title":"ACEROLA PULVER & KAPSEL - WOHLBEFINDEN","og_description":"Acerola Vita (Der Vitamin-C-Drink) &nbsp; &nbsp; &nbsp; &nbsp; Cellavita poudre &nbsp;Vitamin C aus Acerola Kirsche 100% nat\u00fcrlich Tr\u00e4gt zur Verringerung von M\u00fcdigkeit und Erm\u00fcdung bei Tr\u00e4gt zu einer normalen Funktion des Immunsystems bei Bio-Zertifiziert nach DE-\u00d6KO-006bio selon la norme DE-\u00d6KO-006 &nbsp; 1 Glasflasche mit 90g Pulver CHF 13.30 Nachf\u00fcllung zu 10g CHF 0.90 &nbsp; &nbsp; &nbsp; &nbsp; &nbsp; &nbsp; &nbsp;&nbsp;Weiter lesen","og_url":"https:\/\/bien-etreiris.ch\/de\/produktpraesentation\/gesundes-leben\/gesunde-lebensmittel\/superfoods\/pulver\/acerola\/","og_site_name":"WOHLBEFINDEN","article_publisher":"https:\/\/www.facebook.com\/bienetreiris\/","article_modified_time":"2022-09-23T06:13:04+00:00","og_image":[{"width":550,"height":367,"url":"https:\/\/bien-etreiris.ch\/wp-content\/uploads\/2022\/09\/acceuil-de-acerola.jpg","type":"image\/jpeg"}],"twitter_misc":{"Gesch\u00e4tzte Lesezeit":"3\u00a0Minuten"},"schema":{"@context":"https:\/\/schema.org","@graph":[{"@type":"WebPage","@id":"https:\/\/bien-etreiris.ch\/de\/produktpraesentation\/gesundes-leben\/gesunde-lebensmittel\/superfoods\/pulver\/acerola\/","url":"https:\/\/bien-etreiris.ch\/de\/produktpraesentation\/gesundes-leben\/gesunde-lebensmittel\/superfoods\/pulver\/acerola\/","name":"ACEROLA PULVER & KAPSEL - WOHLBEFINDEN","isPartOf":{"@id":"https:\/\/bien-etreiris.ch\/de\/#website"},"primaryImageOfPage":{"@id":"https:\/\/bien-etreiris.ch\/de\/produktpraesentation\/gesundes-leben\/gesunde-lebensmittel\/superfoods\/pulver\/acerola\/#primaryimage"},"image":{"@id":"https:\/\/bien-etreiris.ch\/de\/produktpraesentation\/gesundes-leben\/gesunde-lebensmittel\/superfoods\/pulver\/acerola\/#primaryimage"},"thumbnailUrl":"https:\/\/bien-etreiris.ch\/wp-content\/uploads\/2022\/09\/acceuil-de-acerola.jpg","datePublished":"2022-09-23T05:50:11+00:00","dateModified":"2022-09-23T06:13:04+00:00","breadcrumb":{"@id":"https:\/\/bien-etreiris.ch\/de\/produktpraesentation\/gesundes-leben\/gesunde-lebensmittel\/superfoods\/pulver\/acerola\/#breadcrumb"},"inLanguage":"de","potentialAction":[{"@type":"ReadAction","target":["https:\/\/bien-etreiris.ch\/de\/produktpraesentation\/gesundes-leben\/gesunde-lebensmittel\/superfoods\/pulver\/acerola\/"]}]},{"@type":"ImageObject","inLanguage":"de","@id":"https:\/\/bien-etreiris.ch\/de\/produktpraesentation\/gesundes-leben\/gesunde-lebensmittel\/superfoods\/pulver\/acerola\/#primaryimage","url":"https:\/\/bien-etreiris.ch\/wp-content\/uploads\/2022\/09\/acceuil-de-acerola.jpg","contentUrl":"https:\/\/bien-etreiris.ch\/wp-content\/uploads\/2022\/09\/acceuil-de-acerola.jpg","width":550,"height":367},{"@type":"BreadcrumbList","@id":"https:\/\/bien-etreiris.ch\/de\/produktpraesentation\/gesundes-leben\/gesunde-lebensmittel\/superfoods\/pulver\/acerola\/#breadcrumb","itemListElement":[{"@type":"ListItem","position":1,"name":"Home","item":"https:\/\/bien-etreiris.ch\/de\/"},{"@type":"ListItem","position":2,"name":"PRODUKTPR\u00c4SENTATION","item":"https:\/\/bien-etreiris.ch\/de\/produktpraesentation\/"},{"@type":"ListItem","position":3,"name":"GESUNDES LEBEN","item":"https:\/\/bien-etreiris.ch\/de\/produktpraesentation\/gesundes-leben\/"},{"@type":"ListItem","position":4,"name":"GESUNDE LEBENSMITTEL","item":"https:\/\/bien-etreiris.ch\/de\/produktpraesentation\/gesundes-leben\/gesunde-lebensmittel\/"},{"@type":"ListItem","position":5,"name":"SUPERFOODS","item":"https:\/\/bien-etreiris.ch\/de\/produktpraesentation\/gesundes-leben\/gesunde-lebensmittel\/superfoods\/"},{"@type":"ListItem","position":6,"name":"PULVER","item":"https:\/\/bien-etreiris.ch\/de\/produktpraesentation\/gesundes-leben\/gesunde-lebensmittel\/superfoods\/pulver\/"},{"@type":"ListItem","position":7,"name":"ACEROLA PULVER &#038; KAPSEL"}]},{"@type":"WebSite","@id":"https:\/\/bien-etreiris.ch\/de\/#website","url":"https:\/\/bien-etreiris.ch\/de\/","name":"Bien-\u00eatre Iris","description":"IHRE Gesundheit ist uns wichtig","potentialAction":[{"@type":"SearchAction","target":{"@type":"EntryPoint","urlTemplate":"https:\/\/bien-etreiris.ch\/de\/?s={search_term_string}"},"query-input":{"@type":"PropertyValueSpecification","valueRequired":true,"valueName":"search_term_string"}}],"inLanguage":"de"}]}},"_links":{"self":[{"href":"https:\/\/bien-etreiris.ch\/de\/wp-json\/wp\/v2\/pages\/60088","targetHints":{"allow":["GET"]}}],"collection":[{"href":"https:\/\/bien-etreiris.ch\/de\/wp-json\/wp\/v2\/pages"}],"about":[{"href":"https:\/\/bien-etreiris.ch\/de\/wp-json\/wp\/v2\/types\/page"}],"author":[{"embeddable":true,"href":"https:\/\/bien-etreiris.ch\/de\/wp-json\/wp\/v2\/users\/1"}],"replies":[{"embeddable":true,"href":"https:\/\/bien-etreiris.ch\/de\/wp-json\/wp\/v2\/comments?post=60088"}],"version-history":[{"count":3,"href":"https:\/\/bien-etreiris.ch\/de\/wp-json\/wp\/v2\/pages\/60088\/revisions"}],"predecessor-version":[{"id":60098,"href":"https:\/\/bien-etreiris.ch\/de\/wp-json\/wp\/v2\/pages\/60088\/revisions\/60098"}],"up":[{"embeddable":true,"href":"https:\/\/bien-etreiris.ch\/de\/wp-json\/wp\/v2\/pages\/46460"}],"wp:featuredmedia":[{"embeddable":true,"href":"https:\/\/bien-etreiris.ch\/de\/wp-json\/wp\/v2\/media\/60079"}],"wp:attachment":[{"href":"https:\/\/bien-etreiris.ch\/de\/wp-json\/wp\/v2\/media?parent=60088"}],"curies":[{"name":"wp","href":"https:\/\/api.w.org\/{rel}","templated":true}]}}