{"id":59687,"date":"2022-09-12T21:29:14","date_gmt":"2022-09-12T19:29:14","guid":{"rendered":"https:\/\/bien-etreiris.ch\/produktpraesentation\/natuerliche-heilmittel\/kraeutertee-und-tee\/kraeuter-und-pflanzen\/prele-de-camps\/"},"modified":"2023-02-16T10:08:31","modified_gmt":"2023-02-16T08:08:31","slug":"ackerschachtelhalm","status":"publish","type":"page","link":"https:\/\/bien-etreiris.ch\/de\/produktpraesentation\/gesundes-leben\/nahrungsergaenzungsmittel\/pflanzenheilkunde-gleichgewicht-durch-heilpflanzen\/kraeuter-und-pflanzen\/ackerschachtelhalm\/","title":{"rendered":"ACKERSCHACHTELHALM"},"content":{"rendered":"\n<h2>Ackerschachtelhalm<\/h2>\n<p><a href=\"https:\/\/bien-etreiris.ch\/wp-content\/uploads\/2022\/09\/titre-pret-de-champs.png\"><img loading=\"lazy\" decoding=\"async\" class=\"size-full wp-image-59677 alignleft\" src=\"https:\/\/bien-etreiris.ch\/wp-content\/uploads\/2022\/09\/titre-pret-de-champs.png\" alt=\"\" width=\"333\" height=\"333\" srcset=\"https:\/\/bien-etreiris.ch\/wp-content\/uploads\/2022\/09\/titre-pret-de-champs.png 333w, https:\/\/bien-etreiris.ch\/wp-content\/uploads\/2022\/09\/titre-pret-de-champs-300x300.png 300w, https:\/\/bien-etreiris.ch\/wp-content\/uploads\/2022\/09\/titre-pret-de-champs-150x150.png 150w\" sizes=\"auto, (max-width: 333px) 100vw, 333px\" \/><\/a><\/p>\n<p>&nbsp;<\/p>\n<p>&nbsp;<\/p>\n<p>Ackerschachtelhalm Tee wirkt nicht nur entschlackend sondern f\u00f6rdert Haar- und Nagelwachstum und vieles mehr!<\/p>\n<h4>Ackerschachtelhalm geschnittenes Kraut PhEur BIO<\/h4>\n<p>lose&nbsp;&nbsp; 10 g CHF &nbsp; 0.50<\/p>\n<p>lose 400 g CHF 18.00<\/p>\n<p><strong>&nbsp;<\/strong><\/p>\n<p>&nbsp;<\/p>\n<p>&nbsp;<\/p>\n<p>&nbsp;<\/p>\n<p>&nbsp;<\/p>\n\n\n\n<h4>Steckbrief<\/h4>\n<p>Das kleine Einmaleins von Equisetum arvense<\/p>\n<h4>Ackerschachtelhalm<\/h4>\n<p>bis zu 50 cm hoher St\u00e4ngel mit sternf\u00f6rmigen Seitentrieben, h\u00e4ufig auf nassem Boden oder \u00c4ckern (daher auch Zeigerpflanze)<\/p>\n<h4><br>Heilwirkung<\/h4>\n<p>antidiabetisch, antioxidativ, entz\u00fcndungshemmend, harntreibend, herzsch\u00fctzend, knochenst\u00e4rkend und schmerzlindernd<\/p>\n<h4><br>Anwendung<\/h4>\n<p>als Tee, Bad, Teilbad, Umschlag oder zum R\u00e4uchern (siehe unten)<br>Einsatzgebiete: v.a. Harnwegsinfekte, Wassereinlagerungen, Osteoporose, Wunden<\/p>\n<h4><br>Inhaltsstoffe<\/h4>\n<p>u.a. Kieselerde (Kiesels\u00e4ure), Saponine und Flavonoide<\/p>\n<h4>Was macht den Ackerschachtelhalm aus?<\/h4>\n<p>Beim Ackerschachtelhalm (Equisetum arvense) handelt es sich um eine Pflanze aus der Klasse der Schachtelhalme. Sie ist nicht nur als Unkraut bekannt, sondern hat sich auch als Arzneipflanze einen Namen gemacht.<\/p>\n<h2><a href=\"https:\/\/bien-etreiris.ch\/de\/produktpraesentation\/gesundes-leben\/nahrungsergaenzungsmittel\/pflanzenheilkunde-gleichgewicht-durch-heilpflanzen\/kapseln-und-pulver-auf-pflanzlicher-basis\/ackerschachtelhalm\/\" target=\"_blank\" rel=\"noopener\"><span style=\"color: #ff9900;\"><em>Mit einem kick geht es hier direkt zum Ackerschachtel-Pulver<\/em><\/span><\/a><\/h2>\n<hr>\n<h2><a href=\"https:\/\/bien-etreiris.ch\/de\/ratgeber-klarheit-beratung\/natuerliche-heilmittel\/pflanzenheilkunde\/heilpflanzen\/schachtelhalm\/\" target=\"_blank\" rel=\"noopener\"><em><span style=\"color: #ff9900;\">Wenn Sie noch mehr erfahren wollen von dieser Heilpflanze dann klicken Sie hier<\/span><\/em><\/a><\/h2>\n<p>&nbsp;<\/p>\n\n\n\n<h2><span style=\"color: #800000;\"><strong>Schachtelhalm zum R\u00e4uchern<\/strong><\/span><\/h2>\n<p>Die R\u00e4ucherung mit Schachtelhalmkraut zielt ganz auf die Kraft, die Ausdauer und die Disziplin ab. Auch das sexuelle Verlangen soll mit Schachtelhalm gesteigert werden, vor allem dann, wenn eine Partnerschaft droht, einzuschlafen. Auch die m\u00e4nnliche Potenz soll verbessert werden, ebenso wird auf sinnlicher Ebene Lust erzeugt. Daher sind Liebesr\u00e4ucherungen mit Schachtelhalmkraut besonders beliebt. Die R\u00e4ucherung erhellt das Innenleben und macht es erkennbar. So soll man besser einsch\u00e4tzen k\u00f6nnen, ob man die Dinge, die man derzeit tut, wirklich so fortf\u00fchren will. So k\u00f6nnen wir unser Innenleben analysieren, neu ordnen, neu ausrichten. Wenn Wichtiges vernachl\u00e4ssigt worden ist, setzen wir es neu auf unsere Agenda. Wir f\u00fchlen uns mental gest\u00e4rkt und f\u00fchren wichtige Dinge zu Ende, die wir unterbrochen haben. Auch von einer entlastenden Wirkung auf den Geist wird berichtet \u2013 so k\u00f6nnen wir frischen Mutes neu durchstarten. Die R\u00e4ucherung mit Schachtelhalm hat eine beruhigende, kl\u00e4rende Wirkung, die in stressigen und unruhigen Situationen hilft.<\/p>\n<p>Das Schachtelhalmkraut kann man gut kombinieren mit Brennesselsamen, Goldmohn, Damiana, Rosmarin, Rotklee, L\u00f6wenzahn und Salbei.<\/p>\n<p>Duft: erdig, waldig<\/p>\n<p>Andere Namen: Zinnkraut, Ackerschachtelhalm, Zinngras, Katzenhelm, Katzenschwanz, Chatzaschwanz, Katzenstiel u.v.m.&nbsp;<\/p>\n<p>Pflanzenklasse: Equisetopsida (innerhalb der Farne)<\/p>\n","protected":false},"excerpt":{"rendered":"<p>Ackerschachtelhalm &nbsp; &nbsp; Ackerschachtelhalm Tee wirkt nicht nur entschlackend sondern f\u00f6rdert Haar- und Nagelwachstum und vieles mehr! Ackerschachtelhalm geschnittenes Kraut PhEur BIO lose&nbsp;&nbsp; 10 g CHF &nbsp; 0.50 lose 400 g CHF 18.00 &nbsp; &nbsp; &nbsp; &nbsp; &nbsp; Steckbrief Das kleine Einmaleins von Equisetum arvense Ackerschachtelhalm bis zu 50 cm hoher St\u00e4ngel mit sternf\u00f6rmigen Seitentrieben, h\u00e4ufig auf nassem Boden oder&nbsp;<a href=\"https:\/\/bien-etreiris.ch\/de\/produktpraesentation\/gesundes-leben\/nahrungsergaenzungsmittel\/pflanzenheilkunde-gleichgewicht-durch-heilpflanzen\/kraeuter-und-pflanzen\/ackerschachtelhalm\/\" class=\"read-more\">Weiter lesen<\/a><\/p>\n","protected":false},"author":1,"featured_media":59682,"parent":30677,"menu_order":4499,"comment_status":"closed","ping_status":"closed","template":"page-with-child.php","meta":{"_acf_changed":false,"ngg_post_thumbnail":0,"footnotes":""},"class_list":["post-59687","page","type-page","status-publish","has-post-thumbnail","hentry"],"acf":[],"yoast_head":"<!-- This site is optimized with the Yoast SEO plugin v27.6 - https:\/\/yoast.com\/product\/yoast-seo-wordpress\/ -->\n<title>ACKERSCHACHTELHALM - WOHLBEFINDEN<\/title>\n<meta name=\"robots\" content=\"index, follow, max-snippet:-1, max-image-preview:large, max-video-preview:-1\" \/>\n<link rel=\"canonical\" href=\"https:\/\/bien-etreiris.ch\/de\/produktpraesentation\/gesundes-leben\/nahrungsergaenzungsmittel\/pflanzenheilkunde-gleichgewicht-durch-heilpflanzen\/kraeuter-und-pflanzen\/ackerschachtelhalm\/\" \/>\n<meta property=\"og:locale\" content=\"de_DE\" \/>\n<meta property=\"og:type\" content=\"article\" \/>\n<meta property=\"og:title\" content=\"ACKERSCHACHTELHALM - WOHLBEFINDEN\" \/>\n<meta property=\"og:description\" content=\"Ackerschachtelhalm &nbsp; &nbsp; Ackerschachtelhalm Tee wirkt nicht nur entschlackend sondern f\u00f6rdert Haar- und Nagelwachstum und vieles mehr! Ackerschachtelhalm geschnittenes Kraut PhEur BIO lose&nbsp;&nbsp; 10 g CHF &nbsp; 0.50 lose 400 g CHF 18.00 &nbsp; &nbsp; &nbsp; &nbsp; &nbsp; Steckbrief Das kleine Einmaleins von Equisetum arvense Ackerschachtelhalm bis zu 50 cm hoher St\u00e4ngel mit sternf\u00f6rmigen Seitentrieben, h\u00e4ufig auf nassem Boden oder&nbsp;Weiter lesen\" \/>\n<meta property=\"og:url\" content=\"https:\/\/bien-etreiris.ch\/de\/produktpraesentation\/gesundes-leben\/nahrungsergaenzungsmittel\/pflanzenheilkunde-gleichgewicht-durch-heilpflanzen\/kraeuter-und-pflanzen\/ackerschachtelhalm\/\" \/>\n<meta property=\"og:site_name\" content=\"WOHLBEFINDEN\" \/>\n<meta property=\"article:publisher\" content=\"https:\/\/www.facebook.com\/bienetreiris\/\" \/>\n<meta property=\"article:modified_time\" content=\"2023-02-16T08:08:31+00:00\" \/>\n<meta property=\"og:image\" content=\"https:\/\/bien-etreiris.ch\/wp-content\/uploads\/2022\/09\/acceuil-pret-de-champs.png\" \/>\n\t<meta property=\"og:image:width\" content=\"500\" \/>\n\t<meta property=\"og:image:height\" content=\"310\" \/>\n\t<meta property=\"og:image:type\" content=\"image\/png\" \/>\n<meta name=\"twitter:label1\" content=\"Gesch\u00e4tzte Lesezeit\" \/>\n\t<meta name=\"twitter:data1\" content=\"3\u00a0Minuten\" \/>\n<script type=\"application\/ld+json\" class=\"yoast-schema-graph\">{\"@context\":\"https:\\\/\\\/schema.org\",\"@graph\":[{\"@type\":\"WebPage\",\"@id\":\"https:\\\/\\\/bien-etreiris.ch\\\/de\\\/produktpraesentation\\\/gesundes-leben\\\/nahrungsergaenzungsmittel\\\/pflanzenheilkunde-gleichgewicht-durch-heilpflanzen\\\/kraeuter-und-pflanzen\\\/ackerschachtelhalm\\\/\",\"url\":\"https:\\\/\\\/bien-etreiris.ch\\\/de\\\/produktpraesentation\\\/gesundes-leben\\\/nahrungsergaenzungsmittel\\\/pflanzenheilkunde-gleichgewicht-durch-heilpflanzen\\\/kraeuter-und-pflanzen\\\/ackerschachtelhalm\\\/\",\"name\":\"ACKERSCHACHTELHALM - WOHLBEFINDEN\",\"isPartOf\":{\"@id\":\"https:\\\/\\\/bien-etreiris.ch\\\/de\\\/#website\"},\"primaryImageOfPage\":{\"@id\":\"https:\\\/\\\/bien-etreiris.ch\\\/de\\\/produktpraesentation\\\/gesundes-leben\\\/nahrungsergaenzungsmittel\\\/pflanzenheilkunde-gleichgewicht-durch-heilpflanzen\\\/kraeuter-und-pflanzen\\\/ackerschachtelhalm\\\/#primaryimage\"},\"image\":{\"@id\":\"https:\\\/\\\/bien-etreiris.ch\\\/de\\\/produktpraesentation\\\/gesundes-leben\\\/nahrungsergaenzungsmittel\\\/pflanzenheilkunde-gleichgewicht-durch-heilpflanzen\\\/kraeuter-und-pflanzen\\\/ackerschachtelhalm\\\/#primaryimage\"},\"thumbnailUrl\":\"https:\\\/\\\/bien-etreiris.ch\\\/wp-content\\\/uploads\\\/2022\\\/09\\\/acceuil-pret-de-champs.png\",\"datePublished\":\"2022-09-12T19:29:14+00:00\",\"dateModified\":\"2023-02-16T08:08:31+00:00\",\"breadcrumb\":{\"@id\":\"https:\\\/\\\/bien-etreiris.ch\\\/de\\\/produktpraesentation\\\/gesundes-leben\\\/nahrungsergaenzungsmittel\\\/pflanzenheilkunde-gleichgewicht-durch-heilpflanzen\\\/kraeuter-und-pflanzen\\\/ackerschachtelhalm\\\/#breadcrumb\"},\"inLanguage\":\"de\",\"potentialAction\":[{\"@type\":\"ReadAction\",\"target\":[\"https:\\\/\\\/bien-etreiris.ch\\\/de\\\/produktpraesentation\\\/gesundes-leben\\\/nahrungsergaenzungsmittel\\\/pflanzenheilkunde-gleichgewicht-durch-heilpflanzen\\\/kraeuter-und-pflanzen\\\/ackerschachtelhalm\\\/\"]}]},{\"@type\":\"ImageObject\",\"inLanguage\":\"de\",\"@id\":\"https:\\\/\\\/bien-etreiris.ch\\\/de\\\/produktpraesentation\\\/gesundes-leben\\\/nahrungsergaenzungsmittel\\\/pflanzenheilkunde-gleichgewicht-durch-heilpflanzen\\\/kraeuter-und-pflanzen\\\/ackerschachtelhalm\\\/#primaryimage\",\"url\":\"https:\\\/\\\/bien-etreiris.ch\\\/wp-content\\\/uploads\\\/2022\\\/09\\\/acceuil-pret-de-champs.png\",\"contentUrl\":\"https:\\\/\\\/bien-etreiris.ch\\\/wp-content\\\/uploads\\\/2022\\\/09\\\/acceuil-pret-de-champs.png\",\"width\":500,\"height\":310},{\"@type\":\"BreadcrumbList\",\"@id\":\"https:\\\/\\\/bien-etreiris.ch\\\/de\\\/produktpraesentation\\\/gesundes-leben\\\/nahrungsergaenzungsmittel\\\/pflanzenheilkunde-gleichgewicht-durch-heilpflanzen\\\/kraeuter-und-pflanzen\\\/ackerschachtelhalm\\\/#breadcrumb\",\"itemListElement\":[{\"@type\":\"ListItem\",\"position\":1,\"name\":\"Home\",\"item\":\"https:\\\/\\\/bien-etreiris.ch\\\/de\\\/\"},{\"@type\":\"ListItem\",\"position\":2,\"name\":\"PRODUKTPR\u00c4SENTATION\",\"item\":\"https:\\\/\\\/bien-etreiris.ch\\\/de\\\/produktpraesentation\\\/\"},{\"@type\":\"ListItem\",\"position\":3,\"name\":\"GESUNDES LEBEN\",\"item\":\"https:\\\/\\\/bien-etreiris.ch\\\/de\\\/produktpraesentation\\\/gesundes-leben\\\/\"},{\"@type\":\"ListItem\",\"position\":4,\"name\":\"NAHRUNGSERG\u00c4NZUNG\",\"item\":\"https:\\\/\\\/bien-etreiris.ch\\\/de\\\/produktpraesentation\\\/gesundes-leben\\\/nahrungsergaenzungsmittel\\\/\"},{\"@type\":\"ListItem\",\"position\":5,\"name\":\"PFLANZENHEILKUNDE\",\"item\":\"https:\\\/\\\/bien-etreiris.ch\\\/de\\\/produktpraesentation\\\/gesundes-leben\\\/nahrungsergaenzungsmittel\\\/pflanzenheilkunde-gleichgewicht-durch-heilpflanzen\\\/\"},{\"@type\":\"ListItem\",\"position\":6,\"name\":\"KR\u00c4UTER &#038; PFLANZEN\",\"item\":\"https:\\\/\\\/bien-etreiris.ch\\\/de\\\/produktpraesentation\\\/gesundes-leben\\\/nahrungsergaenzungsmittel\\\/pflanzenheilkunde-gleichgewicht-durch-heilpflanzen\\\/kraeuter-und-pflanzen\\\/\"},{\"@type\":\"ListItem\",\"position\":7,\"name\":\"ACKERSCHACHTELHALM\"}]},{\"@type\":\"WebSite\",\"@id\":\"https:\\\/\\\/bien-etreiris.ch\\\/de\\\/#website\",\"url\":\"https:\\\/\\\/bien-etreiris.ch\\\/de\\\/\",\"name\":\"Bien-\u00eatre Iris\",\"description\":\"IHRE Gesundheit ist uns wichtig\",\"potentialAction\":[{\"@type\":\"SearchAction\",\"target\":{\"@type\":\"EntryPoint\",\"urlTemplate\":\"https:\\\/\\\/bien-etreiris.ch\\\/de\\\/?s={search_term_string}\"},\"query-input\":{\"@type\":\"PropertyValueSpecification\",\"valueRequired\":true,\"valueName\":\"search_term_string\"}}],\"inLanguage\":\"de\"}]}<\/script>\n<!-- \/ Yoast SEO plugin. -->","yoast_head_json":{"title":"ACKERSCHACHTELHALM - WOHLBEFINDEN","robots":{"index":"index","follow":"follow","max-snippet":"max-snippet:-1","max-image-preview":"max-image-preview:large","max-video-preview":"max-video-preview:-1"},"canonical":"https:\/\/bien-etreiris.ch\/de\/produktpraesentation\/gesundes-leben\/nahrungsergaenzungsmittel\/pflanzenheilkunde-gleichgewicht-durch-heilpflanzen\/kraeuter-und-pflanzen\/ackerschachtelhalm\/","og_locale":"de_DE","og_type":"article","og_title":"ACKERSCHACHTELHALM - WOHLBEFINDEN","og_description":"Ackerschachtelhalm &nbsp; &nbsp; Ackerschachtelhalm Tee wirkt nicht nur entschlackend sondern f\u00f6rdert Haar- und Nagelwachstum und vieles mehr! Ackerschachtelhalm geschnittenes Kraut PhEur BIO lose&nbsp;&nbsp; 10 g CHF &nbsp; 0.50 lose 400 g CHF 18.00 &nbsp; &nbsp; &nbsp; &nbsp; &nbsp; Steckbrief Das kleine Einmaleins von Equisetum arvense Ackerschachtelhalm bis zu 50 cm hoher St\u00e4ngel mit sternf\u00f6rmigen Seitentrieben, h\u00e4ufig auf nassem Boden oder&nbsp;Weiter lesen","og_url":"https:\/\/bien-etreiris.ch\/de\/produktpraesentation\/gesundes-leben\/nahrungsergaenzungsmittel\/pflanzenheilkunde-gleichgewicht-durch-heilpflanzen\/kraeuter-und-pflanzen\/ackerschachtelhalm\/","og_site_name":"WOHLBEFINDEN","article_publisher":"https:\/\/www.facebook.com\/bienetreiris\/","article_modified_time":"2023-02-16T08:08:31+00:00","og_image":[{"width":500,"height":310,"url":"https:\/\/bien-etreiris.ch\/wp-content\/uploads\/2022\/09\/acceuil-pret-de-champs.png","type":"image\/png"}],"twitter_misc":{"Gesch\u00e4tzte Lesezeit":"3\u00a0Minuten"},"schema":{"@context":"https:\/\/schema.org","@graph":[{"@type":"WebPage","@id":"https:\/\/bien-etreiris.ch\/de\/produktpraesentation\/gesundes-leben\/nahrungsergaenzungsmittel\/pflanzenheilkunde-gleichgewicht-durch-heilpflanzen\/kraeuter-und-pflanzen\/ackerschachtelhalm\/","url":"https:\/\/bien-etreiris.ch\/de\/produktpraesentation\/gesundes-leben\/nahrungsergaenzungsmittel\/pflanzenheilkunde-gleichgewicht-durch-heilpflanzen\/kraeuter-und-pflanzen\/ackerschachtelhalm\/","name":"ACKERSCHACHTELHALM - WOHLBEFINDEN","isPartOf":{"@id":"https:\/\/bien-etreiris.ch\/de\/#website"},"primaryImageOfPage":{"@id":"https:\/\/bien-etreiris.ch\/de\/produktpraesentation\/gesundes-leben\/nahrungsergaenzungsmittel\/pflanzenheilkunde-gleichgewicht-durch-heilpflanzen\/kraeuter-und-pflanzen\/ackerschachtelhalm\/#primaryimage"},"image":{"@id":"https:\/\/bien-etreiris.ch\/de\/produktpraesentation\/gesundes-leben\/nahrungsergaenzungsmittel\/pflanzenheilkunde-gleichgewicht-durch-heilpflanzen\/kraeuter-und-pflanzen\/ackerschachtelhalm\/#primaryimage"},"thumbnailUrl":"https:\/\/bien-etreiris.ch\/wp-content\/uploads\/2022\/09\/acceuil-pret-de-champs.png","datePublished":"2022-09-12T19:29:14+00:00","dateModified":"2023-02-16T08:08:31+00:00","breadcrumb":{"@id":"https:\/\/bien-etreiris.ch\/de\/produktpraesentation\/gesundes-leben\/nahrungsergaenzungsmittel\/pflanzenheilkunde-gleichgewicht-durch-heilpflanzen\/kraeuter-und-pflanzen\/ackerschachtelhalm\/#breadcrumb"},"inLanguage":"de","potentialAction":[{"@type":"ReadAction","target":["https:\/\/bien-etreiris.ch\/de\/produktpraesentation\/gesundes-leben\/nahrungsergaenzungsmittel\/pflanzenheilkunde-gleichgewicht-durch-heilpflanzen\/kraeuter-und-pflanzen\/ackerschachtelhalm\/"]}]},{"@type":"ImageObject","inLanguage":"de","@id":"https:\/\/bien-etreiris.ch\/de\/produktpraesentation\/gesundes-leben\/nahrungsergaenzungsmittel\/pflanzenheilkunde-gleichgewicht-durch-heilpflanzen\/kraeuter-und-pflanzen\/ackerschachtelhalm\/#primaryimage","url":"https:\/\/bien-etreiris.ch\/wp-content\/uploads\/2022\/09\/acceuil-pret-de-champs.png","contentUrl":"https:\/\/bien-etreiris.ch\/wp-content\/uploads\/2022\/09\/acceuil-pret-de-champs.png","width":500,"height":310},{"@type":"BreadcrumbList","@id":"https:\/\/bien-etreiris.ch\/de\/produktpraesentation\/gesundes-leben\/nahrungsergaenzungsmittel\/pflanzenheilkunde-gleichgewicht-durch-heilpflanzen\/kraeuter-und-pflanzen\/ackerschachtelhalm\/#breadcrumb","itemListElement":[{"@type":"ListItem","position":1,"name":"Home","item":"https:\/\/bien-etreiris.ch\/de\/"},{"@type":"ListItem","position":2,"name":"PRODUKTPR\u00c4SENTATION","item":"https:\/\/bien-etreiris.ch\/de\/produktpraesentation\/"},{"@type":"ListItem","position":3,"name":"GESUNDES LEBEN","item":"https:\/\/bien-etreiris.ch\/de\/produktpraesentation\/gesundes-leben\/"},{"@type":"ListItem","position":4,"name":"NAHRUNGSERG\u00c4NZUNG","item":"https:\/\/bien-etreiris.ch\/de\/produktpraesentation\/gesundes-leben\/nahrungsergaenzungsmittel\/"},{"@type":"ListItem","position":5,"name":"PFLANZENHEILKUNDE","item":"https:\/\/bien-etreiris.ch\/de\/produktpraesentation\/gesundes-leben\/nahrungsergaenzungsmittel\/pflanzenheilkunde-gleichgewicht-durch-heilpflanzen\/"},{"@type":"ListItem","position":6,"name":"KR\u00c4UTER &#038; PFLANZEN","item":"https:\/\/bien-etreiris.ch\/de\/produktpraesentation\/gesundes-leben\/nahrungsergaenzungsmittel\/pflanzenheilkunde-gleichgewicht-durch-heilpflanzen\/kraeuter-und-pflanzen\/"},{"@type":"ListItem","position":7,"name":"ACKERSCHACHTELHALM"}]},{"@type":"WebSite","@id":"https:\/\/bien-etreiris.ch\/de\/#website","url":"https:\/\/bien-etreiris.ch\/de\/","name":"Bien-\u00eatre Iris","description":"IHRE Gesundheit ist uns wichtig","potentialAction":[{"@type":"SearchAction","target":{"@type":"EntryPoint","urlTemplate":"https:\/\/bien-etreiris.ch\/de\/?s={search_term_string}"},"query-input":{"@type":"PropertyValueSpecification","valueRequired":true,"valueName":"search_term_string"}}],"inLanguage":"de"}]}},"_links":{"self":[{"href":"https:\/\/bien-etreiris.ch\/de\/wp-json\/wp\/v2\/pages\/59687","targetHints":{"allow":["GET"]}}],"collection":[{"href":"https:\/\/bien-etreiris.ch\/de\/wp-json\/wp\/v2\/pages"}],"about":[{"href":"https:\/\/bien-etreiris.ch\/de\/wp-json\/wp\/v2\/types\/page"}],"author":[{"embeddable":true,"href":"https:\/\/bien-etreiris.ch\/de\/wp-json\/wp\/v2\/users\/1"}],"replies":[{"embeddable":true,"href":"https:\/\/bien-etreiris.ch\/de\/wp-json\/wp\/v2\/comments?post=59687"}],"version-history":[{"count":13,"href":"https:\/\/bien-etreiris.ch\/de\/wp-json\/wp\/v2\/pages\/59687\/revisions"}],"predecessor-version":[{"id":66785,"href":"https:\/\/bien-etreiris.ch\/de\/wp-json\/wp\/v2\/pages\/59687\/revisions\/66785"}],"up":[{"embeddable":true,"href":"https:\/\/bien-etreiris.ch\/de\/wp-json\/wp\/v2\/pages\/30677"}],"wp:featuredmedia":[{"embeddable":true,"href":"https:\/\/bien-etreiris.ch\/de\/wp-json\/wp\/v2\/media\/59682"}],"wp:attachment":[{"href":"https:\/\/bien-etreiris.ch\/de\/wp-json\/wp\/v2\/media?parent=59687"}],"curies":[{"name":"wp","href":"https:\/\/api.w.org\/{rel}","templated":true}]}}