{"id":59100,"date":"2022-09-04T08:51:23","date_gmt":"2022-09-04T06:51:23","guid":{"rendered":"https:\/\/bien-etreiris.ch\/ratgeber-klarheit-beratung\/lithotherapie\/"},"modified":"2023-10-09T17:50:44","modified_gmt":"2023-10-09T15:50:44","slug":"steinheilkunde","status":"publish","type":"page","link":"https:\/\/bien-etreiris.ch\/de\/ratgeber-klarheit-beratung\/natuerliche-heilmittel\/steinheilkunde\/","title":{"rendered":"STEINHEILKUNDE"},"content":{"rendered":"\n\n\n<p>Die Steinheilkunde ist eine <a href=\"https:\/\/de.wikipedia.org\/wiki\/Pseudowissenschaft\" target=\"_blank\" rel=\"noopener\"><span style=\"color: #99cc00;\">pseudowissenschaftliche<\/span><\/a> Praxis der <a href=\"https:\/\/de.wikipedia.org\/wiki\/Alternativmedizin\" target=\"_blank\" rel=\"noopener\"><span style=\"color: #99cc00;\">unkonventionellen Medizin<\/span><\/a>, die auf dem Glauben an die Macht bestimmter <a href=\"https:\/\/de.wikipedia.org\/wiki\/Kristall\" target=\"_blank\" rel=\"noopener\"><span style=\"color: #99cc00;\">Kristalle<\/span> (<\/a>Quarz, Amethyst, Citrin, Aquamarin, Rubin, T\u00fcrkis usw.) beruht, wenn sie mit dem Menschen in Ber\u00fchrung kommen oder sich in seiner N\u00e4he befinden. Die Bef\u00fcrworter glauben, dass Kristalle eine einzigartige <a href=\"https:\/\/de.wikipedia.org\/wiki\/Resonanz\" target=\"_blank\" rel=\"noopener\">\"<span style=\"color: #99cc00;\">Resonanz<\/span><\/a>\" oder \"<a href=\"https:\/\/de.wikipedia.org\/wiki\/Vibration\" target=\"_blank\" rel=\"noopener\"><span style=\"color: #99cc00;\">Schwingung<\/span><\/a>\" ausstrahlen, die Krankheiten heilen oder das psychische Wohlbefinden einer Person verbessern kann.<\/p>\n<p>&nbsp;<\/p>\n<h4>Seit alters her gibt es&nbsp;<\/h4>\n<p>bestimmte Mineralien. Halbedelsteine und Edelsteine. mit denen die Menschen allm\u00e4hlich Traditionen, und das Wissen entwickelten. dass Steine nicht nur nat\u00fcrlich sch\u00f6n sind, sondern auch f\u00fcr Heilzwecke genutzt werden k\u00f6nnen. Seit der Zeit der einfachen V\u00f6lker. glaubten die Menschen. dass einige der Steine unterst\u00fctzend bei ihren physischen und psychischen Schwierigkeiten helfen, ihre Handlungen lenken, und Ihr Leben beeinflussen k\u00f6nnen. <br>W\u00e4hrend unsere Vorfahren (z.B. Hildegard von Bingen) so genannte Heilsteine zur Behandlung physischen und physischen, Erkrankungen nutzen, heilen heute nicht mehr nur die Heilsteine, sondern auch die moderne Medizin und Pharmazie den physischen K\u00f6rper, und auch den Geist. Wenn sich viele der Menschen nicht wohl f\u00fchlen, gehen Sie zum Arzt oder in die Apotheke, um Paracetamol zu besorgen. Sie wenden sich nicht mehr an die \u00abKraft der Heilsteine\u00bb\u00b7 an die Generationen von Menschen eins glaubten. wenn es um Anzeichen von Gesundheitsproblemen ging. Leider bleibt es vielerorts nur eine jahrtausendalte Tradition, die besagt. dass die nat\u00fcrliche Sch\u00f6nheit der Steine, der Mineralien und Kristalle. die Menschen in vielen Bereichen Ihres Lebens psychisch unterst\u00fctzen k\u00f6nnen. <br>Nutzen wir also erneut die wunderbare Kraft und Energie der Natur und Ihrer Edelsteine, als seelische Unterst\u00fctzung. Dabei spielt es keine Rolle, ob es sich um einen wundersch\u00f6nen geschliffenen Edelstein, gefertigt als edles Schmuckst\u00fcck, oder nur um einen kleinen, \u00abgrauen\u00bb Stein vom Strand im Urlaub handelt. Nehmen Sie den Stein einfach in Ihre Hand, sp\u00fcren Sie seine Sch\u00f6nheit, f\u00fchlen Sie die Freude, und befreien Sie ihren Geist von Sorgen und Stress, oder st\u00e4rken Sie sogar damit Ihr Selbstvertrauen vor einer wichtigen Pr\u00e4sentation vor vielen Menschen.<\/p>\n<p>&nbsp;<\/p>\n<p>&nbsp;<\/p>\n","protected":false},"excerpt":{"rendered":"<p>Die Steinheilkunde ist eine pseudowissenschaftliche Praxis der unkonventionellen Medizin, die auf dem Glauben an die Macht bestimmter Kristalle (Quarz, Amethyst, Citrin, Aquamarin, Rubin, T\u00fcrkis usw.) beruht, wenn sie mit dem Menschen in Ber\u00fchrung kommen oder sich in seiner N\u00e4he befinden. Die Bef\u00fcrworter glauben, dass Kristalle eine einzigartige \"Resonanz\" oder \"Schwingung\" ausstrahlen, die Krankheiten heilen oder das psychische Wohlbefinden einer Person&nbsp;<a href=\"https:\/\/bien-etreiris.ch\/de\/ratgeber-klarheit-beratung\/natuerliche-heilmittel\/steinheilkunde\/\" class=\"read-more\">Weiter lesen<\/a><\/p>\n","protected":false},"author":1,"featured_media":58914,"parent":62337,"menu_order":4599,"comment_status":"closed","ping_status":"closed","template":"page-with-child.php","meta":{"_acf_changed":false,"ngg_post_thumbnail":0,"footnotes":""},"class_list":["post-59100","page","type-page","status-publish","has-post-thumbnail","hentry"],"acf":[],"yoast_head":"<!-- This site is optimized with the Yoast SEO plugin v27.5 - https:\/\/yoast.com\/product\/yoast-seo-wordpress\/ -->\n<title>STEINHEILKUNDE - WOHLBEFINDEN<\/title>\n<meta name=\"robots\" content=\"index, follow, max-snippet:-1, max-image-preview:large, max-video-preview:-1\" \/>\n<link rel=\"canonical\" href=\"https:\/\/bien-etreiris.ch\/de\/ratgeber-klarheit-beratung\/natuerliche-heilmittel\/steinheilkunde\/\" \/>\n<meta property=\"og:locale\" content=\"de_DE\" \/>\n<meta property=\"og:type\" content=\"article\" \/>\n<meta property=\"og:title\" content=\"STEINHEILKUNDE - WOHLBEFINDEN\" \/>\n<meta property=\"og:description\" content=\"Die Steinheilkunde ist eine pseudowissenschaftliche Praxis der unkonventionellen Medizin, die auf dem Glauben an die Macht bestimmter Kristalle (Quarz, Amethyst, Citrin, Aquamarin, Rubin, T\u00fcrkis usw.) beruht, wenn sie mit dem Menschen in Ber\u00fchrung kommen oder sich in seiner N\u00e4he befinden. Die Bef\u00fcrworter glauben, dass Kristalle eine einzigartige &quot;Resonanz&quot; oder &quot;Schwingung&quot; ausstrahlen, die Krankheiten heilen oder das psychische Wohlbefinden einer Person&nbsp;Weiter lesen\" \/>\n<meta property=\"og:url\" content=\"https:\/\/bien-etreiris.ch\/de\/ratgeber-klarheit-beratung\/natuerliche-heilmittel\/steinheilkunde\/\" \/>\n<meta property=\"og:site_name\" content=\"WOHLBEFINDEN\" \/>\n<meta property=\"article:publisher\" content=\"https:\/\/www.facebook.com\/bienetreiris\/\" \/>\n<meta property=\"article:modified_time\" content=\"2023-10-09T15:50:44+00:00\" \/>\n<meta property=\"og:image\" content=\"https:\/\/bien-etreiris.ch\/wp-content\/uploads\/2022\/09\/acceuil-lithotherapie.jpg\" \/>\n\t<meta property=\"og:image:width\" content=\"500\" \/>\n\t<meta property=\"og:image:height\" content=\"286\" \/>\n\t<meta property=\"og:image:type\" content=\"image\/jpeg\" \/>\n<meta name=\"twitter:label1\" content=\"Gesch\u00e4tzte Lesezeit\" \/>\n\t<meta name=\"twitter:data1\" content=\"2\u00a0Minuten\" \/>\n<script type=\"application\/ld+json\" class=\"yoast-schema-graph\">{\"@context\":\"https:\\\/\\\/schema.org\",\"@graph\":[{\"@type\":\"WebPage\",\"@id\":\"https:\\\/\\\/bien-etreiris.ch\\\/de\\\/ratgeber-klarheit-beratung\\\/natuerliche-heilmittel\\\/steinheilkunde\\\/\",\"url\":\"https:\\\/\\\/bien-etreiris.ch\\\/de\\\/ratgeber-klarheit-beratung\\\/natuerliche-heilmittel\\\/steinheilkunde\\\/\",\"name\":\"STEINHEILKUNDE - WOHLBEFINDEN\",\"isPartOf\":{\"@id\":\"https:\\\/\\\/bien-etreiris.ch\\\/de\\\/#website\"},\"primaryImageOfPage\":{\"@id\":\"https:\\\/\\\/bien-etreiris.ch\\\/de\\\/ratgeber-klarheit-beratung\\\/natuerliche-heilmittel\\\/steinheilkunde\\\/#primaryimage\"},\"image\":{\"@id\":\"https:\\\/\\\/bien-etreiris.ch\\\/de\\\/ratgeber-klarheit-beratung\\\/natuerliche-heilmittel\\\/steinheilkunde\\\/#primaryimage\"},\"thumbnailUrl\":\"https:\\\/\\\/bien-etreiris.ch\\\/wp-content\\\/uploads\\\/2022\\\/09\\\/acceuil-lithotherapie.jpg\",\"datePublished\":\"2022-09-04T06:51:23+00:00\",\"dateModified\":\"2023-10-09T15:50:44+00:00\",\"breadcrumb\":{\"@id\":\"https:\\\/\\\/bien-etreiris.ch\\\/de\\\/ratgeber-klarheit-beratung\\\/natuerliche-heilmittel\\\/steinheilkunde\\\/#breadcrumb\"},\"inLanguage\":\"de\",\"potentialAction\":[{\"@type\":\"ReadAction\",\"target\":[\"https:\\\/\\\/bien-etreiris.ch\\\/de\\\/ratgeber-klarheit-beratung\\\/natuerliche-heilmittel\\\/steinheilkunde\\\/\"]}]},{\"@type\":\"ImageObject\",\"inLanguage\":\"de\",\"@id\":\"https:\\\/\\\/bien-etreiris.ch\\\/de\\\/ratgeber-klarheit-beratung\\\/natuerliche-heilmittel\\\/steinheilkunde\\\/#primaryimage\",\"url\":\"https:\\\/\\\/bien-etreiris.ch\\\/wp-content\\\/uploads\\\/2022\\\/09\\\/acceuil-lithotherapie.jpg\",\"contentUrl\":\"https:\\\/\\\/bien-etreiris.ch\\\/wp-content\\\/uploads\\\/2022\\\/09\\\/acceuil-lithotherapie.jpg\",\"width\":500,\"height\":286},{\"@type\":\"BreadcrumbList\",\"@id\":\"https:\\\/\\\/bien-etreiris.ch\\\/de\\\/ratgeber-klarheit-beratung\\\/natuerliche-heilmittel\\\/steinheilkunde\\\/#breadcrumb\",\"itemListElement\":[{\"@type\":\"ListItem\",\"position\":1,\"name\":\"Home\",\"item\":\"https:\\\/\\\/bien-etreiris.ch\\\/de\\\/\"},{\"@type\":\"ListItem\",\"position\":2,\"name\":\"RATGEBER &#038; KLARHEIT\",\"item\":\"https:\\\/\\\/bien-etreiris.ch\\\/de\\\/ratgeber-klarheit-beratung\\\/\"},{\"@type\":\"ListItem\",\"position\":3,\"name\":\"NAT\u00dcRLICHE SUBSTANZEN\",\"item\":\"https:\\\/\\\/bien-etreiris.ch\\\/de\\\/ratgeber-klarheit-beratung\\\/natuerliche-heilmittel\\\/\"},{\"@type\":\"ListItem\",\"position\":4,\"name\":\"STEINHEILKUNDE\"}]},{\"@type\":\"WebSite\",\"@id\":\"https:\\\/\\\/bien-etreiris.ch\\\/de\\\/#website\",\"url\":\"https:\\\/\\\/bien-etreiris.ch\\\/de\\\/\",\"name\":\"Bien-\u00eatre Iris\",\"description\":\"IHRE Gesundheit ist uns wichtig\",\"potentialAction\":[{\"@type\":\"SearchAction\",\"target\":{\"@type\":\"EntryPoint\",\"urlTemplate\":\"https:\\\/\\\/bien-etreiris.ch\\\/de\\\/?s={search_term_string}\"},\"query-input\":{\"@type\":\"PropertyValueSpecification\",\"valueRequired\":true,\"valueName\":\"search_term_string\"}}],\"inLanguage\":\"de\"}]}<\/script>\n<!-- \/ Yoast SEO plugin. -->","yoast_head_json":{"title":"STEINHEILKUNDE - WOHLBEFINDEN","robots":{"index":"index","follow":"follow","max-snippet":"max-snippet:-1","max-image-preview":"max-image-preview:large","max-video-preview":"max-video-preview:-1"},"canonical":"https:\/\/bien-etreiris.ch\/de\/ratgeber-klarheit-beratung\/natuerliche-heilmittel\/steinheilkunde\/","og_locale":"de_DE","og_type":"article","og_title":"STEINHEILKUNDE - WOHLBEFINDEN","og_description":"Die Steinheilkunde ist eine pseudowissenschaftliche Praxis der unkonventionellen Medizin, die auf dem Glauben an die Macht bestimmter Kristalle (Quarz, Amethyst, Citrin, Aquamarin, Rubin, T\u00fcrkis usw.) beruht, wenn sie mit dem Menschen in Ber\u00fchrung kommen oder sich in seiner N\u00e4he befinden. Die Bef\u00fcrworter glauben, dass Kristalle eine einzigartige \"Resonanz\" oder \"Schwingung\" ausstrahlen, die Krankheiten heilen oder das psychische Wohlbefinden einer Person&nbsp;Weiter lesen","og_url":"https:\/\/bien-etreiris.ch\/de\/ratgeber-klarheit-beratung\/natuerliche-heilmittel\/steinheilkunde\/","og_site_name":"WOHLBEFINDEN","article_publisher":"https:\/\/www.facebook.com\/bienetreiris\/","article_modified_time":"2023-10-09T15:50:44+00:00","og_image":[{"width":500,"height":286,"url":"https:\/\/bien-etreiris.ch\/wp-content\/uploads\/2022\/09\/acceuil-lithotherapie.jpg","type":"image\/jpeg"}],"twitter_misc":{"Gesch\u00e4tzte Lesezeit":"2\u00a0Minuten"},"schema":{"@context":"https:\/\/schema.org","@graph":[{"@type":"WebPage","@id":"https:\/\/bien-etreiris.ch\/de\/ratgeber-klarheit-beratung\/natuerliche-heilmittel\/steinheilkunde\/","url":"https:\/\/bien-etreiris.ch\/de\/ratgeber-klarheit-beratung\/natuerliche-heilmittel\/steinheilkunde\/","name":"STEINHEILKUNDE - WOHLBEFINDEN","isPartOf":{"@id":"https:\/\/bien-etreiris.ch\/de\/#website"},"primaryImageOfPage":{"@id":"https:\/\/bien-etreiris.ch\/de\/ratgeber-klarheit-beratung\/natuerliche-heilmittel\/steinheilkunde\/#primaryimage"},"image":{"@id":"https:\/\/bien-etreiris.ch\/de\/ratgeber-klarheit-beratung\/natuerliche-heilmittel\/steinheilkunde\/#primaryimage"},"thumbnailUrl":"https:\/\/bien-etreiris.ch\/wp-content\/uploads\/2022\/09\/acceuil-lithotherapie.jpg","datePublished":"2022-09-04T06:51:23+00:00","dateModified":"2023-10-09T15:50:44+00:00","breadcrumb":{"@id":"https:\/\/bien-etreiris.ch\/de\/ratgeber-klarheit-beratung\/natuerliche-heilmittel\/steinheilkunde\/#breadcrumb"},"inLanguage":"de","potentialAction":[{"@type":"ReadAction","target":["https:\/\/bien-etreiris.ch\/de\/ratgeber-klarheit-beratung\/natuerliche-heilmittel\/steinheilkunde\/"]}]},{"@type":"ImageObject","inLanguage":"de","@id":"https:\/\/bien-etreiris.ch\/de\/ratgeber-klarheit-beratung\/natuerliche-heilmittel\/steinheilkunde\/#primaryimage","url":"https:\/\/bien-etreiris.ch\/wp-content\/uploads\/2022\/09\/acceuil-lithotherapie.jpg","contentUrl":"https:\/\/bien-etreiris.ch\/wp-content\/uploads\/2022\/09\/acceuil-lithotherapie.jpg","width":500,"height":286},{"@type":"BreadcrumbList","@id":"https:\/\/bien-etreiris.ch\/de\/ratgeber-klarheit-beratung\/natuerliche-heilmittel\/steinheilkunde\/#breadcrumb","itemListElement":[{"@type":"ListItem","position":1,"name":"Home","item":"https:\/\/bien-etreiris.ch\/de\/"},{"@type":"ListItem","position":2,"name":"RATGEBER &#038; KLARHEIT","item":"https:\/\/bien-etreiris.ch\/de\/ratgeber-klarheit-beratung\/"},{"@type":"ListItem","position":3,"name":"NAT\u00dcRLICHE SUBSTANZEN","item":"https:\/\/bien-etreiris.ch\/de\/ratgeber-klarheit-beratung\/natuerliche-heilmittel\/"},{"@type":"ListItem","position":4,"name":"STEINHEILKUNDE"}]},{"@type":"WebSite","@id":"https:\/\/bien-etreiris.ch\/de\/#website","url":"https:\/\/bien-etreiris.ch\/de\/","name":"Bien-\u00eatre Iris","description":"IHRE Gesundheit ist uns wichtig","potentialAction":[{"@type":"SearchAction","target":{"@type":"EntryPoint","urlTemplate":"https:\/\/bien-etreiris.ch\/de\/?s={search_term_string}"},"query-input":{"@type":"PropertyValueSpecification","valueRequired":true,"valueName":"search_term_string"}}],"inLanguage":"de"}]}},"_links":{"self":[{"href":"https:\/\/bien-etreiris.ch\/de\/wp-json\/wp\/v2\/pages\/59100","targetHints":{"allow":["GET"]}}],"collection":[{"href":"https:\/\/bien-etreiris.ch\/de\/wp-json\/wp\/v2\/pages"}],"about":[{"href":"https:\/\/bien-etreiris.ch\/de\/wp-json\/wp\/v2\/types\/page"}],"author":[{"embeddable":true,"href":"https:\/\/bien-etreiris.ch\/de\/wp-json\/wp\/v2\/users\/1"}],"replies":[{"embeddable":true,"href":"https:\/\/bien-etreiris.ch\/de\/wp-json\/wp\/v2\/comments?post=59100"}],"version-history":[{"count":10,"href":"https:\/\/bien-etreiris.ch\/de\/wp-json\/wp\/v2\/pages\/59100\/revisions"}],"predecessor-version":[{"id":76668,"href":"https:\/\/bien-etreiris.ch\/de\/wp-json\/wp\/v2\/pages\/59100\/revisions\/76668"}],"up":[{"embeddable":true,"href":"https:\/\/bien-etreiris.ch\/de\/wp-json\/wp\/v2\/pages\/62337"}],"wp:featuredmedia":[{"embeddable":true,"href":"https:\/\/bien-etreiris.ch\/de\/wp-json\/wp\/v2\/media\/58914"}],"wp:attachment":[{"href":"https:\/\/bien-etreiris.ch\/de\/wp-json\/wp\/v2\/media?parent=59100"}],"curies":[{"name":"wp","href":"https:\/\/api.w.org\/{rel}","templated":true}]}}