{"id":59036,"date":"2022-09-04T14:46:19","date_gmt":"2022-09-04T12:46:19","guid":{"rendered":"https:\/\/bien-etreiris.ch\/cryptomelane\/"},"modified":"2022-09-14T17:55:49","modified_gmt":"2022-09-14T15:55:49","slug":"kryptomelan","status":"publish","type":"page","link":"https:\/\/bien-etreiris.ch\/de\/ratgeber-klarheit-beratung\/natuerliche-heilmittel\/steinheilkunde\/kryptomelan\/","title":{"rendered":"KRYPTOMELAN"},"content":{"rendered":"\n\n\n<h2><br><a href=\"https:\/\/bien-etreiris.ch\/wp-content\/uploads\/2022\/09\/titel-2.png\"><img loading=\"lazy\" decoding=\"async\" class=\"size-medium wp-image-59020 alignleft\" src=\"https:\/\/bien-etreiris.ch\/wp-content\/uploads\/2022\/09\/titel-2-300x300.png\" alt=\"\" width=\"300\" height=\"300\" srcset=\"https:\/\/bien-etreiris.ch\/wp-content\/uploads\/2022\/09\/titel-2-300x300.png 300w, https:\/\/bien-etreiris.ch\/wp-content\/uploads\/2022\/09\/titel-2-150x150.png 150w, https:\/\/bien-etreiris.ch\/wp-content\/uploads\/2022\/09\/titel-2.png 380w\" sizes=\"auto, (max-width: 300px) 100vw, 300px\" \/><\/a><\/h2>\n<h2>&nbsp;<\/h2>\n<h2>&nbsp;<\/h2>\n<p>Kryptomelan<br>DER GEHEIMNISVOLLE PARTNERSTEIN<\/p>\n<p>&nbsp;<\/p>\n<p>&nbsp;<\/p>\n<p>&nbsp;<\/p>\n<p>&nbsp;<\/p>\n<p>&nbsp;<\/p>\n<h4><br><span style=\"color: #ccffff;\">Herkunft und Mineralogie<\/span><\/h4>\n<p><br>Kryptomelan ist ein relativ h\u00e4ufiges Mineral aus der Mineralklasse der Oxide und Hydroxide mit einem Kristallwassergehalt von bis zu 3,5 %. Kryptomelan ist oft in Form von kleinen Kristallen oder feinen Aggregaten in andere Mineralien eingebettet. Monomineralische Steine wie die oben abgebildeten findet man dagegen nur selten.<br>Kryptomelan bildet sich sekund\u00e4r als Zersetzungsprodukt in der Oxidationszone. Siderit aus manganhaltigen Lagerst\u00e4tten. Er kristallisiert im monoklinen Kristallsystem mit folgender chemischer Zusammensetzung.<br>K(Mn4+, Mn3+)8O16.<br>Das Mineral bildet selten subhedrale Kristalle, die bis zu 2 mm gro\u00df werden k\u00f6nnen,<br>sondern h\u00e4ufiger fein gemahlene K\u00f6rner oder traubenf\u00f6rmige oder faserige Kristalle, undurchsichtige Aggregate mit einem metallischen bis matten Glanz. Seine<br>Mohs-H\u00e4rte liegt zwischen 6 und 6,5; seine Dichte zwischen 4,17 und 4,41.<br>Kryptomelan kann stahlgrau bis bl\u00e4ulich-grau sein; mit br\u00e4unlich-schwarzer Strichfarbe. Es ist in Salzs\u00e4ure l\u00f6slich.<\/p>\n<h4><br><span style=\"color: #ccffff;\">Verwechslung<\/span><\/h4>\n<p><br>Es kann leicht mit Hollandit, Manganit und Psilomelan verwechselt werden und ist enger mit Coronadit, Ferrihollandit, Hollandit, Manjiroit und Strontiomelan verwandt.<\/p>\n<h4><br><span style=\"color: #ccffff;\">Testung<\/span><\/h4>\n<p><br>Obwohl Kryptomelan sehr h\u00e4ufig vorkommt, wurde er bisher nur in den USA in der Lithotherapie eingesetzt. Erst als er mit dem ihm \u00e4hnlichen Hollandit verwechselt wurde, wurde er getestet und zeigte schnell \u00fcberzeugende Wirkungen.<br>Die im Folgenden beschriebenen Wirkungen sind eine Zusammenfassung von etwa 12 Monaten Erfahrung. Kryptomelan wurde von \u00fcber 200 Personen - und von 3 Therapeuten auf sehr unterschiedliche Weise - angewendet. Dazu wurde Kryptomelan in mehreren Gruppen getestet.<br>zu zweit getestet. Die Tr\u00e4ger und die Therapeuten gingen davon aus, dass.<br>aber sie gingen davon aus, dass sie ein Hollandit verwenden w\u00fcrden.<br>Produkt verwenden w\u00fcrden. Die Bedingungen f\u00fcr einen doppelten Test waren also gegeben.<br>Die Bedingungen f\u00fcr einen Doppelblindversuch waren gegeben.<\/p>\n<h4><br><span style=\"color: #ccffff;\">Wirkung auf die Organe<\/span><\/h4>\n<p><br>Kryptomelan wirkt auf die Gef\u00e4\u00dfe des Gehirns, die Gelenke, die Hypophyse, die Leber,<br>Galle, Lymphknoten, Nerven, Schilddr\u00fcse, Zirbeldr\u00fcse.<\/p>\n<h4><br><span style=\"color: #ccffff;\">Wirkung auf den K\u00f6rper<\/span><\/h4>\n<ul style=\"list-style-type: disc;\">\n<li>Erleichtert das Einschlafen<\/li>\n<li>Verbessert den Tiefschlaf und den Erholungswert des Schlafs<\/li>\n<li>Verbessert die Koordination der beiden Gehirnh\u00e4lften<\/li>\n<\/ul>\n<p>&nbsp;<\/p>\n<h4><br><span style=\"color: #ccffff;\">Wirkung auf die Seele<\/span><\/h4>\n<p>Sekund\u00e4re Mineralien helfen dabei, schmerzhafte Pr\u00e4gungen und Erfahrungen aufzusp\u00fcren.<br>und sich neu zu orientieren.<\/p>\n<ul style=\"list-style-type: disc;\">\n<li>Kryptomelan hilft, Manipulationen und Fremdenergien zu erkennen<br>und sie abzuwehren<\/li>\n<li>Hilft, sich von der dominanten Mutter zu l\u00f6sen<\/li>\n<li>Beruhigt bei aggressivem Suchtverhalten<\/li>\n<li>Hilft, sich von spiritueller Besessenheit zu befreien und danach angstfrei zu leben<\/li>\n<li>Mildert sozial ausgrenzendes Verhalten<\/li>\n<li>Stabilisiert Stimmungsschwankungen bei emotional instabilen Personen Pers\u00f6nlichkeiten<\/li>\n<li>Verbessert unbestimmtes aggressives Verhalten im Allgemeinen<\/li>\n<li>Hilft, die Kontrolle \u00fcber sich selbst zu behalten, selbst bei heftigen Wutausbr\u00fcchen nicht die Kontrolle \u00fcber sich selbst zu verlieren<\/li>\n<li>Verbessert gest\u00f6rte zwischenmenschliche Beziehungen<\/li>\n<li>Wirkt gegen das chronische Gef\u00fchl der Leere nach seelischen Verletzungen<\/li>\n<\/ul>\n<p>&nbsp;<\/p>\n<h4><br><span style=\"color: #ccffff;\">Wirkung von Mangan Psychisch<\/span><\/h4>\n<p><br>Mangan steht f\u00fcr Lebendigkeit, Herzlichkeit, Hilfsbereitschaft, Offenheit,...<br>und Verst\u00e4ndnis, aber auch f\u00fcr Flexibilit\u00e4t und Vergebung.<br>Das dominante Mangan hat schnell eine psychische Wirkung.<br>Es hat vor allem in psychischen Extremsituationen eine psychische Wirkung.<br>Mangan-Typ: Die st\u00e4rkste Eigenschaft des Mangans ist Hilfsbereitschaft. ist Hilfsbereitschaft. Der Mangan-Typ hat ein starkes Bed\u00fcrfnis, anderen zu helfen. Der Mangan-Typ passt sich leicht anpasst sich leicht anpasst sich leicht an. In dieser Hilfsbereitschaft ist Mangan zwanghaft, mit dem Gef\u00fchl, es tun zu m\u00fcssen.<br>(Quelle: Jan Scholten: Hom\u00f6opathie der Minerale, 2005).<\/p>\n<h4><br><span style=\"color: #ccffff;\">K\u00f6rperlich<\/span><\/h4>\n<ul style=\"list-style-type: disc;\">\n<li>hat eine schmerzlindernde Wirkung<\/li>\n<li>st\u00e4rkt die nat\u00fcrlichen Abwehrkr\u00e4fte des K\u00f6rpers<\/li>\n<li>f\u00f6rdert den Fettstoffwechsel<\/li>\n<li>regt das Knochenwachstum an Wirkung von Kalium<\/li>\n<\/ul>\n<p>&nbsp;<\/p>\n<h4><span style=\"color: #ccffff;\">Psychisch<\/span><\/h4>\n<ul style=\"list-style-type: disc;\">\n<li>verbessert die Wahrnehmungsf\u00e4higkeit<\/li>\n<li>f\u00f6rdert die Intuition und das Selbstwertgef\u00fchl<\/li>\n<\/ul>\n<p>&nbsp;<\/p>\n<h4><span style=\"color: #ccffff;\">K\u00f6rperlich<\/span><\/h4>\n<ul style=\"list-style-type: disc;\">\n<li>beeinflusst den Stoffaustausch an den Zellmembranen<\/li>\n<li>verbessert die elektrische \u00dcbertragung von Nervenreizen<\/li>\n<li>f\u00f6rdert die Erregung und Kontraktion der Muskeln<\/li>\n<li>st\u00e4rkt den Herzmuskel<\/li>\n<li>reguliert den Blutdruck und die Nierenfunktion und damit das Gleichgewicht<\/li>\n<li>das Gleichgewicht des S\u00e4ure-Basen-Haushalts<\/li>\n<li>hat einen Einfluss auf den Knochenstoffwechsel<\/li>\n<li>h\u00e4lt den osmotischen Druck der Zellen aufrecht<\/li>\n<li>f\u00f6rdert die Darmperistaltik<\/li>\n<\/ul>\n<p>&nbsp;<\/p>\n<h4><span style=\"color: #ccffff;\">Anwendung<\/span><\/h4>\n<ul style=\"list-style-type: disc;\">\n<li>Auftragen oder Aufkleben auf die Stirn<\/li>\n<li>Auftragen auf die Nasenwurzel<\/li>\n<li>Einlegen in Wasser zum Trinken<\/li>\n<li>Einspeicheln in den Mund mit anschlie\u00dfender Anwendung<\/li>\n<li>Einnahme der alkoholischen Essenz der Kryptomelan<\/li>\n<li>Auflegen auf der H\u00f6he der Schilddr\u00fcse<\/li>\n<li>Anbringen oder Fixieren oberhalb der Thymusdr\u00fcse<\/li>\n<li>Tragen an der Innenseite des BH<\/li>\n<li>Auflegen oder Befestigen \u00fcber dem Solarplexus<\/li>\n<li>Auf den Hautbereich \u00fcber der Leber kleben oder fixieren<\/li>\n<li>Aufkleben auf den Bereich des Unterbauchs<\/li>\n<li>In der Hosentasche transportieren<\/li>\n<li>Mitf\u00fchren in der oberen Hemdtasche in der N\u00e4he des<\/li>\n<li>Auf die Haut \u00fcber der Muskulatur kleben<\/li>\n<li>Beim Schlafen neben oder unter das Kopfkissen legen<\/li>\n<li>Meditation oder Kontemplation mit oder auf dem Stein<\/li>\n<li>die Massage mit dem Trommelstein auf der Haut<\/li>\n<\/ul>\n<p>&nbsp;<\/p>\n\n\n\n<h2><a href=\"https:\/\/bien-etreiris.ch\/de\/produktpraesentation\/natuerliche-heilmittel\/heilsteine\/kryptomelan\/\" target=\"_blank\" rel=\"noopener\"><span style=\"color: #ff6600;\"><em>Klicken Sie hier, um die verschiedenen Darreichungsformen von Kryptomelan zu kaufen<\/em><\/span><\/a><\/h2>\n","protected":false},"excerpt":{"rendered":"<p>&nbsp; &nbsp; KryptomelanDER GEHEIMNISVOLLE PARTNERSTEIN &nbsp; &nbsp; &nbsp; &nbsp; &nbsp; Herkunft und Mineralogie Kryptomelan ist ein relativ h\u00e4ufiges Mineral aus der Mineralklasse der Oxide und Hydroxide mit einem Kristallwassergehalt von bis zu 3,5 %. Kryptomelan ist oft in Form von kleinen Kristallen oder feinen Aggregaten in andere Mineralien eingebettet. Monomineralische Steine wie die oben abgebildeten findet man dagegen nur selten.Kryptomelan&nbsp;<a href=\"https:\/\/bien-etreiris.ch\/de\/ratgeber-klarheit-beratung\/natuerliche-heilmittel\/steinheilkunde\/kryptomelan\/\" class=\"read-more\">Weiter lesen<\/a><\/p>\n","protected":false},"author":1,"featured_media":55728,"parent":59100,"menu_order":4520,"comment_status":"closed","ping_status":"closed","template":"page-with-child.php","meta":{"_acf_changed":false,"ngg_post_thumbnail":0,"footnotes":""},"class_list":["post-59036","page","type-page","status-publish","has-post-thumbnail","hentry"],"acf":[],"yoast_head":"<!-- This site is optimized with the Yoast SEO plugin v27.5 - https:\/\/yoast.com\/product\/yoast-seo-wordpress\/ -->\n<title>KRYPTOMELAN - WOHLBEFINDEN<\/title>\n<meta name=\"robots\" content=\"index, follow, max-snippet:-1, max-image-preview:large, max-video-preview:-1\" \/>\n<link rel=\"canonical\" href=\"https:\/\/bien-etreiris.ch\/de\/ratgeber-klarheit-beratung\/natuerliche-heilmittel\/steinheilkunde\/kryptomelan\/\" \/>\n<meta property=\"og:locale\" content=\"de_DE\" \/>\n<meta property=\"og:type\" content=\"article\" \/>\n<meta property=\"og:title\" content=\"KRYPTOMELAN - WOHLBEFINDEN\" \/>\n<meta property=\"og:description\" content=\"&nbsp; &nbsp; KryptomelanDER GEHEIMNISVOLLE PARTNERSTEIN &nbsp; &nbsp; &nbsp; &nbsp; &nbsp; Herkunft und Mineralogie Kryptomelan ist ein relativ h\u00e4ufiges Mineral aus der Mineralklasse der Oxide und Hydroxide mit einem Kristallwassergehalt von bis zu 3,5 %. Kryptomelan ist oft in Form von kleinen Kristallen oder feinen Aggregaten in andere Mineralien eingebettet. Monomineralische Steine wie die oben abgebildeten findet man dagegen nur selten.Kryptomelan&nbsp;Weiter lesen\" \/>\n<meta property=\"og:url\" content=\"https:\/\/bien-etreiris.ch\/de\/ratgeber-klarheit-beratung\/natuerliche-heilmittel\/steinheilkunde\/kryptomelan\/\" \/>\n<meta property=\"og:site_name\" content=\"WOHLBEFINDEN\" \/>\n<meta property=\"article:publisher\" content=\"https:\/\/www.facebook.com\/bienetreiris\/\" \/>\n<meta property=\"article:modified_time\" content=\"2022-09-14T15:55:49+00:00\" \/>\n<meta property=\"og:image\" content=\"https:\/\/bien-etreiris.ch\/wp-content\/uploads\/2022\/05\/Acceuil.jpg\" \/>\n\t<meta property=\"og:image:width\" content=\"500\" \/>\n\t<meta property=\"og:image:height\" content=\"332\" \/>\n\t<meta property=\"og:image:type\" content=\"image\/jpeg\" \/>\n<meta name=\"twitter:label1\" content=\"Gesch\u00e4tzte Lesezeit\" \/>\n\t<meta name=\"twitter:data1\" content=\"5\u00a0Minuten\" \/>\n<script type=\"application\/ld+json\" class=\"yoast-schema-graph\">{\"@context\":\"https:\\\/\\\/schema.org\",\"@graph\":[{\"@type\":\"WebPage\",\"@id\":\"https:\\\/\\\/bien-etreiris.ch\\\/de\\\/ratgeber-klarheit-beratung\\\/natuerliche-heilmittel\\\/steinheilkunde\\\/kryptomelan\\\/\",\"url\":\"https:\\\/\\\/bien-etreiris.ch\\\/de\\\/ratgeber-klarheit-beratung\\\/natuerliche-heilmittel\\\/steinheilkunde\\\/kryptomelan\\\/\",\"name\":\"KRYPTOMELAN - WOHLBEFINDEN\",\"isPartOf\":{\"@id\":\"https:\\\/\\\/bien-etreiris.ch\\\/de\\\/#website\"},\"primaryImageOfPage\":{\"@id\":\"https:\\\/\\\/bien-etreiris.ch\\\/de\\\/ratgeber-klarheit-beratung\\\/natuerliche-heilmittel\\\/steinheilkunde\\\/kryptomelan\\\/#primaryimage\"},\"image\":{\"@id\":\"https:\\\/\\\/bien-etreiris.ch\\\/de\\\/ratgeber-klarheit-beratung\\\/natuerliche-heilmittel\\\/steinheilkunde\\\/kryptomelan\\\/#primaryimage\"},\"thumbnailUrl\":\"https:\\\/\\\/bien-etreiris.ch\\\/wp-content\\\/uploads\\\/2022\\\/05\\\/Acceuil.jpg\",\"datePublished\":\"2022-09-04T12:46:19+00:00\",\"dateModified\":\"2022-09-14T15:55:49+00:00\",\"breadcrumb\":{\"@id\":\"https:\\\/\\\/bien-etreiris.ch\\\/de\\\/ratgeber-klarheit-beratung\\\/natuerliche-heilmittel\\\/steinheilkunde\\\/kryptomelan\\\/#breadcrumb\"},\"inLanguage\":\"de\",\"potentialAction\":[{\"@type\":\"ReadAction\",\"target\":[\"https:\\\/\\\/bien-etreiris.ch\\\/de\\\/ratgeber-klarheit-beratung\\\/natuerliche-heilmittel\\\/steinheilkunde\\\/kryptomelan\\\/\"]}]},{\"@type\":\"ImageObject\",\"inLanguage\":\"de\",\"@id\":\"https:\\\/\\\/bien-etreiris.ch\\\/de\\\/ratgeber-klarheit-beratung\\\/natuerliche-heilmittel\\\/steinheilkunde\\\/kryptomelan\\\/#primaryimage\",\"url\":\"https:\\\/\\\/bien-etreiris.ch\\\/wp-content\\\/uploads\\\/2022\\\/05\\\/Acceuil.jpg\",\"contentUrl\":\"https:\\\/\\\/bien-etreiris.ch\\\/wp-content\\\/uploads\\\/2022\\\/05\\\/Acceuil.jpg\",\"width\":500,\"height\":332},{\"@type\":\"BreadcrumbList\",\"@id\":\"https:\\\/\\\/bien-etreiris.ch\\\/de\\\/ratgeber-klarheit-beratung\\\/natuerliche-heilmittel\\\/steinheilkunde\\\/kryptomelan\\\/#breadcrumb\",\"itemListElement\":[{\"@type\":\"ListItem\",\"position\":1,\"name\":\"Home\",\"item\":\"https:\\\/\\\/bien-etreiris.ch\\\/de\\\/\"},{\"@type\":\"ListItem\",\"position\":2,\"name\":\"RATGEBER &#038; KLARHEIT\",\"item\":\"https:\\\/\\\/bien-etreiris.ch\\\/de\\\/ratgeber-klarheit-beratung\\\/\"},{\"@type\":\"ListItem\",\"position\":3,\"name\":\"NAT\u00dcRLICHE SUBSTANZEN\",\"item\":\"https:\\\/\\\/bien-etreiris.ch\\\/de\\\/ratgeber-klarheit-beratung\\\/natuerliche-heilmittel\\\/\"},{\"@type\":\"ListItem\",\"position\":4,\"name\":\"STEINHEILKUNDE\",\"item\":\"https:\\\/\\\/bien-etreiris.ch\\\/de\\\/ratgeber-klarheit-beratung\\\/natuerliche-heilmittel\\\/steinheilkunde\\\/\"},{\"@type\":\"ListItem\",\"position\":5,\"name\":\"KRYPTOMELAN\"}]},{\"@type\":\"WebSite\",\"@id\":\"https:\\\/\\\/bien-etreiris.ch\\\/de\\\/#website\",\"url\":\"https:\\\/\\\/bien-etreiris.ch\\\/de\\\/\",\"name\":\"Bien-\u00eatre Iris\",\"description\":\"IHRE Gesundheit ist uns wichtig\",\"potentialAction\":[{\"@type\":\"SearchAction\",\"target\":{\"@type\":\"EntryPoint\",\"urlTemplate\":\"https:\\\/\\\/bien-etreiris.ch\\\/de\\\/?s={search_term_string}\"},\"query-input\":{\"@type\":\"PropertyValueSpecification\",\"valueRequired\":true,\"valueName\":\"search_term_string\"}}],\"inLanguage\":\"de\"}]}<\/script>\n<!-- \/ Yoast SEO plugin. -->","yoast_head_json":{"title":"KRYPTOMELAN - WOHLBEFINDEN","robots":{"index":"index","follow":"follow","max-snippet":"max-snippet:-1","max-image-preview":"max-image-preview:large","max-video-preview":"max-video-preview:-1"},"canonical":"https:\/\/bien-etreiris.ch\/de\/ratgeber-klarheit-beratung\/natuerliche-heilmittel\/steinheilkunde\/kryptomelan\/","og_locale":"de_DE","og_type":"article","og_title":"KRYPTOMELAN - WOHLBEFINDEN","og_description":"&nbsp; &nbsp; KryptomelanDER GEHEIMNISVOLLE PARTNERSTEIN &nbsp; &nbsp; &nbsp; &nbsp; &nbsp; Herkunft und Mineralogie Kryptomelan ist ein relativ h\u00e4ufiges Mineral aus der Mineralklasse der Oxide und Hydroxide mit einem Kristallwassergehalt von bis zu 3,5 %. Kryptomelan ist oft in Form von kleinen Kristallen oder feinen Aggregaten in andere Mineralien eingebettet. Monomineralische Steine wie die oben abgebildeten findet man dagegen nur selten.Kryptomelan&nbsp;Weiter lesen","og_url":"https:\/\/bien-etreiris.ch\/de\/ratgeber-klarheit-beratung\/natuerliche-heilmittel\/steinheilkunde\/kryptomelan\/","og_site_name":"WOHLBEFINDEN","article_publisher":"https:\/\/www.facebook.com\/bienetreiris\/","article_modified_time":"2022-09-14T15:55:49+00:00","og_image":[{"width":500,"height":332,"url":"https:\/\/bien-etreiris.ch\/wp-content\/uploads\/2022\/05\/Acceuil.jpg","type":"image\/jpeg"}],"twitter_misc":{"Gesch\u00e4tzte Lesezeit":"5\u00a0Minuten"},"schema":{"@context":"https:\/\/schema.org","@graph":[{"@type":"WebPage","@id":"https:\/\/bien-etreiris.ch\/de\/ratgeber-klarheit-beratung\/natuerliche-heilmittel\/steinheilkunde\/kryptomelan\/","url":"https:\/\/bien-etreiris.ch\/de\/ratgeber-klarheit-beratung\/natuerliche-heilmittel\/steinheilkunde\/kryptomelan\/","name":"KRYPTOMELAN - WOHLBEFINDEN","isPartOf":{"@id":"https:\/\/bien-etreiris.ch\/de\/#website"},"primaryImageOfPage":{"@id":"https:\/\/bien-etreiris.ch\/de\/ratgeber-klarheit-beratung\/natuerliche-heilmittel\/steinheilkunde\/kryptomelan\/#primaryimage"},"image":{"@id":"https:\/\/bien-etreiris.ch\/de\/ratgeber-klarheit-beratung\/natuerliche-heilmittel\/steinheilkunde\/kryptomelan\/#primaryimage"},"thumbnailUrl":"https:\/\/bien-etreiris.ch\/wp-content\/uploads\/2022\/05\/Acceuil.jpg","datePublished":"2022-09-04T12:46:19+00:00","dateModified":"2022-09-14T15:55:49+00:00","breadcrumb":{"@id":"https:\/\/bien-etreiris.ch\/de\/ratgeber-klarheit-beratung\/natuerliche-heilmittel\/steinheilkunde\/kryptomelan\/#breadcrumb"},"inLanguage":"de","potentialAction":[{"@type":"ReadAction","target":["https:\/\/bien-etreiris.ch\/de\/ratgeber-klarheit-beratung\/natuerliche-heilmittel\/steinheilkunde\/kryptomelan\/"]}]},{"@type":"ImageObject","inLanguage":"de","@id":"https:\/\/bien-etreiris.ch\/de\/ratgeber-klarheit-beratung\/natuerliche-heilmittel\/steinheilkunde\/kryptomelan\/#primaryimage","url":"https:\/\/bien-etreiris.ch\/wp-content\/uploads\/2022\/05\/Acceuil.jpg","contentUrl":"https:\/\/bien-etreiris.ch\/wp-content\/uploads\/2022\/05\/Acceuil.jpg","width":500,"height":332},{"@type":"BreadcrumbList","@id":"https:\/\/bien-etreiris.ch\/de\/ratgeber-klarheit-beratung\/natuerliche-heilmittel\/steinheilkunde\/kryptomelan\/#breadcrumb","itemListElement":[{"@type":"ListItem","position":1,"name":"Home","item":"https:\/\/bien-etreiris.ch\/de\/"},{"@type":"ListItem","position":2,"name":"RATGEBER &#038; KLARHEIT","item":"https:\/\/bien-etreiris.ch\/de\/ratgeber-klarheit-beratung\/"},{"@type":"ListItem","position":3,"name":"NAT\u00dcRLICHE SUBSTANZEN","item":"https:\/\/bien-etreiris.ch\/de\/ratgeber-klarheit-beratung\/natuerliche-heilmittel\/"},{"@type":"ListItem","position":4,"name":"STEINHEILKUNDE","item":"https:\/\/bien-etreiris.ch\/de\/ratgeber-klarheit-beratung\/natuerliche-heilmittel\/steinheilkunde\/"},{"@type":"ListItem","position":5,"name":"KRYPTOMELAN"}]},{"@type":"WebSite","@id":"https:\/\/bien-etreiris.ch\/de\/#website","url":"https:\/\/bien-etreiris.ch\/de\/","name":"Bien-\u00eatre Iris","description":"IHRE Gesundheit ist uns wichtig","potentialAction":[{"@type":"SearchAction","target":{"@type":"EntryPoint","urlTemplate":"https:\/\/bien-etreiris.ch\/de\/?s={search_term_string}"},"query-input":{"@type":"PropertyValueSpecification","valueRequired":true,"valueName":"search_term_string"}}],"inLanguage":"de"}]}},"_links":{"self":[{"href":"https:\/\/bien-etreiris.ch\/de\/wp-json\/wp\/v2\/pages\/59036","targetHints":{"allow":["GET"]}}],"collection":[{"href":"https:\/\/bien-etreiris.ch\/de\/wp-json\/wp\/v2\/pages"}],"about":[{"href":"https:\/\/bien-etreiris.ch\/de\/wp-json\/wp\/v2\/types\/page"}],"author":[{"embeddable":true,"href":"https:\/\/bien-etreiris.ch\/de\/wp-json\/wp\/v2\/users\/1"}],"replies":[{"embeddable":true,"href":"https:\/\/bien-etreiris.ch\/de\/wp-json\/wp\/v2\/comments?post=59036"}],"version-history":[{"count":3,"href":"https:\/\/bien-etreiris.ch\/de\/wp-json\/wp\/v2\/pages\/59036\/revisions"}],"predecessor-version":[{"id":59876,"href":"https:\/\/bien-etreiris.ch\/de\/wp-json\/wp\/v2\/pages\/59036\/revisions\/59876"}],"up":[{"embeddable":true,"href":"https:\/\/bien-etreiris.ch\/de\/wp-json\/wp\/v2\/pages\/59100"}],"wp:featuredmedia":[{"embeddable":true,"href":"https:\/\/bien-etreiris.ch\/de\/wp-json\/wp\/v2\/media\/55728"}],"wp:attachment":[{"href":"https:\/\/bien-etreiris.ch\/de\/wp-json\/wp\/v2\/media?parent=59036"}],"curies":[{"name":"wp","href":"https:\/\/api.w.org\/{rel}","templated":true}]}}