{"id":58923,"date":"2022-09-04T09:22:46","date_gmt":"2022-09-04T07:22:46","guid":{"rendered":"https:\/\/bien-etreiris.ch\/produktpraesentation\/lesen-und-entdecken\/steinheilkunde\/tsesite\/"},"modified":"2022-09-04T17:08:21","modified_gmt":"2022-09-04T15:08:21","slug":"tsesite","status":"publish","type":"page","link":"https:\/\/bien-etreiris.ch\/de\/ratgeber-klarheit-beratung\/natuerliche-heilmittel\/steinheilkunde\/tsesite\/","title":{"rendered":"TSESITE"},"content":{"rendered":"\n<div>&nbsp;<\/div>\n<div><a href=\"https:\/\/bien-etreiris.ch\/wp-content\/uploads\/2022\/09\/Titre.png\"><img loading=\"lazy\" decoding=\"async\" class=\"wp-image-58947 size-medium alignleft\" src=\"https:\/\/bien-etreiris.ch\/wp-content\/uploads\/2022\/09\/Titre-300x300.png\" alt=\"TSESITE\" width=\"300\" height=\"300\" srcset=\"https:\/\/bien-etreiris.ch\/wp-content\/uploads\/2022\/09\/Titre-300x300.png 300w, https:\/\/bien-etreiris.ch\/wp-content\/uploads\/2022\/09\/Titre-150x150.png 150w, https:\/\/bien-etreiris.ch\/wp-content\/uploads\/2022\/09\/Titre.png 374w\" sizes=\"auto, (max-width: 300px) 100vw, 300px\" \/><\/a><\/div>\n<div>&nbsp;<\/div>\n<div>&nbsp;<\/div>\n<div>&nbsp;<\/div>\n<div>&nbsp;<\/div>\n<div>&nbsp;<\/div>\n<div>&nbsp;<\/div>\n<div>&nbsp;<\/div>\n<p>Ein grosses Dankesch\u00f6n an den Tsesit, ein Dankesch\u00f6n an die Natur, ein Dankesch\u00f6n an die San und ein grosses Dankesch\u00f6n an Hans Feiersinger f\u00fcr das Finden, Benennen und Importieren des Tsesite im Jahr 2010<\/p>\n<div>&nbsp;<\/div>\n<div>&nbsp;<\/div>\n<div>&nbsp;<\/div>\n<div>&nbsp;<\/div>\n<div>&nbsp;<\/div>\n<div>&nbsp;<\/div>\n<div>&nbsp;<\/div>\n<div>&nbsp;<\/div>\n<div>\n<h4>Mineralogie<\/h4>\n<p><br>Tsesit ist wahrscheinlich im Zusammenhang mit dem Gibbeon-Meteoriten entstanden, der vor 30.000 Jahren auf der Erde einschlug. Der Meteorit hat mit Sicherheit gro\u00dfe Markasitfelsen zersplittert und die St\u00fccke \u00fcber ein Gebiet von 200 bis 400 km in der W\u00fcste verstreut. Der Markasit durchlief eine langsame Umwandlung (Diagenese) in Goethit. Dies ist ein Mineral aus der Klasse der Oxide und Hydroxide (FeO(OH) x nH2O + Al + Ca). Die gl\u00e4nzende Schicht um den Goethitkern wird \"W\u00fcstenlack\" genannt und bildete sich im Laufe der Zeit durch Witterungseinfl\u00fcsse, wobei der Sand als Politur wirkte und ihm sein gl\u00e4nzendes Aussehen verlieh. Die W\u00fcstenlackschicht ist sehr d\u00fcnn und hat eine H\u00e4rte von 7,5-8 auf der Mohs-Skala, der Goethitkern hat eine H\u00e4rte von 5-5,5.<\/p>\n<h4><br>Tsesit ist weltweit einzigartig und kommt ausschlie\u00dflich im S\u00fcden Namibias vor, in der N\u00e4he des Dorfes Tses, das ihm seinen Namen gab.<\/h4>\n<p>&nbsp;<\/p>\n<p><a href=\"https:\/\/bien-etreiris.ch\/wp-content\/uploads\/2022\/09\/Zeichen.jpg\"><img loading=\"lazy\" decoding=\"async\" class=\"size-full wp-image-59014 alignleft\" src=\"https:\/\/bien-etreiris.ch\/wp-content\/uploads\/2022\/09\/Zeichen.jpg\" alt=\"\" width=\"40\" height=\"99\"><\/a>Im Handel findet man sogenannten marokkanischen Tsesit oder Sahara-Tsesit, der absolut nicht mit dem echten Tsesit vergleichbar ist! Das Gleiche gilt f\u00fcr Tsesit mit Einschl\u00fcssen von Quarz oder anderen Mineralien, die zu niedrigen Preisen angeboten werden.<\/p>\n<\/div>\n<div>&nbsp;<\/div>\n<div>\n<p>Harmonisiert die Energiefelder der Organe, beseitigt energetische Abf\u00e4lle, st\u00e4rkt den Solarplexus, verbindet sich in der Meditation mit der Erde, verst\u00e4rkt die Meditationstiefe, schlie\u00dft Energielecks in der Aura, entblockiert und beruhigt feurige Energien<\/p>\n<p>&nbsp;<\/p>\n<h4><br>M\u00f6gliche Nebenwirkungen<\/h4>\n<p><br>Es ist m\u00f6glich, dass die starken Energien von Tsesite in manchen F\u00e4llen den Tr\u00e4ger \u00fcberlasten k\u00f6nnen, deshalb ist es ratsam, es nur mit der Bereitschaft zu tragen, auf seine unbewussten \"H\u00f6fe\" aufzupassen. Auf den ersten Blick kann es zu vor\u00fcbergehenden Verschlimmerungen von k\u00f6rperlichen und psychischen Symptomen kommen, die verschwinden, sobald der Stein aus dem K\u00f6rper entfernt wird.<\/p>\n<p><br>Manche Menschen, vor allem diejenigen, die \u00fcbergewichtig sind oder Herz-Kreislauf-Probleme haben, f\u00fchlen sich anfangs schwindelig. Nebenwirkungen sind sehr selten und um sie zu vermeiden, ist es ratsam, Tsesite nur gelegentlich zu tragen und sich langsam an diese starke Energie zu gew\u00f6hnen.<br>H\u00e4ufige Nebenwirkungen sind: Lebensfreude, Energie, Zuversicht<\/p>\n<h4><br>Verwenden<\/h4>\n<p><br>Wird um den Hals oder in der Tasche getragen.<br>Zum Aufkleben: mit einer Bandage oder einem Pflaster auf die von Krankheiten, Schmerzen, Entz\u00fcndungen oder Wunden betroffenen K\u00f6rperteile.<br>Unter dem Kopfkissen: gegen Migr\u00e4ne, Kopfschmerzen, Schlaflosigkeit und Schlafst\u00f6rungen Massagen: f\u00f6rdert den Lymphfluss, lindert Muskelverspannungen, Gelenkschmerzen<br>Gelenkschmerzen<br>Lutschen: lindert Zahn-, Hals-, Rachenentz\u00fcndung, Bronchitis, Asthma<br>In einem Glas Wasser f\u00fcr 4-12 Stunden: St\u00e4rkt das Immunsystem, energetisierend<\/p>\n<h4><br>Kombinationen mit anderen Steinen<\/h4>\n<p><br>Es gibt viele M\u00f6glichkeiten, Tsesite mit anderen Steinen zu kombinieren. Sie k\u00f6nnen ihn zusammen mit blauen Steinen wie Sodalith, Lapislazuli oder Dumortierit tragen, um den Blutdruck zu senken, oder bei Bedarf mit roten Steinen wie Rubin, rotem Jaspis oder Granatapfel kombinieren, um den Blutdruck zu erh\u00f6hen. Tsesit beeinflusst nur die Produktion von roten Blutk\u00f6rperchen und hat daher keinen direkten Einfluss auf den Blutdruck. Daher sind diese Kombinationen wirksam.<br>Um seine stimulierende Wirkung auf das Immunsystem zu verst\u00e4rken, ist es ratsam, Tsesit mit gr\u00fcnen Steinen wie Chrysopras, Peridot, Smaragd oder Ozeanjaspis zu tragen. Zur Linderung von Schmerzen, insbesondere von Gelenkschmerzen, wird eine Kombination mit Sugilith empfohlen.<br>In Kombination mit Opal wird die antidepressive Wirkung verst\u00e4rkt. Lapislazuli, Malachit und Mondstein verst\u00e4rken die hormonelle Wirkung von Tsesit.<\/p>\n<h4><br>Wartung &amp; Pflege<\/h4>\n<p><br>Tsesit, \u00e4hnlich wie H\u00e4matit, ben\u00f6tigt keine energetische Reinigung wie Quarz. Sein Eisengehalt verhindert eine Absorption von Energien und kann daher unbegrenzt genutzt und sogar von anderen ausgeliehen werden. Es ist dennoch ratsam, die Tsesite von Zeit zu Zeit unter Leitungswasser abzusp\u00fclen, um sie von Fett und anderen R\u00fcckst\u00e4nden zu reinigen.<\/p>\n<\/div>\n<p>&nbsp;<\/p>\n<div>&nbsp;<\/div>\n<div>&nbsp;<\/div>\n<h2><a href=\"https:\/\/bien-etreiris.ch\/de\/produktpraesentation\/natuerliche-heilmittel\/heilsteine\/tsesite\/\" target=\"_blank\" rel=\"noopener\"><em><span style=\"color: #ff9900;\">Klicken Sie hier, um die verschiedenen Darreichungsformen von Tsesite zu kaufen.<\/span><\/em><\/a><\/h2>\n","protected":false},"excerpt":{"rendered":"<p>&nbsp; &nbsp; &nbsp; &nbsp; &nbsp; &nbsp; &nbsp; &nbsp; Ein grosses Dankesch\u00f6n an den Tsesit, ein Dankesch\u00f6n an die Natur, ein Dankesch\u00f6n an die San und ein grosses Dankesch\u00f6n an Hans Feiersinger f\u00fcr das Finden, Benennen und Importieren des Tsesite im Jahr 2010 &nbsp; &nbsp; &nbsp; &nbsp; &nbsp; &nbsp; &nbsp; &nbsp; Mineralogie Tsesit ist wahrscheinlich im Zusammenhang mit dem Gibbeon-Meteoriten entstanden,&nbsp;<a href=\"https:\/\/bien-etreiris.ch\/de\/ratgeber-klarheit-beratung\/natuerliche-heilmittel\/steinheilkunde\/tsesite\/\" class=\"read-more\">Weiter lesen<\/a><\/p>\n","protected":false},"author":1,"featured_media":55728,"parent":59100,"menu_order":4521,"comment_status":"closed","ping_status":"closed","template":"page-with-child.php","meta":{"_acf_changed":false,"ngg_post_thumbnail":0,"footnotes":""},"class_list":["post-58923","page","type-page","status-publish","has-post-thumbnail","hentry"],"acf":[],"yoast_head":"<!-- This site is optimized with the Yoast SEO plugin v27.5 - https:\/\/yoast.com\/product\/yoast-seo-wordpress\/ -->\n<title>TSESITE - WOHLBEFINDEN<\/title>\n<meta name=\"robots\" content=\"index, follow, max-snippet:-1, max-image-preview:large, max-video-preview:-1\" \/>\n<link rel=\"canonical\" href=\"https:\/\/bien-etreiris.ch\/de\/tsesite\/\" \/>\n<meta property=\"og:locale\" content=\"de_DE\" \/>\n<meta property=\"og:type\" content=\"article\" \/>\n<meta property=\"og:title\" content=\"TSESITE - WOHLBEFINDEN\" \/>\n<meta property=\"og:description\" content=\"&nbsp; &nbsp; &nbsp; &nbsp; &nbsp; &nbsp; &nbsp; &nbsp; Ein grosses Dankesch\u00f6n an den Tsesit, ein Dankesch\u00f6n an die Natur, ein Dankesch\u00f6n an die San und ein grosses Dankesch\u00f6n an Hans Feiersinger f\u00fcr das Finden, Benennen und Importieren des Tsesite im Jahr 2010 &nbsp; &nbsp; &nbsp; &nbsp; &nbsp; &nbsp; &nbsp; &nbsp; Mineralogie Tsesit ist wahrscheinlich im Zusammenhang mit dem Gibbeon-Meteoriten entstanden,&nbsp;Weiter lesen\" \/>\n<meta property=\"og:url\" content=\"https:\/\/bien-etreiris.ch\/de\/tsesite\/\" \/>\n<meta property=\"og:site_name\" content=\"WOHLBEFINDEN\" \/>\n<meta property=\"article:publisher\" content=\"https:\/\/www.facebook.com\/bienetreiris\/\" \/>\n<meta property=\"article:modified_time\" content=\"2022-09-04T15:08:21+00:00\" \/>\n<meta property=\"og:image\" content=\"https:\/\/bien-etreiris.ch\/wp-content\/uploads\/2022\/05\/Acceuil.jpg\" \/>\n\t<meta property=\"og:image:width\" content=\"500\" \/>\n\t<meta property=\"og:image:height\" content=\"332\" \/>\n\t<meta property=\"og:image:type\" content=\"image\/jpeg\" \/>\n<meta name=\"twitter:label1\" content=\"Gesch\u00e4tzte Lesezeit\" \/>\n\t<meta name=\"twitter:data1\" content=\"4\u00a0Minuten\" \/>\n<script type=\"application\/ld+json\" class=\"yoast-schema-graph\">{\"@context\":\"https:\\\/\\\/schema.org\",\"@graph\":[{\"@type\":\"WebPage\",\"@id\":\"https:\\\/\\\/bien-etreiris.ch\\\/de\\\/tsesite\\\/\",\"url\":\"https:\\\/\\\/bien-etreiris.ch\\\/de\\\/tsesite\\\/\",\"name\":\"TSESITE - WOHLBEFINDEN\",\"isPartOf\":{\"@id\":\"https:\\\/\\\/bien-etreiris.ch\\\/de\\\/#website\"},\"primaryImageOfPage\":{\"@id\":\"https:\\\/\\\/bien-etreiris.ch\\\/de\\\/tsesite\\\/#primaryimage\"},\"image\":{\"@id\":\"https:\\\/\\\/bien-etreiris.ch\\\/de\\\/tsesite\\\/#primaryimage\"},\"thumbnailUrl\":\"https:\\\/\\\/bien-etreiris.ch\\\/wp-content\\\/uploads\\\/2022\\\/05\\\/Acceuil.jpg\",\"datePublished\":\"2022-09-04T07:22:46+00:00\",\"dateModified\":\"2022-09-04T15:08:21+00:00\",\"breadcrumb\":{\"@id\":\"https:\\\/\\\/bien-etreiris.ch\\\/de\\\/tsesite\\\/#breadcrumb\"},\"inLanguage\":\"de\",\"potentialAction\":[{\"@type\":\"ReadAction\",\"target\":[\"https:\\\/\\\/bien-etreiris.ch\\\/de\\\/tsesite\\\/\"]}]},{\"@type\":\"ImageObject\",\"inLanguage\":\"de\",\"@id\":\"https:\\\/\\\/bien-etreiris.ch\\\/de\\\/tsesite\\\/#primaryimage\",\"url\":\"https:\\\/\\\/bien-etreiris.ch\\\/wp-content\\\/uploads\\\/2022\\\/05\\\/Acceuil.jpg\",\"contentUrl\":\"https:\\\/\\\/bien-etreiris.ch\\\/wp-content\\\/uploads\\\/2022\\\/05\\\/Acceuil.jpg\",\"width\":500,\"height\":332},{\"@type\":\"BreadcrumbList\",\"@id\":\"https:\\\/\\\/bien-etreiris.ch\\\/de\\\/tsesite\\\/#breadcrumb\",\"itemListElement\":[{\"@type\":\"ListItem\",\"position\":1,\"name\":\"Home\",\"item\":\"https:\\\/\\\/bien-etreiris.ch\\\/de\\\/\"},{\"@type\":\"ListItem\",\"position\":2,\"name\":\"TSESITE\"}]},{\"@type\":\"WebSite\",\"@id\":\"https:\\\/\\\/bien-etreiris.ch\\\/de\\\/#website\",\"url\":\"https:\\\/\\\/bien-etreiris.ch\\\/de\\\/\",\"name\":\"Bien-\u00eatre Iris\",\"description\":\"IHRE Gesundheit ist uns wichtig\",\"potentialAction\":[{\"@type\":\"SearchAction\",\"target\":{\"@type\":\"EntryPoint\",\"urlTemplate\":\"https:\\\/\\\/bien-etreiris.ch\\\/de\\\/?s={search_term_string}\"},\"query-input\":{\"@type\":\"PropertyValueSpecification\",\"valueRequired\":true,\"valueName\":\"search_term_string\"}}],\"inLanguage\":\"de\"}]}<\/script>\n<!-- \/ Yoast SEO plugin. -->","yoast_head_json":{"title":"TSESITE - WOHLBEFINDEN","robots":{"index":"index","follow":"follow","max-snippet":"max-snippet:-1","max-image-preview":"max-image-preview:large","max-video-preview":"max-video-preview:-1"},"canonical":"https:\/\/bien-etreiris.ch\/de\/tsesite\/","og_locale":"de_DE","og_type":"article","og_title":"TSESITE - WOHLBEFINDEN","og_description":"&nbsp; &nbsp; &nbsp; &nbsp; &nbsp; &nbsp; &nbsp; &nbsp; Ein grosses Dankesch\u00f6n an den Tsesit, ein Dankesch\u00f6n an die Natur, ein Dankesch\u00f6n an die San und ein grosses Dankesch\u00f6n an Hans Feiersinger f\u00fcr das Finden, Benennen und Importieren des Tsesite im Jahr 2010 &nbsp; &nbsp; &nbsp; &nbsp; &nbsp; &nbsp; &nbsp; &nbsp; Mineralogie Tsesit ist wahrscheinlich im Zusammenhang mit dem Gibbeon-Meteoriten entstanden,&nbsp;Weiter lesen","og_url":"https:\/\/bien-etreiris.ch\/de\/tsesite\/","og_site_name":"WOHLBEFINDEN","article_publisher":"https:\/\/www.facebook.com\/bienetreiris\/","article_modified_time":"2022-09-04T15:08:21+00:00","og_image":[{"width":500,"height":332,"url":"https:\/\/bien-etreiris.ch\/wp-content\/uploads\/2022\/05\/Acceuil.jpg","type":"image\/jpeg"}],"twitter_misc":{"Gesch\u00e4tzte Lesezeit":"4\u00a0Minuten"},"schema":{"@context":"https:\/\/schema.org","@graph":[{"@type":"WebPage","@id":"https:\/\/bien-etreiris.ch\/de\/tsesite\/","url":"https:\/\/bien-etreiris.ch\/de\/tsesite\/","name":"TSESITE - WOHLBEFINDEN","isPartOf":{"@id":"https:\/\/bien-etreiris.ch\/de\/#website"},"primaryImageOfPage":{"@id":"https:\/\/bien-etreiris.ch\/de\/tsesite\/#primaryimage"},"image":{"@id":"https:\/\/bien-etreiris.ch\/de\/tsesite\/#primaryimage"},"thumbnailUrl":"https:\/\/bien-etreiris.ch\/wp-content\/uploads\/2022\/05\/Acceuil.jpg","datePublished":"2022-09-04T07:22:46+00:00","dateModified":"2022-09-04T15:08:21+00:00","breadcrumb":{"@id":"https:\/\/bien-etreiris.ch\/de\/tsesite\/#breadcrumb"},"inLanguage":"de","potentialAction":[{"@type":"ReadAction","target":["https:\/\/bien-etreiris.ch\/de\/tsesite\/"]}]},{"@type":"ImageObject","inLanguage":"de","@id":"https:\/\/bien-etreiris.ch\/de\/tsesite\/#primaryimage","url":"https:\/\/bien-etreiris.ch\/wp-content\/uploads\/2022\/05\/Acceuil.jpg","contentUrl":"https:\/\/bien-etreiris.ch\/wp-content\/uploads\/2022\/05\/Acceuil.jpg","width":500,"height":332},{"@type":"BreadcrumbList","@id":"https:\/\/bien-etreiris.ch\/de\/tsesite\/#breadcrumb","itemListElement":[{"@type":"ListItem","position":1,"name":"Home","item":"https:\/\/bien-etreiris.ch\/de\/"},{"@type":"ListItem","position":2,"name":"TSESITE"}]},{"@type":"WebSite","@id":"https:\/\/bien-etreiris.ch\/de\/#website","url":"https:\/\/bien-etreiris.ch\/de\/","name":"Bien-\u00eatre Iris","description":"IHRE Gesundheit ist uns wichtig","potentialAction":[{"@type":"SearchAction","target":{"@type":"EntryPoint","urlTemplate":"https:\/\/bien-etreiris.ch\/de\/?s={search_term_string}"},"query-input":{"@type":"PropertyValueSpecification","valueRequired":true,"valueName":"search_term_string"}}],"inLanguage":"de"}]}},"_links":{"self":[{"href":"https:\/\/bien-etreiris.ch\/de\/wp-json\/wp\/v2\/pages\/58923","targetHints":{"allow":["GET"]}}],"collection":[{"href":"https:\/\/bien-etreiris.ch\/de\/wp-json\/wp\/v2\/pages"}],"about":[{"href":"https:\/\/bien-etreiris.ch\/de\/wp-json\/wp\/v2\/types\/page"}],"author":[{"embeddable":true,"href":"https:\/\/bien-etreiris.ch\/de\/wp-json\/wp\/v2\/users\/1"}],"replies":[{"embeddable":true,"href":"https:\/\/bien-etreiris.ch\/de\/wp-json\/wp\/v2\/comments?post=58923"}],"version-history":[{"count":8,"href":"https:\/\/bien-etreiris.ch\/de\/wp-json\/wp\/v2\/pages\/58923\/revisions"}],"predecessor-version":[{"id":59088,"href":"https:\/\/bien-etreiris.ch\/de\/wp-json\/wp\/v2\/pages\/58923\/revisions\/59088"}],"up":[{"embeddable":true,"href":"https:\/\/bien-etreiris.ch\/de\/wp-json\/wp\/v2\/pages\/59100"}],"wp:featuredmedia":[{"embeddable":true,"href":"https:\/\/bien-etreiris.ch\/de\/wp-json\/wp\/v2\/media\/55728"}],"wp:attachment":[{"href":"https:\/\/bien-etreiris.ch\/de\/wp-json\/wp\/v2\/media?parent=58923"}],"curies":[{"name":"wp","href":"https:\/\/api.w.org\/{rel}","templated":true}]}}