{"id":58801,"date":"2022-08-21T04:20:48","date_gmt":"2022-08-21T02:20:48","guid":{"rendered":"https:\/\/bien-etreiris.ch\/produktpraesentation\/gesundes-leben\/gesunde-nahrungsmittel\/superfoods-lebensmittel\/trockenfruechte\/crunchy-fruit\/"},"modified":"2024-08-23T04:51:23","modified_gmt":"2024-08-23T02:51:23","slug":"crunchy-fruit","status":"publish","type":"page","link":"https:\/\/bien-etreiris.ch\/de\/produktpraesentation\/gesundes-leben\/gesunde-lebensmittel\/superfoods\/trockenfruechte\/crunchy-fruit\/","title":{"rendered":"CRUNCHY FRUIT"},"content":{"rendered":"\n\n\n<h2>Crunchy fruit<\/h2>\n<p>K\u00f6stliche, knackige Bio-Fr\u00fcchte, die dank der fortschrittlichsten <strong>Trocknungstechnologie<\/strong> all ihre N\u00e4hrstoffe behalten haben. Ideal, um unterwegs Energie zu tanken oder zu Hause M\u00fcsli, Joghurt, Smoothies und Kuchen zu begleiten<\/p>\n<p><a href=\"https:\/\/bien-etreiris.ch\/wp-content\/uploads\/2022\/08\/fraise-2.jpg\"><img loading=\"lazy\" decoding=\"async\" class=\"wp-image-58825 size-medium alignleft\" src=\"https:\/\/bien-etreiris.ch\/wp-content\/uploads\/2022\/08\/fraise-2-300x300.jpg\" alt=\"\" width=\"300\" height=\"300\" srcset=\"https:\/\/bien-etreiris.ch\/wp-content\/uploads\/2022\/08\/fraise-2-300x300.jpg 300w, https:\/\/bien-etreiris.ch\/wp-content\/uploads\/2022\/08\/fraise-2-150x150.jpg 150w, https:\/\/bien-etreiris.ch\/wp-content\/uploads\/2022\/08\/fraise-2.jpg 700w\" sizes=\"auto, (max-width: 300px) 100vw, 300px\" \/><\/a><a href=\"https:\/\/bien-etreiris.ch\/wp-content\/uploads\/2022\/08\/fraise-fraiche.png\"><img loading=\"lazy\" decoding=\"async\" class=\"alignnone wp-image-58819 size-medium\" src=\"https:\/\/bien-etreiris.ch\/wp-content\/uploads\/2022\/08\/fraise-fraiche-300x141.png\" alt=\"\" width=\"300\" height=\"141\" srcset=\"https:\/\/bien-etreiris.ch\/wp-content\/uploads\/2022\/08\/fraise-fraiche-300x141.png 300w, https:\/\/bien-etreiris.ch\/wp-content\/uploads\/2022\/08\/fraise-fraiche.png 699w\" sizes=\"auto, (max-width: 300px) 100vw, 300px\" \/><\/a><\/p>\n<p>Dans ce paquet, vous trouverez <b>l'\u00e9quivalent de 120g de fraises fra\u00eeches<\/b> d\u00e9shydrat\u00e9es \u00e0 basse temp\u00e9rature pour les rendre <b>ultra croquantes<\/b> tout en gardant leur go\u00fbt et leurs nutriments !<\/p>\n<p>1 sachet 20 g&nbsp;<strong> CHF 3.80<\/strong><\/p>\n<p>&nbsp;<\/p>\n<p>&nbsp;<\/p>\n<ul style=\"list-style-type: disc;\">\n<li class=\"columns list-values\" style=\"list-style-type: none;\">&nbsp;<\/li>\n<li>100% pur fruit<\/li>\n<li>Biologique<\/li>\n<li>Cru<\/li>\n<li>Sans sucre ajout\u00e9<\/li>\n<li>Sans conservateurs<\/li>\n<\/ul>\n<p>&nbsp;<\/p>\n<table class=\"columns\" style=\"width: 66.0714%;\">\n<thead>\n<tr>\n<td style=\"width: 27.381%;\">Informations nutritionnelles<\/td>\n<td style=\"width: 19.6429%;\">100&nbsp;g<\/td>\n<td style=\"width: 17.8571%;\">12&nbsp;g = 1 sachet<\/td>\n<\/tr>\n<\/thead>\n<tbody class=\"bg-strawberry\">\n<tr>\n<td style=\"width: 27.381%;\">Energie<\/td>\n<td style=\"width: 19.6429%;\">1200&nbsp;kJ \/ 286&nbsp;Kcal<\/td>\n<td style=\"width: 17.8571%;\">142&nbsp;kJ \/ 34&nbsp;Kcal<\/td>\n<\/tr>\n<tr>\n<td style=\"width: 27.381%;\">Mati\u00e8res grasses<\/td>\n<td style=\"width: 19.6429%;\">4&nbsp;g<\/td>\n<td style=\"width: 17.8571%;\">0&nbsp;g<\/td>\n<\/tr>\n<tr>\n<td style=\"width: 27.381%;\">Dont satur\u00e9es<\/td>\n<td style=\"width: 19.6429%;\">0,3&nbsp;g<\/td>\n<td style=\"width: 17.8571%;\">0&nbsp;g<\/td>\n<\/tr>\n<tr>\n<td style=\"width: 27.381%;\">Glucides<\/td>\n<td style=\"width: 19.6429%;\">55&nbsp;g<\/td>\n<td style=\"width: 17.8571%;\">6,6&nbsp;g<\/td>\n<\/tr>\n<tr>\n<td style=\"width: 27.381%;\">Dont sucres<\/td>\n<td style=\"width: 19.6429%;\">54&nbsp;g<\/td>\n<td style=\"width: 17.8571%;\">6,5&nbsp;g<\/td>\n<\/tr>\n<tr>\n<td style=\"width: 27.381%;\">Fibres alimentaires<\/td>\n<td style=\"width: 19.6429%;\">16&nbsp;g<\/td>\n<td style=\"width: 17.8571%;\">1,9&nbsp;g<\/td>\n<\/tr>\n<tr>\n<td style=\"width: 27.381%;\">Prot\u00e9ines<\/td>\n<td style=\"width: 19.6429%;\">8,2&nbsp;g<\/td>\n<td style=\"width: 17.8571%;\">1&nbsp;g<\/td>\n<\/tr>\n<tr>\n<td style=\"width: 27.381%;\">Sel<\/td>\n<td style=\"width: 19.6429%;\">0,03&nbsp;g<\/td>\n<td style=\"width: 17.8571%;\">0&nbsp;g<\/td>\n<\/tr>\n<tr>\n<td style=\"width: 27.381%;\">Vitamine C<\/td>\n<td style=\"width: 19.6429%;\">582&nbsp;mg \/ 728&nbsp;%<sup>1<\/sup><\/td>\n<td style=\"width: 17.8571%;\">70&nbsp;mg \/ 88&nbsp;%<sup>1<\/sup><\/td>\n<\/tr>\n<\/tbody>\n<\/table>\n<p>&nbsp;<\/p>\n<hr>\n<p><a href=\"https:\/\/bien-etreiris.ch\/wp-content\/uploads\/2022\/08\/framboise.jpg\"><img loading=\"lazy\" decoding=\"async\" class=\"size-medium wp-image-58806 alignleft\" src=\"https:\/\/bien-etreiris.ch\/wp-content\/uploads\/2022\/08\/framboise-300x300.jpg\" alt=\"\" width=\"300\" height=\"300\" srcset=\"https:\/\/bien-etreiris.ch\/wp-content\/uploads\/2022\/08\/framboise-300x300.jpg 300w, https:\/\/bien-etreiris.ch\/wp-content\/uploads\/2022\/08\/framboise-150x150.jpg 150w, https:\/\/bien-etreiris.ch\/wp-content\/uploads\/2022\/08\/framboise.jpg 700w\" sizes=\"auto, (max-width: 300px) 100vw, 300px\" \/><\/a><a href=\"https:\/\/bien-etreiris.ch\/wp-content\/uploads\/2022\/08\/framboise-fraiche.jpg\"><img loading=\"lazy\" decoding=\"async\" class=\"alignnone size-medium wp-image-58809\" src=\"https:\/\/bien-etreiris.ch\/wp-content\/uploads\/2022\/08\/framboise-fraiche-300x150.jpg\" alt=\"\" width=\"300\" height=\"150\" srcset=\"https:\/\/bien-etreiris.ch\/wp-content\/uploads\/2022\/08\/framboise-fraiche-300x150.jpg 300w, https:\/\/bien-etreiris.ch\/wp-content\/uploads\/2022\/08\/framboise-fraiche-100x50.jpg 100w, https:\/\/bien-etreiris.ch\/wp-content\/uploads\/2022\/08\/framboise-fraiche.jpg 700w\" sizes=\"auto, (max-width: 300px) 100vw, 300px\" \/><\/a><\/p>\n<p>Dans ce paquet, vous trouverez <b>l'\u00e9quivalent de 84g de framboises fra\u00eeches<\/b> d\u00e9shydrat\u00e9es \u00e0 basse temp\u00e9rature pour les rendre <b>ultra croquantes<\/b> tout en gardant leur go\u00fbt et leurs nutriments !<\/p>\n<p>1 sachet 20 g&nbsp;<strong> CHF 3.80<\/strong><\/p>\n<p>&nbsp;<\/p>\n<ul>\n<li>100% pur fruit<\/li>\n<li>Biologique<\/li>\n<li>Cru<\/li>\n<li>Sans sucre ajout\u00e9<\/li>\n<li>Sans conservateurs<\/li>\n<\/ul>\n<p>&nbsp;<\/p>\n<table class=\"columns bg-raspberry bg-dark\" style=\"width: 71.6667%;\">\n<thead>\n<tr>\n<td style=\"width: 29.7619%;\">Informations nutritionnelles<\/td>\n<td style=\"width: 21.3095%;\">100&nbsp;g<\/td>\n<td style=\"width: 19.5238%;\">12&nbsp;g = 1 sachet<\/td>\n<\/tr>\n<\/thead>\n<tbody>\n<tr>\n<td style=\"width: 29.7619%;\">Energie<\/td>\n<td style=\"width: 21.3095%;\">900&nbsp;kJ \/ 214&nbsp;Kcal<\/td>\n<td style=\"width: 19.5238%;\">108&nbsp;kJ \/ 26&nbsp;Kcal<\/td>\n<\/tr>\n<tr>\n<td style=\"width: 29.7619%;\">Mati\u00e8res grasses<\/td>\n<td style=\"width: 21.3095%;\">1,9&nbsp;g<\/td>\n<td style=\"width: 19.5238%;\">0&nbsp;g<\/td>\n<\/tr>\n<tr>\n<td style=\"width: 29.7619%;\">Dont satur\u00e9es<\/td>\n<td style=\"width: 21.3095%;\">0,1&nbsp;g<\/td>\n<td style=\"width: 19.5238%;\">0&nbsp;g<\/td>\n<\/tr>\n<tr>\n<td style=\"width: 29.7619%;\">Glucides<\/td>\n<td style=\"width: 21.3095%;\">30&nbsp;g<\/td>\n<td style=\"width: 19.5238%;\">3,6&nbsp;g<\/td>\n<\/tr>\n<tr>\n<td style=\"width: 29.7619%;\">Dont sucres<\/td>\n<td style=\"width: 21.3095%;\">30&nbsp;g<\/td>\n<td style=\"width: 19.5238%;\">3,6&nbsp;g<\/td>\n<\/tr>\n<tr>\n<td style=\"width: 29.7619%;\">Fibres alimentaires<\/td>\n<td style=\"width: 21.3095%;\">29&nbsp;g<\/td>\n<td style=\"width: 19.5238%;\">3,5&nbsp;g<\/td>\n<\/tr>\n<tr>\n<td style=\"width: 29.7619%;\">Prot\u00e9ines<\/td>\n<td style=\"width: 21.3095%;\">8,1&nbsp;g<\/td>\n<td style=\"width: 19.5238%;\">1&nbsp;g<\/td>\n<\/tr>\n<tr>\n<td style=\"width: 29.7619%;\">Sel<\/td>\n<td style=\"width: 21.3095%;\">0,02&nbsp;g<\/td>\n<td style=\"width: 19.5238%;\">0,00&nbsp;g<\/td>\n<\/tr>\n<tr>\n<td style=\"width: 29.7619%;\">Vitamine C<\/td>\n<td style=\"width: 21.3095%;\">156&nbsp;mg \/ 195&nbsp;%<sup>1<\/sup><\/td>\n<td style=\"width: 19.5238%;\">19&nbsp;mg \/ 24&nbsp;%<sup>1<\/sup><\/td>\n<\/tr>\n<\/tbody>\n<\/table>\n<p>&nbsp;<\/p>\n<p>&nbsp;<\/p>\n<p>&nbsp;<\/p>\n<hr>\n<p>&nbsp;<\/p>\n<p><a href=\"https:\/\/bien-etreiris.ch\/wp-content\/uploads\/2022\/08\/Myrtille.jpg\"><img loading=\"lazy\" decoding=\"async\" class=\"alignnone size-medium wp-image-58832\" src=\"https:\/\/bien-etreiris.ch\/wp-content\/uploads\/2022\/08\/Myrtille-300x300.jpg\" alt=\"\" width=\"300\" height=\"300\" srcset=\"https:\/\/bien-etreiris.ch\/wp-content\/uploads\/2022\/08\/Myrtille-300x300.jpg 300w, https:\/\/bien-etreiris.ch\/wp-content\/uploads\/2022\/08\/Myrtille-150x150.jpg 150w, https:\/\/bien-etreiris.ch\/wp-content\/uploads\/2022\/08\/Myrtille.jpg 700w\" sizes=\"auto, (max-width: 300px) 100vw, 300px\" \/>1 sachet 20 g&nbsp;<strong> CHF 3.80<\/strong><\/a><\/p>\n","protected":false},"excerpt":{"rendered":"<p>Crunchy fruit K\u00f6stliche, knackige Bio-Fr\u00fcchte, die dank der fortschrittlichsten Trocknungstechnologie all ihre N\u00e4hrstoffe behalten haben. Ideal, um unterwegs Energie zu tanken oder zu Hause M\u00fcsli, Joghurt, Smoothies und Kuchen zu begleiten Dans ce paquet, vous trouverez l'\u00e9quivalent de 120g de fraises fra\u00eeches d\u00e9shydrat\u00e9es \u00e0 basse temp\u00e9rature pour les rendre ultra croquantes tout en gardant leur go\u00fbt et leurs nutriments !&nbsp;<a href=\"https:\/\/bien-etreiris.ch\/de\/produktpraesentation\/gesundes-leben\/gesunde-lebensmittel\/superfoods\/trockenfruechte\/crunchy-fruit\/\" class=\"read-more\">Weiter lesen<\/a><\/p>\n","protected":false},"author":1,"featured_media":82274,"parent":42532,"menu_order":4521,"comment_status":"closed","ping_status":"closed","template":"page-with-child.php","meta":{"_acf_changed":false,"ngg_post_thumbnail":0,"footnotes":""},"class_list":["post-58801","page","type-page","status-publish","has-post-thumbnail","hentry"],"acf":[],"yoast_head":"<!-- This site is optimized with the Yoast SEO plugin v27.4 - https:\/\/yoast.com\/product\/yoast-seo-wordpress\/ -->\n<title>CRUNCHY FRUIT - WOHLBEFINDEN<\/title>\n<meta name=\"robots\" content=\"index, follow, max-snippet:-1, max-image-preview:large, max-video-preview:-1\" \/>\n<link rel=\"canonical\" href=\"https:\/\/bien-etreiris.ch\/de\/produktpraesentation\/gesundes-leben\/gesunde-lebensmittel\/superfoods\/trockenfruechte\/crunchy-fruit\/\" \/>\n<meta property=\"og:locale\" content=\"de_DE\" \/>\n<meta property=\"og:type\" content=\"article\" \/>\n<meta property=\"og:title\" content=\"CRUNCHY FRUIT - WOHLBEFINDEN\" \/>\n<meta property=\"og:description\" content=\"Crunchy fruit K\u00f6stliche, knackige Bio-Fr\u00fcchte, die dank der fortschrittlichsten Trocknungstechnologie all ihre N\u00e4hrstoffe behalten haben. Ideal, um unterwegs Energie zu tanken oder zu Hause M\u00fcsli, Joghurt, Smoothies und Kuchen zu begleiten Dans ce paquet, vous trouverez l&#039;\u00e9quivalent de 120g de fraises fra\u00eeches d\u00e9shydrat\u00e9es \u00e0 basse temp\u00e9rature pour les rendre ultra croquantes tout en gardant leur go\u00fbt et leurs nutriments !&nbsp;Weiter lesen\" \/>\n<meta property=\"og:url\" content=\"https:\/\/bien-etreiris.ch\/de\/produktpraesentation\/gesundes-leben\/gesunde-lebensmittel\/superfoods\/trockenfruechte\/crunchy-fruit\/\" \/>\n<meta property=\"og:site_name\" content=\"WOHLBEFINDEN\" \/>\n<meta property=\"article:publisher\" content=\"https:\/\/www.facebook.com\/bienetreiris\/\" \/>\n<meta property=\"article:modified_time\" content=\"2024-08-23T02:51:23+00:00\" \/>\n<meta property=\"og:image\" content=\"https:\/\/bien-etreiris.ch\/wp-content\/uploads\/2023\/12\/crunchy-fruit.png\" \/>\n\t<meta property=\"og:image:width\" content=\"500\" \/>\n\t<meta property=\"og:image:height\" content=\"305\" \/>\n\t<meta property=\"og:image:type\" content=\"image\/png\" \/>\n<meta name=\"twitter:label1\" content=\"Gesch\u00e4tzte Lesezeit\" \/>\n\t<meta name=\"twitter:data1\" content=\"3\u00a0Minuten\" \/>\n<script type=\"application\/ld+json\" class=\"yoast-schema-graph\">{\"@context\":\"https:\\\/\\\/schema.org\",\"@graph\":[{\"@type\":\"WebPage\",\"@id\":\"https:\\\/\\\/bien-etreiris.ch\\\/de\\\/produktpraesentation\\\/gesundes-leben\\\/gesunde-lebensmittel\\\/superfoods\\\/trockenfruechte\\\/crunchy-fruit\\\/\",\"url\":\"https:\\\/\\\/bien-etreiris.ch\\\/de\\\/produktpraesentation\\\/gesundes-leben\\\/gesunde-lebensmittel\\\/superfoods\\\/trockenfruechte\\\/crunchy-fruit\\\/\",\"name\":\"CRUNCHY FRUIT - WOHLBEFINDEN\",\"isPartOf\":{\"@id\":\"https:\\\/\\\/bien-etreiris.ch\\\/de\\\/#website\"},\"primaryImageOfPage\":{\"@id\":\"https:\\\/\\\/bien-etreiris.ch\\\/de\\\/produktpraesentation\\\/gesundes-leben\\\/gesunde-lebensmittel\\\/superfoods\\\/trockenfruechte\\\/crunchy-fruit\\\/#primaryimage\"},\"image\":{\"@id\":\"https:\\\/\\\/bien-etreiris.ch\\\/de\\\/produktpraesentation\\\/gesundes-leben\\\/gesunde-lebensmittel\\\/superfoods\\\/trockenfruechte\\\/crunchy-fruit\\\/#primaryimage\"},\"thumbnailUrl\":\"https:\\\/\\\/bien-etreiris.ch\\\/wp-content\\\/uploads\\\/2023\\\/12\\\/crunchy-fruit.png\",\"datePublished\":\"2022-08-21T02:20:48+00:00\",\"dateModified\":\"2024-08-23T02:51:23+00:00\",\"breadcrumb\":{\"@id\":\"https:\\\/\\\/bien-etreiris.ch\\\/de\\\/produktpraesentation\\\/gesundes-leben\\\/gesunde-lebensmittel\\\/superfoods\\\/trockenfruechte\\\/crunchy-fruit\\\/#breadcrumb\"},\"inLanguage\":\"de\",\"potentialAction\":[{\"@type\":\"ReadAction\",\"target\":[\"https:\\\/\\\/bien-etreiris.ch\\\/de\\\/produktpraesentation\\\/gesundes-leben\\\/gesunde-lebensmittel\\\/superfoods\\\/trockenfruechte\\\/crunchy-fruit\\\/\"]}]},{\"@type\":\"ImageObject\",\"inLanguage\":\"de\",\"@id\":\"https:\\\/\\\/bien-etreiris.ch\\\/de\\\/produktpraesentation\\\/gesundes-leben\\\/gesunde-lebensmittel\\\/superfoods\\\/trockenfruechte\\\/crunchy-fruit\\\/#primaryimage\",\"url\":\"https:\\\/\\\/bien-etreiris.ch\\\/wp-content\\\/uploads\\\/2023\\\/12\\\/crunchy-fruit.png\",\"contentUrl\":\"https:\\\/\\\/bien-etreiris.ch\\\/wp-content\\\/uploads\\\/2023\\\/12\\\/crunchy-fruit.png\",\"width\":500,\"height\":305},{\"@type\":\"BreadcrumbList\",\"@id\":\"https:\\\/\\\/bien-etreiris.ch\\\/de\\\/produktpraesentation\\\/gesundes-leben\\\/gesunde-lebensmittel\\\/superfoods\\\/trockenfruechte\\\/crunchy-fruit\\\/#breadcrumb\",\"itemListElement\":[{\"@type\":\"ListItem\",\"position\":1,\"name\":\"Home\",\"item\":\"https:\\\/\\\/bien-etreiris.ch\\\/de\\\/\"},{\"@type\":\"ListItem\",\"position\":2,\"name\":\"PRODUKTPR\u00c4SENTATION\",\"item\":\"https:\\\/\\\/bien-etreiris.ch\\\/de\\\/produktpraesentation\\\/\"},{\"@type\":\"ListItem\",\"position\":3,\"name\":\"GESUNDES LEBEN\",\"item\":\"https:\\\/\\\/bien-etreiris.ch\\\/de\\\/produktpraesentation\\\/gesundes-leben\\\/\"},{\"@type\":\"ListItem\",\"position\":4,\"name\":\"GESUNDE LEBENSMITTEL\",\"item\":\"https:\\\/\\\/bien-etreiris.ch\\\/de\\\/produktpraesentation\\\/gesundes-leben\\\/gesunde-lebensmittel\\\/\"},{\"@type\":\"ListItem\",\"position\":5,\"name\":\"SUPERFOODS\",\"item\":\"https:\\\/\\\/bien-etreiris.ch\\\/de\\\/produktpraesentation\\\/gesundes-leben\\\/gesunde-lebensmittel\\\/superfoods\\\/\"},{\"@type\":\"ListItem\",\"position\":6,\"name\":\"TROCKENFR\u00dcCHTE\",\"item\":\"https:\\\/\\\/bien-etreiris.ch\\\/de\\\/produktpraesentation\\\/gesundes-leben\\\/gesunde-lebensmittel\\\/superfoods\\\/trockenfruechte\\\/\"},{\"@type\":\"ListItem\",\"position\":7,\"name\":\"CRUNCHY FRUIT\"}]},{\"@type\":\"WebSite\",\"@id\":\"https:\\\/\\\/bien-etreiris.ch\\\/de\\\/#website\",\"url\":\"https:\\\/\\\/bien-etreiris.ch\\\/de\\\/\",\"name\":\"Bien-\u00eatre Iris\",\"description\":\"IHRE Gesundheit ist uns wichtig\",\"potentialAction\":[{\"@type\":\"SearchAction\",\"target\":{\"@type\":\"EntryPoint\",\"urlTemplate\":\"https:\\\/\\\/bien-etreiris.ch\\\/de\\\/?s={search_term_string}\"},\"query-input\":{\"@type\":\"PropertyValueSpecification\",\"valueRequired\":true,\"valueName\":\"search_term_string\"}}],\"inLanguage\":\"de\"}]}<\/script>\n<!-- \/ Yoast SEO plugin. -->","yoast_head_json":{"title":"CRUNCHY FRUIT - WOHLBEFINDEN","robots":{"index":"index","follow":"follow","max-snippet":"max-snippet:-1","max-image-preview":"max-image-preview:large","max-video-preview":"max-video-preview:-1"},"canonical":"https:\/\/bien-etreiris.ch\/de\/produktpraesentation\/gesundes-leben\/gesunde-lebensmittel\/superfoods\/trockenfruechte\/crunchy-fruit\/","og_locale":"de_DE","og_type":"article","og_title":"CRUNCHY FRUIT - WOHLBEFINDEN","og_description":"Crunchy fruit K\u00f6stliche, knackige Bio-Fr\u00fcchte, die dank der fortschrittlichsten Trocknungstechnologie all ihre N\u00e4hrstoffe behalten haben. Ideal, um unterwegs Energie zu tanken oder zu Hause M\u00fcsli, Joghurt, Smoothies und Kuchen zu begleiten Dans ce paquet, vous trouverez l'\u00e9quivalent de 120g de fraises fra\u00eeches d\u00e9shydrat\u00e9es \u00e0 basse temp\u00e9rature pour les rendre ultra croquantes tout en gardant leur go\u00fbt et leurs nutriments !&nbsp;Weiter lesen","og_url":"https:\/\/bien-etreiris.ch\/de\/produktpraesentation\/gesundes-leben\/gesunde-lebensmittel\/superfoods\/trockenfruechte\/crunchy-fruit\/","og_site_name":"WOHLBEFINDEN","article_publisher":"https:\/\/www.facebook.com\/bienetreiris\/","article_modified_time":"2024-08-23T02:51:23+00:00","og_image":[{"width":500,"height":305,"url":"https:\/\/bien-etreiris.ch\/wp-content\/uploads\/2023\/12\/crunchy-fruit.png","type":"image\/png"}],"twitter_misc":{"Gesch\u00e4tzte Lesezeit":"3\u00a0Minuten"},"schema":{"@context":"https:\/\/schema.org","@graph":[{"@type":"WebPage","@id":"https:\/\/bien-etreiris.ch\/de\/produktpraesentation\/gesundes-leben\/gesunde-lebensmittel\/superfoods\/trockenfruechte\/crunchy-fruit\/","url":"https:\/\/bien-etreiris.ch\/de\/produktpraesentation\/gesundes-leben\/gesunde-lebensmittel\/superfoods\/trockenfruechte\/crunchy-fruit\/","name":"CRUNCHY FRUIT - WOHLBEFINDEN","isPartOf":{"@id":"https:\/\/bien-etreiris.ch\/de\/#website"},"primaryImageOfPage":{"@id":"https:\/\/bien-etreiris.ch\/de\/produktpraesentation\/gesundes-leben\/gesunde-lebensmittel\/superfoods\/trockenfruechte\/crunchy-fruit\/#primaryimage"},"image":{"@id":"https:\/\/bien-etreiris.ch\/de\/produktpraesentation\/gesundes-leben\/gesunde-lebensmittel\/superfoods\/trockenfruechte\/crunchy-fruit\/#primaryimage"},"thumbnailUrl":"https:\/\/bien-etreiris.ch\/wp-content\/uploads\/2023\/12\/crunchy-fruit.png","datePublished":"2022-08-21T02:20:48+00:00","dateModified":"2024-08-23T02:51:23+00:00","breadcrumb":{"@id":"https:\/\/bien-etreiris.ch\/de\/produktpraesentation\/gesundes-leben\/gesunde-lebensmittel\/superfoods\/trockenfruechte\/crunchy-fruit\/#breadcrumb"},"inLanguage":"de","potentialAction":[{"@type":"ReadAction","target":["https:\/\/bien-etreiris.ch\/de\/produktpraesentation\/gesundes-leben\/gesunde-lebensmittel\/superfoods\/trockenfruechte\/crunchy-fruit\/"]}]},{"@type":"ImageObject","inLanguage":"de","@id":"https:\/\/bien-etreiris.ch\/de\/produktpraesentation\/gesundes-leben\/gesunde-lebensmittel\/superfoods\/trockenfruechte\/crunchy-fruit\/#primaryimage","url":"https:\/\/bien-etreiris.ch\/wp-content\/uploads\/2023\/12\/crunchy-fruit.png","contentUrl":"https:\/\/bien-etreiris.ch\/wp-content\/uploads\/2023\/12\/crunchy-fruit.png","width":500,"height":305},{"@type":"BreadcrumbList","@id":"https:\/\/bien-etreiris.ch\/de\/produktpraesentation\/gesundes-leben\/gesunde-lebensmittel\/superfoods\/trockenfruechte\/crunchy-fruit\/#breadcrumb","itemListElement":[{"@type":"ListItem","position":1,"name":"Home","item":"https:\/\/bien-etreiris.ch\/de\/"},{"@type":"ListItem","position":2,"name":"PRODUKTPR\u00c4SENTATION","item":"https:\/\/bien-etreiris.ch\/de\/produktpraesentation\/"},{"@type":"ListItem","position":3,"name":"GESUNDES LEBEN","item":"https:\/\/bien-etreiris.ch\/de\/produktpraesentation\/gesundes-leben\/"},{"@type":"ListItem","position":4,"name":"GESUNDE LEBENSMITTEL","item":"https:\/\/bien-etreiris.ch\/de\/produktpraesentation\/gesundes-leben\/gesunde-lebensmittel\/"},{"@type":"ListItem","position":5,"name":"SUPERFOODS","item":"https:\/\/bien-etreiris.ch\/de\/produktpraesentation\/gesundes-leben\/gesunde-lebensmittel\/superfoods\/"},{"@type":"ListItem","position":6,"name":"TROCKENFR\u00dcCHTE","item":"https:\/\/bien-etreiris.ch\/de\/produktpraesentation\/gesundes-leben\/gesunde-lebensmittel\/superfoods\/trockenfruechte\/"},{"@type":"ListItem","position":7,"name":"CRUNCHY FRUIT"}]},{"@type":"WebSite","@id":"https:\/\/bien-etreiris.ch\/de\/#website","url":"https:\/\/bien-etreiris.ch\/de\/","name":"Bien-\u00eatre Iris","description":"IHRE Gesundheit ist uns wichtig","potentialAction":[{"@type":"SearchAction","target":{"@type":"EntryPoint","urlTemplate":"https:\/\/bien-etreiris.ch\/de\/?s={search_term_string}"},"query-input":{"@type":"PropertyValueSpecification","valueRequired":true,"valueName":"search_term_string"}}],"inLanguage":"de"}]}},"_links":{"self":[{"href":"https:\/\/bien-etreiris.ch\/de\/wp-json\/wp\/v2\/pages\/58801","targetHints":{"allow":["GET"]}}],"collection":[{"href":"https:\/\/bien-etreiris.ch\/de\/wp-json\/wp\/v2\/pages"}],"about":[{"href":"https:\/\/bien-etreiris.ch\/de\/wp-json\/wp\/v2\/types\/page"}],"author":[{"embeddable":true,"href":"https:\/\/bien-etreiris.ch\/de\/wp-json\/wp\/v2\/users\/1"}],"replies":[{"embeddable":true,"href":"https:\/\/bien-etreiris.ch\/de\/wp-json\/wp\/v2\/comments?post=58801"}],"version-history":[{"count":7,"href":"https:\/\/bien-etreiris.ch\/de\/wp-json\/wp\/v2\/pages\/58801\/revisions"}],"predecessor-version":[{"id":88094,"href":"https:\/\/bien-etreiris.ch\/de\/wp-json\/wp\/v2\/pages\/58801\/revisions\/88094"}],"up":[{"embeddable":true,"href":"https:\/\/bien-etreiris.ch\/de\/wp-json\/wp\/v2\/pages\/42532"}],"wp:featuredmedia":[{"embeddable":true,"href":"https:\/\/bien-etreiris.ch\/de\/wp-json\/wp\/v2\/media\/82274"}],"wp:attachment":[{"href":"https:\/\/bien-etreiris.ch\/de\/wp-json\/wp\/v2\/media?parent=58801"}],"curies":[{"name":"wp","href":"https:\/\/api.w.org\/{rel}","templated":true}]}}