{"id":58596,"date":"2022-08-18T14:30:27","date_gmt":"2022-08-18T12:30:27","guid":{"rendered":"https:\/\/bien-etreiris.ch\/nutriment-cheveux\/"},"modified":"2022-08-18T16:27:44","modified_gmt":"2022-08-18T14:27:44","slug":"nutriment-cheveux","status":"publish","type":"page","link":"https:\/\/bien-etreiris.ch\/de\/produktpraesentation\/hygiene\/koerperpflege\/natuerliche-haar-und-kopfhautpflege\/nutriment-cheveux\/","title":{"rendered":"HAARN\u00c4HRSTOFFE"},"content":{"rendered":"\n<h2>HAARE VERLANGEN N\u00c4HRSTOFFE<\/h2>\n<p><br>Den engen Zusammenhang zwischen Haargesundheit und N\u00e4hrstoffen untermauern folgende Fakten.<\/p>\n<h4><br>Calcium und Magnesium<\/h4>\n<p>sind essenziell f\u00fcr Haarfollikel. Etliche Enzyme und Hormone kommen ohne diese Mineralien nicht aus, ebenso wie Vitamin D und C. In Kombination mit Zink stellen sie die ma\u00dfgeblichen Akteure zur Regulation des S\u00e4ure-Basen-Gleichgewichts dar. Bei chronischem Calcium und Magnesiummangel greift der K\u00f6rper Haarfollikel und Knochen an.<\/p>\n<h4>Zink<\/h4>\n<p>braucht der K\u00f6rper f\u00fcr den Aufbau von Keratin sowie f\u00fcr die Herstellung und Quervernetzung von Kollagen, den unerl\u00e4sslichen Bestandteilen von Haut, N\u00e4geln und Haaren. Es aktiviert di-verse Enzyme und Hormone, z.B. Wachstumshormone, und entgiftet toxische Schwermetalle. Bei langfristigen Defiziten werden Haare spr\u00f6de und rissig und k\u00f6nnen ausfallen.<\/p>\n<h4><br>Schwefel<\/h4>\n<p>synthetisiert schwefelhaltige Aminos\u00e4uren und Aminos\u00e4ureverbindungen, die ihrerseits freie Radikale und Gifte neutralisieren. Sie liegen hoch konzentriert in Haut, N\u00e4geln und Haaren vor, weil sie f\u00fcr die Produktion von Keratinen, einer Gruppe von Strukturproteinen, unersetzlich sind. Bestimmte Vitamine und andere N\u00e4hrstoffe bed\u00fcrfen Schwefel zur Aktivierung und Aufnahme in die Zelle.<\/p>\n<h4><br>Silicium<\/h4>\n<p>\u201edas Sch\u00f6nheitsmineral\u201c, regeneriert das Bindegewebe, da es an der Elastin- und Kollagensynthese teilnimmt, wodurch Haare, N\u00e4gel und Haut an Stabilit\u00e4t gewinnen. Daneben setzt es Anreize f\u00fcr Wachstumsprozesse und optimiert den N\u00e4hr- und Sauerstofftransport, indem es die Gef\u00e4\u00dfw\u00e4nde stabilisiert.<\/p>\n<p><br>\u00dcbliche Mangelerscheinungen von<strong> Mangan<\/strong> zeigen sich durch verz\u00f6gertes Wachstum und Pigmentierungsverlust der Haare.<\/p>\n<h4><br>Kupfer<\/h4>\n<p>ist wichtig f\u00fcr den Jodstoffwechsel und die Eisenaufnahme. Es st\u00fctzt die Haarstruktur dadurch, dass es kollagenes Bindegewebe mit aufbaut. Versorgungskrisen ziehen d\u00fcnnes, zerbrechliches Haar nach sich.<\/p>\n<h4><br><strong>Mangan, Eisen und Molybd\u00e4n<\/strong><\/h4>\n<p>sind dabei, wenn es darum geht, die k\u00f6rpereigenen Radikalf\u00e4nger zu mobilisieren.<\/p>\n<h4><br>Kalium<\/h4>\n<p>reguliert den PH-Wert im Zellinneren. Biotin, auch als Vitamin H und B7 bekannt, hat Anteil am Einbau schwefelhaltiger Aminos\u00e4uren wie Methionin und Cystein, die die Haarstruktur widerstandsf\u00e4hig machen. Es hat eine ebenso gro\u00dfe Bedeutung f\u00fcr die Produktion von Haaren wie das Mineral Zink. Zusammen mit anderen Substanzen bestimmt Biotin den Fett-gehalt der Haut. Als Folge der Unterversorgung verliert das Haar an Glanz und neigt zum Ausfallen; Die Fingern\u00e4gel beginnen zu splittern.<\/p>\n<h4>Vitamin B9<\/h4>\n<p>(Fols\u00e4ure) ist entscheidend f\u00fcr die Neubildung von Zellen und somit f\u00fcr gesund wachsende Haare. Mangelt es an Fols\u00e4ure, provoziert dies Haarausfall, Hautprobleme und depressive Verstimmungen. Gemeinsam mit den Vitaminen B6 und B12 entgiftet es die toxische Aminos\u00e4ure Homoystein.<\/p>\n<h4><br>B-Vitamine und Magnesium<\/h4>\n<p>flankieren die Aktivit\u00e4ten der Nerven und eignen sich daher in besonderem Ma\u00dfe als Mittel gegen stressbedingten Haarausfall. Eisen forciert die Immunfunktion der Haut und f\u00f6rdert das Haarwachstum; bei Unterversorgung wer-den Haare stumpf, spr\u00f6de und br\u00fcchig.<\/p>\n<h4><br>Jod<\/h4>\n<p>verk\u00f6rpert die entscheidende Ausgangssubstanz der Schilddr\u00fcsenhormone. Joddefizite beg\u00fcnstigen Haartrockenheit. Sowohl die Schilddr\u00fcsen \u00fcber als auch Unterfunktion vermag Haarausfall in Gang zu setzen.<\/p>\n<h4>Vitamin B2<\/h4>\n<p><br>Als \u201eWachstumsvitamin\u201c spielt Vitamin B2 (Riboflavin) eine wichtige Rolle f\u00fcr das normale Haarwachstum und den Schutz der Haare vor Umweltemissionen. Das Vitamin B2-Manko kommt wom\u00f6glich durch Haarausfall zum Vorschein.<\/p>\n<h4><br>Vitamin B3, B5 und B6<\/h4>\n<p>lenken die T\u00e4tigkeit der Talgdr\u00fcsen und assistieren bei Reparaturvorg\u00e4ngen, ohne die das Haarwachstum verz\u00f6gert wird oder gar zum Stillstand kommt. Zugleich beugt das Vitamin-Trio Entz\u00fcndungen vor und schont damit die Kopfhaut.<\/p>\n<h4><br>Vitamin E und Pantothens\u00e4ure (Vitamin B5)<\/h4>\n<p>f\u00f6rdern \u00fcber die Durchblutung der Kopfhaut die N\u00e4hrstoffversorgung von Haarwurzeln. Das fettl\u00f6sliche Vitamin verleiht der Haut ein besseres Feuchtigkeitsverm\u00f6gen, bewahrt sie vor Entz\u00fcndungen, wappnet die Zellen der Haarfollikel gegen die destruktive Arbeit der freien Radikalen, z.B. infolge von UV-Bestrahlung, und hilft gegen Haarausfall nach einer Bestrahlung.<\/p>\n<h4><br>Vitamin A<\/h4>\n<p>partizipiert an der Fettsynthese in den Haarfollikeln, sorgt f\u00fcr den Glanz der Haare, macht es geschmeidig und stimuliert das Wachstum. Das Defizit kann St\u00f6rungen des Haarwachstums ausl\u00f6sen. Vitamin A kommt bei diffusem Haarausfall therapeutisch zum Einsatz.<\/p>\n<h4><br>Vitamin C<\/h4>\n<p>hilft mit, Eisen an die roten Blutk\u00f6rperchen zu binden, woraufhin den Haarwurzeln effizienter mit Eisen und Sauerstoff ausgestattet werden. Es spielt ferner eine zentrale Rolle bei der Synthese von Kollagen. Au\u00dferdem bek\u00e4mpft Vitamin C, als hoch wirksames Antioxidans, freie Radikale.<\/p>\n<h4><br>Vitamin D<\/h4>\n<p>Mangel verk\u00fcrzt den Haarfollikelzyklus und provoziert Calcium-Mangel. Die Immunabwehr profitiert vom Sonnenvitamin. Entz\u00fcndungen, z.B. in der Kopfhaut, werden ab bestimmten Vitamin-D-Blutwerten gebremst.<\/p>\n<h4>Omega-3-Fette<\/h4>\n<p>z.B. die Alpha-Linolens\u00e4ure, und Omega-6-Fetts\u00e4uren, darunter die Gamma-Linolens\u00e4ure, sind essenzielle Fetts\u00e4uren und f\u00fcr die Feuchtigkeit und Spannkraft von Haut und Haaren bedeutsam. Sie arbeiten br\u00fcchigem Haar und Haarausfall entgegen. Bei Versorgungsengp\u00e4ssen handelt es sich in der Regel um ein Defizit an Omega-3-Fetts\u00e4uren, dass die Probleme mit Haut und Haaren versch\u00e4rft. Einige sekund\u00e4re Pflanzenstoffe, fangen freie Radikale und stimulieren das Immunsystem. <br>Die Grundlage f\u00fcr wachsende Haare bildet Eiwei\u00df (Aminos\u00e4ureverbindungen), denn streng genommen sind Haare F\u00e4den aus Keratin. Keratin ist ein Sammelbegriff f\u00fcr diverse wasserunl\u00f6sliche Faserproteine, die haupts\u00e4chlich in Haaren und N\u00e4geln vorkommen und der Zelle Stabilit\u00e4t und Form geben. Eine hinl\u00e4ngliche Zufuhr an hochwertigem Protein bleibt daher elementar f\u00fcr den Aufbau von Haaren. Erste Anzeichen des Mangels \u00e4u\u00dfern sich in verringertem Haar und Nagelwachstum. Einige Aminos\u00e4uren kann der K\u00f6rper nur in geringem Umfang herstellen, andere hingegen gar nicht. Letztere nennt man deshalb <br>\u201eessenzielle Aminos\u00e4uren\u201c. Eine ausgewogene Kost aus hochwertigen Eiwei\u00dfquellen, nat\u00fcrlichen Fetten, frischem Gem\u00fcse und hinreichend Fl\u00fcssigkeit, wird angeraten. Dann ist gew\u00e4hrleistet (besonders in Verbindung mit diesem Haarprogramm), dass s\u00e4mtliche erforderliche Mikron\u00e4hrstoffe vom K\u00f6rper bereitgestellt werden. <br>NATURSTOFFEBESEITIGEN MANGELZUST\u00c4NDE <br>Unser Cellavita\u00ae-Haarprogramm h\u00e4lt anhand ausgew\u00e4hlter Nahrungserg\u00e4nzungsmittel die volle Bandbreite an Vitalstoffen bereit, deren Unterversorgung die genannten Haarprobleme unter anderem ausl\u00f6st. <\/p>\n<p>Dans notre boutique, vous trouverez tous les produits avec des conseils pour vos cheveux.<\/p>\n<p>Super vid\u00e9o bien expliqu\u00e9e malheureusement en allemand seulement<\/p>\n<p>In unserer Gesch\u00e4ft findet Ihr alle Produkte mit Ratschl\u00e4ge f\u00fcr Ihr Haar<\/p>\n<p>&nbsp;<\/p>\n<p><iframe loading=\"lazy\" title=\"Gesunde Haare und Kopfhaut - Haarpflege mit Naturstoffen - Diana Hoffmann zeigt wie es geht !\" width=\"604\" height=\"340\" src=\"https:\/\/www.youtube.com\/embed\/7Jsh3K9QHeA?feature=oembed\" frameborder=\"0\" allow=\"accelerometer; autoplay; clipboard-write; encrypted-media; gyroscope; picture-in-picture; web-share\" referrerpolicy=\"strict-origin-when-cross-origin\" allowfullscreen><\/iframe><\/p>\n","protected":false},"excerpt":{"rendered":"<p>HAARE VERLANGEN N\u00c4HRSTOFFE Den engen Zusammenhang zwischen Haargesundheit und N\u00e4hrstoffen untermauern folgende Fakten. Calcium und Magnesium sind essenziell f\u00fcr Haarfollikel. Etliche Enzyme und Hormone kommen ohne diese Mineralien nicht aus, ebenso wie Vitamin D und C. In Kombination mit Zink stellen sie die ma\u00dfgeblichen Akteure zur Regulation des S\u00e4ure-Basen-Gleichgewichts dar. Bei chronischem Calcium und Magnesiummangel greift der K\u00f6rper Haarfollikel und&nbsp;<a href=\"https:\/\/bien-etreiris.ch\/de\/produktpraesentation\/hygiene\/koerperpflege\/natuerliche-haar-und-kopfhautpflege\/nutriment-cheveux\/\" class=\"read-more\">Weiter lesen<\/a><\/p>\n","protected":false},"author":1,"featured_media":47654,"parent":42509,"menu_order":4543,"comment_status":"closed","ping_status":"closed","template":"page-with-child.php","meta":{"_acf_changed":false,"ngg_post_thumbnail":0,"footnotes":""},"class_list":["post-58596","page","type-page","status-publish","has-post-thumbnail","hentry"],"acf":[],"yoast_head":"<!-- This site is optimized with the Yoast SEO plugin v27.5 - https:\/\/yoast.com\/product\/yoast-seo-wordpress\/ -->\n<title>HAARN\u00c4HRSTOFFE - WOHLBEFINDEN<\/title>\n<meta name=\"robots\" content=\"index, follow, max-snippet:-1, max-image-preview:large, max-video-preview:-1\" \/>\n<link rel=\"canonical\" href=\"https:\/\/bien-etreiris.ch\/de\/produktpraesentation\/hygiene\/koerperpflege\/natuerliche-haar-und-kopfhautpflege\/nutriment-cheveux\/\" \/>\n<meta property=\"og:locale\" content=\"de_DE\" \/>\n<meta property=\"og:type\" content=\"article\" \/>\n<meta property=\"og:title\" content=\"HAARN\u00c4HRSTOFFE - WOHLBEFINDEN\" \/>\n<meta property=\"og:description\" content=\"HAARE VERLANGEN N\u00c4HRSTOFFE Den engen Zusammenhang zwischen Haargesundheit und N\u00e4hrstoffen untermauern folgende Fakten. Calcium und Magnesium sind essenziell f\u00fcr Haarfollikel. Etliche Enzyme und Hormone kommen ohne diese Mineralien nicht aus, ebenso wie Vitamin D und C. In Kombination mit Zink stellen sie die ma\u00dfgeblichen Akteure zur Regulation des S\u00e4ure-Basen-Gleichgewichts dar. Bei chronischem Calcium und Magnesiummangel greift der K\u00f6rper Haarfollikel und&nbsp;Weiter lesen\" \/>\n<meta property=\"og:url\" content=\"https:\/\/bien-etreiris.ch\/de\/produktpraesentation\/hygiene\/koerperpflege\/natuerliche-haar-und-kopfhautpflege\/nutriment-cheveux\/\" \/>\n<meta property=\"og:site_name\" content=\"WOHLBEFINDEN\" \/>\n<meta property=\"article:publisher\" content=\"https:\/\/www.facebook.com\/bienetreiris\/\" \/>\n<meta property=\"article:modified_time\" content=\"2022-08-18T14:27:44+00:00\" \/>\n<meta property=\"og:image\" content=\"https:\/\/bien-etreiris.ch\/wp-content\/uploads\/2021\/05\/acceuil-la-voie-des-chevaux-saine.jpg\" \/>\n\t<meta property=\"og:image:width\" content=\"500\" \/>\n\t<meta property=\"og:image:height\" content=\"305\" \/>\n\t<meta property=\"og:image:type\" content=\"image\/jpeg\" \/>\n<meta name=\"twitter:label1\" content=\"Gesch\u00e4tzte Lesezeit\" \/>\n\t<meta name=\"twitter:data1\" content=\"5\u00a0Minuten\" \/>\n<script type=\"application\/ld+json\" class=\"yoast-schema-graph\">{\"@context\":\"https:\\\/\\\/schema.org\",\"@graph\":[{\"@type\":\"WebPage\",\"@id\":\"https:\\\/\\\/bien-etreiris.ch\\\/de\\\/produktpraesentation\\\/hygiene\\\/koerperpflege\\\/natuerliche-haar-und-kopfhautpflege\\\/nutriment-cheveux\\\/\",\"url\":\"https:\\\/\\\/bien-etreiris.ch\\\/de\\\/produktpraesentation\\\/hygiene\\\/koerperpflege\\\/natuerliche-haar-und-kopfhautpflege\\\/nutriment-cheveux\\\/\",\"name\":\"HAARN\u00c4HRSTOFFE - WOHLBEFINDEN\",\"isPartOf\":{\"@id\":\"https:\\\/\\\/bien-etreiris.ch\\\/de\\\/#website\"},\"primaryImageOfPage\":{\"@id\":\"https:\\\/\\\/bien-etreiris.ch\\\/de\\\/produktpraesentation\\\/hygiene\\\/koerperpflege\\\/natuerliche-haar-und-kopfhautpflege\\\/nutriment-cheveux\\\/#primaryimage\"},\"image\":{\"@id\":\"https:\\\/\\\/bien-etreiris.ch\\\/de\\\/produktpraesentation\\\/hygiene\\\/koerperpflege\\\/natuerliche-haar-und-kopfhautpflege\\\/nutriment-cheveux\\\/#primaryimage\"},\"thumbnailUrl\":\"https:\\\/\\\/bien-etreiris.ch\\\/wp-content\\\/uploads\\\/2021\\\/05\\\/acceuil-la-voie-des-chevaux-saine.jpg\",\"datePublished\":\"2022-08-18T12:30:27+00:00\",\"dateModified\":\"2022-08-18T14:27:44+00:00\",\"breadcrumb\":{\"@id\":\"https:\\\/\\\/bien-etreiris.ch\\\/de\\\/produktpraesentation\\\/hygiene\\\/koerperpflege\\\/natuerliche-haar-und-kopfhautpflege\\\/nutriment-cheveux\\\/#breadcrumb\"},\"inLanguage\":\"de\",\"potentialAction\":[{\"@type\":\"ReadAction\",\"target\":[\"https:\\\/\\\/bien-etreiris.ch\\\/de\\\/produktpraesentation\\\/hygiene\\\/koerperpflege\\\/natuerliche-haar-und-kopfhautpflege\\\/nutriment-cheveux\\\/\"]}]},{\"@type\":\"ImageObject\",\"inLanguage\":\"de\",\"@id\":\"https:\\\/\\\/bien-etreiris.ch\\\/de\\\/produktpraesentation\\\/hygiene\\\/koerperpflege\\\/natuerliche-haar-und-kopfhautpflege\\\/nutriment-cheveux\\\/#primaryimage\",\"url\":\"https:\\\/\\\/bien-etreiris.ch\\\/wp-content\\\/uploads\\\/2021\\\/05\\\/acceuil-la-voie-des-chevaux-saine.jpg\",\"contentUrl\":\"https:\\\/\\\/bien-etreiris.ch\\\/wp-content\\\/uploads\\\/2021\\\/05\\\/acceuil-la-voie-des-chevaux-saine.jpg\",\"width\":500,\"height\":305},{\"@type\":\"BreadcrumbList\",\"@id\":\"https:\\\/\\\/bien-etreiris.ch\\\/de\\\/produktpraesentation\\\/hygiene\\\/koerperpflege\\\/natuerliche-haar-und-kopfhautpflege\\\/nutriment-cheveux\\\/#breadcrumb\",\"itemListElement\":[{\"@type\":\"ListItem\",\"position\":1,\"name\":\"Home\",\"item\":\"https:\\\/\\\/bien-etreiris.ch\\\/de\\\/\"},{\"@type\":\"ListItem\",\"position\":2,\"name\":\"PRODUKTPR\u00c4SENTATION\",\"item\":\"https:\\\/\\\/bien-etreiris.ch\\\/de\\\/produktpraesentation\\\/\"},{\"@type\":\"ListItem\",\"position\":3,\"name\":\"HYGIENE\",\"item\":\"https:\\\/\\\/bien-etreiris.ch\\\/de\\\/produktpraesentation\\\/hygiene\\\/\"},{\"@type\":\"ListItem\",\"position\":4,\"name\":\"K\u00d6RPERPFLEGE\",\"item\":\"https:\\\/\\\/bien-etreiris.ch\\\/de\\\/produktpraesentation\\\/hygiene\\\/koerperpflege\\\/\"},{\"@type\":\"ListItem\",\"position\":5,\"name\":\"HAAR UND KOPFHAUT\",\"item\":\"https:\\\/\\\/bien-etreiris.ch\\\/de\\\/produktpraesentation\\\/hygiene\\\/koerperpflege\\\/natuerliche-haar-und-kopfhautpflege\\\/\"},{\"@type\":\"ListItem\",\"position\":6,\"name\":\"HAARN\u00c4HRSTOFFE\"}]},{\"@type\":\"WebSite\",\"@id\":\"https:\\\/\\\/bien-etreiris.ch\\\/de\\\/#website\",\"url\":\"https:\\\/\\\/bien-etreiris.ch\\\/de\\\/\",\"name\":\"Bien-\u00eatre Iris\",\"description\":\"IHRE Gesundheit ist uns wichtig\",\"potentialAction\":[{\"@type\":\"SearchAction\",\"target\":{\"@type\":\"EntryPoint\",\"urlTemplate\":\"https:\\\/\\\/bien-etreiris.ch\\\/de\\\/?s={search_term_string}\"},\"query-input\":{\"@type\":\"PropertyValueSpecification\",\"valueRequired\":true,\"valueName\":\"search_term_string\"}}],\"inLanguage\":\"de\"}]}<\/script>\n<!-- \/ Yoast SEO plugin. -->","yoast_head_json":{"title":"HAARN\u00c4HRSTOFFE - WOHLBEFINDEN","robots":{"index":"index","follow":"follow","max-snippet":"max-snippet:-1","max-image-preview":"max-image-preview:large","max-video-preview":"max-video-preview:-1"},"canonical":"https:\/\/bien-etreiris.ch\/de\/produktpraesentation\/hygiene\/koerperpflege\/natuerliche-haar-und-kopfhautpflege\/nutriment-cheveux\/","og_locale":"de_DE","og_type":"article","og_title":"HAARN\u00c4HRSTOFFE - WOHLBEFINDEN","og_description":"HAARE VERLANGEN N\u00c4HRSTOFFE Den engen Zusammenhang zwischen Haargesundheit und N\u00e4hrstoffen untermauern folgende Fakten. Calcium und Magnesium sind essenziell f\u00fcr Haarfollikel. Etliche Enzyme und Hormone kommen ohne diese Mineralien nicht aus, ebenso wie Vitamin D und C. In Kombination mit Zink stellen sie die ma\u00dfgeblichen Akteure zur Regulation des S\u00e4ure-Basen-Gleichgewichts dar. Bei chronischem Calcium und Magnesiummangel greift der K\u00f6rper Haarfollikel und&nbsp;Weiter lesen","og_url":"https:\/\/bien-etreiris.ch\/de\/produktpraesentation\/hygiene\/koerperpflege\/natuerliche-haar-und-kopfhautpflege\/nutriment-cheveux\/","og_site_name":"WOHLBEFINDEN","article_publisher":"https:\/\/www.facebook.com\/bienetreiris\/","article_modified_time":"2022-08-18T14:27:44+00:00","og_image":[{"width":500,"height":305,"url":"https:\/\/bien-etreiris.ch\/wp-content\/uploads\/2021\/05\/acceuil-la-voie-des-chevaux-saine.jpg","type":"image\/jpeg"}],"twitter_misc":{"Gesch\u00e4tzte Lesezeit":"5\u00a0Minuten"},"schema":{"@context":"https:\/\/schema.org","@graph":[{"@type":"WebPage","@id":"https:\/\/bien-etreiris.ch\/de\/produktpraesentation\/hygiene\/koerperpflege\/natuerliche-haar-und-kopfhautpflege\/nutriment-cheveux\/","url":"https:\/\/bien-etreiris.ch\/de\/produktpraesentation\/hygiene\/koerperpflege\/natuerliche-haar-und-kopfhautpflege\/nutriment-cheveux\/","name":"HAARN\u00c4HRSTOFFE - WOHLBEFINDEN","isPartOf":{"@id":"https:\/\/bien-etreiris.ch\/de\/#website"},"primaryImageOfPage":{"@id":"https:\/\/bien-etreiris.ch\/de\/produktpraesentation\/hygiene\/koerperpflege\/natuerliche-haar-und-kopfhautpflege\/nutriment-cheveux\/#primaryimage"},"image":{"@id":"https:\/\/bien-etreiris.ch\/de\/produktpraesentation\/hygiene\/koerperpflege\/natuerliche-haar-und-kopfhautpflege\/nutriment-cheveux\/#primaryimage"},"thumbnailUrl":"https:\/\/bien-etreiris.ch\/wp-content\/uploads\/2021\/05\/acceuil-la-voie-des-chevaux-saine.jpg","datePublished":"2022-08-18T12:30:27+00:00","dateModified":"2022-08-18T14:27:44+00:00","breadcrumb":{"@id":"https:\/\/bien-etreiris.ch\/de\/produktpraesentation\/hygiene\/koerperpflege\/natuerliche-haar-und-kopfhautpflege\/nutriment-cheveux\/#breadcrumb"},"inLanguage":"de","potentialAction":[{"@type":"ReadAction","target":["https:\/\/bien-etreiris.ch\/de\/produktpraesentation\/hygiene\/koerperpflege\/natuerliche-haar-und-kopfhautpflege\/nutriment-cheveux\/"]}]},{"@type":"ImageObject","inLanguage":"de","@id":"https:\/\/bien-etreiris.ch\/de\/produktpraesentation\/hygiene\/koerperpflege\/natuerliche-haar-und-kopfhautpflege\/nutriment-cheveux\/#primaryimage","url":"https:\/\/bien-etreiris.ch\/wp-content\/uploads\/2021\/05\/acceuil-la-voie-des-chevaux-saine.jpg","contentUrl":"https:\/\/bien-etreiris.ch\/wp-content\/uploads\/2021\/05\/acceuil-la-voie-des-chevaux-saine.jpg","width":500,"height":305},{"@type":"BreadcrumbList","@id":"https:\/\/bien-etreiris.ch\/de\/produktpraesentation\/hygiene\/koerperpflege\/natuerliche-haar-und-kopfhautpflege\/nutriment-cheveux\/#breadcrumb","itemListElement":[{"@type":"ListItem","position":1,"name":"Home","item":"https:\/\/bien-etreiris.ch\/de\/"},{"@type":"ListItem","position":2,"name":"PRODUKTPR\u00c4SENTATION","item":"https:\/\/bien-etreiris.ch\/de\/produktpraesentation\/"},{"@type":"ListItem","position":3,"name":"HYGIENE","item":"https:\/\/bien-etreiris.ch\/de\/produktpraesentation\/hygiene\/"},{"@type":"ListItem","position":4,"name":"K\u00d6RPERPFLEGE","item":"https:\/\/bien-etreiris.ch\/de\/produktpraesentation\/hygiene\/koerperpflege\/"},{"@type":"ListItem","position":5,"name":"HAAR UND KOPFHAUT","item":"https:\/\/bien-etreiris.ch\/de\/produktpraesentation\/hygiene\/koerperpflege\/natuerliche-haar-und-kopfhautpflege\/"},{"@type":"ListItem","position":6,"name":"HAARN\u00c4HRSTOFFE"}]},{"@type":"WebSite","@id":"https:\/\/bien-etreiris.ch\/de\/#website","url":"https:\/\/bien-etreiris.ch\/de\/","name":"Bien-\u00eatre Iris","description":"IHRE Gesundheit ist uns wichtig","potentialAction":[{"@type":"SearchAction","target":{"@type":"EntryPoint","urlTemplate":"https:\/\/bien-etreiris.ch\/de\/?s={search_term_string}"},"query-input":{"@type":"PropertyValueSpecification","valueRequired":true,"valueName":"search_term_string"}}],"inLanguage":"de"}]}},"_links":{"self":[{"href":"https:\/\/bien-etreiris.ch\/de\/wp-json\/wp\/v2\/pages\/58596","targetHints":{"allow":["GET"]}}],"collection":[{"href":"https:\/\/bien-etreiris.ch\/de\/wp-json\/wp\/v2\/pages"}],"about":[{"href":"https:\/\/bien-etreiris.ch\/de\/wp-json\/wp\/v2\/types\/page"}],"author":[{"embeddable":true,"href":"https:\/\/bien-etreiris.ch\/de\/wp-json\/wp\/v2\/users\/1"}],"replies":[{"embeddable":true,"href":"https:\/\/bien-etreiris.ch\/de\/wp-json\/wp\/v2\/comments?post=58596"}],"version-history":[{"count":3,"href":"https:\/\/bien-etreiris.ch\/de\/wp-json\/wp\/v2\/pages\/58596\/revisions"}],"predecessor-version":[{"id":58605,"href":"https:\/\/bien-etreiris.ch\/de\/wp-json\/wp\/v2\/pages\/58596\/revisions\/58605"}],"up":[{"embeddable":true,"href":"https:\/\/bien-etreiris.ch\/de\/wp-json\/wp\/v2\/pages\/42509"}],"wp:featuredmedia":[{"embeddable":true,"href":"https:\/\/bien-etreiris.ch\/de\/wp-json\/wp\/v2\/media\/47654"}],"wp:attachment":[{"href":"https:\/\/bien-etreiris.ch\/de\/wp-json\/wp\/v2\/media?parent=58596"}],"curies":[{"name":"wp","href":"https:\/\/api.w.org\/{rel}","templated":true}]}}