{"id":58382,"date":"2022-08-14T10:18:51","date_gmt":"2022-08-14T08:18:51","guid":{"rendered":"https:\/\/bien-etreiris.ch\/ratgeber-klarheit-beratung\/pflanzenheilkunde\/aetherische-oele\/pinus-cembra\/"},"modified":"2023-05-10T06:51:52","modified_gmt":"2023-05-10T04:51:52","slug":"pinus-cembra","status":"publish","type":"page","link":"https:\/\/bien-etreiris.ch\/de\/produktpraesentation\/aromatherapie\/aetherische-oele\/pinus-cembra\/","title":{"rendered":"PINUS CEMBRA"},"content":{"rendered":"\n<h2>Pinus cembra - huiles essentielles d'arolle<\/h2>\n<p>&nbsp;<\/p>\n<h4><a href=\"https:\/\/bien-etreiris.ch\/de\/produktpraesentation\/aromatherapie\/aetherische-oele\/pinus-cembra\/arole-schweiz-2\/\" rel=\"attachment wp-att-69171\"><img loading=\"lazy\" decoding=\"async\" class=\"wp-image-69171 alignleft\" src=\"https:\/\/bien-etreiris.ch\/wp-content\/uploads\/2023\/05\/Arole-schweiz.jpg\" alt=\"\" width=\"231\" height=\"479\" srcset=\"https:\/\/bien-etreiris.ch\/wp-content\/uploads\/2023\/05\/Arole-schweiz.jpg 381w, https:\/\/bien-etreiris.ch\/wp-content\/uploads\/2023\/05\/Arole-schweiz-145x300.jpg 145w\" sizes=\"auto, (max-width: 231px) 100vw, 231px\" \/><\/a><\/h4>\n<h4>&nbsp;<\/h4>\n<h4>&nbsp;<\/h4>\n<h4>&nbsp;<\/h4>\n<p>&nbsp;<\/p>\n<p>&nbsp;<\/p>\n<h4>&nbsp;<\/h4>\n<h4>Damascena<\/h4>\n<p>Origine Suisse<\/p>\n<p>Huile essentielle 100% naturelle<\/p>\n<p>Aussi connu sous le nom de pin cembro<\/p>\n<p>Garantie de la plus haute qualit\u00e9 bio CH-BIO 006<\/p>\n<p>&nbsp; 5 ml <strong>CHF&nbsp; 11.30<\/strong><\/p>\n<p>20 ml <strong>CHF 34.00<\/strong><\/p>\n<p>&nbsp;<\/p>\n<p>&nbsp;<\/p>\n<p>&nbsp;<\/p>\n<p>&nbsp;<\/p>\n<h4><a href=\"https:\/\/bien-etreiris.ch\/de\/produktpraesentation\/aromatherapie\/aetherische-oele\/pinus-cembra\/arole-autriche-2-2\/\" rel=\"attachment wp-att-69178\"><img loading=\"lazy\" decoding=\"async\" class=\"wp-image-69178 alignleft\" src=\"https:\/\/bien-etreiris.ch\/wp-content\/uploads\/2023\/05\/Arole-autriche.jpg\" alt=\"\" width=\"150\" height=\"437\" srcset=\"https:\/\/bien-etreiris.ch\/wp-content\/uploads\/2023\/05\/Arole-autriche.jpg 261w, https:\/\/bien-etreiris.ch\/wp-content\/uploads\/2023\/05\/Arole-autriche-103x300.jpg 103w\" sizes=\"auto, (max-width: 150px) 100vw, 150px\" \/><\/a><\/h4>\n<h4>&nbsp;<\/h4>\n<h4>&nbsp;<\/h4>\n<h4>&nbsp;<\/h4>\n<h4>&nbsp;<\/h4>\n<h4>Damascena<\/h4>\n<p>Huile d'arolle BIO Tyrol<\/p>\n<p>bio-inspecta CH-BIO-006.png<\/p>\n<p>Huile essentielle 100% naturelle<\/p>\n<p>Garantie de la plus haute qualit\u00e9 bio CH-BIO 006<\/p>\n<p>10 ml <strong>CHF 14.50<\/strong><\/p>\n<p>20 ml <strong>CHF 26.50<\/strong><\/p>\n<p>&nbsp;<\/p>\n<p>&nbsp;<\/p>\n<p>&nbsp;<\/p>\n\n\n<table style=\"width: 90.3572%; height: 947px;\">\n<tbody>\n<tr style=\"height: 23px;\">\n<td style=\"width: 25.0095%; height: 23px;\"><strong>Nom botanique :<\/strong><\/td>\n<td style=\"width: 64.1708%; height: 23px;\">Pinus cembra<\/td>\n<\/tr>\n<tr style=\"height: 23px;\">\n<td style=\"width: 25.0095%; height: 23px;\"><strong>Famille botanique :<\/strong><\/td>\n<td style=\"width: 64.1708%; height: 23px;\">Pinac\u00e9es<\/td>\n<\/tr>\n<tr style=\"height: 23px;\">\n<td style=\"width: 25.0095%; height: 23px;\"><strong>M\u00e9thode d'extraction :<\/strong><\/td>\n<td style=\"width: 64.1708%; height: 23px;\">Huile essentielle obtenue par distillation \u00e0 la vapeur d'eau<\/td>\n<\/tr>\n<tr style=\"height: 23px;\">\n<td style=\"width: 25.0095%; height: 23px;\"><strong>Partie de la plante utilis\u00e9e :<\/strong><\/td>\n<td style=\"width: 64.1708%; height: 23px;\"><span class=\"tlid-translation translation\" lang=\"fr\"><span class=\"\" title=\"\">aiguilles et rameaux<\/span><\/span><\/td>\n<\/tr>\n<tr style=\"height: 23px;\">\n<td style=\"width: 25.0095%; height: 23px;\"><strong>Quantit\u00e9 v\u00e9g\u00e9tale :<\/strong><\/td>\n<td style=\"width: 64.1708%; height: 23px;\">de la culture biologique contr\u00f4l\u00e9e (bio)<\/td>\n<\/tr>\n<tr style=\"height: 23px;\">\n<td style=\"width: 25.0095%; height: 23px;\"><strong>Origine g\u00e9ographique :<\/strong>&nbsp;<\/td>\n<td style=\"width: 64.1708%; height: 23px;\">Suisse<\/td>\n<\/tr>\n<tr style=\"height: 23px;\">\n<td style=\"width: 25.0095%; height: 23px;\"><strong>Culture qualit\u00e9&nbsp;:<\/strong><\/td>\n<td style=\"width: 64.1708%; height: 23px;\">cueillette sauvage bio contr\u00f4l\u00e9e ), non test\u00e9 sur les animaux, v\u00e9g\u00e9talien<\/td>\n<\/tr>\n<tr style=\"height: 23px;\">\n<td style=\"width: 25.0095%; height: 23px;\"><strong>Effet parfum\u00e9 :<\/strong><\/td>\n<td style=\"width: 64.1708%; height: 23px;\">terreuse<\/td>\n<\/tr>\n<tr style=\"height: 23px;\">\n<td style=\"width: 25.0095%; height: 23px;\"><strong>Note parfum\u00e9e :<\/strong><\/td>\n<td style=\"width: 64.1708%; height: 23px;\">Note de c\u0153ur<\/td>\n<\/tr>\n<tr style=\"height: 23px;\">\n<td style=\"width: 25.0095%; height: 23px;\"><strong>Profil de parfum :<\/strong><\/td>\n<td style=\"width: 64.1708%; height: 23px;\">chaud, bois\u00e9, piquant<\/td>\n<\/tr>\n<tr style=\"height: 23px;\">\n<td style=\"width: 25.0095%; height: 23px;\"><strong>Th\u00e8me du parfum :<\/strong><\/td>\n<td style=\"width: 64.1708%; height: 23px;\">fortifiant, tonique, encourageant, bon pour les voies respiratoires<\/td>\n<\/tr>\n<tr style=\"height: 23px;\">\n<td style=\"width: 25.0095%; height: 23px;\"><strong>\u00c9nerg\u00e9tique :<\/strong><\/td>\n<td style=\"width: 64.1708%; height: 23px;\">&nbsp;<\/td>\n<\/tr>\n<tr style=\"height: 23px;\">\n<td style=\"width: 25.0095%; height: 23px;\"><strong>Psycho-\u00e9motionnel :<\/strong>&nbsp;<\/td>\n<td style=\"width: 64.1708%; height: 23px;\">&nbsp;<\/td>\n<\/tr>\n<tr style=\"height: 320px;\">\n<td style=\"width: 25.0095%; height: 320px; vertical-align: top;\">\n<p><strong>Description :<\/strong><\/p>\n<p>&nbsp;<\/p>\n<p>&nbsp;<\/p>\n<p>&nbsp;<\/p>\n<p>&nbsp;<\/p>\n<p>&nbsp;<\/p>\n<\/td>\n<td style=\"width: 64.1708%; height: 320px;\" scope=\"row\">\n<ul style=\"list-style-type: disc;\">\n<li>\n<p>La reine des Alpes est un arbre extr\u00eamement r\u00e9sistant, qui d\u00e9fie les forces de la nature jusqu'\u00e0 la limite des arbres. Le pin cembro local est particuli\u00e8rement connu dans les Grisons, o\u00f9 il est utilis\u00e9 dans les chambres en pin cembro ou en pin arolle.<\/p>\n<\/li>\n<li>\n<p>L'effet apaisant du bois d'arolle est aujourd'hui red\u00e9couvert par l'industrie du meuble. Son parfum balsamique est utilis\u00e9 en aromath\u00e9rapie pour traiter les douleurs rhumatismales et les maladies du syst\u00e8me respiratoire.<\/p>\n<\/li>\n<li>\n<p>L'huile d'arolle Suisse BIO est une huile protectrice puissante. Elle transmet un lien profond avec la vie et l'\u00eatre. Huile d'arolle<\/p>\n<\/li>\n<li>\n<p>Elle favorise la concertation et la clairvoyance. \u00c9galement connue sous le nom d'huile d'arolle BIO. Huile d'arolle 100% naturelle Bio Suisse<\/p>\n<\/li>\n<\/ul>\n<\/td>\n<\/tr>\n<tr style=\"height: 298px;\">\n<td style=\"width: 25.0095%; height: 298px; vertical-align: top;\">\n<p><strong>Application :<\/strong><\/p>\n<\/td>\n<td style=\"width: 64.1708%; height: 298px;\">\n<ul style=\"list-style-type: disc;\">\n<li>Le pin cembro se m\u00e9lange bien avec la lavande, la verveine, la sauge sclar\u00e9e, l'hysope, la racine d'ang\u00e9lique, le bois de linalo\u00e8s, l'orange et le c\u00e8dre.<\/li>\n<li>Pour une atmosph\u00e8re favorisant la concentration et la clarification, ajouter du pamplemousse et du cajeput dans le diffuseur d'ar\u00f4mes.<\/li>\n<li>Des sp\u00e9cialistes form\u00e9s vous donneront volontiers de plus amples informations sur les possibilit\u00e9s d'utilisation m\u00e9dicale et cosm\u00e9tique.<\/li>\n<\/ul>\n<\/td>\n<\/tr>\n<tr style=\"height: 68px;\">\n<td style=\"width: 25.0095%; height: 10px;\">\n<p><strong>Principes actifs :&nbsp;<\/strong><\/p>\n<\/td>\n<td style=\"width: 64.1708%; height: 10px;\">\n<p>&nbsp;<\/p>\n<\/td>\n<\/tr>\n<tr style=\"height: 68px;\">\n<td style=\"width: 25.0095%; height: 10px;\">\n<p><strong><span style=\"color: #ff0000;\">Pr\u00e9cautions !<\/span><br><\/strong><\/p>\n<\/td>\n<td style=\"height: 10px; width: 64.1708%;\">&nbsp;<\/td>\n<\/tr>\n<tr style=\"height: 10px;\">\n<td style=\"width: 89.1803%; height: 10px;\" colspan=\"2\">\n<p>Des sp\u00e9cialistes form\u00e9s vous donneront volontiers de plus amples informations sur les possibilit\u00e9s d'utilisation m\u00e9dicale et cosm\u00e9tique.<\/p>\n<\/td>\n<\/tr>\n<\/tbody>\n<\/table>\n<p>&nbsp;<\/p>\n<p>&nbsp;<\/p>\n<p>&nbsp;<\/p>\n<p><a href=\"https:\/\/decoiris.ch\/wp-content\/uploads\/2019\/04\/Fl\u00e4schli-3.jpg\"><img loading=\"lazy\" decoding=\"async\" class=\"alignnone size-full wp-image-15771\" src=\"https:\/\/decoiris.ch\/wp-content\/uploads\/2019\/04\/Fl\u00e4schli-3.jpg\" alt=\"\" width=\"134\" height=\"200\"><\/a><a href=\"https:\/\/decoiris.ch\/wp-content\/uploads\/2019\/04\/Pin-cembra.jpg\"><img loading=\"lazy\" decoding=\"async\" class=\"alignnone size-medium wp-image-16157\" src=\"https:\/\/decoiris.ch\/wp-content\/uploads\/2019\/04\/Pin-cembra-300x200.jpg\" alt=\"\" width=\"300\" height=\"200\"><\/a><a href=\"https:\/\/decoiris.ch\/wp-content\/uploads\/2019\/04\/tropfen-2.jpg\"><img loading=\"lazy\" decoding=\"async\" class=\"alignnone size-full wp-image-15743\" src=\"https:\/\/decoiris.ch\/wp-content\/uploads\/2019\/04\/tropfen-2.jpg\" alt=\"\" width=\"155\" height=\"200\"><\/a><\/p>","protected":false},"excerpt":{"rendered":"<p>Pinus cembra - huiles essentielles d'arolle &nbsp; &nbsp; &nbsp; &nbsp; &nbsp; &nbsp; &nbsp; Damascena Origine Suisse Huile essentielle 100% naturelle Aussi connu sous le nom de pin cembro Garantie de la plus haute qualit\u00e9 bio CH-BIO 006 &nbsp; 5 ml CHF&nbsp; 11.30 20 ml CHF 34.00 &nbsp; &nbsp; &nbsp; &nbsp; &nbsp; &nbsp; &nbsp; &nbsp; Damascena Huile d'arolle BIO Tyrol bio-inspecta&nbsp;<a href=\"https:\/\/bien-etreiris.ch\/de\/produktpraesentation\/aromatherapie\/aetherische-oele\/pinus-cembra\/\" class=\"read-more\">Weiter lesen<\/a><\/p>\n","protected":false},"author":1,"featured_media":69735,"parent":37429,"menu_order":4564,"comment_status":"closed","ping_status":"closed","template":"page-with-child.php","meta":{"_acf_changed":false,"ngg_post_thumbnail":0,"footnotes":""},"class_list":["post-58382","page","type-page","status-publish","has-post-thumbnail","hentry"],"acf":[],"yoast_head":"<!-- This site is optimized with the Yoast SEO plugin v27.6 - https:\/\/yoast.com\/product\/yoast-seo-wordpress\/ -->\n<title>PINUS CEMBRA - WOHLBEFINDEN<\/title>\n<meta name=\"robots\" content=\"index, follow, max-snippet:-1, max-image-preview:large, max-video-preview:-1\" \/>\n<link rel=\"canonical\" href=\"https:\/\/bien-etreiris.ch\/de\/produktpraesentation\/aromatherapie\/aetherische-oele\/pinus-cembra\/\" \/>\n<meta property=\"og:locale\" content=\"de_DE\" \/>\n<meta property=\"og:type\" content=\"article\" \/>\n<meta property=\"og:title\" content=\"PINUS CEMBRA - WOHLBEFINDEN\" \/>\n<meta property=\"og:description\" content=\"Pinus cembra - huiles essentielles d&#039;arolle &nbsp; &nbsp; &nbsp; &nbsp; &nbsp; &nbsp; &nbsp; Damascena Origine Suisse Huile essentielle 100% naturelle Aussi connu sous le nom de pin cembro Garantie de la plus haute qualit\u00e9 bio CH-BIO 006 &nbsp; 5 ml CHF&nbsp; 11.30 20 ml CHF 34.00 &nbsp; &nbsp; &nbsp; &nbsp; &nbsp; &nbsp; &nbsp; &nbsp; Damascena Huile d&#039;arolle BIO Tyrol bio-inspecta&nbsp;Weiter lesen\" \/>\n<meta property=\"og:url\" content=\"https:\/\/bien-etreiris.ch\/de\/produktpraesentation\/aromatherapie\/aetherische-oele\/pinus-cembra\/\" \/>\n<meta property=\"og:site_name\" content=\"WOHLBEFINDEN\" \/>\n<meta property=\"article:publisher\" content=\"https:\/\/www.facebook.com\/bienetreiris\/\" \/>\n<meta property=\"article:modified_time\" content=\"2023-05-10T04:51:52+00:00\" \/>\n<meta property=\"og:image\" content=\"https:\/\/bien-etreiris.ch\/wp-content\/uploads\/2023\/05\/acceuil-pin-cembra-1.png\" \/>\n\t<meta property=\"og:image:width\" content=\"500\" \/>\n\t<meta property=\"og:image:height\" content=\"303\" \/>\n\t<meta property=\"og:image:type\" content=\"image\/png\" \/>\n<meta name=\"twitter:label1\" content=\"Gesch\u00e4tzte Lesezeit\" \/>\n\t<meta name=\"twitter:data1\" content=\"3\u00a0Minuten\" \/>\n<script type=\"application\/ld+json\" class=\"yoast-schema-graph\">{\"@context\":\"https:\\\/\\\/schema.org\",\"@graph\":[{\"@type\":\"WebPage\",\"@id\":\"https:\\\/\\\/bien-etreiris.ch\\\/de\\\/produktpraesentation\\\/aromatherapie\\\/aetherische-oele\\\/pinus-cembra\\\/\",\"url\":\"https:\\\/\\\/bien-etreiris.ch\\\/de\\\/produktpraesentation\\\/aromatherapie\\\/aetherische-oele\\\/pinus-cembra\\\/\",\"name\":\"PINUS CEMBRA - WOHLBEFINDEN\",\"isPartOf\":{\"@id\":\"https:\\\/\\\/bien-etreiris.ch\\\/de\\\/#website\"},\"primaryImageOfPage\":{\"@id\":\"https:\\\/\\\/bien-etreiris.ch\\\/de\\\/produktpraesentation\\\/aromatherapie\\\/aetherische-oele\\\/pinus-cembra\\\/#primaryimage\"},\"image\":{\"@id\":\"https:\\\/\\\/bien-etreiris.ch\\\/de\\\/produktpraesentation\\\/aromatherapie\\\/aetherische-oele\\\/pinus-cembra\\\/#primaryimage\"},\"thumbnailUrl\":\"https:\\\/\\\/bien-etreiris.ch\\\/wp-content\\\/uploads\\\/2023\\\/05\\\/acceuil-pin-cembra-1.png\",\"datePublished\":\"2022-08-14T08:18:51+00:00\",\"dateModified\":\"2023-05-10T04:51:52+00:00\",\"breadcrumb\":{\"@id\":\"https:\\\/\\\/bien-etreiris.ch\\\/de\\\/produktpraesentation\\\/aromatherapie\\\/aetherische-oele\\\/pinus-cembra\\\/#breadcrumb\"},\"inLanguage\":\"de\",\"potentialAction\":[{\"@type\":\"ReadAction\",\"target\":[\"https:\\\/\\\/bien-etreiris.ch\\\/de\\\/produktpraesentation\\\/aromatherapie\\\/aetherische-oele\\\/pinus-cembra\\\/\"]}]},{\"@type\":\"ImageObject\",\"inLanguage\":\"de\",\"@id\":\"https:\\\/\\\/bien-etreiris.ch\\\/de\\\/produktpraesentation\\\/aromatherapie\\\/aetherische-oele\\\/pinus-cembra\\\/#primaryimage\",\"url\":\"https:\\\/\\\/bien-etreiris.ch\\\/wp-content\\\/uploads\\\/2023\\\/05\\\/acceuil-pin-cembra-1.png\",\"contentUrl\":\"https:\\\/\\\/bien-etreiris.ch\\\/wp-content\\\/uploads\\\/2023\\\/05\\\/acceuil-pin-cembra-1.png\",\"width\":500,\"height\":303},{\"@type\":\"BreadcrumbList\",\"@id\":\"https:\\\/\\\/bien-etreiris.ch\\\/de\\\/produktpraesentation\\\/aromatherapie\\\/aetherische-oele\\\/pinus-cembra\\\/#breadcrumb\",\"itemListElement\":[{\"@type\":\"ListItem\",\"position\":1,\"name\":\"Home\",\"item\":\"https:\\\/\\\/bien-etreiris.ch\\\/de\\\/\"},{\"@type\":\"ListItem\",\"position\":2,\"name\":\"PRODUKTPR\u00c4SENTATION\",\"item\":\"https:\\\/\\\/bien-etreiris.ch\\\/de\\\/produktpraesentation\\\/\"},{\"@type\":\"ListItem\",\"position\":3,\"name\":\"AROMATHERAPIE\",\"item\":\"https:\\\/\\\/bien-etreiris.ch\\\/de\\\/produktpraesentation\\\/aromatherapie\\\/\"},{\"@type\":\"ListItem\",\"position\":4,\"name\":\"\u00c4THERISCHE \u00d6LE\",\"item\":\"https:\\\/\\\/bien-etreiris.ch\\\/de\\\/produktpraesentation\\\/aromatherapie\\\/aetherische-oele\\\/\"},{\"@type\":\"ListItem\",\"position\":5,\"name\":\"PINUS CEMBRA\"}]},{\"@type\":\"WebSite\",\"@id\":\"https:\\\/\\\/bien-etreiris.ch\\\/de\\\/#website\",\"url\":\"https:\\\/\\\/bien-etreiris.ch\\\/de\\\/\",\"name\":\"Bien-\u00eatre Iris\",\"description\":\"IHRE Gesundheit ist uns wichtig\",\"potentialAction\":[{\"@type\":\"SearchAction\",\"target\":{\"@type\":\"EntryPoint\",\"urlTemplate\":\"https:\\\/\\\/bien-etreiris.ch\\\/de\\\/?s={search_term_string}\"},\"query-input\":{\"@type\":\"PropertyValueSpecification\",\"valueRequired\":true,\"valueName\":\"search_term_string\"}}],\"inLanguage\":\"de\"}]}<\/script>\n<!-- \/ Yoast SEO plugin. -->","yoast_head_json":{"title":"PINUS CEMBRA - WOHLBEFINDEN","robots":{"index":"index","follow":"follow","max-snippet":"max-snippet:-1","max-image-preview":"max-image-preview:large","max-video-preview":"max-video-preview:-1"},"canonical":"https:\/\/bien-etreiris.ch\/de\/produktpraesentation\/aromatherapie\/aetherische-oele\/pinus-cembra\/","og_locale":"de_DE","og_type":"article","og_title":"PINUS CEMBRA - WOHLBEFINDEN","og_description":"Pinus cembra - huiles essentielles d'arolle &nbsp; &nbsp; &nbsp; &nbsp; &nbsp; &nbsp; &nbsp; Damascena Origine Suisse Huile essentielle 100% naturelle Aussi connu sous le nom de pin cembro Garantie de la plus haute qualit\u00e9 bio CH-BIO 006 &nbsp; 5 ml CHF&nbsp; 11.30 20 ml CHF 34.00 &nbsp; &nbsp; &nbsp; &nbsp; &nbsp; &nbsp; &nbsp; &nbsp; Damascena Huile d'arolle BIO Tyrol bio-inspecta&nbsp;Weiter lesen","og_url":"https:\/\/bien-etreiris.ch\/de\/produktpraesentation\/aromatherapie\/aetherische-oele\/pinus-cembra\/","og_site_name":"WOHLBEFINDEN","article_publisher":"https:\/\/www.facebook.com\/bienetreiris\/","article_modified_time":"2023-05-10T04:51:52+00:00","og_image":[{"width":500,"height":303,"url":"https:\/\/bien-etreiris.ch\/wp-content\/uploads\/2023\/05\/acceuil-pin-cembra-1.png","type":"image\/png"}],"twitter_misc":{"Gesch\u00e4tzte Lesezeit":"3\u00a0Minuten"},"schema":{"@context":"https:\/\/schema.org","@graph":[{"@type":"WebPage","@id":"https:\/\/bien-etreiris.ch\/de\/produktpraesentation\/aromatherapie\/aetherische-oele\/pinus-cembra\/","url":"https:\/\/bien-etreiris.ch\/de\/produktpraesentation\/aromatherapie\/aetherische-oele\/pinus-cembra\/","name":"PINUS CEMBRA - WOHLBEFINDEN","isPartOf":{"@id":"https:\/\/bien-etreiris.ch\/de\/#website"},"primaryImageOfPage":{"@id":"https:\/\/bien-etreiris.ch\/de\/produktpraesentation\/aromatherapie\/aetherische-oele\/pinus-cembra\/#primaryimage"},"image":{"@id":"https:\/\/bien-etreiris.ch\/de\/produktpraesentation\/aromatherapie\/aetherische-oele\/pinus-cembra\/#primaryimage"},"thumbnailUrl":"https:\/\/bien-etreiris.ch\/wp-content\/uploads\/2023\/05\/acceuil-pin-cembra-1.png","datePublished":"2022-08-14T08:18:51+00:00","dateModified":"2023-05-10T04:51:52+00:00","breadcrumb":{"@id":"https:\/\/bien-etreiris.ch\/de\/produktpraesentation\/aromatherapie\/aetherische-oele\/pinus-cembra\/#breadcrumb"},"inLanguage":"de","potentialAction":[{"@type":"ReadAction","target":["https:\/\/bien-etreiris.ch\/de\/produktpraesentation\/aromatherapie\/aetherische-oele\/pinus-cembra\/"]}]},{"@type":"ImageObject","inLanguage":"de","@id":"https:\/\/bien-etreiris.ch\/de\/produktpraesentation\/aromatherapie\/aetherische-oele\/pinus-cembra\/#primaryimage","url":"https:\/\/bien-etreiris.ch\/wp-content\/uploads\/2023\/05\/acceuil-pin-cembra-1.png","contentUrl":"https:\/\/bien-etreiris.ch\/wp-content\/uploads\/2023\/05\/acceuil-pin-cembra-1.png","width":500,"height":303},{"@type":"BreadcrumbList","@id":"https:\/\/bien-etreiris.ch\/de\/produktpraesentation\/aromatherapie\/aetherische-oele\/pinus-cembra\/#breadcrumb","itemListElement":[{"@type":"ListItem","position":1,"name":"Home","item":"https:\/\/bien-etreiris.ch\/de\/"},{"@type":"ListItem","position":2,"name":"PRODUKTPR\u00c4SENTATION","item":"https:\/\/bien-etreiris.ch\/de\/produktpraesentation\/"},{"@type":"ListItem","position":3,"name":"AROMATHERAPIE","item":"https:\/\/bien-etreiris.ch\/de\/produktpraesentation\/aromatherapie\/"},{"@type":"ListItem","position":4,"name":"\u00c4THERISCHE \u00d6LE","item":"https:\/\/bien-etreiris.ch\/de\/produktpraesentation\/aromatherapie\/aetherische-oele\/"},{"@type":"ListItem","position":5,"name":"PINUS CEMBRA"}]},{"@type":"WebSite","@id":"https:\/\/bien-etreiris.ch\/de\/#website","url":"https:\/\/bien-etreiris.ch\/de\/","name":"Bien-\u00eatre Iris","description":"IHRE Gesundheit ist uns wichtig","potentialAction":[{"@type":"SearchAction","target":{"@type":"EntryPoint","urlTemplate":"https:\/\/bien-etreiris.ch\/de\/?s={search_term_string}"},"query-input":{"@type":"PropertyValueSpecification","valueRequired":true,"valueName":"search_term_string"}}],"inLanguage":"de"}]}},"_links":{"self":[{"href":"https:\/\/bien-etreiris.ch\/de\/wp-json\/wp\/v2\/pages\/58382","targetHints":{"allow":["GET"]}}],"collection":[{"href":"https:\/\/bien-etreiris.ch\/de\/wp-json\/wp\/v2\/pages"}],"about":[{"href":"https:\/\/bien-etreiris.ch\/de\/wp-json\/wp\/v2\/types\/page"}],"author":[{"embeddable":true,"href":"https:\/\/bien-etreiris.ch\/de\/wp-json\/wp\/v2\/users\/1"}],"replies":[{"embeddable":true,"href":"https:\/\/bien-etreiris.ch\/de\/wp-json\/wp\/v2\/comments?post=58382"}],"version-history":[{"count":8,"href":"https:\/\/bien-etreiris.ch\/de\/wp-json\/wp\/v2\/pages\/58382\/revisions"}],"predecessor-version":[{"id":69821,"href":"https:\/\/bien-etreiris.ch\/de\/wp-json\/wp\/v2\/pages\/58382\/revisions\/69821"}],"up":[{"embeddable":true,"href":"https:\/\/bien-etreiris.ch\/de\/wp-json\/wp\/v2\/pages\/37429"}],"wp:featuredmedia":[{"embeddable":true,"href":"https:\/\/bien-etreiris.ch\/de\/wp-json\/wp\/v2\/media\/69735"}],"wp:attachment":[{"href":"https:\/\/bien-etreiris.ch\/de\/wp-json\/wp\/v2\/media?parent=58382"}],"curies":[{"name":"wp","href":"https:\/\/api.w.org\/{rel}","templated":true}]}}