{"id":57976,"date":"2022-08-11T23:12:43","date_gmt":"2022-08-11T21:12:43","guid":{"rendered":"https:\/\/bien-etreiris.ch\/chanvre\/"},"modified":"2023-01-27T08:48:31","modified_gmt":"2023-01-27T06:48:31","slug":"hanf-in-flocken","status":"publish","type":"page","link":"https:\/\/bien-etreiris.ch\/de\/produktpraesentation\/gesundes-leben\/nahrungsergaenzungsmittel\/proteine\/pflanzliches-eiweisspulver\/hanf-in-flocken\/","title":{"rendered":"HANF IN FLOCKEN"},"content":{"rendered":"\n<h2>Hanf-Protein<\/h2>\n<p><a href=\"https:\/\/bien-etreiris.ch\/wp-content\/uploads\/2022\/08\/flocons-chanvre.jpg\"><img loading=\"lazy\" decoding=\"async\" class=\"size-full wp-image-57971 alignleft\" src=\"https:\/\/bien-etreiris.ch\/wp-content\/uploads\/2022\/08\/flocons-chanvre.jpg\" alt=\"\" width=\"223\" height=\"298\"><\/a><\/p>\n\n\n\n<p>&nbsp;<\/p>\n<p>&nbsp;<\/p>\n<p>&nbsp;<\/p>\n<p>&nbsp;<\/p>\n<p>&nbsp;<\/p>\n<p>Dose zu 150 g <strong>CHF 6.35<br><\/strong><\/p>\n<p>&nbsp;<\/p>\n<p>&nbsp;<\/p>\n<p>&nbsp;<\/p>\n<p>Hanfproteinflocken sind die idealen Kraftpakete. Sie erg\u00e4nzen jede Mahlzeit durch ihren hohen Anteil an rein pflanzlichem Eiweiss (\u00fcber 60 % Eiweiss\/100 g). Nat\u00fcrlich in erstklassiger Bio-Qualit\u00e4t. Perfekt f\u00fcr Smoothies oder im M\u00fcsli.<\/p>\n<p>Nach dem \u00d6ffnen der Dose die Hanfproteinflocken an einem k\u00fchlen und trockenen Ort aufbewahren und die Dose immer verschliessen. Hanfproteinflocken sind nicht f\u00fcr Kinder unter 3 Jahren und\/oder mit einem K\u00f6rpergewicht von weniger als 15 kg geeignet.<\/p>\n<p>Unsere Hanfproteinflocken enthalten keine synthetischen Konservierung, Farb oder Aromastoffe. Ausserdem enthalten sie keine Laktose und sind vegan<\/p>\n<p>&nbsp;<\/p>\n","protected":false},"excerpt":{"rendered":"<p>Hanf-Protein &nbsp; &nbsp; &nbsp; &nbsp; &nbsp; Dose zu 150 g CHF 6.35 &nbsp; &nbsp; &nbsp; Hanfproteinflocken sind die idealen Kraftpakete. Sie erg\u00e4nzen jede Mahlzeit durch ihren hohen Anteil an rein pflanzlichem Eiweiss (\u00fcber 60 % Eiweiss\/100 g). Nat\u00fcrlich in erstklassiger Bio-Qualit\u00e4t. Perfekt f\u00fcr Smoothies oder im M\u00fcsli. Nach dem \u00d6ffnen der Dose die Hanfproteinflocken an einem k\u00fchlen und trockenen Ort&nbsp;<a href=\"https:\/\/bien-etreiris.ch\/de\/produktpraesentation\/gesundes-leben\/nahrungsergaenzungsmittel\/proteine\/pflanzliches-eiweisspulver\/hanf-in-flocken\/\" class=\"read-more\">Weiter lesen<\/a><\/p>\n","protected":false},"author":1,"featured_media":57970,"parent":65065,"menu_order":4602,"comment_status":"closed","ping_status":"closed","template":"page-with-child.php","meta":{"_acf_changed":false,"ngg_post_thumbnail":0,"footnotes":""},"class_list":["post-57976","page","type-page","status-publish","has-post-thumbnail","hentry"],"acf":[],"yoast_head":"<!-- This site is optimized with the Yoast SEO plugin v27.5 - https:\/\/yoast.com\/product\/yoast-seo-wordpress\/ -->\n<title>HANF IN FLOCKEN - WOHLBEFINDEN<\/title>\n<meta name=\"robots\" content=\"index, follow, max-snippet:-1, max-image-preview:large, max-video-preview:-1\" \/>\n<link rel=\"canonical\" href=\"https:\/\/bien-etreiris.ch\/de\/produktpraesentation\/gesundes-leben\/nahrungsergaenzungsmittel\/proteine\/pflanzliches-eiweisspulver\/hanf-in-flocken\/\" \/>\n<meta property=\"og:locale\" content=\"de_DE\" \/>\n<meta property=\"og:type\" content=\"article\" \/>\n<meta property=\"og:title\" content=\"HANF IN FLOCKEN - WOHLBEFINDEN\" \/>\n<meta property=\"og:description\" content=\"Hanf-Protein &nbsp; &nbsp; &nbsp; &nbsp; &nbsp; Dose zu 150 g CHF 6.35 &nbsp; &nbsp; &nbsp; Hanfproteinflocken sind die idealen Kraftpakete. Sie erg\u00e4nzen jede Mahlzeit durch ihren hohen Anteil an rein pflanzlichem Eiweiss (\u00fcber 60 % Eiweiss\/100 g). Nat\u00fcrlich in erstklassiger Bio-Qualit\u00e4t. Perfekt f\u00fcr Smoothies oder im M\u00fcsli. Nach dem \u00d6ffnen der Dose die Hanfproteinflocken an einem k\u00fchlen und trockenen Ort&nbsp;Weiter lesen\" \/>\n<meta property=\"og:url\" content=\"https:\/\/bien-etreiris.ch\/de\/produktpraesentation\/gesundes-leben\/nahrungsergaenzungsmittel\/proteine\/pflanzliches-eiweisspulver\/hanf-in-flocken\/\" \/>\n<meta property=\"og:site_name\" content=\"WOHLBEFINDEN\" \/>\n<meta property=\"article:publisher\" content=\"https:\/\/www.facebook.com\/bienetreiris\/\" \/>\n<meta property=\"article:modified_time\" content=\"2023-01-27T06:48:31+00:00\" \/>\n<meta property=\"og:image\" content=\"https:\/\/bien-etreiris.ch\/wp-content\/uploads\/2022\/08\/acceuil-chanvre.jpg\" \/>\n\t<meta property=\"og:image:width\" content=\"500\" \/>\n\t<meta property=\"og:image:height\" content=\"333\" \/>\n\t<meta property=\"og:image:type\" content=\"image\/jpeg\" \/>\n<meta name=\"twitter:label1\" content=\"Gesch\u00e4tzte Lesezeit\" \/>\n\t<meta name=\"twitter:data1\" content=\"1\u00a0Minute\" \/>\n<script type=\"application\/ld+json\" class=\"yoast-schema-graph\">{\"@context\":\"https:\\\/\\\/schema.org\",\"@graph\":[{\"@type\":\"WebPage\",\"@id\":\"https:\\\/\\\/bien-etreiris.ch\\\/de\\\/produktpraesentation\\\/gesundes-leben\\\/nahrungsergaenzungsmittel\\\/proteine\\\/pflanzliches-eiweisspulver\\\/hanf-in-flocken\\\/\",\"url\":\"https:\\\/\\\/bien-etreiris.ch\\\/de\\\/produktpraesentation\\\/gesundes-leben\\\/nahrungsergaenzungsmittel\\\/proteine\\\/pflanzliches-eiweisspulver\\\/hanf-in-flocken\\\/\",\"name\":\"HANF IN FLOCKEN - WOHLBEFINDEN\",\"isPartOf\":{\"@id\":\"https:\\\/\\\/bien-etreiris.ch\\\/de\\\/#website\"},\"primaryImageOfPage\":{\"@id\":\"https:\\\/\\\/bien-etreiris.ch\\\/de\\\/produktpraesentation\\\/gesundes-leben\\\/nahrungsergaenzungsmittel\\\/proteine\\\/pflanzliches-eiweisspulver\\\/hanf-in-flocken\\\/#primaryimage\"},\"image\":{\"@id\":\"https:\\\/\\\/bien-etreiris.ch\\\/de\\\/produktpraesentation\\\/gesundes-leben\\\/nahrungsergaenzungsmittel\\\/proteine\\\/pflanzliches-eiweisspulver\\\/hanf-in-flocken\\\/#primaryimage\"},\"thumbnailUrl\":\"https:\\\/\\\/bien-etreiris.ch\\\/wp-content\\\/uploads\\\/2022\\\/08\\\/acceuil-chanvre.jpg\",\"datePublished\":\"2022-08-11T21:12:43+00:00\",\"dateModified\":\"2023-01-27T06:48:31+00:00\",\"breadcrumb\":{\"@id\":\"https:\\\/\\\/bien-etreiris.ch\\\/de\\\/produktpraesentation\\\/gesundes-leben\\\/nahrungsergaenzungsmittel\\\/proteine\\\/pflanzliches-eiweisspulver\\\/hanf-in-flocken\\\/#breadcrumb\"},\"inLanguage\":\"de\",\"potentialAction\":[{\"@type\":\"ReadAction\",\"target\":[\"https:\\\/\\\/bien-etreiris.ch\\\/de\\\/produktpraesentation\\\/gesundes-leben\\\/nahrungsergaenzungsmittel\\\/proteine\\\/pflanzliches-eiweisspulver\\\/hanf-in-flocken\\\/\"]}]},{\"@type\":\"ImageObject\",\"inLanguage\":\"de\",\"@id\":\"https:\\\/\\\/bien-etreiris.ch\\\/de\\\/produktpraesentation\\\/gesundes-leben\\\/nahrungsergaenzungsmittel\\\/proteine\\\/pflanzliches-eiweisspulver\\\/hanf-in-flocken\\\/#primaryimage\",\"url\":\"https:\\\/\\\/bien-etreiris.ch\\\/wp-content\\\/uploads\\\/2022\\\/08\\\/acceuil-chanvre.jpg\",\"contentUrl\":\"https:\\\/\\\/bien-etreiris.ch\\\/wp-content\\\/uploads\\\/2022\\\/08\\\/acceuil-chanvre.jpg\",\"width\":500,\"height\":333},{\"@type\":\"BreadcrumbList\",\"@id\":\"https:\\\/\\\/bien-etreiris.ch\\\/de\\\/produktpraesentation\\\/gesundes-leben\\\/nahrungsergaenzungsmittel\\\/proteine\\\/pflanzliches-eiweisspulver\\\/hanf-in-flocken\\\/#breadcrumb\",\"itemListElement\":[{\"@type\":\"ListItem\",\"position\":1,\"name\":\"Home\",\"item\":\"https:\\\/\\\/bien-etreiris.ch\\\/de\\\/\"},{\"@type\":\"ListItem\",\"position\":2,\"name\":\"PRODUKTPR\u00c4SENTATION\",\"item\":\"https:\\\/\\\/bien-etreiris.ch\\\/de\\\/produktpraesentation\\\/\"},{\"@type\":\"ListItem\",\"position\":3,\"name\":\"GESUNDES LEBEN\",\"item\":\"https:\\\/\\\/bien-etreiris.ch\\\/de\\\/produktpraesentation\\\/gesundes-leben\\\/\"},{\"@type\":\"ListItem\",\"position\":4,\"name\":\"NAHRUNGSERG\u00c4NZUNG\",\"item\":\"https:\\\/\\\/bien-etreiris.ch\\\/de\\\/produktpraesentation\\\/gesundes-leben\\\/nahrungsergaenzungsmittel\\\/\"},{\"@type\":\"ListItem\",\"position\":5,\"name\":\"PROTEINE\",\"item\":\"https:\\\/\\\/bien-etreiris.ch\\\/de\\\/produktpraesentation\\\/gesundes-leben\\\/nahrungsergaenzungsmittel\\\/proteine\\\/\"},{\"@type\":\"ListItem\",\"position\":6,\"name\":\"EIWEISSPULVER\",\"item\":\"https:\\\/\\\/bien-etreiris.ch\\\/de\\\/produktpraesentation\\\/gesundes-leben\\\/nahrungsergaenzungsmittel\\\/proteine\\\/pflanzliches-eiweisspulver\\\/\"},{\"@type\":\"ListItem\",\"position\":7,\"name\":\"HANF IN FLOCKEN\"}]},{\"@type\":\"WebSite\",\"@id\":\"https:\\\/\\\/bien-etreiris.ch\\\/de\\\/#website\",\"url\":\"https:\\\/\\\/bien-etreiris.ch\\\/de\\\/\",\"name\":\"Bien-\u00eatre Iris\",\"description\":\"IHRE Gesundheit ist uns wichtig\",\"potentialAction\":[{\"@type\":\"SearchAction\",\"target\":{\"@type\":\"EntryPoint\",\"urlTemplate\":\"https:\\\/\\\/bien-etreiris.ch\\\/de\\\/?s={search_term_string}\"},\"query-input\":{\"@type\":\"PropertyValueSpecification\",\"valueRequired\":true,\"valueName\":\"search_term_string\"}}],\"inLanguage\":\"de\"}]}<\/script>\n<!-- \/ Yoast SEO plugin. -->","yoast_head_json":{"title":"HANF IN FLOCKEN - WOHLBEFINDEN","robots":{"index":"index","follow":"follow","max-snippet":"max-snippet:-1","max-image-preview":"max-image-preview:large","max-video-preview":"max-video-preview:-1"},"canonical":"https:\/\/bien-etreiris.ch\/de\/produktpraesentation\/gesundes-leben\/nahrungsergaenzungsmittel\/proteine\/pflanzliches-eiweisspulver\/hanf-in-flocken\/","og_locale":"de_DE","og_type":"article","og_title":"HANF IN FLOCKEN - WOHLBEFINDEN","og_description":"Hanf-Protein &nbsp; &nbsp; &nbsp; &nbsp; &nbsp; Dose zu 150 g CHF 6.35 &nbsp; &nbsp; &nbsp; Hanfproteinflocken sind die idealen Kraftpakete. Sie erg\u00e4nzen jede Mahlzeit durch ihren hohen Anteil an rein pflanzlichem Eiweiss (\u00fcber 60 % Eiweiss\/100 g). Nat\u00fcrlich in erstklassiger Bio-Qualit\u00e4t. Perfekt f\u00fcr Smoothies oder im M\u00fcsli. Nach dem \u00d6ffnen der Dose die Hanfproteinflocken an einem k\u00fchlen und trockenen Ort&nbsp;Weiter lesen","og_url":"https:\/\/bien-etreiris.ch\/de\/produktpraesentation\/gesundes-leben\/nahrungsergaenzungsmittel\/proteine\/pflanzliches-eiweisspulver\/hanf-in-flocken\/","og_site_name":"WOHLBEFINDEN","article_publisher":"https:\/\/www.facebook.com\/bienetreiris\/","article_modified_time":"2023-01-27T06:48:31+00:00","og_image":[{"width":500,"height":333,"url":"https:\/\/bien-etreiris.ch\/wp-content\/uploads\/2022\/08\/acceuil-chanvre.jpg","type":"image\/jpeg"}],"twitter_misc":{"Gesch\u00e4tzte Lesezeit":"1\u00a0Minute"},"schema":{"@context":"https:\/\/schema.org","@graph":[{"@type":"WebPage","@id":"https:\/\/bien-etreiris.ch\/de\/produktpraesentation\/gesundes-leben\/nahrungsergaenzungsmittel\/proteine\/pflanzliches-eiweisspulver\/hanf-in-flocken\/","url":"https:\/\/bien-etreiris.ch\/de\/produktpraesentation\/gesundes-leben\/nahrungsergaenzungsmittel\/proteine\/pflanzliches-eiweisspulver\/hanf-in-flocken\/","name":"HANF IN FLOCKEN - WOHLBEFINDEN","isPartOf":{"@id":"https:\/\/bien-etreiris.ch\/de\/#website"},"primaryImageOfPage":{"@id":"https:\/\/bien-etreiris.ch\/de\/produktpraesentation\/gesundes-leben\/nahrungsergaenzungsmittel\/proteine\/pflanzliches-eiweisspulver\/hanf-in-flocken\/#primaryimage"},"image":{"@id":"https:\/\/bien-etreiris.ch\/de\/produktpraesentation\/gesundes-leben\/nahrungsergaenzungsmittel\/proteine\/pflanzliches-eiweisspulver\/hanf-in-flocken\/#primaryimage"},"thumbnailUrl":"https:\/\/bien-etreiris.ch\/wp-content\/uploads\/2022\/08\/acceuil-chanvre.jpg","datePublished":"2022-08-11T21:12:43+00:00","dateModified":"2023-01-27T06:48:31+00:00","breadcrumb":{"@id":"https:\/\/bien-etreiris.ch\/de\/produktpraesentation\/gesundes-leben\/nahrungsergaenzungsmittel\/proteine\/pflanzliches-eiweisspulver\/hanf-in-flocken\/#breadcrumb"},"inLanguage":"de","potentialAction":[{"@type":"ReadAction","target":["https:\/\/bien-etreiris.ch\/de\/produktpraesentation\/gesundes-leben\/nahrungsergaenzungsmittel\/proteine\/pflanzliches-eiweisspulver\/hanf-in-flocken\/"]}]},{"@type":"ImageObject","inLanguage":"de","@id":"https:\/\/bien-etreiris.ch\/de\/produktpraesentation\/gesundes-leben\/nahrungsergaenzungsmittel\/proteine\/pflanzliches-eiweisspulver\/hanf-in-flocken\/#primaryimage","url":"https:\/\/bien-etreiris.ch\/wp-content\/uploads\/2022\/08\/acceuil-chanvre.jpg","contentUrl":"https:\/\/bien-etreiris.ch\/wp-content\/uploads\/2022\/08\/acceuil-chanvre.jpg","width":500,"height":333},{"@type":"BreadcrumbList","@id":"https:\/\/bien-etreiris.ch\/de\/produktpraesentation\/gesundes-leben\/nahrungsergaenzungsmittel\/proteine\/pflanzliches-eiweisspulver\/hanf-in-flocken\/#breadcrumb","itemListElement":[{"@type":"ListItem","position":1,"name":"Home","item":"https:\/\/bien-etreiris.ch\/de\/"},{"@type":"ListItem","position":2,"name":"PRODUKTPR\u00c4SENTATION","item":"https:\/\/bien-etreiris.ch\/de\/produktpraesentation\/"},{"@type":"ListItem","position":3,"name":"GESUNDES LEBEN","item":"https:\/\/bien-etreiris.ch\/de\/produktpraesentation\/gesundes-leben\/"},{"@type":"ListItem","position":4,"name":"NAHRUNGSERG\u00c4NZUNG","item":"https:\/\/bien-etreiris.ch\/de\/produktpraesentation\/gesundes-leben\/nahrungsergaenzungsmittel\/"},{"@type":"ListItem","position":5,"name":"PROTEINE","item":"https:\/\/bien-etreiris.ch\/de\/produktpraesentation\/gesundes-leben\/nahrungsergaenzungsmittel\/proteine\/"},{"@type":"ListItem","position":6,"name":"EIWEISSPULVER","item":"https:\/\/bien-etreiris.ch\/de\/produktpraesentation\/gesundes-leben\/nahrungsergaenzungsmittel\/proteine\/pflanzliches-eiweisspulver\/"},{"@type":"ListItem","position":7,"name":"HANF IN FLOCKEN"}]},{"@type":"WebSite","@id":"https:\/\/bien-etreiris.ch\/de\/#website","url":"https:\/\/bien-etreiris.ch\/de\/","name":"Bien-\u00eatre Iris","description":"IHRE Gesundheit ist uns wichtig","potentialAction":[{"@type":"SearchAction","target":{"@type":"EntryPoint","urlTemplate":"https:\/\/bien-etreiris.ch\/de\/?s={search_term_string}"},"query-input":{"@type":"PropertyValueSpecification","valueRequired":true,"valueName":"search_term_string"}}],"inLanguage":"de"}]}},"_links":{"self":[{"href":"https:\/\/bien-etreiris.ch\/de\/wp-json\/wp\/v2\/pages\/57976","targetHints":{"allow":["GET"]}}],"collection":[{"href":"https:\/\/bien-etreiris.ch\/de\/wp-json\/wp\/v2\/pages"}],"about":[{"href":"https:\/\/bien-etreiris.ch\/de\/wp-json\/wp\/v2\/types\/page"}],"author":[{"embeddable":true,"href":"https:\/\/bien-etreiris.ch\/de\/wp-json\/wp\/v2\/users\/1"}],"replies":[{"embeddable":true,"href":"https:\/\/bien-etreiris.ch\/de\/wp-json\/wp\/v2\/comments?post=57976"}],"version-history":[{"count":5,"href":"https:\/\/bien-etreiris.ch\/de\/wp-json\/wp\/v2\/pages\/57976\/revisions"}],"predecessor-version":[{"id":65071,"href":"https:\/\/bien-etreiris.ch\/de\/wp-json\/wp\/v2\/pages\/57976\/revisions\/65071"}],"up":[{"embeddable":true,"href":"https:\/\/bien-etreiris.ch\/de\/wp-json\/wp\/v2\/pages\/65065"}],"wp:featuredmedia":[{"embeddable":true,"href":"https:\/\/bien-etreiris.ch\/de\/wp-json\/wp\/v2\/media\/57970"}],"wp:attachment":[{"href":"https:\/\/bien-etreiris.ch\/de\/wp-json\/wp\/v2\/media?parent=57976"}],"curies":[{"name":"wp","href":"https:\/\/api.w.org\/{rel}","templated":true}]}}