{"id":57622,"date":"2022-07-22T09:05:05","date_gmt":"2022-07-22T07:05:05","guid":{"rendered":"https:\/\/bien-etreiris.ch\/ratgeber-klarheit-beratung\/naehrstoffe\/entre-les-cereales\/"},"modified":"2022-07-24T20:22:32","modified_gmt":"2022-07-24T18:22:32","slug":"zwischen-getreide","status":"publish","type":"page","link":"https:\/\/bien-etreiris.ch\/de\/ratgeber-klarheit-beratung\/gesunder-lebensstil\/naehrstoffe\/lebensmittel\/zwischen-getreide\/","title":{"rendered":"ZWISCHEN GETREIDE"},"content":{"rendered":"\n<h2>Was sind die Unterschiede zwischen echtem Getreide und Pseudo-getreide?<\/h2>\n<p>Echtes Getreide stammt aus der Familie der S\u00fc\u00dfgr\u00e4ser, von denen die meisten Gluten enthalten, w\u00e4hrend Pseudogetreide aus verschiedenen Pflanzenfamilien stammt, z. B. aus dem Fingerhut. Da Pseudogetreide glutenfrei ist, k\u00f6nnen Menschen mit einer Glutenunvertr\u00e4glichkeit es bedenkenlos verzehren. F\u00fcr eine ausgewogene und abwechslungsreiche Ern\u00e4hrung sind diese kraftvollen K\u00f6rner eine tolle Bereicherung.<\/p>\n<h4>Weizen, Gerste, Hafer: Was unterscheidet diese Getreidearten?<\/h4>\n<p>Morgens M\u00fcsli, mittags Nudeln, abends Brot und nachmittags ein St\u00fcck Kuchen: Ohne Getreideprodukte w\u00e4re unser Speiseplan um einiges \u00e4rmer. Aber was ist der Unterschied zwischen Weizen und Dinkel, wozu dienen Roggen und Hafer und wie verwendet man Eine \u00dcbersicht \u00fcber die verschiedenen Getreidearten und Tipps f\u00fcr die Zubereitung.<\/p>\n<h4>Welche Sorte ist am ges\u00fcndesten?<\/h4>\n<p>Hafer ist eines der ges\u00fcndesten S\u00fc\u00dfgr\u00e4ser mit hochwertigem Eiwei\u00df und wichtigen Fetts\u00e4uren. Er ist reich an fettl\u00f6slichen B-Vitaminen, Eisen, Zink, Fols\u00e4ure und Kalzium. Dinkel hingegen ist sehr leicht verdaulich und wird h\u00e4ufig als Ersatz f\u00fcr Weizen verwendet. Hirse ist vielseitig einsetzbar. Hirse ist unter anderem deshalb interessant, weil sie reich an Eisen ist, einem wichtigen Spurenelement, das der Blutbildung und damit dem Sauerstofftransport dient.<\/p>\n\n\n\n<p>&nbsp;<\/p>\n<h2><a href=\"https:\/\/bien-etreiris.ch\/presentations-des-produits\/vie-saine\/aliments-sains\/cereales\/\" target=\"_blank\" rel=\"noopener\"><em><span style=\"color: #ff9900;\">Visite notre point de vente&nbsp; des c\u00e9r\u00e9ales<\/span><\/em><\/a><\/h2>\n","protected":false},"excerpt":{"rendered":"<p>Was sind die Unterschiede zwischen echtem Getreide und Pseudo-getreide? Echtes Getreide stammt aus der Familie der S\u00fc\u00dfgr\u00e4ser, von denen die meisten Gluten enthalten, w\u00e4hrend Pseudogetreide aus verschiedenen Pflanzenfamilien stammt, z. B. aus dem Fingerhut. Da Pseudogetreide glutenfrei ist, k\u00f6nnen Menschen mit einer Glutenunvertr\u00e4glichkeit es bedenkenlos verzehren. F\u00fcr eine ausgewogene und abwechslungsreiche Ern\u00e4hrung sind diese kraftvollen K\u00f6rner eine tolle Bereicherung. Weizen,&nbsp;<a href=\"https:\/\/bien-etreiris.ch\/de\/ratgeber-klarheit-beratung\/gesunder-lebensstil\/naehrstoffe\/lebensmittel\/zwischen-getreide\/\" class=\"read-more\">Weiter lesen<\/a><\/p>\n","protected":false},"author":1,"featured_media":57146,"parent":83441,"menu_order":4715,"comment_status":"closed","ping_status":"closed","template":"page-with-child.php","meta":{"_acf_changed":false,"ngg_post_thumbnail":0,"footnotes":""},"class_list":["post-57622","page","type-page","status-publish","has-post-thumbnail","hentry"],"acf":[],"yoast_head":"<!-- This site is optimized with the Yoast SEO plugin v27.6 - https:\/\/yoast.com\/product\/yoast-seo-wordpress\/ -->\n<title>ZWISCHEN GETREIDE - WOHLBEFINDEN<\/title>\n<meta name=\"robots\" content=\"index, follow, max-snippet:-1, max-image-preview:large, max-video-preview:-1\" \/>\n<link rel=\"canonical\" href=\"https:\/\/bien-etreiris.ch\/de\/ratgeber-klarheit-beratung\/naehrstoffe\/zwischen-getreide\/\" \/>\n<meta property=\"og:locale\" content=\"de_DE\" \/>\n<meta property=\"og:type\" content=\"article\" \/>\n<meta property=\"og:title\" content=\"ZWISCHEN GETREIDE - WOHLBEFINDEN\" \/>\n<meta property=\"og:description\" content=\"Was sind die Unterschiede zwischen echtem Getreide und Pseudo-getreide? Echtes Getreide stammt aus der Familie der S\u00fc\u00dfgr\u00e4ser, von denen die meisten Gluten enthalten, w\u00e4hrend Pseudogetreide aus verschiedenen Pflanzenfamilien stammt, z. B. aus dem Fingerhut. Da Pseudogetreide glutenfrei ist, k\u00f6nnen Menschen mit einer Glutenunvertr\u00e4glichkeit es bedenkenlos verzehren. F\u00fcr eine ausgewogene und abwechslungsreiche Ern\u00e4hrung sind diese kraftvollen K\u00f6rner eine tolle Bereicherung. Weizen,&nbsp;Weiter lesen\" \/>\n<meta property=\"og:url\" content=\"https:\/\/bien-etreiris.ch\/de\/ratgeber-klarheit-beratung\/naehrstoffe\/zwischen-getreide\/\" \/>\n<meta property=\"og:site_name\" content=\"WOHLBEFINDEN\" \/>\n<meta property=\"article:publisher\" content=\"https:\/\/www.facebook.com\/bienetreiris\/\" \/>\n<meta property=\"article:modified_time\" content=\"2022-07-24T18:22:32+00:00\" \/>\n<meta property=\"og:image\" content=\"https:\/\/bien-etreiris.ch\/wp-content\/uploads\/2022\/07\/acceuil-ENTRE-LES-CEREALES.jpg\" \/>\n\t<meta property=\"og:image:width\" content=\"500\" \/>\n\t<meta property=\"og:image:height\" content=\"348\" \/>\n\t<meta property=\"og:image:type\" content=\"image\/jpeg\" \/>\n<meta name=\"twitter:label1\" content=\"Gesch\u00e4tzte Lesezeit\" \/>\n\t<meta name=\"twitter:data1\" content=\"2\u00a0Minuten\" \/>\n<script type=\"application\/ld+json\" class=\"yoast-schema-graph\">{\"@context\":\"https:\\\/\\\/schema.org\",\"@graph\":[{\"@type\":\"WebPage\",\"@id\":\"https:\\\/\\\/bien-etreiris.ch\\\/de\\\/ratgeber-klarheit-beratung\\\/naehrstoffe\\\/zwischen-getreide\\\/\",\"url\":\"https:\\\/\\\/bien-etreiris.ch\\\/de\\\/ratgeber-klarheit-beratung\\\/naehrstoffe\\\/zwischen-getreide\\\/\",\"name\":\"ZWISCHEN GETREIDE - WOHLBEFINDEN\",\"isPartOf\":{\"@id\":\"https:\\\/\\\/bien-etreiris.ch\\\/de\\\/#website\"},\"primaryImageOfPage\":{\"@id\":\"https:\\\/\\\/bien-etreiris.ch\\\/de\\\/ratgeber-klarheit-beratung\\\/naehrstoffe\\\/zwischen-getreide\\\/#primaryimage\"},\"image\":{\"@id\":\"https:\\\/\\\/bien-etreiris.ch\\\/de\\\/ratgeber-klarheit-beratung\\\/naehrstoffe\\\/zwischen-getreide\\\/#primaryimage\"},\"thumbnailUrl\":\"https:\\\/\\\/bien-etreiris.ch\\\/wp-content\\\/uploads\\\/2022\\\/07\\\/acceuil-ENTRE-LES-CEREALES.jpg\",\"datePublished\":\"2022-07-22T07:05:05+00:00\",\"dateModified\":\"2022-07-24T18:22:32+00:00\",\"breadcrumb\":{\"@id\":\"https:\\\/\\\/bien-etreiris.ch\\\/de\\\/ratgeber-klarheit-beratung\\\/naehrstoffe\\\/zwischen-getreide\\\/#breadcrumb\"},\"inLanguage\":\"de\",\"potentialAction\":[{\"@type\":\"ReadAction\",\"target\":[\"https:\\\/\\\/bien-etreiris.ch\\\/de\\\/ratgeber-klarheit-beratung\\\/naehrstoffe\\\/zwischen-getreide\\\/\"]}]},{\"@type\":\"ImageObject\",\"inLanguage\":\"de\",\"@id\":\"https:\\\/\\\/bien-etreiris.ch\\\/de\\\/ratgeber-klarheit-beratung\\\/naehrstoffe\\\/zwischen-getreide\\\/#primaryimage\",\"url\":\"https:\\\/\\\/bien-etreiris.ch\\\/wp-content\\\/uploads\\\/2022\\\/07\\\/acceuil-ENTRE-LES-CEREALES.jpg\",\"contentUrl\":\"https:\\\/\\\/bien-etreiris.ch\\\/wp-content\\\/uploads\\\/2022\\\/07\\\/acceuil-ENTRE-LES-CEREALES.jpg\",\"width\":500,\"height\":348},{\"@type\":\"BreadcrumbList\",\"@id\":\"https:\\\/\\\/bien-etreiris.ch\\\/de\\\/ratgeber-klarheit-beratung\\\/naehrstoffe\\\/zwischen-getreide\\\/#breadcrumb\",\"itemListElement\":[{\"@type\":\"ListItem\",\"position\":1,\"name\":\"Home\",\"item\":\"https:\\\/\\\/bien-etreiris.ch\\\/de\\\/\"},{\"@type\":\"ListItem\",\"position\":2,\"name\":\"RATGEBER &#038; KLARHEIT\",\"item\":\"https:\\\/\\\/bien-etreiris.ch\\\/de\\\/ratgeber-klarheit-beratung\\\/\"},{\"@type\":\"ListItem\",\"position\":3,\"name\":\"N\u00c4HRSTOFFE\",\"item\":\"https:\\\/\\\/bien-etreiris.ch\\\/de\\\/ratgeber-klarheit-beratung\\\/naehrstoffe\\\/\"},{\"@type\":\"ListItem\",\"position\":4,\"name\":\"ZWISCHEN GETREIDE\"}]},{\"@type\":\"WebSite\",\"@id\":\"https:\\\/\\\/bien-etreiris.ch\\\/de\\\/#website\",\"url\":\"https:\\\/\\\/bien-etreiris.ch\\\/de\\\/\",\"name\":\"Bien-\u00eatre Iris\",\"description\":\"IHRE Gesundheit ist uns wichtig\",\"potentialAction\":[{\"@type\":\"SearchAction\",\"target\":{\"@type\":\"EntryPoint\",\"urlTemplate\":\"https:\\\/\\\/bien-etreiris.ch\\\/de\\\/?s={search_term_string}\"},\"query-input\":{\"@type\":\"PropertyValueSpecification\",\"valueRequired\":true,\"valueName\":\"search_term_string\"}}],\"inLanguage\":\"de\"}]}<\/script>\n<!-- \/ Yoast SEO plugin. -->","yoast_head_json":{"title":"ZWISCHEN GETREIDE - WOHLBEFINDEN","robots":{"index":"index","follow":"follow","max-snippet":"max-snippet:-1","max-image-preview":"max-image-preview:large","max-video-preview":"max-video-preview:-1"},"canonical":"https:\/\/bien-etreiris.ch\/de\/ratgeber-klarheit-beratung\/naehrstoffe\/zwischen-getreide\/","og_locale":"de_DE","og_type":"article","og_title":"ZWISCHEN GETREIDE - WOHLBEFINDEN","og_description":"Was sind die Unterschiede zwischen echtem Getreide und Pseudo-getreide? Echtes Getreide stammt aus der Familie der S\u00fc\u00dfgr\u00e4ser, von denen die meisten Gluten enthalten, w\u00e4hrend Pseudogetreide aus verschiedenen Pflanzenfamilien stammt, z. B. aus dem Fingerhut. Da Pseudogetreide glutenfrei ist, k\u00f6nnen Menschen mit einer Glutenunvertr\u00e4glichkeit es bedenkenlos verzehren. F\u00fcr eine ausgewogene und abwechslungsreiche Ern\u00e4hrung sind diese kraftvollen K\u00f6rner eine tolle Bereicherung. Weizen,&nbsp;Weiter lesen","og_url":"https:\/\/bien-etreiris.ch\/de\/ratgeber-klarheit-beratung\/naehrstoffe\/zwischen-getreide\/","og_site_name":"WOHLBEFINDEN","article_publisher":"https:\/\/www.facebook.com\/bienetreiris\/","article_modified_time":"2022-07-24T18:22:32+00:00","og_image":[{"width":500,"height":348,"url":"https:\/\/bien-etreiris.ch\/wp-content\/uploads\/2022\/07\/acceuil-ENTRE-LES-CEREALES.jpg","type":"image\/jpeg"}],"twitter_misc":{"Gesch\u00e4tzte Lesezeit":"2\u00a0Minuten"},"schema":{"@context":"https:\/\/schema.org","@graph":[{"@type":"WebPage","@id":"https:\/\/bien-etreiris.ch\/de\/ratgeber-klarheit-beratung\/naehrstoffe\/zwischen-getreide\/","url":"https:\/\/bien-etreiris.ch\/de\/ratgeber-klarheit-beratung\/naehrstoffe\/zwischen-getreide\/","name":"ZWISCHEN GETREIDE - WOHLBEFINDEN","isPartOf":{"@id":"https:\/\/bien-etreiris.ch\/de\/#website"},"primaryImageOfPage":{"@id":"https:\/\/bien-etreiris.ch\/de\/ratgeber-klarheit-beratung\/naehrstoffe\/zwischen-getreide\/#primaryimage"},"image":{"@id":"https:\/\/bien-etreiris.ch\/de\/ratgeber-klarheit-beratung\/naehrstoffe\/zwischen-getreide\/#primaryimage"},"thumbnailUrl":"https:\/\/bien-etreiris.ch\/wp-content\/uploads\/2022\/07\/acceuil-ENTRE-LES-CEREALES.jpg","datePublished":"2022-07-22T07:05:05+00:00","dateModified":"2022-07-24T18:22:32+00:00","breadcrumb":{"@id":"https:\/\/bien-etreiris.ch\/de\/ratgeber-klarheit-beratung\/naehrstoffe\/zwischen-getreide\/#breadcrumb"},"inLanguage":"de","potentialAction":[{"@type":"ReadAction","target":["https:\/\/bien-etreiris.ch\/de\/ratgeber-klarheit-beratung\/naehrstoffe\/zwischen-getreide\/"]}]},{"@type":"ImageObject","inLanguage":"de","@id":"https:\/\/bien-etreiris.ch\/de\/ratgeber-klarheit-beratung\/naehrstoffe\/zwischen-getreide\/#primaryimage","url":"https:\/\/bien-etreiris.ch\/wp-content\/uploads\/2022\/07\/acceuil-ENTRE-LES-CEREALES.jpg","contentUrl":"https:\/\/bien-etreiris.ch\/wp-content\/uploads\/2022\/07\/acceuil-ENTRE-LES-CEREALES.jpg","width":500,"height":348},{"@type":"BreadcrumbList","@id":"https:\/\/bien-etreiris.ch\/de\/ratgeber-klarheit-beratung\/naehrstoffe\/zwischen-getreide\/#breadcrumb","itemListElement":[{"@type":"ListItem","position":1,"name":"Home","item":"https:\/\/bien-etreiris.ch\/de\/"},{"@type":"ListItem","position":2,"name":"RATGEBER &#038; KLARHEIT","item":"https:\/\/bien-etreiris.ch\/de\/ratgeber-klarheit-beratung\/"},{"@type":"ListItem","position":3,"name":"N\u00c4HRSTOFFE","item":"https:\/\/bien-etreiris.ch\/de\/ratgeber-klarheit-beratung\/naehrstoffe\/"},{"@type":"ListItem","position":4,"name":"ZWISCHEN GETREIDE"}]},{"@type":"WebSite","@id":"https:\/\/bien-etreiris.ch\/de\/#website","url":"https:\/\/bien-etreiris.ch\/de\/","name":"Bien-\u00eatre Iris","description":"IHRE Gesundheit ist uns wichtig","potentialAction":[{"@type":"SearchAction","target":{"@type":"EntryPoint","urlTemplate":"https:\/\/bien-etreiris.ch\/de\/?s={search_term_string}"},"query-input":{"@type":"PropertyValueSpecification","valueRequired":true,"valueName":"search_term_string"}}],"inLanguage":"de"}]}},"_links":{"self":[{"href":"https:\/\/bien-etreiris.ch\/de\/wp-json\/wp\/v2\/pages\/57622","targetHints":{"allow":["GET"]}}],"collection":[{"href":"https:\/\/bien-etreiris.ch\/de\/wp-json\/wp\/v2\/pages"}],"about":[{"href":"https:\/\/bien-etreiris.ch\/de\/wp-json\/wp\/v2\/types\/page"}],"author":[{"embeddable":true,"href":"https:\/\/bien-etreiris.ch\/de\/wp-json\/wp\/v2\/users\/1"}],"replies":[{"embeddable":true,"href":"https:\/\/bien-etreiris.ch\/de\/wp-json\/wp\/v2\/comments?post=57622"}],"version-history":[{"count":2,"href":"https:\/\/bien-etreiris.ch\/de\/wp-json\/wp\/v2\/pages\/57622\/revisions"}],"predecessor-version":[{"id":57629,"href":"https:\/\/bien-etreiris.ch\/de\/wp-json\/wp\/v2\/pages\/57622\/revisions\/57629"}],"up":[{"embeddable":true,"href":"https:\/\/bien-etreiris.ch\/de\/wp-json\/wp\/v2\/pages\/83441"}],"wp:featuredmedia":[{"embeddable":true,"href":"https:\/\/bien-etreiris.ch\/de\/wp-json\/wp\/v2\/media\/57146"}],"wp:attachment":[{"href":"https:\/\/bien-etreiris.ch\/de\/wp-json\/wp\/v2\/media?parent=57622"}],"curies":[{"name":"wp","href":"https:\/\/api.w.org\/{rel}","templated":true}]}}