{"id":57548,"date":"2022-07-24T12:30:06","date_gmt":"2022-07-24T10:30:06","guid":{"rendered":"https:\/\/bien-etreiris.ch\/pseudo-cereales\/"},"modified":"2022-09-28T07:20:03","modified_gmt":"2022-09-28T05:20:03","slug":"pseudogetreide","status":"publish","type":"page","link":"https:\/\/bien-etreiris.ch\/de\/ratgeber-klarheit-beratung\/gesunder-lebensstil\/naehrstoffe\/lebensmittel\/zwischen-getreide\/pseudogetreide\/","title":{"rendered":"PSEUDOGETREIDE"},"content":{"rendered":"\n<h2>Pseudogetreide<\/h2>\n<p><br>Was ist ein Pseudogetreide?<\/p>\n<p>Alle Fr\u00fcchte von Getreidearten, die nicht zur Gattung der S\u00fc\u00dfgr\u00e4ser geh\u00f6ren, werden als Pseudogetreide bezeichnet. Die Fr\u00fcchte dieser Kulturen sind glutenfrei und daher absolut glutenfrei.<\/p>\n<p>Wie Quinoa und Amaranth finden sich immer h\u00e4ufiger auf unseren Tellern. Kein Wunder - mit ihrem nussigen Geschmack und ihrer grobk\u00f6rnigen Struktur sind sie eine ideale Alternative zu echtem Getreide. Wir stellen Ihnen einige Sorten vor und haben ein tolles Rezept f\u00fcr Sie vorbereitet!<\/p>\n<p>Da Pseudogetreide glutenfrei ist, k\u00f6nnen Menschen mit einer Glutenunvertr\u00e4glichkeit sie bedenkenlos verzehren. F\u00fcr eine ausgewogene und abwechslungsreiche Ern\u00e4hrung sind diese kraftvollen K\u00f6rner eine tolle Bereicherung.<\/p>\n","protected":false},"excerpt":{"rendered":"<p>Pseudogetreide Was ist ein Pseudogetreide? Alle Fr\u00fcchte von Getreidearten, die nicht zur Gattung der S\u00fc\u00dfgr\u00e4ser geh\u00f6ren, werden als Pseudogetreide bezeichnet. Die Fr\u00fcchte dieser Kulturen sind glutenfrei und daher absolut glutenfrei. Wie Quinoa und Amaranth finden sich immer h\u00e4ufiger auf unseren Tellern. Kein Wunder - mit ihrem nussigen Geschmack und ihrer grobk\u00f6rnigen Struktur sind sie eine ideale Alternative zu echtem Getreide.&nbsp;<a href=\"https:\/\/bien-etreiris.ch\/de\/ratgeber-klarheit-beratung\/gesunder-lebensstil\/naehrstoffe\/lebensmittel\/zwischen-getreide\/pseudogetreide\/\" class=\"read-more\">Weiter lesen<\/a><\/p>\n","protected":false},"author":1,"featured_media":57519,"parent":57622,"menu_order":4666,"comment_status":"closed","ping_status":"closed","template":"page-with-child.php","meta":{"_acf_changed":false,"ngg_post_thumbnail":0,"footnotes":""},"class_list":["post-57548","page","type-page","status-publish","has-post-thumbnail","hentry"],"acf":[],"yoast_head":"<!-- This site is optimized with the Yoast SEO plugin v27.6 - https:\/\/yoast.com\/product\/yoast-seo-wordpress\/ -->\n<title>PSEUDOGETREIDE - WOHLBEFINDEN<\/title>\n<meta name=\"robots\" content=\"index, follow, max-snippet:-1, max-image-preview:large, max-video-preview:-1\" \/>\n<link rel=\"canonical\" href=\"https:\/\/bien-etreiris.ch\/de\/ratgeber-klarheit-beratung\/naehrstoffe\/zwischen-getreide\/pseudogetreide\/\" \/>\n<meta property=\"og:locale\" content=\"de_DE\" \/>\n<meta property=\"og:type\" content=\"article\" \/>\n<meta property=\"og:title\" content=\"PSEUDOGETREIDE - WOHLBEFINDEN\" \/>\n<meta property=\"og:description\" content=\"Pseudogetreide Was ist ein Pseudogetreide? Alle Fr\u00fcchte von Getreidearten, die nicht zur Gattung der S\u00fc\u00dfgr\u00e4ser geh\u00f6ren, werden als Pseudogetreide bezeichnet. Die Fr\u00fcchte dieser Kulturen sind glutenfrei und daher absolut glutenfrei. Wie Quinoa und Amaranth finden sich immer h\u00e4ufiger auf unseren Tellern. Kein Wunder - mit ihrem nussigen Geschmack und ihrer grobk\u00f6rnigen Struktur sind sie eine ideale Alternative zu echtem Getreide.&nbsp;Weiter lesen\" \/>\n<meta property=\"og:url\" content=\"https:\/\/bien-etreiris.ch\/de\/ratgeber-klarheit-beratung\/naehrstoffe\/zwischen-getreide\/pseudogetreide\/\" \/>\n<meta property=\"og:site_name\" content=\"WOHLBEFINDEN\" \/>\n<meta property=\"article:publisher\" content=\"https:\/\/www.facebook.com\/bienetreiris\/\" \/>\n<meta property=\"article:modified_time\" content=\"2022-09-28T05:20:03+00:00\" \/>\n<meta property=\"og:image\" content=\"https:\/\/bien-etreiris.ch\/wp-content\/uploads\/2022\/07\/acceuil-pseudo-cereales.jpg\" \/>\n\t<meta property=\"og:image:width\" content=\"500\" \/>\n\t<meta property=\"og:image:height\" content=\"333\" \/>\n\t<meta property=\"og:image:type\" content=\"image\/jpeg\" \/>\n<meta name=\"twitter:label1\" content=\"Gesch\u00e4tzte Lesezeit\" \/>\n\t<meta name=\"twitter:data1\" content=\"1\u00a0Minute\" \/>\n<script type=\"application\/ld+json\" class=\"yoast-schema-graph\">{\"@context\":\"https:\\\/\\\/schema.org\",\"@graph\":[{\"@type\":\"WebPage\",\"@id\":\"https:\\\/\\\/bien-etreiris.ch\\\/de\\\/ratgeber-klarheit-beratung\\\/naehrstoffe\\\/zwischen-getreide\\\/pseudogetreide\\\/\",\"url\":\"https:\\\/\\\/bien-etreiris.ch\\\/de\\\/ratgeber-klarheit-beratung\\\/naehrstoffe\\\/zwischen-getreide\\\/pseudogetreide\\\/\",\"name\":\"PSEUDOGETREIDE - WOHLBEFINDEN\",\"isPartOf\":{\"@id\":\"https:\\\/\\\/bien-etreiris.ch\\\/de\\\/#website\"},\"primaryImageOfPage\":{\"@id\":\"https:\\\/\\\/bien-etreiris.ch\\\/de\\\/ratgeber-klarheit-beratung\\\/naehrstoffe\\\/zwischen-getreide\\\/pseudogetreide\\\/#primaryimage\"},\"image\":{\"@id\":\"https:\\\/\\\/bien-etreiris.ch\\\/de\\\/ratgeber-klarheit-beratung\\\/naehrstoffe\\\/zwischen-getreide\\\/pseudogetreide\\\/#primaryimage\"},\"thumbnailUrl\":\"https:\\\/\\\/bien-etreiris.ch\\\/wp-content\\\/uploads\\\/2022\\\/07\\\/acceuil-pseudo-cereales.jpg\",\"datePublished\":\"2022-07-24T10:30:06+00:00\",\"dateModified\":\"2022-09-28T05:20:03+00:00\",\"breadcrumb\":{\"@id\":\"https:\\\/\\\/bien-etreiris.ch\\\/de\\\/ratgeber-klarheit-beratung\\\/naehrstoffe\\\/zwischen-getreide\\\/pseudogetreide\\\/#breadcrumb\"},\"inLanguage\":\"de\",\"potentialAction\":[{\"@type\":\"ReadAction\",\"target\":[\"https:\\\/\\\/bien-etreiris.ch\\\/de\\\/ratgeber-klarheit-beratung\\\/naehrstoffe\\\/zwischen-getreide\\\/pseudogetreide\\\/\"]}]},{\"@type\":\"ImageObject\",\"inLanguage\":\"de\",\"@id\":\"https:\\\/\\\/bien-etreiris.ch\\\/de\\\/ratgeber-klarheit-beratung\\\/naehrstoffe\\\/zwischen-getreide\\\/pseudogetreide\\\/#primaryimage\",\"url\":\"https:\\\/\\\/bien-etreiris.ch\\\/wp-content\\\/uploads\\\/2022\\\/07\\\/acceuil-pseudo-cereales.jpg\",\"contentUrl\":\"https:\\\/\\\/bien-etreiris.ch\\\/wp-content\\\/uploads\\\/2022\\\/07\\\/acceuil-pseudo-cereales.jpg\",\"width\":500,\"height\":333},{\"@type\":\"BreadcrumbList\",\"@id\":\"https:\\\/\\\/bien-etreiris.ch\\\/de\\\/ratgeber-klarheit-beratung\\\/naehrstoffe\\\/zwischen-getreide\\\/pseudogetreide\\\/#breadcrumb\",\"itemListElement\":[{\"@type\":\"ListItem\",\"position\":1,\"name\":\"Home\",\"item\":\"https:\\\/\\\/bien-etreiris.ch\\\/de\\\/\"},{\"@type\":\"ListItem\",\"position\":2,\"name\":\"RATGEBER &#038; KLARHEIT\",\"item\":\"https:\\\/\\\/bien-etreiris.ch\\\/de\\\/ratgeber-klarheit-beratung\\\/\"},{\"@type\":\"ListItem\",\"position\":3,\"name\":\"N\u00c4HRSTOFFE\",\"item\":\"https:\\\/\\\/bien-etreiris.ch\\\/de\\\/ratgeber-klarheit-beratung\\\/naehrstoffe\\\/\"},{\"@type\":\"ListItem\",\"position\":4,\"name\":\"ZWISCHEN GETREIDE\",\"item\":\"https:\\\/\\\/bien-etreiris.ch\\\/de\\\/ratgeber-klarheit-beratung\\\/naehrstoffe\\\/zwischen-getreide\\\/\"},{\"@type\":\"ListItem\",\"position\":5,\"name\":\"PSEUDOGETREIDE\"}]},{\"@type\":\"WebSite\",\"@id\":\"https:\\\/\\\/bien-etreiris.ch\\\/de\\\/#website\",\"url\":\"https:\\\/\\\/bien-etreiris.ch\\\/de\\\/\",\"name\":\"Bien-\u00eatre Iris\",\"description\":\"IHRE Gesundheit ist uns wichtig\",\"potentialAction\":[{\"@type\":\"SearchAction\",\"target\":{\"@type\":\"EntryPoint\",\"urlTemplate\":\"https:\\\/\\\/bien-etreiris.ch\\\/de\\\/?s={search_term_string}\"},\"query-input\":{\"@type\":\"PropertyValueSpecification\",\"valueRequired\":true,\"valueName\":\"search_term_string\"}}],\"inLanguage\":\"de\"}]}<\/script>\n<!-- \/ Yoast SEO plugin. -->","yoast_head_json":{"title":"PSEUDOGETREIDE - WOHLBEFINDEN","robots":{"index":"index","follow":"follow","max-snippet":"max-snippet:-1","max-image-preview":"max-image-preview:large","max-video-preview":"max-video-preview:-1"},"canonical":"https:\/\/bien-etreiris.ch\/de\/ratgeber-klarheit-beratung\/naehrstoffe\/zwischen-getreide\/pseudogetreide\/","og_locale":"de_DE","og_type":"article","og_title":"PSEUDOGETREIDE - WOHLBEFINDEN","og_description":"Pseudogetreide Was ist ein Pseudogetreide? Alle Fr\u00fcchte von Getreidearten, die nicht zur Gattung der S\u00fc\u00dfgr\u00e4ser geh\u00f6ren, werden als Pseudogetreide bezeichnet. Die Fr\u00fcchte dieser Kulturen sind glutenfrei und daher absolut glutenfrei. Wie Quinoa und Amaranth finden sich immer h\u00e4ufiger auf unseren Tellern. Kein Wunder - mit ihrem nussigen Geschmack und ihrer grobk\u00f6rnigen Struktur sind sie eine ideale Alternative zu echtem Getreide.&nbsp;Weiter lesen","og_url":"https:\/\/bien-etreiris.ch\/de\/ratgeber-klarheit-beratung\/naehrstoffe\/zwischen-getreide\/pseudogetreide\/","og_site_name":"WOHLBEFINDEN","article_publisher":"https:\/\/www.facebook.com\/bienetreiris\/","article_modified_time":"2022-09-28T05:20:03+00:00","og_image":[{"width":500,"height":333,"url":"https:\/\/bien-etreiris.ch\/wp-content\/uploads\/2022\/07\/acceuil-pseudo-cereales.jpg","type":"image\/jpeg"}],"twitter_misc":{"Gesch\u00e4tzte Lesezeit":"1\u00a0Minute"},"schema":{"@context":"https:\/\/schema.org","@graph":[{"@type":"WebPage","@id":"https:\/\/bien-etreiris.ch\/de\/ratgeber-klarheit-beratung\/naehrstoffe\/zwischen-getreide\/pseudogetreide\/","url":"https:\/\/bien-etreiris.ch\/de\/ratgeber-klarheit-beratung\/naehrstoffe\/zwischen-getreide\/pseudogetreide\/","name":"PSEUDOGETREIDE - WOHLBEFINDEN","isPartOf":{"@id":"https:\/\/bien-etreiris.ch\/de\/#website"},"primaryImageOfPage":{"@id":"https:\/\/bien-etreiris.ch\/de\/ratgeber-klarheit-beratung\/naehrstoffe\/zwischen-getreide\/pseudogetreide\/#primaryimage"},"image":{"@id":"https:\/\/bien-etreiris.ch\/de\/ratgeber-klarheit-beratung\/naehrstoffe\/zwischen-getreide\/pseudogetreide\/#primaryimage"},"thumbnailUrl":"https:\/\/bien-etreiris.ch\/wp-content\/uploads\/2022\/07\/acceuil-pseudo-cereales.jpg","datePublished":"2022-07-24T10:30:06+00:00","dateModified":"2022-09-28T05:20:03+00:00","breadcrumb":{"@id":"https:\/\/bien-etreiris.ch\/de\/ratgeber-klarheit-beratung\/naehrstoffe\/zwischen-getreide\/pseudogetreide\/#breadcrumb"},"inLanguage":"de","potentialAction":[{"@type":"ReadAction","target":["https:\/\/bien-etreiris.ch\/de\/ratgeber-klarheit-beratung\/naehrstoffe\/zwischen-getreide\/pseudogetreide\/"]}]},{"@type":"ImageObject","inLanguage":"de","@id":"https:\/\/bien-etreiris.ch\/de\/ratgeber-klarheit-beratung\/naehrstoffe\/zwischen-getreide\/pseudogetreide\/#primaryimage","url":"https:\/\/bien-etreiris.ch\/wp-content\/uploads\/2022\/07\/acceuil-pseudo-cereales.jpg","contentUrl":"https:\/\/bien-etreiris.ch\/wp-content\/uploads\/2022\/07\/acceuil-pseudo-cereales.jpg","width":500,"height":333},{"@type":"BreadcrumbList","@id":"https:\/\/bien-etreiris.ch\/de\/ratgeber-klarheit-beratung\/naehrstoffe\/zwischen-getreide\/pseudogetreide\/#breadcrumb","itemListElement":[{"@type":"ListItem","position":1,"name":"Home","item":"https:\/\/bien-etreiris.ch\/de\/"},{"@type":"ListItem","position":2,"name":"RATGEBER &#038; KLARHEIT","item":"https:\/\/bien-etreiris.ch\/de\/ratgeber-klarheit-beratung\/"},{"@type":"ListItem","position":3,"name":"N\u00c4HRSTOFFE","item":"https:\/\/bien-etreiris.ch\/de\/ratgeber-klarheit-beratung\/naehrstoffe\/"},{"@type":"ListItem","position":4,"name":"ZWISCHEN GETREIDE","item":"https:\/\/bien-etreiris.ch\/de\/ratgeber-klarheit-beratung\/naehrstoffe\/zwischen-getreide\/"},{"@type":"ListItem","position":5,"name":"PSEUDOGETREIDE"}]},{"@type":"WebSite","@id":"https:\/\/bien-etreiris.ch\/de\/#website","url":"https:\/\/bien-etreiris.ch\/de\/","name":"Bien-\u00eatre Iris","description":"IHRE Gesundheit ist uns wichtig","potentialAction":[{"@type":"SearchAction","target":{"@type":"EntryPoint","urlTemplate":"https:\/\/bien-etreiris.ch\/de\/?s={search_term_string}"},"query-input":{"@type":"PropertyValueSpecification","valueRequired":true,"valueName":"search_term_string"}}],"inLanguage":"de"}]}},"_links":{"self":[{"href":"https:\/\/bien-etreiris.ch\/de\/wp-json\/wp\/v2\/pages\/57548","targetHints":{"allow":["GET"]}}],"collection":[{"href":"https:\/\/bien-etreiris.ch\/de\/wp-json\/wp\/v2\/pages"}],"about":[{"href":"https:\/\/bien-etreiris.ch\/de\/wp-json\/wp\/v2\/types\/page"}],"author":[{"embeddable":true,"href":"https:\/\/bien-etreiris.ch\/de\/wp-json\/wp\/v2\/users\/1"}],"replies":[{"embeddable":true,"href":"https:\/\/bien-etreiris.ch\/de\/wp-json\/wp\/v2\/comments?post=57548"}],"version-history":[{"count":3,"href":"https:\/\/bien-etreiris.ch\/de\/wp-json\/wp\/v2\/pages\/57548\/revisions"}],"predecessor-version":[{"id":57627,"href":"https:\/\/bien-etreiris.ch\/de\/wp-json\/wp\/v2\/pages\/57548\/revisions\/57627"}],"up":[{"embeddable":true,"href":"https:\/\/bien-etreiris.ch\/de\/wp-json\/wp\/v2\/pages\/57622"}],"wp:featuredmedia":[{"embeddable":true,"href":"https:\/\/bien-etreiris.ch\/de\/wp-json\/wp\/v2\/media\/57519"}],"wp:attachment":[{"href":"https:\/\/bien-etreiris.ch\/de\/wp-json\/wp\/v2\/media?parent=57548"}],"curies":[{"name":"wp","href":"https:\/\/api.w.org\/{rel}","templated":true}]}}