{"id":57278,"date":"2022-07-23T05:11:46","date_gmt":"2022-07-23T03:11:46","guid":{"rendered":"https:\/\/bien-etreiris.ch\/amidonnier\/"},"modified":"2026-02-20T18:39:18","modified_gmt":"2026-02-20T16:39:18","slug":"amidonnier","status":"publish","type":"page","link":"https:\/\/bien-etreiris.ch\/de\/ratgeber-klarheit-beratung\/gesunder-lebensstil\/naehrstoffe\/lebensmittel\/zwischen-getreide\/getreide\/amidonnier\/","title":{"rendered":"AMIDONNIER"},"content":{"rendered":"\n<h2><br>L'amidonnier, une c\u00e9r\u00e9ale primitive id\u00e9ale pour faire du pain<\/h2>\n<p><a href=\"https:\/\/bien-etreiris.ch\/wp-content\/uploads\/2022\/07\/titre-amidonnier.jpg\"><img loading=\"lazy\" decoding=\"async\" class=\"alignnone  wp-image-57269\" src=\"https:\/\/bien-etreiris.ch\/wp-content\/uploads\/2022\/07\/titre-amidonnier.jpg\" alt=\"\" width=\"308\" height=\"205\" srcset=\"https:\/\/bien-etreiris.ch\/wp-content\/uploads\/2022\/07\/titre-amidonnier.jpg 500w, https:\/\/bien-etreiris.ch\/wp-content\/uploads\/2022\/07\/titre-amidonnier-300x200.jpg 300w\" sizes=\"auto, (max-width: 308px) 100vw, 308px\" \/><\/a><br><span class=\"ILfuVd\" lang=\"fr\"><span class=\"hgKElc\">L'amidonnier est une <b>c\u00e9r\u00e9ale ancestrale qui appartient \u00e0 la famille des bl\u00e9s<\/b> (Triticum). Il s'agit d'une c\u00e9r\u00e9ale \u00e0 bract\u00e9es, au m\u00eame titre que l'\u00e9peautre. Le nom provient du mot \u00abamari\u00bb ou \u00abamar\u00bb qui signifie graine d'\u00e9t\u00e9 en vieil allemand.<\/span><\/span><\/p>\n<p>L'amidonnier fait partie, avec l'engrain, des c\u00e9r\u00e9ales dites primitives. Les grains ont un l\u00e9ger go\u00fbt de noisette et conviennent parfaitement \u00e0 la confection de pain, de gaufres ou de cr\u00eapes, mais aussi de p\u00e2tes.<\/p>\n<p>Les hommes du n\u00e9olithique cultivaient d\u00e9j\u00e0 l'amidonnier. Il comptait, avec l'orge, parmi les principales c\u00e9r\u00e9ales. Plusieurs paires de grains poussent en face les unes des autres sur l'\u00e9pi, c'est pourquoi l'amidonnier porte aussi le nom de \"deux c\u00e9r\u00e9ales\". \u00c0 partir du Moyen \u00c2ge, l'\u00e9peautre, puis le bl\u00e9, ont supplant\u00e9 cette c\u00e9r\u00e9ale peu exigeante.<\/p>\n<p><a href=\"https:\/\/bien-etreiris.ch\/wp-content\/uploads\/2022\/07\/amidonnier-gris.jpg\"><img loading=\"lazy\" decoding=\"async\" class=\"size-full wp-image-57272 alignleft\" src=\"https:\/\/bien-etreiris.ch\/wp-content\/uploads\/2022\/07\/amidonnier-gris.jpg\" alt=\"\" width=\"359\" height=\"240\" srcset=\"https:\/\/bien-etreiris.ch\/wp-content\/uploads\/2022\/07\/amidonnier-gris.jpg 359w, https:\/\/bien-etreiris.ch\/wp-content\/uploads\/2022\/07\/amidonnier-gris-300x201.jpg 300w\" sizes=\"auto, (max-width: 359px) 100vw, 359px\" \/><\/a><\/p>\n<p>&nbsp;<\/p>\n<p>&nbsp;<\/p>\n<p>&nbsp;<\/p>\n<p>&nbsp;<\/p>\n<p>L'amidonnier noir est bien prot\u00e9g\u00e9 des rayons du soleil par sa couleur sombre.<\/p>\n<p>&nbsp;<\/p>\n<p>&nbsp;<\/p>\n<p>&nbsp;<\/p>\n<p>Aujourd'hui, l'amidonnier est le plus souvent issu de l'agriculture biologique. Cette c\u00e9r\u00e9ale a un avantage qui la rend int\u00e9ressante pour l'agriculture biologique : les grains sont entour\u00e9s d'une enveloppe solide qui les prot\u00e8ge des parasites et des champignons, l'amidonnier est donc particuli\u00e8rement robuste. En outre, la couleur fonc\u00e9e de l'amidonnier noir agit comme une protection naturelle contre les rayons UV, ce qui le prot\u00e8ge d'une trop forte exposition au soleil.<br>Bien adapt\u00e9 \u00e0 la cuisson et \u00e0 la cuisine<\/p>\n<p>Les grains d'amidonnier sont nettement plus durs que ceux du bl\u00e9 et contiennent beaucoup de fibres alimentaires ainsi que des min\u00e9raux importants comme le fer, le magn\u00e9sium et le zinc. Ils ont un l\u00e9ger go\u00fbt de noisette.<\/p>\n<p>La farine convient bien \u00e0 la confection de pain, de gaufres ou de cr\u00eapes. Mais l'amidonnier permet \u00e9galement de fabriquer des p\u00e2tes. L'amidonnier perl\u00e9, dont l'enveloppe du grain a \u00e9t\u00e9 rendue rugueuse, est une particularit\u00e9. Comme le riz, il est utilis\u00e9 comme garniture ou peut \u00eatre transform\u00e9 en boulettes.<\/p>\n<p>&nbsp;<\/p>\n<p>Chez nous aussi, l'amidonnier est une c\u00e9r\u00e9ale ancienne et traditionnelle, pr\u00e9sente en Allemagne depuis de nombreux si\u00e8cles. C'est la jumelle de l'engrain, l'anc\u00eatre de l'\u00e9peautre.<br>L'amidonnier conf\u00e8re \u00e0 toutes ses p\u00e2tisseries un go\u00fbt savoureux, de noisette et facile \u00e0 dig\u00e9rer. Les p\u00e2tisseries ont une mie d\u00e9licieusement parfum\u00e9e et fonc\u00e9e et soulignent le caract\u00e8re puissant de l'amidonnier.<br>Apr\u00e8s avoir longtemps perdu de son importance, comme les autres c\u00e9r\u00e9ales primitives, la surface cultiv\u00e9e en amidonnier augmente \u00e0 nouveau r\u00e9guli\u00e8rement. Elle se passe d'engrais et est naturellement tr\u00e8s r\u00e9sistante et peu exigeante.<\/p>\n<ul style=\"list-style-type: disc;\">\n<li>a un go\u00fbt fort et savoureux.<\/li>\n<li>Il contient de pr\u00e9cieux ingr\u00e9dients. Il s'agit notamment de prot\u00e9ines, de fer, de magn\u00e9sium, de zinc et de carot\u00e9no\u00efdes. Ces composants sains ont contribu\u00e9 \u00e0 relancer l'int\u00e9r\u00eat pour l'amidonnier ces derniers temps. (1)<\/li>\n<\/ul>\n<p>&nbsp;<\/p>\n<p>Sources<br>(1)<a href=\"https:\/\/gesundpedia.de\/Emmer\" target=\"_blank\" rel=\"noopener\"> https:\/\/gesundpedia.de\/Emmer<\/a><br>(2) <a href=\"https:\/\/eatsmarter.de\/lexikon\/warenkunde\/getreide\" target=\"_blank\" rel=\"noopener\">https:\/\/eatsmarter.de\/lexikon\/warenkunde\/getreide<\/a><\/p>\n<p>&nbsp;<\/p>\n","protected":false},"excerpt":{"rendered":"<p>L'amidonnier, une c\u00e9r\u00e9ale primitive id\u00e9ale pour faire du pain L'amidonnier est une c\u00e9r\u00e9ale ancestrale qui appartient \u00e0 la famille des bl\u00e9s (Triticum). Il s'agit d'une c\u00e9r\u00e9ale \u00e0 bract\u00e9es, au m\u00eame titre que l'\u00e9peautre. Le nom provient du mot \u00abamari\u00bb ou \u00abamar\u00bb qui signifie graine d'\u00e9t\u00e9 en vieil allemand. L'amidonnier fait partie, avec l'engrain, des c\u00e9r\u00e9ales dites primitives. Les grains ont&nbsp;<a href=\"https:\/\/bien-etreiris.ch\/de\/ratgeber-klarheit-beratung\/gesunder-lebensstil\/naehrstoffe\/lebensmittel\/zwischen-getreide\/getreide\/amidonnier\/\" class=\"read-more\">Weiter lesen<\/a><\/p>\n","protected":false},"author":1,"featured_media":55728,"parent":57544,"menu_order":4695,"comment_status":"closed","ping_status":"closed","template":"page-with-child.php","meta":{"_acf_changed":false,"ngg_post_thumbnail":0,"footnotes":""},"class_list":["post-57278","page","type-page","status-publish","has-post-thumbnail","hentry"],"acf":[],"yoast_head":"<!-- This site is optimized with the Yoast SEO plugin v27.5 - https:\/\/yoast.com\/product\/yoast-seo-wordpress\/ -->\n<title>AMIDONNIER - WOHLBEFINDEN<\/title>\n<meta name=\"robots\" content=\"index, follow, max-snippet:-1, max-image-preview:large, max-video-preview:-1\" \/>\n<link rel=\"canonical\" href=\"https:\/\/bien-etreiris.ch\/de\/ratgeber-klarheit-beratung\/gesunder-lebensstil\/naehrstoffe\/lebensmittel\/zwischen-getreide\/getreide\/amidonnier\/\" \/>\n<meta property=\"og:locale\" content=\"de_DE\" \/>\n<meta property=\"og:type\" content=\"article\" \/>\n<meta property=\"og:title\" content=\"AMIDONNIER - WOHLBEFINDEN\" \/>\n<meta property=\"og:description\" content=\"L&#039;amidonnier, une c\u00e9r\u00e9ale primitive id\u00e9ale pour faire du pain L&#039;amidonnier est une c\u00e9r\u00e9ale ancestrale qui appartient \u00e0 la famille des bl\u00e9s (Triticum). Il s&#039;agit d&#039;une c\u00e9r\u00e9ale \u00e0 bract\u00e9es, au m\u00eame titre que l&#039;\u00e9peautre. Le nom provient du mot \u00abamari\u00bb ou \u00abamar\u00bb qui signifie graine d&#039;\u00e9t\u00e9 en vieil allemand. L&#039;amidonnier fait partie, avec l&#039;engrain, des c\u00e9r\u00e9ales dites primitives. Les grains ont&nbsp;Weiter lesen\" \/>\n<meta property=\"og:url\" content=\"https:\/\/bien-etreiris.ch\/de\/ratgeber-klarheit-beratung\/gesunder-lebensstil\/naehrstoffe\/lebensmittel\/zwischen-getreide\/getreide\/amidonnier\/\" \/>\n<meta property=\"og:site_name\" content=\"WOHLBEFINDEN\" \/>\n<meta property=\"article:publisher\" content=\"https:\/\/www.facebook.com\/bienetreiris\/\" \/>\n<meta property=\"article:modified_time\" content=\"2026-02-20T16:39:18+00:00\" \/>\n<meta property=\"og:image\" content=\"https:\/\/bien-etreiris.ch\/wp-content\/uploads\/2022\/05\/Acceuil.jpg\" \/>\n\t<meta property=\"og:image:width\" content=\"500\" \/>\n\t<meta property=\"og:image:height\" content=\"332\" \/>\n\t<meta property=\"og:image:type\" content=\"image\/jpeg\" \/>\n<meta name=\"twitter:label1\" content=\"Gesch\u00e4tzte Lesezeit\" \/>\n\t<meta name=\"twitter:data1\" content=\"4\u00a0Minuten\" \/>\n<script type=\"application\/ld+json\" class=\"yoast-schema-graph\">{\"@context\":\"https:\\\/\\\/schema.org\",\"@graph\":[{\"@type\":\"WebPage\",\"@id\":\"https:\\\/\\\/bien-etreiris.ch\\\/de\\\/ratgeber-klarheit-beratung\\\/gesunder-lebensstil\\\/naehrstoffe\\\/lebensmittel\\\/zwischen-getreide\\\/getreide\\\/amidonnier\\\/\",\"url\":\"https:\\\/\\\/bien-etreiris.ch\\\/de\\\/ratgeber-klarheit-beratung\\\/gesunder-lebensstil\\\/naehrstoffe\\\/lebensmittel\\\/zwischen-getreide\\\/getreide\\\/amidonnier\\\/\",\"name\":\"AMIDONNIER - WOHLBEFINDEN\",\"isPartOf\":{\"@id\":\"https:\\\/\\\/bien-etreiris.ch\\\/de\\\/#website\"},\"primaryImageOfPage\":{\"@id\":\"https:\\\/\\\/bien-etreiris.ch\\\/de\\\/ratgeber-klarheit-beratung\\\/gesunder-lebensstil\\\/naehrstoffe\\\/lebensmittel\\\/zwischen-getreide\\\/getreide\\\/amidonnier\\\/#primaryimage\"},\"image\":{\"@id\":\"https:\\\/\\\/bien-etreiris.ch\\\/de\\\/ratgeber-klarheit-beratung\\\/gesunder-lebensstil\\\/naehrstoffe\\\/lebensmittel\\\/zwischen-getreide\\\/getreide\\\/amidonnier\\\/#primaryimage\"},\"thumbnailUrl\":\"https:\\\/\\\/bien-etreiris.ch\\\/wp-content\\\/uploads\\\/2022\\\/05\\\/Acceuil.jpg\",\"datePublished\":\"2022-07-23T03:11:46+00:00\",\"dateModified\":\"2026-02-20T16:39:18+00:00\",\"breadcrumb\":{\"@id\":\"https:\\\/\\\/bien-etreiris.ch\\\/de\\\/ratgeber-klarheit-beratung\\\/gesunder-lebensstil\\\/naehrstoffe\\\/lebensmittel\\\/zwischen-getreide\\\/getreide\\\/amidonnier\\\/#breadcrumb\"},\"inLanguage\":\"de\",\"potentialAction\":[{\"@type\":\"ReadAction\",\"target\":[\"https:\\\/\\\/bien-etreiris.ch\\\/de\\\/ratgeber-klarheit-beratung\\\/gesunder-lebensstil\\\/naehrstoffe\\\/lebensmittel\\\/zwischen-getreide\\\/getreide\\\/amidonnier\\\/\"]}]},{\"@type\":\"ImageObject\",\"inLanguage\":\"de\",\"@id\":\"https:\\\/\\\/bien-etreiris.ch\\\/de\\\/ratgeber-klarheit-beratung\\\/gesunder-lebensstil\\\/naehrstoffe\\\/lebensmittel\\\/zwischen-getreide\\\/getreide\\\/amidonnier\\\/#primaryimage\",\"url\":\"https:\\\/\\\/bien-etreiris.ch\\\/wp-content\\\/uploads\\\/2022\\\/05\\\/Acceuil.jpg\",\"contentUrl\":\"https:\\\/\\\/bien-etreiris.ch\\\/wp-content\\\/uploads\\\/2022\\\/05\\\/Acceuil.jpg\",\"width\":500,\"height\":332},{\"@type\":\"BreadcrumbList\",\"@id\":\"https:\\\/\\\/bien-etreiris.ch\\\/de\\\/ratgeber-klarheit-beratung\\\/gesunder-lebensstil\\\/naehrstoffe\\\/lebensmittel\\\/zwischen-getreide\\\/getreide\\\/amidonnier\\\/#breadcrumb\",\"itemListElement\":[{\"@type\":\"ListItem\",\"position\":1,\"name\":\"Home\",\"item\":\"https:\\\/\\\/bien-etreiris.ch\\\/de\\\/\"},{\"@type\":\"ListItem\",\"position\":2,\"name\":\"RATGEBER &#038; KLARHEIT\",\"item\":\"https:\\\/\\\/bien-etreiris.ch\\\/de\\\/ratgeber-klarheit-beratung\\\/\"},{\"@type\":\"ListItem\",\"position\":3,\"name\":\"GESUNDER LEBENSSTIL\",\"item\":\"https:\\\/\\\/bien-etreiris.ch\\\/de\\\/ratgeber-klarheit-beratung\\\/gesunder-lebensstil\\\/\"},{\"@type\":\"ListItem\",\"position\":4,\"name\":\"N\u00c4HRSTOFFE\",\"item\":\"https:\\\/\\\/bien-etreiris.ch\\\/de\\\/ratgeber-klarheit-beratung\\\/naehrstoffe\\\/\"},{\"@type\":\"ListItem\",\"position\":5,\"name\":\"LEBENSMITTEL\",\"item\":\"https:\\\/\\\/bien-etreiris.ch\\\/de\\\/ratgeber-klarheit-beratung\\\/gesunder-lebensstil\\\/naehrstoffe\\\/lebensmittel\\\/\"},{\"@type\":\"ListItem\",\"position\":6,\"name\":\"ZWISCHEN GETREIDE\",\"item\":\"https:\\\/\\\/bien-etreiris.ch\\\/de\\\/ratgeber-klarheit-beratung\\\/naehrstoffe\\\/zwischen-getreide\\\/\"},{\"@type\":\"ListItem\",\"position\":7,\"name\":\"GETREIDE\",\"item\":\"https:\\\/\\\/bien-etreiris.ch\\\/de\\\/ratgeber-klarheit-beratung\\\/naehrstoffe\\\/zwischen-getreide\\\/getreide\\\/\"},{\"@type\":\"ListItem\",\"position\":8,\"name\":\"AMIDONNIER\"}]},{\"@type\":\"WebSite\",\"@id\":\"https:\\\/\\\/bien-etreiris.ch\\\/de\\\/#website\",\"url\":\"https:\\\/\\\/bien-etreiris.ch\\\/de\\\/\",\"name\":\"Bien-\u00eatre Iris\",\"description\":\"IHRE Gesundheit ist uns wichtig\",\"potentialAction\":[{\"@type\":\"SearchAction\",\"target\":{\"@type\":\"EntryPoint\",\"urlTemplate\":\"https:\\\/\\\/bien-etreiris.ch\\\/de\\\/?s={search_term_string}\"},\"query-input\":{\"@type\":\"PropertyValueSpecification\",\"valueRequired\":true,\"valueName\":\"search_term_string\"}}],\"inLanguage\":\"de\"}]}<\/script>\n<!-- \/ Yoast SEO plugin. -->","yoast_head_json":{"title":"AMIDONNIER - WOHLBEFINDEN","robots":{"index":"index","follow":"follow","max-snippet":"max-snippet:-1","max-image-preview":"max-image-preview:large","max-video-preview":"max-video-preview:-1"},"canonical":"https:\/\/bien-etreiris.ch\/de\/ratgeber-klarheit-beratung\/gesunder-lebensstil\/naehrstoffe\/lebensmittel\/zwischen-getreide\/getreide\/amidonnier\/","og_locale":"de_DE","og_type":"article","og_title":"AMIDONNIER - WOHLBEFINDEN","og_description":"L'amidonnier, une c\u00e9r\u00e9ale primitive id\u00e9ale pour faire du pain L'amidonnier est une c\u00e9r\u00e9ale ancestrale qui appartient \u00e0 la famille des bl\u00e9s (Triticum). Il s'agit d'une c\u00e9r\u00e9ale \u00e0 bract\u00e9es, au m\u00eame titre que l'\u00e9peautre. Le nom provient du mot \u00abamari\u00bb ou \u00abamar\u00bb qui signifie graine d'\u00e9t\u00e9 en vieil allemand. L'amidonnier fait partie, avec l'engrain, des c\u00e9r\u00e9ales dites primitives. Les grains ont&nbsp;Weiter lesen","og_url":"https:\/\/bien-etreiris.ch\/de\/ratgeber-klarheit-beratung\/gesunder-lebensstil\/naehrstoffe\/lebensmittel\/zwischen-getreide\/getreide\/amidonnier\/","og_site_name":"WOHLBEFINDEN","article_publisher":"https:\/\/www.facebook.com\/bienetreiris\/","article_modified_time":"2026-02-20T16:39:18+00:00","og_image":[{"width":500,"height":332,"url":"https:\/\/bien-etreiris.ch\/wp-content\/uploads\/2022\/05\/Acceuil.jpg","type":"image\/jpeg"}],"twitter_misc":{"Gesch\u00e4tzte Lesezeit":"4\u00a0Minuten"},"schema":{"@context":"https:\/\/schema.org","@graph":[{"@type":"WebPage","@id":"https:\/\/bien-etreiris.ch\/de\/ratgeber-klarheit-beratung\/gesunder-lebensstil\/naehrstoffe\/lebensmittel\/zwischen-getreide\/getreide\/amidonnier\/","url":"https:\/\/bien-etreiris.ch\/de\/ratgeber-klarheit-beratung\/gesunder-lebensstil\/naehrstoffe\/lebensmittel\/zwischen-getreide\/getreide\/amidonnier\/","name":"AMIDONNIER - WOHLBEFINDEN","isPartOf":{"@id":"https:\/\/bien-etreiris.ch\/de\/#website"},"primaryImageOfPage":{"@id":"https:\/\/bien-etreiris.ch\/de\/ratgeber-klarheit-beratung\/gesunder-lebensstil\/naehrstoffe\/lebensmittel\/zwischen-getreide\/getreide\/amidonnier\/#primaryimage"},"image":{"@id":"https:\/\/bien-etreiris.ch\/de\/ratgeber-klarheit-beratung\/gesunder-lebensstil\/naehrstoffe\/lebensmittel\/zwischen-getreide\/getreide\/amidonnier\/#primaryimage"},"thumbnailUrl":"https:\/\/bien-etreiris.ch\/wp-content\/uploads\/2022\/05\/Acceuil.jpg","datePublished":"2022-07-23T03:11:46+00:00","dateModified":"2026-02-20T16:39:18+00:00","breadcrumb":{"@id":"https:\/\/bien-etreiris.ch\/de\/ratgeber-klarheit-beratung\/gesunder-lebensstil\/naehrstoffe\/lebensmittel\/zwischen-getreide\/getreide\/amidonnier\/#breadcrumb"},"inLanguage":"de","potentialAction":[{"@type":"ReadAction","target":["https:\/\/bien-etreiris.ch\/de\/ratgeber-klarheit-beratung\/gesunder-lebensstil\/naehrstoffe\/lebensmittel\/zwischen-getreide\/getreide\/amidonnier\/"]}]},{"@type":"ImageObject","inLanguage":"de","@id":"https:\/\/bien-etreiris.ch\/de\/ratgeber-klarheit-beratung\/gesunder-lebensstil\/naehrstoffe\/lebensmittel\/zwischen-getreide\/getreide\/amidonnier\/#primaryimage","url":"https:\/\/bien-etreiris.ch\/wp-content\/uploads\/2022\/05\/Acceuil.jpg","contentUrl":"https:\/\/bien-etreiris.ch\/wp-content\/uploads\/2022\/05\/Acceuil.jpg","width":500,"height":332},{"@type":"BreadcrumbList","@id":"https:\/\/bien-etreiris.ch\/de\/ratgeber-klarheit-beratung\/gesunder-lebensstil\/naehrstoffe\/lebensmittel\/zwischen-getreide\/getreide\/amidonnier\/#breadcrumb","itemListElement":[{"@type":"ListItem","position":1,"name":"Home","item":"https:\/\/bien-etreiris.ch\/de\/"},{"@type":"ListItem","position":2,"name":"RATGEBER &#038; KLARHEIT","item":"https:\/\/bien-etreiris.ch\/de\/ratgeber-klarheit-beratung\/"},{"@type":"ListItem","position":3,"name":"GESUNDER LEBENSSTIL","item":"https:\/\/bien-etreiris.ch\/de\/ratgeber-klarheit-beratung\/gesunder-lebensstil\/"},{"@type":"ListItem","position":4,"name":"N\u00c4HRSTOFFE","item":"https:\/\/bien-etreiris.ch\/de\/ratgeber-klarheit-beratung\/naehrstoffe\/"},{"@type":"ListItem","position":5,"name":"LEBENSMITTEL","item":"https:\/\/bien-etreiris.ch\/de\/ratgeber-klarheit-beratung\/gesunder-lebensstil\/naehrstoffe\/lebensmittel\/"},{"@type":"ListItem","position":6,"name":"ZWISCHEN GETREIDE","item":"https:\/\/bien-etreiris.ch\/de\/ratgeber-klarheit-beratung\/naehrstoffe\/zwischen-getreide\/"},{"@type":"ListItem","position":7,"name":"GETREIDE","item":"https:\/\/bien-etreiris.ch\/de\/ratgeber-klarheit-beratung\/naehrstoffe\/zwischen-getreide\/getreide\/"},{"@type":"ListItem","position":8,"name":"AMIDONNIER"}]},{"@type":"WebSite","@id":"https:\/\/bien-etreiris.ch\/de\/#website","url":"https:\/\/bien-etreiris.ch\/de\/","name":"Bien-\u00eatre Iris","description":"IHRE Gesundheit ist uns wichtig","potentialAction":[{"@type":"SearchAction","target":{"@type":"EntryPoint","urlTemplate":"https:\/\/bien-etreiris.ch\/de\/?s={search_term_string}"},"query-input":{"@type":"PropertyValueSpecification","valueRequired":true,"valueName":"search_term_string"}}],"inLanguage":"de"}]}},"_links":{"self":[{"href":"https:\/\/bien-etreiris.ch\/de\/wp-json\/wp\/v2\/pages\/57278","targetHints":{"allow":["GET"]}}],"collection":[{"href":"https:\/\/bien-etreiris.ch\/de\/wp-json\/wp\/v2\/pages"}],"about":[{"href":"https:\/\/bien-etreiris.ch\/de\/wp-json\/wp\/v2\/types\/page"}],"author":[{"embeddable":true,"href":"https:\/\/bien-etreiris.ch\/de\/wp-json\/wp\/v2\/users\/1"}],"replies":[{"embeddable":true,"href":"https:\/\/bien-etreiris.ch\/de\/wp-json\/wp\/v2\/comments?post=57278"}],"version-history":[{"count":2,"href":"https:\/\/bien-etreiris.ch\/de\/wp-json\/wp\/v2\/pages\/57278\/revisions"}],"predecessor-version":[{"id":97489,"href":"https:\/\/bien-etreiris.ch\/de\/wp-json\/wp\/v2\/pages\/57278\/revisions\/97489"}],"up":[{"embeddable":true,"href":"https:\/\/bien-etreiris.ch\/de\/wp-json\/wp\/v2\/pages\/57544"}],"wp:featuredmedia":[{"embeddable":true,"href":"https:\/\/bien-etreiris.ch\/de\/wp-json\/wp\/v2\/media\/55728"}],"wp:attachment":[{"href":"https:\/\/bien-etreiris.ch\/de\/wp-json\/wp\/v2\/media?parent=57278"}],"curies":[{"name":"wp","href":"https:\/\/api.w.org\/{rel}","templated":true}]}}