{"id":57070,"date":"2022-07-14T10:30:25","date_gmt":"2022-07-14T08:30:25","guid":{"rendered":"https:\/\/bien-etreiris.ch\/produktpraesentation\/gesundes-leben\/nahrungserganzungsmittel\/in-der-ayurvedischen-medizin\/aloe-vera\/"},"modified":"2022-09-13T16:45:47","modified_gmt":"2022-09-13T14:45:47","slug":"aloe-vera","status":"publish","type":"page","link":"https:\/\/bien-etreiris.ch\/de\/produktpraesentation\/gesundes-leben\/nahrungsergaenzungsmittel\/in-der-ayurvedischen-medizin\/aloe-vera\/","title":{"rendered":"ALOE VERA"},"content":{"rendered":"\n<div class=\"tab-details\">\n<div class=\"page-title-wrapper product\">\n<h2 class=\"page-title\"><span class=\"base\" data-ui-id=\"page-title-wrapper\">Aloe-vera-Saft, BIO<\/span><\/h2>\n<div class=\"p-m-desc\"><a href=\"https:\/\/bien-etreiris.ch\/wp-content\/uploads\/2022\/07\/Aloe-vera-3.jpg\"><img loading=\"lazy\" decoding=\"async\" class=\"wp-image-56955  alignleft\" src=\"https:\/\/bien-etreiris.ch\/wp-content\/uploads\/2022\/07\/Aloe-vera-3.jpg\" alt=\"\" width=\"248\" height=\"583\" srcset=\"https:\/\/bien-etreiris.ch\/wp-content\/uploads\/2022\/07\/Aloe-vera-3.jpg 454w, https:\/\/bien-etreiris.ch\/wp-content\/uploads\/2022\/07\/Aloe-vera-3-128x300.jpg 128w, https:\/\/bien-etreiris.ch\/wp-content\/uploads\/2022\/07\/Aloe-vera-3-435x1024.jpg 435w\" sizes=\"auto, (max-width: 248px) 100vw, 248px\" \/><\/a><\/div>\n<div>&nbsp;<\/div>\n<div>&nbsp;<\/div>\n<div>&nbsp;<\/div>\n<\/div>\n<\/div>\n<div>&nbsp;<\/div>\n<div>&nbsp;<\/div>\n<div>&nbsp;<\/div>\n<div>&nbsp;<\/div>\n<div>&nbsp;<\/div>\n<div>&nbsp;<\/div>\n<div>&nbsp;<\/div>\n<div>&nbsp;<\/div>\n<div>&nbsp;<\/div>\n<div>&nbsp;<\/div>\n<div class=\"tab-details\">\n<div class=\"page-title-wrapper product\">\n<div>&nbsp;<\/div>\n<p>Saft aus frischen Aloe-vera-Pflanzen, biologisch.<\/p>\n<p><br>Inhalt<\/p>\n<p><br>500 ml <strong>CHF 15.90<\/strong><\/p>\n<p>&nbsp;<\/p>\n<p>Aloe Vera ist auch im Ayurveda als Pflanze bekannt, die seit mehr als 6000 Jahren angebaut wird. Der Geschmack von Aloe Vera wird im Ayurveda als bitter und s\u00fc\u00df beschrieben. Die Pflanze ist daher f\u00fcr ihre k\u00fchlenden und pitta-reduzierenden Eigenschaften bekannt.<\/p>\n<p>\"Sie haben mich gefragt, was meine geheimen St\u00e4rken w\u00e4hrend meiner langen Jugendzeit waren. Es waren ... mein bescheidenes Leben und die Aloe-Vera-Pflanze, deren wohltuende Wirkung ich kennengelernt habe.\"<\/p>\n<p>Brief von MAHATMA GANDHI<\/p>\n<p>Indischer Politiker und spiritueller F\u00fchrer 1869 - 1948<\/p>\n<\/div>\n<\/div>\n<p>&nbsp;<\/p>\n<p>&nbsp;<\/p>\n<p>&nbsp;<\/p>\n<div class=\"p-m-hersteller\">\n<div class=\"p-m-right\">&nbsp;<\/div>\n<\/div>\n<div class=\"p-m-hersteller\">\n<h4>Inhaltsstoffe<\/h4>\n<p>... aus 100% Aloe Barbadensis Miller ist ein Direktsaft von h\u00f6chster Qualit\u00e4t! Der Saft wird unmittelbar nach der Ernte aus den handgesch\u00e4lten Blattfilets gewonnen. So behalten die reichhaltigen Inhaltsstoffe ihre Einzigartigkeit, die Vitamine werden vor Oxidation und vorzeitigem Verderb bewahrt, wodurch wir eine Qualit\u00e4t garantieren k\u00f6nnen, die dem frischen Gel aus dem Aloe-Blatt entspricht, der Saft wird nicht aus Konzentraten oder Extrakten (gefriergetrocknetes oder spr\u00fchgetrocknetes Pulver) hergestellt oder mit diesen vermischt. ., Nach strengen Qualit\u00e4tskriterien (IASC, \u00d6ko-Erzeugnis VO) und unter Einhaltung der deutschen Fruchtsaftverordnung hergestellt, kann auch als Saft vermarktet werden und darf nicht als \"Trinkgel\" angepriesen werden, Es werden keine chemisch\/synthetischen oder naturidentischen Konservierungsstoffe zugesetzt. Daher ist es besonders f\u00fcr Hom\u00f6opathen und ern\u00e4hrungssensible oder bewusste Menschen geeignet.<\/p>\n<br>\n<div>&nbsp;<\/div>\n<\/div>\n<h4><br>Verzehrempfehlung<\/h4>\n<p>Konsumieren Sie z.B. 10-20 ml pur oder gemischt mit Orangensaft oder Tee 3x t\u00e4glich.<\/p>\n<h4><span style=\"color: #ff0000;\">Nicht w\u00e4hrend der Schwangerschaft konsumieren.<\/span><\/h4>\n<h4><br>Aufbewahrung<\/h4>\n<p><br>An einem k\u00fchlen, trockenen und lichtgesch\u00fctzten Ort aufbewahren. Nach dem \u00d6ffnen im K\u00fchlschrank aufbewahren und innerhalb von zwei Wochen verbrauchen.<\/p>\n<h4><br>N\u00e4hrwertangaben<\/h4>\n<table style=\"width: 55.7143%; height: 209px;\">\n<tbody>\n<tr style=\"height: 27px;\">\n<th style=\"height: 27px;\">Durchschnittliche N\u00e4hrwerte<\/th>\n<th class=\"last\" style=\"height: 27px;\">pro Portion (20 g)<\/th>\n<\/tr>\n<tr style=\"height: 10px;\">\n<td style=\"height: 10px;\">Energie<\/td>\n<td style=\"height: 10px;\">8 kJ<br>2 kcal<\/td>\n<\/tr>\n<tr style=\"height: 27px;\">\n<td style=\"height: 27px;\">Fett<\/td>\n<td style=\"height: 27px;\">0 g<\/td>\n<\/tr>\n<tr style=\"height: 27px;\">\n<td class=\"subdetail\" style=\"height: 27px;\">davon ges\u00e4ttigte Fetts\u00e4uren<\/td>\n<td style=\"height: 27px;\">0 g<\/td>\n<\/tr>\n<tr style=\"height: 27px;\">\n<td style=\"height: 27px;\">Kohlenhydrate<\/td>\n<td style=\"height: 27px;\">0.4 g<\/td>\n<\/tr>\n<tr style=\"height: 27px;\">\n<td class=\"subdetail\" style=\"height: 27px;\">davon Zucker<\/td>\n<td style=\"height: 27px;\">0 g<\/td>\n<\/tr>\n<tr style=\"height: 27px;\">\n<td style=\"height: 27px;\">Nahrungsfasern<\/td>\n<td style=\"height: 27px;\">0.2 g<\/td>\n<\/tr>\n<tr style=\"height: 27px;\">\n<td style=\"height: 27px;\">Eiwei\u00df<\/td>\n<td style=\"height: 27px;\">0.1 g<\/td>\n<\/tr>\n<tr style=\"height: 10px;\">\n<td style=\"height: 10px;\">Salz<\/td>\n<td style=\"height: 10px;\">\n<p>&lt; 0.05 g<\/p>\n<\/td>\n<\/tr>\n<\/tbody>\n<\/table>\n<p>&nbsp;<\/p>\n<h4>Aloe Vera als erfrischender Saft zum Trinken - auch als Kur zu empfehlen.<\/h4>\n<p>DER Frischekick f\u00fcr Ihren K\u00f6rper - entweder pur oder mit anderen S\u00e4ften gemischt. Bereits 60 Milliliter pro Tag versorgen den K\u00f6rper mit gro\u00dfen Mengen Aloverose. Mit nur 4 Kalorien pro 100 Milliliter ist der Saft zudem kalorienarm. Nach dem ersten \u00d6ffnen sollte der Aloe-vera-Saft im K\u00fchlschrank aufbewahrt werden.<\/p>\n<p>&nbsp;<\/p>\n<p>&nbsp;<\/p>\n<p><a href=\"https:\/\/bien-etreiris.ch\/wp-content\/uploads\/2022\/07\/bain-aloe-vera.jpg\"><img loading=\"lazy\" decoding=\"async\" class=\"alignnone  wp-image-56962\" src=\"https:\/\/bien-etreiris.ch\/wp-content\/uploads\/2022\/07\/bain-aloe-vera.jpg\" alt=\"\" width=\"377\" height=\"204\" srcset=\"https:\/\/bien-etreiris.ch\/wp-content\/uploads\/2022\/07\/bain-aloe-vera.jpg 444w, https:\/\/bien-etreiris.ch\/wp-content\/uploads\/2022\/07\/bain-aloe-vera-300x162.jpg 300w\" sizes=\"auto, (max-width: 377px) 100vw, 377px\" \/><\/a><\/p>\n<h4>Aloe-vera-Saft als Badezusatz - eine feuchtigkeitsspendende Pflege.<\/h4>\n<p>Neben der Verwendung als Getr\u00e4nk kann Aloe-vera-Saft auch einem Vollbad zugesetzt werden. In diesem Fall profitiert er von den positiven Eigenschaften, die in der Kosmetikindustrie genutzt werden, und bietet ein besonderes Badeerlebnis. Geben Sie einfach etwa 100 Milliliter Aloe-vera-Saft in Ihr Badewasser und baden Sie 30 bis 60 Minuten lang darin.<\/p>\n<p>&nbsp;<\/p>\n<h2><a href=\"http:\/\/www.aloeinfo.info\/aloeal.pdf\" target=\"_blank\" rel=\"noopener\"><span style=\"color: #ff9900;\"><em>Wenn Sie noch mehr erfahren wollen \u00fcber ALOE-VERA hier k\u00f6nnen Sie alles lesen in PDF<\/em><\/span><\/a><\/h2>\n<p>&nbsp;<\/p>\n<p>&nbsp;<\/p>\n","protected":false},"excerpt":{"rendered":"<p>Aloe-vera-Saft, BIO &nbsp; &nbsp; &nbsp; &nbsp; &nbsp; &nbsp; &nbsp; &nbsp; &nbsp; &nbsp; &nbsp; &nbsp; &nbsp; &nbsp; Saft aus frischen Aloe-vera-Pflanzen, biologisch. Inhalt 500 ml CHF 15.90 &nbsp; Aloe Vera ist auch im Ayurveda als Pflanze bekannt, die seit mehr als 6000 Jahren angebaut wird. Der Geschmack von Aloe Vera wird im Ayurveda als bitter und s\u00fc\u00df beschrieben. Die Pflanze ist&nbsp;<a href=\"https:\/\/bien-etreiris.ch\/de\/produktpraesentation\/gesundes-leben\/nahrungsergaenzungsmittel\/in-der-ayurvedischen-medizin\/aloe-vera\/\" class=\"read-more\">Weiter lesen<\/a><\/p>\n","protected":false},"author":1,"featured_media":56941,"parent":56697,"menu_order":4733,"comment_status":"closed","ping_status":"closed","template":"page-with-child.php","meta":{"_acf_changed":false,"ngg_post_thumbnail":0,"footnotes":""},"class_list":["post-57070","page","type-page","status-publish","has-post-thumbnail","hentry"],"acf":[],"yoast_head":"<!-- This site is optimized with the Yoast SEO plugin v27.5 - https:\/\/yoast.com\/product\/yoast-seo-wordpress\/ -->\n<title>ALOE VERA - WOHLBEFINDEN<\/title>\n<meta name=\"robots\" content=\"index, follow, max-snippet:-1, max-image-preview:large, max-video-preview:-1\" \/>\n<link rel=\"canonical\" href=\"https:\/\/bien-etreiris.ch\/de\/produktpraesentation\/gesundes-leben\/nahrungsergaenzungsmittel\/in-der-ayurvedischen-medizin\/aloe-vera\/\" \/>\n<meta property=\"og:locale\" content=\"de_DE\" \/>\n<meta property=\"og:type\" content=\"article\" \/>\n<meta property=\"og:title\" content=\"ALOE VERA - WOHLBEFINDEN\" \/>\n<meta property=\"og:description\" content=\"Aloe-vera-Saft, BIO &nbsp; &nbsp; &nbsp; &nbsp; &nbsp; &nbsp; &nbsp; &nbsp; &nbsp; &nbsp; &nbsp; &nbsp; &nbsp; &nbsp; Saft aus frischen Aloe-vera-Pflanzen, biologisch. Inhalt 500 ml CHF 15.90 &nbsp; Aloe Vera ist auch im Ayurveda als Pflanze bekannt, die seit mehr als 6000 Jahren angebaut wird. Der Geschmack von Aloe Vera wird im Ayurveda als bitter und s\u00fc\u00df beschrieben. Die Pflanze ist&nbsp;Weiter lesen\" \/>\n<meta property=\"og:url\" content=\"https:\/\/bien-etreiris.ch\/de\/produktpraesentation\/gesundes-leben\/nahrungsergaenzungsmittel\/in-der-ayurvedischen-medizin\/aloe-vera\/\" \/>\n<meta property=\"og:site_name\" content=\"WOHLBEFINDEN\" \/>\n<meta property=\"article:publisher\" content=\"https:\/\/www.facebook.com\/bienetreiris\/\" \/>\n<meta property=\"article:modified_time\" content=\"2022-09-13T14:45:47+00:00\" \/>\n<meta property=\"og:image\" content=\"https:\/\/bien-etreiris.ch\/wp-content\/uploads\/2022\/07\/acceuil-aloe-vera.jpg\" \/>\n\t<meta property=\"og:image:width\" content=\"500\" \/>\n\t<meta property=\"og:image:height\" content=\"333\" \/>\n\t<meta property=\"og:image:type\" content=\"image\/jpeg\" \/>\n<meta name=\"twitter:label1\" content=\"Gesch\u00e4tzte Lesezeit\" \/>\n\t<meta name=\"twitter:data1\" content=\"3\u00a0Minuten\" \/>\n<script type=\"application\/ld+json\" class=\"yoast-schema-graph\">{\"@context\":\"https:\\\/\\\/schema.org\",\"@graph\":[{\"@type\":\"WebPage\",\"@id\":\"https:\\\/\\\/bien-etreiris.ch\\\/de\\\/produktpraesentation\\\/gesundes-leben\\\/nahrungsergaenzungsmittel\\\/in-der-ayurvedischen-medizin\\\/aloe-vera\\\/\",\"url\":\"https:\\\/\\\/bien-etreiris.ch\\\/de\\\/produktpraesentation\\\/gesundes-leben\\\/nahrungsergaenzungsmittel\\\/in-der-ayurvedischen-medizin\\\/aloe-vera\\\/\",\"name\":\"ALOE VERA - WOHLBEFINDEN\",\"isPartOf\":{\"@id\":\"https:\\\/\\\/bien-etreiris.ch\\\/de\\\/#website\"},\"primaryImageOfPage\":{\"@id\":\"https:\\\/\\\/bien-etreiris.ch\\\/de\\\/produktpraesentation\\\/gesundes-leben\\\/nahrungsergaenzungsmittel\\\/in-der-ayurvedischen-medizin\\\/aloe-vera\\\/#primaryimage\"},\"image\":{\"@id\":\"https:\\\/\\\/bien-etreiris.ch\\\/de\\\/produktpraesentation\\\/gesundes-leben\\\/nahrungsergaenzungsmittel\\\/in-der-ayurvedischen-medizin\\\/aloe-vera\\\/#primaryimage\"},\"thumbnailUrl\":\"https:\\\/\\\/bien-etreiris.ch\\\/wp-content\\\/uploads\\\/2022\\\/07\\\/acceuil-aloe-vera.jpg\",\"datePublished\":\"2022-07-14T08:30:25+00:00\",\"dateModified\":\"2022-09-13T14:45:47+00:00\",\"breadcrumb\":{\"@id\":\"https:\\\/\\\/bien-etreiris.ch\\\/de\\\/produktpraesentation\\\/gesundes-leben\\\/nahrungsergaenzungsmittel\\\/in-der-ayurvedischen-medizin\\\/aloe-vera\\\/#breadcrumb\"},\"inLanguage\":\"de\",\"potentialAction\":[{\"@type\":\"ReadAction\",\"target\":[\"https:\\\/\\\/bien-etreiris.ch\\\/de\\\/produktpraesentation\\\/gesundes-leben\\\/nahrungsergaenzungsmittel\\\/in-der-ayurvedischen-medizin\\\/aloe-vera\\\/\"]}]},{\"@type\":\"ImageObject\",\"inLanguage\":\"de\",\"@id\":\"https:\\\/\\\/bien-etreiris.ch\\\/de\\\/produktpraesentation\\\/gesundes-leben\\\/nahrungsergaenzungsmittel\\\/in-der-ayurvedischen-medizin\\\/aloe-vera\\\/#primaryimage\",\"url\":\"https:\\\/\\\/bien-etreiris.ch\\\/wp-content\\\/uploads\\\/2022\\\/07\\\/acceuil-aloe-vera.jpg\",\"contentUrl\":\"https:\\\/\\\/bien-etreiris.ch\\\/wp-content\\\/uploads\\\/2022\\\/07\\\/acceuil-aloe-vera.jpg\",\"width\":500,\"height\":333},{\"@type\":\"BreadcrumbList\",\"@id\":\"https:\\\/\\\/bien-etreiris.ch\\\/de\\\/produktpraesentation\\\/gesundes-leben\\\/nahrungsergaenzungsmittel\\\/in-der-ayurvedischen-medizin\\\/aloe-vera\\\/#breadcrumb\",\"itemListElement\":[{\"@type\":\"ListItem\",\"position\":1,\"name\":\"Home\",\"item\":\"https:\\\/\\\/bien-etreiris.ch\\\/de\\\/\"},{\"@type\":\"ListItem\",\"position\":2,\"name\":\"PRODUKTPR\u00c4SENTATION\",\"item\":\"https:\\\/\\\/bien-etreiris.ch\\\/de\\\/produktpraesentation\\\/\"},{\"@type\":\"ListItem\",\"position\":3,\"name\":\"GESUNDES LEBEN\",\"item\":\"https:\\\/\\\/bien-etreiris.ch\\\/de\\\/produktpraesentation\\\/gesundes-leben\\\/\"},{\"@type\":\"ListItem\",\"position\":4,\"name\":\"NAHRUNGSERG\u00c4NZUNG\",\"item\":\"https:\\\/\\\/bien-etreiris.ch\\\/de\\\/produktpraesentation\\\/gesundes-leben\\\/nahrungsergaenzungsmittel\\\/\"},{\"@type\":\"ListItem\",\"position\":5,\"name\":\"AYURVEDISCHEN\",\"item\":\"https:\\\/\\\/bien-etreiris.ch\\\/de\\\/produktpraesentation\\\/gesundes-leben\\\/nahrungsergaenzungsmittel\\\/in-der-ayurvedischen-medizin\\\/\"},{\"@type\":\"ListItem\",\"position\":6,\"name\":\"ALOE VERA\"}]},{\"@type\":\"WebSite\",\"@id\":\"https:\\\/\\\/bien-etreiris.ch\\\/de\\\/#website\",\"url\":\"https:\\\/\\\/bien-etreiris.ch\\\/de\\\/\",\"name\":\"Bien-\u00eatre Iris\",\"description\":\"IHRE Gesundheit ist uns wichtig\",\"potentialAction\":[{\"@type\":\"SearchAction\",\"target\":{\"@type\":\"EntryPoint\",\"urlTemplate\":\"https:\\\/\\\/bien-etreiris.ch\\\/de\\\/?s={search_term_string}\"},\"query-input\":{\"@type\":\"PropertyValueSpecification\",\"valueRequired\":true,\"valueName\":\"search_term_string\"}}],\"inLanguage\":\"de\"}]}<\/script>\n<!-- \/ Yoast SEO plugin. -->","yoast_head_json":{"title":"ALOE VERA - WOHLBEFINDEN","robots":{"index":"index","follow":"follow","max-snippet":"max-snippet:-1","max-image-preview":"max-image-preview:large","max-video-preview":"max-video-preview:-1"},"canonical":"https:\/\/bien-etreiris.ch\/de\/produktpraesentation\/gesundes-leben\/nahrungsergaenzungsmittel\/in-der-ayurvedischen-medizin\/aloe-vera\/","og_locale":"de_DE","og_type":"article","og_title":"ALOE VERA - WOHLBEFINDEN","og_description":"Aloe-vera-Saft, BIO &nbsp; &nbsp; &nbsp; &nbsp; &nbsp; &nbsp; &nbsp; &nbsp; &nbsp; &nbsp; &nbsp; &nbsp; &nbsp; &nbsp; Saft aus frischen Aloe-vera-Pflanzen, biologisch. Inhalt 500 ml CHF 15.90 &nbsp; Aloe Vera ist auch im Ayurveda als Pflanze bekannt, die seit mehr als 6000 Jahren angebaut wird. Der Geschmack von Aloe Vera wird im Ayurveda als bitter und s\u00fc\u00df beschrieben. Die Pflanze ist&nbsp;Weiter lesen","og_url":"https:\/\/bien-etreiris.ch\/de\/produktpraesentation\/gesundes-leben\/nahrungsergaenzungsmittel\/in-der-ayurvedischen-medizin\/aloe-vera\/","og_site_name":"WOHLBEFINDEN","article_publisher":"https:\/\/www.facebook.com\/bienetreiris\/","article_modified_time":"2022-09-13T14:45:47+00:00","og_image":[{"width":500,"height":333,"url":"https:\/\/bien-etreiris.ch\/wp-content\/uploads\/2022\/07\/acceuil-aloe-vera.jpg","type":"image\/jpeg"}],"twitter_misc":{"Gesch\u00e4tzte Lesezeit":"3\u00a0Minuten"},"schema":{"@context":"https:\/\/schema.org","@graph":[{"@type":"WebPage","@id":"https:\/\/bien-etreiris.ch\/de\/produktpraesentation\/gesundes-leben\/nahrungsergaenzungsmittel\/in-der-ayurvedischen-medizin\/aloe-vera\/","url":"https:\/\/bien-etreiris.ch\/de\/produktpraesentation\/gesundes-leben\/nahrungsergaenzungsmittel\/in-der-ayurvedischen-medizin\/aloe-vera\/","name":"ALOE VERA - WOHLBEFINDEN","isPartOf":{"@id":"https:\/\/bien-etreiris.ch\/de\/#website"},"primaryImageOfPage":{"@id":"https:\/\/bien-etreiris.ch\/de\/produktpraesentation\/gesundes-leben\/nahrungsergaenzungsmittel\/in-der-ayurvedischen-medizin\/aloe-vera\/#primaryimage"},"image":{"@id":"https:\/\/bien-etreiris.ch\/de\/produktpraesentation\/gesundes-leben\/nahrungsergaenzungsmittel\/in-der-ayurvedischen-medizin\/aloe-vera\/#primaryimage"},"thumbnailUrl":"https:\/\/bien-etreiris.ch\/wp-content\/uploads\/2022\/07\/acceuil-aloe-vera.jpg","datePublished":"2022-07-14T08:30:25+00:00","dateModified":"2022-09-13T14:45:47+00:00","breadcrumb":{"@id":"https:\/\/bien-etreiris.ch\/de\/produktpraesentation\/gesundes-leben\/nahrungsergaenzungsmittel\/in-der-ayurvedischen-medizin\/aloe-vera\/#breadcrumb"},"inLanguage":"de","potentialAction":[{"@type":"ReadAction","target":["https:\/\/bien-etreiris.ch\/de\/produktpraesentation\/gesundes-leben\/nahrungsergaenzungsmittel\/in-der-ayurvedischen-medizin\/aloe-vera\/"]}]},{"@type":"ImageObject","inLanguage":"de","@id":"https:\/\/bien-etreiris.ch\/de\/produktpraesentation\/gesundes-leben\/nahrungsergaenzungsmittel\/in-der-ayurvedischen-medizin\/aloe-vera\/#primaryimage","url":"https:\/\/bien-etreiris.ch\/wp-content\/uploads\/2022\/07\/acceuil-aloe-vera.jpg","contentUrl":"https:\/\/bien-etreiris.ch\/wp-content\/uploads\/2022\/07\/acceuil-aloe-vera.jpg","width":500,"height":333},{"@type":"BreadcrumbList","@id":"https:\/\/bien-etreiris.ch\/de\/produktpraesentation\/gesundes-leben\/nahrungsergaenzungsmittel\/in-der-ayurvedischen-medizin\/aloe-vera\/#breadcrumb","itemListElement":[{"@type":"ListItem","position":1,"name":"Home","item":"https:\/\/bien-etreiris.ch\/de\/"},{"@type":"ListItem","position":2,"name":"PRODUKTPR\u00c4SENTATION","item":"https:\/\/bien-etreiris.ch\/de\/produktpraesentation\/"},{"@type":"ListItem","position":3,"name":"GESUNDES LEBEN","item":"https:\/\/bien-etreiris.ch\/de\/produktpraesentation\/gesundes-leben\/"},{"@type":"ListItem","position":4,"name":"NAHRUNGSERG\u00c4NZUNG","item":"https:\/\/bien-etreiris.ch\/de\/produktpraesentation\/gesundes-leben\/nahrungsergaenzungsmittel\/"},{"@type":"ListItem","position":5,"name":"AYURVEDISCHEN","item":"https:\/\/bien-etreiris.ch\/de\/produktpraesentation\/gesundes-leben\/nahrungsergaenzungsmittel\/in-der-ayurvedischen-medizin\/"},{"@type":"ListItem","position":6,"name":"ALOE VERA"}]},{"@type":"WebSite","@id":"https:\/\/bien-etreiris.ch\/de\/#website","url":"https:\/\/bien-etreiris.ch\/de\/","name":"Bien-\u00eatre Iris","description":"IHRE Gesundheit ist uns wichtig","potentialAction":[{"@type":"SearchAction","target":{"@type":"EntryPoint","urlTemplate":"https:\/\/bien-etreiris.ch\/de\/?s={search_term_string}"},"query-input":{"@type":"PropertyValueSpecification","valueRequired":true,"valueName":"search_term_string"}}],"inLanguage":"de"}]}},"_links":{"self":[{"href":"https:\/\/bien-etreiris.ch\/de\/wp-json\/wp\/v2\/pages\/57070","targetHints":{"allow":["GET"]}}],"collection":[{"href":"https:\/\/bien-etreiris.ch\/de\/wp-json\/wp\/v2\/pages"}],"about":[{"href":"https:\/\/bien-etreiris.ch\/de\/wp-json\/wp\/v2\/types\/page"}],"author":[{"embeddable":true,"href":"https:\/\/bien-etreiris.ch\/de\/wp-json\/wp\/v2\/users\/1"}],"replies":[{"embeddable":true,"href":"https:\/\/bien-etreiris.ch\/de\/wp-json\/wp\/v2\/comments?post=57070"}],"version-history":[{"count":4,"href":"https:\/\/bien-etreiris.ch\/de\/wp-json\/wp\/v2\/pages\/57070\/revisions"}],"predecessor-version":[{"id":59841,"href":"https:\/\/bien-etreiris.ch\/de\/wp-json\/wp\/v2\/pages\/57070\/revisions\/59841"}],"up":[{"embeddable":true,"href":"https:\/\/bien-etreiris.ch\/de\/wp-json\/wp\/v2\/pages\/56697"}],"wp:featuredmedia":[{"embeddable":true,"href":"https:\/\/bien-etreiris.ch\/de\/wp-json\/wp\/v2\/media\/56941"}],"wp:attachment":[{"href":"https:\/\/bien-etreiris.ch\/de\/wp-json\/wp\/v2\/media?parent=57070"}],"curies":[{"name":"wp","href":"https:\/\/api.w.org\/{rel}","templated":true}]}}