{"id":56847,"date":"2021-11-23T18:37:48","date_gmt":"2021-11-23T16:37:48","guid":{"rendered":"https:\/\/bien-etreiris.ch\/ratgeber-klarheit-beratung\/naehrstoffe\/ingredients\/sucre\/erythrite\/"},"modified":"2025-02-10T09:48:57","modified_gmt":"2025-02-10T07:48:57","slug":"erythritol","status":"publish","type":"page","link":"https:\/\/bien-etreiris.ch\/de\/ratgeber-klarheit-beratung\/gesunder-lebensstil\/naehrstoffe\/lebensmittel\/zucker-und-suessstoff\/edulcorants-alternatifs\/zucker\/erythritol\/","title":{"rendered":"ERYTHRITOL"},"content":{"rendered":"\n<h2>Erythritol BIO<\/h2>\n<p><a href=\"https:\/\/bien-etreiris.ch\/wp-content\/uploads\/2021\/11\/Erythritol-BIO.png\"><img loading=\"lazy\" decoding=\"async\" class=\"size-medium wp-image-54799 alignleft\" src=\"https:\/\/bien-etreiris.ch\/wp-content\/uploads\/2021\/11\/Erythritol-BIO-202x300.png\" alt=\"\" width=\"202\" height=\"300\" srcset=\"https:\/\/bien-etreiris.ch\/wp-content\/uploads\/2021\/11\/Erythritol-BIO-202x300.png 202w, https:\/\/bien-etreiris.ch\/wp-content\/uploads\/2021\/11\/Erythritol-BIO.png 337w\" sizes=\"auto, (max-width: 202px) 100vw, 202px\" \/><\/a><\/p>\n<p>&nbsp;<\/p>\n<p>Remplacement du sucre<\/p>\n<p>&nbsp;<\/p>\n<p>&nbsp;&nbsp;&nbsp; Sans gluten,<\/p>\n<p>&nbsp;&nbsp;&nbsp; Sans lactose,<\/p>\n<p>&nbsp;&nbsp;&nbsp; Sans ar\u00f4mes, sans substances aromatiques,<\/p>\n<p>&nbsp;&nbsp;&nbsp; Sans colorants,<\/p>\n<p>&nbsp;&nbsp;&nbsp; Sans conservateurs,<\/p>\n<p>&nbsp;&nbsp;&nbsp; Sans sucre ajout\u00e9,<\/p>\n<p>&nbsp;&nbsp;&nbsp; V\u00e9g\u00e9talien.<\/p>\n<p>&nbsp;<\/p>\n<p>&nbsp;<\/p>\n<p>Notre d\u00e9licieux \u00e9rythritol BIO - le substitut sain du sucre. Pour sucrer les aliments et les boissons (1g d'\u00e9rythritol correspond \u00e0 environ 0,7g de sucre).<\/p>\n<p>L'\u00e9rythritol est bien tol\u00e9r\u00e9 et absolument sans calories.<\/p>\n<p>&nbsp;<\/p>\n<p>Id\u00e9al pour les diab\u00e9tiques et les personnes soucieuses de leur alimentation, il est fabriqu\u00e9 \u00e0 partir de ma\u00efs garanti sans OGM et issu de cultures biologiques contr\u00f4l\u00e9es.<\/p>\n<p>&nbsp;<\/p>\n<p>&nbsp;<\/p>\n","protected":false},"excerpt":{"rendered":"<p>Erythritol BIO &nbsp; Remplacement du sucre &nbsp; &nbsp;&nbsp;&nbsp; Sans gluten, &nbsp;&nbsp;&nbsp; Sans lactose, &nbsp;&nbsp;&nbsp; Sans ar\u00f4mes, sans substances aromatiques, &nbsp;&nbsp;&nbsp; Sans colorants, &nbsp;&nbsp;&nbsp; Sans conservateurs, &nbsp;&nbsp;&nbsp; Sans sucre ajout\u00e9, &nbsp;&nbsp;&nbsp; V\u00e9g\u00e9talien. &nbsp; &nbsp; Notre d\u00e9licieux \u00e9rythritol BIO - le substitut sain du sucre. Pour sucrer les aliments et les boissons (1g d'\u00e9rythritol correspond \u00e0 environ 0,7g de sucre). L'\u00e9rythritol est&nbsp;<a href=\"https:\/\/bien-etreiris.ch\/de\/ratgeber-klarheit-beratung\/gesunder-lebensstil\/naehrstoffe\/lebensmittel\/zucker-und-suessstoff\/edulcorants-alternatifs\/zucker\/erythritol\/\" class=\"read-more\">Weiter lesen<\/a><\/p>\n","protected":false},"author":1,"featured_media":54804,"parent":55501,"menu_order":4940,"comment_status":"closed","ping_status":"closed","template":"page-with-child.php","meta":{"_acf_changed":false,"ngg_post_thumbnail":0,"footnotes":""},"class_list":["post-56847","page","type-page","status-publish","has-post-thumbnail","hentry"],"acf":[],"yoast_head":"<!-- This site is optimized with the Yoast SEO plugin v27.5 - https:\/\/yoast.com\/product\/yoast-seo-wordpress\/ -->\n<title>ERYTHRITOL - WOHLBEFINDEN<\/title>\n<meta name=\"robots\" content=\"index, follow, max-snippet:-1, max-image-preview:large, max-video-preview:-1\" \/>\n<link rel=\"canonical\" href=\"https:\/\/bien-etreiris.ch\/de\/ratgeber-klarheit-beratung\/gesunder-lebensstil\/naehrstoffe\/lebensmittel\/zucker-und-suessstoff\/edulcorants-alternatifs\/zucker\/erythritol\/\" \/>\n<meta property=\"og:locale\" content=\"de_DE\" \/>\n<meta property=\"og:type\" content=\"article\" \/>\n<meta property=\"og:title\" content=\"ERYTHRITOL - WOHLBEFINDEN\" \/>\n<meta property=\"og:description\" content=\"Erythritol BIO &nbsp; Remplacement du sucre &nbsp; &nbsp;&nbsp;&nbsp; Sans gluten, &nbsp;&nbsp;&nbsp; Sans lactose, &nbsp;&nbsp;&nbsp; Sans ar\u00f4mes, sans substances aromatiques, &nbsp;&nbsp;&nbsp; Sans colorants, &nbsp;&nbsp;&nbsp; Sans conservateurs, &nbsp;&nbsp;&nbsp; Sans sucre ajout\u00e9, &nbsp;&nbsp;&nbsp; V\u00e9g\u00e9talien. &nbsp; &nbsp; Notre d\u00e9licieux \u00e9rythritol BIO - le substitut sain du sucre. Pour sucrer les aliments et les boissons (1g d&#039;\u00e9rythritol correspond \u00e0 environ 0,7g de sucre). L&#039;\u00e9rythritol est&nbsp;Weiter lesen\" \/>\n<meta property=\"og:url\" content=\"https:\/\/bien-etreiris.ch\/de\/ratgeber-klarheit-beratung\/gesunder-lebensstil\/naehrstoffe\/lebensmittel\/zucker-und-suessstoff\/edulcorants-alternatifs\/zucker\/erythritol\/\" \/>\n<meta property=\"og:site_name\" content=\"WOHLBEFINDEN\" \/>\n<meta property=\"article:publisher\" content=\"https:\/\/www.facebook.com\/bienetreiris\/\" \/>\n<meta property=\"article:modified_time\" content=\"2025-02-10T07:48:57+00:00\" \/>\n<meta property=\"og:image\" content=\"https:\/\/bien-etreiris.ch\/wp-content\/uploads\/2021\/11\/acceuil-Erythritol.jpg\" \/>\n\t<meta property=\"og:image:width\" content=\"550\" \/>\n\t<meta property=\"og:image:height\" content=\"367\" \/>\n\t<meta property=\"og:image:type\" content=\"image\/jpeg\" \/>\n<meta name=\"twitter:label1\" content=\"Gesch\u00e4tzte Lesezeit\" \/>\n\t<meta name=\"twitter:data1\" content=\"1\u00a0Minute\" \/>\n<script type=\"application\/ld+json\" class=\"yoast-schema-graph\">{\"@context\":\"https:\\\/\\\/schema.org\",\"@graph\":[{\"@type\":\"WebPage\",\"@id\":\"https:\\\/\\\/bien-etreiris.ch\\\/de\\\/ratgeber-klarheit-beratung\\\/gesunder-lebensstil\\\/naehrstoffe\\\/lebensmittel\\\/zucker-und-suessstoff\\\/edulcorants-alternatifs\\\/zucker\\\/erythritol\\\/\",\"url\":\"https:\\\/\\\/bien-etreiris.ch\\\/de\\\/ratgeber-klarheit-beratung\\\/gesunder-lebensstil\\\/naehrstoffe\\\/lebensmittel\\\/zucker-und-suessstoff\\\/edulcorants-alternatifs\\\/zucker\\\/erythritol\\\/\",\"name\":\"ERYTHRITOL - WOHLBEFINDEN\",\"isPartOf\":{\"@id\":\"https:\\\/\\\/bien-etreiris.ch\\\/de\\\/#website\"},\"primaryImageOfPage\":{\"@id\":\"https:\\\/\\\/bien-etreiris.ch\\\/de\\\/ratgeber-klarheit-beratung\\\/gesunder-lebensstil\\\/naehrstoffe\\\/lebensmittel\\\/zucker-und-suessstoff\\\/edulcorants-alternatifs\\\/zucker\\\/erythritol\\\/#primaryimage\"},\"image\":{\"@id\":\"https:\\\/\\\/bien-etreiris.ch\\\/de\\\/ratgeber-klarheit-beratung\\\/gesunder-lebensstil\\\/naehrstoffe\\\/lebensmittel\\\/zucker-und-suessstoff\\\/edulcorants-alternatifs\\\/zucker\\\/erythritol\\\/#primaryimage\"},\"thumbnailUrl\":\"https:\\\/\\\/bien-etreiris.ch\\\/wp-content\\\/uploads\\\/2021\\\/11\\\/acceuil-Erythritol.jpg\",\"datePublished\":\"2021-11-23T16:37:48+00:00\",\"dateModified\":\"2025-02-10T07:48:57+00:00\",\"breadcrumb\":{\"@id\":\"https:\\\/\\\/bien-etreiris.ch\\\/de\\\/ratgeber-klarheit-beratung\\\/gesunder-lebensstil\\\/naehrstoffe\\\/lebensmittel\\\/zucker-und-suessstoff\\\/edulcorants-alternatifs\\\/zucker\\\/erythritol\\\/#breadcrumb\"},\"inLanguage\":\"de\",\"potentialAction\":[{\"@type\":\"ReadAction\",\"target\":[\"https:\\\/\\\/bien-etreiris.ch\\\/de\\\/ratgeber-klarheit-beratung\\\/gesunder-lebensstil\\\/naehrstoffe\\\/lebensmittel\\\/zucker-und-suessstoff\\\/edulcorants-alternatifs\\\/zucker\\\/erythritol\\\/\"]}]},{\"@type\":\"ImageObject\",\"inLanguage\":\"de\",\"@id\":\"https:\\\/\\\/bien-etreiris.ch\\\/de\\\/ratgeber-klarheit-beratung\\\/gesunder-lebensstil\\\/naehrstoffe\\\/lebensmittel\\\/zucker-und-suessstoff\\\/edulcorants-alternatifs\\\/zucker\\\/erythritol\\\/#primaryimage\",\"url\":\"https:\\\/\\\/bien-etreiris.ch\\\/wp-content\\\/uploads\\\/2021\\\/11\\\/acceuil-Erythritol.jpg\",\"contentUrl\":\"https:\\\/\\\/bien-etreiris.ch\\\/wp-content\\\/uploads\\\/2021\\\/11\\\/acceuil-Erythritol.jpg\",\"width\":550,\"height\":367},{\"@type\":\"BreadcrumbList\",\"@id\":\"https:\\\/\\\/bien-etreiris.ch\\\/de\\\/ratgeber-klarheit-beratung\\\/gesunder-lebensstil\\\/naehrstoffe\\\/lebensmittel\\\/zucker-und-suessstoff\\\/edulcorants-alternatifs\\\/zucker\\\/erythritol\\\/#breadcrumb\",\"itemListElement\":[{\"@type\":\"ListItem\",\"position\":1,\"name\":\"Home\",\"item\":\"https:\\\/\\\/bien-etreiris.ch\\\/de\\\/\"},{\"@type\":\"ListItem\",\"position\":2,\"name\":\"RATGEBER &#038; KLARHEIT\",\"item\":\"https:\\\/\\\/bien-etreiris.ch\\\/de\\\/ratgeber-klarheit-beratung\\\/\"},{\"@type\":\"ListItem\",\"position\":3,\"name\":\"GESUNDER LEBENSSTIL\",\"item\":\"https:\\\/\\\/bien-etreiris.ch\\\/de\\\/ratgeber-klarheit-beratung\\\/gesunder-lebensstil\\\/\"},{\"@type\":\"ListItem\",\"position\":4,\"name\":\"N\u00c4HRSTOFFE\",\"item\":\"https:\\\/\\\/bien-etreiris.ch\\\/de\\\/ratgeber-klarheit-beratung\\\/naehrstoffe\\\/\"},{\"@type\":\"ListItem\",\"position\":5,\"name\":\"LEBENSMITTEL\",\"item\":\"https:\\\/\\\/bien-etreiris.ch\\\/de\\\/ratgeber-klarheit-beratung\\\/gesunder-lebensstil\\\/naehrstoffe\\\/lebensmittel\\\/\"},{\"@type\":\"ListItem\",\"position\":6,\"name\":\"ZUCKER &#038; S\u00dcSSSTOFF\",\"item\":\"https:\\\/\\\/bien-etreiris.ch\\\/de\\\/ratgeber-klarheit-beratung\\\/gesunder-lebensstil\\\/naehrstoffe\\\/lebensmittel\\\/zucker-und-suessstoff\\\/\"},{\"@type\":\"ListItem\",\"position\":7,\"name\":\"ALTERNATIFS\",\"item\":\"https:\\\/\\\/bien-etreiris.ch\\\/de\\\/ratgeber-klarheit-beratung\\\/gesunder-lebensstil\\\/naehrstoffe\\\/lebensmittel\\\/zucker-und-suessstoff\\\/edulcorants-alternatifs\\\/\"},{\"@type\":\"ListItem\",\"position\":8,\"name\":\"ZUCKER\",\"item\":\"https:\\\/\\\/bien-etreiris.ch\\\/de\\\/ratgeber-klarheit-beratung\\\/gesunder-lebensstil\\\/naehrstoffe\\\/inhaltsstoffe-in-unseren-lebensmitteln\\\/zucker\\\/\"},{\"@type\":\"ListItem\",\"position\":9,\"name\":\"ERYTHRITOL\"}]},{\"@type\":\"WebSite\",\"@id\":\"https:\\\/\\\/bien-etreiris.ch\\\/de\\\/#website\",\"url\":\"https:\\\/\\\/bien-etreiris.ch\\\/de\\\/\",\"name\":\"Bien-\u00eatre Iris\",\"description\":\"IHRE Gesundheit ist uns wichtig\",\"potentialAction\":[{\"@type\":\"SearchAction\",\"target\":{\"@type\":\"EntryPoint\",\"urlTemplate\":\"https:\\\/\\\/bien-etreiris.ch\\\/de\\\/?s={search_term_string}\"},\"query-input\":{\"@type\":\"PropertyValueSpecification\",\"valueRequired\":true,\"valueName\":\"search_term_string\"}}],\"inLanguage\":\"de\"}]}<\/script>\n<!-- \/ Yoast SEO plugin. -->","yoast_head_json":{"title":"ERYTHRITOL - WOHLBEFINDEN","robots":{"index":"index","follow":"follow","max-snippet":"max-snippet:-1","max-image-preview":"max-image-preview:large","max-video-preview":"max-video-preview:-1"},"canonical":"https:\/\/bien-etreiris.ch\/de\/ratgeber-klarheit-beratung\/gesunder-lebensstil\/naehrstoffe\/lebensmittel\/zucker-und-suessstoff\/edulcorants-alternatifs\/zucker\/erythritol\/","og_locale":"de_DE","og_type":"article","og_title":"ERYTHRITOL - WOHLBEFINDEN","og_description":"Erythritol BIO &nbsp; Remplacement du sucre &nbsp; &nbsp;&nbsp;&nbsp; Sans gluten, &nbsp;&nbsp;&nbsp; Sans lactose, &nbsp;&nbsp;&nbsp; Sans ar\u00f4mes, sans substances aromatiques, &nbsp;&nbsp;&nbsp; Sans colorants, &nbsp;&nbsp;&nbsp; Sans conservateurs, &nbsp;&nbsp;&nbsp; Sans sucre ajout\u00e9, &nbsp;&nbsp;&nbsp; V\u00e9g\u00e9talien. &nbsp; &nbsp; Notre d\u00e9licieux \u00e9rythritol BIO - le substitut sain du sucre. Pour sucrer les aliments et les boissons (1g d'\u00e9rythritol correspond \u00e0 environ 0,7g de sucre). L'\u00e9rythritol est&nbsp;Weiter lesen","og_url":"https:\/\/bien-etreiris.ch\/de\/ratgeber-klarheit-beratung\/gesunder-lebensstil\/naehrstoffe\/lebensmittel\/zucker-und-suessstoff\/edulcorants-alternatifs\/zucker\/erythritol\/","og_site_name":"WOHLBEFINDEN","article_publisher":"https:\/\/www.facebook.com\/bienetreiris\/","article_modified_time":"2025-02-10T07:48:57+00:00","og_image":[{"width":550,"height":367,"url":"https:\/\/bien-etreiris.ch\/wp-content\/uploads\/2021\/11\/acceuil-Erythritol.jpg","type":"image\/jpeg"}],"twitter_misc":{"Gesch\u00e4tzte Lesezeit":"1\u00a0Minute"},"schema":{"@context":"https:\/\/schema.org","@graph":[{"@type":"WebPage","@id":"https:\/\/bien-etreiris.ch\/de\/ratgeber-klarheit-beratung\/gesunder-lebensstil\/naehrstoffe\/lebensmittel\/zucker-und-suessstoff\/edulcorants-alternatifs\/zucker\/erythritol\/","url":"https:\/\/bien-etreiris.ch\/de\/ratgeber-klarheit-beratung\/gesunder-lebensstil\/naehrstoffe\/lebensmittel\/zucker-und-suessstoff\/edulcorants-alternatifs\/zucker\/erythritol\/","name":"ERYTHRITOL - WOHLBEFINDEN","isPartOf":{"@id":"https:\/\/bien-etreiris.ch\/de\/#website"},"primaryImageOfPage":{"@id":"https:\/\/bien-etreiris.ch\/de\/ratgeber-klarheit-beratung\/gesunder-lebensstil\/naehrstoffe\/lebensmittel\/zucker-und-suessstoff\/edulcorants-alternatifs\/zucker\/erythritol\/#primaryimage"},"image":{"@id":"https:\/\/bien-etreiris.ch\/de\/ratgeber-klarheit-beratung\/gesunder-lebensstil\/naehrstoffe\/lebensmittel\/zucker-und-suessstoff\/edulcorants-alternatifs\/zucker\/erythritol\/#primaryimage"},"thumbnailUrl":"https:\/\/bien-etreiris.ch\/wp-content\/uploads\/2021\/11\/acceuil-Erythritol.jpg","datePublished":"2021-11-23T16:37:48+00:00","dateModified":"2025-02-10T07:48:57+00:00","breadcrumb":{"@id":"https:\/\/bien-etreiris.ch\/de\/ratgeber-klarheit-beratung\/gesunder-lebensstil\/naehrstoffe\/lebensmittel\/zucker-und-suessstoff\/edulcorants-alternatifs\/zucker\/erythritol\/#breadcrumb"},"inLanguage":"de","potentialAction":[{"@type":"ReadAction","target":["https:\/\/bien-etreiris.ch\/de\/ratgeber-klarheit-beratung\/gesunder-lebensstil\/naehrstoffe\/lebensmittel\/zucker-und-suessstoff\/edulcorants-alternatifs\/zucker\/erythritol\/"]}]},{"@type":"ImageObject","inLanguage":"de","@id":"https:\/\/bien-etreiris.ch\/de\/ratgeber-klarheit-beratung\/gesunder-lebensstil\/naehrstoffe\/lebensmittel\/zucker-und-suessstoff\/edulcorants-alternatifs\/zucker\/erythritol\/#primaryimage","url":"https:\/\/bien-etreiris.ch\/wp-content\/uploads\/2021\/11\/acceuil-Erythritol.jpg","contentUrl":"https:\/\/bien-etreiris.ch\/wp-content\/uploads\/2021\/11\/acceuil-Erythritol.jpg","width":550,"height":367},{"@type":"BreadcrumbList","@id":"https:\/\/bien-etreiris.ch\/de\/ratgeber-klarheit-beratung\/gesunder-lebensstil\/naehrstoffe\/lebensmittel\/zucker-und-suessstoff\/edulcorants-alternatifs\/zucker\/erythritol\/#breadcrumb","itemListElement":[{"@type":"ListItem","position":1,"name":"Home","item":"https:\/\/bien-etreiris.ch\/de\/"},{"@type":"ListItem","position":2,"name":"RATGEBER &#038; KLARHEIT","item":"https:\/\/bien-etreiris.ch\/de\/ratgeber-klarheit-beratung\/"},{"@type":"ListItem","position":3,"name":"GESUNDER LEBENSSTIL","item":"https:\/\/bien-etreiris.ch\/de\/ratgeber-klarheit-beratung\/gesunder-lebensstil\/"},{"@type":"ListItem","position":4,"name":"N\u00c4HRSTOFFE","item":"https:\/\/bien-etreiris.ch\/de\/ratgeber-klarheit-beratung\/naehrstoffe\/"},{"@type":"ListItem","position":5,"name":"LEBENSMITTEL","item":"https:\/\/bien-etreiris.ch\/de\/ratgeber-klarheit-beratung\/gesunder-lebensstil\/naehrstoffe\/lebensmittel\/"},{"@type":"ListItem","position":6,"name":"ZUCKER &#038; S\u00dcSSSTOFF","item":"https:\/\/bien-etreiris.ch\/de\/ratgeber-klarheit-beratung\/gesunder-lebensstil\/naehrstoffe\/lebensmittel\/zucker-und-suessstoff\/"},{"@type":"ListItem","position":7,"name":"ALTERNATIFS","item":"https:\/\/bien-etreiris.ch\/de\/ratgeber-klarheit-beratung\/gesunder-lebensstil\/naehrstoffe\/lebensmittel\/zucker-und-suessstoff\/edulcorants-alternatifs\/"},{"@type":"ListItem","position":8,"name":"ZUCKER","item":"https:\/\/bien-etreiris.ch\/de\/ratgeber-klarheit-beratung\/gesunder-lebensstil\/naehrstoffe\/inhaltsstoffe-in-unseren-lebensmitteln\/zucker\/"},{"@type":"ListItem","position":9,"name":"ERYTHRITOL"}]},{"@type":"WebSite","@id":"https:\/\/bien-etreiris.ch\/de\/#website","url":"https:\/\/bien-etreiris.ch\/de\/","name":"Bien-\u00eatre Iris","description":"IHRE Gesundheit ist uns wichtig","potentialAction":[{"@type":"SearchAction","target":{"@type":"EntryPoint","urlTemplate":"https:\/\/bien-etreiris.ch\/de\/?s={search_term_string}"},"query-input":{"@type":"PropertyValueSpecification","valueRequired":true,"valueName":"search_term_string"}}],"inLanguage":"de"}]}},"_links":{"self":[{"href":"https:\/\/bien-etreiris.ch\/de\/wp-json\/wp\/v2\/pages\/56847","targetHints":{"allow":["GET"]}}],"collection":[{"href":"https:\/\/bien-etreiris.ch\/de\/wp-json\/wp\/v2\/pages"}],"about":[{"href":"https:\/\/bien-etreiris.ch\/de\/wp-json\/wp\/v2\/types\/page"}],"author":[{"embeddable":true,"href":"https:\/\/bien-etreiris.ch\/de\/wp-json\/wp\/v2\/users\/1"}],"replies":[{"embeddable":true,"href":"https:\/\/bien-etreiris.ch\/de\/wp-json\/wp\/v2\/comments?post=56847"}],"version-history":[{"count":3,"href":"https:\/\/bien-etreiris.ch\/de\/wp-json\/wp\/v2\/pages\/56847\/revisions"}],"predecessor-version":[{"id":95605,"href":"https:\/\/bien-etreiris.ch\/de\/wp-json\/wp\/v2\/pages\/56847\/revisions\/95605"}],"up":[{"embeddable":true,"href":"https:\/\/bien-etreiris.ch\/de\/wp-json\/wp\/v2\/pages\/55501"}],"wp:featuredmedia":[{"embeddable":true,"href":"https:\/\/bien-etreiris.ch\/de\/wp-json\/wp\/v2\/media\/54804"}],"wp:attachment":[{"href":"https:\/\/bien-etreiris.ch\/de\/wp-json\/wp\/v2\/media?parent=56847"}],"curies":[{"name":"wp","href":"https:\/\/api.w.org\/{rel}","templated":true}]}}