{"id":56763,"date":"2022-07-09T14:36:33","date_gmt":"2022-07-09T12:36:33","guid":{"rendered":"https:\/\/bien-etreiris.ch\/produktpraesentation\/gesundes-leben\/nahrungsergaenzungsmittel\/oligo-elements\/"},"modified":"2022-10-09T13:06:21","modified_gmt":"2022-10-09T11:06:21","slug":"mineralien-und-spurenelemente","status":"publish","type":"page","link":"https:\/\/bien-etreiris.ch\/de\/produktpraesentation\/gesundes-leben\/nahrungsergaenzungsmittel\/mineralien-und-spurenelemente\/","title":{"rendered":"SPURENELEMENTE"},"content":{"rendered":"\n<h2>Mineralien &amp; Spurenelemente<\/h2>\n<p>Einteilung der Mineralien<br>\u00dcbersicht \u00fcber Mineralien: Mengenelemente<br>Mineralien im \u00dcberblick: Oligoelemente.<br>Die wichtigsten Mengen- und Spurenelemente auf einen Blick :<br>&nbsp;und<\/p>\n<table style=\"width: 50.7143%; height: 183px;\" width=\"376\">\n<tbody>\n<tr style=\"height: 71px;\">\n<td style=\"width: 24.2857%; height: 22px;\">\n<h4>MENGENELEMENTE<\/h4>\n<\/td>\n<td style=\"width: 25.4762%; height: 22px;\">\n<h4>SPURENELEMENTE<\/h4>\n<\/td>\n<\/tr>\n<tr style=\"height: 23px;\">\n<td style=\"width: 24.2857%; height: 23px;\">Kalzium Ca<\/td>\n<td style=\"width: 25.4762%; height: 23px;\">Chrom Cr<\/td>\n<\/tr>\n<tr style=\"height: 23px;\">\n<td style=\"width: 24.2857%; height: 23px;\">Magnesium Mg<\/td>\n<td style=\"width: 25.4762%; height: 23px;\">Fluor F<\/td>\n<\/tr>\n<tr style=\"height: 23px;\">\n<td style=\"width: 24.2857%; height: 23px;\">Sodium Na<\/td>\n<td style=\"width: 25.4762%; height: 23px;\">Jod I<\/td>\n<\/tr>\n<tr style=\"height: 23px;\">\n<td style=\"width: 24.2857%; height: 23px;\">Schwefel S<\/td>\n<td style=\"width: 25.4762%; height: 23px;\">Kupfer Cu<\/td>\n<\/tr>\n<tr style=\"height: 23px;\">\n<td style=\"width: 24.2857%; height: 23px;\">Phosphore P<\/td>\n<td style=\"width: 25.4762%; height: 23px;\">Selen Se<\/td>\n<\/tr>\n<tr style=\"height: 23px;\">\n<td style=\"width: 24.2857%; height: 23px;\">&nbsp;<\/td>\n<td style=\"width: 25.4762%; height: 23px;\">Zink Z<\/td>\n<\/tr>\n<tr style=\"height: 23px;\">\n<td style=\"width: 24.2857%; height: 23px;\">&nbsp;<\/td>\n<td style=\"width: 25.4762%; height: 23px;\">Silizium Si<\/td>\n<\/tr>\n<\/tbody>\n<\/table>\n<p><br>&nbsp;Natrium Na, Kalium K,&nbsp;<\/p>\n<p>&nbsp;Mangan Mn, Vanadium V, Bor B, Kobalt Co,<\/p>\n<p>Molybd\u00e4n Mo, Lithium Li, Germanium Ge, <br><br><\/p>\n<p>&nbsp;<\/p>\n<p>&nbsp;<\/p>\n","protected":false},"excerpt":{"rendered":"<p>Mineralien &amp; Spurenelemente Einteilung der Mineralien\u00dcbersicht \u00fcber Mineralien: MengenelementeMineralien im \u00dcberblick: Oligoelemente.Die wichtigsten Mengen- und Spurenelemente auf einen Blick :&nbsp;und MENGENELEMENTE SPURENELEMENTE Kalzium Ca Chrom Cr Magnesium Mg Fluor F Sodium Na Jod I Schwefel S Kupfer Cu Phosphore P Selen Se &nbsp; Zink Z &nbsp; Silizium Si &nbsp;Natrium Na, Kalium K,&nbsp; &nbsp;Mangan Mn, Vanadium V, Bor B, Kobalt Co,&nbsp;<a href=\"https:\/\/bien-etreiris.ch\/de\/produktpraesentation\/gesundes-leben\/nahrungsergaenzungsmittel\/mineralien-und-spurenelemente\/\" class=\"read-more\">Weiter lesen<\/a><\/p>\n","protected":false},"author":1,"featured_media":56656,"parent":30614,"menu_order":4757,"comment_status":"closed","ping_status":"closed","template":"page-with-child.php","meta":{"_acf_changed":false,"ngg_post_thumbnail":0,"footnotes":""},"class_list":["post-56763","page","type-page","status-publish","has-post-thumbnail","hentry"],"acf":[],"yoast_head":"<!-- This site is optimized with the Yoast SEO plugin v27.5 - https:\/\/yoast.com\/product\/yoast-seo-wordpress\/ -->\n<title>SPURENELEMENTE - WOHLBEFINDEN<\/title>\n<meta name=\"robots\" content=\"index, follow, max-snippet:-1, max-image-preview:large, max-video-preview:-1\" \/>\n<link rel=\"canonical\" href=\"https:\/\/bien-etreiris.ch\/de\/produktpraesentation\/gesundes-leben\/nahrungsergaenzungsmittel\/mineralien-und-spurenelemente\/\" \/>\n<meta property=\"og:locale\" content=\"de_DE\" \/>\n<meta property=\"og:type\" content=\"article\" \/>\n<meta property=\"og:title\" content=\"SPURENELEMENTE - WOHLBEFINDEN\" \/>\n<meta property=\"og:description\" content=\"Mineralien &amp; Spurenelemente Einteilung der Mineralien\u00dcbersicht \u00fcber Mineralien: MengenelementeMineralien im \u00dcberblick: Oligoelemente.Die wichtigsten Mengen- und Spurenelemente auf einen Blick :&nbsp;und MENGENELEMENTE SPURENELEMENTE Kalzium Ca Chrom Cr Magnesium Mg Fluor F Sodium Na Jod I Schwefel S Kupfer Cu Phosphore P Selen Se &nbsp; Zink Z &nbsp; Silizium Si &nbsp;Natrium Na, Kalium K,&nbsp; &nbsp;Mangan Mn, Vanadium V, Bor B, Kobalt Co,&nbsp;Weiter lesen\" \/>\n<meta property=\"og:url\" content=\"https:\/\/bien-etreiris.ch\/de\/produktpraesentation\/gesundes-leben\/nahrungsergaenzungsmittel\/mineralien-und-spurenelemente\/\" \/>\n<meta property=\"og:site_name\" content=\"WOHLBEFINDEN\" \/>\n<meta property=\"article:publisher\" content=\"https:\/\/www.facebook.com\/bienetreiris\/\" \/>\n<meta property=\"article:modified_time\" content=\"2022-10-09T11:06:21+00:00\" \/>\n<meta property=\"og:image\" content=\"https:\/\/bien-etreiris.ch\/wp-content\/uploads\/2022\/07\/Acceuil-oligo-elements.jpg\" \/>\n\t<meta property=\"og:image:width\" content=\"500\" \/>\n\t<meta property=\"og:image:height\" content=\"333\" \/>\n\t<meta property=\"og:image:type\" content=\"image\/jpeg\" \/>\n<meta name=\"twitter:label1\" content=\"Gesch\u00e4tzte Lesezeit\" \/>\n\t<meta name=\"twitter:data1\" content=\"1\u00a0Minute\" \/>\n<script type=\"application\/ld+json\" class=\"yoast-schema-graph\">{\"@context\":\"https:\\\/\\\/schema.org\",\"@graph\":[{\"@type\":\"WebPage\",\"@id\":\"https:\\\/\\\/bien-etreiris.ch\\\/de\\\/produktpraesentation\\\/gesundes-leben\\\/nahrungsergaenzungsmittel\\\/mineralien-und-spurenelemente\\\/\",\"url\":\"https:\\\/\\\/bien-etreiris.ch\\\/de\\\/produktpraesentation\\\/gesundes-leben\\\/nahrungsergaenzungsmittel\\\/mineralien-und-spurenelemente\\\/\",\"name\":\"SPURENELEMENTE - WOHLBEFINDEN\",\"isPartOf\":{\"@id\":\"https:\\\/\\\/bien-etreiris.ch\\\/de\\\/#website\"},\"primaryImageOfPage\":{\"@id\":\"https:\\\/\\\/bien-etreiris.ch\\\/de\\\/produktpraesentation\\\/gesundes-leben\\\/nahrungsergaenzungsmittel\\\/mineralien-und-spurenelemente\\\/#primaryimage\"},\"image\":{\"@id\":\"https:\\\/\\\/bien-etreiris.ch\\\/de\\\/produktpraesentation\\\/gesundes-leben\\\/nahrungsergaenzungsmittel\\\/mineralien-und-spurenelemente\\\/#primaryimage\"},\"thumbnailUrl\":\"https:\\\/\\\/bien-etreiris.ch\\\/wp-content\\\/uploads\\\/2022\\\/07\\\/Acceuil-oligo-elements.jpg\",\"datePublished\":\"2022-07-09T12:36:33+00:00\",\"dateModified\":\"2022-10-09T11:06:21+00:00\",\"breadcrumb\":{\"@id\":\"https:\\\/\\\/bien-etreiris.ch\\\/de\\\/produktpraesentation\\\/gesundes-leben\\\/nahrungsergaenzungsmittel\\\/mineralien-und-spurenelemente\\\/#breadcrumb\"},\"inLanguage\":\"de\",\"potentialAction\":[{\"@type\":\"ReadAction\",\"target\":[\"https:\\\/\\\/bien-etreiris.ch\\\/de\\\/produktpraesentation\\\/gesundes-leben\\\/nahrungsergaenzungsmittel\\\/mineralien-und-spurenelemente\\\/\"]}]},{\"@type\":\"ImageObject\",\"inLanguage\":\"de\",\"@id\":\"https:\\\/\\\/bien-etreiris.ch\\\/de\\\/produktpraesentation\\\/gesundes-leben\\\/nahrungsergaenzungsmittel\\\/mineralien-und-spurenelemente\\\/#primaryimage\",\"url\":\"https:\\\/\\\/bien-etreiris.ch\\\/wp-content\\\/uploads\\\/2022\\\/07\\\/Acceuil-oligo-elements.jpg\",\"contentUrl\":\"https:\\\/\\\/bien-etreiris.ch\\\/wp-content\\\/uploads\\\/2022\\\/07\\\/Acceuil-oligo-elements.jpg\",\"width\":500,\"height\":333},{\"@type\":\"BreadcrumbList\",\"@id\":\"https:\\\/\\\/bien-etreiris.ch\\\/de\\\/produktpraesentation\\\/gesundes-leben\\\/nahrungsergaenzungsmittel\\\/mineralien-und-spurenelemente\\\/#breadcrumb\",\"itemListElement\":[{\"@type\":\"ListItem\",\"position\":1,\"name\":\"Home\",\"item\":\"https:\\\/\\\/bien-etreiris.ch\\\/de\\\/\"},{\"@type\":\"ListItem\",\"position\":2,\"name\":\"PRODUKTPR\u00c4SENTATION\",\"item\":\"https:\\\/\\\/bien-etreiris.ch\\\/de\\\/produktpraesentation\\\/\"},{\"@type\":\"ListItem\",\"position\":3,\"name\":\"GESUNDES LEBEN\",\"item\":\"https:\\\/\\\/bien-etreiris.ch\\\/de\\\/produktpraesentation\\\/gesundes-leben\\\/\"},{\"@type\":\"ListItem\",\"position\":4,\"name\":\"NAHRUNGSERG\u00c4NZUNG\",\"item\":\"https:\\\/\\\/bien-etreiris.ch\\\/de\\\/produktpraesentation\\\/gesundes-leben\\\/nahrungsergaenzungsmittel\\\/\"},{\"@type\":\"ListItem\",\"position\":5,\"name\":\"SPURENELEMENTE\"}]},{\"@type\":\"WebSite\",\"@id\":\"https:\\\/\\\/bien-etreiris.ch\\\/de\\\/#website\",\"url\":\"https:\\\/\\\/bien-etreiris.ch\\\/de\\\/\",\"name\":\"Bien-\u00eatre Iris\",\"description\":\"IHRE Gesundheit ist uns wichtig\",\"potentialAction\":[{\"@type\":\"SearchAction\",\"target\":{\"@type\":\"EntryPoint\",\"urlTemplate\":\"https:\\\/\\\/bien-etreiris.ch\\\/de\\\/?s={search_term_string}\"},\"query-input\":{\"@type\":\"PropertyValueSpecification\",\"valueRequired\":true,\"valueName\":\"search_term_string\"}}],\"inLanguage\":\"de\"}]}<\/script>\n<!-- \/ Yoast SEO plugin. -->","yoast_head_json":{"title":"SPURENELEMENTE - WOHLBEFINDEN","robots":{"index":"index","follow":"follow","max-snippet":"max-snippet:-1","max-image-preview":"max-image-preview:large","max-video-preview":"max-video-preview:-1"},"canonical":"https:\/\/bien-etreiris.ch\/de\/produktpraesentation\/gesundes-leben\/nahrungsergaenzungsmittel\/mineralien-und-spurenelemente\/","og_locale":"de_DE","og_type":"article","og_title":"SPURENELEMENTE - WOHLBEFINDEN","og_description":"Mineralien &amp; Spurenelemente Einteilung der Mineralien\u00dcbersicht \u00fcber Mineralien: MengenelementeMineralien im \u00dcberblick: Oligoelemente.Die wichtigsten Mengen- und Spurenelemente auf einen Blick :&nbsp;und MENGENELEMENTE SPURENELEMENTE Kalzium Ca Chrom Cr Magnesium Mg Fluor F Sodium Na Jod I Schwefel S Kupfer Cu Phosphore P Selen Se &nbsp; Zink Z &nbsp; Silizium Si &nbsp;Natrium Na, Kalium K,&nbsp; &nbsp;Mangan Mn, Vanadium V, Bor B, Kobalt Co,&nbsp;Weiter lesen","og_url":"https:\/\/bien-etreiris.ch\/de\/produktpraesentation\/gesundes-leben\/nahrungsergaenzungsmittel\/mineralien-und-spurenelemente\/","og_site_name":"WOHLBEFINDEN","article_publisher":"https:\/\/www.facebook.com\/bienetreiris\/","article_modified_time":"2022-10-09T11:06:21+00:00","og_image":[{"width":500,"height":333,"url":"https:\/\/bien-etreiris.ch\/wp-content\/uploads\/2022\/07\/Acceuil-oligo-elements.jpg","type":"image\/jpeg"}],"twitter_misc":{"Gesch\u00e4tzte Lesezeit":"1\u00a0Minute"},"schema":{"@context":"https:\/\/schema.org","@graph":[{"@type":"WebPage","@id":"https:\/\/bien-etreiris.ch\/de\/produktpraesentation\/gesundes-leben\/nahrungsergaenzungsmittel\/mineralien-und-spurenelemente\/","url":"https:\/\/bien-etreiris.ch\/de\/produktpraesentation\/gesundes-leben\/nahrungsergaenzungsmittel\/mineralien-und-spurenelemente\/","name":"SPURENELEMENTE - WOHLBEFINDEN","isPartOf":{"@id":"https:\/\/bien-etreiris.ch\/de\/#website"},"primaryImageOfPage":{"@id":"https:\/\/bien-etreiris.ch\/de\/produktpraesentation\/gesundes-leben\/nahrungsergaenzungsmittel\/mineralien-und-spurenelemente\/#primaryimage"},"image":{"@id":"https:\/\/bien-etreiris.ch\/de\/produktpraesentation\/gesundes-leben\/nahrungsergaenzungsmittel\/mineralien-und-spurenelemente\/#primaryimage"},"thumbnailUrl":"https:\/\/bien-etreiris.ch\/wp-content\/uploads\/2022\/07\/Acceuil-oligo-elements.jpg","datePublished":"2022-07-09T12:36:33+00:00","dateModified":"2022-10-09T11:06:21+00:00","breadcrumb":{"@id":"https:\/\/bien-etreiris.ch\/de\/produktpraesentation\/gesundes-leben\/nahrungsergaenzungsmittel\/mineralien-und-spurenelemente\/#breadcrumb"},"inLanguage":"de","potentialAction":[{"@type":"ReadAction","target":["https:\/\/bien-etreiris.ch\/de\/produktpraesentation\/gesundes-leben\/nahrungsergaenzungsmittel\/mineralien-und-spurenelemente\/"]}]},{"@type":"ImageObject","inLanguage":"de","@id":"https:\/\/bien-etreiris.ch\/de\/produktpraesentation\/gesundes-leben\/nahrungsergaenzungsmittel\/mineralien-und-spurenelemente\/#primaryimage","url":"https:\/\/bien-etreiris.ch\/wp-content\/uploads\/2022\/07\/Acceuil-oligo-elements.jpg","contentUrl":"https:\/\/bien-etreiris.ch\/wp-content\/uploads\/2022\/07\/Acceuil-oligo-elements.jpg","width":500,"height":333},{"@type":"BreadcrumbList","@id":"https:\/\/bien-etreiris.ch\/de\/produktpraesentation\/gesundes-leben\/nahrungsergaenzungsmittel\/mineralien-und-spurenelemente\/#breadcrumb","itemListElement":[{"@type":"ListItem","position":1,"name":"Home","item":"https:\/\/bien-etreiris.ch\/de\/"},{"@type":"ListItem","position":2,"name":"PRODUKTPR\u00c4SENTATION","item":"https:\/\/bien-etreiris.ch\/de\/produktpraesentation\/"},{"@type":"ListItem","position":3,"name":"GESUNDES LEBEN","item":"https:\/\/bien-etreiris.ch\/de\/produktpraesentation\/gesundes-leben\/"},{"@type":"ListItem","position":4,"name":"NAHRUNGSERG\u00c4NZUNG","item":"https:\/\/bien-etreiris.ch\/de\/produktpraesentation\/gesundes-leben\/nahrungsergaenzungsmittel\/"},{"@type":"ListItem","position":5,"name":"SPURENELEMENTE"}]},{"@type":"WebSite","@id":"https:\/\/bien-etreiris.ch\/de\/#website","url":"https:\/\/bien-etreiris.ch\/de\/","name":"Bien-\u00eatre Iris","description":"IHRE Gesundheit ist uns wichtig","potentialAction":[{"@type":"SearchAction","target":{"@type":"EntryPoint","urlTemplate":"https:\/\/bien-etreiris.ch\/de\/?s={search_term_string}"},"query-input":{"@type":"PropertyValueSpecification","valueRequired":true,"valueName":"search_term_string"}}],"inLanguage":"de"}]}},"_links":{"self":[{"href":"https:\/\/bien-etreiris.ch\/de\/wp-json\/wp\/v2\/pages\/56763","targetHints":{"allow":["GET"]}}],"collection":[{"href":"https:\/\/bien-etreiris.ch\/de\/wp-json\/wp\/v2\/pages"}],"about":[{"href":"https:\/\/bien-etreiris.ch\/de\/wp-json\/wp\/v2\/types\/page"}],"author":[{"embeddable":true,"href":"https:\/\/bien-etreiris.ch\/de\/wp-json\/wp\/v2\/users\/1"}],"replies":[{"embeddable":true,"href":"https:\/\/bien-etreiris.ch\/de\/wp-json\/wp\/v2\/comments?post=56763"}],"version-history":[{"count":10,"href":"https:\/\/bien-etreiris.ch\/de\/wp-json\/wp\/v2\/pages\/56763\/revisions"}],"predecessor-version":[{"id":60938,"href":"https:\/\/bien-etreiris.ch\/de\/wp-json\/wp\/v2\/pages\/56763\/revisions\/60938"}],"up":[{"embeddable":true,"href":"https:\/\/bien-etreiris.ch\/de\/wp-json\/wp\/v2\/pages\/30614"}],"wp:featuredmedia":[{"embeddable":true,"href":"https:\/\/bien-etreiris.ch\/de\/wp-json\/wp\/v2\/media\/56656"}],"wp:attachment":[{"href":"https:\/\/bien-etreiris.ch\/de\/wp-json\/wp\/v2\/media?parent=56763"}],"curies":[{"name":"wp","href":"https:\/\/api.w.org\/{rel}","templated":true}]}}