{"id":56532,"date":"2022-06-14T15:48:15","date_gmt":"2022-06-14T13:48:15","guid":{"rendered":"https:\/\/bien-etreiris.ch\/ratgeber-klarheit-beratung\/naehrstoffe\/complementaire\/"},"modified":"2023-08-10T00:02:15","modified_gmt":"2023-08-09T22:02:15","slug":"nahrungsergaenzungsmittel","status":"publish","type":"page","link":"https:\/\/bien-etreiris.ch\/de\/ratgeber-klarheit-beratung\/natuerliche-heilmittel\/nahrungsergaenzungsmittel\/","title":{"rendered":"NAHRUNGSERG\u00c4NZUNG"},"content":{"rendered":"\n<h2>Nahrungserg\u00e4nzungsmittel<\/h2>\n<p>Immer mehr Menschen wollen ihre Gesundheit selbst in die Hand nehmen.<br>Neuere wissenschaftliche Arbeiten haben gezeigt, wie wichtig die Wirkung nat\u00fcrlicher Substanzen ist.<br>Studien bewerten die Wirkung bekannter oder bisher vernachl\u00e4ssigter Inhaltsstoffe neu; die Erfahrung zeigt uns t\u00e4glich diese Vorteile und deckt sich mit der Praxis kompetenter \u00c4rzte oder alternativer Heilpraktiker (Prof. Dr. A. Pischinger, Dr. med. Phd. Dietrich Klinghardt (MD, PhD), Dr. med. Joachim Mutter, Dr. med. HP Albert Hesse, HP Ralf Meyer und viele andere).<br>Wenn wir z. B. eine ganze Wurzel, einen gut durchl\u00e4ssigen Boden anbieten, tun wir das nat\u00fcrlich im Gegensatz zu Pharmaunternehmen, die diese Wurzel (oder jedes andere Naturprodukt) in der Regel verfahrenstechnisch behandeln und bestimmte Substanzen zur Gewinnung des Wirkstoffs herausfiltern. Es wird dann behauptet, dass dieser Extrakt wirksamer sei als das gesamte Naturprodukt.<br>Unser Nahrungserg\u00e4nzungsmittel ist nicht manipuliert und enth\u00e4lt nur die auf dem Etikett angegebenen Inhaltsstoffe. Unser Nahrungserg\u00e4nzungsmittel wird in Europa, insbesondere in Deutschland, hergestellt.<\/p>\n<p>Nahrungserg\u00e4nzungsmittel, die auf schweizerischem oder europ\u00e4ischem Boden hergestellt werden, m\u00fcssen sich an die gesetzlich vorgeschriebenen Dosierungen halten. Es besteht kein Risiko einer \u00dcberdosierung bei den vom Hersteller empfohlenen Verwendungszwecken. Um mit dieser Art von Nahrungserg\u00e4nzungsmitteln krank zu werden, m\u00fcsste man eine hohe Dosis \u00fcber einen langen Zeitraum hinweg konsumieren.<\/p>\n<p><br><span style=\"color: #ff9900;\"><em><a style=\"color: #ff9900;\" href=\"https:\/\/bien-etreiris.ch\/de\/produktpraesentation\/gesundes-leben\/nahrungserganzungsmittel\/\" target=\"_blank\" rel=\"noopener\">Der jeweilige Verkauf dieser Nahrungserg\u00e4nzungsmittel erfolgt \u00fcber diesen Link.<\/a><\/em><\/span><\/p>\n<h4><br>Nachfolgend die ausf\u00fchrliche Erkl\u00e4rung jedes Produkts im Sinne der Behandlung \u2193 \u2193 \u2193 \u2193.<\/h4>\n","protected":false},"excerpt":{"rendered":"<p>Nahrungserg\u00e4nzungsmittel Immer mehr Menschen wollen ihre Gesundheit selbst in die Hand nehmen.Neuere wissenschaftliche Arbeiten haben gezeigt, wie wichtig die Wirkung nat\u00fcrlicher Substanzen ist.Studien bewerten die Wirkung bekannter oder bisher vernachl\u00e4ssigter Inhaltsstoffe neu; die Erfahrung zeigt uns t\u00e4glich diese Vorteile und deckt sich mit der Praxis kompetenter \u00c4rzte oder alternativer Heilpraktiker (Prof. Dr. A. Pischinger, Dr. med. Phd. Dietrich Klinghardt (MD,&nbsp;<a href=\"https:\/\/bien-etreiris.ch\/de\/ratgeber-klarheit-beratung\/natuerliche-heilmittel\/nahrungsergaenzungsmittel\/\" class=\"read-more\">Weiter lesen<\/a><\/p>\n","protected":false},"author":1,"featured_media":55919,"parent":62337,"menu_order":4849,"comment_status":"closed","ping_status":"closed","template":"page-with-child.php","meta":{"_acf_changed":false,"ngg_post_thumbnail":0,"footnotes":""},"class_list":["post-56532","page","type-page","status-publish","has-post-thumbnail","hentry"],"acf":[],"yoast_head":"<!-- This site is optimized with the Yoast SEO plugin v27.5 - https:\/\/yoast.com\/product\/yoast-seo-wordpress\/ -->\n<title>NAHRUNGSERG\u00c4NZUNG - WOHLBEFINDEN<\/title>\n<meta name=\"robots\" content=\"index, follow, max-snippet:-1, max-image-preview:large, max-video-preview:-1\" \/>\n<link rel=\"canonical\" href=\"https:\/\/bien-etreiris.ch\/de\/ratgeber-klarheit-beratung\/natuerliche-heilmittel\/nahrungsergaenzungsmittel\/\" \/>\n<meta property=\"og:locale\" content=\"de_DE\" \/>\n<meta property=\"og:type\" content=\"article\" \/>\n<meta property=\"og:title\" content=\"NAHRUNGSERG\u00c4NZUNG - WOHLBEFINDEN\" \/>\n<meta property=\"og:description\" content=\"Nahrungserg\u00e4nzungsmittel Immer mehr Menschen wollen ihre Gesundheit selbst in die Hand nehmen.Neuere wissenschaftliche Arbeiten haben gezeigt, wie wichtig die Wirkung nat\u00fcrlicher Substanzen ist.Studien bewerten die Wirkung bekannter oder bisher vernachl\u00e4ssigter Inhaltsstoffe neu; die Erfahrung zeigt uns t\u00e4glich diese Vorteile und deckt sich mit der Praxis kompetenter \u00c4rzte oder alternativer Heilpraktiker (Prof. Dr. A. Pischinger, Dr. med. Phd. Dietrich Klinghardt (MD,&nbsp;Weiter lesen\" \/>\n<meta property=\"og:url\" content=\"https:\/\/bien-etreiris.ch\/de\/ratgeber-klarheit-beratung\/natuerliche-heilmittel\/nahrungsergaenzungsmittel\/\" \/>\n<meta property=\"og:site_name\" content=\"WOHLBEFINDEN\" \/>\n<meta property=\"article:publisher\" content=\"https:\/\/www.facebook.com\/bienetreiris\/\" \/>\n<meta property=\"article:modified_time\" content=\"2023-08-09T22:02:15+00:00\" \/>\n<meta property=\"og:image\" content=\"https:\/\/bien-etreiris.ch\/wp-content\/uploads\/2022\/06\/acceuil-complementaires.jpg\" \/>\n\t<meta property=\"og:image:width\" content=\"500\" \/>\n\t<meta property=\"og:image:height\" content=\"332\" \/>\n\t<meta property=\"og:image:type\" content=\"image\/jpeg\" \/>\n<meta name=\"twitter:label1\" content=\"Gesch\u00e4tzte Lesezeit\" \/>\n\t<meta name=\"twitter:data1\" content=\"2\u00a0Minuten\" \/>\n<script type=\"application\/ld+json\" class=\"yoast-schema-graph\">{\"@context\":\"https:\\\/\\\/schema.org\",\"@graph\":[{\"@type\":\"WebPage\",\"@id\":\"https:\\\/\\\/bien-etreiris.ch\\\/de\\\/ratgeber-klarheit-beratung\\\/natuerliche-heilmittel\\\/nahrungsergaenzungsmittel\\\/\",\"url\":\"https:\\\/\\\/bien-etreiris.ch\\\/de\\\/ratgeber-klarheit-beratung\\\/natuerliche-heilmittel\\\/nahrungsergaenzungsmittel\\\/\",\"name\":\"NAHRUNGSERG\u00c4NZUNG - WOHLBEFINDEN\",\"isPartOf\":{\"@id\":\"https:\\\/\\\/bien-etreiris.ch\\\/de\\\/#website\"},\"primaryImageOfPage\":{\"@id\":\"https:\\\/\\\/bien-etreiris.ch\\\/de\\\/ratgeber-klarheit-beratung\\\/natuerliche-heilmittel\\\/nahrungsergaenzungsmittel\\\/#primaryimage\"},\"image\":{\"@id\":\"https:\\\/\\\/bien-etreiris.ch\\\/de\\\/ratgeber-klarheit-beratung\\\/natuerliche-heilmittel\\\/nahrungsergaenzungsmittel\\\/#primaryimage\"},\"thumbnailUrl\":\"https:\\\/\\\/bien-etreiris.ch\\\/wp-content\\\/uploads\\\/2022\\\/06\\\/acceuil-complementaires.jpg\",\"datePublished\":\"2022-06-14T13:48:15+00:00\",\"dateModified\":\"2023-08-09T22:02:15+00:00\",\"breadcrumb\":{\"@id\":\"https:\\\/\\\/bien-etreiris.ch\\\/de\\\/ratgeber-klarheit-beratung\\\/natuerliche-heilmittel\\\/nahrungsergaenzungsmittel\\\/#breadcrumb\"},\"inLanguage\":\"de\",\"potentialAction\":[{\"@type\":\"ReadAction\",\"target\":[\"https:\\\/\\\/bien-etreiris.ch\\\/de\\\/ratgeber-klarheit-beratung\\\/natuerliche-heilmittel\\\/nahrungsergaenzungsmittel\\\/\"]}]},{\"@type\":\"ImageObject\",\"inLanguage\":\"de\",\"@id\":\"https:\\\/\\\/bien-etreiris.ch\\\/de\\\/ratgeber-klarheit-beratung\\\/natuerliche-heilmittel\\\/nahrungsergaenzungsmittel\\\/#primaryimage\",\"url\":\"https:\\\/\\\/bien-etreiris.ch\\\/wp-content\\\/uploads\\\/2022\\\/06\\\/acceuil-complementaires.jpg\",\"contentUrl\":\"https:\\\/\\\/bien-etreiris.ch\\\/wp-content\\\/uploads\\\/2022\\\/06\\\/acceuil-complementaires.jpg\",\"width\":500,\"height\":332},{\"@type\":\"BreadcrumbList\",\"@id\":\"https:\\\/\\\/bien-etreiris.ch\\\/de\\\/ratgeber-klarheit-beratung\\\/natuerliche-heilmittel\\\/nahrungsergaenzungsmittel\\\/#breadcrumb\",\"itemListElement\":[{\"@type\":\"ListItem\",\"position\":1,\"name\":\"Home\",\"item\":\"https:\\\/\\\/bien-etreiris.ch\\\/de\\\/\"},{\"@type\":\"ListItem\",\"position\":2,\"name\":\"RATGEBER &#038; KLARHEIT\",\"item\":\"https:\\\/\\\/bien-etreiris.ch\\\/de\\\/ratgeber-klarheit-beratung\\\/\"},{\"@type\":\"ListItem\",\"position\":3,\"name\":\"NAT\u00dcRLICHE SUBSTANZEN\",\"item\":\"https:\\\/\\\/bien-etreiris.ch\\\/de\\\/ratgeber-klarheit-beratung\\\/natuerliche-heilmittel\\\/\"},{\"@type\":\"ListItem\",\"position\":4,\"name\":\"NAHRUNGSERG\u00c4NZUNG\"}]},{\"@type\":\"WebSite\",\"@id\":\"https:\\\/\\\/bien-etreiris.ch\\\/de\\\/#website\",\"url\":\"https:\\\/\\\/bien-etreiris.ch\\\/de\\\/\",\"name\":\"Bien-\u00eatre Iris\",\"description\":\"IHRE Gesundheit ist uns wichtig\",\"potentialAction\":[{\"@type\":\"SearchAction\",\"target\":{\"@type\":\"EntryPoint\",\"urlTemplate\":\"https:\\\/\\\/bien-etreiris.ch\\\/de\\\/?s={search_term_string}\"},\"query-input\":{\"@type\":\"PropertyValueSpecification\",\"valueRequired\":true,\"valueName\":\"search_term_string\"}}],\"inLanguage\":\"de\"}]}<\/script>\n<!-- \/ Yoast SEO plugin. -->","yoast_head_json":{"title":"NAHRUNGSERG\u00c4NZUNG - WOHLBEFINDEN","robots":{"index":"index","follow":"follow","max-snippet":"max-snippet:-1","max-image-preview":"max-image-preview:large","max-video-preview":"max-video-preview:-1"},"canonical":"https:\/\/bien-etreiris.ch\/de\/ratgeber-klarheit-beratung\/natuerliche-heilmittel\/nahrungsergaenzungsmittel\/","og_locale":"de_DE","og_type":"article","og_title":"NAHRUNGSERG\u00c4NZUNG - WOHLBEFINDEN","og_description":"Nahrungserg\u00e4nzungsmittel Immer mehr Menschen wollen ihre Gesundheit selbst in die Hand nehmen.Neuere wissenschaftliche Arbeiten haben gezeigt, wie wichtig die Wirkung nat\u00fcrlicher Substanzen ist.Studien bewerten die Wirkung bekannter oder bisher vernachl\u00e4ssigter Inhaltsstoffe neu; die Erfahrung zeigt uns t\u00e4glich diese Vorteile und deckt sich mit der Praxis kompetenter \u00c4rzte oder alternativer Heilpraktiker (Prof. Dr. A. Pischinger, Dr. med. Phd. Dietrich Klinghardt (MD,&nbsp;Weiter lesen","og_url":"https:\/\/bien-etreiris.ch\/de\/ratgeber-klarheit-beratung\/natuerliche-heilmittel\/nahrungsergaenzungsmittel\/","og_site_name":"WOHLBEFINDEN","article_publisher":"https:\/\/www.facebook.com\/bienetreiris\/","article_modified_time":"2023-08-09T22:02:15+00:00","og_image":[{"width":500,"height":332,"url":"https:\/\/bien-etreiris.ch\/wp-content\/uploads\/2022\/06\/acceuil-complementaires.jpg","type":"image\/jpeg"}],"twitter_misc":{"Gesch\u00e4tzte Lesezeit":"2\u00a0Minuten"},"schema":{"@context":"https:\/\/schema.org","@graph":[{"@type":"WebPage","@id":"https:\/\/bien-etreiris.ch\/de\/ratgeber-klarheit-beratung\/natuerliche-heilmittel\/nahrungsergaenzungsmittel\/","url":"https:\/\/bien-etreiris.ch\/de\/ratgeber-klarheit-beratung\/natuerliche-heilmittel\/nahrungsergaenzungsmittel\/","name":"NAHRUNGSERG\u00c4NZUNG - WOHLBEFINDEN","isPartOf":{"@id":"https:\/\/bien-etreiris.ch\/de\/#website"},"primaryImageOfPage":{"@id":"https:\/\/bien-etreiris.ch\/de\/ratgeber-klarheit-beratung\/natuerliche-heilmittel\/nahrungsergaenzungsmittel\/#primaryimage"},"image":{"@id":"https:\/\/bien-etreiris.ch\/de\/ratgeber-klarheit-beratung\/natuerliche-heilmittel\/nahrungsergaenzungsmittel\/#primaryimage"},"thumbnailUrl":"https:\/\/bien-etreiris.ch\/wp-content\/uploads\/2022\/06\/acceuil-complementaires.jpg","datePublished":"2022-06-14T13:48:15+00:00","dateModified":"2023-08-09T22:02:15+00:00","breadcrumb":{"@id":"https:\/\/bien-etreiris.ch\/de\/ratgeber-klarheit-beratung\/natuerliche-heilmittel\/nahrungsergaenzungsmittel\/#breadcrumb"},"inLanguage":"de","potentialAction":[{"@type":"ReadAction","target":["https:\/\/bien-etreiris.ch\/de\/ratgeber-klarheit-beratung\/natuerliche-heilmittel\/nahrungsergaenzungsmittel\/"]}]},{"@type":"ImageObject","inLanguage":"de","@id":"https:\/\/bien-etreiris.ch\/de\/ratgeber-klarheit-beratung\/natuerliche-heilmittel\/nahrungsergaenzungsmittel\/#primaryimage","url":"https:\/\/bien-etreiris.ch\/wp-content\/uploads\/2022\/06\/acceuil-complementaires.jpg","contentUrl":"https:\/\/bien-etreiris.ch\/wp-content\/uploads\/2022\/06\/acceuil-complementaires.jpg","width":500,"height":332},{"@type":"BreadcrumbList","@id":"https:\/\/bien-etreiris.ch\/de\/ratgeber-klarheit-beratung\/natuerliche-heilmittel\/nahrungsergaenzungsmittel\/#breadcrumb","itemListElement":[{"@type":"ListItem","position":1,"name":"Home","item":"https:\/\/bien-etreiris.ch\/de\/"},{"@type":"ListItem","position":2,"name":"RATGEBER &#038; KLARHEIT","item":"https:\/\/bien-etreiris.ch\/de\/ratgeber-klarheit-beratung\/"},{"@type":"ListItem","position":3,"name":"NAT\u00dcRLICHE SUBSTANZEN","item":"https:\/\/bien-etreiris.ch\/de\/ratgeber-klarheit-beratung\/natuerliche-heilmittel\/"},{"@type":"ListItem","position":4,"name":"NAHRUNGSERG\u00c4NZUNG"}]},{"@type":"WebSite","@id":"https:\/\/bien-etreiris.ch\/de\/#website","url":"https:\/\/bien-etreiris.ch\/de\/","name":"Bien-\u00eatre Iris","description":"IHRE Gesundheit ist uns wichtig","potentialAction":[{"@type":"SearchAction","target":{"@type":"EntryPoint","urlTemplate":"https:\/\/bien-etreiris.ch\/de\/?s={search_term_string}"},"query-input":{"@type":"PropertyValueSpecification","valueRequired":true,"valueName":"search_term_string"}}],"inLanguage":"de"}]}},"_links":{"self":[{"href":"https:\/\/bien-etreiris.ch\/de\/wp-json\/wp\/v2\/pages\/56532","targetHints":{"allow":["GET"]}}],"collection":[{"href":"https:\/\/bien-etreiris.ch\/de\/wp-json\/wp\/v2\/pages"}],"about":[{"href":"https:\/\/bien-etreiris.ch\/de\/wp-json\/wp\/v2\/types\/page"}],"author":[{"embeddable":true,"href":"https:\/\/bien-etreiris.ch\/de\/wp-json\/wp\/v2\/users\/1"}],"replies":[{"embeddable":true,"href":"https:\/\/bien-etreiris.ch\/de\/wp-json\/wp\/v2\/comments?post=56532"}],"version-history":[{"count":10,"href":"https:\/\/bien-etreiris.ch\/de\/wp-json\/wp\/v2\/pages\/56532\/revisions"}],"predecessor-version":[{"id":73176,"href":"https:\/\/bien-etreiris.ch\/de\/wp-json\/wp\/v2\/pages\/56532\/revisions\/73176"}],"up":[{"embeddable":true,"href":"https:\/\/bien-etreiris.ch\/de\/wp-json\/wp\/v2\/pages\/62337"}],"wp:featuredmedia":[{"embeddable":true,"href":"https:\/\/bien-etreiris.ch\/de\/wp-json\/wp\/v2\/media\/55919"}],"wp:attachment":[{"href":"https:\/\/bien-etreiris.ch\/de\/wp-json\/wp\/v2\/media?parent=56532"}],"curies":[{"name":"wp","href":"https:\/\/api.w.org\/{rel}","templated":true}]}}