{"id":56040,"date":"2022-06-26T21:54:04","date_gmt":"2022-06-26T19:54:04","guid":{"rendered":"https:\/\/bien-etreiris.ch\/produktpraesentation\/gesundes-leben\/gesunde-nahrungsmittel\/superfoods-lebensmittel\/pulver\/poudre-d-aronia\/"},"modified":"2022-09-25T18:34:17","modified_gmt":"2022-09-25T16:34:17","slug":"aroniapulver","status":"publish","type":"page","link":"https:\/\/bien-etreiris.ch\/de\/produktpraesentation\/gesundes-leben\/gesunde-lebensmittel\/superfoods\/pulver\/aroniapulver\/","title":{"rendered":"ARONIAPULVER"},"content":{"rendered":"\n<h2>Aroniapulver<\/h2>\n\n\n\n<p><a href=\"https:\/\/bien-etreiris.ch\/wp-content\/uploads\/2022\/06\/emballage-aronia.jpg\"><img loading=\"lazy\" decoding=\"async\" class=\"size-full wp-image-56031 alignleft\" src=\"https:\/\/bien-etreiris.ch\/wp-content\/uploads\/2022\/06\/emballage-aronia.jpg\" alt=\"\" width=\"345\" height=\"435\" srcset=\"https:\/\/bien-etreiris.ch\/wp-content\/uploads\/2022\/06\/emballage-aronia.jpg 345w, https:\/\/bien-etreiris.ch\/wp-content\/uploads\/2022\/06\/emballage-aronia-238x300.jpg 238w\" sizes=\"auto, (max-width: 345px) 100vw, 345px\" \/><\/a><\/p>\n<p>&nbsp;<\/p>\n<p>&nbsp;<\/p>\n<p>&nbsp;<\/p>\n<p>&nbsp;<\/p>\n<p>&nbsp;<\/p>\n<p>Pulver aus getrockneten und gepressten <span style=\"color: #ff9900; background-color: #ffffff;\"><span style=\"background-color: #ff9900; color: #ffffff;\">demeter<\/span> <\/span>Aroniabeeren.<\/p>\n<p>Packung mit 100 g<\/p>\n<p>&nbsp;<strong>CHF 11.10<\/strong><\/p>\n<p>&nbsp;<\/p>\n<p>&nbsp;<\/p>\n<p>&nbsp;<\/p>\n<p><a href=\"https:\/\/bien-etreiris.ch\/wp-content\/uploads\/2022\/06\/Aroniapoudre.jpg\"><img loading=\"lazy\" decoding=\"async\" class=\"wp-image-56034 alignnone\" src=\"https:\/\/bien-etreiris.ch\/wp-content\/uploads\/2022\/06\/Aroniapoudre.jpg\" alt=\"\" width=\"209\" height=\"209\" srcset=\"https:\/\/bien-etreiris.ch\/wp-content\/uploads\/2022\/06\/Aroniapoudre.jpg 300w, https:\/\/bien-etreiris.ch\/wp-content\/uploads\/2022\/06\/Aroniapoudre-150x150.jpg 150w\" sizes=\"auto, (max-width: 209px) 100vw, 209px\" \/><\/a><\/p>\n<p>&nbsp;<\/p>\n<p>&nbsp;<\/p>\n<p>Mehr als 1.600 frische Aroniabeeren in Aronia ORIGINAL Qualit\u00e4t wurden in unserem Demeter Aroniabeerenpulver verarbeitet. Die nat\u00fcrliche, nachhaltige und ganzheitliche Philosophie der biodynamischen Landwirtschaft nach Demeter und unser Fachwissen sind Garanten f\u00fcr Aroniabeeren von h\u00f6chster Qualit\u00e4t. Wir haben uns verpflichtet, diesen hohen Standard einzuhalten, damit Sie die beste Qualit\u00e4t f\u00fcr Ihr Wohlbefinden erhalten.<\/p>\n<p>Am Anfang der Produktion unseres Demeter Aronia-Pulvers steht die Herstellung des Direktsaftes. Unsere Aronias\u00e4fte sind Direkts\u00e4fte in Muttersaftqualit\u00e4t, was bedeutet, dass die Beeren unmittelbar nach der Ernte nur einmal gepresst werden. Bei dieser schonenden Pressung bleiben die Inhaltsstoffe der Aroniabeeren im Trester zur\u00fcck. Der Aroniatrester, der zum gr\u00f6\u00dften Teil aus der Schale, den Kernen und dem Fruchtfleisch der Beere besteht, wird anschlie\u00dfend getrocknet und zu einem farbintensiven Pulver gemahlen. Wie bei vielen Obstsorten enthalten die Kerne und Schalen der Aroniabeeren die h\u00f6chsten Konzentrationen an Inhaltsstoffen.<\/p>\n<p>Unser Demeter Aroniabeerenpulver ist nicht wasserl\u00f6slich. Sie k\u00f6nnen es zum Backen und Kochen verwenden oder zu Fruchtshakes und Smoothies hinzuf\u00fcgen.<\/p>\n<p>Zutaten: 100 % Pulver aus gepressten und getrockneten Aroniabeeren*.<br>*kontrollierter biodynamischer Anbau. Hergestellt in Deutschland. DE-\u00d6KO-003<\/p>\n<h4>Empfehlung<\/h4>\n<p>1 Essl\u00f6ffel einmal t\u00e4glich, z. B. als Zutat f\u00fcr Smoothies, M\u00fcsli oder zum Backen.<\/p>\n<p>&nbsp;<\/p>\n<p>&nbsp;<\/p>\n<p>N\u00e4hrwerte pro 100 g :<br>Energie: 1112 kJ \/ 270 kcal.<br>Fett: 4,3 g<br>- davon ges\u00e4ttigte Fetts\u00e4uren: 0,3 g<br>Kohlenhydrate: 27 g<br>- davon Zucker: 14 g<br>Eiwei\u00df: 6,4 g.<br>Salz: &lt;0,01 g<\/p>\n\n\n\n<h2><a href=\"https:\/\/bien-etreiris.ch\/de\/ratgeber-klarheit-beratung\/naehrstoffe\/superfoods\/aronia\/\" target=\"_blank\" rel=\"noopener\"><span style=\"color: #ff9900;\"><em>Mehr \u00fcber Aronia erfahren<\/em><\/span><\/a><\/h2>\n","protected":false},"excerpt":{"rendered":"<p>Aroniapulver &nbsp; &nbsp; &nbsp; &nbsp; &nbsp; Pulver aus getrockneten und gepressten demeter Aroniabeeren. Packung mit 100 g &nbsp;CHF 11.10 &nbsp; &nbsp; &nbsp; &nbsp; &nbsp; Mehr als 1.600 frische Aroniabeeren in Aronia ORIGINAL Qualit\u00e4t wurden in unserem Demeter Aroniabeerenpulver verarbeitet. Die nat\u00fcrliche, nachhaltige und ganzheitliche Philosophie der biodynamischen Landwirtschaft nach Demeter und unser Fachwissen sind Garanten f\u00fcr Aroniabeeren von h\u00f6chster Qualit\u00e4t.&nbsp;<a href=\"https:\/\/bien-etreiris.ch\/de\/produktpraesentation\/gesundes-leben\/gesunde-lebensmittel\/superfoods\/pulver\/aroniapulver\/\" class=\"read-more\">Weiter lesen<\/a><\/p>\n","protected":false},"author":1,"featured_media":56030,"parent":46460,"menu_order":4825,"comment_status":"closed","ping_status":"closed","template":"page-with-child.php","meta":{"_acf_changed":false,"ngg_post_thumbnail":0,"footnotes":""},"class_list":["post-56040","page","type-page","status-publish","has-post-thumbnail","hentry"],"acf":[],"yoast_head":"<!-- This site is optimized with the Yoast SEO plugin v27.5 - https:\/\/yoast.com\/product\/yoast-seo-wordpress\/ -->\n<title>ARONIAPULVER - WOHLBEFINDEN<\/title>\n<meta name=\"robots\" content=\"index, follow, max-snippet:-1, max-image-preview:large, max-video-preview:-1\" \/>\n<link rel=\"canonical\" href=\"https:\/\/bien-etreiris.ch\/de\/produktpraesentation\/gesundes-leben\/gesunde-lebensmittel\/superfoods\/pulver\/aroniapulver\/\" \/>\n<meta property=\"og:locale\" content=\"de_DE\" \/>\n<meta property=\"og:type\" content=\"article\" \/>\n<meta property=\"og:title\" content=\"ARONIAPULVER - WOHLBEFINDEN\" \/>\n<meta property=\"og:description\" content=\"Aroniapulver &nbsp; &nbsp; &nbsp; &nbsp; &nbsp; Pulver aus getrockneten und gepressten demeter Aroniabeeren. Packung mit 100 g &nbsp;CHF 11.10 &nbsp; &nbsp; &nbsp; &nbsp; &nbsp; Mehr als 1.600 frische Aroniabeeren in Aronia ORIGINAL Qualit\u00e4t wurden in unserem Demeter Aroniabeerenpulver verarbeitet. Die nat\u00fcrliche, nachhaltige und ganzheitliche Philosophie der biodynamischen Landwirtschaft nach Demeter und unser Fachwissen sind Garanten f\u00fcr Aroniabeeren von h\u00f6chster Qualit\u00e4t.&nbsp;Weiter lesen\" \/>\n<meta property=\"og:url\" content=\"https:\/\/bien-etreiris.ch\/de\/produktpraesentation\/gesundes-leben\/gesunde-lebensmittel\/superfoods\/pulver\/aroniapulver\/\" \/>\n<meta property=\"og:site_name\" content=\"WOHLBEFINDEN\" \/>\n<meta property=\"article:publisher\" content=\"https:\/\/www.facebook.com\/bienetreiris\/\" \/>\n<meta property=\"article:modified_time\" content=\"2022-09-25T16:34:17+00:00\" \/>\n<meta property=\"og:image\" content=\"https:\/\/bien-etreiris.ch\/wp-content\/uploads\/2022\/06\/acceuil-poudre-daronia.jpg\" \/>\n\t<meta property=\"og:image:width\" content=\"500\" \/>\n\t<meta property=\"og:image:height\" content=\"333\" \/>\n\t<meta property=\"og:image:type\" content=\"image\/jpeg\" \/>\n<meta name=\"twitter:label1\" content=\"Gesch\u00e4tzte Lesezeit\" \/>\n\t<meta name=\"twitter:data1\" content=\"2\u00a0Minuten\" \/>\n<script type=\"application\/ld+json\" class=\"yoast-schema-graph\">{\"@context\":\"https:\\\/\\\/schema.org\",\"@graph\":[{\"@type\":\"WebPage\",\"@id\":\"https:\\\/\\\/bien-etreiris.ch\\\/de\\\/produktpraesentation\\\/gesundes-leben\\\/gesunde-lebensmittel\\\/superfoods\\\/pulver\\\/aroniapulver\\\/\",\"url\":\"https:\\\/\\\/bien-etreiris.ch\\\/de\\\/produktpraesentation\\\/gesundes-leben\\\/gesunde-lebensmittel\\\/superfoods\\\/pulver\\\/aroniapulver\\\/\",\"name\":\"ARONIAPULVER - WOHLBEFINDEN\",\"isPartOf\":{\"@id\":\"https:\\\/\\\/bien-etreiris.ch\\\/de\\\/#website\"},\"primaryImageOfPage\":{\"@id\":\"https:\\\/\\\/bien-etreiris.ch\\\/de\\\/produktpraesentation\\\/gesundes-leben\\\/gesunde-lebensmittel\\\/superfoods\\\/pulver\\\/aroniapulver\\\/#primaryimage\"},\"image\":{\"@id\":\"https:\\\/\\\/bien-etreiris.ch\\\/de\\\/produktpraesentation\\\/gesundes-leben\\\/gesunde-lebensmittel\\\/superfoods\\\/pulver\\\/aroniapulver\\\/#primaryimage\"},\"thumbnailUrl\":\"https:\\\/\\\/bien-etreiris.ch\\\/wp-content\\\/uploads\\\/2022\\\/06\\\/acceuil-poudre-daronia.jpg\",\"datePublished\":\"2022-06-26T19:54:04+00:00\",\"dateModified\":\"2022-09-25T16:34:17+00:00\",\"breadcrumb\":{\"@id\":\"https:\\\/\\\/bien-etreiris.ch\\\/de\\\/produktpraesentation\\\/gesundes-leben\\\/gesunde-lebensmittel\\\/superfoods\\\/pulver\\\/aroniapulver\\\/#breadcrumb\"},\"inLanguage\":\"de\",\"potentialAction\":[{\"@type\":\"ReadAction\",\"target\":[\"https:\\\/\\\/bien-etreiris.ch\\\/de\\\/produktpraesentation\\\/gesundes-leben\\\/gesunde-lebensmittel\\\/superfoods\\\/pulver\\\/aroniapulver\\\/\"]}]},{\"@type\":\"ImageObject\",\"inLanguage\":\"de\",\"@id\":\"https:\\\/\\\/bien-etreiris.ch\\\/de\\\/produktpraesentation\\\/gesundes-leben\\\/gesunde-lebensmittel\\\/superfoods\\\/pulver\\\/aroniapulver\\\/#primaryimage\",\"url\":\"https:\\\/\\\/bien-etreiris.ch\\\/wp-content\\\/uploads\\\/2022\\\/06\\\/acceuil-poudre-daronia.jpg\",\"contentUrl\":\"https:\\\/\\\/bien-etreiris.ch\\\/wp-content\\\/uploads\\\/2022\\\/06\\\/acceuil-poudre-daronia.jpg\",\"width\":500,\"height\":333},{\"@type\":\"BreadcrumbList\",\"@id\":\"https:\\\/\\\/bien-etreiris.ch\\\/de\\\/produktpraesentation\\\/gesundes-leben\\\/gesunde-lebensmittel\\\/superfoods\\\/pulver\\\/aroniapulver\\\/#breadcrumb\",\"itemListElement\":[{\"@type\":\"ListItem\",\"position\":1,\"name\":\"Home\",\"item\":\"https:\\\/\\\/bien-etreiris.ch\\\/de\\\/\"},{\"@type\":\"ListItem\",\"position\":2,\"name\":\"PRODUKTPR\u00c4SENTATION\",\"item\":\"https:\\\/\\\/bien-etreiris.ch\\\/de\\\/produktpraesentation\\\/\"},{\"@type\":\"ListItem\",\"position\":3,\"name\":\"GESUNDES LEBEN\",\"item\":\"https:\\\/\\\/bien-etreiris.ch\\\/de\\\/produktpraesentation\\\/gesundes-leben\\\/\"},{\"@type\":\"ListItem\",\"position\":4,\"name\":\"GESUNDE LEBENSMITTEL\",\"item\":\"https:\\\/\\\/bien-etreiris.ch\\\/de\\\/produktpraesentation\\\/gesundes-leben\\\/gesunde-lebensmittel\\\/\"},{\"@type\":\"ListItem\",\"position\":5,\"name\":\"SUPERFOODS\",\"item\":\"https:\\\/\\\/bien-etreiris.ch\\\/de\\\/produktpraesentation\\\/gesundes-leben\\\/gesunde-lebensmittel\\\/superfoods\\\/\"},{\"@type\":\"ListItem\",\"position\":6,\"name\":\"PULVER\",\"item\":\"https:\\\/\\\/bien-etreiris.ch\\\/de\\\/produktpraesentation\\\/gesundes-leben\\\/gesunde-lebensmittel\\\/superfoods\\\/pulver\\\/\"},{\"@type\":\"ListItem\",\"position\":7,\"name\":\"ARONIAPULVER\"}]},{\"@type\":\"WebSite\",\"@id\":\"https:\\\/\\\/bien-etreiris.ch\\\/de\\\/#website\",\"url\":\"https:\\\/\\\/bien-etreiris.ch\\\/de\\\/\",\"name\":\"Bien-\u00eatre Iris\",\"description\":\"IHRE Gesundheit ist uns wichtig\",\"potentialAction\":[{\"@type\":\"SearchAction\",\"target\":{\"@type\":\"EntryPoint\",\"urlTemplate\":\"https:\\\/\\\/bien-etreiris.ch\\\/de\\\/?s={search_term_string}\"},\"query-input\":{\"@type\":\"PropertyValueSpecification\",\"valueRequired\":true,\"valueName\":\"search_term_string\"}}],\"inLanguage\":\"de\"}]}<\/script>\n<!-- \/ Yoast SEO plugin. -->","yoast_head_json":{"title":"ARONIAPULVER - WOHLBEFINDEN","robots":{"index":"index","follow":"follow","max-snippet":"max-snippet:-1","max-image-preview":"max-image-preview:large","max-video-preview":"max-video-preview:-1"},"canonical":"https:\/\/bien-etreiris.ch\/de\/produktpraesentation\/gesundes-leben\/gesunde-lebensmittel\/superfoods\/pulver\/aroniapulver\/","og_locale":"de_DE","og_type":"article","og_title":"ARONIAPULVER - WOHLBEFINDEN","og_description":"Aroniapulver &nbsp; &nbsp; &nbsp; &nbsp; &nbsp; Pulver aus getrockneten und gepressten demeter Aroniabeeren. Packung mit 100 g &nbsp;CHF 11.10 &nbsp; &nbsp; &nbsp; &nbsp; &nbsp; Mehr als 1.600 frische Aroniabeeren in Aronia ORIGINAL Qualit\u00e4t wurden in unserem Demeter Aroniabeerenpulver verarbeitet. Die nat\u00fcrliche, nachhaltige und ganzheitliche Philosophie der biodynamischen Landwirtschaft nach Demeter und unser Fachwissen sind Garanten f\u00fcr Aroniabeeren von h\u00f6chster Qualit\u00e4t.&nbsp;Weiter lesen","og_url":"https:\/\/bien-etreiris.ch\/de\/produktpraesentation\/gesundes-leben\/gesunde-lebensmittel\/superfoods\/pulver\/aroniapulver\/","og_site_name":"WOHLBEFINDEN","article_publisher":"https:\/\/www.facebook.com\/bienetreiris\/","article_modified_time":"2022-09-25T16:34:17+00:00","og_image":[{"width":500,"height":333,"url":"https:\/\/bien-etreiris.ch\/wp-content\/uploads\/2022\/06\/acceuil-poudre-daronia.jpg","type":"image\/jpeg"}],"twitter_misc":{"Gesch\u00e4tzte Lesezeit":"2\u00a0Minuten"},"schema":{"@context":"https:\/\/schema.org","@graph":[{"@type":"WebPage","@id":"https:\/\/bien-etreiris.ch\/de\/produktpraesentation\/gesundes-leben\/gesunde-lebensmittel\/superfoods\/pulver\/aroniapulver\/","url":"https:\/\/bien-etreiris.ch\/de\/produktpraesentation\/gesundes-leben\/gesunde-lebensmittel\/superfoods\/pulver\/aroniapulver\/","name":"ARONIAPULVER - WOHLBEFINDEN","isPartOf":{"@id":"https:\/\/bien-etreiris.ch\/de\/#website"},"primaryImageOfPage":{"@id":"https:\/\/bien-etreiris.ch\/de\/produktpraesentation\/gesundes-leben\/gesunde-lebensmittel\/superfoods\/pulver\/aroniapulver\/#primaryimage"},"image":{"@id":"https:\/\/bien-etreiris.ch\/de\/produktpraesentation\/gesundes-leben\/gesunde-lebensmittel\/superfoods\/pulver\/aroniapulver\/#primaryimage"},"thumbnailUrl":"https:\/\/bien-etreiris.ch\/wp-content\/uploads\/2022\/06\/acceuil-poudre-daronia.jpg","datePublished":"2022-06-26T19:54:04+00:00","dateModified":"2022-09-25T16:34:17+00:00","breadcrumb":{"@id":"https:\/\/bien-etreiris.ch\/de\/produktpraesentation\/gesundes-leben\/gesunde-lebensmittel\/superfoods\/pulver\/aroniapulver\/#breadcrumb"},"inLanguage":"de","potentialAction":[{"@type":"ReadAction","target":["https:\/\/bien-etreiris.ch\/de\/produktpraesentation\/gesundes-leben\/gesunde-lebensmittel\/superfoods\/pulver\/aroniapulver\/"]}]},{"@type":"ImageObject","inLanguage":"de","@id":"https:\/\/bien-etreiris.ch\/de\/produktpraesentation\/gesundes-leben\/gesunde-lebensmittel\/superfoods\/pulver\/aroniapulver\/#primaryimage","url":"https:\/\/bien-etreiris.ch\/wp-content\/uploads\/2022\/06\/acceuil-poudre-daronia.jpg","contentUrl":"https:\/\/bien-etreiris.ch\/wp-content\/uploads\/2022\/06\/acceuil-poudre-daronia.jpg","width":500,"height":333},{"@type":"BreadcrumbList","@id":"https:\/\/bien-etreiris.ch\/de\/produktpraesentation\/gesundes-leben\/gesunde-lebensmittel\/superfoods\/pulver\/aroniapulver\/#breadcrumb","itemListElement":[{"@type":"ListItem","position":1,"name":"Home","item":"https:\/\/bien-etreiris.ch\/de\/"},{"@type":"ListItem","position":2,"name":"PRODUKTPR\u00c4SENTATION","item":"https:\/\/bien-etreiris.ch\/de\/produktpraesentation\/"},{"@type":"ListItem","position":3,"name":"GESUNDES LEBEN","item":"https:\/\/bien-etreiris.ch\/de\/produktpraesentation\/gesundes-leben\/"},{"@type":"ListItem","position":4,"name":"GESUNDE LEBENSMITTEL","item":"https:\/\/bien-etreiris.ch\/de\/produktpraesentation\/gesundes-leben\/gesunde-lebensmittel\/"},{"@type":"ListItem","position":5,"name":"SUPERFOODS","item":"https:\/\/bien-etreiris.ch\/de\/produktpraesentation\/gesundes-leben\/gesunde-lebensmittel\/superfoods\/"},{"@type":"ListItem","position":6,"name":"PULVER","item":"https:\/\/bien-etreiris.ch\/de\/produktpraesentation\/gesundes-leben\/gesunde-lebensmittel\/superfoods\/pulver\/"},{"@type":"ListItem","position":7,"name":"ARONIAPULVER"}]},{"@type":"WebSite","@id":"https:\/\/bien-etreiris.ch\/de\/#website","url":"https:\/\/bien-etreiris.ch\/de\/","name":"Bien-\u00eatre Iris","description":"IHRE Gesundheit ist uns wichtig","potentialAction":[{"@type":"SearchAction","target":{"@type":"EntryPoint","urlTemplate":"https:\/\/bien-etreiris.ch\/de\/?s={search_term_string}"},"query-input":{"@type":"PropertyValueSpecification","valueRequired":true,"valueName":"search_term_string"}}],"inLanguage":"de"}]}},"_links":{"self":[{"href":"https:\/\/bien-etreiris.ch\/de\/wp-json\/wp\/v2\/pages\/56040","targetHints":{"allow":["GET"]}}],"collection":[{"href":"https:\/\/bien-etreiris.ch\/de\/wp-json\/wp\/v2\/pages"}],"about":[{"href":"https:\/\/bien-etreiris.ch\/de\/wp-json\/wp\/v2\/types\/page"}],"author":[{"embeddable":true,"href":"https:\/\/bien-etreiris.ch\/de\/wp-json\/wp\/v2\/users\/1"}],"replies":[{"embeddable":true,"href":"https:\/\/bien-etreiris.ch\/de\/wp-json\/wp\/v2\/comments?post=56040"}],"version-history":[{"count":7,"href":"https:\/\/bien-etreiris.ch\/de\/wp-json\/wp\/v2\/pages\/56040\/revisions"}],"predecessor-version":[{"id":60459,"href":"https:\/\/bien-etreiris.ch\/de\/wp-json\/wp\/v2\/pages\/56040\/revisions\/60459"}],"up":[{"embeddable":true,"href":"https:\/\/bien-etreiris.ch\/de\/wp-json\/wp\/v2\/pages\/46460"}],"wp:featuredmedia":[{"embeddable":true,"href":"https:\/\/bien-etreiris.ch\/de\/wp-json\/wp\/v2\/media\/56030"}],"wp:attachment":[{"href":"https:\/\/bien-etreiris.ch\/de\/wp-json\/wp\/v2\/media?parent=56040"}],"curies":[{"name":"wp","href":"https:\/\/api.w.org\/{rel}","templated":true}]}}