{"id":56020,"date":"2022-06-26T21:18:38","date_gmt":"2022-06-26T19:18:38","guid":{"rendered":"https:\/\/bien-etreiris.ch\/produktpraesentation\/gesundes-leben\/gesunde-nahrungsmittel\/getraenke\/jus-daronia\/"},"modified":"2022-09-23T09:09:39","modified_gmt":"2022-09-23T07:09:39","slug":"aronia-saft","status":"publish","type":"page","link":"https:\/\/bien-etreiris.ch\/de\/produktpraesentation\/gesundes-leben\/gesunde-lebensmittel\/getraenke\/saefte\/aronia-saft\/","title":{"rendered":"ARONIA SAFT"},"content":{"rendered":"\n<h2>Aroniasaft<\/h2>\n\n\n\n<p><a href=\"https:\/\/bien-etreiris.ch\/wp-content\/uploads\/2022\/08\/jus-aronia.jpg\"><img loading=\"lazy\" decoding=\"async\" class=\"wp-image-58699  alignleft\" src=\"https:\/\/bien-etreiris.ch\/wp-content\/uploads\/2022\/08\/jus-aronia-117x300.jpg\" alt=\"\" width=\"186\" height=\"477\" srcset=\"https:\/\/bien-etreiris.ch\/wp-content\/uploads\/2022\/08\/jus-aronia-117x300.jpg 117w, https:\/\/bien-etreiris.ch\/wp-content\/uploads\/2022\/08\/jus-aronia.jpg 176w\" sizes=\"auto, (max-width: 186px) 100vw, 186px\" \/><\/a><\/p>\n<p>&nbsp;<\/p>\n<p>&nbsp;<\/p>\n<p>&nbsp;<\/p>\n<p>&nbsp;<\/p>\n<p>&nbsp;<\/p>\n<p>Marque<br>Aronia Original<br><br><br>Ingr\u00e9dients<br>100% pur jus d'aronia BIO**<span style=\"background-color: #ff6600; color: #ffffff;\">demeter<\/span><br><br><\/p>\n<p>1 bouteilles 350 ml <strong>CHF 5.90<\/strong><\/p>\n<p>1 Carton 3 lt <strong>CHF 32.50<\/strong><\/p>\n<p>&nbsp;<\/p>\n<p>&nbsp;<\/p>\n<p>&nbsp;<\/p>\n<h4><br>Particularit\u00e9s<\/h4>\n<p><br>Pour que nos jus aient non seulement un go\u00fbt intense, mais conservent \u00e9galement la richesse de leurs composants naturels, nos baies d'aronia ne sont press\u00e9es qu'une seule fois. Il en r\u00e9sulte un jus direct, ou jus m\u00e8re, qui, outre les meilleures baies d'aronia de qualit\u00e9 Demeter, ne contient que de l'amour. La philosophie naturelle, durable et globale de l'agriculture biodynamique selon Demeter et notre expertise sont les garants de la qualit\u00e9 sup\u00e9rieure des baies d'aronia. Nous nous sommes engag\u00e9s ensemble \u00e0 respecter cette norme \u00e9lev\u00e9e afin de vous permettre de b\u00e9n\u00e9ficier de la meilleure qualit\u00e9 possible pour votre bien-\u00eatre. Pour que nos jus soient encore mieux prot\u00e9g\u00e9s, nous avons d\u00e9velopp\u00e9 une bouteille sp\u00e9ciale en verre brun, plus opaque.<\/p>\n<h4><br>Production<\/h4>\n<p><br>Le naturel nous tient particuli\u00e8rement \u00e0 c\u0153ur : c'est pourquoi nos jus sont press\u00e9s directement \u00e0 100%.<\/p>\n<h4><br>Utilisation<\/h4>\n<p><br>Trouvez la quantit\u00e9 de jus id\u00e9ale pour vous. Nous recommandons 100 ml une fois par jour apr\u00e8s le repas. Le jus peut \u00e9galement \u00eatre dilu\u00e9 ou sucr\u00e9.<\/p>\n<h4><br>Proposition de recette<\/h4>\n<p><br>M\u00e9langez 100 ml de jus direct d'aronia avec une bonne eau pour obtenir un jus de fruit d\u00e9licieusement fruit\u00e9 et d\u00e9salt\u00e9rant. En outre, notre jus direct d'aronia peut \u00eatre utilis\u00e9 comme base pour de d\u00e9licieux smoothies, des sauces sucr\u00e9es ou comme composant fruit\u00e9 dans des plats sal\u00e9s.<\/p>\n<p>&nbsp;<\/p>\n<h4>Conseil int\u00e9ressant :<\/h4>\n<p>pourquoi ne pas essayer notre jus d'aronia comme un bain de bouche ? Rincez-vous et gargarisez-vous pendant environ une minute, puis avalez. De plus en plus de clients proc\u00e8dent ainsi.<\/p>\n<p>Dans 350 ml de notre jus d'aronia Demeter, on trouve plus de 550 baies d'aronia fra\u00eeches de la meilleure qualit\u00e9 Aronia ORIGINAL.<\/p>\n<p><br><br><br><br>Valeurs nutritives &amp; r\u00e9sultats d'analyse rapport\u00e9s \u00e0 100 ml<br>\u00c9nergie kJ \/ kcal<br>194 kJ \/ 46 kcal<br>Mati\u00e8res grasses<br>&lt;0,5 g<br>dont acides gras satur\u00e9s<br>&lt;0,1 g<br>Glucides<br>13 g<br>dont sucres<br>6,8 g<br>Prot\u00e9ines<br>0,1 g<br>Sel<br>&lt;0,01 g<br>Unit\u00e9s de pain<br>1,1 UB<\/p>\n<h2><br><a href=\"https:\/\/bien-etreiris.ch\/de\/ratgeber-klarheit-beratung\/naehrstoffe\/superfoods\/aronia\/\" target=\"_blank\" rel=\"noopener\"><em><span style=\"color: #ff9900;\">Mehr erfahren \u00fcber Aronia<\/span><\/em><\/a><\/h2>\n","protected":false},"excerpt":{"rendered":"<p>Aroniasaft &nbsp; &nbsp; &nbsp; &nbsp; &nbsp; MarqueAronia Original Ingr\u00e9dients100% pur jus d'aronia BIO**demeter 1 bouteilles 350 ml CHF 5.90 1 Carton 3 lt CHF 32.50 &nbsp; &nbsp; &nbsp; Particularit\u00e9s Pour que nos jus aient non seulement un go\u00fbt intense, mais conservent \u00e9galement la richesse de leurs composants naturels, nos baies d'aronia ne sont press\u00e9es qu'une seule fois. Il en r\u00e9sulte&nbsp;<a href=\"https:\/\/bien-etreiris.ch\/de\/produktpraesentation\/gesundes-leben\/gesunde-lebensmittel\/getraenke\/saefte\/aronia-saft\/\" class=\"read-more\">Weiter lesen<\/a><\/p>\n","protected":false},"author":1,"featured_media":56017,"parent":49210,"menu_order":4824,"comment_status":"closed","ping_status":"closed","template":"page-with-child.php","meta":{"_acf_changed":false,"ngg_post_thumbnail":0,"footnotes":""},"class_list":["post-56020","page","type-page","status-publish","has-post-thumbnail","hentry"],"acf":[],"yoast_head":"<!-- This site is optimized with the Yoast SEO plugin v27.4 - https:\/\/yoast.com\/product\/yoast-seo-wordpress\/ -->\n<title>ARONIA SAFT - WOHLBEFINDEN<\/title>\n<meta name=\"robots\" content=\"index, follow, max-snippet:-1, max-image-preview:large, max-video-preview:-1\" \/>\n<link rel=\"canonical\" href=\"https:\/\/bien-etreiris.ch\/de\/produktpraesentation\/gesundes-leben\/gesunde-lebensmittel\/getraenke\/saefte\/aronia-saft\/\" \/>\n<meta property=\"og:locale\" content=\"de_DE\" \/>\n<meta property=\"og:type\" content=\"article\" \/>\n<meta property=\"og:title\" content=\"ARONIA SAFT - WOHLBEFINDEN\" \/>\n<meta property=\"og:description\" content=\"Aroniasaft &nbsp; &nbsp; &nbsp; &nbsp; &nbsp; MarqueAronia Original Ingr\u00e9dients100% pur jus d&#039;aronia BIO**demeter 1 bouteilles 350 ml CHF 5.90 1 Carton 3 lt CHF 32.50 &nbsp; &nbsp; &nbsp; Particularit\u00e9s Pour que nos jus aient non seulement un go\u00fbt intense, mais conservent \u00e9galement la richesse de leurs composants naturels, nos baies d&#039;aronia ne sont press\u00e9es qu&#039;une seule fois. Il en r\u00e9sulte&nbsp;Weiter lesen\" \/>\n<meta property=\"og:url\" content=\"https:\/\/bien-etreiris.ch\/de\/produktpraesentation\/gesundes-leben\/gesunde-lebensmittel\/getraenke\/saefte\/aronia-saft\/\" \/>\n<meta property=\"og:site_name\" content=\"WOHLBEFINDEN\" \/>\n<meta property=\"article:publisher\" content=\"https:\/\/www.facebook.com\/bienetreiris\/\" \/>\n<meta property=\"article:modified_time\" content=\"2022-09-23T07:09:39+00:00\" \/>\n<meta property=\"og:image\" content=\"https:\/\/bien-etreiris.ch\/wp-content\/uploads\/2022\/06\/acceuil-jus-daronia.jpg\" \/>\n\t<meta property=\"og:image:width\" content=\"500\" \/>\n\t<meta property=\"og:image:height\" content=\"333\" \/>\n\t<meta property=\"og:image:type\" content=\"image\/jpeg\" \/>\n<meta name=\"twitter:label1\" content=\"Gesch\u00e4tzte Lesezeit\" \/>\n\t<meta name=\"twitter:data1\" content=\"3\u00a0Minuten\" \/>\n<script type=\"application\/ld+json\" class=\"yoast-schema-graph\">{\"@context\":\"https:\\\/\\\/schema.org\",\"@graph\":[{\"@type\":\"WebPage\",\"@id\":\"https:\\\/\\\/bien-etreiris.ch\\\/de\\\/produktpraesentation\\\/gesundes-leben\\\/gesunde-lebensmittel\\\/getraenke\\\/saefte\\\/aronia-saft\\\/\",\"url\":\"https:\\\/\\\/bien-etreiris.ch\\\/de\\\/produktpraesentation\\\/gesundes-leben\\\/gesunde-lebensmittel\\\/getraenke\\\/saefte\\\/aronia-saft\\\/\",\"name\":\"ARONIA SAFT - WOHLBEFINDEN\",\"isPartOf\":{\"@id\":\"https:\\\/\\\/bien-etreiris.ch\\\/de\\\/#website\"},\"primaryImageOfPage\":{\"@id\":\"https:\\\/\\\/bien-etreiris.ch\\\/de\\\/produktpraesentation\\\/gesundes-leben\\\/gesunde-lebensmittel\\\/getraenke\\\/saefte\\\/aronia-saft\\\/#primaryimage\"},\"image\":{\"@id\":\"https:\\\/\\\/bien-etreiris.ch\\\/de\\\/produktpraesentation\\\/gesundes-leben\\\/gesunde-lebensmittel\\\/getraenke\\\/saefte\\\/aronia-saft\\\/#primaryimage\"},\"thumbnailUrl\":\"https:\\\/\\\/bien-etreiris.ch\\\/wp-content\\\/uploads\\\/2022\\\/06\\\/acceuil-jus-daronia.jpg\",\"datePublished\":\"2022-06-26T19:18:38+00:00\",\"dateModified\":\"2022-09-23T07:09:39+00:00\",\"breadcrumb\":{\"@id\":\"https:\\\/\\\/bien-etreiris.ch\\\/de\\\/produktpraesentation\\\/gesundes-leben\\\/gesunde-lebensmittel\\\/getraenke\\\/saefte\\\/aronia-saft\\\/#breadcrumb\"},\"inLanguage\":\"de\",\"potentialAction\":[{\"@type\":\"ReadAction\",\"target\":[\"https:\\\/\\\/bien-etreiris.ch\\\/de\\\/produktpraesentation\\\/gesundes-leben\\\/gesunde-lebensmittel\\\/getraenke\\\/saefte\\\/aronia-saft\\\/\"]}]},{\"@type\":\"ImageObject\",\"inLanguage\":\"de\",\"@id\":\"https:\\\/\\\/bien-etreiris.ch\\\/de\\\/produktpraesentation\\\/gesundes-leben\\\/gesunde-lebensmittel\\\/getraenke\\\/saefte\\\/aronia-saft\\\/#primaryimage\",\"url\":\"https:\\\/\\\/bien-etreiris.ch\\\/wp-content\\\/uploads\\\/2022\\\/06\\\/acceuil-jus-daronia.jpg\",\"contentUrl\":\"https:\\\/\\\/bien-etreiris.ch\\\/wp-content\\\/uploads\\\/2022\\\/06\\\/acceuil-jus-daronia.jpg\",\"width\":500,\"height\":333},{\"@type\":\"BreadcrumbList\",\"@id\":\"https:\\\/\\\/bien-etreiris.ch\\\/de\\\/produktpraesentation\\\/gesundes-leben\\\/gesunde-lebensmittel\\\/getraenke\\\/saefte\\\/aronia-saft\\\/#breadcrumb\",\"itemListElement\":[{\"@type\":\"ListItem\",\"position\":1,\"name\":\"Home\",\"item\":\"https:\\\/\\\/bien-etreiris.ch\\\/de\\\/\"},{\"@type\":\"ListItem\",\"position\":2,\"name\":\"PRODUKTPR\u00c4SENTATION\",\"item\":\"https:\\\/\\\/bien-etreiris.ch\\\/de\\\/produktpraesentation\\\/\"},{\"@type\":\"ListItem\",\"position\":3,\"name\":\"GESUNDES LEBEN\",\"item\":\"https:\\\/\\\/bien-etreiris.ch\\\/de\\\/produktpraesentation\\\/gesundes-leben\\\/\"},{\"@type\":\"ListItem\",\"position\":4,\"name\":\"GESUNDE LEBENSMITTEL\",\"item\":\"https:\\\/\\\/bien-etreiris.ch\\\/de\\\/produktpraesentation\\\/gesundes-leben\\\/gesunde-lebensmittel\\\/\"},{\"@type\":\"ListItem\",\"position\":5,\"name\":\"GETR\u00c4NKE\",\"item\":\"https:\\\/\\\/bien-etreiris.ch\\\/de\\\/produktpraesentation\\\/gesundes-leben\\\/gesunde-lebensmittel\\\/getraenke\\\/\"},{\"@type\":\"ListItem\",\"position\":6,\"name\":\"S\u00c4FTE\",\"item\":\"https:\\\/\\\/bien-etreiris.ch\\\/de\\\/produktpraesentation\\\/gesundes-leben\\\/gesunde-lebensmittel\\\/getraenke\\\/saefte\\\/\"},{\"@type\":\"ListItem\",\"position\":7,\"name\":\"ARONIA SAFT\"}]},{\"@type\":\"WebSite\",\"@id\":\"https:\\\/\\\/bien-etreiris.ch\\\/de\\\/#website\",\"url\":\"https:\\\/\\\/bien-etreiris.ch\\\/de\\\/\",\"name\":\"Bien-\u00eatre Iris\",\"description\":\"IHRE Gesundheit ist uns wichtig\",\"potentialAction\":[{\"@type\":\"SearchAction\",\"target\":{\"@type\":\"EntryPoint\",\"urlTemplate\":\"https:\\\/\\\/bien-etreiris.ch\\\/de\\\/?s={search_term_string}\"},\"query-input\":{\"@type\":\"PropertyValueSpecification\",\"valueRequired\":true,\"valueName\":\"search_term_string\"}}],\"inLanguage\":\"de\"}]}<\/script>\n<!-- \/ Yoast SEO plugin. -->","yoast_head_json":{"title":"ARONIA SAFT - WOHLBEFINDEN","robots":{"index":"index","follow":"follow","max-snippet":"max-snippet:-1","max-image-preview":"max-image-preview:large","max-video-preview":"max-video-preview:-1"},"canonical":"https:\/\/bien-etreiris.ch\/de\/produktpraesentation\/gesundes-leben\/gesunde-lebensmittel\/getraenke\/saefte\/aronia-saft\/","og_locale":"de_DE","og_type":"article","og_title":"ARONIA SAFT - WOHLBEFINDEN","og_description":"Aroniasaft &nbsp; &nbsp; &nbsp; &nbsp; &nbsp; MarqueAronia Original Ingr\u00e9dients100% pur jus d'aronia BIO**demeter 1 bouteilles 350 ml CHF 5.90 1 Carton 3 lt CHF 32.50 &nbsp; &nbsp; &nbsp; Particularit\u00e9s Pour que nos jus aient non seulement un go\u00fbt intense, mais conservent \u00e9galement la richesse de leurs composants naturels, nos baies d'aronia ne sont press\u00e9es qu'une seule fois. Il en r\u00e9sulte&nbsp;Weiter lesen","og_url":"https:\/\/bien-etreiris.ch\/de\/produktpraesentation\/gesundes-leben\/gesunde-lebensmittel\/getraenke\/saefte\/aronia-saft\/","og_site_name":"WOHLBEFINDEN","article_publisher":"https:\/\/www.facebook.com\/bienetreiris\/","article_modified_time":"2022-09-23T07:09:39+00:00","og_image":[{"width":500,"height":333,"url":"https:\/\/bien-etreiris.ch\/wp-content\/uploads\/2022\/06\/acceuil-jus-daronia.jpg","type":"image\/jpeg"}],"twitter_misc":{"Gesch\u00e4tzte Lesezeit":"3\u00a0Minuten"},"schema":{"@context":"https:\/\/schema.org","@graph":[{"@type":"WebPage","@id":"https:\/\/bien-etreiris.ch\/de\/produktpraesentation\/gesundes-leben\/gesunde-lebensmittel\/getraenke\/saefte\/aronia-saft\/","url":"https:\/\/bien-etreiris.ch\/de\/produktpraesentation\/gesundes-leben\/gesunde-lebensmittel\/getraenke\/saefte\/aronia-saft\/","name":"ARONIA SAFT - WOHLBEFINDEN","isPartOf":{"@id":"https:\/\/bien-etreiris.ch\/de\/#website"},"primaryImageOfPage":{"@id":"https:\/\/bien-etreiris.ch\/de\/produktpraesentation\/gesundes-leben\/gesunde-lebensmittel\/getraenke\/saefte\/aronia-saft\/#primaryimage"},"image":{"@id":"https:\/\/bien-etreiris.ch\/de\/produktpraesentation\/gesundes-leben\/gesunde-lebensmittel\/getraenke\/saefte\/aronia-saft\/#primaryimage"},"thumbnailUrl":"https:\/\/bien-etreiris.ch\/wp-content\/uploads\/2022\/06\/acceuil-jus-daronia.jpg","datePublished":"2022-06-26T19:18:38+00:00","dateModified":"2022-09-23T07:09:39+00:00","breadcrumb":{"@id":"https:\/\/bien-etreiris.ch\/de\/produktpraesentation\/gesundes-leben\/gesunde-lebensmittel\/getraenke\/saefte\/aronia-saft\/#breadcrumb"},"inLanguage":"de","potentialAction":[{"@type":"ReadAction","target":["https:\/\/bien-etreiris.ch\/de\/produktpraesentation\/gesundes-leben\/gesunde-lebensmittel\/getraenke\/saefte\/aronia-saft\/"]}]},{"@type":"ImageObject","inLanguage":"de","@id":"https:\/\/bien-etreiris.ch\/de\/produktpraesentation\/gesundes-leben\/gesunde-lebensmittel\/getraenke\/saefte\/aronia-saft\/#primaryimage","url":"https:\/\/bien-etreiris.ch\/wp-content\/uploads\/2022\/06\/acceuil-jus-daronia.jpg","contentUrl":"https:\/\/bien-etreiris.ch\/wp-content\/uploads\/2022\/06\/acceuil-jus-daronia.jpg","width":500,"height":333},{"@type":"BreadcrumbList","@id":"https:\/\/bien-etreiris.ch\/de\/produktpraesentation\/gesundes-leben\/gesunde-lebensmittel\/getraenke\/saefte\/aronia-saft\/#breadcrumb","itemListElement":[{"@type":"ListItem","position":1,"name":"Home","item":"https:\/\/bien-etreiris.ch\/de\/"},{"@type":"ListItem","position":2,"name":"PRODUKTPR\u00c4SENTATION","item":"https:\/\/bien-etreiris.ch\/de\/produktpraesentation\/"},{"@type":"ListItem","position":3,"name":"GESUNDES LEBEN","item":"https:\/\/bien-etreiris.ch\/de\/produktpraesentation\/gesundes-leben\/"},{"@type":"ListItem","position":4,"name":"GESUNDE LEBENSMITTEL","item":"https:\/\/bien-etreiris.ch\/de\/produktpraesentation\/gesundes-leben\/gesunde-lebensmittel\/"},{"@type":"ListItem","position":5,"name":"GETR\u00c4NKE","item":"https:\/\/bien-etreiris.ch\/de\/produktpraesentation\/gesundes-leben\/gesunde-lebensmittel\/getraenke\/"},{"@type":"ListItem","position":6,"name":"S\u00c4FTE","item":"https:\/\/bien-etreiris.ch\/de\/produktpraesentation\/gesundes-leben\/gesunde-lebensmittel\/getraenke\/saefte\/"},{"@type":"ListItem","position":7,"name":"ARONIA SAFT"}]},{"@type":"WebSite","@id":"https:\/\/bien-etreiris.ch\/de\/#website","url":"https:\/\/bien-etreiris.ch\/de\/","name":"Bien-\u00eatre Iris","description":"IHRE Gesundheit ist uns wichtig","potentialAction":[{"@type":"SearchAction","target":{"@type":"EntryPoint","urlTemplate":"https:\/\/bien-etreiris.ch\/de\/?s={search_term_string}"},"query-input":{"@type":"PropertyValueSpecification","valueRequired":true,"valueName":"search_term_string"}}],"inLanguage":"de"}]}},"_links":{"self":[{"href":"https:\/\/bien-etreiris.ch\/de\/wp-json\/wp\/v2\/pages\/56020","targetHints":{"allow":["GET"]}}],"collection":[{"href":"https:\/\/bien-etreiris.ch\/de\/wp-json\/wp\/v2\/pages"}],"about":[{"href":"https:\/\/bien-etreiris.ch\/de\/wp-json\/wp\/v2\/types\/page"}],"author":[{"embeddable":true,"href":"https:\/\/bien-etreiris.ch\/de\/wp-json\/wp\/v2\/users\/1"}],"replies":[{"embeddable":true,"href":"https:\/\/bien-etreiris.ch\/de\/wp-json\/wp\/v2\/comments?post=56020"}],"version-history":[{"count":6,"href":"https:\/\/bien-etreiris.ch\/de\/wp-json\/wp\/v2\/pages\/56020\/revisions"}],"predecessor-version":[{"id":60129,"href":"https:\/\/bien-etreiris.ch\/de\/wp-json\/wp\/v2\/pages\/56020\/revisions\/60129"}],"up":[{"embeddable":true,"href":"https:\/\/bien-etreiris.ch\/de\/wp-json\/wp\/v2\/pages\/49210"}],"wp:featuredmedia":[{"embeddable":true,"href":"https:\/\/bien-etreiris.ch\/de\/wp-json\/wp\/v2\/media\/56017"}],"wp:attachment":[{"href":"https:\/\/bien-etreiris.ch\/de\/wp-json\/wp\/v2\/media?parent=56020"}],"curies":[{"name":"wp","href":"https:\/\/api.w.org\/{rel}","templated":true}]}}