{"id":55787,"date":"2022-04-24T15:22:13","date_gmt":"2022-04-24T13:22:13","guid":{"rendered":"https:\/\/bien-etreiris.ch\/produktpraesentation\/naturliche-kosmetik\/gesicht-koerper\/applications-cutanees\/"},"modified":"2022-06-04T14:34:42","modified_gmt":"2022-06-04T12:34:42","slug":"hautapplikationen","status":"publish","type":"page","link":"https:\/\/bien-etreiris.ch\/de\/produktpraesentation\/natuerliche-kosmetik\/gesicht-koerper\/hautapplikationen\/","title":{"rendered":"HAUTAPPLIKATIONEN"},"content":{"rendered":"\n<h2>Hautapplikationen mit AbraCaDabra<\/h2>\n\n\n\n<h4 class=\"subheadline\">Pflanzenpulver mit nat\u00fcrlichen Mineralien f\u00fcr die Zubereitung basischer Hautapplikationen<\/h4>\n<p><a href=\"https:\/\/bien-etreiris.ch\/wp-content\/uploads\/2022\/04\/AbraCaDabra-1.png\"><img loading=\"lazy\" decoding=\"async\" class=\"wp-image-55491 size-full alignleft\" src=\"https:\/\/bien-etreiris.ch\/wp-content\/uploads\/2022\/04\/AbraCaDabra-1.png\" alt=\"\" width=\"400\" height=\"538\" srcset=\"https:\/\/bien-etreiris.ch\/wp-content\/uploads\/2022\/04\/AbraCaDabra-1.png 400w, https:\/\/bien-etreiris.ch\/wp-content\/uploads\/2022\/04\/AbraCaDabra-1-223x300.png 223w\" sizes=\"auto, (max-width: 400px) 100vw, 400px\" \/><\/a><\/p>\n<p>&nbsp;<\/p>\n<p>&nbsp;<\/p>\n<p>&nbsp;<\/p>\n<p>&nbsp;<\/p>\n<p>&nbsp;<\/p>\n<p>&nbsp;<\/p>\n<ul style=\"list-style-type: disc;\">\n<li>\n<ul class=\"list-with-checkmark\" style=\"list-style-type: disc;\">\n<li>zertifizierte Naturkosmetik<\/li>\n<li>ohne Farb-, Duft-, und Konservierungsstoffe<\/li>\n<li>pflanzliche Bestandteile aus kbA<\/li>\n<li>energiereiche basenbildende Mineralstoffe<\/li>\n<li>f\u00fcr sensible Haut geeignet<\/li>\n<li>in der Dose oder im Filterbeutel<\/li>\n<\/ul>\n<\/li>\n<\/ul>\n<p>&nbsp;<\/p>\n<p>&nbsp;<\/p>\n<table class=\"table-with-borders\" style=\"width: 64.161%; height: 80px;\" data-tablesaw-mode=\"stack\">\n<tbody>\n<tr>\n<td class=\"value\" style=\"width: 37.6427%;\">600 g Dose, Pulver lose<\/td>\n<td class=\"text\" style=\"width: 31.1617%;\">100 Anwendungen<\/td>\n<td class=\"text\" style=\"width: 84.4165%;\"><strong>CHF&nbsp; <br><\/strong><\/td>\n<\/tr>\n<tr>\n<td class=\"value\" style=\"width: 37.6427%;\">10 Filterbeutel \u00e0 1,5 g<\/td>\n<td class=\"text\" style=\"width: 31.1617%;\">10 Anwendungen<\/td>\n<td class=\"text\" style=\"width: 84.4165%;\"><strong>CHF&nbsp; <br><\/strong><\/td>\n<\/tr>\n<tr>\n<td class=\"value\" style=\"width: 37.6427%;\">24 Filterbeutel \u00e0 1,5 g<\/td>\n<td class=\"text\" style=\"width: 31.1617%;\">24 Anwendungen<\/td>\n<td class=\"text\" style=\"width: 84.4165%;\"><strong>CHF&nbsp; <br><\/strong><\/td>\n<\/tr>\n<\/tbody>\n<\/table>\n<p>&nbsp;<\/p>\n<p>&nbsp;<\/p>\n<p>&nbsp;<\/p>\n<p>&nbsp;<\/p>\n<div class=\"product-body\">\n<p>AbraCaDabra ist ein veganes Kosmetikpulver aus erlesenen hautpflegenden und hautsch\u00fctzenden vermahlenen Pflanzen sowie energiereichen nat\u00fcrlichen und basenbildenden Mineralien. Ein wesentlicher Bestandteil von AbraCaDabra ist das Pulver von Wei\u00dfkohlbl\u00e4ttern. Zu diesen griffen schon die Alten R\u00f6mer, wenn sie sich bei gesundheitlichen Problemen nicht mehr zu helfen wussten.<\/p>\n<p>Die wertvollen Mineralien und Natron haben unter anderem neutralisierende und schadstoffabsorbierende Eigenschaften. Gr\u00fcnkern, Mandeln und ausgew\u00e4hlte Kr\u00e4uter wie zum Beispiel Schafgarbe und Ringelblume runden die Rezeptur ab. Die einzigartige Kombination aus basischen, vitamin- und mineralstoffreichen Bestandteilen mit einem pH-Wert von 8,5 bringt ein unvergleichliches regenerierendes Hauterlebnis. AbraCaDabra unterst\u00fctzt zudem auf ganz nat\u00fcrliche Weise bei Hautirritationen und -problemen.<\/p>\n<\/div>\n<p>&nbsp;<\/p>\n<p>&nbsp;<\/p>\n<p>&nbsp;<\/p>\n<section class=\"container themenwelt-one-column\">\n<h2 class=\"word-wrap \">Anwendung <span class=\"subheadline\">von AbraCaDabra<\/span><\/h2>\n<h2 class=\"word-wrap \"><span class=\"subheadline\">&nbsp;<\/span><\/h2>\n<a href=\"https:\/\/bien-etreiris.ch\/wp-content\/uploads\/2022\/06\/Preparation-d\u2018AbraCaDabra.jpg\"><img loading=\"lazy\" decoding=\"async\" class=\"alignnone wp-image-55768 size-full\" src=\"https:\/\/bien-etreiris.ch\/wp-content\/uploads\/2022\/06\/Preparation-d\u2018AbraCaDabra.jpg\" alt=\"\" width=\"1024\" height=\"234\" srcset=\"https:\/\/bien-etreiris.ch\/wp-content\/uploads\/2022\/06\/Preparation-d\u2018AbraCaDabra.jpg 1024w, https:\/\/bien-etreiris.ch\/wp-content\/uploads\/2022\/06\/Preparation-d\u2018AbraCaDabra-300x69.jpg 300w, https:\/\/bien-etreiris.ch\/wp-content\/uploads\/2022\/06\/Preparation-d\u2018AbraCaDabra-768x176.jpg 768w\" sizes=\"auto, (max-width: 1024px) 100vw, 1024px\" \/><\/a><br>\n<ol>\n<li>\n<p>Einen geh\u00e4uften Teel\u00f6ffel (ca. 6 g) AbraCaDabra in einen <strong>Abra-Appli-Ca<\/strong>-Filterbeutel einf\u00fcllen.<\/p>\n<\/li>\n<li>\n<p>Den Filterbeutel verschlie\u00dfen, in der Waagerechten halten und AbraCaDabra gleichm\u00e4\u00dfig \u00fcber die gesamte Fl\u00e4che des Filterbeutels verteilen.<\/p>\n<\/li>\n<li>\n<p>Den gef\u00fcllten Filterbeutel auf einen flachen Teller legen und mit vier Teel\u00f6ffeln (ca. 12 g) kochendem Wasser vollst\u00e4ndig betr\u00e4ufeln \/ \u00fcbergie\u00dfen, sodass AbraCaDabra in dem Filterbeutel gleichm\u00e4\u00dfig durchfeuchtet ist.<\/p>\n<\/li>\n<li>\n<p>Den auf K\u00f6rpertemperatur abgek\u00fchlten Filterbeutel auf die betroffene Hautstelle applizieren und bei Bedarf mit unseren <strong>AlkaWear Textilien<\/strong> (z. B. <strong>Basischer Hals- und StirnWickel, BasischeStulpen <\/strong>etc.), mit einem Fixierband oder einer Mullkompresse fixieren.<\/p>\n<\/li>\n<li>\n<p>Mindestens 20 \u2013 30 Minuten oder l\u00e4nger, gegebenenfalls \u00fcber Nacht, einwirken lassen.<\/p>\n<\/li>\n<\/ol>\n<p>Den Filterbeutel inklusive Inhalt bitte nach der einmaligen Anwendung in der Biotonne entsorgen. Die Textilien zur Fixierung m\u00fcssen nach der Anwendung gem\u00e4\u00df Waschanleitung bei h\u00f6chster Temperatur gewaschen werden.&nbsp;<\/p>\n<\/section>\n<p>&nbsp;<\/p>\n<h2>Anwendungen mit <span class=\"subheadline\">AbraCaDabra<\/span><\/h2>\n<p>AbraCaDabra kann auf verschiedene Weise angewendet werden, z. B. f\u00fcr Massagen und Packungen, als Applikation oder als Vorbereitung auf weitere Behandlungen. AbraCaDabra pflegt, aktiviert und vitalisiert Ihre Haut und Ihren K\u00f6rper. Hinweis: F\u00fcr die Zubereitung der homogenen AbraCaDabra-Paste ben\u00f6tigen Sie SkalPuro mit seinen tiefenreinigenden Inhaltstoffen.<\/p>\n<p>&nbsp;<\/p>\n<h4><a href=\"https:\/\/bien-etreiris.ch\/wp-content\/uploads\/2022\/04\/pied.jpg\"><img loading=\"lazy\" decoding=\"async\" class=\"size-full wp-image-55485 alignleft\" src=\"https:\/\/bien-etreiris.ch\/wp-content\/uploads\/2022\/04\/pied.jpg\" alt=\"\" width=\"257\" height=\"257\" srcset=\"https:\/\/bien-etreiris.ch\/wp-content\/uploads\/2022\/04\/pied.jpg 257w, https:\/\/bien-etreiris.ch\/wp-content\/uploads\/2022\/04\/pied-150x150.jpg 150w\" sizes=\"auto, (max-width: 257px) 100vw, 257px\" \/><\/a><\/h4>\n<p>&nbsp;<\/p>\n<div class=\"content\">\n<div class=\"content\">\n<h4>Kombiniert mit BasischeStulpen<\/h4>\n<div>\n<p>Den mit AbraCaDabra gef\u00fcllten und abgek\u00fchlten Filterbeutel auf die zu behandelnde K\u00f6rperstelle auflegen. Zum Fixieren sind <strong>BasischeStulpen<\/strong> besonders geeignet. Dieser Begleiter passt sich ideal den Bewegungen an und unterst\u00fctzt, mit <strong>MeineBase<\/strong> getr\u00e4nkt, die Ausscheidungsfunktion der Haut.<\/p>\n<\/div>\n<\/div>\n<\/div>\n<p>&nbsp;<\/p>\n<p>&nbsp;<\/p>\n<p>&nbsp;<\/p>\n<div class=\"content\">\n<div>\n<p>&nbsp;<\/p>\n<\/div>\n<\/div>\n<hr>\n<div><a href=\"https:\/\/bien-etreiris.ch\/wp-content\/uploads\/2022\/04\/Masque.jpg\"><img loading=\"lazy\" decoding=\"async\" class=\"size-full wp-image-55482 alignleft\" src=\"https:\/\/bien-etreiris.ch\/wp-content\/uploads\/2022\/04\/Masque.jpg\" alt=\"\" width=\"257\" height=\"257\" srcset=\"https:\/\/bien-etreiris.ch\/wp-content\/uploads\/2022\/04\/Masque.jpg 257w, https:\/\/bien-etreiris.ch\/wp-content\/uploads\/2022\/04\/Masque-150x150.jpg 150w\" sizes=\"auto, (max-width: 257px) 100vw, 257px\" \/><\/a><\/div>\n<p>&nbsp;<\/p>\n<div>\n<div class=\"content\">\n<div class=\"content\">\n<h4>Gesichtsmaske<\/h4>\n<div>\n<p>Die Haut im Gesicht und Dekollet\u00e9-Bereich sollte besonders sanft und intensiv gepflegt werden. Eine vorab durchgef\u00fchrte EnergieB\u00fcrsten-Massage vitalisiert die Haut noch zus\u00e4tzlich. AbraCaDabra versorgt, pflegt und erfrischt die Haut.<\/p>\n<p><strong>Ideale Mischung<\/strong>: 30 ml (Messl\u00f6ffeleinheit) AbraCaDabra, 60 ml kochender <strong>7x7 Kr\u00e4uterTee <\/strong>und 15 ml <strong>SkalPuro,<\/strong> Paste auf K\u00f6rpertemperatur abk\u00fchlen lassen.<\/p>\n<\/div>\n<\/div>\n<br>\n<p>&nbsp;<\/p>\n<p>&nbsp;<\/p>\n<hr>\n<p><a href=\"https:\/\/bien-etreiris.ch\/wp-content\/uploads\/2022\/06\/main.jpg\"><img loading=\"lazy\" decoding=\"async\" class=\"size-full wp-image-55773 alignleft\" src=\"https:\/\/bien-etreiris.ch\/wp-content\/uploads\/2022\/06\/main.jpg\" alt=\"\" width=\"257\" height=\"257\" srcset=\"https:\/\/bien-etreiris.ch\/wp-content\/uploads\/2022\/06\/main.jpg 257w, https:\/\/bien-etreiris.ch\/wp-content\/uploads\/2022\/06\/main-150x150.jpg 150w\" sizes=\"auto, (max-width: 257px) 100vw, 257px\" \/><\/a><\/p>\n<\/div>\n<\/div>\n<p>&nbsp;<\/p>\n<div>\n<div class=\"content\">\n<h4>Handpackung<\/h4>\n<div>\n<p>Unsere H\u00e4nde werden im Alltag stark beansprucht, darum bed\u00fcrfen sie besonderer Pflege. AbraCaDabra verj\u00fcngt mit seinen wertvollen Inhaltsstoffen das Hautbild und unterst\u00fctzt die Regenerierung. Die AbraCaDabra-Handpackung ist eine Wohltat f\u00fcr jede Hand.<\/p>\n<p><strong>Ideale Mischung<\/strong>: 30 ml (Messl\u00f6ffeleinheit) AbraCaDabra, 60 ml kochender <strong>7x7 Kr\u00e4uterTee<\/strong> und 15 ml <strong>SkalPuro<\/strong>, Paste auf K\u00f6rpertemperatur abk\u00fchlen lassen.<\/p>\n<\/div>\n<\/div>\n<\/div>\n<p>&nbsp;<\/p>\n<p>&nbsp;<\/p>\n<hr>\n<p><a href=\"https:\/\/bien-etreiris.ch\/wp-content\/uploads\/2022\/04\/Genoux.jpg\"><img loading=\"lazy\" decoding=\"async\" class=\"size-full wp-image-55479 alignleft\" src=\"https:\/\/bien-etreiris.ch\/wp-content\/uploads\/2022\/04\/Genoux.jpg\" alt=\"\" width=\"257\" height=\"257\" srcset=\"https:\/\/bien-etreiris.ch\/wp-content\/uploads\/2022\/04\/Genoux.jpg 257w, https:\/\/bien-etreiris.ch\/wp-content\/uploads\/2022\/04\/Genoux-150x150.jpg 150w\" sizes=\"auto, (max-width: 257px) 100vw, 257px\" \/><\/a><\/p>\n<p>&nbsp;<\/p>\n<div class=\"content\">\n<div class=\"content\">\n<h4>Problemzone Knie<\/h4>\n<div>\n<p>Den mit AbraCaDabra gef\u00fcllten und abgek\u00fchlten Filterbeutel auflegen. Fixieren Sie den Filterbeutel idealerweise mit unserem bew\u00e4hrten Hals- und StirnWickel. Der flexible Wickel aus unserem feinen Mullstoff schmiegt sich den Bewegungen an. Weitere Anwendungsm\u00f6glichkeiten sind z. B. die Fixierung an Armen, Ober- und Unterschenkeln sowie an Hals und Stirn.<\/p>\n<\/div>\n<\/div>\n<\/div>\n","protected":false},"excerpt":{"rendered":"<p>Hautapplikationen mit AbraCaDabra Pflanzenpulver mit nat\u00fcrlichen Mineralien f\u00fcr die Zubereitung basischer Hautapplikationen &nbsp; &nbsp; &nbsp; &nbsp; &nbsp; &nbsp; zertifizierte Naturkosmetik ohne Farb-, Duft-, und Konservierungsstoffe pflanzliche Bestandteile aus kbA energiereiche basenbildende Mineralstoffe f\u00fcr sensible Haut geeignet in der Dose oder im Filterbeutel &nbsp; &nbsp; 600 g Dose, Pulver lose 100 Anwendungen CHF&nbsp; 10 Filterbeutel \u00e0 1,5 g 10 Anwendungen CHF&nbsp;&nbsp;<a href=\"https:\/\/bien-etreiris.ch\/de\/produktpraesentation\/natuerliche-kosmetik\/gesicht-koerper\/hautapplikationen\/\" class=\"read-more\">Weiter lesen<\/a><\/p>\n","protected":false},"author":1,"featured_media":55478,"parent":42505,"menu_order":4884,"comment_status":"closed","ping_status":"closed","template":"page-with-child.php","meta":{"_acf_changed":false,"ngg_post_thumbnail":0,"footnotes":""},"class_list":["post-55787","page","type-page","status-publish","has-post-thumbnail","hentry"],"acf":[],"yoast_head":"<!-- This site is optimized with the Yoast SEO plugin v27.5 - https:\/\/yoast.com\/product\/yoast-seo-wordpress\/ -->\n<title>HAUTAPPLIKATIONEN - WOHLBEFINDEN<\/title>\n<meta name=\"robots\" content=\"index, follow, max-snippet:-1, max-image-preview:large, max-video-preview:-1\" \/>\n<link rel=\"canonical\" href=\"https:\/\/bien-etreiris.ch\/de\/produktpraesentation\/natuerliche-kosmetik\/gesicht-koerper\/hautapplikationen\/\" \/>\n<meta property=\"og:locale\" content=\"de_DE\" \/>\n<meta property=\"og:type\" content=\"article\" \/>\n<meta property=\"og:title\" content=\"HAUTAPPLIKATIONEN - WOHLBEFINDEN\" \/>\n<meta property=\"og:description\" content=\"Hautapplikationen mit AbraCaDabra Pflanzenpulver mit nat\u00fcrlichen Mineralien f\u00fcr die Zubereitung basischer Hautapplikationen &nbsp; &nbsp; &nbsp; &nbsp; &nbsp; &nbsp; zertifizierte Naturkosmetik ohne Farb-, Duft-, und Konservierungsstoffe pflanzliche Bestandteile aus kbA energiereiche basenbildende Mineralstoffe f\u00fcr sensible Haut geeignet in der Dose oder im Filterbeutel &nbsp; &nbsp; 600 g Dose, Pulver lose 100 Anwendungen CHF&nbsp; 10 Filterbeutel \u00e0 1,5 g 10 Anwendungen CHF&nbsp;&nbsp;Weiter lesen\" \/>\n<meta property=\"og:url\" content=\"https:\/\/bien-etreiris.ch\/de\/produktpraesentation\/natuerliche-kosmetik\/gesicht-koerper\/hautapplikationen\/\" \/>\n<meta property=\"og:site_name\" content=\"WOHLBEFINDEN\" \/>\n<meta property=\"article:publisher\" content=\"https:\/\/www.facebook.com\/bienetreiris\/\" \/>\n<meta property=\"article:modified_time\" content=\"2022-06-04T12:34:42+00:00\" \/>\n<meta property=\"og:image\" content=\"https:\/\/bien-etreiris.ch\/wp-content\/uploads\/2022\/04\/Acceuil-AbraCaDabra.jpg\" \/>\n\t<meta property=\"og:image:width\" content=\"500\" \/>\n\t<meta property=\"og:image:height\" content=\"334\" \/>\n\t<meta property=\"og:image:type\" content=\"image\/jpeg\" \/>\n<meta name=\"twitter:label1\" content=\"Gesch\u00e4tzte Lesezeit\" \/>\n\t<meta name=\"twitter:data1\" content=\"5\u00a0Minuten\" \/>\n<script type=\"application\/ld+json\" class=\"yoast-schema-graph\">{\"@context\":\"https:\\\/\\\/schema.org\",\"@graph\":[{\"@type\":\"WebPage\",\"@id\":\"https:\\\/\\\/bien-etreiris.ch\\\/de\\\/produktpraesentation\\\/natuerliche-kosmetik\\\/gesicht-koerper\\\/hautapplikationen\\\/\",\"url\":\"https:\\\/\\\/bien-etreiris.ch\\\/de\\\/produktpraesentation\\\/natuerliche-kosmetik\\\/gesicht-koerper\\\/hautapplikationen\\\/\",\"name\":\"HAUTAPPLIKATIONEN - WOHLBEFINDEN\",\"isPartOf\":{\"@id\":\"https:\\\/\\\/bien-etreiris.ch\\\/de\\\/#website\"},\"primaryImageOfPage\":{\"@id\":\"https:\\\/\\\/bien-etreiris.ch\\\/de\\\/produktpraesentation\\\/natuerliche-kosmetik\\\/gesicht-koerper\\\/hautapplikationen\\\/#primaryimage\"},\"image\":{\"@id\":\"https:\\\/\\\/bien-etreiris.ch\\\/de\\\/produktpraesentation\\\/natuerliche-kosmetik\\\/gesicht-koerper\\\/hautapplikationen\\\/#primaryimage\"},\"thumbnailUrl\":\"https:\\\/\\\/bien-etreiris.ch\\\/wp-content\\\/uploads\\\/2022\\\/04\\\/Acceuil-AbraCaDabra.jpg\",\"datePublished\":\"2022-04-24T13:22:13+00:00\",\"dateModified\":\"2022-06-04T12:34:42+00:00\",\"breadcrumb\":{\"@id\":\"https:\\\/\\\/bien-etreiris.ch\\\/de\\\/produktpraesentation\\\/natuerliche-kosmetik\\\/gesicht-koerper\\\/hautapplikationen\\\/#breadcrumb\"},\"inLanguage\":\"de\",\"potentialAction\":[{\"@type\":\"ReadAction\",\"target\":[\"https:\\\/\\\/bien-etreiris.ch\\\/de\\\/produktpraesentation\\\/natuerliche-kosmetik\\\/gesicht-koerper\\\/hautapplikationen\\\/\"]}]},{\"@type\":\"ImageObject\",\"inLanguage\":\"de\",\"@id\":\"https:\\\/\\\/bien-etreiris.ch\\\/de\\\/produktpraesentation\\\/natuerliche-kosmetik\\\/gesicht-koerper\\\/hautapplikationen\\\/#primaryimage\",\"url\":\"https:\\\/\\\/bien-etreiris.ch\\\/wp-content\\\/uploads\\\/2022\\\/04\\\/Acceuil-AbraCaDabra.jpg\",\"contentUrl\":\"https:\\\/\\\/bien-etreiris.ch\\\/wp-content\\\/uploads\\\/2022\\\/04\\\/Acceuil-AbraCaDabra.jpg\",\"width\":500,\"height\":334},{\"@type\":\"BreadcrumbList\",\"@id\":\"https:\\\/\\\/bien-etreiris.ch\\\/de\\\/produktpraesentation\\\/natuerliche-kosmetik\\\/gesicht-koerper\\\/hautapplikationen\\\/#breadcrumb\",\"itemListElement\":[{\"@type\":\"ListItem\",\"position\":1,\"name\":\"Home\",\"item\":\"https:\\\/\\\/bien-etreiris.ch\\\/de\\\/\"},{\"@type\":\"ListItem\",\"position\":2,\"name\":\"PRODUKTPR\u00c4SENTATION\",\"item\":\"https:\\\/\\\/bien-etreiris.ch\\\/de\\\/produktpraesentation\\\/\"},{\"@type\":\"ListItem\",\"position\":3,\"name\":\"NAT\u00dcRLICHE KOSMETIK\",\"item\":\"https:\\\/\\\/bien-etreiris.ch\\\/de\\\/produktpraesentation\\\/natuerliche-kosmetik\\\/\"},{\"@type\":\"ListItem\",\"position\":4,\"name\":\"GESICHT &#038; K\u00d6RPER\",\"item\":\"https:\\\/\\\/bien-etreiris.ch\\\/de\\\/produktpraesentation\\\/natuerliche-kosmetik\\\/gesicht-koerper\\\/\"},{\"@type\":\"ListItem\",\"position\":5,\"name\":\"HAUTAPPLIKATIONEN\"}]},{\"@type\":\"WebSite\",\"@id\":\"https:\\\/\\\/bien-etreiris.ch\\\/de\\\/#website\",\"url\":\"https:\\\/\\\/bien-etreiris.ch\\\/de\\\/\",\"name\":\"Bien-\u00eatre Iris\",\"description\":\"IHRE Gesundheit ist uns wichtig\",\"potentialAction\":[{\"@type\":\"SearchAction\",\"target\":{\"@type\":\"EntryPoint\",\"urlTemplate\":\"https:\\\/\\\/bien-etreiris.ch\\\/de\\\/?s={search_term_string}\"},\"query-input\":{\"@type\":\"PropertyValueSpecification\",\"valueRequired\":true,\"valueName\":\"search_term_string\"}}],\"inLanguage\":\"de\"}]}<\/script>\n<!-- \/ Yoast SEO plugin. -->","yoast_head_json":{"title":"HAUTAPPLIKATIONEN - WOHLBEFINDEN","robots":{"index":"index","follow":"follow","max-snippet":"max-snippet:-1","max-image-preview":"max-image-preview:large","max-video-preview":"max-video-preview:-1"},"canonical":"https:\/\/bien-etreiris.ch\/de\/produktpraesentation\/natuerliche-kosmetik\/gesicht-koerper\/hautapplikationen\/","og_locale":"de_DE","og_type":"article","og_title":"HAUTAPPLIKATIONEN - WOHLBEFINDEN","og_description":"Hautapplikationen mit AbraCaDabra Pflanzenpulver mit nat\u00fcrlichen Mineralien f\u00fcr die Zubereitung basischer Hautapplikationen &nbsp; &nbsp; &nbsp; &nbsp; &nbsp; &nbsp; zertifizierte Naturkosmetik ohne Farb-, Duft-, und Konservierungsstoffe pflanzliche Bestandteile aus kbA energiereiche basenbildende Mineralstoffe f\u00fcr sensible Haut geeignet in der Dose oder im Filterbeutel &nbsp; &nbsp; 600 g Dose, Pulver lose 100 Anwendungen CHF&nbsp; 10 Filterbeutel \u00e0 1,5 g 10 Anwendungen CHF&nbsp;&nbsp;Weiter lesen","og_url":"https:\/\/bien-etreiris.ch\/de\/produktpraesentation\/natuerliche-kosmetik\/gesicht-koerper\/hautapplikationen\/","og_site_name":"WOHLBEFINDEN","article_publisher":"https:\/\/www.facebook.com\/bienetreiris\/","article_modified_time":"2022-06-04T12:34:42+00:00","og_image":[{"width":500,"height":334,"url":"https:\/\/bien-etreiris.ch\/wp-content\/uploads\/2022\/04\/Acceuil-AbraCaDabra.jpg","type":"image\/jpeg"}],"twitter_misc":{"Gesch\u00e4tzte Lesezeit":"5\u00a0Minuten"},"schema":{"@context":"https:\/\/schema.org","@graph":[{"@type":"WebPage","@id":"https:\/\/bien-etreiris.ch\/de\/produktpraesentation\/natuerliche-kosmetik\/gesicht-koerper\/hautapplikationen\/","url":"https:\/\/bien-etreiris.ch\/de\/produktpraesentation\/natuerliche-kosmetik\/gesicht-koerper\/hautapplikationen\/","name":"HAUTAPPLIKATIONEN - WOHLBEFINDEN","isPartOf":{"@id":"https:\/\/bien-etreiris.ch\/de\/#website"},"primaryImageOfPage":{"@id":"https:\/\/bien-etreiris.ch\/de\/produktpraesentation\/natuerliche-kosmetik\/gesicht-koerper\/hautapplikationen\/#primaryimage"},"image":{"@id":"https:\/\/bien-etreiris.ch\/de\/produktpraesentation\/natuerliche-kosmetik\/gesicht-koerper\/hautapplikationen\/#primaryimage"},"thumbnailUrl":"https:\/\/bien-etreiris.ch\/wp-content\/uploads\/2022\/04\/Acceuil-AbraCaDabra.jpg","datePublished":"2022-04-24T13:22:13+00:00","dateModified":"2022-06-04T12:34:42+00:00","breadcrumb":{"@id":"https:\/\/bien-etreiris.ch\/de\/produktpraesentation\/natuerliche-kosmetik\/gesicht-koerper\/hautapplikationen\/#breadcrumb"},"inLanguage":"de","potentialAction":[{"@type":"ReadAction","target":["https:\/\/bien-etreiris.ch\/de\/produktpraesentation\/natuerliche-kosmetik\/gesicht-koerper\/hautapplikationen\/"]}]},{"@type":"ImageObject","inLanguage":"de","@id":"https:\/\/bien-etreiris.ch\/de\/produktpraesentation\/natuerliche-kosmetik\/gesicht-koerper\/hautapplikationen\/#primaryimage","url":"https:\/\/bien-etreiris.ch\/wp-content\/uploads\/2022\/04\/Acceuil-AbraCaDabra.jpg","contentUrl":"https:\/\/bien-etreiris.ch\/wp-content\/uploads\/2022\/04\/Acceuil-AbraCaDabra.jpg","width":500,"height":334},{"@type":"BreadcrumbList","@id":"https:\/\/bien-etreiris.ch\/de\/produktpraesentation\/natuerliche-kosmetik\/gesicht-koerper\/hautapplikationen\/#breadcrumb","itemListElement":[{"@type":"ListItem","position":1,"name":"Home","item":"https:\/\/bien-etreiris.ch\/de\/"},{"@type":"ListItem","position":2,"name":"PRODUKTPR\u00c4SENTATION","item":"https:\/\/bien-etreiris.ch\/de\/produktpraesentation\/"},{"@type":"ListItem","position":3,"name":"NAT\u00dcRLICHE KOSMETIK","item":"https:\/\/bien-etreiris.ch\/de\/produktpraesentation\/natuerliche-kosmetik\/"},{"@type":"ListItem","position":4,"name":"GESICHT &#038; K\u00d6RPER","item":"https:\/\/bien-etreiris.ch\/de\/produktpraesentation\/natuerliche-kosmetik\/gesicht-koerper\/"},{"@type":"ListItem","position":5,"name":"HAUTAPPLIKATIONEN"}]},{"@type":"WebSite","@id":"https:\/\/bien-etreiris.ch\/de\/#website","url":"https:\/\/bien-etreiris.ch\/de\/","name":"Bien-\u00eatre Iris","description":"IHRE Gesundheit ist uns wichtig","potentialAction":[{"@type":"SearchAction","target":{"@type":"EntryPoint","urlTemplate":"https:\/\/bien-etreiris.ch\/de\/?s={search_term_string}"},"query-input":{"@type":"PropertyValueSpecification","valueRequired":true,"valueName":"search_term_string"}}],"inLanguage":"de"}]}},"_links":{"self":[{"href":"https:\/\/bien-etreiris.ch\/de\/wp-json\/wp\/v2\/pages\/55787","targetHints":{"allow":["GET"]}}],"collection":[{"href":"https:\/\/bien-etreiris.ch\/de\/wp-json\/wp\/v2\/pages"}],"about":[{"href":"https:\/\/bien-etreiris.ch\/de\/wp-json\/wp\/v2\/types\/page"}],"author":[{"embeddable":true,"href":"https:\/\/bien-etreiris.ch\/de\/wp-json\/wp\/v2\/users\/1"}],"replies":[{"embeddable":true,"href":"https:\/\/bien-etreiris.ch\/de\/wp-json\/wp\/v2\/comments?post=55787"}],"version-history":[{"count":5,"href":"https:\/\/bien-etreiris.ch\/de\/wp-json\/wp\/v2\/pages\/55787\/revisions"}],"predecessor-version":[{"id":55796,"href":"https:\/\/bien-etreiris.ch\/de\/wp-json\/wp\/v2\/pages\/55787\/revisions\/55796"}],"up":[{"embeddable":true,"href":"https:\/\/bien-etreiris.ch\/de\/wp-json\/wp\/v2\/pages\/42505"}],"wp:featuredmedia":[{"embeddable":true,"href":"https:\/\/bien-etreiris.ch\/de\/wp-json\/wp\/v2\/media\/55478"}],"wp:attachment":[{"href":"https:\/\/bien-etreiris.ch\/de\/wp-json\/wp\/v2\/media?parent=55787"}],"curies":[{"name":"wp","href":"https:\/\/api.w.org\/{rel}","templated":true}]}}