{"id":55336,"date":"2022-01-12T09:12:12","date_gmt":"2022-01-12T07:12:12","guid":{"rendered":"https:\/\/bien-etreiris.ch\/?page_id=55336"},"modified":"2022-01-12T09:17:43","modified_gmt":"2022-01-12T07:17:43","slug":"papayakerne","status":"publish","type":"page","link":"https:\/\/bien-etreiris.ch\/de\/produktpraesentation\/natuerliche-heilmittel\/verdauung-transit-flora\/papayakerne\/","title":{"rendered":"PAPAYAKERNE"},"content":{"rendered":"\n<h2>BIO Papayakerne<\/h2>\n<h2><strong><a href=\"https:\/\/bien-etreiris.ch\/wp-content\/uploads\/2022\/01\/graines-de-papaya.jpg\"><img loading=\"lazy\" decoding=\"async\" class=\"wp-image-55332 alignleft\" src=\"https:\/\/bien-etreiris.ch\/wp-content\/uploads\/2022\/01\/graines-de-papaya-300x300.jpg\" alt=\"\" width=\"339\" height=\"339\" srcset=\"https:\/\/bien-etreiris.ch\/wp-content\/uploads\/2022\/01\/graines-de-papaya-300x300.jpg 300w, https:\/\/bien-etreiris.ch\/wp-content\/uploads\/2022\/01\/graines-de-papaya-150x150.jpg 150w, https:\/\/bien-etreiris.ch\/wp-content\/uploads\/2022\/01\/graines-de-papaya.jpg 600w\" sizes=\"auto, (max-width: 339px) 100vw, 339px\" \/><\/a><\/strong><br><br><\/h2>\n<p>&nbsp;<\/p>\n<p><strong>Gesund &amp; Leben<\/strong><\/p>\n<p>BIO Papayakerne<br><br><\/p>\n<p>30 g CHF 14.90<\/p>\n<p>Trocken lagern !<\/p>\n<p>&nbsp;<\/p>\n<h4><br>Allergene<\/h4>\n<p>nicht enthalten,nicht enthalten,nicht enthalten,nicht enthalten,nicht enthalten,nicht enthalten<\/p>\n<h4><br>Mindesthaltbarkeitsdatum<\/h4>\n<p>Das Mindesthaltbarkeitsdatum des aktuellen Bestands ist der 01.08.2024 oder sp\u00e4ter.<\/p>\n<h4>Nahrungserg\u00e4nzungsmittel<\/h4>\n<ul style=\"list-style-type: disc;\">\n<li>Keine deklarationspflichtigen Zusatzstoffe<\/li>\n<li>Achten Sie auf eine ausgewogene und abwechslungsreiche Ern\u00e4hrung und eine gute Gesundheit!<\/li>\n<li>Au\u00dferhalb der Reichweite von Kindern aufbewahren<\/li>\n<\/ul>\n","protected":false},"excerpt":{"rendered":"<p>BIO Papayakerne &nbsp; Gesund &amp; Leben BIO Papayakerne 30 g CHF 14.90 Trocken lagern ! &nbsp; Allergene nicht enthalten,nicht enthalten,nicht enthalten,nicht enthalten,nicht enthalten,nicht enthalten Mindesthaltbarkeitsdatum Das Mindesthaltbarkeitsdatum des aktuellen Bestands ist der 01.08.2024 oder sp\u00e4ter. Nahrungserg\u00e4nzungsmittel Keine deklarationspflichtigen Zusatzstoffe Achten Sie auf eine ausgewogene und abwechslungsreiche Ern\u00e4hrung und eine gute Gesundheit! Au\u00dferhalb der Reichweite von Kindern aufbewahren<\/p>\n","protected":false},"author":1,"featured_media":55339,"parent":39197,"menu_order":4891,"comment_status":"closed","ping_status":"closed","template":"page-with-child.php","meta":{"_acf_changed":false,"ngg_post_thumbnail":0,"footnotes":""},"class_list":["post-55336","page","type-page","status-publish","has-post-thumbnail","hentry"],"acf":[],"yoast_head":"<!-- This site is optimized with the Yoast SEO plugin v27.5 - https:\/\/yoast.com\/product\/yoast-seo-wordpress\/ -->\n<title>PAPAYAKERNE - WOHLBEFINDEN<\/title>\n<meta name=\"robots\" content=\"index, follow, max-snippet:-1, max-image-preview:large, max-video-preview:-1\" \/>\n<link rel=\"canonical\" href=\"https:\/\/bien-etreiris.ch\/de\/produktpraesentation\/natuerliche-heilmittel\/verdauung-transit-flora\/papayakerne\/\" \/>\n<meta property=\"og:locale\" content=\"de_DE\" \/>\n<meta property=\"og:type\" content=\"article\" \/>\n<meta property=\"og:title\" content=\"PAPAYAKERNE - WOHLBEFINDEN\" \/>\n<meta property=\"og:description\" content=\"BIO Papayakerne &nbsp; Gesund &amp; Leben BIO Papayakerne 30 g CHF 14.90 Trocken lagern ! &nbsp; Allergene nicht enthalten,nicht enthalten,nicht enthalten,nicht enthalten,nicht enthalten,nicht enthalten Mindesthaltbarkeitsdatum Das Mindesthaltbarkeitsdatum des aktuellen Bestands ist der 01.08.2024 oder sp\u00e4ter. Nahrungserg\u00e4nzungsmittel Keine deklarationspflichtigen Zusatzstoffe Achten Sie auf eine ausgewogene und abwechslungsreiche Ern\u00e4hrung und eine gute Gesundheit! Au\u00dferhalb der Reichweite von Kindern aufbewahren\" \/>\n<meta property=\"og:url\" content=\"https:\/\/bien-etreiris.ch\/de\/produktpraesentation\/natuerliche-heilmittel\/verdauung-transit-flora\/papayakerne\/\" \/>\n<meta property=\"og:site_name\" content=\"WOHLBEFINDEN\" \/>\n<meta property=\"article:publisher\" content=\"https:\/\/www.facebook.com\/bienetreiris\/\" \/>\n<meta property=\"article:modified_time\" content=\"2022-01-12T07:17:43+00:00\" \/>\n<meta property=\"og:image\" content=\"https:\/\/bien-etreiris.ch\/wp-content\/uploads\/2022\/01\/acceuil-graines-de-papaya.jpg\" \/>\n\t<meta property=\"og:image:width\" content=\"550\" \/>\n\t<meta property=\"og:image:height\" content=\"367\" \/>\n\t<meta property=\"og:image:type\" content=\"image\/jpeg\" \/>\n<meta name=\"twitter:label1\" content=\"Gesch\u00e4tzte Lesezeit\" \/>\n\t<meta name=\"twitter:data1\" content=\"1\u00a0Minute\" \/>\n<script type=\"application\/ld+json\" class=\"yoast-schema-graph\">{\"@context\":\"https:\\\/\\\/schema.org\",\"@graph\":[{\"@type\":\"WebPage\",\"@id\":\"https:\\\/\\\/bien-etreiris.ch\\\/de\\\/produktpraesentation\\\/natuerliche-heilmittel\\\/verdauung-transit-flora\\\/papayakerne\\\/\",\"url\":\"https:\\\/\\\/bien-etreiris.ch\\\/de\\\/produktpraesentation\\\/natuerliche-heilmittel\\\/verdauung-transit-flora\\\/papayakerne\\\/\",\"name\":\"PAPAYAKERNE - WOHLBEFINDEN\",\"isPartOf\":{\"@id\":\"https:\\\/\\\/bien-etreiris.ch\\\/de\\\/#website\"},\"primaryImageOfPage\":{\"@id\":\"https:\\\/\\\/bien-etreiris.ch\\\/de\\\/produktpraesentation\\\/natuerliche-heilmittel\\\/verdauung-transit-flora\\\/papayakerne\\\/#primaryimage\"},\"image\":{\"@id\":\"https:\\\/\\\/bien-etreiris.ch\\\/de\\\/produktpraesentation\\\/natuerliche-heilmittel\\\/verdauung-transit-flora\\\/papayakerne\\\/#primaryimage\"},\"thumbnailUrl\":\"https:\\\/\\\/bien-etreiris.ch\\\/wp-content\\\/uploads\\\/2022\\\/01\\\/acceuil-graines-de-papaya.jpg\",\"datePublished\":\"2022-01-12T07:12:12+00:00\",\"dateModified\":\"2022-01-12T07:17:43+00:00\",\"breadcrumb\":{\"@id\":\"https:\\\/\\\/bien-etreiris.ch\\\/de\\\/produktpraesentation\\\/natuerliche-heilmittel\\\/verdauung-transit-flora\\\/papayakerne\\\/#breadcrumb\"},\"inLanguage\":\"de\",\"potentialAction\":[{\"@type\":\"ReadAction\",\"target\":[\"https:\\\/\\\/bien-etreiris.ch\\\/de\\\/produktpraesentation\\\/natuerliche-heilmittel\\\/verdauung-transit-flora\\\/papayakerne\\\/\"]}]},{\"@type\":\"ImageObject\",\"inLanguage\":\"de\",\"@id\":\"https:\\\/\\\/bien-etreiris.ch\\\/de\\\/produktpraesentation\\\/natuerliche-heilmittel\\\/verdauung-transit-flora\\\/papayakerne\\\/#primaryimage\",\"url\":\"https:\\\/\\\/bien-etreiris.ch\\\/wp-content\\\/uploads\\\/2022\\\/01\\\/acceuil-graines-de-papaya.jpg\",\"contentUrl\":\"https:\\\/\\\/bien-etreiris.ch\\\/wp-content\\\/uploads\\\/2022\\\/01\\\/acceuil-graines-de-papaya.jpg\",\"width\":550,\"height\":367},{\"@type\":\"BreadcrumbList\",\"@id\":\"https:\\\/\\\/bien-etreiris.ch\\\/de\\\/produktpraesentation\\\/natuerliche-heilmittel\\\/verdauung-transit-flora\\\/papayakerne\\\/#breadcrumb\",\"itemListElement\":[{\"@type\":\"ListItem\",\"position\":1,\"name\":\"Home\",\"item\":\"https:\\\/\\\/bien-etreiris.ch\\\/de\\\/\"},{\"@type\":\"ListItem\",\"position\":2,\"name\":\"PRODUKTPR\u00c4SENTATION\",\"item\":\"https:\\\/\\\/bien-etreiris.ch\\\/de\\\/produktpraesentation\\\/\"},{\"@type\":\"ListItem\",\"position\":3,\"name\":\"NAT\u00dcRLICHE HEILMITTEL\",\"item\":\"https:\\\/\\\/bien-etreiris.ch\\\/de\\\/produktpraesentation\\\/natuerliche-heilmittel\\\/\"},{\"@type\":\"ListItem\",\"position\":4,\"name\":\"VERDAUUNG-TRANSIT-FLORA\",\"item\":\"https:\\\/\\\/bien-etreiris.ch\\\/de\\\/produktpraesentation\\\/natuerliche-heilmittel\\\/verdauung-transit-flora\\\/\"},{\"@type\":\"ListItem\",\"position\":5,\"name\":\"PAPAYAKERNE\"}]},{\"@type\":\"WebSite\",\"@id\":\"https:\\\/\\\/bien-etreiris.ch\\\/de\\\/#website\",\"url\":\"https:\\\/\\\/bien-etreiris.ch\\\/de\\\/\",\"name\":\"Bien-\u00eatre Iris\",\"description\":\"IHRE Gesundheit ist uns wichtig\",\"potentialAction\":[{\"@type\":\"SearchAction\",\"target\":{\"@type\":\"EntryPoint\",\"urlTemplate\":\"https:\\\/\\\/bien-etreiris.ch\\\/de\\\/?s={search_term_string}\"},\"query-input\":{\"@type\":\"PropertyValueSpecification\",\"valueRequired\":true,\"valueName\":\"search_term_string\"}}],\"inLanguage\":\"de\"}]}<\/script>\n<!-- \/ Yoast SEO plugin. -->","yoast_head_json":{"title":"PAPAYAKERNE - WOHLBEFINDEN","robots":{"index":"index","follow":"follow","max-snippet":"max-snippet:-1","max-image-preview":"max-image-preview:large","max-video-preview":"max-video-preview:-1"},"canonical":"https:\/\/bien-etreiris.ch\/de\/produktpraesentation\/natuerliche-heilmittel\/verdauung-transit-flora\/papayakerne\/","og_locale":"de_DE","og_type":"article","og_title":"PAPAYAKERNE - WOHLBEFINDEN","og_description":"BIO Papayakerne &nbsp; Gesund &amp; Leben BIO Papayakerne 30 g CHF 14.90 Trocken lagern ! &nbsp; Allergene nicht enthalten,nicht enthalten,nicht enthalten,nicht enthalten,nicht enthalten,nicht enthalten Mindesthaltbarkeitsdatum Das Mindesthaltbarkeitsdatum des aktuellen Bestands ist der 01.08.2024 oder sp\u00e4ter. Nahrungserg\u00e4nzungsmittel Keine deklarationspflichtigen Zusatzstoffe Achten Sie auf eine ausgewogene und abwechslungsreiche Ern\u00e4hrung und eine gute Gesundheit! Au\u00dferhalb der Reichweite von Kindern aufbewahren","og_url":"https:\/\/bien-etreiris.ch\/de\/produktpraesentation\/natuerliche-heilmittel\/verdauung-transit-flora\/papayakerne\/","og_site_name":"WOHLBEFINDEN","article_publisher":"https:\/\/www.facebook.com\/bienetreiris\/","article_modified_time":"2022-01-12T07:17:43+00:00","og_image":[{"width":550,"height":367,"url":"https:\/\/bien-etreiris.ch\/wp-content\/uploads\/2022\/01\/acceuil-graines-de-papaya.jpg","type":"image\/jpeg"}],"twitter_misc":{"Gesch\u00e4tzte Lesezeit":"1\u00a0Minute"},"schema":{"@context":"https:\/\/schema.org","@graph":[{"@type":"WebPage","@id":"https:\/\/bien-etreiris.ch\/de\/produktpraesentation\/natuerliche-heilmittel\/verdauung-transit-flora\/papayakerne\/","url":"https:\/\/bien-etreiris.ch\/de\/produktpraesentation\/natuerliche-heilmittel\/verdauung-transit-flora\/papayakerne\/","name":"PAPAYAKERNE - WOHLBEFINDEN","isPartOf":{"@id":"https:\/\/bien-etreiris.ch\/de\/#website"},"primaryImageOfPage":{"@id":"https:\/\/bien-etreiris.ch\/de\/produktpraesentation\/natuerliche-heilmittel\/verdauung-transit-flora\/papayakerne\/#primaryimage"},"image":{"@id":"https:\/\/bien-etreiris.ch\/de\/produktpraesentation\/natuerliche-heilmittel\/verdauung-transit-flora\/papayakerne\/#primaryimage"},"thumbnailUrl":"https:\/\/bien-etreiris.ch\/wp-content\/uploads\/2022\/01\/acceuil-graines-de-papaya.jpg","datePublished":"2022-01-12T07:12:12+00:00","dateModified":"2022-01-12T07:17:43+00:00","breadcrumb":{"@id":"https:\/\/bien-etreiris.ch\/de\/produktpraesentation\/natuerliche-heilmittel\/verdauung-transit-flora\/papayakerne\/#breadcrumb"},"inLanguage":"de","potentialAction":[{"@type":"ReadAction","target":["https:\/\/bien-etreiris.ch\/de\/produktpraesentation\/natuerliche-heilmittel\/verdauung-transit-flora\/papayakerne\/"]}]},{"@type":"ImageObject","inLanguage":"de","@id":"https:\/\/bien-etreiris.ch\/de\/produktpraesentation\/natuerliche-heilmittel\/verdauung-transit-flora\/papayakerne\/#primaryimage","url":"https:\/\/bien-etreiris.ch\/wp-content\/uploads\/2022\/01\/acceuil-graines-de-papaya.jpg","contentUrl":"https:\/\/bien-etreiris.ch\/wp-content\/uploads\/2022\/01\/acceuil-graines-de-papaya.jpg","width":550,"height":367},{"@type":"BreadcrumbList","@id":"https:\/\/bien-etreiris.ch\/de\/produktpraesentation\/natuerliche-heilmittel\/verdauung-transit-flora\/papayakerne\/#breadcrumb","itemListElement":[{"@type":"ListItem","position":1,"name":"Home","item":"https:\/\/bien-etreiris.ch\/de\/"},{"@type":"ListItem","position":2,"name":"PRODUKTPR\u00c4SENTATION","item":"https:\/\/bien-etreiris.ch\/de\/produktpraesentation\/"},{"@type":"ListItem","position":3,"name":"NAT\u00dcRLICHE HEILMITTEL","item":"https:\/\/bien-etreiris.ch\/de\/produktpraesentation\/natuerliche-heilmittel\/"},{"@type":"ListItem","position":4,"name":"VERDAUUNG-TRANSIT-FLORA","item":"https:\/\/bien-etreiris.ch\/de\/produktpraesentation\/natuerliche-heilmittel\/verdauung-transit-flora\/"},{"@type":"ListItem","position":5,"name":"PAPAYAKERNE"}]},{"@type":"WebSite","@id":"https:\/\/bien-etreiris.ch\/de\/#website","url":"https:\/\/bien-etreiris.ch\/de\/","name":"Bien-\u00eatre Iris","description":"IHRE Gesundheit ist uns wichtig","potentialAction":[{"@type":"SearchAction","target":{"@type":"EntryPoint","urlTemplate":"https:\/\/bien-etreiris.ch\/de\/?s={search_term_string}"},"query-input":{"@type":"PropertyValueSpecification","valueRequired":true,"valueName":"search_term_string"}}],"inLanguage":"de"}]}},"_links":{"self":[{"href":"https:\/\/bien-etreiris.ch\/de\/wp-json\/wp\/v2\/pages\/55336","targetHints":{"allow":["GET"]}}],"collection":[{"href":"https:\/\/bien-etreiris.ch\/de\/wp-json\/wp\/v2\/pages"}],"about":[{"href":"https:\/\/bien-etreiris.ch\/de\/wp-json\/wp\/v2\/types\/page"}],"author":[{"embeddable":true,"href":"https:\/\/bien-etreiris.ch\/de\/wp-json\/wp\/v2\/users\/1"}],"replies":[{"embeddable":true,"href":"https:\/\/bien-etreiris.ch\/de\/wp-json\/wp\/v2\/comments?post=55336"}],"version-history":[{"count":2,"href":"https:\/\/bien-etreiris.ch\/de\/wp-json\/wp\/v2\/pages\/55336\/revisions"}],"predecessor-version":[{"id":55344,"href":"https:\/\/bien-etreiris.ch\/de\/wp-json\/wp\/v2\/pages\/55336\/revisions\/55344"}],"up":[{"embeddable":true,"href":"https:\/\/bien-etreiris.ch\/de\/wp-json\/wp\/v2\/pages\/39197"}],"wp:featuredmedia":[{"embeddable":true,"href":"https:\/\/bien-etreiris.ch\/de\/wp-json\/wp\/v2\/media\/55339"}],"wp:attachment":[{"href":"https:\/\/bien-etreiris.ch\/de\/wp-json\/wp\/v2\/media?parent=55336"}],"curies":[{"name":"wp","href":"https:\/\/api.w.org\/{rel}","templated":true}]}}